{"id":54262,"date":"2024-11-27T02:03:05","date_gmt":"2024-11-27T07:03:05","guid":{"rendered":"https:\/\/www.sisinternational.com\/?page_id=54262"},"modified":"2026-01-26T18:54:05","modified_gmt":"2026-01-26T23:54:05","slug":"einzelhandelsprodukttests-in-new-york","status":"publish","type":"page","link":"https:\/\/www.sisinternational.com\/de\/sachverstand\/produkttests-marktforschung\/einzelhandelsprodukttests-in-new-york\/","title":{"rendered":"Einzelhandels-Produkttests in New York"},"content":{"rendered":"<h1 class=\"wp-block-heading\">Einzelhandels-Produkttests in New York<\/h1>\n\n\n\n<p><\/p>\n\n\n\n<figure class=\"gb-block-image gb-block-image-59ea15d5\"><img loading=\"lazy\" decoding=\"async\" width=\"1456\" height=\"816\" class=\"gb-image gb-image-59ea15d5\" src=\"https:\/\/www.sisinternational.com\/wp-content\/uploads\/2025\/08\/Retail-22.jpg\" alt=\"SIS International Marktforschung &amp; Strategie\" title=\"Retail (22)\" srcset=\"https:\/\/www.sisinternational.com\/wp-content\/uploads\/2025\/08\/Retail-22.jpg 1456w, https:\/\/www.sisinternational.com\/wp-content\/uploads\/2025\/08\/Retail-22-300x168.jpg 300w, https:\/\/www.sisinternational.com\/wp-content\/uploads\/2025\/08\/Retail-22-1024x574.jpg 1024w, https:\/\/www.sisinternational.com\/wp-content\/uploads\/2025\/08\/Retail-22-768x430.jpg 768w, https:\/\/www.sisinternational.com\/wp-content\/uploads\/2025\/08\/Retail-22-18x10.jpg 18w\" sizes=\"auto, (max-width: 1456px) 100vw, 1456px\"><\/figure>\n\n\n\n<hr class=\"wp-block-separator has-alpha-channel-opacity is-style-dots\"\/>\n\n\n\n<h3 class=\"wp-block-heading\">Produkttests im Einzelhandel in New York sind nicht nur eine Option \u2013 sie sind f\u00fcr Unternehmen, die auf diesem dynamischen und wettbewerbsintensiven Markt erfolgreich sein wollen, notwendig.<\/h3>\n\n\n\n<p><span style=\"font-weight: 400;\">Wie kann Ihr Unternehmen sicherstellen, dass seine Produkte bei einer der vielf\u00e4ltigsten Verbrauchergruppen der Welt Anklang finden? Einzelhandelsprodukttests in New York bieten beispiellose Einblicke, um Ihr Angebot zu verfeinern und Markterfolg zu garantieren.<\/span><\/p>\n\n\n\n<h2 class=\"wp-block-heading\"><strong>Warum New York das ideale Testgel\u00e4nde ist<\/strong><\/h2>\n\n\n\n<p><span style=\"font-weight: 400;\"><a href=\"https:\/\/sisaisolutions.com\/application-of-ai-in-retail\/\" target=\"_blank\" rel=\"noopener\">Retail product testing<\/a> in New York allows businesses to gather insights from this diverse population, ensuring their products appeal to a broad audience. What succeeds in New York often sets the tone for broader market success \u2013 and retail trends that originate here frequently influence national and international markets.&nbsp;<\/span><\/p>\n\n\n\n<p><span style=\"font-weight: 400;\">Furthermore, each borough in New <a href=\"https:\/\/www.sisinternational.com\/de\/losungen\/geschmackstest\/geschmackstesteinrichtungen-in-new-york\/\" title=\"Geschmackstesteinrichtungen in New York\" data-wpil-monitor-id=\"7124\">York presents unique opportunities for testing<\/a>. Manhattan\u2019s fast-paced environment is ideal for gauging the appeal of <a href=\"https:\/\/www.sisinternational.com\/de\/mystery-shopping-for-luxury-products\/\" title=\"Mystery Shopping for Luxury Products\" data-wpil-monitor-id=\"1272\">luxury and innovative products<\/a>. Brooklyn\u2019s creative culture supports the testing of artisanal and trend-focused items. Meanwhile, Queens provides access to ethnically diverse consumers, Staten Island offers insights into suburban preferences, and the Bronx highlights opportunities in underserved urban markets.<\/span><\/p>\n\n\n\n<h2 class=\"wp-block-heading\"><strong>Schl\u00fcsselkomponenten f\u00fcr effektive Produkttests im Einzelhandel<\/strong><\/h2>\n\n\n\n<figure class=\"gb-block-image gb-block-image-df48b267\"><img loading=\"lazy\" decoding=\"async\" width=\"1456\" height=\"816\" class=\"gb-image gb-image-df48b267\" src=\"https:\/\/www.sisinternational.com\/wp-content\/uploads\/2025\/08\/Retail-6.jpg\" alt=\"SIS International Marktforschung &amp; Strategie\" title=\"Retail (6)\" srcset=\"https:\/\/www.sisinternational.com\/wp-content\/uploads\/2025\/08\/Retail-6.jpg 1456w, https:\/\/www.sisinternational.com\/wp-content\/uploads\/2025\/08\/Retail-6-300x168.jpg 300w, https:\/\/www.sisinternational.com\/wp-content\/uploads\/2025\/08\/Retail-6-1024x574.jpg 1024w, https:\/\/www.sisinternational.com\/wp-content\/uploads\/2025\/08\/Retail-6-768x430.jpg 768w, https:\/\/www.sisinternational.com\/wp-content\/uploads\/2025\/08\/Retail-6-18x10.jpg 18w\" sizes=\"auto, (max-width: 1456px) 100vw, 1456px\"><\/figure>\n\n\n\n<p><\/p>\n\n\n\n<p><span style=\"font-weight: 400;\">Um den gr\u00f6\u00dftm\u00f6glichen Nutzen aus diesen Tests zu ziehen, m\u00fcssen sich Unternehmen auf mehrere Schl\u00fcsselkomponenten konzentrieren, die zu aussagekr\u00e4ftigen Ergebnissen f\u00fchren.<\/span><\/p>\n\n\n\n<ul class=\"wp-block-list\">\n<li><b>Einsatz von Fokusgruppen und Umfragen<\/b><b><br><\/b><span style=\"font-weight: 400;\">Mithilfe dieser Methoden k\u00f6nnen Unternehmen qualitatives und quantitatives Feedback von einer vielf\u00e4ltigen Gruppe von Verbrauchern sammeln. Von Meinungen zur Verpackung bis hin zur Produktfunktionalit\u00e4t helfen diese Erkenntnisse Unternehmen dabei, ihre Angebote an die Erwartungen der Verbraucher anzupassen.<\/span><\/li>\n\n\n\n<li><b>Durchf\u00fchren von Experimenten im Gesch\u00e4ft<\/b><b><br><\/b><span style=\"font-weight: 400;\">Mithilfe dieser Experimente k\u00f6nnen Unternehmen das Verbraucherverhalten in Echtzeit beobachten und Produktplatzierung, Attraktivit\u00e4t der Verpackung und Preisstrategien beurteilen.\u00a0<\/span><\/li>\n\n\n\n<li><b>Daten zur Produktverbesserung nutzen<\/b><b><br><\/b><span style=\"font-weight: 400;\">The insights gathered through retail <a href=\"https:\/\/www.sisinternational.com\/de\/losungen\/qualitative-quantitative-forschungslosungen\/der-vorteil-von-produkttests-in-new-york-gegenuber-la\/\" title=\"Der Vorteil von Produkttests in New York gegen\u00fcber LA\" data-wpil-monitor-id=\"1593\">Produkt<\/a> testing in New York must be analyzed and used to refine products.\u00a0<\/span><\/li>\n\n\n\n<li><b>Anpassung an lokale Trends<\/b><b><br><\/b><span style=\"font-weight: 400;\">Successful testing involves incorporating these trends into product development. Retail product testing in New <a href=\"https:\/\/www.sisinternational.com\/de\/kundenzufriedenheitsanalyse\/\" title=\"8 M\u00f6glichkeiten zur Steigerung der Kundenzufriedenheit im Einzelhandel\" data-wpil-monitor-id=\"5455\">York helps businesses stay ahead of consumer<\/a> preferences, from sustainable packaging to tech-integrated solutions.<\/span><\/li>\n<\/ul>\n\n\n\n<h2 class=\"wp-block-heading\"><strong>Wer nutzt Einzelhandelsprodukttests in New York?<\/strong><\/h2>\n\n\n\n<p>Einzelhandelsprodukttests in New York ziehen viele Unternehmen und Organisationen an, die wertvolle Verbrauchereinblicke gewinnen und sicherstellen m\u00f6chten, dass ihre Produkte auf dem wettbewerbsintensiven Markt erfolgreich sind. Im Folgenden sind einige der wichtigsten Gruppen aufgef\u00fchrt, die diese Dienste nutzen:<\/p>\n\n\n\n<p><strong>1. Konsumg\u00fcterhersteller<\/strong><br>Von Haushaltsartikeln bis hin zu K\u00f6rperpflegeprodukten verlassen sich Hersteller von Konsumg\u00fctern auf Produkttests im Einzelhandel, um ihr Angebot zu verfeinern. Indem sie ihre Produkte in New York testen, erreichen diese Unternehmen eine vielf\u00e4ltige Verbraucherbasis und k\u00f6nnen so sicherstellen, dass ihre Produkte vor einer gro\u00df angelegten Markteinf\u00fchrung den Anforderungen eines breiten Publikums entsprechen.<\/p>\n\n\n\n<p><strong>2. Lebensmittel- und Getr\u00e4nkeunternehmen<\/strong><br>Food and beverage brands often use <a href=\"https:\/\/www.sisinternational.com\/de\/brand-audit-in-new-york-the-complete-guide-to-strengthening-your-brand\/\" title=\"Brand Audit in New York: The Complete Guide to Strengthening Your Brand\" data-wpil-monitor-id=\"1366\">retail product testing<\/a> in New York to assess taste, packaging, and market appeal. With the city\u2019s diverse demographics, companies can evaluate how their products resonate with various cultural and dietary preferences, optimizing them for broader market success.<\/p>\n\n\n\n<p><strong>3. Mode- und Bekleidungsmarken<\/strong><br>Mode- und Bekleidungsunternehmen nutzen h\u00e4ufig Produkttests im Einzelhandel, um die Reaktionen der Verbraucher auf neue Kollektionen oder innovative Designs zu bewerten. New Yorks Position als Modezentrum macht die Stadt zu einem idealen Ort, um Erkenntnisse von trendbewussten Verbrauchern zu sammeln.<\/p>\n\n\n\n<p><strong>4. Technologie- und Elektronikunternehmen<\/strong><br>Technologieunternehmen testen Produkte wie Gadgets, Haushaltsger\u00e4te und Smart-Ger\u00e4te im Einzelhandel, um Benutzerfeedback zu Funktionalit\u00e4t, Design und Benutzerfreundlichkeit zu erhalten. Die technisch versierte Bev\u00f6lkerung New Yorks liefert wertvolle Einblicke, die Marken dabei helfen, ihre Angebote zu optimieren.<\/p>\n\n\n\n<p><strong>5. Startups und Unternehmer<\/strong><br>Startups und Unternehmer nutzen Einzelhandelsprodukttests in New York, um ihre Produktkonzepte zu validieren, bevor sie die Produktion skalieren. Diese Tests helfen kleineren Unternehmen, datengesteuerte Entscheidungen zu treffen, Risiken zu minimieren und die Erfolgswahrscheinlichkeit auf dem wettbewerbsintensiven Markt zu erh\u00f6hen.<\/p>\n\n\n\n<p><strong>6. Einzelhandelsketten und Superm\u00e4rkte<\/strong><br>Einzelhandelsketten und Superm\u00e4rkte testen Eigenmarkenprodukte, um sicherzustellen, dass sie den Erwartungen der Kunden entsprechen. Diese Unternehmen verlassen sich auf Produkttests, um hohe Standards einzuhalten und das Vertrauen der Kunden zu gewinnen.<\/p>\n\n\n\n<p><strong>7. Marketing- und Werbeagenturen<\/strong><br>Agencies involved in product launches use <a href=\"https:\/\/www.sisinternational.com\/de\/rabatte-bei-super-luxus-einzelhandlern\/\" title=\"Rabatte bei Luxush\u00e4ndlern\" data-wpil-monitor-id=\"2091\">retail product testing to refine marketing strategies<\/a> and ensure messaging aligns with consumer preferences.&nbsp;<\/p>\n\n\n\n<h2 class=\"wp-block-heading\"><strong>Herausforderungen und L\u00f6sungen f\u00fcr Einzelhandelsprodukttests in New York<\/strong><\/h2>\n\n\n\n<figure class=\"gb-block-image gb-block-image-540b4a2b\"><img loading=\"lazy\" decoding=\"async\" width=\"1456\" height=\"816\" class=\"gb-image gb-image-540b4a2b\" src=\"https:\/\/www.sisinternational.com\/wp-content\/uploads\/2025\/08\/Retail-17.jpg\" alt=\"SIS International Marktforschung &amp; Strategie\" title=\"Retail (17)\" srcset=\"https:\/\/www.sisinternational.com\/wp-content\/uploads\/2025\/08\/Retail-17.jpg 1456w, https:\/\/www.sisinternational.com\/wp-content\/uploads\/2025\/08\/Retail-17-300x168.jpg 300w, https:\/\/www.sisinternational.com\/wp-content\/uploads\/2025\/08\/Retail-17-1024x574.jpg 1024w, https:\/\/www.sisinternational.com\/wp-content\/uploads\/2025\/08\/Retail-17-768x430.jpg 768w, https:\/\/www.sisinternational.com\/wp-content\/uploads\/2025\/08\/Retail-17-18x10.jpg 18w\" sizes=\"auto, (max-width: 1456px) 100vw, 1456px\"><\/figure>\n\n\n\n<p><\/p>\n\n\n\n<p><span style=\"font-weight: 400;\">W\u00e4hrend das Testen von Einzelhandelsprodukten in New York beispiellose M\u00f6glichkeiten bietet, bringt es auch einzigartige Herausforderungen mit sich, die Unternehmen bew\u00e4ltigen m\u00fcssen, um erfolgreich zu sein.&nbsp;<\/span><\/p>\n\n\n\n<h3 class=\"wp-block-heading\"><span style=\"font-weight: 400;\">Navigieren in einem starken Wettbewerbsumfeld<\/span><\/h3>\n\n\n\n<p><span style=\"font-weight: 400;\">New York ist einer der wettbewerbsintensivsten Einzelhandelsm\u00e4rkte der Welt. Marken stehen vor der Herausforderung, sich in einem \u00fcberf\u00fcllten Marktumfeld hervorzuheben. Gl\u00fccklicherweise helfen Einzelhandelsprodukttests in New York den Unternehmen dabei, ihre Produkte zu optimieren, um sie an die Vorlieben der Verbraucher anzupassen und sich von der Konkurrenz abzuheben.&nbsp;<\/span><\/p>\n\n\n\n<h3 class=\"wp-block-heading\"><span style=\"font-weight: 400;\">Bew\u00e4ltigung logistischer Komplexit\u00e4ten<\/span><\/h3>\n\n\n\n<p><span style=\"font-weight: 400;\">New York\u2019s urban environment presents logistical challenges, such as limited space for testing and high operating costs. Retail <a href=\"https:\/\/www.sisinternational.com\/de\/sachverstand\/branchen\/kosmetikmarktforschung\/testen-von-duften-und-korperpflegeprodukten-in-new-york\/\" title=\"Der strategische Vorteil von Tests f\u00fcr D\u00fcfte und K\u00f6rperpflegeprodukte in New York\" data-wpil-monitor-id=\"1888\">product testing in New York requires careful<\/a> planning to optimize resources.&nbsp;<\/span><\/p>\n\n\n\n<h3 class=\"wp-block-heading\"><span style=\"font-weight: 400;\">Anpassung an sich rasch \u00e4ndernde Trends<\/span><\/h3>\n\n\n\n<p><span style=\"font-weight: 400;\">Aufgrund der Schnelllebigkeit des New Yorker Marktes k\u00f6nnen sich Trends fast \u00fcber Nacht \u00e4ndern. Einzelhandelsprodukttests in New York erm\u00f6glichen es Unternehmen, flexibel zu bleiben und ihre Produkte an die sich \u00e4ndernden Verbraucheranforderungen anzupassen.&nbsp;<\/span><\/p>\n\n\n\n<\/p>\n<h3 class=\"wp-block-heading\"><strong>Standort: New York City<\/strong><\/h3>\n<p>\n\n\n\n<iframe loading=\"lazy\" src=\"https:\/\/www.google.com\/maps\/embed?pb=!1m18!1m12!1m3!1d3022.976188376966!2d-73.99130312499956!3d40.740549471389315!2m3!1f0!2f0!3f0!3m2!1i1024!2i768!4f13.1!3m3!1m2!1s0x89c259a15798c731%3A0xd695d09bdd495f25!2s11%20E%2022nd%20St%20FL%202%2C%20New%20York%2C%20NY%2010010%2C%20USA!5e0!3m2!1sen!2spe!4v1726171763526!5m2!1sen!2spe\" width=\"600\" height=\"450\" allowfullscreen=\"allowfullscreen\" data-mce-fragment=\"1\"><\/iframe>\n\n\n\n<\/p>\n<p>\u00a0<\/p>\n<p>\n\n\n\n<\/p>\n<h3 class=\"wp-block-heading\">11 E 22nd Street, Floor 2, New York, NY 10010 T: +1(212) 505-6805<\/h3>\n<p>\n\n\n\n<\/p>\n<h4 class=\"wp-block-heading\"><strong>Standort-Highlights:<\/strong><\/h4>\n<p>\n\n\n\n<\/p>\n<ul class=\"wp-block-list\">\n\n<li>Flatiron District in Manhattan, nur wenige Schritte vom historischen Flatiron Building entfernt und in der N\u00e4he des Madison Square Park und des Union Square<\/li>\n\n \n\n<li>Zentral gelegen im Herzen von New York City, einer bedeutenden Weltstadt und der gr\u00f6\u00dften Stadt der Vereinigten Staaten<\/li>\n\n \n\n<li>Bequem zu zahlreichen Transportm\u00f6glichkeiten<\/li>\n\n \n\n<li>Liegt zwischen Broadway und Park Avenue in der 22. Stra\u00dfe, neben der \u201eKey Bank\u201c<\/li>\n\n \n\n<li>Broadway Local R Zug \u2013 22.\/23. Station<\/li>\n\n \n\n<li>Eastside Local 6 Zug - 23rd und Park Ave Station<\/li>\n\n \n\n<li>Westside Local 1 Zug \u2013 23rd und 6th Avenue Station<\/li>\n\n<\/ul>\n<p>\n\n\n<\/p>\n<h2><strong>Was SIS International zu einem der f\u00fchrenden Unternehmen f\u00fcr Produkttests im Einzelhandel in New York macht<\/strong><\/h2>\n<p><span style=\"font-weight: 400;\"><a href=\"https:\/\/www.linkedin.com\/company\/sisinternationalresearch\/\" target=\"_blank\" rel=\"noopener\">SIS International<\/a> ist ein erfahrener Marktf\u00fchrer, der Unternehmen die Tools, Erkenntnisse und das Fachwissen bietet, die sie f\u00fcr ihren Erfolg ben\u00f6tigen. Mit \u00fcber 40 Jahren Erfahrung, einem Engagement f\u00fcr Innovation und einem Fokus auf die Wertsch\u00f6pfung ist SIS International der Partner der Wahl f\u00fcr Marktforschung.<\/span><\/p>\n<h3 style=\"padding-left: 40px;\"><b>\u00dcber 40 Jahre herausragende Marktforschung<\/b><b><br \/><\/b><\/h3>\n<p style=\"padding-left: 40px;\"><span style=\"font-weight: 400;\"><a href=\"https:\/\/twitter.com\/SISIntlResearch\" target=\"_blank\" rel=\"noopener\">SIS<\/a> has been a pioneer in the market research industry for decades. Our deep understanding of New York\u2019s retail landscape enables us to provide businesses with unmatched insights into <a href=\"https:\/\/www.sisinternational.com\/de\/die-neuen-amerikanischen-verbraucher-analyse-trends-fur-us-einzelhandler\/\" title=\"Die neuen amerikanischen Verbraucher \u2013 Analyse: Trends f\u00fcr US-Einzelh\u00e4ndler\" data-wpil-monitor-id=\"2719\">Verbraucher<\/a> behavior and trends.<\/span><\/p>\n<h3 style=\"padding-left: 40px;\"><b>Ma\u00dfgeschneiderte Forschungsl\u00f6sungen f\u00fcr jedes Unternehmen<\/b><\/h3>\n<p style=\"padding-left: 40px;\"><span style=\"font-weight: 400;\">SIS designs customized <a href=\"https:\/\/www.sisinternational.com\/de\/best-practices-im-einzelhandel\/\" title=\"Best Practices im Einzelhandel\" data-wpil-monitor-id=\"2663\">retail product testing strategies<\/a> that address each client&#8217;s unique goals, ensuring actionable and impactful results.<\/span><\/p>\n<h3 style=\"padding-left: 40px;\"><b>Fortschrittliche Tools und Technologien<\/b><\/h3>\n<p style=\"padding-left: 40px;\"><span style=\"font-weight: 400;\">Unsere hochmodernen Tools, darunter KI-gesteuerte Analysen, geografisch ausgerichtete Umfragen und VR-Tests, stellen sicher, dass unsere Kunden die genauesten und relevantesten Daten erhalten. Diese Technologien erm\u00f6glichen es Unternehmen, datengesteuerte Entscheidungen zu treffen, die ihre Einzelhandelsstrategien optimieren.<\/span><\/p>\n<h3 style=\"padding-left: 40px;\"><b>Zugang zur vielf\u00e4ltigen Verbraucherbasis New Yorks<\/b><\/h3>\n<p style=\"padding-left: 40px;\"><span style=\"font-weight: 400;\">Mit einem Netzwerk, das die vielf\u00e4ltige Bev\u00f6lkerungsstruktur New Yorks abdeckt, bietet SIS einen beispiellosen Zugang zu den verschiedenen Verbrauchergruppen der Stadt.\u00a0<\/span><\/p>\n<h3 style=\"padding-left: 40px;\"><b>Die g\u00fcnstigste L\u00f6sung in New York<\/b><b><br \/><\/b><\/h3>\n<p style=\"padding-left: 40px;\"><span style=\"font-weight: 400;\">Bei <a href=\"https:\/\/medium.com\/@sisinternational\/sis-international-c17160da8fac\" target=\"_blank\" rel=\"noopener\">SIS<\/a>Wir sind stolz darauf, der kosteng\u00fcnstigste Marktforschungsanbieter in New York zu sein. Unsere optimierten Prozesse und innovativen Methoden erm\u00f6glichen es uns, hochwertige Produkttestl\u00f6sungen f\u00fcr den Einzelhandel zu einem Preis anzubieten, der zu Ihrem Budget passt.<\/span><\/p>\n<h3 style=\"padding-left: 40px;\"><b>Nachgewiesener Erfolg bei Produkttests im Einzelhandel<\/b><b><br \/><\/b><\/h3>\n<p style=\"padding-left: 40px;\"><span style=\"font-weight: 400;\">Unsere Erfolgsbilanz bei der Unterst\u00fctzung von Unternehmen bei der Weiterentwicklung und Markteinf\u00fchrung erfolgreicher Produkte in New York spricht f\u00fcr sich. Von gro\u00dfen Konzernen bis hin zu aufstrebenden Marken haben wir Kunden aus allen Branchen dabei unterst\u00fctzt, messbare Ergebnisse zu erzielen.<\/span><\/p>\n<h3 style=\"padding-left: 40px;\"><b>Verpflichtung zur Kundenzufriedenheit<\/b><b><br \/><\/b><\/h3>\n<p style=\"padding-left: 40px;\"><span style=\"font-weight: 400;\">Bei SIS steht der Erfolg unserer Kunden an erster Stelle. Unser engagiertes Team arbeitet eng mit jedem Kunden zusammen, um sicherzustellen, dass seine spezifischen Anforderungen erf\u00fcllt werden, und bietet umfassende Unterst\u00fctzung w\u00e4hrend des gesamten Produkttestprozesses im Einzelhandel.<\/span><\/p>\n\n\n<h2 class=\"wp-block-heading\">\u00dcber SIS International<\/h2>\n\n\n\n<p><a href=\"https:\/\/www.sisinternational.com\/de\/\">SIS International<\/a> bietet quantitative, qualitative und strategische Forschung an. Wir liefern Daten, Tools, Strategien, Berichte und Erkenntnisse zur Entscheidungsfindung. Wir f\u00fchren auch Interviews, Umfragen, Fokusgruppen und andere Methoden und Ans\u00e4tze der Marktforschung durch.<a href=\"https:\/\/www.sisinternational.com\/de\/uber-sis-international-research\/contact-sis-international-market-research\/\"> Kontakt<\/a> f\u00fcr Ihr n\u00e4chstes Marktforschungsprojekt.<\/p>\n\n\n\n<hr class=\"wp-block-separator has-alpha-channel-opacity\"\/>\n\n\n\n<p><\/p>","protected":false},"excerpt":{"rendered":"<p>Retail Product Testing in New York Retail product testing in New York isn\u2019t just an option\u2014it\u2019s necessary for businesses that want to thrive in this dynamic and competitive market. How can your business ensure its products resonate with one of the world&#8217;s most diverse consumer bases? Retail product testing in New York offers unparalleled insights &#8230; <a title=\"Einzelhandels-Produkttests in New York\" class=\"read-more\" href=\"https:\/\/www.sisinternational.com\/de\/sachverstand\/produkttests-marktforschung\/einzelhandelsprodukttests-in-new-york\/\" aria-label=\"Mehr Informationen \u00fcber Retail Product Testing in New York\">Weiterlesen \u2026<\/a><\/p>","protected":false},"author":1,"featured_media":62497,"parent":12926,"menu_order":2,"comment_status":"closed","ping_status":"closed","template":"","meta":{"footnotes":""},"class_list":["post-54262","page","type-page","status-publish","has-post-thumbnail"],"_links":{"self":[{"href":"https:\/\/www.sisinternational.com\/de\/wp-json\/wp\/v2\/pages\/54262","targetHints":{"allow":["GET"]}}],"collection":[{"href":"https:\/\/www.sisinternational.com\/de\/wp-json\/wp\/v2\/pages"}],"about":[{"href":"https:\/\/www.sisinternational.com\/de\/wp-json\/wp\/v2\/types\/page"}],"author":[{"embeddable":true,"href":"https:\/\/www.sisinternational.com\/de\/wp-json\/wp\/v2\/users\/1"}],"replies":[{"embeddable":true,"href":"https:\/\/www.sisinternational.com\/de\/wp-json\/wp\/v2\/comments?post=54262"}],"version-history":[{"count":20,"href":"https:\/\/www.sisinternational.com\/de\/wp-json\/wp\/v2\/pages\/54262\/revisions"}],"predecessor-version":[{"id":80687,"href":"https:\/\/www.sisinternational.com\/de\/wp-json\/wp\/v2\/pages\/54262\/revisions\/80687"}],"up":[{"embeddable":true,"href":"https:\/\/www.sisinternational.com\/de\/wp-json\/wp\/v2\/pages\/12926"}],"wp:featuredmedia":[{"embeddable":true,"href":"https:\/\/www.sisinternational.com\/de\/wp-json\/wp\/v2\/media\/62497"}],"wp:attachment":[{"href":"https:\/\/www.sisinternational.com\/de\/wp-json\/wp\/v2\/media?parent=54262"}],"curies":[{"name":"wp","href":"https:\/\/api.w.org\/{rel}","templated":true}]}}