{"id":54219,"date":"2024-11-23T05:06:50","date_gmt":"2024-11-23T10:06:50","guid":{"rendered":"https:\/\/www.sisinternational.com\/?page_id=54219"},"modified":"2026-03-05T23:08:05","modified_gmt":"2026-03-06T04:08:05","slug":"momente-der-wahrheit-marktforschung","status":"publish","type":"page","link":"https:\/\/www.sisinternational.com\/de\/sachverstand\/momente-der-wahrheit-marktforschung\/","title":{"rendered":"Momente der Wahrheit Marktforschung"},"content":{"rendered":"<h1 class=\"wp-block-heading\">Momente der Wahrheit Marktforschung<\/h1>\n\n\n\n<p><\/p>\n\n\n\n<figure class=\"gb-block-image gb-block-image-cf1baa2d\"><img loading=\"lazy\" decoding=\"async\" width=\"1456\" height=\"816\" class=\"gb-image gb-image-cf1baa2d\" src=\"https:\/\/www.sisinternational.com\/wp-content\/uploads\/2025\/08\/Retail-6.jpg\" alt=\"SIS International Marktforschung &amp; Strategie\" title=\"Retail (6)\" srcset=\"https:\/\/www.sisinternational.com\/wp-content\/uploads\/2025\/08\/Retail-6.jpg 1456w, https:\/\/www.sisinternational.com\/wp-content\/uploads\/2025\/08\/Retail-6-300x168.jpg 300w, https:\/\/www.sisinternational.com\/wp-content\/uploads\/2025\/08\/Retail-6-1024x574.jpg 1024w, https:\/\/www.sisinternational.com\/wp-content\/uploads\/2025\/08\/Retail-6-768x430.jpg 768w, https:\/\/www.sisinternational.com\/wp-content\/uploads\/2025\/08\/Retail-6-18x10.jpg 18w\" sizes=\"auto, (max-width: 1456px) 100vw, 1456px\"><\/figure>\n\n\n\n<hr class=\"wp-block-separator has-alpha-channel-opacity is-style-dots\"\/>\n\n\n\n<h3 class=\"wp-block-heading\">Dieser Forschungsansatz erm\u00f6glicht es Unternehmen, zeitnahe und wirkungsvolle Entscheidungen zu treffen, indem er die genauen Momente erkennt, in denen sich die Wahrnehmung der Verbraucher \u00e4ndert. Die Expertise von SIS International stellt sicher, dass die Erkenntnisse mit den neuesten Bed\u00fcrfnissen und Erwartungen des Marktes \u00fcbereinstimmen.<\/h3>\n\n\n\n<p>Was braucht es, um auf dem heutigen schnelllebigen Markt wirkungsvolle Entscheidungen in Echtzeit zu treffen? Wenn Pr\u00e4zision und Einblicke unverzichtbar sind, ist die Marktforschung die L\u00f6sung, auf die sich Top-Marken verlassen. Dieser zielgerichtete Ansatz hilft Unternehmen dabei, kritische Entscheidungsmomente zu erfassen, egal ob sie neue M\u00e4rkte erschlie\u00dfen oder aktuelle Strategien optimieren.<\/p>\n\n\n\n<h2 class=\"wp-block-heading\"><strong>Was ist Moments of Truth-Marktforschung?<\/strong><\/h2>\n\n\n\n<p>Die Marktforschung \u201eMomente der Wahrheit\u201c konzentriert sich auf das Verst\u00e4ndnis der entscheidenden Momente, in denen Verbraucher Entscheidungen treffen, die ihre Erfahrung mit einer Marke pr\u00e4gen. Diese \u201eMomente der Wahrheit\u201c sind die kritischen Punkte in der Customer Journey, die Loyalit\u00e4t, Zufriedenheit und langfristiges Engagement pr\u00e4gen. Dieser Ansatz ist besonders wertvoll f\u00fcr Unternehmen, die einem intensiven Wettbewerb ausgesetzt sind, da das Erkennen subtiler Ver\u00e4nderungen im Kundenverhalten der Schl\u00fcssel zum Erhalt der Relevanz ist. Durch die Analyse dieser Momente bietet SIS International seinen Kunden umsetzbare Strategien, die sich an den Marktanforderungen in Echtzeit orientieren.<\/p>\n\n\n\n<h2 class=\"wp-block-heading\"><strong>Warum ben\u00f6tigen Unternehmen Marktforschung, die Momente der Wahrheit liefert?<\/strong><\/h2>\n\n\n\n<figure class=\"gb-block-image gb-block-image-0132acc8\"><img loading=\"lazy\" decoding=\"async\" width=\"1456\" height=\"816\" class=\"gb-image gb-image-0132acc8\" src=\"https:\/\/www.sisinternational.com\/wp-content\/uploads\/2025\/08\/Retail-15.jpg\" alt=\"SIS International Marktforschung &amp; Strategie\" title=\"Retail (15)\" srcset=\"https:\/\/www.sisinternational.com\/wp-content\/uploads\/2025\/08\/Retail-15.jpg 1456w, https:\/\/www.sisinternational.com\/wp-content\/uploads\/2025\/08\/Retail-15-300x168.jpg 300w, https:\/\/www.sisinternational.com\/wp-content\/uploads\/2025\/08\/Retail-15-1024x574.jpg 1024w, https:\/\/www.sisinternational.com\/wp-content\/uploads\/2025\/08\/Retail-15-768x430.jpg 768w, https:\/\/www.sisinternational.com\/wp-content\/uploads\/2025\/08\/Retail-15-18x10.jpg 18w\" sizes=\"auto, (max-width: 1456px) 100vw, 1456px\"><\/figure>\n\n\n\n<p><\/p>\n\n\n\n<p>Zu verstehen, wann und warum Kunden wichtige Entscheidungen treffen, kann Unternehmen einen erheblichen Wettbewerbsvorteil verschaffen. Deshalb hilft Marktforschung in den entscheidenden Momenten der Wahrheit Unternehmen dabei, diese kritischen Momente zu erkennen und so effektiv auf Verbraucherbed\u00fcrfnisse und Marktanforderungen zu reagieren.&nbsp;<\/p>\n\n\n\n<p>In Branchen mit einem sehr wettbewerbsintensiven Umfeld wie Einzelhandel, Technologie und Finanzen kann ein einziger \u201eMoment der Wahrheit\u201c dar\u00fcber entscheiden, ob ein Kunde einer Marke treu bleibt oder sich nach Alternativen umsieht. Im Technologiesektor zum Beispiel sind Kunden oft von der Auswahl \u00fcberw\u00e4ltigt, und ihre Loyalit\u00e4t kann davon abh\u00e4ngen, wie gut eine Marke ihre Bed\u00fcrfnisse zu bestimmten Zeitpunkten antizipiert und erf\u00fcllt.&nbsp;<\/p>\n\n\n\n<p>Furthermore, this research approach is invaluable for companies operating in diverse global <a href=\"https:\/\/www.sisinternational.com\/de\/abdeckung\/die-amerikaner\/marktforschung-in-lateinamerika-2\/marktforschung-bolivien\/\" title=\"Marktforschung in Bolivien\"  data-wpil-monitor-id=\"4570\">markets<\/a>, where consumer behaviors and expectations vary significantly by region. Moments of truth market research allows businesses to adjust their strategies to resonate with local customer preferences.&nbsp;<\/p>\n\n\n\n<h2 class=\"wp-block-heading\"><strong>Unser aktueller Markt\u00fcberblick und unsere Empfehlungen<\/strong><\/h2>\n\n\n\n<p>Bei SIS International wissen wir, dass Marken zeitnahe Einblicke in diese Momente ben\u00f6tigen, um ihre Strategien effektiv zu gestalten. Unsere Analyse zeigt, dass Unternehmen, die das Verst\u00e4ndnis dieser kritischen Zeitpunkte aktiv priorisieren, eine h\u00f6here Kundenbindung, st\u00e4rkere Markentreue und eine verbesserte Wettbewerbsposition aufweisen. Wir glauben, dass dies Marken in die Lage versetzen kann, datengest\u00fctzte Entscheidungen zu treffen, die bei ihrem Publikum gro\u00dfen Anklang finden und langfristige Loyalit\u00e4t f\u00f6rdern.<\/p>\n\n\n\n<h2 class=\"wp-block-heading\"><strong>Die am st\u00e4rksten wachsenden Segmente<\/strong><\/h2>\n\n\n\n<p>In Moments of Truth-Marktforschungen verzeichnen mehrere Segmente ein rasantes Wachstum aufgrund von Ver\u00e4nderungen im Verbraucherverhalten, technologischen Fortschritten und dem zunehmenden Bedarf an personalisierter Interaktion. Diese Segmente zeichnen sich durch ihre F\u00e4higkeit aus, kritische Verbraucherinteraktionen effektiv zu erfassen und zu analysieren und Marken so dabei zu helfen, sich an einen dynamischen Markt anzupassen.<\/p>\n\n\n<div class=\"wp-block-image\">\n<figure class=\"aligncenter is-resized\"><img decoding=\"async\" src=\"https:\/\/lh7-rt.googleusercontent.com\/docsz\/AD_4nXfw_4bMQc_p31zcmefRTIACprdJle68geUfXxgmTvxwSgMNXvtxeLfPnDMqBV_-ctQJw3tLgh0ToppI6WhK_oN7bkRAK-_kzzXOzKuZZ5fuip_a9vjwuVEW0-q-Lli4z9FLz8qLHQ?key=d2pIYbKk51A57OV7aLKAXom3\" alt=\"SIS International Marktforschung &amp; Strategie\" style=\"width:687px;height:auto\"><\/figure>\n<\/div>\n\n\n<ol class=\"wp-block-list\">\n<li><strong>Analyse der Kundenerfahrung<\/strong> \u2013 Unternehmen investieren stark in Tools zum Verst\u00e4ndnis von Kundeninteraktionen, was dieses Segment zu einem der am schnellsten wachsenden macht.<\/li>\n\n\n\n<li><strong>K\u00fcnstliche Intelligenz und maschinelles Lernen<\/strong> \u2013 Durch KI-gesteuerte Kundendatenanalyse l\u00e4sst sich der \u201eMoment der Wahrheit\u201c genauer erkennen.<\/li>\n\n\n\n<li><strong>Personalisierungsl\u00f6sungen<\/strong> \u2013 Personalisiertes Marketing und Kundenservice sind f\u00fcr die Erfassung entscheidender Momente von entscheidender Bedeutung, insbesondere in Branchen, in denen die Digitalisierung an erster Stelle steht.<\/li>\n\n\n\n<li><strong>Verhaltenssegmentierung<\/strong> \u2013 Das Verst\u00e4ndnis nuancierter Verhaltensmerkmale hilft Marken dabei, die spezifischen Bed\u00fcrfnisse ihrer Zielgruppen zu erkennen.<\/li>\n\n\n\n<li><strong>Pr\u00e4diktive Analytik<\/strong> \u2013 Die Nutzung historischer Daten zur Vorhersage von Verbraucherentscheidungen ist ein wirkungsvolles Instrument f\u00fcr Marken, die proaktiv bleiben m\u00f6chten.<\/li>\n\n\n\n<li><strong>Voice of Customer-Programme<\/strong> \u2013 Programme zur Erfassung von Kundenfeedback helfen Unternehmen, sich auf Echtzeiterkenntnisse aus direkten Interaktionen zu konzentrieren.<\/li>\n\n\n\n<li><strong>Kundenreise-Mapping<\/strong> \u2013 Dieses Segment erm\u00f6glicht es Unternehmen, wichtige Entscheidungspunkte abzubilden und Problempunkte wirksam anzugehen.<\/li>\n\n\n\n<li><strong>Omnichannel-Engagement-Tools<\/strong> \u2013 F\u00fcr Marken wird es zunehmend wichtiger, ein nahtloses Erlebnis \u00fcber mehrere Plattformen hinweg zu gew\u00e4hrleisten.<\/li>\n\n\n\n<li><strong>Modelle zur Abwanderungsvorhersage<\/strong> \u2013 Unternehmen nutzen diese Modelle, um Risikokunden zu identifizieren und Unzufriedenheit fr\u00fchzeitig zu beheben.<\/li>\n\n\n\n<li><strong>Stimmungsanalyse<\/strong> \u2013 Durch die Analyse der Verbraucherstimmung erhalten Marken tiefere Einblicke in emotionale Motivatoren in Momenten der Wahrheit.<\/li>\n<\/ol>\n\n\n\n<h2 class=\"wp-block-heading\"><strong>Regionale Einblicke<\/strong><\/h2>\n\n\n\n<p>In <strong>Nordamerika<\/strong>, drehen sich die Erwartungen der Verbraucher oft um Komfort und Personalisierung. Marken m\u00fcssen Momente priorisieren, die die Customer Journey optimieren, insbesondere im E-Commerce, wo schneller Service und Personalisierung hoch gesch\u00e4tzt werden. Dar\u00fcber hinaus wird Nachhaltigkeit zu einem wichtigen Entscheidungsfaktor, insbesondere bei j\u00fcngeren Verbrauchern.<\/p>\n\n\n\n<p>In <strong>Europa<\/strong>, liegt ein starker Fokus auf Transparenz und ethischem Verhalten, wobei die Kunden gro\u00dfen Wert auf die \u00f6kologische und soziale Verantwortung der Unternehmen legen. F\u00fcr in Europa t\u00e4tige Marken kann die Marktforschung in Momenten der Wahrheit aufzeigen, wie diese Werte die Entscheidungen der Verbraucher beeinflussen, und den Unternehmen dabei helfen, ihre Strategien auf ein gewissenhafteres Publikum auszurichten.<\/p>\n\n\n\n<p><strong>Asien-Pazifik<\/strong> ist eine der dynamischsten Regionen mit einer rasanten Digitalisierung und einer zunehmend technisch versierten Verbraucherbasis. Mobile Momente der Wahrheit sind hier von entscheidender Bedeutung, vor allem weil Verbraucher beim Einkaufen und bei der Markeninteraktion stark auf soziale Medien und mobile Apps angewiesen sind.&nbsp;<\/p>\n\n\n\n<p>In <strong>Lateinamerika<\/strong>, economic factors often play a larger role in consumer decision-making moments. Price sensitivity and value-based purchasing are crucial in these markets, making Moments of Truth <a href=\"https:\/\/www.sisinternational.com\/de\/losungen\/fintech-strategieberatung-forschung\/rohstoffpreis-marktforschung\/\" title=\"Rohstoffpreis-Marktforschung\"  data-wpil-monitor-id=\"5493\">Market Research vital for understanding price<\/a> perception and its influence on brand loyalty.<\/p>\n\n\n\n<h2 class=\"wp-block-heading\"><strong>Chancen f\u00fcr Unternehmen<\/strong><\/h2>\n\n\n\n<figure class=\"gb-block-image gb-block-image-361d6fb0\"><img loading=\"lazy\" decoding=\"async\" width=\"1456\" height=\"816\" class=\"gb-image gb-image-361d6fb0\" src=\"https:\/\/www.sisinternational.com\/wp-content\/uploads\/2025\/09\/Quantitative-research-19.jpg\" alt=\"SIS International Marktforschung &amp; Strategie\" title=\"Quantitative research (19)\" srcset=\"https:\/\/www.sisinternational.com\/wp-content\/uploads\/2025\/09\/Quantitative-research-19.jpg 1456w, https:\/\/www.sisinternational.com\/wp-content\/uploads\/2025\/09\/Quantitative-research-19-300x168.jpg 300w, https:\/\/www.sisinternational.com\/wp-content\/uploads\/2025\/09\/Quantitative-research-19-1024x574.jpg 1024w, https:\/\/www.sisinternational.com\/wp-content\/uploads\/2025\/09\/Quantitative-research-19-768x430.jpg 768w, https:\/\/www.sisinternational.com\/wp-content\/uploads\/2025\/09\/Quantitative-research-19-18x10.jpg 18w\" sizes=\"auto, (max-width: 1456px) 100vw, 1456px\"><\/figure>\n\n\n\n<p><\/p>\n\n\n\n<p>Die Marktforschung zu Momenten der Wahrheit bietet Unternehmen einzigartige M\u00f6glichkeiten, ihr Verst\u00e4ndnis des Kundenverhaltens zu verbessern und ihre Strategien zu verfeinern. Indem Unternehmen Erkenntnisse aus diesen entscheidenden Momenten nutzen, k\u00f6nnen sie T\u00fcren zu Wachstum, Loyalit\u00e4t und Marktdifferenzierung \u00f6ffnen.<\/p>\n\n\n\n<ul class=\"wp-block-list\">\n<li><strong>St\u00e4rkung der Kundentreue<\/strong> \u2013 Unternehmen k\u00f6nnen Erfahrungen schaffen, die eine tiefere Loyalit\u00e4t f\u00f6rdern, indem sie kritische Entscheidungspunkte identifizieren. Wenn Unternehmen erkennen, was zu Wiederholungsk\u00e4ufen f\u00fchrt, k\u00f6nnen sie langfristige Beziehungen aufbauen, die zu Markenf\u00fcrsprache f\u00fchren.<\/li>\n\n\n\n<li><strong>Personalisierung der Customer Journey<\/strong> \u2013 Moments of truth <a href=\"https:\/\/www.sisinternational.com\/de\/was-ist-offentlichkeitsarbeit\/\" title=\"\u00d6ffentlichkeitsarbeit und Marktforschung\"  data-wpil-monitor-id=\"2241\">market research allows brands<\/a> to create personalized interactions that resonate with individual customers. Personalized engagement builds stronger connections, increasing the likelihood of conversions and repeat interactions.<\/li>\n\n\n\n<li><strong>Neue Einnahmequellen identifizieren<\/strong> \u2013 Das Verstehen der Momente der Wahrheit kann unerf\u00fcllte Kundenbed\u00fcrfnisse aufdecken und Unternehmen dabei unterst\u00fctzen, neue Produkte oder Dienstleistungen zu entwickeln, die diese L\u00fccken schlie\u00dfen. Dieser Ansatz er\u00f6ffnet M\u00f6glichkeiten f\u00fcr diversifizierte Umsatzkan\u00e4le und Marktexpansion.<\/li>\n\n\n\n<li><strong>Verbesserung der Kundenbindung<\/strong> \u2013 Durch die Erforschung von Momenten der Wahrheit k\u00f6nnen Unternehmen potenzielle Schwachstellen proaktiv angehen und so die Kundenabwanderung reduzieren. Unternehmen k\u00f6nnen die Kundenzufriedenheit und Kundenbindungsraten verbessern, indem sie in wichtigen Entscheidungsmomenten effektiv reagieren.<\/li>\n\n\n\n<li><strong>Wettbewerbsvorteile erlangen<\/strong> \u2013 In wettbewerbsintensiven M\u00e4rkten liefern Momente der Wahrheit Erkenntnisse, die es Marken erm\u00f6glichen, sich von der Konkurrenz abzuheben. Indem sie sich auf diese entscheidenden Momente konzentrieren, k\u00f6nnen Unternehmen einzigartige Wertangebote unterbreiten, die sie von der Konkurrenz abheben.<\/li>\n\n\n\n<li><strong>Optimierung von Marketingstrategien<\/strong> \u2013 Die Marktforschung zu den \u201eMoments of Truth\u201c unterst\u00fctzt Marketingbem\u00fchungen, indem sie die effektivsten Botschaften und Kan\u00e4le hervorhebt. Indem sie Kampagnen an den Entscheidungspunkten der Kunden ausrichten, k\u00f6nnen Unternehmen die Wirkung ihrer Marketinginitiativen maximieren.<\/li>\n\n\n\n<li><strong>Verbesserung der Markenwahrnehmung<\/strong> \u2013 Positive Interaktionen in Schl\u00fcsselmomenten k\u00f6nnen die Wahrnehmung einer Marke durch Kunden erheblich beeinflussen. Momente der Wahrheit erm\u00f6glichen es Unternehmen, diese Wahrnehmung positiv zu beeinflussen und so Vertrauen und einen positiven Ruf aufzubauen.<\/li>\n<\/ul>\n\n\n\n<h2 class=\"wp-block-heading\"><strong>Was SIS International zu einem Top-Marktforschungsunternehmen macht<\/strong><\/h2>\n\n\n\n<p><a href=\"https:\/\/www.linkedin.com\/company\/sisinternationalresearch\/\" target=\"_blank\" rel=\"noopener\">SIS International<\/a> ist als f\u00fchrender Anbieter von Marktforschung bekannt, der einzigartiges Fachwissen und Ressourcen bietet, um Marken dabei zu helfen, in komplexen und wettbewerbsintensiven M\u00e4rkten erfolgreich zu sein. Hier sind 10 Elemente, die SIS International von anderen abheben:<\/p>\n\n\n\n<ul class=\"wp-block-list\">\n<li><strong>Globale Reichweite<\/strong> \u2013 Durch unsere Pr\u00e4senz auf den wichtigsten M\u00e4rkten weltweit bieten wir Einblicke, die vielf\u00e4ltige regionale Trends und kulturelle Nuancen widerspiegeln.<\/li>\n\n\n\n<li><strong>Umfassende Branchenkenntnisse<\/strong> \u2013 Unser Team ist auf mehrere Branchen spezialisiert, von Technologie und Finanzen bis hin zu Konsumg\u00fctern und Gesundheitswesen, und gew\u00e4hrleistet ma\u00dfgeschneiderte Einblicke f\u00fcr jeden Sektor.<\/li>\n\n\n\n<li><strong>Erweiterte Analysetools<\/strong> \u2013 Wir nutzen modernste Tools und Technologien, um das Kundenverhalten zu erfassen und zu analysieren, sodass unsere Erkenntnisse detailliert und umsetzbar sind.<\/li>\n\n\n\n<li><strong>Erfahrenes Expertenteam<\/strong> \u2013 Unser Team besteht aus erfahrenen Forschern, Analysten und Strategen, die auf der Grundlage langj\u00e4hriger Erfahrung eine qualitativ hochwertige Beratung bieten.<\/li>\n\n\n\n<li><strong>Kundenzentrierter Ansatz<\/strong> \u2013 Wir legen Wert darauf, die individuellen Bed\u00fcrfnisse unserer Kunden zu verstehen und Forschungsl\u00f6sungen zu entwickeln, die auf ihre spezifischen Ziele und Herausforderungen abgestimmt sind.<\/li>\n\n\n\n<li><strong>Innovative Forschungstechniken<\/strong> \u2013 <a href=\"https:\/\/medium.com\/@sisinternational\/sis-international-c17160da8fac\" target=\"_blank\" rel=\"noopener\">SIS<\/a> nutzt innovative Methoden, einschlie\u00dflich pr\u00e4diktiver Analytik und Stimmungsanalyse, um die entscheidenden Momente der Wahrheit festzuhalten.<\/li>\n\n\n\n<li><strong>Verpflichtung zum Datenschutz<\/strong> \u2013 Wir halten uns an strenge Datenschutzstandards und stellen sicher, dass unsere Forschung ethisch ist und den geltenden Vorschriften entspricht.<\/li>\n\n\n\n<li><strong>Umfassendes Reporting<\/strong> \u2013 Unsere Berichte sind klar, pr\u00e4gnant und umsetzbar, sodass unsere Kunden fundierte Entscheidungen treffen k\u00f6nnen.<\/li>\n\n\n\n<li><strong>Schwerpunkt auf Echtzeit-Einblicken<\/strong> \u2013 Der Fokus von SIS International auf Echtzeitdaten erm\u00f6glicht es Marken, auf aktuelle Marktbedingungen und -ver\u00e4nderungen zu reagieren.<\/li>\n\n\n\n<li><strong>Nachgewiesene Erfolgsbilanz<\/strong> \u2013 Dank seiner Erfolgsgeschichte bei Partnerschaften und wirkungsvoller Forschung vertrauen die weltweit f\u00fchrenden Marken darauf, dass SIS International aussagekr\u00e4ftige Erkenntnisse liefert.<\/li>\n<\/ul>\n\n\n\n<h2 class=\"wp-block-heading\">\u00dcber SIS International<\/h2>\n\n\n\n<p><a href=\"https:\/\/www.sisinternational.com\/de\/\">SIS International<\/a> bietet quantitative, qualitative und strategische Forschung an. Wir liefern Daten, Tools, Strategien, Berichte und Erkenntnisse zur Entscheidungsfindung. Wir f\u00fchren auch Interviews, Umfragen, Fokusgruppen und andere Methoden und Ans\u00e4tze der Marktforschung durch.<a href=\"https:\/\/www.sisinternational.com\/de\/uber-sis-international-research\/contact-sis-international-market-research\/\"> Kontakt<\/a> f\u00fcr Ihr n\u00e4chstes Marktforschungsprojekt.<\/p>\n\n\n\n<hr class=\"wp-block-separator has-alpha-channel-opacity\"\/>","protected":false},"excerpt":{"rendered":"<p>Moments of Truth Market Research This research approach empowers businesses to make timely, impactful decisions by pinpointing the exact moments when consumer perceptions shift. SIS International\u2019s expertise ensures that insights are aligned with the market\u2019s latest needs and expectations. What does it take to make impactful, real-time decisions in today\u2019s fast-paced market? Moments of truth &#8230; <a title=\"Momente der Wahrheit Marktforschung\" class=\"read-more\" href=\"https:\/\/www.sisinternational.com\/de\/sachverstand\/momente-der-wahrheit-marktforschung\/\" aria-label=\"Mehr Informationen \u00fcber Moments of Truth Market Research\">Weiterlesen \u2026<\/a><\/p>","protected":false},"author":1,"featured_media":62509,"parent":14514,"menu_order":472,"comment_status":"closed","ping_status":"closed","template":"","meta":{"footnotes":""},"class_list":["post-54219","page","type-page","status-publish","has-post-thumbnail"],"_links":{"self":[{"href":"https:\/\/www.sisinternational.com\/de\/wp-json\/wp\/v2\/pages\/54219","targetHints":{"allow":["GET"]}}],"collection":[{"href":"https:\/\/www.sisinternational.com\/de\/wp-json\/wp\/v2\/pages"}],"about":[{"href":"https:\/\/www.sisinternational.com\/de\/wp-json\/wp\/v2\/types\/page"}],"author":[{"embeddable":true,"href":"https:\/\/www.sisinternational.com\/de\/wp-json\/wp\/v2\/users\/1"}],"replies":[{"embeddable":true,"href":"https:\/\/www.sisinternational.com\/de\/wp-json\/wp\/v2\/comments?post=54219"}],"version-history":[{"count":9,"href":"https:\/\/www.sisinternational.com\/de\/wp-json\/wp\/v2\/pages\/54219\/revisions"}],"predecessor-version":[{"id":79266,"href":"https:\/\/www.sisinternational.com\/de\/wp-json\/wp\/v2\/pages\/54219\/revisions\/79266"}],"up":[{"embeddable":true,"href":"https:\/\/www.sisinternational.com\/de\/wp-json\/wp\/v2\/pages\/14514"}],"wp:featuredmedia":[{"embeddable":true,"href":"https:\/\/www.sisinternational.com\/de\/wp-json\/wp\/v2\/media\/62509"}],"wp:attachment":[{"href":"https:\/\/www.sisinternational.com\/de\/wp-json\/wp\/v2\/media?parent=54219"}],"curies":[{"name":"wp","href":"https:\/\/api.w.org\/{rel}","templated":true}]}}