{"id":54215,"date":"2024-11-22T05:03:22","date_gmt":"2024-11-22T10:03:22","guid":{"rendered":"https:\/\/www.sisinternational.com\/?page_id=54215"},"modified":"2026-03-05T23:13:04","modified_gmt":"2026-03-06T04:13:04","slug":"top-unternehmen-fur-marketingstrategien","status":"publish","type":"page","link":"https:\/\/www.sisinternational.com\/de\/losungen\/strategieberatung\/top-unternehmen-fur-marketingstrategien\/","title":{"rendered":"Top-Unternehmen f\u00fcr Marketingstrategien"},"content":{"rendered":"<h1 class=\"wp-block-heading\">Top-Unternehmen f\u00fcr Marketingstrategien<\/h1>\n\n\n\n<p><\/p>\n\n\n\n<figure class=\"gb-block-image gb-block-image-3ca30460\"><img loading=\"lazy\" decoding=\"async\" width=\"1456\" height=\"816\" class=\"gb-image gb-image-3ca30460\" src=\"https:\/\/www.sisinternational.com\/wp-content\/uploads\/2025\/08\/Strategy-consulting-20.jpg\" alt=\"SIS International Marktforschung &amp; Strategie\" title=\"Strategy consulting (20)\" srcset=\"https:\/\/www.sisinternational.com\/wp-content\/uploads\/2025\/08\/Strategy-consulting-20.jpg 1456w, https:\/\/www.sisinternational.com\/wp-content\/uploads\/2025\/08\/Strategy-consulting-20-300x168.jpg 300w, https:\/\/www.sisinternational.com\/wp-content\/uploads\/2025\/08\/Strategy-consulting-20-1024x574.jpg 1024w, https:\/\/www.sisinternational.com\/wp-content\/uploads\/2025\/08\/Strategy-consulting-20-768x430.jpg 768w, https:\/\/www.sisinternational.com\/wp-content\/uploads\/2025\/08\/Strategy-consulting-20-18x10.jpg 18w\" sizes=\"auto, (max-width: 1456px) 100vw, 1456px\"><\/figure>\n\n\n\n<hr class=\"wp-block-separator has-alpha-channel-opacity is-style-dots\"\/>\n\n\n\n<h3 class=\"wp-block-heading\">Eine gut definierte Marketingstrategie ist die Grundlage jedes erfolgreichen Unternehmens. Als f\u00fchrendes Marketingstrategieunternehmen arbeitet SIS International mit Unternehmen zusammen, um datengesteuerte Strategien zu entwickeln, die messbare Ergebnisse erzielen.<\/h3>\n\n\n\n<p>Was unterscheidet erfolgreiche Marken von solchen, die sich schwertun? Die Antwort liegt in einer klaren und effektiven Marketingstrategie. SIS International, ein f\u00fchrendes Marketingstrategieunternehmen, bietet die Einblicke und Planung, die erforderlich sind, um mit Zielgruppen in Kontakt zu treten und Wachstum zu f\u00f6rdern.<\/p>\n\n\n\n<h2 class=\"wp-block-heading\">Warum ist eine Marketingstrategie in der heutigen globalen Gesch\u00e4ftslandschaft so wichtig?<\/h2>\n\n\n\n<p><a href=\"https:\/\/www.sisinternational.com\/de\/top-unternehmen-fur-b2b-markteinfuhrungsstrategien\/\" title=\"F\u00fchrendes Unternehmen f\u00fcr B2B-Markteinf\u00fchrungsstrategien\"  data-wpil-monitor-id=\"1361\">Marketing strategy defines how a company<\/a> reaches its target audience, communicates its value proposition, and drives sales and growth. That\u2019s why companies need a comprehensive marketing strategy to ensure that their messages are heard, their brands are recognized, and their products resonate with consumers.<\/p>\n\n\n\n<p>Whether a company is launching a new product, entering a new market, or rebranding, having a robust <a href=\"https:\/\/www.sisinternational.com\/de\/what-to-expect-in-your-first-year-entering-a-new-market-5-essential-strategies\/\" title=\"What to Expect in Your First Year Entering a New Market: 5 Essential Strategies\"  data-wpil-monitor-id=\"1082\">marketing strategy is essential<\/a> to navigating challenges and seizing opportunities. A <a href=\"https:\/\/www.sisinternational.com\/de\/top-unternehmen-fur-die-bewertung-von-unternehmensstrategien\/\" title=\"F\u00fchrendes Unternehmen f\u00fcr die Bewertung von Unternehmensstrategien\"  data-wpil-monitor-id=\"1490\">top marketing strategy firm<\/a> provides the expertise to craft tailored strategies that resonate with consumers, create meaningful connections, and drive long-term success.<\/p>\n\n\n\n<h2 class=\"wp-block-heading\">Dienstleistungen, die Sie von einem Top-Unternehmen f\u00fcr Marketingstrategien erwarten k\u00f6nnen<\/h2>\n\n\n\n<figure class=\"gb-block-image gb-block-image-d54be9ae\"><img loading=\"lazy\" decoding=\"async\" width=\"1456\" height=\"816\" class=\"gb-image gb-image-d54be9ae\" src=\"https:\/\/www.sisinternational.com\/wp-content\/uploads\/2025\/08\/Strategy-consulting-25.jpg\" alt=\"SIS International Marktforschung &amp; Strategie\" title=\"Strategy consulting (25)\" srcset=\"https:\/\/www.sisinternational.com\/wp-content\/uploads\/2025\/08\/Strategy-consulting-25.jpg 1456w, https:\/\/www.sisinternational.com\/wp-content\/uploads\/2025\/08\/Strategy-consulting-25-300x168.jpg 300w, https:\/\/www.sisinternational.com\/wp-content\/uploads\/2025\/08\/Strategy-consulting-25-1024x574.jpg 1024w, https:\/\/www.sisinternational.com\/wp-content\/uploads\/2025\/08\/Strategy-consulting-25-768x430.jpg 768w, https:\/\/www.sisinternational.com\/wp-content\/uploads\/2025\/08\/Strategy-consulting-25-18x10.jpg 18w\" sizes=\"auto, (max-width: 1456px) 100vw, 1456px\"><\/figure>\n\n\n\n<p><\/p>\n\n\n\n<p>A <a href=\"https:\/\/www.sisinternational.com\/de\/losungen\/legal-market-research\/scheinjury-marktforschung-3\/\" title=\"Top-Unternehmen f\u00fcr Scheinjury-Marktforschung\"  data-wpil-monitor-id=\"934\">top marketing strategy<\/a> firm offers a <strong>Marktforschung und -analyse<\/strong>, bei dem Daten gesammelt und analysiert werden, um das Verbraucherverhalten, Markttrends und Wettbewerbsdynamiken zu verstehen. Diese Informationen bilden die Grundlage f\u00fcr die Entwicklung fundierter Marketingstrategien, die auf Marktchancen und Verbraucherbed\u00fcrfnisse abgestimmt sind.<\/p>\n\n\n\n<p><strong>Entwicklung einer Markenstrategie<\/strong> ist ein weiterer wichtiger Service, der sich auf die Definition der Identit\u00e4t, Werte und Positionierung einer Marke konzentriert. Eine starke Markenstrategie hilft Unternehmen, eine einzigartige Pr\u00e4senz auf dem Markt aufzubauen, Markentreue zu schaffen und sich von der Konkurrenz abzuheben.&nbsp;<\/p>\n\n\n\n<p><strong>Kampagnenplanung und -durchf\u00fchrung<\/strong> are critical <a href=\"https:\/\/www.sisinternational.com\/de\/marketingstrategie-im-bildungsdienstleistungsbereich\/\" title=\"Marketingstrategie im Bildungsbereich\"  data-wpil-monitor-id=\"2089\">services top marketing strategy<\/a> firms provide. From digital marketing to traditional media, these firms help businesses plan and execute marketing campaigns that reach the right audiences at the right time.&nbsp;<\/p>\n\n\n\n<h3 class=\"wp-block-heading\">Wichtige Leistungen eines f\u00fchrenden Unternehmens f\u00fcr Marketingstrategien:<\/h3>\n\n\n\n<p><\/p>\n\n\n<div class=\"wp-block-image\">\n<figure class=\"aligncenter size-full is-resized\"><img loading=\"lazy\" decoding=\"async\" width=\"819\" height=\"685\" src=\"https:\/\/www.sisinternational.com\/wp-content\/uploads\/2024\/11\/Top-Marketing-Strategy-Company.png\" alt=\"SIS International Marktforschung &amp; Strategie\" class=\"wp-image-54216\" style=\"width:694px;height:auto\" srcset=\"https:\/\/www.sisinternational.com\/wp-content\/uploads\/2024\/11\/Top-Marketing-Strategy-Company.png 819w, https:\/\/www.sisinternational.com\/wp-content\/uploads\/2024\/11\/Top-Marketing-Strategy-Company-300x251.png 300w, https:\/\/www.sisinternational.com\/wp-content\/uploads\/2024\/11\/Top-Marketing-Strategy-Company-768x642.png 768w, https:\/\/www.sisinternational.com\/wp-content\/uploads\/2024\/11\/Top-Marketing-Strategy-Company-14x12.png 14w\" sizes=\"auto, (max-width: 819px) 100vw, 819px\" \/><\/figure>\n<\/div>\n\n\n<p><\/p>\n\n\n\n<ul class=\"wp-block-list\">\n<li><strong>Marktforschung und -analyse:<\/strong> Durchf\u00fchren umfassender Untersuchungen zum Verst\u00e4ndnis von Markttrends, Verbraucherverhalten und Wettbewerbsdynamik.<\/li>\n\n\n\n<li><strong>Entwicklung einer Markenstrategie:<\/strong> Entwicklung einer einzigartigen Markenidentit\u00e4t und -positionierung, die bei der Zielgruppe Anklang findet und Markentreue schafft.<\/li>\n\n\n\n<li><strong>Kampagnenplanung und -durchf\u00fchrung:<\/strong> Entwickeln und Durchf\u00fchren von Marketingkampagnen, die Zielgruppen \u00fcber mehrere Kan\u00e4le hinweg effektiv erreichen und ansprechen.<\/li>\n\n\n\n<li><strong>Kundensegmentierung und -zielausrichtung:<\/strong> Identifizieren Sie wichtige Kundensegmente und passen Sie Ihre Marketingbem\u00fchungen an deren individuelle Bed\u00fcrfnisse und Vorlieben an.<\/li>\n\n\n\n<li><strong>Digitale Marketingstrategie:<\/strong> Erstellen digitaler Marketingstrategien, die Online-Kan\u00e4le wie soziale Medien, SEO und bezahlte Werbung nutzen, um Markenbekanntheit und Engagement zu steigern.<\/li>\n\n\n\n<li><strong>Content Marketing und Storytelling:<\/strong> Entwickeln Sie \u00fcberzeugende Inhalte, die die Geschichte der Marke erz\u00e4hlen und eine emotionale Verbindung zu den Verbrauchern herstellen.<\/li>\n\n\n\n<li><strong>Leistungsmessung und -optimierung:<\/strong> Messen Sie die Effektivit\u00e4t von Marketingkampagnen und nehmen Sie datengesteuerte Anpassungen vor, um den ROI zu maximieren.<\/li>\n<\/ul>\n\n\n\n<h2 class=\"wp-block-heading\">Welche Vorteile bietet die Zusammenarbeit mit einem Top-Unternehmen f\u00fcr Marketingstrategien?<\/h2>\n\n\n\n<p>Working with a <a href=\"https:\/\/www.sisinternational.com\/de\/weltweit-fuhrendes-unternehmen-fur-fokusgruppen\/\" title=\"Top-Unternehmen der Global Focus Group\"  data-wpil-monitor-id=\"1042\">top marketing strategy<\/a> firm provides numerous advantages significantly enhancing a company&#8217;s ability to compete in the global marketplace. These firms bring expertise, resources, and insights that help businesses craft effective marketing strategies and achieve their business goals.<\/p>\n\n\n\n<ul class=\"wp-block-list\">\n<li><strong>Strategische Expertise:<\/strong> Sie erhalten Zugang zu Branchenexperten, die sich mit Marktdynamik, Verbraucherverhalten und effektiven Marketingtaktiken auskennen.<\/li>\n\n\n\n<li><strong>Datengesteuerte Entscheidungsfindung:<\/strong> Top-Unternehmen f\u00fcr Marketingstrategien nutzen Daten und Erkenntnisse, um Marketingstrategien zu entwickeln, die auf Marktchancen und Verbraucherbed\u00fcrfnisse abgestimmt sind.<\/li>\n\n\n\n<li><strong>Markendifferenzierung:<\/strong> Sie entwickeln eine starke Markenidentit\u00e4t, die sich auf einem \u00fcberf\u00fcllten Markt abhebt und bei der Zielgruppe Anklang findet.<\/li>\n\n\n\n<li><strong>Lokalisierte Strategieentwicklung:<\/strong> Diese Firmen helfen Ihnen dabei, Ihre Marketingstrategien an die kulturellen und sozialen Besonderheiten verschiedener Regionen anzupassen und so die Einbindung der Verbraucher zu st\u00e4rken.<\/li>\n\n\n\n<li><strong>Kontinuierliche Optimierung:<\/strong> Sie unterst\u00fctzen Sie bei der Messung der Kampagnenleistung und nehmen datengesteuerte Anpassungen vor, um die Effektivit\u00e4t zu verbessern und Gesch\u00e4ftsziele zu erreichen.<\/li>\n<\/ul>\n\n\n\n<h2 class=\"wp-block-heading\">Wie f\u00f6rdert die Marketingstrategie Unternehmenswachstum und Innovation?<\/h2>\n\n\n\n<p><\/p>\n\n\n\n<figure class=\"gb-block-image gb-block-image-cfc4777c\"><img decoding=\"async\" class=\"gb-image gb-image-cfc4777c\" src=\"https:\/\/www.sisinternational.com\/wp-content\/uploads\/2024\/11\/B2B-1-1.jpg\" alt=\"SIS International Marktforschung &amp; Strategie\" title=\"B2B 1 (1)\"><\/figure>\n\n\n\n<p><\/p>\n\n\n\n<p>Eine Marketingstrategie unterst\u00fctzt Unternehmen dabei, ihre Ziele zu erreichen und sich in einem wettbewerbsintensiven Umfeld durchzusetzen. Sie bietet einen klaren Plan f\u00fcr die Ansprache ihrer Zielgruppen, die Vermittlung von Mehrwert und die Differenzierung gegen\u00fcber der Konkurrenz.<\/p>\n\n\n\n<p><strong>Identifizierung von Marktchancen und Verbraucherbed\u00fcrfnissen<\/strong><\/p>\n\n\n\n<p>A <a href=\"https:\/\/www.sisinternational.com\/de\/top-branchenanalyseunternehmen-in-new-york\/\" title=\"Top-Unternehmen f\u00fcr Branchenanalysen in NY\"  data-wpil-monitor-id=\"1117\">top marketing strategy<\/a> firm helps businesses identify market opportunities and consumer needs by conducting in-depth research and analysis. These insights help companies create products, services, and campaigns that address specific consumer needs and provide value to their target audiences. For example, <a href=\"https:\/\/www.linkedin.com\/pulse\/how-market-research-enables-growth-ruth-stanat-phekf\/\" target=\"_blank\" rel=\"noopener\">Marktforschung<\/a> kann ein unterversorgtes Verbrauchersegment mit unerf\u00fcllten Bed\u00fcrfnissen aufdecken.&nbsp;<\/p>\n\n\n\n<p><strong>Steuerung der Produktentwicklung und Marktpositionierung<\/strong><\/p>\n\n\n\n<p>Marketing strategy is instrumental in guiding product development and market positioning. A <a href=\"https:\/\/www.sisinternational.com\/de\/top-wettbewerber-benchmarking-unternehmen\/\" title=\"Top-Wettbewerbs-Benchmarking-Unternehmen\" data-wpil-monitor-id=\"1198\">top marketing strategy firm helps companies<\/a> define their unique value proposition and communicate it in a way that resonates with consumers.<\/p>\n\n\n\n<p>In addition to product development, <a href=\"https:\/\/www.sisinternational.com\/de\/zum-hidden-champion-im-nischenmarketing-werden\/\" title=\"Hidden Champions Marketingstrategie und Nischenmarketing\" data-wpil-monitor-id=\"1976\">marketing strategy is crucial in brand<\/a> positioning. By defining a brand&#8217;s identity, values, and messaging, businesses can create a strong brand presence that differentiates them from competitors and builds lasting relationships with consumers.<\/p>\n\n\n\n<p><strong>Unterst\u00fctzung strategischer Gesch\u00e4ftsentscheidungen<\/strong><\/p>\n\n\n\n<p>Die Marketingstrategie unterst\u00fctzt auch umfassendere strategische Gesch\u00e4ftsentscheidungen wie Markteintritt, Expansion und Rebranding. Ein Top-Marketingstrategieunternehmen liefert die erforderlichen Erkenntnisse, um fundierte Entscheidungen dar\u00fcber zu treffen, in welche M\u00e4rkte eingetreten werden soll, wie eine Marke positioniert werden soll und wie Marketingbem\u00fchungen an verschiedene Regionen angepasst werden sollen.&nbsp;<\/p>\n\n\n\n<h2 class=\"wp-block-heading\">Was SIS International zu einem Top-Unternehmen f\u00fcr Marketingstrategien macht<\/h2>\n\n\n\n<p><a href=\"https:\/\/www.linkedin.com\/company\/sisinternationalresearch\/\" target=\"_blank\" rel=\"noopener\">SIS International<\/a> verf\u00fcgt \u00fcber einen einzigartigen Ansatz, globales Fachwissen und die Verpflichtung, umsetzbare Erkenntnisse zu liefern. Unsere F\u00e4higkeit, Marktdynamik und Verbraucherverhalten zu verstehen und diese in strategische Chancen umzusetzen, macht uns zu einem vertrauensw\u00fcrdigen Partner f\u00fcr Unternehmen, die auf einem zunehmend komplexen globalen Markt erfolgreich sein wollen.<\/p>\n\n\n\n<ul class=\"wp-block-list\">\n<li><strong>Ma\u00dfgeschneiderte Marketingstrategien:<\/strong> Wir entwickeln Marketingstrategien, die den Anforderungen jedes Kunden gerecht werden und stellen sicher, dass unsere Erkenntnisse aussagekr\u00e4ftig und umsetzbar sind.<\/li>\n\n\n\n<li><strong>Globale und lokale Expertise:<\/strong> Unser Team aus Branchenexperten bietet globale Perspektiven und lokale Einblicke und hilft Unternehmen, die Feinheiten verschiedener M\u00e4rkte zu meistern.<\/li>\n\n\n\n<li><strong>Umfassende Marktforschung:<\/strong> Wir f\u00fchren umfassende Untersuchungen durch, um Markttrends, Verbraucherverhalten und Wettbewerbsdynamik zu verstehen und so die Grundlage f\u00fcr wirksame Marketingstrategien zu schaffen.<\/li>\n\n\n\n<li><strong>Innovative Kampagnenplanung:<\/strong> <a href=\"https:\/\/twitter.com\/SISIntlResearch\" target=\"_blank\" rel=\"noopener\">SIS<\/a> Das Engagement von International f\u00fcr Innovation bedeutet, dass wir die neuesten Tools und Technologien verwenden, um Marketingkampagnen zu entwickeln und durchzuf\u00fchren, die Verbraucher ansprechen und Ergebnisse erzielen.<\/li>\n\n\n\n<li><strong>Datengesteuerte Erkenntnisse:<\/strong> Von der Kundensegmentierung bis zur Kampagnenoptimierung liefern wir datengesteuerte Erkenntnisse, die unseren Kunden helfen, fundierte strategische Entscheidungen zu treffen.<\/li>\n\n\n\n<li><strong>Fachkundige Beratung und Unterst\u00fctzung:<\/strong> Unser Team bietet fachkundige Beratung und Unterst\u00fctzung w\u00e4hrend des gesamten Marketingprozesses, von der Strategieentwicklung bis hin zur Umsetzung und Optimierung.<\/li>\n\n\n\n<li><strong>Effektive Cross-Channel-Integration:<\/strong> Wir sorgen daf\u00fcr, dass Marketingstrategien nahtlos \u00fcber mehrere Kan\u00e4le hinweg integriert werden und den Verbrauchern so ein einheitliches Markenerlebnis bieten.<\/li>\n\n\n\n<li><strong>Umsetzbare Empfehlungen:<\/strong> Unsere Erkenntnisse sind nicht nur informativ, sondern auch umsetzbar und bieten unseren Kunden klare Schritte zur Verbesserung ihrer Marketingeffektivit\u00e4t.<\/li>\n\n\n\n<li><strong>Verbesserte Markensichtbarkeit:<\/strong> Unsere Strategien zielen darauf ab, die Sichtbarkeit und Bekanntheit der Marke zu erh\u00f6hen und sicherzustellen, dass die Marken unserer Kunden bei ihren Zielgruppen im Ged\u00e4chtnis bleiben.<\/li>\n<\/ul>\n\n\n\n<h2 class=\"wp-block-heading\">\u00dcber SIS International<\/h2>\n\n\n\n<p><a href=\"https:\/\/www.sisinternational.com\/de\/\">SIS International<\/a> bietet quantitative, qualitative und strategische Forschung an. Wir liefern Daten, Tools, Strategien, Berichte und Erkenntnisse zur Entscheidungsfindung. Wir f\u00fchren auch Interviews, Umfragen, Fokusgruppen und andere Methoden und Ans\u00e4tze der Marktforschung durch.<a href=\"https:\/\/www.sisinternational.com\/de\/uber-sis-international-research\/contact-sis-international-market-research\/\"> Kontakt<\/a> f\u00fcr Ihr n\u00e4chstes Marktforschungsprojekt.<\/p>\n\n\n\n<hr class=\"wp-block-separator has-alpha-channel-opacity\"\/>","protected":false},"excerpt":{"rendered":"<p>Top Marketing Strategy Company A well-defined marketing strategy is the foundation of any successful business. As a top marketing strategy firm, SIS International works with companies to create data-driven strategies that achieve measurable results. What differentiates successful brands from those that struggle? The answer lies in having a clear and effective marketing strategy. SIS International, &#8230; <a title=\"Top-Unternehmen f\u00fcr Marketingstrategien\" class=\"read-more\" href=\"https:\/\/www.sisinternational.com\/de\/losungen\/strategieberatung\/top-unternehmen-fur-marketingstrategien\/\" aria-label=\"Mehr Informationen \u00fcber Top Marketing Strategy Company\">Weiterlesen \u2026<\/a><\/p>","protected":false},"author":1,"featured_media":62554,"parent":14567,"menu_order":51,"comment_status":"closed","ping_status":"closed","template":"","meta":{"footnotes":""},"class_list":["post-54215","page","type-page","status-publish","has-post-thumbnail"],"_links":{"self":[{"href":"https:\/\/www.sisinternational.com\/de\/wp-json\/wp\/v2\/pages\/54215","targetHints":{"allow":["GET"]}}],"collection":[{"href":"https:\/\/www.sisinternational.com\/de\/wp-json\/wp\/v2\/pages"}],"about":[{"href":"https:\/\/www.sisinternational.com\/de\/wp-json\/wp\/v2\/types\/page"}],"author":[{"embeddable":true,"href":"https:\/\/www.sisinternational.com\/de\/wp-json\/wp\/v2\/users\/1"}],"replies":[{"embeddable":true,"href":"https:\/\/www.sisinternational.com\/de\/wp-json\/wp\/v2\/comments?post=54215"}],"version-history":[{"count":15,"href":"https:\/\/www.sisinternational.com\/de\/wp-json\/wp\/v2\/pages\/54215\/revisions"}],"predecessor-version":[{"id":76455,"href":"https:\/\/www.sisinternational.com\/de\/wp-json\/wp\/v2\/pages\/54215\/revisions\/76455"}],"up":[{"embeddable":true,"href":"https:\/\/www.sisinternational.com\/de\/wp-json\/wp\/v2\/pages\/14567"}],"wp:featuredmedia":[{"embeddable":true,"href":"https:\/\/www.sisinternational.com\/de\/wp-json\/wp\/v2\/media\/62554"}],"wp:attachment":[{"href":"https:\/\/www.sisinternational.com\/de\/wp-json\/wp\/v2\/media?parent=54215"}],"curies":[{"name":"wp","href":"https:\/\/api.w.org\/{rel}","templated":true}]}}