{"id":54211,"date":"2024-11-21T04:58:40","date_gmt":"2024-11-21T09:58:40","guid":{"rendered":"https:\/\/www.sisinternational.com\/?page_id=54211"},"modified":"2026-03-05T23:13:36","modified_gmt":"2026-03-06T04:13:36","slug":"weltweit-fuhrendes-unternehmen-fur-fokusgruppen","status":"publish","type":"page","link":"https:\/\/www.sisinternational.com\/de\/losungen\/schwerpunktgruppen\/weltweit-fuhrendes-unternehmen-fur-fokusgruppen\/","title":{"rendered":"Top-Unternehmen der Global Focus Group"},"content":{"rendered":"<h1 class=\"wp-block-heading\">Top-Unternehmen der Global Focus Group<\/h1>\n\n\n\n<p><\/p>\n\n\n\n<figure class=\"gb-block-image gb-block-image-a416eb7d\"><img loading=\"lazy\" decoding=\"async\" width=\"1456\" height=\"816\" class=\"gb-image gb-image-a416eb7d\" src=\"https:\/\/www.sisinternational.com\/wp-content\/uploads\/2025\/09\/Focus-group-recruitment-10.jpg\" alt=\"SIS International Marktforschung &amp; Strategie\" title=\"Focus group recruitment (10)\" srcset=\"https:\/\/www.sisinternational.com\/wp-content\/uploads\/2025\/09\/Focus-group-recruitment-10.jpg 1456w, https:\/\/www.sisinternational.com\/wp-content\/uploads\/2025\/09\/Focus-group-recruitment-10-300x168.jpg 300w, https:\/\/www.sisinternational.com\/wp-content\/uploads\/2025\/09\/Focus-group-recruitment-10-1024x574.jpg 1024w, https:\/\/www.sisinternational.com\/wp-content\/uploads\/2025\/09\/Focus-group-recruitment-10-768x430.jpg 768w, https:\/\/www.sisinternational.com\/wp-content\/uploads\/2025\/09\/Focus-group-recruitment-10-18x10.jpg 18w\" sizes=\"auto, (max-width: 1456px) 100vw, 1456px\"><\/figure>\n\n\n\n<hr class=\"wp-block-separator has-alpha-channel-opacity is-style-dots\"\/>\n\n\n\n<h3 class=\"wp-block-heading\">Ein weltweit f\u00fchrendes Unternehmen f\u00fcr Fokusgruppen bietet eine einzigartige Gelegenheit, die vielf\u00e4ltigen Perspektiven und Emotionen zu erfassen, die das Verbraucherverhalten pr\u00e4gen.<\/h3>\n\n\n\n<p>Warum sind Fokusgruppen f\u00fcr die Gewinnung tieferer Einblicke in die Verbraucherbed\u00fcrfnisse so wichtig? Sie liefern den Kontext, den Zahlen allein nicht liefern k\u00f6nnen. <a href=\"https:\/\/medium.com\/@sisinternational\/sis-international-c17160da8fac\" target=\"_blank\" rel=\"noopener\">SIS<\/a>, ein weltweit f\u00fchrendes Unternehmen f\u00fcr Fokusgruppen, hilft Unternehmen dabei, die Faktoren zu verstehen, die die Kaufentscheidungen der Verbraucher beeinflussen.<\/p>\n\n\n\n<h2 class=\"wp-block-heading\">Warum Fokusgruppenforschung im gegenw\u00e4rtigen globalen Gesch\u00e4ftsumfeld von entscheidender Bedeutung ist<\/h2>\n\n\n\n<p>Fokusgruppenforschung ist unerl\u00e4sslich, um die zugrunde liegenden Motivationen, Einstellungen und Emotionen zu verstehen, die das Verbraucherverhalten beeinflussen. Sie bieten den Teilnehmern eine Plattform, um ihre Gedanken, Erfahrungen und Gef\u00fchle in einer offenen und interaktiven Umgebung auszutauschen.&nbsp;<\/p>\n\n\n\n<p>Moreover, focus groups are particularly valuable for exploring new product concepts, testing marketing messages, and understanding the dynamics of group decision-making. A <a href=\"https:\/\/www.sisinternational.com\/de\/top-branchenanalyseunternehmen-in-new-york\/\" title=\"Top-Unternehmen f\u00fcr Branchenanalysen in NY\" data-wpil-monitor-id=\"1124\">top global focus group firm helps companies<\/a> leverage these insights to create strategies that resonate with their target audiences, enhance brand loyalty, and drive business success.<\/p>\n\n\n\n<h2 class=\"wp-block-heading\">Was sind die typischen Dienstleistungen eines f\u00fchrenden globalen Fokusgruppenunternehmens?<\/h2>\n\n\n\n<figure class=\"gb-block-image gb-block-image-7e8469ff\"><img loading=\"lazy\" decoding=\"async\" width=\"1456\" height=\"816\" class=\"gb-image gb-image-7e8469ff\" src=\"https:\/\/www.sisinternational.com\/wp-content\/uploads\/2025\/09\/Focus-group-4-15.jpg\" alt=\"SIS International Marktforschung &amp; Strategie\" title=\"Focus group 4 (15)\" srcset=\"https:\/\/www.sisinternational.com\/wp-content\/uploads\/2025\/09\/Focus-group-4-15.jpg 1456w, https:\/\/www.sisinternational.com\/wp-content\/uploads\/2025\/09\/Focus-group-4-15-300x168.jpg 300w, https:\/\/www.sisinternational.com\/wp-content\/uploads\/2025\/09\/Focus-group-4-15-1024x574.jpg 1024w, https:\/\/www.sisinternational.com\/wp-content\/uploads\/2025\/09\/Focus-group-4-15-768x430.jpg 768w, https:\/\/www.sisinternational.com\/wp-content\/uploads\/2025\/09\/Focus-group-4-15-18x10.jpg 18w\" sizes=\"auto, (max-width: 1456px) 100vw, 1456px\"><\/figure>\n\n\n\n<p><\/p>\n\n\n\n<p>One of the core <a href=\"https:\/\/www.sisinternational.com\/de\/focus-group-services-in-ny\/\" title=\"Focus Group Services in NY\" data-wpil-monitor-id=\"1294\">services offered is in-person focus groups<\/a>, bei denen die Teilnehmer in einem physischen Rahmen zusammenkommen, um \u00fcber ein bestimmtes Produkt, eine Marke oder ein Thema zu diskutieren. Diese Sitzungen werden von erfahrenen Moderatoren moderiert, die das Gespr\u00e4ch leiten und sicherstellen, dass alle Teilnehmer die M\u00f6glichkeit haben, ihre Gedanken mitzuteilen. Pers\u00f6nliche Fokusgruppen erm\u00f6glichen die Beobachtung von K\u00f6rpersprache, Gesichtsausdruck und Gruppendynamik, was den verbalen Antworten der Teilnehmer zus\u00e4tzlichen Kontext verleihen kann.<\/p>\n\n\n\n<p>Ein weiteres beliebtes Angebot ist <strong>Online-Fokusgruppen<\/strong>, die die Flexibilit\u00e4t bieten, Teilnehmer aus verschiedenen geografischen Standorten einzubeziehen. Online-Fokusgruppen sind \u00e4u\u00dferst n\u00fctzlich f\u00fcr Unternehmen, die Erkenntnisse von einem vielf\u00e4ltigen globalen Publikum gewinnen m\u00f6chten. Diese Sitzungen nutzen Videokonferenztechnologie, um Gruppendiskussionen zu erm\u00f6glichen, sodass die Teilnehmer in Echtzeit interagieren und gleichzeitig bequem von zu Hause aus teilnehmen k\u00f6nnen.<\/p>\n\n\n\n<p><strong>Hybride Fokusgruppen<\/strong> Kombinieren Sie die Vorteile von pers\u00f6nlichen und Online-Formaten und erm\u00f6glichen Sie Unternehmen, Teilnehmer auf eine Weise einzubinden, die ihren Forschungsanforderungen am besten entspricht. Dieser Ansatz ist f\u00fcr multinationale Unternehmen von Vorteil, die Erkenntnisse aus mehreren Regionen sammeln und gleichzeitig die Tiefe der Interaktion beibehalten m\u00f6chten, die pers\u00f6nliche Diskussionen mit sich bringen.<\/p>\n\n\n\n<h2 class=\"wp-block-heading\">Wesentliche Dienstleistungen, die von einem f\u00fchrenden globalen Unternehmen der Fokusgruppe erbracht werden<\/h2>\n\n\n\n<p>A <a href=\"https:\/\/www.sisinternational.com\/de\/weltweit-fuhrendes-unternehmen-fur-quantitative-marktforschung\/\" title=\"Weltweit f\u00fchrendes Unternehmen f\u00fcr quantitative Marktforschung\" data-wpil-monitor-id=\"1054\">top global focus group<\/a> firm possesses a deep understanding of the global market landscape, which is crucial for businesses looking to expand internationally. This expertise allows them to provide contextually rich and globally relevant insights, helping companies to navigate the complexities of international markets.<\/p>\n\n\n\n<p><\/p>\n\n\n<div class=\"wp-block-image\">\n<figure class=\"aligncenter size-full\"><img loading=\"lazy\" decoding=\"async\" width=\"702\" height=\"370\" src=\"https:\/\/www.sisinternational.com\/wp-content\/uploads\/2024\/11\/Top-Global-Focus-Group-Company.png\" alt=\"SIS International Marktforschung &amp; Strategie\" class=\"wp-image-54212\" srcset=\"https:\/\/www.sisinternational.com\/wp-content\/uploads\/2024\/11\/Top-Global-Focus-Group-Company.png 702w, https:\/\/www.sisinternational.com\/wp-content\/uploads\/2024\/11\/Top-Global-Focus-Group-Company-300x158.png 300w, https:\/\/www.sisinternational.com\/wp-content\/uploads\/2024\/11\/Top-Global-Focus-Group-Company-18x9.png 18w\" sizes=\"auto, (max-width: 702px) 100vw, 702px\" \/><\/figure>\n<\/div>\n\n\n<p><\/p>\n\n\n\n<ul class=\"wp-block-list\">\n<li><strong>Pers\u00f6nliche Fokusgruppen:<\/strong> Moderierte Diskussionen in einer physischen Umgebung, um Gruppendynamik, K\u00f6rpersprache und Interaktionen der Teilnehmer zu beobachten.<\/li>\n\n\n\n<li><strong>Online-Fokusgruppen:<\/strong> Virtuelle Diskussionen, die Flexibilit\u00e4t bieten und es Unternehmen erm\u00f6glichen, Erkenntnisse von Teilnehmern aus verschiedenen Regionen zu sammeln.<\/li>\n\n\n\n<li><strong>Hybride Fokusgruppen:<\/strong> Eine Kombination aus pers\u00f6nlichen und Online-Formaten, um unterschiedliche Perspektiven zu erfassen und gleichzeitig ein tiefes Engagement sicherzustellen.<\/li>\n\n\n\n<li><strong>Moderatorenausbildung und Expertise:<\/strong> Erfahrene Moderatoren mit Erfahrung in der Leitung von Diskussionen, der Erforschung tieferer Erkenntnisse und der Sicherstellung, dass alle Teilnehmer einen sinnvollen Beitrag leisten.<\/li>\n\n\n\n<li><strong>Konzepttests und Produktfeedback:<\/strong> Einsatz von Fokusgruppen zum Testen neuer Produktkonzepte, Marketingbotschaften und Markenpositionierung vor der Markteinf\u00fchrung.<\/li>\n\n\n\n<li><strong>Kulturelle Einblicke und Lokalisierung:<\/strong> Verstehen, wie kulturelle Faktoren die Vorlieben der Verbraucher beeinflussen und sicherstellen, dass Produkte und Marketingstrategien beim lokalen Publikum Anklang finden.<\/li>\n\n\n\n<li><strong>Analyse und Berichterstattung nach der Sitzung:<\/strong> Umfassende Analyse der Diskussionen der Fokusgruppen, einschlie\u00dflich zentraler Themen, Zitate der Teilnehmer und umsetzbarer Empfehlungen f\u00fcr die Gesch\u00e4ftsstrategie.<\/li>\n<\/ul>\n\n\n\n<h2 class=\"wp-block-heading\">Welche konkreten Vorteile bietet die Zusammenarbeit mit einem der f\u00fchrenden globalen Fokusgruppenunternehmen?<\/h2>\n\n\n\n<p>Working with a <a href=\"https:\/\/www.sisinternational.com\/de\/weltweit-fuhrendes-unternehmen-fur-qualitative-forschung\/\" title=\"Weltweit f\u00fchrendes Unternehmen f\u00fcr qualitative Forschung\" data-wpil-monitor-id=\"1020\">top global focus group<\/a> firm offers multiple benefits that can significantly enhance a company&#8217;s ability to understand its target audience and make informed strategic decisions. These firms provide a platform for real-time consumer feedback, helping businesses refine their products, messaging, and marketing strategies.<\/p>\n\n\n\n<ul class=\"wp-block-list\">\n<li>Sie entwickeln kulturell relevante Strategien, indem sie die einzigartigen sozialen und kulturellen Faktoren verstehen, die die Verbraucherpr\u00e4ferenzen in verschiedenen Regionen beeinflussen.<\/li>\n\n\n\n<li>Unternehmen verbessern die Produktentwicklung mithilfe des in Fokusgruppen gesammelten Verbraucherfeedbacks, um Produkteigenschaften, Verpackung und Positionierung zu verfeinern.<\/li>\n\n\n\n<li>Das Testen von Nachrichten und Kampagnen in Fokusgruppen vor der Markteinf\u00fchrung, um herauszufinden, was bei den Verbrauchern ankommt, verbessert die Marketingeffektivit\u00e4t.<\/li>\n\n\n\n<li>Unternehmen k\u00f6nnen Gruppendynamiken besser verstehen, indem sie beobachten, wie unterschiedliche Verbraucher interagieren, sich gegenseitig beeinflussen und auf Produktkonzepte reagieren.<\/li>\n\n\n\n<li>Sie k\u00f6nnen sich sicher auf neuen M\u00e4rkten zurechtfinden, indem sie die individuellen Bed\u00fcrfnisse und Vorlieben der Verbraucher in den einzelnen Regionen verstehen.<\/li>\n<\/ul>\n\n\n\n<h2 class=\"wp-block-heading\">Die Rolle der Fokusgruppenforschung bei der F\u00f6rderung von Innovation und strategischen Entscheidungen<\/h2>\n\n\n\n<figure class=\"gb-block-image gb-block-image-2509bbf3\"><img loading=\"lazy\" decoding=\"async\" width=\"1456\" height=\"816\" class=\"gb-image gb-image-2509bbf3\" src=\"https:\/\/www.sisinternational.com\/wp-content\/uploads\/2025\/09\/Focus-group-4-12.jpg\" alt=\"SIS International Marktforschung &amp; Strategie\" title=\"Focus group 4 (12)\" srcset=\"https:\/\/www.sisinternational.com\/wp-content\/uploads\/2025\/09\/Focus-group-4-12.jpg 1456w, https:\/\/www.sisinternational.com\/wp-content\/uploads\/2025\/09\/Focus-group-4-12-300x168.jpg 300w, https:\/\/www.sisinternational.com\/wp-content\/uploads\/2025\/09\/Focus-group-4-12-1024x574.jpg 1024w, https:\/\/www.sisinternational.com\/wp-content\/uploads\/2025\/09\/Focus-group-4-12-768x430.jpg 768w, https:\/\/www.sisinternational.com\/wp-content\/uploads\/2025\/09\/Focus-group-4-12-18x10.jpg 18w\" sizes=\"auto, (max-width: 1456px) 100vw, 1456px\"><\/figure>\n\n\n\n<p><\/p>\n\n\n\n<p>Indem Fokusgruppen unterschiedliche Teilnehmer in einer moderierten Diskussion zusammenbringen, bieten sie Einblicke in die Bed\u00fcrfnisse, Vorlieben und Verhaltensweisen der Verbraucher, die f\u00fcr eine erfolgreiche Produktentwicklung und Vermarktung von entscheidender Bedeutung sind. Fokusgruppen helfen bei:&nbsp;<\/p>\n\n\n\n<h3 class=\"wp-block-heading\">Identifizierung der Bed\u00fcrfnisse und Vorlieben der Verbraucher<\/h3>\n\n\n\n<p>Fokusgruppen helfen Unternehmen, Marktl\u00fccken aufzudecken und Innovationsm\u00f6glichkeiten zu identifizieren. Diese Erkenntnisse helfen Unternehmen, Produkte zu entwickeln, die auf bestimmte Probleme der Verbraucher eingehen und so einen Mehrwert f\u00fcr das Unternehmen und den Kunden schaffen.<\/p>\n\n\n\n<p>For example, a focus group might reveal that consumers are looking for a particular feature in a product that is currently missing from the market. This process improves customer satisfaction and helps <a href=\"https:\/\/www.sisinternational.com\/de\/top-wettbewerber-benchmarking-unternehmen\/\" title=\"Top-Wettbewerbs-Benchmarking-Unternehmen\" data-wpil-monitor-id=\"1200\">companies differentiate themselves from competitors<\/a>.<\/p>\n\n\n\n<h3 class=\"wp-block-heading\">Anleitung von Produktentwicklungs- und Marketingstrategien<\/h3>\n\n\n\n<p>Focus group <a href=\"https:\/\/www.sisinternational.com\/de\/abdeckung\/die-amerikaner\/marktforschung-in-der-karibik\/marktforschung-guadeloupe\/\" title=\"Marktforschung in Guadeloupe\" data-wpil-monitor-id=\"6088\">research guides product development and refines marketing<\/a> strategies. Businesses can gather valuable feedback before launching their products by testing product concepts, packaging designs, and marketing messages in a focus group setting.&nbsp;<\/p>\n\n\n\n<p>Neben der Produktentwicklung unterst\u00fctzen Fokusgruppen Unternehmen auch bei der Verfeinerung ihrer Marketingstrategien, indem sie Einblicke in die Wahrnehmung ihrer Marke und Botschaften durch die Verbraucher bieten.&nbsp;<\/p>\n\n\n\n<h3 class=\"wp-block-heading\">Unterst\u00fctzung strategischer Gesch\u00e4ftsentscheidungen<\/h3>\n\n\n\n<p>\u00dcber die Produktentwicklung und das Marketing hinaus liefert die Fokusgruppenforschung Erkenntnisse f\u00fcr umfassendere strategische Gesch\u00e4ftsentscheidungen. Beispielsweise k\u00f6nnen Fokusgruppendiskussionen Aufschluss dar\u00fcber geben, wie Verbraucher die Werte einer Marke wahrnehmen, wie sie sie mit denen der Konkurrenz vergleichen und welche Faktoren ihre Kaufentscheidungen beeinflussen. Durch die Nutzung dieser Erkenntnisse k\u00f6nnen Unternehmen Strategien entwickeln, die den Verbraucherpr\u00e4ferenzen entsprechen, die Markenpositionierung verbessern und letztendlich den Markterfolg steigern.<\/p>\n\n\n\n<h2 class=\"wp-block-heading\">Was SIS International zu einem der f\u00fchrenden globalen Fokusgruppenunternehmen macht<\/h2>\n\n\n\n<p><a href=\"https:\/\/www.linkedin.com\/company\/sisinternationalresearch\/\" target=\"_blank\" rel=\"noopener\">SIS <\/a><span style=\"box-sizing: border-box; margin: 0px; padding: 0px;\"><a href=\"https:\/\/www.linkedin.com\/company\/sisinternationalresearch\/\" target=\"_blank\" rel=\"noopener\">Internationales<\/a><\/span> ist aufgrund seines einzigartigen Ansatzes, seiner globalen Expertise und seines Engagements, umsetzbare Erkenntnisse zu liefern, als eines der f\u00fchrenden globalen Fokusgruppenunternehmen bekannt. Unsere F\u00e4higkeit, die Komplexit\u00e4t des Verbraucherverhaltens zu verstehen und in strategische Chancen umzusetzen, macht uns zu einem vertrauensw\u00fcrdigen Partner f\u00fcr Unternehmen, die auf einem zunehmend komplexen globalen Markt erfolgreich sein wollen.<\/p>\n\n\n\n<ul class=\"wp-block-list\">\n<li><strong>Ma\u00dfgeschneiderte Fokusgruppenmethoden:<\/strong> Wir gestalten unsere Fokusgruppenforschung so, dass sie den spezifischen Anforderungen jedes Kunden entspricht und stellen sicher, dass unsere Erkenntnisse aussagekr\u00e4ftig und umsetzbar sind.<\/li>\n\n\n\n<li><strong>Globale und lokale Expertise:<\/strong> Unser Team aus erfahrenen Moderatoren bietet globale Perspektiven und lokale Einblicke und hilft Unternehmen, sich in den Feinheiten verschiedener M\u00e4rkte zurechtzufinden.<\/li>\n\n\n\n<li><strong>Kompetente Moderation f\u00fcr tiefe Einblicke:<\/strong> Unsere Moderatoren haben Erfahrung darin, Diskussionen zu leiten, nach tieferen Erkenntnissen zu suchen und sicherzustellen, dass alle Teilnehmer einen sinnvollen Beitrag leisten.<\/li>\n\n\n\n<li><strong>Umfangreiche Verbrauchereinblicke:<\/strong> Wir verwenden fortgeschrittene Fokusgruppentechniken, um die Emotionen, Motivationen und Einstellungen aufzudecken, die das Verbraucherverhalten bestimmen, und erm\u00f6glichen unseren Kunden so ein tieferes Verst\u00e4ndnis ihrer Zielgruppe.<\/li>\n\n\n\n<li><strong>Umfassende Analyse und Berichterstattung:<\/strong> Von Schl\u00fcsselthemen bis hin zu umsetzbaren Empfehlungen bieten wir eine vollst\u00e4ndige Analyse der Fokusgruppendiskussionen, sodass unsere Kunden fundierte strategische Entscheidungen treffen k\u00f6nnen.<\/li>\n\n\n\n<li><strong>Innovative Forschungsl\u00f6sungen:<\/strong> Unser Engagement f\u00fcr Innovation bedeutet, dass wir die neuesten Tools und Technologien nutzen, um qualitativ hochwertige Erkenntnisse zu liefern, die unseren Kunden helfen, der Konkurrenz einen Schritt voraus zu sein.<\/li>\n<\/ul>\n\n\n\n<h2 class=\"wp-block-heading\">\u00dcber SIS International<\/h2>\n\n\n\n<p><a href=\"https:\/\/www.sisinternational.com\/de\/\">SIS International<\/a> bietet quantitative, qualitative und strategische Forschung an. Wir liefern Daten, Tools, Strategien, Berichte und Erkenntnisse zur Entscheidungsfindung. Wir f\u00fchren auch Interviews, Umfragen, Fokusgruppen und andere Methoden und Ans\u00e4tze der Marktforschung durch.<a href=\"https:\/\/www.sisinternational.com\/de\/uber-sis-international-research\/contact-sis-international-market-research\/\"> Kontakt<\/a> f\u00fcr Ihr n\u00e4chstes Marktforschungsprojekt.<\/p>\n\n\n\n<hr class=\"wp-block-separator has-alpha-channel-opacity\"\/>","protected":false},"excerpt":{"rendered":"<p>Top Global Focus Group Company A top global focus group company offers a unique opportunity to capture the diverse perspectives and emotions that shape consumer behavior. Why are focus groups critical for gaining deep consumer insights? They provide the context that numbers alone cannot. SIS, a top global focus group firm, helps businesses understand the &#8230; <a title=\"Top-Unternehmen der Global Focus Group\" class=\"read-more\" href=\"https:\/\/www.sisinternational.com\/de\/losungen\/schwerpunktgruppen\/weltweit-fuhrendes-unternehmen-fur-fokusgruppen\/\" aria-label=\"Mehr Informationen \u00fcber Top Global Focus Group Company\">Weiterlesen \u2026<\/a><\/p>","protected":false},"author":1,"featured_media":66936,"parent":16287,"menu_order":8,"comment_status":"closed","ping_status":"closed","template":"","meta":{"footnotes":""},"class_list":["post-54211","page","type-page","status-publish","has-post-thumbnail"],"_links":{"self":[{"href":"https:\/\/www.sisinternational.com\/de\/wp-json\/wp\/v2\/pages\/54211","targetHints":{"allow":["GET"]}}],"collection":[{"href":"https:\/\/www.sisinternational.com\/de\/wp-json\/wp\/v2\/pages"}],"about":[{"href":"https:\/\/www.sisinternational.com\/de\/wp-json\/wp\/v2\/types\/page"}],"author":[{"embeddable":true,"href":"https:\/\/www.sisinternational.com\/de\/wp-json\/wp\/v2\/users\/1"}],"replies":[{"embeddable":true,"href":"https:\/\/www.sisinternational.com\/de\/wp-json\/wp\/v2\/comments?post=54211"}],"version-history":[{"count":11,"href":"https:\/\/www.sisinternational.com\/de\/wp-json\/wp\/v2\/pages\/54211\/revisions"}],"predecessor-version":[{"id":79716,"href":"https:\/\/www.sisinternational.com\/de\/wp-json\/wp\/v2\/pages\/54211\/revisions\/79716"}],"up":[{"embeddable":true,"href":"https:\/\/www.sisinternational.com\/de\/wp-json\/wp\/v2\/pages\/16287"}],"wp:featuredmedia":[{"embeddable":true,"href":"https:\/\/www.sisinternational.com\/de\/wp-json\/wp\/v2\/media\/66936"}],"wp:attachment":[{"href":"https:\/\/www.sisinternational.com\/de\/wp-json\/wp\/v2\/media?parent=54211"}],"curies":[{"name":"wp","href":"https:\/\/api.w.org\/{rel}","templated":true}]}}