{"id":54189,"date":"2024-11-27T02:27:01","date_gmt":"2024-11-27T07:27:01","guid":{"rendered":"https:\/\/www.sisinternational.com\/?page_id=54189"},"modified":"2026-03-11T09:52:41","modified_gmt":"2026-03-11T13:52:41","slug":"verbraucherprodukttests-in-new-york","status":"publish","type":"page","link":"https:\/\/www.sisinternational.com\/de\/sachverstand\/produkttests-marktforschung\/verbraucherprodukttests-in-new-york\/","title":{"rendered":"Verbraucherprodukttests in New York"},"content":{"rendered":"<h1 class=\"gb-headline gb-headline-e0ae9896 gb-headline-text\">Verbraucherprodukttests in New York<\/h1>\n\n\n\n<figure class=\"gb-block-image gb-block-image-bd2aa86d\"><img loading=\"lazy\" decoding=\"async\" width=\"1456\" height=\"816\" class=\"gb-image gb-image-bd2aa86d\" src=\"https:\/\/www.sisinternational.com\/wp-content\/uploads\/2025\/08\/Food-taste-testing-4.jpg\" alt=\"SIS International Marktforschung &amp; Strategie\" title=\"Food taste testing (4)\" srcset=\"https:\/\/www.sisinternational.com\/wp-content\/uploads\/2025\/08\/Food-taste-testing-4.jpg 1456w, https:\/\/www.sisinternational.com\/wp-content\/uploads\/2025\/08\/Food-taste-testing-4-300x168.jpg 300w, https:\/\/www.sisinternational.com\/wp-content\/uploads\/2025\/08\/Food-taste-testing-4-1024x574.jpg 1024w, https:\/\/www.sisinternational.com\/wp-content\/uploads\/2025\/08\/Food-taste-testing-4-768x430.jpg 768w, https:\/\/www.sisinternational.com\/wp-content\/uploads\/2025\/08\/Food-taste-testing-4-18x10.jpg 18w\" sizes=\"auto, (max-width: 1456px) 100vw, 1456px\"><\/figure>\n\n\n\n<hr class=\"wp-block-separator has-alpha-channel-opacity is-style-dots\"\/>\n\n\n\n<h3 class=\"wp-block-heading\"><span style=\"font-weight: 400;\">Durch Verbraucherprodukttests in New York erhalten Unternehmen direkten Zugang zu unterschiedlichen Meinungen und umsetzbaren Erkenntnissen und schaffen so die Grundlage f\u00fcr wirkungsvolle Produkteinf\u00fchrungen und langfristigen Markterfolg.<\/span><\/h3>\n\n\n\n<p><span style=\"font-weight: 400;\">Wie stellen Sie sicher, dass Ihr Produkt die Herzen Ihrer Zielgruppe erobert? Die Durchf\u00fchrung von Verbraucherprodukttests in New York ist der Schl\u00fcssel zur Gewinnung wertvoller Erkenntnisse.<\/span><\/p>\n\n\n\n<h2 class=\"wp-block-heading\"><strong>Die Bedeutung von Verbraucherprodukttests in New York<\/strong><\/h2>\n\n\n\n<p><span style=\"font-weight: 400;\">Verbraucherprodukttests in New York sind f\u00fcr Unternehmen, die erfolgreiche Produkte auf den Markt bringen m\u00f6chten, von entscheidender Bedeutung. Sie bieten Erkenntnisse, die \u00fcber die traditionelle Marktanalyse hinausgehen, und helfen Unternehmen, Angebote zu entwickeln, die bei ihrer Zielgruppe wirklich Anklang finden.<\/span><\/p>\n\n\n\n<ul class=\"wp-block-list\">\n<li><b>Verbraucherpr\u00e4ferenzen verstehen<\/b><b><br><\/b><span style=\"font-weight: 400;\">Durch Tests k\u00f6nnen Unternehmen herausfinden, was Verbraucher von ihren Produkten wollen und erwarten. Diese Daten helfen dabei, Merkmale, Design und Funktionalit\u00e4t zu verbessern, um den Marktanforderungen gerecht zu werden.<\/span><\/li>\n\n\n\n<li><b>Risiken minimieren<\/b><b><br><\/b><span style=\"font-weight: 400;\">Durch Verbraucherprodukttests werden potenzielle Probleme identifiziert, bevor ein Produkt auf den Markt kommt. Durch fr\u00fchzeitiges Angehen dieser Probleme k\u00f6nnen Unternehmen Zeit und Ressourcen sparen und den Ruf ihrer Marke sch\u00fctzen.<\/span><\/li>\n\n\n\n<li><b>Optimierung der Marktanpassung<\/b><b><br><\/b><span style=\"font-weight: 400;\">Die durch Tests gewonnenen Erkenntnisse helfen dabei, Produkte an die Vorlieben und Bed\u00fcrfnisse der Zielgruppe anzupassen. Diese Anpassung erh\u00f6ht die Wahrscheinlichkeit der Produktakzeptanz und der Zufriedenheit.<\/span><\/li>\n\n\n\n<li><b>Anpassung an lokale Trends<\/b><b><br><\/b><span style=\"font-weight: 400;\">New York ist eine Stadt, die Trends setzt, und damit ein idealer Standort f\u00fcr Verbrauchertests. Unternehmen k\u00f6nnen aufkommende Trends erkennen und ihre Produkte anpassen, um der Konkurrenz immer einen Schritt voraus zu sein.<\/span><\/li>\n\n\n\n<li><b>Aufbau von Verbrauchervertrauen<\/b><b><br><\/b><span style=\"font-weight: 400;\">Unternehmen bauen Vertrauen und Loyalit\u00e4t auf, wenn sie zeigen, dass sie das Feedback ihrer Kunden wertsch\u00e4tzen. Diese Verbindung f\u00f6rdert st\u00e4rkere Beziehungen zu den Kunden und verbessert die Markenwahrnehmung.<\/span><\/li>\n<\/ul>\n\n\n\n<h2 class=\"wp-block-heading\"><strong>Warum New York ideal f\u00fcr Verbraucherprodukttests ist<\/strong><\/h2>\n\n\n\n<figure class=\"gb-block-image gb-block-image-aaae6115\"><img loading=\"lazy\" decoding=\"async\" width=\"1456\" height=\"816\" class=\"gb-image gb-image-aaae6115\" src=\"https:\/\/www.sisinternational.com\/wp-content\/uploads\/2025\/08\/Food-taste-testing-19.jpg\" alt=\"SIS International Marktforschung &amp; Strategie\" title=\"Food taste testing (19)\" srcset=\"https:\/\/www.sisinternational.com\/wp-content\/uploads\/2025\/08\/Food-taste-testing-19.jpg 1456w, https:\/\/www.sisinternational.com\/wp-content\/uploads\/2025\/08\/Food-taste-testing-19-300x168.jpg 300w, https:\/\/www.sisinternational.com\/wp-content\/uploads\/2025\/08\/Food-taste-testing-19-1024x574.jpg 1024w, https:\/\/www.sisinternational.com\/wp-content\/uploads\/2025\/08\/Food-taste-testing-19-768x430.jpg 768w, https:\/\/www.sisinternational.com\/wp-content\/uploads\/2025\/08\/Food-taste-testing-19-18x10.jpg 18w\" sizes=\"auto, (max-width: 1456px) 100vw, 1456px\"><\/figure>\n\n\n\n<p><\/p>\n\n\n\n<p><span style=\"font-weight: 400;\">New York bietet eine einzigartige Kombination von Faktoren, die es zu einem beispiellosen Zentrum f\u00fcr Verbraucherprodukttests machen. Unternehmen k\u00f6nnen die Besonderheiten der Stadt nutzen, um aussagekr\u00e4ftige Erkenntnisse zu gewinnen und ihre Produkte zu verbessern.<\/span><\/p>\n\n\n\n<h3 class=\"wp-block-heading\"><span style=\"font-weight: 400;\">Vielf\u00e4ltige Verbraucherbasis<\/span><\/h3>\n\n\n\n<p><span style=\"font-weight: 400;\">Die multikulturelle Bev\u00f6lkerung New Yorks umfasst verschiedene Altersgruppen, Einkommensstufen und kulturelle Hintergr\u00fcnde. Diese Vielfalt stellt sicher, dass Unternehmen ihre Produkte mit einer breiten Palette von Verbraucherprofilen testen und wertvolles, umfassendes Feedback liefern k\u00f6nnen.<\/span><\/p>\n\n\n\n<h3 class=\"wp-block-heading\"><span style=\"font-weight: 400;\">Zukunftsweisende Umgebung<\/span><\/h3>\n\n\n\n<p><span style=\"font-weight: 400;\">As a global influencer in fashion, technology, food, and more, New York is where trends begin. Conducting consumer product testing here allows businesses to gauge how their <a href=\"https:\/\/www.sisinternational.com\/de\/73903-2\/\" title=\"Turn Consumer Flavor Preferences Into Winning Products\"  data-wpil-monitor-id=\"1544\">products align with emerging consumer preferences<\/a>.<\/span><\/p>\n\n\n\n<h3 class=\"wp-block-heading\"><span style=\"font-weight: 400;\">Dynamische Marktbedingungen<\/span><\/h3>\n\n\n\n<p><span style=\"font-weight: 400;\">Die Schnelllebigkeit und der Wettbewerb auf dem New Yorker Markt zwingen die Unternehmen dazu, ihre Angebote zu erneuern und zu verfeinern, um sicherzustellen, dass sie den hohen Erwartungen der lokalen Verbraucher entsprechen.<\/span><\/p>\n\n\n\n<h3 class=\"wp-block-heading\"><span style=\"font-weight: 400;\">Zugang zu hochmodernen Einrichtungen<\/span><\/h3>\n\n\n\n<p><span style=\"font-weight: 400;\">New <a href=\"https:\/\/www.sisinternational.com\/de\/losungen\/geschmackstest\/geschmackstesteinrichtungen-in-new-york\/\" title=\"Geschmackstesteinrichtungen in New York\"  data-wpil-monitor-id=\"4741\">York<\/a> has advanced research facilities supporting various testing methodologies, such as sensory evaluations, focus groups, and usability studies. These facilities provide businesses with the tools to conduct thorough and practical testing.<\/span><\/p>\n\n\n\n<h3 class=\"wp-block-heading\"><span style=\"font-weight: 400;\">Anwendung in der Praxis<\/span><\/h3>\n\n\n\n<p><span style=\"font-weight: 400;\">Die gesch\u00e4ftige Stadtlandschaft bietet M\u00f6glichkeiten f\u00fcr reale Testszenarien, wie etwa Pilotprojekte f\u00fcr Einzelhandelsgesch\u00e4fte, Pop-up-Shops und das Sammeln von Feedback auf der Stra\u00dfe. Diese Methoden liefern praktische Erkenntnisse, die in Laborumgebungen m\u00f6glicherweise nicht erfasst werden k\u00f6nnen.<\/span><\/p>\n\n\n\n<h3 class=\"wp-block-heading\"><span style=\"font-weight: 400;\">Globale Relevanz<\/span><\/h3>\n\n\n\n<p><span style=\"font-weight: 400;\">Aufgrund des internationalen Einflusses der Stadt lassen sich die in New York gewonnenen Erkenntnisse oft gut auf andere gro\u00dfe M\u00e4rkte \u00fcbertragen. Unternehmen k\u00f6nnen die Erkenntnisse aus New York nutzen, um Strategien f\u00fcr andere urbane und globale M\u00e4rkte zu entwickeln.<\/span><\/p>\n\n\n\n<h2 class=\"wp-block-heading\"><b>Vorteile von Verbraucherprodukttests in New York<\/b><\/h2>\n\n\n\n<figure class=\"gb-block-image gb-block-image-76e7c55c\"><img loading=\"lazy\" decoding=\"async\" width=\"1456\" height=\"816\" class=\"gb-image gb-image-76e7c55c\" src=\"https:\/\/www.sisinternational.com\/wp-content\/uploads\/2025\/08\/Food-taste-testing-3.jpg\" alt=\"SIS International Marktforschung &amp; Strategie\" title=\"Food taste testing (3)\" srcset=\"https:\/\/www.sisinternational.com\/wp-content\/uploads\/2025\/08\/Food-taste-testing-3.jpg 1456w, https:\/\/www.sisinternational.com\/wp-content\/uploads\/2025\/08\/Food-taste-testing-3-300x168.jpg 300w, https:\/\/www.sisinternational.com\/wp-content\/uploads\/2025\/08\/Food-taste-testing-3-1024x574.jpg 1024w, https:\/\/www.sisinternational.com\/wp-content\/uploads\/2025\/08\/Food-taste-testing-3-768x430.jpg 768w, https:\/\/www.sisinternational.com\/wp-content\/uploads\/2025\/08\/Food-taste-testing-3-18x10.jpg 18w\" sizes=\"auto, (max-width: 1456px) 100vw, 1456px\"><\/figure>\n\n\n\n<p><\/p>\n\n\n\n<p><span style=\"font-weight: 400;\">Conducting consumer <a href=\"https:\/\/www.sisinternational.com\/de\/losungen\/qualitative-quantitative-forschungslosungen\/der-vorteil-von-produkttests-in-new-york-gegenuber-la\/\" title=\"Der Vorteil von Produkttests in New York gegen\u00fcber LA\"  data-wpil-monitor-id=\"1589\">product testing in New York<\/a> offers numerous advantages that can help businesses fine-tune their offerings, improve consumer satisfaction, and ensure long-term market success \u2013 and here are some key benefits:<\/span><\/p>\n\n\n\n<ul class=\"wp-block-list\">\n<li><b>Umsetzbare Verbrauchereinblicke<\/b><b><br><\/b><span style=\"font-weight: 400;\">Durch Tests in einem vielf\u00e4ltigen, trendgetriebenen Markt erhalten Unternehmen tiefe Einblicke in die Wahrnehmung ihrer Produkte durch die Verbraucher und deren Interaktion mit ihnen.&nbsp;<\/span><\/li>\n\n\n\n<li><b>H\u00f6heres Engagement der Verbraucher<\/b><b><br><\/b><span style=\"font-weight: 400;\">New Yorker sind daf\u00fcr bekannt, dass sie sich aktiv an Testinitiativen wie Umfragen, Produkttests und Feedbacksitzungen beteiligen.&nbsp;<\/span><\/li>\n\n\n\n<li><b>Fr\u00fcherkennung von Problemen<\/b><b><br><\/b><span style=\"font-weight: 400;\">Durch Tests unter realen Bedingungen k\u00f6nnen M\u00e4ngel oder Schw\u00e4chen eines Produkts erkannt werden, bevor es in gr\u00f6\u00dferem Ma\u00dfstab auf den Markt gebracht wird.&nbsp;<\/span><\/li>\n\n\n\n<li><b>Mehr Vertrauen in Startentscheidungen<\/b><b><br><\/b><span style=\"font-weight: 400;\">Wenn ein Produkt auf der Grundlage von Kundenfeedback getestet und verbessert wurde, k\u00f6nnen Unternehmen ihre Einf\u00fchrungsstrategie mit gr\u00f6\u00dferer Zuversicht vorantreiben, da sie wissen, dass das Produkt den Bed\u00fcrfnissen und Erwartungen der Kunden entspricht.<\/span><\/li>\n\n\n\n<li><b>Kosteng\u00fcnstige Marketingstrategien<\/b><b><br><\/b><span style=\"font-weight: 400;\">Wenn Unternehmen durch Tests die Vorlieben der Verbraucher verstehen, k\u00f6nnen sie gezielte Marketingkampagnen entwickeln, die ihre Zielgruppe direkt ansprechen. Dies f\u00fchrt zu effektiveren und kosteneffizienteren Marketingbem\u00fchungen.<\/span><\/li>\n\n\n\n<li><b>Wettbewerbsvorteil<\/b><b><br><\/b><span style=\"font-weight: 400;\">Durch die Durchf\u00fchrung von Verbraucherprodukttests in New York k\u00f6nnen Unternehmen einen Wettbewerbsvorteil gegen\u00fcber der Konkurrenz erzielen. Die gesammelten Daten k\u00f6nnen verwendet werden, um ihre Produkte auf dem Markt zu differenzieren und sie f\u00fcr die Verbraucher hervorzuheben.<\/span><\/li>\n\n\n\n<li><b>Markentreue und Vertrauen<\/b><b><br><\/b><span style=\"font-weight: 400;\">Wenn Sie Ihren Kunden zeigen, dass ihr Feedback gesch\u00e4tzt wird, k\u00f6nnen Sie Loyalit\u00e4t und Vertrauen aufbauen. Diese Verbindung kann zu Folgeauftr\u00e4gen und positiven Mundpropaganda-Empfehlungen f\u00fchren, die f\u00fcr den langfristigen Erfolg einer Marke von unsch\u00e4tzbarem Wert sind.<\/span><\/li>\n<\/ul>\n\n\n\n<h3 class=\"wp-block-heading\"><strong>Standort: New York City<\/strong><\/h3>\n\n\n\n<p>\n\n\n\n<iframe loading=\"lazy\" src=\"https:\/\/www.google.com\/maps\/embed?pb=!1m18!1m12!1m3!1d3022.976188376966!2d-73.99130312499956!3d40.740549471389315!2m3!1f0!2f0!3f0!3m2!1i1024!2i768!4f13.1!3m3!1m2!1s0x89c259a15798c731%3A0xd695d09bdd495f25!2s11%20E%2022nd%20St%20FL%202%2C%20New%20York%2C%20NY%2010010%2C%20USA!5e0!3m2!1sen!2spe!4v1726171763526!5m2!1sen!2spe\" width=\"600\" height=\"450\" allowfullscreen=\"allowfullscreen\" data-mce-fragment=\"1\"><\/iframe>\n\n\n\n<\/p>\n\n\n\n<h3 class=\"wp-block-heading\">11 E 22nd Street, Floor 2, New York, NY 10010 T: +1(212) 505-6805<\/h3>\n\n\n\n<p>\n\n\n\n<\/p>\n\n\n\n<h4 class=\"wp-block-heading\"><strong>Standort-Highlights:<\/strong><\/h4>\n\n\n\n<p>\n\n\n\n<\/p>\n\n\n\n<ul class=\"wp-block-list\">\n<li>\n<ul class=\"wp-block-list\">\n<li>Flatiron District in Manhattan, nur wenige Schritte vom historischen Flatiron Building entfernt und in der N\u00e4he des Madison Square Park und des Union Square<\/li>\n<\/ul>\n<\/li>\n<\/ul>\n\n\n\n<p>\n\n\n\n<\/p>\n\n\n\n<ul class=\"wp-block-list\">\n<li>\n<ul class=\"wp-block-list\">\n<li>Zentral gelegen im Herzen von New York City, einer bedeutenden Weltstadt und der gr\u00f6\u00dften Stadt der Vereinigten Staaten<\/li>\n<\/ul>\n<\/li>\n<\/ul>\n\n\n\n<p>\n\n\n\n<\/p>\n\n\n\n<ul class=\"wp-block-list\">\n<li>\n<ul class=\"wp-block-list\">\n<li>Bequem zu zahlreichen Transportm\u00f6glichkeiten<\/li>\n<\/ul>\n<\/li>\n<\/ul>\n\n\n\n<p>\n\n\n\n<\/p>\n\n\n\n<ul class=\"wp-block-list\">\n<li>\n<ul class=\"wp-block-list\">\n<li>Liegt zwischen Broadway und Park Avenue in der 22. Stra\u00dfe, neben der \u201eKey Bank\u201c<\/li>\n<\/ul>\n<\/li>\n<\/ul>\n\n\n\n<p>\n\n\n\n<\/p>\n\n\n\n<ul class=\"wp-block-list\">\n<li>\n<ul class=\"wp-block-list\">\n<li>Broadway Local R Zug \u2013 22.\/23. Station<\/li>\n<\/ul>\n<\/li>\n<\/ul>\n\n\n\n<p>\n\n\n\n<\/p>\n\n\n\n<ul class=\"wp-block-list\">\n<li>\n<ul class=\"wp-block-list\">\n<li>Eastside Local 6 Zug - 23rd und Park Ave Station<\/li>\n<\/ul>\n<\/li>\n<\/ul>\n\n\n\n<p>\n\n\n\n<\/p>\n\n\n\n<ul class=\"wp-block-list\">\n<li>Westside Local 1 Zug \u2013 23rd und 6th Avenue Station<\/li>\n<\/ul>\n\n\n\n<h2 class=\"wp-block-heading\"><b>Was macht SIS International zu einem der f\u00fchrenden Unternehmen f\u00fcr Verbraucherprodukttests?<\/b><\/h2>\n\n\n\n<p><span style=\"font-weight: 400;\">Bei <a href=\"https:\/\/www.linkedin.com\/company\/sisinternationalresearch\/\" target=\"_blank\" rel=\"noopener\">SIS International<\/a>bieten wir umfassende Testdienstleistungen f\u00fcr Verbraucherprodukte an, die es Unternehmen erm\u00f6glichen, fundierte Entscheidungen zu treffen und ihre Produkte zu verbessern. Unser Expertenteam nutzt jahrzehntelange Erfahrung und einen strategischen Ansatz, um Marken zum Erfolg auf dem Markt zu verhelfen. Aus diesen Gr\u00fcnden ist SIS der beste Partner f\u00fcr Ihre Anforderungen an Verbraucherprodukttests in New York:<\/span><\/p>\n\n\n\n<h3 class=\"wp-block-heading\"><span style=\"font-weight: 400;\">40 Jahre Erfahrung<\/span><\/h3>\n\n\n\n<p><span style=\"font-weight: 400;\">Mit \u00fcber vier Jahrzehnten Branchenerfahrung bringt SIS International beispielloses Fachwissen mit. Wir verstehen die Komplexit\u00e4t des Verbraucherverhaltens und der Marktdynamik und stellen sicher, dass unsere Testmethoden zuverl\u00e4ssige, umsetzbare Erkenntnisse liefern.<\/span><\/p>\n\n\n\n<h3 class=\"wp-block-heading\"><span style=\"font-weight: 400;\">Zugang zu vielf\u00e4ltigen Verbraucherpanels<\/span><\/h3>\n\n\n\n<p><span style=\"font-weight: 400;\"><a href=\"https:\/\/twitter.com\/SISIntlResearch\" target=\"_blank\" rel=\"noopener\">SIS<\/a> hat Zugriff auf eine Vielzahl von Verbraucherpanels in New York, sodass Sie Ihre genaue Zielgruppe ansprechen k\u00f6nnen. Unser breiter Teilnehmerpool tr\u00e4gt dazu bei, dass Ihre Tests repr\u00e4sentativ sind und aussagekr\u00e4ftige Ergebnisse liefern.<\/span><\/p>\n\n\n\n<h3 class=\"wp-block-heading\"><span style=\"font-weight: 400;\">Hochmoderne Testeinrichtungen<\/span><\/h3>\n\n\n\n<p><span style=\"font-weight: 400;\">Wir nutzen hochmoderne Einrichtungen und fortschrittliche Testtechnologien, um genaue und umfassende Erkenntnisse zu liefern. Unsere Labore sind f\u00fcr verschiedene Testmethoden ausgestattet, von sensorischen Bewertungen bis hin zu Fokusgruppen und ausf\u00fchrlichen Interviews.<\/span><\/p>\n\n\n\n<h3 class=\"wp-block-heading\"><span style=\"font-weight: 400;\">Reale Testumgebungen<\/span><\/h3>\n\n\n\n<p><span style=\"font-weight: 400;\">Bei <a href=\"https:\/\/medium.com\/@sisinternational\/sis-international-c17160da8fac\" target=\"_blank\" rel=\"noopener\">SIS<\/a>Wir wissen, dass das Verbraucherverhalten h\u00e4ufig von realen Faktoren beeinflusst wird. Um authentischere und praktischere Einblicke zu bieten, umfassen unsere Testmethoden reale Szenarien, wie Produkttests zu Hause, Tests im Gesch\u00e4ft und Stra\u00dfenumfragen.<\/span><\/p>\n\n\n\n<h3 class=\"wp-block-heading\"><span style=\"font-weight: 400;\">Datengest\u00fctzte Erkenntnisse<\/span><\/h3>\n\n\n\n<p><span style=\"font-weight: 400;\">Unser Team verwendet fortschrittliche Analysetools, um Rohdaten in umsetzbare Erkenntnisse umzuwandeln. Mit unserer umfassenden Analyse verstehen Sie das Verbraucherverhalten besser und k\u00f6nnen fundiertere Entscheidungen f\u00fcr den Erfolg Ihres Produkts treffen.<\/span><\/p>\n\n\n\n<h3 class=\"wp-block-heading\"><span style=\"font-weight: 400;\">Globale Reichweite mit lokaler Expertise<\/span><\/h3>\n\n\n\n<p><span style=\"font-weight: 400;\">SIS International verbindet globales Fachwissen mit einem umfassenden Verst\u00e4ndnis des New Yorker Marktes. Wir bieten Testservices mit lokaler Relevanz und umfassenderen, auf internationale M\u00e4rkte anwendbaren Erkenntnissen.<\/span><\/p>\n\n\n\n<h3 class=\"wp-block-heading\"><span style=\"font-weight: 400;\">Verpflichtung zu ethischen Standards<\/span><\/h3>\n\n\n\n<p><span style=\"font-weight: 400;\">Bei all unseren Testverfahren legen wir Wert auf Transparenz, Vertraulichkeit und ethische Praktiken. Unsere Teilnehmer vertrauen uns, weil wir ihre Privatsph\u00e4re respektieren und sicherstellen, dass ihr Feedback verantwortungsvoll genutzt wird.<\/span><\/p>\n\n\n\n<h3 class=\"wp-block-heading\"><span style=\"font-weight: 400;\">Nachgewiesene Erfolgsbilanz<\/span><\/h3>\n\n\n\n<p><span style=\"font-weight: 400;\">Over the years, we have helped numerous brands launch successful products in New York and beyond. Our consistent success and client satisfaction speaks to the effectiveness of our consumer <a class=\"wpil_keyword_link\" href=\"https:\/\/www.sisinternational.com\/de\/losungen\/geschmackstest\/product-testing-services\/\" title=\"Product Testing Services\" data-wpil-keyword-link=\"linked\" data-wpil-monitor-id=\"174\">product testing services<\/a>.<\/span><\/p>\n\n\n\n<h2 class=\"wp-block-heading\"><strong>\u00dcber SIS International<\/strong><\/h2>\n\n\n\n<p><a href=\"https:\/\/www.sisinternational.com\/de\/\"><span style=\"font-weight: 400;\">SIS International<\/span><\/a><span style=\"font-weight: 400;\"> bietet quantitative, qualitative und strategische Forschung an. Wir liefern Daten, Tools, Strategien, Berichte und Erkenntnisse zur Entscheidungsfindung. Wir f\u00fchren auch Interviews, Umfragen, Fokusgruppen und andere Methoden und Ans\u00e4tze der Marktforschung durch.<\/span><a href=\"https:\/\/www.sisinternational.com\/de\/uber-sis-international-research\/contact-sis-international-market-research\/\"><span style=\"font-weight: 400;\"> Kontakt<\/span><\/a><span style=\"font-weight: 400;\"> f\u00fcr Ihr n\u00e4chstes Marktforschungsprojekt.<\/span><\/p>\n\n\n\n<hr class=\"wp-block-separator has-alpha-channel-opacity\"\/>\n\n\n\n<p>\n\n\n<\/p>\n<p><!-- \/wp:post-content --><\/p>\n<p><!-- wp:paragraph --><\/p>\n<p><!-- wp:paragraph --><\/p>\n<p><!-- \/wp:paragraph --><\/p>\n<p><!-- wp:paragraph --><\/p>\n<p><!-- \/wp:paragraph --><\/p>\n<p><!-- \/wp:paragraph --><\/p>","protected":false},"excerpt":{"rendered":"<p>Consumer Product Testing in New York Consumer product testing in New York gives companies direct access to diverse opinions and actionable insights, setting the stage for impactful product launches and long-term market success. How do you ensure your product captures the hearts of your target audience? Conducting consumer product testing in New York is the &#8230; <a title=\"Verbraucherprodukttests in New York\" class=\"read-more\" href=\"https:\/\/www.sisinternational.com\/de\/sachverstand\/produkttests-marktforschung\/verbraucherprodukttests-in-new-york\/\" aria-label=\"Mehr Informationen \u00fcber Consumer Product Testing in New York\">Weiterlesen \u2026<\/a><\/p>","protected":false},"author":1,"featured_media":64707,"parent":12926,"menu_order":3,"comment_status":"closed","ping_status":"closed","template":"","meta":{"footnotes":""},"class_list":["post-54189","page","type-page","status-publish","has-post-thumbnail"],"_links":{"self":[{"href":"https:\/\/www.sisinternational.com\/de\/wp-json\/wp\/v2\/pages\/54189","targetHints":{"allow":["GET"]}}],"collection":[{"href":"https:\/\/www.sisinternational.com\/de\/wp-json\/wp\/v2\/pages"}],"about":[{"href":"https:\/\/www.sisinternational.com\/de\/wp-json\/wp\/v2\/types\/page"}],"author":[{"embeddable":true,"href":"https:\/\/www.sisinternational.com\/de\/wp-json\/wp\/v2\/users\/1"}],"replies":[{"embeddable":true,"href":"https:\/\/www.sisinternational.com\/de\/wp-json\/wp\/v2\/comments?post=54189"}],"version-history":[{"count":13,"href":"https:\/\/www.sisinternational.com\/de\/wp-json\/wp\/v2\/pages\/54189\/revisions"}],"predecessor-version":[{"id":78703,"href":"https:\/\/www.sisinternational.com\/de\/wp-json\/wp\/v2\/pages\/54189\/revisions\/78703"}],"up":[{"embeddable":true,"href":"https:\/\/www.sisinternational.com\/de\/wp-json\/wp\/v2\/pages\/12926"}],"wp:featuredmedia":[{"embeddable":true,"href":"https:\/\/www.sisinternational.com\/de\/wp-json\/wp\/v2\/media\/64707"}],"wp:attachment":[{"href":"https:\/\/www.sisinternational.com\/de\/wp-json\/wp\/v2\/media?parent=54189"}],"curies":[{"name":"wp","href":"https:\/\/api.w.org\/{rel}","templated":true}]}}