{"id":54183,"date":"2024-11-27T02:26:53","date_gmt":"2024-11-27T07:26:53","guid":{"rendered":"https:\/\/www.sisinternational.com\/?page_id=54183"},"modified":"2026-03-11T11:44:45","modified_gmt":"2026-03-11T15:44:45","slug":"neue-produktforschung-in-new-york","status":"publish","type":"page","link":"https:\/\/www.sisinternational.com\/de\/sachverstand\/produkttests-marktforschung\/neue-produktforschung-in-new-york\/","title":{"rendered":"Neue Produktforschung in New York"},"content":{"rendered":"<h1 class=\"gb-headline gb-headline-99e6bcf2 gb-headline-text\">Neue Produktforschung in New York<\/h1>\n\n\n\n<figure class=\"gb-block-image gb-block-image-c831a46b\"><img loading=\"lazy\" decoding=\"async\" width=\"1456\" height=\"816\" class=\"gb-image gb-image-c831a46b\" src=\"https:\/\/www.sisinternational.com\/wp-content\/uploads\/2025\/09\/Beauty-product-2.jpg\" alt=\"SIS International Marktforschung &amp; Strategie\" title=\"Beauty product (2)\" srcset=\"https:\/\/www.sisinternational.com\/wp-content\/uploads\/2025\/09\/Beauty-product-2.jpg 1456w, https:\/\/www.sisinternational.com\/wp-content\/uploads\/2025\/09\/Beauty-product-2-300x168.jpg 300w, https:\/\/www.sisinternational.com\/wp-content\/uploads\/2025\/09\/Beauty-product-2-1024x574.jpg 1024w, https:\/\/www.sisinternational.com\/wp-content\/uploads\/2025\/09\/Beauty-product-2-768x430.jpg 768w, https:\/\/www.sisinternational.com\/wp-content\/uploads\/2025\/09\/Beauty-product-2-18x10.jpg 18w\" sizes=\"auto, (max-width: 1456px) 100vw, 1456px\"><\/figure>\n\n\n\n<hr class=\"wp-block-separator has-alpha-channel-opacity is-style-dots\"\/>\n\n\n\n<h3 class=\"wp-block-heading\"><span style=\"font-weight: 400;\">Die Produktforschung in New York kombiniert die dynamische Verbraucherbasis der Stadt mit modernsten Methoden, um Unternehmen dabei zu helfen, Konzepte zu validieren, Angebote zu optimieren und Risiken zu minimieren.<\/span><\/h3>\n\n\n\n<p><span style=\"font-weight: 400;\">Was macht ein Produkt zum Hit? Die Antwort liegt darin, sein Publikum und den Markt zu verstehen. Hier kommt die Produktforschung in New York ins Spiel. Mit seinem lebhaften Kulturmix und einer trendsetzenden Verbraucherbasis bietet New York die perfekte Umgebung, um umsetzbare Erkenntnisse zu gewinnen.&nbsp;<\/span><\/p>\n\n\n\n<h2 class=\"wp-block-heading\"><strong>Warum die Forschung zu neuen Produkten so wichtig ist<\/strong><\/h2>\n\n\n\n<p><span style=\"font-weight: 400;\">In einem schnelllebigen Markt, in dem Innovation von entscheidender Bedeutung ist, m\u00fcssen Unternehmen sicherstellen, dass ihre Ideen durch Daten und Erkenntnisse untermauert werden. Die Produktforschung in New York hilft Unternehmen dabei, Produkte zu entwickeln, die bei ihrer Zielgruppe Anklang finden und sich von der Konkurrenz abheben. Sie erm\u00f6glicht vor allem Unternehmen in folgenden Bereichen:<\/span><\/p>\n\n\n\n<figure class=\"gb-block-image gb-block-image-37cfcccb\"><img loading=\"lazy\" decoding=\"async\" width=\"1024\" height=\"762\" class=\"gb-image gb-image-37cfcccb\" src=\"https:\/\/www.sisinternational.com\/wp-content\/uploads\/2024\/11\/New-Product-Research-1024x762.png\" srcset=\"https:\/\/www.sisinternational.com\/wp-content\/uploads\/2024\/11\/New-Product-Research-1024x762.png 1024w, https:\/\/www.sisinternational.com\/wp-content\/uploads\/2024\/11\/New-Product-Research-300x223.png 300w, https:\/\/www.sisinternational.com\/wp-content\/uploads\/2024\/11\/New-Product-Research-768x571.png 768w, https:\/\/www.sisinternational.com\/wp-content\/uploads\/2024\/11\/New-Product-Research-1536x1143.png 1536w, https:\/\/www.sisinternational.com\/wp-content\/uploads\/2024\/11\/New-Product-Research-16x12.png 16w, https:\/\/www.sisinternational.com\/wp-content\/uploads\/2024\/11\/New-Product-Research.png 1894w\" sizes=\"auto, (max-width: 1024px) 100vw, 1024px\" alt=\"SIS International Marktforschung &amp; Strategie\"><\/figure>\n\n\n\n<p><\/p>\n\n\n\n<h3 class=\"wp-block-heading\">&nbsp;<\/h3>\n\n\n\n<h3 class=\"wp-block-heading\"><span style=\"font-weight: 400;\">Risikominimierung<\/span><\/h3>\n\n\n\n<p><span style=\"font-weight: 400;\">New product <a href=\"https:\/\/www.sisinternational.com\/de\/losungen\/strategieberatung\/proof-of-concept-forschung\/\" title=\"Proof of Concept-Forschung\"  data-wpil-monitor-id=\"6824\">research reduces uncertainty by validating concepts<\/a>, ensuring that businesses invest in ideas with real market potential.<\/span><\/p>\n\n\n\n<h3 class=\"wp-block-heading\"><span style=\"font-weight: 400;\">Die Bed\u00fcrfnisse der Verbraucher verstehen<\/span><\/h3>\n\n\n\n<p><span style=\"font-weight: 400;\">Durch das Verst\u00e4ndnis ihrer Schwachstellen k\u00f6nnen Unternehmen Produkte entwickeln, die echte L\u00f6sungen und Mehrwert bieten.<\/span><\/p>\n\n\n\n<h3 class=\"wp-block-heading\"><span style=\"font-weight: 400;\">Optimieren von Produktfunktionen<\/span><\/h3>\n\n\n\n<p><span style=\"font-weight: 400;\">Durch Tests und Analysen k\u00f6nnen Unternehmen Produkteigenschaften wie Funktionalit\u00e4t, Design und Preis verfeinern.&nbsp;<\/span><\/p>\n\n\n\n<h3 class=\"wp-block-heading\"><span style=\"font-weight: 400;\">Wettbewerbsvorteil<\/span><\/h3>\n\n\n\n<p><span style=\"font-weight: 400;\">Durch Recherchen erhalten Sie Einblicke in Konkurrenzprodukte, Marktl\u00fccken und neue Trends. Diese Informationen erm\u00f6glichen es Unternehmen, ihre Angebote zu differenzieren und sich strategisch zu positionieren.<\/span><\/p>\n\n\n\n<h3 class=\"wp-block-heading\"><span style=\"font-weight: 400;\">Marktreife<\/span><\/h3>\n\n\n\n<p><span style=\"font-weight: 400;\">New <a href=\"https:\/\/www.sisinternational.com\/de\/abdeckung\/die-amerikaner\/usa-berichterstattung\/marktforschung-in-iowa\/\" title=\"Marktforschung in Iowa\"  data-wpil-monitor-id=\"5574\">Produkt<\/a> research ensures products are fully aligned with market demands before launch.&nbsp;<\/span><\/p>\n\n\n\n<h2 class=\"wp-block-heading\"><strong>Schl\u00fcsselkomponenten einer effektiven Neuproduktforschung<\/strong><\/h2>\n\n\n\n<figure class=\"gb-block-image gb-block-image-db5cc1fb\"><img loading=\"lazy\" decoding=\"async\" width=\"1456\" height=\"816\" class=\"gb-image gb-image-db5cc1fb\" src=\"https:\/\/www.sisinternational.com\/wp-content\/uploads\/2025\/08\/Food-taste-testing-7.jpg\" alt=\"SIS International Marktforschung &amp; Strategie\" title=\"Food taste testing (7)\" srcset=\"https:\/\/www.sisinternational.com\/wp-content\/uploads\/2025\/08\/Food-taste-testing-7.jpg 1456w, https:\/\/www.sisinternational.com\/wp-content\/uploads\/2025\/08\/Food-taste-testing-7-300x168.jpg 300w, https:\/\/www.sisinternational.com\/wp-content\/uploads\/2025\/08\/Food-taste-testing-7-1024x574.jpg 1024w, https:\/\/www.sisinternational.com\/wp-content\/uploads\/2025\/08\/Food-taste-testing-7-768x430.jpg 768w, https:\/\/www.sisinternational.com\/wp-content\/uploads\/2025\/08\/Food-taste-testing-7-18x10.jpg 18w\" sizes=\"auto, (max-width: 1456px) 100vw, 1456px\"><\/figure>\n\n\n\n<p><\/p>\n\n\n\n<p><span style=\"font-weight: 400;\">Die Produktforschung in New York erfordert einen strukturierten Ansatz, um aussagekr\u00e4ftige Erkenntnisse zu gewinnen. Diese Komponenten bewerten umfassend das Potenzial und die Markttauglichkeit des Produkts.<\/span><\/p>\n\n\n\n<ol class=\"wp-block-list\">\n<li><b> Marktanalyse<\/b><\/li>\n<\/ol>\n\n\n\n<p><span style=\"font-weight: 400;\">In diesem Schritt werden Branchentrends, Verbraucherverhalten und Wettbewerbsumfeld bewertet, um f\u00fcr das jeweilige Produkt relevante Chancen und Risiken zu identifizieren.<\/span><\/p>\n\n\n\n<ol start=\"2\" class=\"wp-block-list\">\n<li><b> Verbrauchereinblicke<\/b><\/li>\n<\/ol>\n\n\n\n<p><span style=\"font-weight: 400;\">Es ist entscheidend, Feedback direkt von der Zielgruppe zu sammeln. Methoden wie Umfragen, Interviews und Fokusgruppen helfen dabei, die Bed\u00fcrfnisse, Vorlieben und Schwachstellen der Verbraucher aufzudecken.<\/span><\/p>\n\n\n\n<ol start=\"3\" class=\"wp-block-list\">\n<li><b> Konzepttests<\/b><\/li>\n<\/ol>\n\n\n\n<p><span style=\"font-weight: 400;\">Vor der Entwicklung k\u00f6nnen Unternehmen Produktkonzepte testen, um ihre Attraktivit\u00e4t zu ermitteln und Ideen zu verfeinern. Sp\u00e4ter konzentrieren sie sich auf Funktionen, die f\u00fcr die Verbraucher am wichtigsten sind.<\/span><\/p>\n\n\n\n<ol start=\"4\" class=\"wp-block-list\">\n<li><b> Prototyping und Produkttests<\/b><\/li>\n<\/ol>\n\n\n\n<p><span style=\"font-weight: 400;\">Durch die Erstellung von Prototypen k\u00f6nnen Unternehmen die Funktionalit\u00e4t, das Design und die Benutzerfreundlichkeit von Produkten beurteilen und so sicherstellen, dass sie die Erwartungen der Verbraucher erf\u00fcllen und einen Mehrwert bieten.<\/span><\/p>\n\n\n\n<ol start=\"5\" class=\"wp-block-list\">\n<li><b> Analyse der Preisstrategie<\/b><\/li>\n<\/ol>\n\n\n\n<p><span style=\"font-weight: 400;\">Durch die Analyse der Zahlungsbereitschaft der Verbraucher und der wettbewerbsf\u00e4higen Preisstrukturen k\u00f6nnen Unternehmen mithilfe von Forschungsergebnissen optimale Preispunkte bestimmen.<\/span><\/p>\n\n\n\n<ol start=\"6\" class=\"wp-block-list\">\n<li><b> Feedback zu Verpackung und Branding<\/b><\/li>\n<\/ol>\n\n\n\n<p><span style=\"font-weight: 400;\">Research in this area ensures the <a href=\"https:\/\/www.sisinternational.com\/de\/abdeckung\/die-amerikaner\/usa-berichterstattung\/marktforschung-in-kansas\/\" title=\"Marktforschung in Kansas\"  data-wpil-monitor-id=\"5591\">product\u2019s<\/a> visual identity aligns with consumer preferences and enhances market appeal.<\/span><\/p>\n\n\n\n<ol start=\"7\" class=\"wp-block-list\">\n<li><b> Wettbewerbsvergleich<\/b><\/li>\n<\/ol>\n\n\n\n<p><span style=\"font-weight: 400;\">Durch den Vergleich des neuen Produkts mit bestehenden Wettbewerbern werden Alleinstellungsmerkmale und Verbesserungsbereiche hervorgehoben und so eine Differenzierung auf dem Markt sichergestellt.<\/span><\/p>\n\n\n\n<ol start=\"8\" class=\"wp-block-list\">\n<li><b> Iteratives Testen und Verfeinern<\/b><\/li>\n<\/ol>\n\n\n\n<p><span style=\"font-weight: 400;\">Unternehmen k\u00f6nnen das Produkt anhand des Feedbacks wiederholt testen und verfeinern und so sicherstellen, dass es vor der Markteinf\u00fchrung marktreif ist.<\/span><\/p>\n\n\n\n<h3 class=\"wp-block-heading\"><strong>Standort: New York City<\/strong><\/h3>\n\n\n\n<p>\n\n\n\n<iframe loading=\"lazy\" src=\"https:\/\/www.google.com\/maps\/embed?pb=!1m18!1m12!1m3!1d3022.976188376966!2d-73.99130312499956!3d40.740549471389315!2m3!1f0!2f0!3f0!3m2!1i1024!2i768!4f13.1!3m3!1m2!1s0x89c259a15798c731%3A0xd695d09bdd495f25!2s11%20E%2022nd%20St%20FL%202%2C%20New%20York%2C%20NY%2010010%2C%20USA!5e0!3m2!1sen!2spe!4v1726171763526!5m2!1sen!2spe\" width=\"600\" height=\"450\" allowfullscreen=\"allowfullscreen\" data-mce-fragment=\"1\"><\/iframe>\n\n\n\n<\/p>\n\n\n\n<h3 class=\"wp-block-heading\">11 E 22nd Street, Floor 2, New York, NY 10010 T: +1(212) 505-6805<\/h3>\n\n\n\n<p>\n\n\n\n<\/p>\n\n\n\n<h4 class=\"wp-block-heading\"><strong>Standort-Highlights:<\/strong><\/h4>\n\n\n\n<p>\n\n\n\n<\/p>\n\n\n\n<ul class=\"wp-block-list\">\n<li>\n<ul class=\"wp-block-list\">\n<li>Flatiron District in Manhattan, nur wenige Schritte vom historischen Flatiron Building entfernt und in der N\u00e4he des Madison Square Park und des Union Square<\/li>\n<\/ul>\n<\/li>\n<\/ul>\n\n\n\n<p>\n\n\n\n<\/p>\n\n\n\n<ul class=\"wp-block-list\">\n<li>\n<ul class=\"wp-block-list\">\n<li>Zentral gelegen im Herzen von New York City, einer bedeutenden Weltstadt und der gr\u00f6\u00dften Stadt der Vereinigten Staaten<\/li>\n<\/ul>\n<\/li>\n<\/ul>\n\n\n\n<p>\n\n\n\n<\/p>\n\n\n\n<ul class=\"wp-block-list\">\n<li>\n<ul class=\"wp-block-list\">\n<li>Bequem zu zahlreichen Transportm\u00f6glichkeiten<\/li>\n<\/ul>\n<\/li>\n<\/ul>\n\n\n\n<p>\n\n\n\n<\/p>\n\n\n\n<ul class=\"wp-block-list\">\n<li>\n<ul class=\"wp-block-list\">\n<li>Liegt zwischen Broadway und Park Avenue in der 22. Stra\u00dfe, neben der \u201eKey Bank\u201c<\/li>\n<\/ul>\n<\/li>\n<\/ul>\n\n\n\n<p>\n\n\n\n<\/p>\n\n\n\n<ul class=\"wp-block-list\">\n<li>\n<ul class=\"wp-block-list\">\n<li>Broadway Local R Zug \u2013 22.\/23. Station<\/li>\n<\/ul>\n<\/li>\n<\/ul>\n\n\n\n<p>\n\n\n\n<\/p>\n\n\n\n<ul class=\"wp-block-list\">\n<li>\n<ul class=\"wp-block-list\">\n<li>Eastside Local 6 Zug - 23rd und Park Ave Station<\/li>\n<\/ul>\n<\/li>\n<\/ul>\n\n\n\n<p>\n\n\n\n<\/p>\n\n\n\n<ul class=\"wp-block-list\">\n<li>Westside Local 1 Zug \u2013 23rd und 6th Avenue Station<\/li>\n<\/ul>\n\n\n\n<h2 class=\"wp-block-heading\"><strong>Was macht SIS International zu einem Top-Anbieter f\u00fcr Neuproduktforschung?<\/strong><\/h2>\n\n\n\n<p><span style=\"font-weight: 400;\">Unser Team bietet die n\u00f6tigen Einblicke, um Unternehmen bei der Entwicklung von Produkten zu unterst\u00fctzen, die bei ihren Zielgruppen Anklang finden und auf wettbewerbsintensiven M\u00e4rkten erfolgreich sind. Hier erfahren Sie, warum <a href=\"https:\/\/www.linkedin.com\/company\/sisinternationalresearch\/\" target=\"_blank\" rel=\"noopener\">SIS International<\/a> ist die erste Wahl f\u00fcr die Erforschung neuer Produkte:<\/span><\/p>\n\n\n\n<h3 class=\"wp-block-heading\"><span style=\"font-weight: 400;\">Jahrzehntelange bew\u00e4hrte Erfahrung<\/span><\/h3>\n\n\n\n<p><span style=\"font-weight: 400;\">Mit \u00fcber 40 Jahren Erfahrung in der Marktforschung verf\u00fcgt SIS International \u00fcber eine solide Erfolgsbilanz bei der Bereitstellung umsetzbarer Erkenntnisse f\u00fcr Unternehmen aller Branchen.<\/span><\/p>\n\n\n\n<h3 class=\"wp-block-heading\"><span style=\"font-weight: 400;\">Ma\u00dfgeschneiderte Forschungsl\u00f6sungen<\/span><\/h3>\n\n\n\n<p><span style=\"font-weight: 400;\">Unser Team arbeitet eng mit Kunden zusammen, um ma\u00dfgeschneiderte Forschungsstrategien zu entwickeln, die auf ihre individuellen Ziele und Herausforderungen abgestimmt sind.<\/span><\/p>\n\n\n\n<h3 class=\"wp-block-heading\"><span style=\"font-weight: 400;\">Rekrutierung vielf\u00e4ltiger Teilnehmer<\/span><\/h3>\n\n\n\n<p><span style=\"font-weight: 400;\">SIS nutzt die multikulturelle Bev\u00f6lkerung New Yorks und gew\u00e4hrleistet den Zugriff auf einen repr\u00e4sentativen Teilnehmerpool, der Einblicke bietet, die die realen M\u00e4rkte widerspiegeln.<\/span><\/p>\n\n\n\n<h3 class=\"wp-block-heading\"><span style=\"font-weight: 400;\">Hochmoderne Einrichtungen<\/span><\/h3>\n\n\n\n<p><span style=\"font-weight: 400;\"><a href=\"https:\/\/twitter.com\/SISIntlResearch\" target=\"_blank\" rel=\"noopener\">SIS<\/a> bietet hochmoderne Forschungseinrichtungen f\u00fcr Fokusgruppen, Produkttests und sensorische Bewertungen und gew\u00e4hrleistet so optimale Bedingungen f\u00fcr wirkungsvolle Forschung.<\/span><\/p>\n\n\n\n<h3 class=\"wp-block-heading\"><span style=\"font-weight: 400;\">Kompetentes Team von Spezialisten<\/span><\/h3>\n\n\n\n<p><span style=\"font-weight: 400;\">Unsere erfahrenen Forscher, Moderatoren und Analysten bringen Branchenkenntnisse und fortgeschrittene F\u00e4higkeiten in jedes Projekt ein.<\/span><\/p>\n\n\n\n<h3 class=\"wp-block-heading\"><span style=\"font-weight: 400;\">Umfassende Markteinblicke<\/span><\/h3>\n\n\n\n<p><span style=\"font-weight: 400;\"><a href=\"https:\/\/medium.com\/@sisinternational\/sis-international-c17160da8fac\" target=\"_blank\" rel=\"noopener\">SIS<\/a> geht \u00fcber die Rohdaten hinaus und liefert detaillierte Analysen und Empfehlungen, die es den Kunden erm\u00f6glichen, fundierte Entscheidungen zu treffen.<\/span><\/p>\n\n\n\n<h3 class=\"wp-block-heading\"><span style=\"font-weight: 400;\">Skalierbarkeit f\u00fcr alle Unternehmen<\/span><\/h3>\n\n\n\n<p><span style=\"font-weight: 400;\">Ob bei der Arbeit mit Startups oder multinationalen Konzernen: SIS bietet skalierbare Forschungsl\u00f6sungen f\u00fcr unterschiedliche Bed\u00fcrfnisse und Budgets.<\/span><\/p>\n\n\n\n<h3 class=\"wp-block-heading\"><span style=\"font-weight: 400;\">Strategische Lage in New York<\/span><\/h3>\n\n\n\n<p><span style=\"font-weight: 400;\">SIS liegt in einer der dynamischsten St\u00e4dte der Welt und bietet beispiellosen Zugang zu vielf\u00e4ltigen M\u00e4rkten und zukunftsweisendem Verbraucherverhalten.<\/span><\/p>\n\n\n\n<h3 class=\"wp-block-heading\"><span style=\"font-weight: 400;\">Verpflichtung zu Qualit\u00e4t und Genauigkeit<\/span><\/h3>\n\n\n\n<p><span style=\"font-weight: 400;\">Bei SIS legen wir bei jedem Forschungsprojekt Wert auf Pr\u00e4zision und Zuverl\u00e4ssigkeit und stellen sicher, dass unsere Kunden Erkenntnisse erhalten, denen sie vertrauen k\u00f6nnen.<\/span><\/p>\n\n\n\n<h3 class=\"wp-block-heading\"><span style=\"font-weight: 400;\">Nachgewiesener Erfolg mit Top-Marken<\/span><\/h3>\n\n\n\n<p><span style=\"font-weight: 400;\">SIS International is a trusted partner to leading global brands, delivering <a href=\"https:\/\/www.sisinternational.com\/de\/abdeckung\/die-amerikaner\/usa-berichterstattung\/marktforschung-auf-hawaii\/\" title=\"Marktforschung auf Hawaii\" data-wpil-monitor-id=\"5608\">research that drives product innovation and market<\/a> success.<\/span><\/p>\n\n\n\n<h2 class=\"wp-block-heading\"><strong>\u00dcber SIS International<\/strong><\/h2>\n\n\n\n<p><a href=\"https:\/\/www.sisinternational.com\/de\/\"><span style=\"font-weight: 400;\">SIS International<\/span><\/a><span style=\"font-weight: 400;\"> bietet quantitative, qualitative und strategische Forschung an. Wir liefern Daten, Tools, Strategien, Berichte und Erkenntnisse zur Entscheidungsfindung. Wir f\u00fchren auch Interviews, Umfragen, Fokusgruppen und andere Methoden und Ans\u00e4tze der Marktforschung durch.<\/span><a href=\"https:\/\/www.sisinternational.com\/de\/uber-sis-international-research\/contact-sis-international-market-research\/\"><span style=\"font-weight: 400;\"> Kontakt<\/span><\/a><span style=\"font-weight: 400;\"> f\u00fcr Ihr n\u00e4chstes Marktforschungsprojekt.<\/span><\/p>\n\n\n\n<hr class=\"wp-block-separator has-alpha-channel-opacity\"\/>\n\n\n\n<p>\n\n\n<\/p>\n<p><!-- \/wp:post-content --><\/p>","protected":false},"excerpt":{"rendered":"<p>New Product Research in New York New product research in New York combines the city\u2019s dynamic consumer base with cutting-edge methodologies to help businesses validate concepts, optimize offerings, and minimize risks. What makes a product a hit? The answer lies in understanding your audience and the market. That\u2019s where new product research in New York &#8230; <a title=\"Neue Produktforschung in New York\" class=\"read-more\" href=\"https:\/\/www.sisinternational.com\/de\/sachverstand\/produkttests-marktforschung\/neue-produktforschung-in-new-york\/\" aria-label=\"Mehr Informationen \u00fcber New Product Research in New York\">Weiterlesen \u2026<\/a><\/p>","protected":false},"author":1,"featured_media":68805,"parent":12926,"menu_order":28,"comment_status":"closed","ping_status":"closed","template":"","meta":{"footnotes":""},"class_list":["post-54183","page","type-page","status-publish","has-post-thumbnail"],"_links":{"self":[{"href":"https:\/\/www.sisinternational.com\/de\/wp-json\/wp\/v2\/pages\/54183","targetHints":{"allow":["GET"]}}],"collection":[{"href":"https:\/\/www.sisinternational.com\/de\/wp-json\/wp\/v2\/pages"}],"about":[{"href":"https:\/\/www.sisinternational.com\/de\/wp-json\/wp\/v2\/types\/page"}],"author":[{"embeddable":true,"href":"https:\/\/www.sisinternational.com\/de\/wp-json\/wp\/v2\/users\/1"}],"replies":[{"embeddable":true,"href":"https:\/\/www.sisinternational.com\/de\/wp-json\/wp\/v2\/comments?post=54183"}],"version-history":[{"count":14,"href":"https:\/\/www.sisinternational.com\/de\/wp-json\/wp\/v2\/pages\/54183\/revisions"}],"predecessor-version":[{"id":80400,"href":"https:\/\/www.sisinternational.com\/de\/wp-json\/wp\/v2\/pages\/54183\/revisions\/80400"}],"up":[{"embeddable":true,"href":"https:\/\/www.sisinternational.com\/de\/wp-json\/wp\/v2\/pages\/12926"}],"wp:featuredmedia":[{"embeddable":true,"href":"https:\/\/www.sisinternational.com\/de\/wp-json\/wp\/v2\/media\/68805"}],"wp:attachment":[{"href":"https:\/\/www.sisinternational.com\/de\/wp-json\/wp\/v2\/media?parent=54183"}],"curies":[{"name":"wp","href":"https:\/\/api.w.org\/{rel}","templated":true}]}}