{"id":54171,"date":"2024-11-27T01:59:09","date_gmt":"2024-11-27T06:59:09","guid":{"rendered":"https:\/\/www.sisinternational.com\/?page_id=54171"},"modified":"2025-10-22T23:16:53","modified_gmt":"2025-10-23T03:16:53","slug":"geschmackstesteinrichtungen-in-new-york","status":"publish","type":"page","link":"https:\/\/www.sisinternational.com\/de\/losungen\/geschmackstest\/geschmackstesteinrichtungen-in-new-york\/","title":{"rendered":"Geschmackstesteinrichtungen in New York"},"content":{"rendered":"<div class=\"gb-container gb-container-432d1525\">\n\n<h1 class=\"wp-block-heading\">Geschmackstesteinrichtungen in New York<\/h1>\n\n\n\n<figure class=\"gb-block-image gb-block-image-a392500d\"><img loading=\"lazy\" decoding=\"async\" width=\"1456\" height=\"816\" class=\"gb-image gb-image-a392500d\" src=\"https:\/\/www.sisinternational.com\/wp-content\/uploads\/2025\/09\/New-York-12.jpg\" alt=\"SIS International Marktforschung &amp; Strategie\" title=\"New York (12)\" srcset=\"https:\/\/www.sisinternational.com\/wp-content\/uploads\/2025\/09\/New-York-12.jpg 1456w, https:\/\/www.sisinternational.com\/wp-content\/uploads\/2025\/09\/New-York-12-300x168.jpg 300w, https:\/\/www.sisinternational.com\/wp-content\/uploads\/2025\/09\/New-York-12-1024x574.jpg 1024w, https:\/\/www.sisinternational.com\/wp-content\/uploads\/2025\/09\/New-York-12-768x430.jpg 768w, https:\/\/www.sisinternational.com\/wp-content\/uploads\/2025\/09\/New-York-12-18x10.jpg 18w\" sizes=\"auto, (max-width: 1456px) 100vw, 1456px\"><\/figure>\n\n\n\n<p><\/p>\n\n\n\n<hr class=\"wp-block-separator has-alpha-channel-opacity is-style-dots\"\/>\n\n\n\n<h3 class=\"wp-block-heading\">Die mit hochmodernen Werkzeugen ausgestatteten und mit Experten besetzten Einrichtungen von SIS International stellen sicher, dass jeder Geschmack durch modernste Wissenschaft und Strategie verfeinert wird.<\/h3>\n\n\n\n<p>Das Erstellen des perfekten Geschmacksprofils ist keine leichte Aufgabe \u2026 Deshalb vertrauen Unternehmen auf Geschmackstesteinrichtungen in New York wie SIS International. Unsere Einrichtungen kombinieren Pr\u00e4zision, ma\u00dfgeschneidertes Feedback und fortschrittliche Technologien, um Produkte zu verfeinern und umsetzbare Erkenntnisse zu liefern, die Marken dabei helfen, selbstbewusst auf den Markt zu kommen.<\/p>\n\n\n\n<p style=\"padding-left: 40px;\"><strong>1. Eine vielf\u00e4ltige demografische Mischung<\/strong><\/p>\n<p style=\"padding-left: 40px;\">New York is home to one of the most diverse populations in the world, encompassing a wide range of ethnicities, age groups, and lifestyles. This diversity provides an exceptional opportunity for companies to gather feedback representing a broad spectrum of consumer preferences. Flavor testing facilities in New York can tailor panels to reflect the city\u2019s vibrant makeup, ensuring that <a href=\"https:\/\/www.sisinternational.com\/de\/schockwerbung-und-schockmarketing\/\" title=\"Schockvertising und Schockmarketing\"  data-wpil-monitor-id=\"10553\">brands<\/a> capture nuanced insights that resonate with niche and mass markets.<\/p>\n\n\n\n<h2 class=\"wp-block-heading\">Warum New York der ideale Standort f\u00fcr Geschmackstests ist<\/h2>\n\n\n\n<p>New York City\u2019s unique cultural, economic, and demographic landscape makes it the ultimate hub for flavor testing. It offers an unmatched environment to <a href=\"https:\/\/www.sisinternational.com\/de\/claim-research-for-food-and-beverage-taste-tests-validating-your-product-claims\/\" title=\"Claim Research for Food and Beverage Taste Tests: Validating Your Product Claims\"  data-wpil-monitor-id=\"10555\">test and refine food and beverage products<\/a>. Here\u2019s why:<\/p>\n\n\n\n<h2 class=\"wp-block-heading\">Neue Trends bei Geschmackstests in New York<\/h2>\n\n\n\n<p>Der <a href=\"https:\/\/www.sisinternational.com\/de\/losungen\/marktforschung-fur-die-lebensmittel-und-getrankeindustrie\/\" title=\"Lebensmittel- und Getr\u00e4nkeindustrie Marktforschung\"  data-wpil-monitor-id=\"10556\">food and beverage industry<\/a> is undergoing rapid transformation \u2013 and flavor testing facilities in New York are at the epicenter of this evolution, helping brands innovate and adapt to meet contemporary demands. These facilities are uniquely positioned to embrace and implement the following trends:<\/p>\n\n\n\n<\/p>\n\n\n\n<h2 class=\"wp-block-heading\">Herausforderungen f\u00fcr Unternehmen ohne Geschmackstests<\/h2>\n\n\n\n<figure class=\"gb-block-image gb-block-image-719ed25b\"><img loading=\"lazy\" decoding=\"async\" width=\"1456\" height=\"816\" class=\"gb-image gb-image-719ed25b\" src=\"https:\/\/www.sisinternational.com\/wp-content\/uploads\/2025\/08\/Food-taste-testing-14.jpg\" alt=\"SIS International Marktforschung &amp; Strategie\" title=\"Food taste testing (14)\" srcset=\"https:\/\/www.sisinternational.com\/wp-content\/uploads\/2025\/08\/Food-taste-testing-14.jpg 1456w, https:\/\/www.sisinternational.com\/wp-content\/uploads\/2025\/08\/Food-taste-testing-14-300x168.jpg 300w, https:\/\/www.sisinternational.com\/wp-content\/uploads\/2025\/08\/Food-taste-testing-14-1024x574.jpg 1024w, https:\/\/www.sisinternational.com\/wp-content\/uploads\/2025\/08\/Food-taste-testing-14-768x430.jpg 768w, https:\/\/www.sisinternational.com\/wp-content\/uploads\/2025\/08\/Food-taste-testing-14-18x10.jpg 18w\" sizes=\"auto, (max-width: 1456px) 100vw, 1456px\"><\/figure>\n\n\n\n<p><\/p>\n\n\n\n<p>Das Auslassen oder Untersch\u00e4tzen der Bedeutung von Geschmackstests kann f\u00fcr Lebensmittel- und Getr\u00e4nkehersteller erhebliche H\u00fcrden bedeuten. Geschmackstesteinrichtungen in New York liefern wichtige Erkenntnisse, die den Unterschied zwischen Erfolg und Misserfolg eines Produkts ausmachen k\u00f6nnen \u2013 und hier sind einige der wichtigsten Herausforderungen, denen Unternehmen gegen\u00fcberstehen, wenn sie diesen entscheidenden Schritt vernachl\u00e4ssigen:<\/p>\n\n\n\n<h3 class=\"wp-block-heading\">Inkonsistente Produktqualit\u00e4t<\/h3>\n\n\n\n<p>Product batches may vary in taste, texture, or aroma without proper testing, leading to inconsistent quality. This inconsistency can damage brand reputation and erode consumer trust, especially in a competitive market like New York. Flavor <a href=\"https:\/\/www.sisinternational.com\/de\/losungen\/branding-und-kundenforschungslosungen\/produkttests-marktforschung\/\" title=\"Produkttests Marktforschung\"  data-wpil-monitor-id=\"10560\">testing ensures that every product<\/a> meets stringent quality standards before reaching store shelves.<\/p>\n\n\n\n<h3 class=\"wp-block-heading\">Schlechte Marktresonanz<\/h3>\n\n\n\n<p>Selbst die innovativsten Produktideen k\u00f6nnen scheitern, wenn sie nicht den Vorlieben der Verbraucher entsprechen. Geschmackstests zeigen, was funktioniert und was nicht. So vermeiden Unternehmen, Produkte auf den Markt zu bringen, die bei ihrer Zielgruppe nicht gut ankommen.&nbsp;<\/p>\n\n\n\n<h3 class=\"wp-block-heading\">Finanzielle Verluste durch Produktr\u00fcckrufe<\/h3>\n\n\n\n<p>Produkte, die die Erwartungen der Verbraucher nicht erf\u00fcllen, werden h\u00e4ufig vom Markt genommen, was zu kostspieligen R\u00fcckrufen, nicht verkauften Lagerbest\u00e4nden und besch\u00e4digten Beziehungen zu Einzelh\u00e4ndlern f\u00fchrt. Geschmackstesteinrichtungen mindern diese Risiken, indem sie potenzielle Probleme bereits in der fr\u00fchen Entwicklungsphase erkennen.<\/p>\n\n\n\n<h3 class=\"wp-block-heading\">Ineffiziente Nutzung von Ressourcen<\/h3>\n\n\n\n<p>Die Markteinf\u00fchrung eines Produkts ohne ordnungsgem\u00e4\u00dfe Geschmackstests kann Zeit, Geld und M\u00fche verschwenden. Die Entwicklung und Vermarktung eines Produkts, das keinen Anklang findet, erfordert von vorne beginnende Unternehmen, was ihre F\u00e4higkeit, Marktanteile zu gewinnen, verz\u00f6gert.&nbsp;<\/p>\n\n\n\n<h3 class=\"wp-block-heading\">Abnehmende Kundenloyalit\u00e4t<\/h3>\n\n\n\n<p>Wenn Produkte die Geschmackserwartungen nicht erf\u00fcllen, wechseln Kunden m\u00f6glicherweise zur Konkurrenz. Konsistente und ansprechende Aromen sind entscheidend f\u00fcr die langfristige Kundenbindung, und Geschmackstests sind f\u00fcr die Erreichung dieser Konsistenz von grundlegender Bedeutung.<\/p>\n\n\n\n<h3 class=\"wp-block-heading\">Schwierigkeiten bei der Einhaltung regulatorischer Standards<\/h3>\n\n\n\n<p>Bestimmte M\u00e4rkte haben strenge Richtlinien in Bezug auf Inhaltsstoffe, Allergene und N\u00e4hrstoffgehalt. Ohne gr\u00fcndliche Tests k\u00f6nnen Unternehmen versehentlich Produkte herstellen, die diese Vorschriften nicht erf\u00fcllen, was zu m\u00f6glichen rechtlichen und finanziellen Konsequenzen f\u00fchren kann.<\/p>\n\n\n\n<h3 class=\"wp-block-heading\"><strong>Standort: New York City<\/strong><\/h3>\n\n\n\n<iframe loading=\"lazy\" src=\"https:\/\/www.google.com\/maps\/embed?pb=!1m18!1m12!1m3!1d3022.976188376966!2d-73.99130312499956!3d40.740549471389315!2m3!1f0!2f0!3f0!3m2!1i1024!2i768!4f13.1!3m3!1m2!1s0x89c259a15798c731%3A0xd695d09bdd495f25!2s11%20E%2022nd%20St%20FL%202%2C%20New%20York%2C%20NY%2010010%2C%20USA!5e0!3m2!1sen!2spe!4v1726171763526!5m2!1sen!2spe\" width=\"600\" height=\"450\" allowfullscreen=\"allowfullscreen\" data-mce-fragment=\"1\"><\/iframe>\n\n\n\n<p><\/p>\n\n\n\n<h3 class=\"wp-block-heading\">11 E 22nd Street, Floor 2, New York, NY 10010 T: +1(212) 505-6805<\/h3>\n\n\n\n<h4 class=\"wp-block-heading\"><strong>Standort-Highlights:<\/strong><\/h4>\n\n\n\n<ul class=\"wp-block-list\">\n<li>Flatiron District in Manhattan, nur wenige Schritte vom historischen Flatiron Building entfernt und in der N\u00e4he des Madison Square Park und des Union Square<\/li>\n\n\n\n<li><a href=\"https:\/\/www.sisinternational.com\/de\/losungen\/qualitative-quantitative-forschungslosungen\/tests-an-zentralen-standorten-in-new-york-city\/\" title=\"Zentrale Standorttests in New York City: Vorteile f\u00fcr Produkttests\"  data-wpil-monitor-id=\"10557\">Centrally located<\/a> in the heart of New York City, a major global city and the largest city in the United States<\/li>\n\n\n\n<li>Bequem zu zahlreichen Transportm\u00f6glichkeiten<\/li>\n\n\n\n<li>Liegt zwischen Broadway und Park Avenue in der 22. Stra\u00dfe, neben der \u201eKey Bank\u201c<\/li>\n\n\n\n<li>Broadway Local R Zug \u2013 22.\/23. Station<\/li>\n\n\n\n<li>Eastside Local 6 Zug - 23rd und Park Ave Station<\/li>\n\n\n\n<li>Westside Local 1 Zug \u2013 23rd und 6th Avenue Station<\/li>\n<\/ul>\n\n\n\n<h2 class=\"wp-block-heading\">Was macht SIS International zu einem Top-Unternehmen f\u00fcr Geschmackstests?<\/h2>\n\n\n\n<p><a href=\"https:\/\/www.linkedin.com\/company\/sisinternationalresearch\/\" target=\"_blank\" rel=\"noopener\">SIS International<\/a> ist seit \u00fcber 40 Jahren f\u00fchrend in der Marktforschung und Geschmackspr\u00fcfung und bietet eine einzigartige Kombination aus Fachwissen, Innovation und Ressourcen. Unsere Geschmackspr\u00fcfeinrichtungen in New York bieten umfassende L\u00f6sungen, die Unternehmen dabei helfen, in einem sich st\u00e4ndig weiterentwickelnden Markt erfolgreich zu sein. Das zeichnet uns aus:<\/p>\n\n\n\n<p style=\"padding-left: 40px;\"><strong>Expertise in der sensorischen Geschmacksbewertung<\/strong><br \/>Bei SIS sind wir auf die Durchf\u00fchrung umfassender sensorischer Bewertungen spezialisiert, um Geschmack, Aroma, Textur und allgemeine Attraktivit\u00e4t von Produkten zu bewerten. Unser Expertenteam verwendet fortschrittliche Methoden und ein geschultes Verbraucherpanel, um pr\u00e4zises Feedback zu gew\u00e4hrleisten, sodass Unternehmen ihre Produkte optimieren k\u00f6nnen, um die Marktnachfrage zu erf\u00fcllen.<\/p>\n<p style=\"padding-left: 40px;\"><strong>Modernste Technologie und Einrichtungen<\/strong><br \/>Unsere hochmodernen Einrichtungen und die neueste Technologie zur sensorischen Analyse stellen sicher, dass jeder von uns durchgef\u00fchrte Test genau und zuverl\u00e4ssig ist. SIS International verwendet fortschrittliche Tools, um reale Bedingungen zu simulieren und zu messen, wie Verbraucher Aromen wahrnehmen. So k\u00f6nnen wir pr\u00e4zise Daten liefern, auf deren Grundlage Unternehmen vertrauensvoll handeln k\u00f6nnen.<\/p>\n<p style=\"padding-left: 40px;\"><strong>Vielf\u00e4ltiges und erfahrenes Verbraucherpanel<\/strong><br \/><a href=\"https:\/\/www.sisinternational.com\/de\/losungen\/branding-und-kundenforschungslosungen\/produkttests-marktforschung\/sis-internationals-geschmackstest-fur-lebensmittel\/\" title=\"Was SIS International Research zum TOP-Marktforschungsunternehmen f\u00fcr Lebensmittelgeschmackstests in New York City macht\" data-wpil-monitor-id=\"10558\">SIS International\u2019s access to New York\u2019s<\/a> diverse population allows us to gather feedback from a broad range of consumers. Our panel consists of individuals from various backgrounds, tastes, and preferences, providing insights that reflect the opinions of a wide market.\u00a0<\/p>\n<p style=\"padding-left: 40px;\"><strong>\u00dcber 40 Jahre Erfahrung<\/strong><br \/>With over 40 years of <a href=\"https:\/\/www.sisinternational.com\/de\/sachverstand\/lebenslaufe\/lebenslauf-mit-erfahrungen-im-bereich-ethnographie\/\" title=\"Ethnographie Marktforschung Erfahrung\" data-wpil-monitor-id=\"10554\">experience in market research<\/a> and flavor testing, SIS has developed a reputation for delivering results that businesses trust. Our long-standing presence in the industry has given us the expertise to handle a variety of flavor testing challenges, providing clients with reliable data to guide their product development processes.<\/p>\n<p style=\"padding-left: 40px;\"><strong>Fokus auf verbraucherorientiertes Testen<\/strong><br \/>At SIS, our flavor testing services are designed with the consumer in mind. We use data-driven approaches to understand how consumers experience and perceive different flavors, helping brands create <a href=\"https:\/\/www.sisinternational.com\/de\/73903-2\/\" title=\"Turn Consumer Flavor Preferences Into Winning Products\" data-wpil-monitor-id=\"10559\">products that align with consumer preferences<\/a>.\u00a0<\/p>\n<p style=\"padding-left: 40px;\"><strong>Schnelle Durchlaufzeiten und effiziente Prozesse<\/strong><br \/>SIS ist sich der Bedeutung von Geschwindigkeit im Produktentwicklungszyklus bewusst. Unsere effizienten Prozesse und kurzen Durchlaufzeiten stellen sicher, dass Unternehmen schnell umsetzbares Feedback erhalten, sodass sie notwendige Anpassungen vornehmen und ihre Projekte vorantreiben k\u00f6nnen.<\/p>\n\n\n\n<h2 class=\"wp-block-heading\">\u00dcber SIS International<\/h2>\n\n\n\n<p><a href=\"https:\/\/www.sisinternational.com\/de\/\">SIS International<\/a> bietet quantitative, qualitative und strategische Forschung an. Wir liefern Daten, Tools, Strategien, Berichte und Erkenntnisse zur Entscheidungsfindung. Wir f\u00fchren auch Interviews, Umfragen, Fokusgruppen und andere Methoden und Ans\u00e4tze der Marktforschung durch.<a href=\"https:\/\/www.sisinternational.com\/de\/uber-sis-international-research\/contact-sis-international-market-research\/\"> Kontakt<\/a> f\u00fcr Ihr n\u00e4chstes Marktforschungsprojekt.<\/p>\n\n\n\n<p><\/p>\n\n\n\n<hr class=\"wp-block-separator has-alpha-channel-opacity\"\/>\n\n<\/div>","protected":false},"excerpt":{"rendered":"<p>Flavor Testing Facilities in New York SIS International&#8217;s facilities, equipped with advanced tools and staffed by experts, ensure that every taste is refined through cutting-edge science and strategy. Creating the perfect flavor profile is no easy feat\u2026 That\u2019s why businesses trust flavor testing facilities in New York like SIS International. Our facilities combine precision, tailored &#8230; <a title=\"Geschmackstesteinrichtungen in New York\" class=\"read-more\" href=\"https:\/\/www.sisinternational.com\/de\/losungen\/geschmackstest\/geschmackstesteinrichtungen-in-new-york\/\" aria-label=\"Mehr Informationen \u00fcber Flavor Testing Facilities in New York\">Weiterlesen \u2026<\/a><\/p>","protected":false},"author":1,"featured_media":66478,"parent":47794,"menu_order":22,"comment_status":"closed","ping_status":"closed","template":"","meta":{"footnotes":""},"class_list":["post-54171","page","type-page","status-publish","has-post-thumbnail"],"_links":{"self":[{"href":"https:\/\/www.sisinternational.com\/de\/wp-json\/wp\/v2\/pages\/54171","targetHints":{"allow":["GET"]}}],"collection":[{"href":"https:\/\/www.sisinternational.com\/de\/wp-json\/wp\/v2\/pages"}],"about":[{"href":"https:\/\/www.sisinternational.com\/de\/wp-json\/wp\/v2\/types\/page"}],"author":[{"embeddable":true,"href":"https:\/\/www.sisinternational.com\/de\/wp-json\/wp\/v2\/users\/1"}],"replies":[{"embeddable":true,"href":"https:\/\/www.sisinternational.com\/de\/wp-json\/wp\/v2\/comments?post=54171"}],"version-history":[{"count":13,"href":"https:\/\/www.sisinternational.com\/de\/wp-json\/wp\/v2\/pages\/54171\/revisions"}],"predecessor-version":[{"id":81733,"href":"https:\/\/www.sisinternational.com\/de\/wp-json\/wp\/v2\/pages\/54171\/revisions\/81733"}],"up":[{"embeddable":true,"href":"https:\/\/www.sisinternational.com\/de\/wp-json\/wp\/v2\/pages\/47794"}],"wp:featuredmedia":[{"embeddable":true,"href":"https:\/\/www.sisinternational.com\/de\/wp-json\/wp\/v2\/media\/66478"}],"wp:attachment":[{"href":"https:\/\/www.sisinternational.com\/de\/wp-json\/wp\/v2\/media?parent=54171"}],"curies":[{"name":"wp","href":"https:\/\/api.w.org\/{rel}","templated":true}]}}