{"id":54090,"date":"2024-11-20T05:54:28","date_gmt":"2024-11-20T10:54:28","guid":{"rendered":"https:\/\/www.sisinternational.com\/?page_id=54090"},"modified":"2026-03-05T23:14:18","modified_gmt":"2026-03-06T04:14:18","slug":"weltweit-fuhrendes-unternehmen-fur-qualitative-forschung","status":"publish","type":"page","link":"https:\/\/www.sisinternational.com\/de\/losungen\/qualitative-quantitative-forschungslosungen\/weltweit-fuhrendes-unternehmen-fur-qualitative-forschung\/","title":{"rendered":"Weltweit f\u00fchrendes Unternehmen f\u00fcr qualitative Forschung"},"content":{"rendered":"<h1 class=\"wp-block-heading\">Weltweit f\u00fchrendes Unternehmen f\u00fcr qualitative Forschung<\/h1>\n\n\n\n<figure class=\"gb-block-image gb-block-image-95f12ab5\"><img decoding=\"async\" class=\"gb-image gb-image-95f12ab5\" src=\"https:\/\/www.sisinternational.com\/wp-content\/uploads\/2025\/07\/How-to-Design-Effective-Surveys-for-Quantitative-Research-1.jpg\" alt=\"How to Design Effective Surveys for Quantitative Research\" title=\"How to Design Effective Surveys for Quantitative Research (1)\"\/><\/figure>\n\n\n\n<p><\/p>\n\n\n\n<h3 class=\"wp-block-heading\">F\u00fchrendes globales Unternehmen f\u00fcr qualitative Forschung \u2013 F\u00fcr Unternehmen, die auf dem globalen Markt t\u00e4tig sind, stellt die Partnerschaft mit einem f\u00fchrenden globalen Unternehmen f\u00fcr qualitative Forschung wie SIS International sicher, dass sie die Erkenntnisse gewinnen, die sie zum Aufbau sinnvoller Verbindungen zu ihren Kunden ben\u00f6tigen.<\/h3>\n\n\n\n<p>Wie k\u00f6nnen Sie wirklich verstehen, was das Verbraucherverhalten auf einem globalen Markt beeinflusst? Qualitative Forschung ist der Schl\u00fcssel, um die Emotionen, Motivationen und Wahrnehmungen aufzudecken, die den Entscheidungen der Kunden zugrunde liegen. Als weltweit f\u00fchrendes qualitatives Forschungsunternehmen hilft SIS International Unternehmen dabei, diese entscheidenden Erkenntnisse zu gewinnen, um effektive Strategien zu entwickeln.<\/p>\n\n\n\n<h2 class=\"wp-block-heading\">Warum qualitative Marktforschung im globalen Gesch\u00e4ftsumfeld so wichtig ist<\/h2>\n\n\n\n<p>Qualitativ <a href=\"https:\/\/www.linkedin.com\/pulse\/how-market-research-enables-growth-ruth-stanat-phekf\/\" target=\"_blank\" rel=\"noopener\">Marktforschung<\/a> ist unerl\u00e4sslich, um das \u201eWarum\u201c hinter dem Verhalten, den Motivationen und Einstellungen der Verbraucher zu verstehen. Es bietet ein umfassenderes, differenzierteres Verst\u00e4ndnis der Verbraucherperspektiven und Marktdynamiken und hilft Unternehmen zu verstehen, was Verbraucher tun und warum sie bestimmte Entscheidungen treffen, wie sie Marken wahrnehmen und welche emotionalen Faktoren ihre Entscheidungen beeinflussen.<\/p>\n\n\n\n<p>A <a href=\"https:\/\/www.sisinternational.com\/de\/weltweit-fuhrendes-unternehmen-fur-quantitative-marktforschung\/\" title=\"Weltweit f\u00fchrendes Unternehmen f\u00fcr quantitative Marktforschung\" data-wpil-monitor-id=\"1051\">top global qualitative research<\/a> firm, such as SIS International, employs advanced qualitative methodologies to explore these underlying motivations. This type of research involves tools such as in-depth interviews, focus, and online communities to gather insights directly from consumers in their environments, providing a clearer view of their experiences and attitudes.<\/p>\n\n\n\n<p>So, by uncovering what truly matters to customers, <a href=\"https:\/\/www.sisinternational.com\/de\/grosforschung-fur-kleine-unternehmen\/\" title=\"Gro\u00dfforschung f\u00fcr kleine Unternehmen\" data-wpil-monitor-id=\"2339\">companies can develop strategies<\/a> that resonate with their target audience on an emotional level. These insights help craft effective messaging, improve product development, and enhance the customer experience.<\/p>\n\n\n\n<h2 class=\"wp-block-heading\">Welche Dienstleistungen bietet ein weltweit f\u00fchrendes Unternehmen f\u00fcr qualitative Forschung?<\/h2>\n\n\n\n<figure class=\"gb-block-image gb-block-image-a3af59ad\"><img loading=\"lazy\" decoding=\"async\" width=\"1456\" height=\"816\" class=\"gb-image gb-image-a3af59ad\" src=\"https:\/\/www.sisinternational.com\/wp-content\/uploads\/2025\/09\/Quantitative-research-14.jpg\" alt=\"SIS International Marktforschung &amp; Strategie\" title=\"Quantitative research (14)\" srcset=\"https:\/\/www.sisinternational.com\/wp-content\/uploads\/2025\/09\/Quantitative-research-14.jpg 1456w, https:\/\/www.sisinternational.com\/wp-content\/uploads\/2025\/09\/Quantitative-research-14-300x168.jpg 300w, https:\/\/www.sisinternational.com\/wp-content\/uploads\/2025\/09\/Quantitative-research-14-1024x574.jpg 1024w, https:\/\/www.sisinternational.com\/wp-content\/uploads\/2025\/09\/Quantitative-research-14-768x430.jpg 768w, https:\/\/www.sisinternational.com\/wp-content\/uploads\/2025\/09\/Quantitative-research-14-18x10.jpg 18w\" sizes=\"auto, (max-width: 1456px) 100vw, 1456px\"><\/figure>\n\n\n\n<p><\/p>\n\n\n\n<p>Eine der Kerndienstleistungen sind Tiefeninterviews, bei denen Forscher Einzelgespr\u00e4che mit Verbrauchern f\u00fchren, um ihre Gedanken, Gef\u00fchle und Motivationen im Detail zu erkunden. Diese Methode ist besonders n\u00fctzlich, um komplexe Entscheidungsprozesse zu verstehen und verborgene Emotionen aufzudecken, die das Verbraucherverhalten beeinflussen.<\/p>\n\n\n\n<p>Ein weiteres wichtiges Angebot sind Fokusgruppen. Fokusgruppen erm\u00f6glichen es Forschern, Gruppendynamiken zu beobachten und gemeinsame Themen, unterschiedliche Perspektiven und emotionale Ausl\u00f6ser zu identifizieren, die das Verhalten bestimmen. Dieser Ansatz hilft Unternehmen zu verstehen, wie Verbraucher ihre Produkte und Dienstleistungen wahrnehmen und wie sie diese verbessern k\u00f6nnen, um die Kundenbed\u00fcrfnisse besser zu erf\u00fcllen.<\/p>\n\n\n\n<h2 class=\"wp-block-heading\">Die Bedeutung regionaler Nuancen in der Strategieentwicklung<\/h2>\n\n\n\n<p>Understanding regional nuances is crucial for developing effective market entry strategies, product positioning, and marketing campaigns. A <a href=\"https:\/\/www.sisinternational.com\/de\/top-5-benefits-of-qualitative-market-research-for-businesses\/\" title=\"Top 5 Benefits of Qualitative Market Research for Businesses\" data-wpil-monitor-id=\"1848\">top global qualitative research<\/a> firm like SIS International helps businesses identify the cultural, economic, and social factors that impact consumer behavior in each region.<\/p>\n\n\n\n<p>Das Verst\u00e4ndnis regionaler Nuancen ist entscheidend f\u00fcr den Erfolg bei der Einf\u00fchrung eines neuen Produkts, bei der Umbenennung oder beim Eintritt in einen neuen Markt. Die Expertise von SIS International bei der Erfassung dieser Nuancen erm\u00f6glicht es Unternehmen, fundierte Entscheidungen zu treffen, kulturell relevante Kampagnen zu erstellen und dauerhafte Beziehungen zu Verbrauchern in verschiedenen M\u00e4rkten aufzubauen.<\/p>\n\n\n\n<h2 class=\"wp-block-heading\">Also \u2026 welche Vorteile bietet die Zusammenarbeit mit einem weltweit f\u00fchrenden Unternehmen f\u00fcr qualitative Forschung?<\/h2>\n\n\n\n<p>Working with a <a href=\"https:\/\/www.sisinternational.com\/de\/losungen\/legal-market-research\/scheinjury-marktforschung-3\/\" title=\"Top-Unternehmen f\u00fcr Scheinjury-Marktforschung\" data-wpil-monitor-id=\"928\">top global qualitative research<\/a> firm provides businesses many benefits beyond traditional market analysis. These firms offer deep, contextually rich insights that help businesses create meaningful connections with consumers and make informed strategic decisions.<\/p>\n\n\n<div class=\"wp-block-image\">\n<figure class=\"aligncenter size-full\"><img loading=\"lazy\" decoding=\"async\" width=\"792\" height=\"445\" src=\"https:\/\/www.sisinternational.com\/wp-content\/uploads\/2024\/11\/Top-Global-Qualitative-Research-Company.png\" alt=\"SIS International Marktforschung &amp; Strategie\" class=\"wp-image-54091\" srcset=\"https:\/\/www.sisinternational.com\/wp-content\/uploads\/2024\/11\/Top-Global-Qualitative-Research-Company.png 792w, https:\/\/www.sisinternational.com\/wp-content\/uploads\/2024\/11\/Top-Global-Qualitative-Research-Company-300x169.png 300w, https:\/\/www.sisinternational.com\/wp-content\/uploads\/2024\/11\/Top-Global-Qualitative-Research-Company-768x432.png 768w, https:\/\/www.sisinternational.com\/wp-content\/uploads\/2024\/11\/Top-Global-Qualitative-Research-Company-18x10.png 18w\" sizes=\"auto, (max-width: 792px) 100vw, 792px\" \/><\/figure>\n<\/div>\n\n\n<p><\/p>\n\n\n\n<ul class=\"wp-block-list\">\n<li><strong>Tiefes Verbraucherverst\u00e4ndnis:<\/strong> Gewinnen Sie Einblicke in die Emotionen, Motivationen und Einstellungen, die das Verbraucherverhalten bestimmen.<\/li>\n\n\n\n<li><strong>Kulturelle Sensibilit\u00e4t und Lokalisierung:<\/strong> Entwickeln Sie kulturell relevante Strategien, indem Sie die einzigartigen sozialen und kulturellen Faktoren verstehen, die die Verbraucherpr\u00e4ferenzen beeinflussen.<\/li>\n\n\n\n<li><strong>Verbesserte Produktentwicklung:<\/strong> Nutzen Sie das Feedback der Verbraucher zur Information \u00fcber die Produktentwicklung und stellen Sie sicher, dass die Angebote den Bed\u00fcrfnissen und Erwartungen der Zielgruppe entsprechen.<\/li>\n\n\n\n<li><strong>Verbesserte Markenbotschaft:<\/strong> Verfassen Sie \u00fcberzeugende Botschaften, die bei den Verbrauchern ankommen, indem Sie verstehen, was ihnen wirklich wichtig ist.<\/li>\n\n\n\n<li><strong>Besseres Kundenerlebnis:<\/strong> Zeichnen Sie die Customer Journey auf, um Schwachstellen und Verbesserungsbereiche zu identifizieren und so f\u00fcr ein zufriedenstellenderes Kundenerlebnis zu sorgen.<\/li>\n\n\n\n<li><strong>Strategischer Markteintritt:<\/strong> Navigieren Sie sicher durch neue M\u00e4rkte, indem Sie regionale Nuancen und Verbrauchererwartungen verstehen.<\/li>\n<\/ul>\n\n\n\n<h2 class=\"wp-block-heading\">Wie qualitative Forschung Innovationen und strategische Entscheidungen vorantreibt<\/h2>\n\n\n\n<p>Qualitative Forschung ist ein entscheidender Motor f\u00fcr Innovation und strategische Entscheidungsfindung, da sie tiefe, erz\u00e4hlerische Erkenntnisse zutage f\u00f6rdert, die Unternehmen dabei helfen, ihre Kunden auf pers\u00f6nlicher Ebene zu verstehen.<\/p>\n\n\n\n<h3 class=\"wp-block-heading\">Identifizierung von Verbraucherbed\u00fcrfnissen und Marktl\u00fccken<\/h3>\n\n\n\n<p>Qualitative Forschung ist entscheidend, um unerf\u00fcllte Verbraucherbed\u00fcrfnisse und Marktl\u00fccken zu identifizieren. Diese Erkenntnisse helfen Unternehmen, Innovationsm\u00f6glichkeiten zu erkennen und Produkte zu entwickeln, die bestimmte Problempunkte ansprechen und so sowohl f\u00fcr das Unternehmen als auch f\u00fcr den Verbraucher einen Mehrwert schaffen.<\/p>\n\n\n\n<p>For instance, a <a href=\"https:\/\/www.sisinternational.com\/de\/sachverstand\/lebenslaufe\/markenforschung\/\" title=\"Markenforschungsunternehmen\" data-wpil-monitor-id=\"6301\">company might use ethnographic research<\/a> to observe how consumers use a particular product daily. This type of research can reveal usability issues, unmet needs, or opportunities for improvement that may not be apparent through quantitative data alone.&nbsp;<\/p>\n\n\n\n<h3 class=\"wp-block-heading\">F\u00f6rderung von Produkt- und Serviceinnovationen<\/h3>\n\n\n\n<p><a href=\"https:\/\/www.sisinternational.com\/de\/sampling-techniques-in-qualitative-research-the-complete-guide-to-choosing-the-right-method\/\" title=\"Sampling Techniques in Qualitative Research: The Complete Guide to Choosing the Right Method\" data-wpil-monitor-id=\"1471\">Qualitative research guides<\/a> the product development process, from ideation to launch. It involves consumers in concept testing and co-creation workshops, businesses can gather valuable feedback that informs the design and functionality of new products. This collaborative approach ensures that products are designed with the end-user in mind, increasing the likelihood of market success.<\/p>\n\n\n\n<h3 class=\"wp-block-heading\">Unterst\u00fctzung strategischer Gesch\u00e4ftsentscheidungen<\/h3>\n\n\n\n<p>\u00dcber die Produktentwicklung hinaus liefert qualitative Forschung die Erkenntnisse, die f\u00fcr strategische Gesch\u00e4ftsentscheidungen erforderlich sind. Ob beim Eintritt in einen neuen Markt, bei der Neuausrichtung oder beim Start einer neuen Marketingkampagne \u2013 qualitative Forschung hilft Unternehmen, den Kontext zu verstehen, in dem sie t\u00e4tig sind.&nbsp;<\/p>\n\n\n\n<h2 class=\"wp-block-heading\">Was SIS International zu einem der weltweit f\u00fchrenden Unternehmen f\u00fcr qualitative Forschung macht<\/h2>\n\n\n\n<p><a href=\"https:\/\/www.linkedin.com\/company\/sisinternationalresearch\/\" target=\"_blank\" rel=\"noopener\">SIS International<\/a> gilt aufgrund seines einzigartigen Ansatzes, seiner globalen Expertise und seines Engagements, umsetzbare Erkenntnisse zu liefern, als eines der weltweit f\u00fchrenden qualitativen Forschungsunternehmen. Unsere F\u00e4higkeit, die Komplexit\u00e4t des Verbraucherverhaltens zu verstehen und in strategische Chancen umzusetzen, macht uns zu einem vertrauensw\u00fcrdigen Partner f\u00fcr Unternehmen, die auf einem zunehmend komplexen globalen Markt erfolgreich sein wollen.<\/p>\n\n\n\n<ul class=\"wp-block-list\">\n<li><strong>Tailored <\/strong><a href=\"https:\/\/www.sisinternational.com\/de\/losungen\/qualitative-quantitative-forschungslosungen\/wann-sollte-qualitative-forschung-eingesetzt-werden\/\" title=\"Wann sollte qualitative Forschung eingesetzt werden?\" data-wpil-monitor-id=\"1516\">Qualitative Methodologies: We design our research<\/a> to meet each client&#8217;s needs, ensuring our insights are meaningful and actionable.<\/li>\n\n\n\n<li><strong>Globale und lokale Expertise:<\/strong> Unser Team aus erfahrenen Forschern bietet eine globale Perspektive und lokale Einblicke und hilft Unternehmen, sich in den Feinheiten verschiedener M\u00e4rkte zurechtzufinden.<\/li>\n\n\n\n<li><strong>Umfangreiche Verbrauchereinblicke:<\/strong> <a href=\"https:\/\/medium.com\/@sisinternational\/sis-international-c17160da8fac\" target=\"_blank\" rel=\"noopener\">SIS<\/a> verwendet fortschrittliche qualitative Techniken, um die Emotionen, Motivationen und Einstellungen aufzudecken, die das Verbraucherverhalten bestimmen, und bietet den Kunden so ein tieferes Verst\u00e4ndnis ihres Publikums.<\/li>\n\n\n\n<li><strong>Kooperativen Ansatz:<\/strong> Wir arbeiten w\u00e4hrend des gesamten Forschungsprozesses mit unseren Kunden zusammen und stellen sicher, dass die gewonnenen Erkenntnisse mit ihren strategischen Zielen \u00fcbereinstimmen.<\/li>\n\n\n\n<li><strong>Umfassendes Marktverst\u00e4ndnis:<\/strong> Von der Customer Journey Mapping bis hin zu Studien zur Markenwahrnehmung bieten wir einen umfassenden \u00dcberblick \u00fcber die Marktlandschaft und erm\u00f6glichen unseren Kunden so fundierte strategische Entscheidungen.<\/li>\n\n\n\n<li><strong>Innovative Forschungsl\u00f6sungen:<\/strong> Unser Engagement f\u00fcr Innovation bedeutet, dass wir die neuesten Tools und Technologien nutzen, um hochwertige Erkenntnisse zu liefern, die unseren Kunden helfen, der Konkurrenz immer einen Schritt voraus zu sein.<\/li>\n<\/ul>\n\n\n\n<h2 class=\"wp-block-heading\">\u00dcber SIS International<\/h2>\n\n\n\n<p><a href=\"https:\/\/www.sisinternational.com\/de\/\">SIS International<\/a> bietet quantitative, qualitative und strategische Forschung an. Wir liefern Daten, Tools, Strategien, Berichte und Erkenntnisse zur Entscheidungsfindung. Wir f\u00fchren auch Interviews, Umfragen, Fokusgruppen und andere Methoden und Ans\u00e4tze der Marktforschung durch.<a href=\"https:\/\/www.sisinternational.com\/de\/uber-sis-international-research\/contact-sis-international-market-research\/\"> Kontakt<\/a> f\u00fcr Ihr n\u00e4chstes Marktforschungsprojekt.<\/p>\n\n\n\n<hr class=\"wp-block-separator has-alpha-channel-opacity\"\/>\n\n\n\n<p><\/p>","protected":false},"excerpt":{"rendered":"<p>Top Global Qualitative Research Company Top Global Qualitative Research Company &#8211; For businesses operating in the global market, partnering with a top global qualitative research firm like SIS International ensures they gain the insights needed to build meaningful consumer connections. How do you truly understand what drives consumer behavior in a global marketplace? Qualitative research &#8230; <a title=\"Weltweit f\u00fchrendes Unternehmen f\u00fcr qualitative Forschung\" class=\"read-more\" href=\"https:\/\/www.sisinternational.com\/de\/losungen\/qualitative-quantitative-forschungslosungen\/weltweit-fuhrendes-unternehmen-fur-qualitative-forschung\/\" aria-label=\"Mehr Informationen \u00fcber Top Global Qualitative Research Company\">Weiterlesen \u2026<\/a><\/p>","protected":false},"author":1,"featured_media":0,"parent":14660,"menu_order":59,"comment_status":"closed","ping_status":"closed","template":"","meta":{"footnotes":""},"class_list":["post-54090","page","type-page","status-publish"],"_links":{"self":[{"href":"https:\/\/www.sisinternational.com\/de\/wp-json\/wp\/v2\/pages\/54090","targetHints":{"allow":["GET"]}}],"collection":[{"href":"https:\/\/www.sisinternational.com\/de\/wp-json\/wp\/v2\/pages"}],"about":[{"href":"https:\/\/www.sisinternational.com\/de\/wp-json\/wp\/v2\/types\/page"}],"author":[{"embeddable":true,"href":"https:\/\/www.sisinternational.com\/de\/wp-json\/wp\/v2\/users\/1"}],"replies":[{"embeddable":true,"href":"https:\/\/www.sisinternational.com\/de\/wp-json\/wp\/v2\/comments?post=54090"}],"version-history":[{"count":12,"href":"https:\/\/www.sisinternational.com\/de\/wp-json\/wp\/v2\/pages\/54090\/revisions"}],"predecessor-version":[{"id":79884,"href":"https:\/\/www.sisinternational.com\/de\/wp-json\/wp\/v2\/pages\/54090\/revisions\/79884"}],"up":[{"embeddable":true,"href":"https:\/\/www.sisinternational.com\/de\/wp-json\/wp\/v2\/pages\/14660"}],"wp:attachment":[{"href":"https:\/\/www.sisinternational.com\/de\/wp-json\/wp\/v2\/media?parent=54090"}],"curies":[{"name":"wp","href":"https:\/\/api.w.org\/{rel}","templated":true}]}}