{"id":54082,"date":"2024-11-18T05:42:28","date_gmt":"2024-11-18T10:42:28","guid":{"rendered":"https:\/\/www.sisinternational.com\/?page_id=54082"},"modified":"2026-03-05T23:15:14","modified_gmt":"2026-03-06T04:15:14","slug":"top-branchenanalyseunternehmen-in-new-york","status":"publish","type":"page","link":"https:\/\/www.sisinternational.com\/de\/abdeckung\/north-america\/usa-berichterstattung\/top-branchenanalyseunternehmen-in-new-york\/","title":{"rendered":"Top-Unternehmen f\u00fcr Branchenanalysen in NY"},"content":{"rendered":"<h1 class=\"wp-block-heading\">Top-Unternehmen f\u00fcr Branchenanalysen in NY<\/h1>\n\n\n\n<figure class=\"gb-block-image gb-block-image-829de2af\"><img loading=\"lazy\" decoding=\"async\" width=\"1456\" height=\"816\" class=\"gb-image gb-image-829de2af\" src=\"https:\/\/www.sisinternational.com\/wp-content\/uploads\/2025\/09\/New-York-12.jpg\" alt=\"SIS International Marktforschung &amp; Strategie\" title=\"New York (12)\" srcset=\"https:\/\/www.sisinternational.com\/wp-content\/uploads\/2025\/09\/New-York-12.jpg 1456w, https:\/\/www.sisinternational.com\/wp-content\/uploads\/2025\/09\/New-York-12-300x168.jpg 300w, https:\/\/www.sisinternational.com\/wp-content\/uploads\/2025\/09\/New-York-12-1024x574.jpg 1024w, https:\/\/www.sisinternational.com\/wp-content\/uploads\/2025\/09\/New-York-12-768x430.jpg 768w, https:\/\/www.sisinternational.com\/wp-content\/uploads\/2025\/09\/New-York-12-18x10.jpg 18w\" sizes=\"auto, (max-width: 1456px) 100vw, 1456px\"><\/figure>\n\n\n\n<p><\/p>\n\n\n\n<p>New York ist eines der wettbewerbsintensivsten Gesch\u00e4ftsumfelder der Welt \u2013 und um hier erfolgreich zu sein, m\u00fcssen Unternehmen Branchentrends, Wettbewerbsdynamik und Kundenbed\u00fcrfnisse genau kennen. Hier wird ein f\u00fchrendes Branchenanalyseunternehmen in New York zu einem unverzichtbaren Partner!<\/p>\n\n\n\n<h2 class=\"wp-block-heading\">Was ist eine Branchenanalyse?<\/h2>\n\n\n\n<p>Eine Branchenanalyse ist eine umfassende Bewertung des wirtschaftlichen Umfelds eines Unternehmens. Sie untersucht Markttrends, Wettbewerbsdynamik und wichtige Branchentreiber, um Unternehmen dabei zu helfen, fundierte Entscheidungen zu treffen. Eine Branchenanalyse gibt Unternehmen einen 360-Grad-\u00dcberblick \u00fcber das Wettbewerbsumfeld und deckt verschiedene Aspekte ab, wie z. B. das Verst\u00e4ndnis des Wettbewerbsumfelds, die Bewertung der Kundenbed\u00fcrfnisse, die Bewertung technologischer Fortschritte und die \u00dcberwachung regulatorischer \u00c4nderungen.&nbsp;<\/p>\n\n\n\n<h2 class=\"wp-block-heading\">Warum ist eine Branchenanalyse wichtig?<\/h2>\n\n\n\n<p>F\u00fcr Unternehmen in einem vielf\u00e4ltigen und sich schnell entwickelnden Markt wie New York ist die Branchenanalyse entscheidend f\u00fcr den Erfolg. Hier sind einige Gr\u00fcnde, warum Branchenanalysen so wichtig sind:<\/p>\n\n\n\n<p><strong>1. Informierte strategische Planung<\/strong><strong><br><\/strong>By knowing the current state of the market, anticipated trends, and potential disruptions, businesses can make informed decisions about where to allocate resources, which segments to target, and how to position their products. Working with a <a href=\"https:\/\/www.sisinternational.com\/de\/top-wettbewerber-benchmarking-unternehmen\/\" title=\"Top-Wettbewerbs-Benchmarking-Unternehmen\"  data-wpil-monitor-id=\"1204\">top industry analysis company<\/a> in NY ensures businesses have access to accurate data that forms the foundation of effective strategic planning.<\/p>\n\n\n\n<p><strong>2. Wachstumschancen erkennen<\/strong><strong><br><\/strong>Industry analysis helps businesses uncover emerging opportunities that may not be immediately apparent. For example, shifts in consumer preferences, technological advancements, or regulatory changes can create new market segments. A <a href=\"https:\/\/www.sisinternational.com\/de\/fuhrendes-unternehmen-fur-wettbewerbsanalyse\/\" title=\"Top-Unternehmen f\u00fcr Wettbewerbsanalysen\"  data-wpil-monitor-id=\"1276\">top industry analysis company<\/a> in NY can help identify these opportunities early, giving businesses a competitive advantage.<\/p>\n\n\n\n<p><strong>3. Wettbewerbsbenchmarking<\/strong><strong><br><\/strong>Branchenanalysen liefern Einblicke in die St\u00e4rken und Schw\u00e4chen der Konkurrenz, sodass Unternehmen ihre Leistung vergleichen und Bereiche mit Verbesserungspotenzial identifizieren k\u00f6nnen. Wenn Unternehmen die Strategien, Preise, Produktangebote und Marktanteile der Konkurrenz verstehen, k\u00f6nnen sie strategische Anpassungen vornehmen, die ihnen helfen, die Nase vorn zu behalten.<\/p>\n\n\n\n<p><strong>4. Datengest\u00fctzte Entscheidungsfindung<\/strong><strong><br><\/strong>In today\u2019s business world, decisions need to be backed by data. Industry analysis provides the necessary data to make decisions confidently and effectively. A <a href=\"https:\/\/www.sisinternational.com\/de\/top-unternehmen-fur-die-prognose-von-b2b-branchentrends\/\" title=\"F\u00fchrendes Unternehmen f\u00fcr Prognosen von B2B-Branchentrends\"  data-wpil-monitor-id=\"1612\">top industry analysis company<\/a> in NY delivers accurate and timely data, helping companies navigate the complexities of the market and make choices that align with their goals.<\/p>\n\n\n\n<h2 class=\"wp-block-heading\">Schl\u00fcsselqualit\u00e4ten eines Top-Branchenanalyseunternehmens in NY<\/h2>\n\n\n\n<p>Choosing the right industry <a href=\"https:\/\/www.sisinternational.com\/de\/chancen-und-hindernisse-des-islamischen-bankwesens-fur-die-us-finanzbranche\/\" title=\"Islamic Banking: Chancen und Hindernisse f\u00fcr die US-Finanzbranche\"  data-wpil-monitor-id=\"6707\">analysis company<\/a> can be the difference between strategic success and missed opportunities. When it comes to navigating the fast-paced and competitive business environment of New York, companies need a partner that not only understands the landscape but also brings the right expertise, tools, and insights. Here are the key qualities that define a top industry analysis company in NY:<\/p>\n\n\n<div class=\"wp-block-image\">\n<figure class=\"aligncenter size-full\"><img loading=\"lazy\" decoding=\"async\" width=\"792\" height=\"624\" src=\"https:\/\/www.sisinternational.com\/wp-content\/uploads\/2024\/11\/Top-Industry-Analysis-Company-in-NY.png\" alt=\"SIS International Marktforschung &amp; Strategie\" class=\"wp-image-54083\" srcset=\"https:\/\/www.sisinternational.com\/wp-content\/uploads\/2024\/11\/Top-Industry-Analysis-Company-in-NY.png 792w, https:\/\/www.sisinternational.com\/wp-content\/uploads\/2024\/11\/Top-Industry-Analysis-Company-in-NY-300x236.png 300w, https:\/\/www.sisinternational.com\/wp-content\/uploads\/2024\/11\/Top-Industry-Analysis-Company-in-NY-768x605.png 768w, https:\/\/www.sisinternational.com\/wp-content\/uploads\/2024\/11\/Top-Industry-Analysis-Company-in-NY-15x12.png 15w\" sizes=\"auto, (max-width: 792px) 100vw, 792px\" \/><\/figure>\n<\/div>\n\n\n<p><\/p>\n\n\n\n<p><strong>1. Lokale Marktexpertise<\/strong><strong><br><\/strong>New York ist mit seinen wirtschaftlichen Treibern, seiner Kundendemografie und seinem Wettbewerbsumfeld ein einzigartiger Markt. Ein f\u00fchrendes Branchenanalyseunternehmen in New York sollte \u00fcber umfassende Kenntnisse des lokalen Gesch\u00e4ftsumfelds verf\u00fcgen, einschlie\u00dflich eines Verst\u00e4ndnisses branchenspezifischer Trends, regionaler Marktdynamiken und der wichtigsten Herausforderungen, denen sich Unternehmen in der Stadt stellen m\u00fcssen.&nbsp;<\/p>\n\n\n\n<p><strong>2. Umfassende Datenanalyse<\/strong><strong><br><\/strong>Die Grundlage einer effektiven Branchenanalyse ist der Zugriff auf qualitativ hochwertige Daten und die F\u00e4higkeit, diese Daten in umsetzbare Erkenntnisse umzuwandeln. Ein Top-Branchenanalyseunternehmen muss \u00fcber Kenntnisse in der Datenanalyse verf\u00fcgen und quantitative und qualitative Daten nutzen, um ein vollst\u00e4ndiges Marktbild zu liefern. Dazu geh\u00f6rt der Einsatz fortschrittlicher Technologien wie KI und PowerBi-Dashboards, um Daten sinnvoll zu erfassen, zu verarbeiten und zu visualisieren.&nbsp;<\/p>\n\n\n\n<p><strong>3. Ma\u00dfgeschneiderte Einblicke und L\u00f6sungen<\/strong><strong><br><\/strong>Ein f\u00fchrendes Branchenanalyseunternehmen in New York verfolgt einen kundenorientierten Ansatz und bietet ma\u00dfgeschneiderte Erkenntnisse und L\u00f6sungen, die auf die individuellen Bed\u00fcrfnisse jedes Kunden zugeschnitten sind. Ob es um die Bewertung neuer Marktchancen, den Leistungsvergleich mit der Konkurrenz oder die Identifizierung von Kundensegmenten f\u00fcr gezieltes Marketing geht \u2013 ein personalisierter Ansatz stellt sicher, dass Unternehmen die spezifischen Informationen erhalten, die sie f\u00fcr ihren Erfolg ben\u00f6tigen.&nbsp;<\/p>\n\n\n\n<p><strong>4. Nachgewiesene Erfolgsbilanz<\/strong><strong><br><\/strong>Erfahrung ist wichtig, insbesondere bei der Auswahl eines Branchenanalysepartners. Ein Top-Branchenanalyseunternehmen in New York sollte nachweislich Ergebnisse f\u00fcr eine breite Palette von Kunden liefern k\u00f6nnen, von kleinen Start-ups bis hin zu Fortune 500-Unternehmen.&nbsp;<\/p>\n\n\n\n<p><strong>5. Konzentrieren Sie sich auf umsetzbare Erkenntnisse<\/strong><strong><br><\/strong>A top industry <a href=\"https:\/\/www.sisinternational.com\/de\/venezuela-oil-mining-industry-potential-strategic-forecast-2026-2036\/\" title=\"Venezuela Oil &amp; Mining Industry Potential: Strategic Forecast 2026-2036\"  data-wpil-monitor-id=\"6923\">analysis company<\/a> goes beyond simply reporting numbers\u2014it provides strategic recommendations that help businesses act on the insights it receives. This includes identifying growth opportunities, suggesting operational improvements, and outlining strategic actions to enhance competitiveness.&nbsp;<\/p>\n\n\n\n<h2 class=\"wp-block-heading\">Wie Branchenanalysen den Gesch\u00e4ftserfolg steigern<\/h2>\n\n\n\n<figure class=\"gb-block-image gb-block-image-db9da224\"><img loading=\"lazy\" decoding=\"async\" width=\"1456\" height=\"816\" class=\"gb-image gb-image-db9da224\" src=\"https:\/\/www.sisinternational.com\/wp-content\/uploads\/2025\/08\/CEO-CIO-manager-8.jpg\" alt=\"SIS International Marktforschung &amp; Strategie\" title=\"CEO CIO manager (8)\" srcset=\"https:\/\/www.sisinternational.com\/wp-content\/uploads\/2025\/08\/CEO-CIO-manager-8.jpg 1456w, https:\/\/www.sisinternational.com\/wp-content\/uploads\/2025\/08\/CEO-CIO-manager-8-300x168.jpg 300w, https:\/\/www.sisinternational.com\/wp-content\/uploads\/2025\/08\/CEO-CIO-manager-8-1024x574.jpg 1024w, https:\/\/www.sisinternational.com\/wp-content\/uploads\/2025\/08\/CEO-CIO-manager-8-768x430.jpg 768w, https:\/\/www.sisinternational.com\/wp-content\/uploads\/2025\/08\/CEO-CIO-manager-8-18x10.jpg 18w\" sizes=\"auto, (max-width: 1456px) 100vw, 1456px\"><\/figure>\n\n\n\n<p><\/p>\n\n\n\n<p>Durch die Partnerschaft mit einem f\u00fchrenden Branchenanalyseunternehmen in New York k\u00f6nnen Unternehmen wertvolle Erkenntnisse gewinnen, die ihr strategisches Wachstum vorantreiben und ihnen einen Wettbewerbsvorteil verschaffen. So tragen Branchenanalysen zum Gesch\u00e4ftserfolg bei:<\/p>\n\n\n\n<p><strong>1. Wachstumschancen erkennen<br><\/strong>One of the primary benefits of industry analysis is its ability to uncover growth opportunities. Companies can identify areas where demand increases or new emerging markets by examining market trends, consumer preferences, and competitive dynamics. This information allows businesses to create targeted strategies to capitalize on these opportunities. For example, a <a href=\"https:\/\/www.sisinternational.com\/de\/top-unternehmen-fur-die-bewertung-von-unternehmensstrategien\/\" title=\"F\u00fchrendes Unternehmen f\u00fcr die Bewertung von Unternehmensstrategien\"  data-wpil-monitor-id=\"1503\">top industry analysis company in NY<\/a> can help a company determine whether expanding into a specific segment or launching a new product line would be a viable growth strategy.&nbsp;<\/p>\n\n\n\n<p><strong>2. Einen Wettbewerbsvorteil erlangen<\/strong><strong><br><\/strong>Durch die Bewertung der St\u00e4rken, Schw\u00e4chen, Strategien und Marktanteile der Konkurrenz k\u00f6nnen Unternehmen Bereiche identifizieren, in denen sie Vorteile haben oder sich von der Konkurrenz abheben k\u00f6nnen. Ein Unternehmen k\u00f6nnte beispielsweise feststellen, dass ein Konkurrent einen hervorragenden Kundenservice bietet, aber bei der Produktinnovation hinterherhinkt.&nbsp;<\/p>\n\n\n\n<p><strong>3. Risiken mindern<\/strong><strong><br><\/strong>Branchenanalysen spielen eine entscheidende Rolle bei der Risikominderung, indem sie potenzielle Herausforderungen identifizieren, bevor sie zu ernsthaften Problemen werden. Angenommen, eine Branchenanalyse zeigt, dass ein bestimmtes Marktsegment ges\u00e4ttigt ist oder dass eine neue Regulierung Auswirkungen auf die Branche haben wird. In diesem Fall k\u00f6nnen Unternehmen proaktiv Ma\u00dfnahmen ergreifen, um ihre Strategien entsprechend anzupassen.&nbsp;<\/p>\n\n\n\n<p><strong>4. Strategische Planung und Ressourcenzuweisung<\/strong><strong><br><\/strong>Durch das Verst\u00e4ndnis der Marktdynamik, des Wettbewerbsdrucks und der aufkommenden Trends k\u00f6nnen Unternehmen strategische Pl\u00e4ne erstellen, die den Marktrealit\u00e4ten entsprechen und Chancen nutzen. Dazu geh\u00f6rt die Entscheidung, wie Ressourcen zugeteilt werden \u2013 in neue Technologien investieren, in neue M\u00e4rkte expandieren oder die Marketingbem\u00fchungen verst\u00e4rken.&nbsp;<\/p>\n\n\n\n<p><strong>5. Verbesserung der betrieblichen Effizienz<br><\/strong>Branchenanalysen k\u00f6nnen nicht nur strategische Entscheidungen treffen, sondern auch zur Verbesserung der betrieblichen Effizienz beitragen. Unternehmen k\u00f6nnen Bereiche identifizieren, in denen sie ihre Betriebsabl\u00e4ufe optimieren und Kosten senken k\u00f6nnen, indem sie Branchenbenchmarks und Best Practices analysieren. Ein f\u00fchrendes Branchenanalyseunternehmen in New York bietet Einblicke in betriebliche Best Practices, mit denen Unternehmen ihre Effizienz steigern, Abfall reduzieren und ihre Gesamtleistung verbessern k\u00f6nnen.<\/p>\n\n\n\n<p><strong>6. Erleichterung des Markteintritts und der Expansion<\/strong><strong><br><\/strong>Branchenanalysen sind f\u00fcr Unternehmen, die neue M\u00e4rkte erschlie\u00dfen m\u00f6chten, ein unsch\u00e4tzbares Werkzeug. Sie helfen ihnen, Marktbedingungen, Kundenpr\u00e4ferenzen und potenzielle Herausforderungen zu verstehen. Ein f\u00fchrendes Branchenanalyseunternehmen in New York kann Unternehmen dabei helfen, die Durchf\u00fchrbarkeit des Eintritts in einen neuen Markt zu bewerten, die vielversprechendsten Segmente zu identifizieren und eine effektive Markteintrittsstrategie zu entwickeln.&nbsp;<\/p>\n\n\n\n<h2 class=\"wp-block-heading\">Was SIS International zu einem Top-Branchenanalyseunternehmen in New York macht<\/h2>\n\n\n\n<p>Seit \u00fcber 40 Jahren <a href=\"https:\/\/medium.com\/@sisinternational\/sis-international-c17160da8fac\" target=\"_blank\" rel=\"noopener\">SIS<\/a> ist ein zuverl\u00e4ssiger Partner f\u00fcr Unternehmen, die umfassende Branchenanalysen und strategische Einblicke suchen. Unsere Erfahrung erstreckt sich auf \u00fcber 120 L\u00e4nder und wir haben mit einigen der einflussreichsten Unternehmen weltweit zusammengearbeitet, darunter \u00fcber 70 % der Fortune 500. Aus diesem Grund gilt SIS International als f\u00fchrendes Branchenanalyseunternehmen in New York:<\/p>\n\n\n<p>\n\n\n<\/p>\n<h3 class=\"wp-block-heading\" style=\"padding-left: 40px;\">Nachgewiesene Erfolgsbilanz bei Fortune 500-Unternehmen<\/h3>\n<p style=\"padding-left: 40px;\">\n\n\n\n<\/p>\n<p style=\"padding-left: 40px;\">Unsere Erfolgsbilanz spricht f\u00fcr sich \u2013 wir haben einige der gr\u00f6\u00dften und einflussreichsten Unternehmen der Welt betreut, darunter \u00fcber 70 % der Fortune 500. Ob wir nun mit Start-ups oder multinationalen Konzernen zusammenarbeiten, wir liefern stets wertvolle Erkenntnisse, die strategische Entscheidungen vorantreiben und das Unternehmenswachstum f\u00f6rdern. Unsere Erfahrung in verschiedenen Branchen erm\u00f6glicht es uns, relevante, umsetzbare Erkenntnisse zu liefern, die Unternehmen helfen, in einem wettbewerbsintensiven Markt erfolgreich zu sein.<\/p>\n<p style=\"padding-left: 40px;\">\n\n\n\n<\/p>\n<h3 class=\"wp-block-heading\" style=\"padding-left: 40px;\">Umfassende L\u00f6sungen f\u00fcr jeden Gesch\u00e4ftsbedarf<\/h3>\n<p style=\"padding-left: 40px;\">\n\n\n\n<\/p>\n<p style=\"padding-left: 40px;\">We offer a wide range of solutions that cater to the different aspects of business growth and strategy. Our services include Brand Consulting, <a class=\"wpil_keyword_link\" href=\"https:\/\/www.sisinternational.com\/de\/kundenzufriedenheitsanalyse\/\" title=\"8 M\u00f6glichkeiten zur Steigerung der Kundenzufriedenheit im Einzelhandel\" data-wpil-keyword-link=\"linked\" data-wpil-monitor-id=\"178\">Customer Satisfaction Analysis<\/a>, Market Entry Strategy, Sales Growth Consulting, Focus Groups, and Qualitative and quantitative Research. By offering comprehensive solutions, we ensure our clients have everything they need to understand their industry, refine their strategies, and achieve their business goals.\u00a0<\/p>\n<p style=\"padding-left: 40px;\">\n\n\n\n<\/p>\n<h3 class=\"wp-block-heading\" style=\"padding-left: 40px;\">Integration modernster Technologie<\/h3>\n<p style=\"padding-left: 40px;\">\n\n\n\n<\/p>\n<p style=\"padding-left: 40px;\">Technologie ist das Herzst\u00fcck unseres Handelns. <a href=\"https:\/\/twitter.com\/SISIntlResearch\" target=\"_blank\" rel=\"noopener\">SIS<\/a>Wir nutzen die neuesten Technologien, darunter KI, Blockchain und PowerBi-Dashboards, um genauere, detailliertere und umsetzbarere Erkenntnisse zu liefern. KI hilft uns, gro\u00dfe Datenmengen effizient zu verarbeiten und bietet pr\u00e4diktive Analysen, w\u00e4hrend Blockchain f\u00fcr Datensicherheit und Transparenz sorgt. Unsere PowerBi-Dashboards erm\u00f6glichen es Kunden, komplexe Daten in einem leicht verst\u00e4ndlichen Format zu visualisieren und so bessere Entscheidungen zu treffen.\u00a0<\/p>\n<p style=\"padding-left: 40px;\">\n\n\n\n<\/p>\n<h3 class=\"wp-block-heading\" style=\"padding-left: 40px;\">Erfahrenes und vielf\u00e4ltiges Team<\/h3>\n<p style=\"padding-left: 40px;\">\n\n\n\n<\/p>\n<p style=\"padding-left: 40px;\">Unser Erfolg beruht auf \u00fcber 150 Mitarbeitern und Partnern, die in jedes Projekt vielf\u00e4ltiges Fachwissen einbringen. Von Marktforschungsspezialisten bis hin zu Datenanalysten und strategischen Beratern ist unser Team bestrebt, Spitzenleistungen in der Branchenanalyse zu erbringen. Dieses vielf\u00e4ltige Fachwissen erm\u00f6glicht es uns, Probleme aus mehreren Perspektiven anzugehen und sicherzustellen, dass unsere Kunden umfassende und effektive L\u00f6sungen erhalten, die ihren Anforderungen entsprechen.<\/p>\n<p style=\"padding-left: 40px;\">\n\n\n\n<\/p>\n<h2 class=\"wp-block-heading\" style=\"padding-left: 40px;\">Kundenorientierter Ansatz und ma\u00dfgeschneiderte L\u00f6sungen<\/h2>\n<p style=\"padding-left: 40px;\">\n\n\n\n<\/p>\n<p style=\"padding-left: 40px;\">Bei <a href=\"https:\/\/www.linkedin.com\/company\/sisinternationalresearch\/\" target=\"_blank\" rel=\"noopener\">SIS International<\/a>, wir verfolgen bei jedem Projekt einen kundenorientierten Ansatz. Wir wissen, dass keine zwei Unternehmen gleich sind, daher bieten wir ma\u00dfgeschneiderte L\u00f6sungen, die auf die individuellen Bed\u00fcrfnisse jedes Kunden zugeschnitten sind. Ob wir einem Start-up beim Eintritt in einen neuen Markt helfen oder einem Fortune 500-Unternehmen bei der Verfeinerung seiner Strategie helfen, wir arbeiten eng mit unseren Kunden zusammen, um sicherzustellen, dass unsere Erkenntnisse mit ihren Gesch\u00e4ftszielen \u00fcbereinstimmen. Unser Fokus auf Anpassung stellt sicher, dass unsere Kunden den maximalen Nutzen aus unseren Branchenanalysediensten ziehen.<\/p>\n<p>\n\n\n<\/p>\n\n\n<h2 class=\"wp-block-heading\">\u00dcber SIS International<\/h2>\n\n\n\n<p><a href=\"https:\/\/www.sisinternational.com\/de\/\">SIS International<\/a> bietet quantitative, qualitative und strategische Forschung an. Wir liefern Daten, Tools, Strategien, Berichte und Erkenntnisse zur Entscheidungsfindung. Wir f\u00fchren auch Interviews, Umfragen, Fokusgruppen und andere Methoden und Ans\u00e4tze der Marktforschung durch.<a href=\"https:\/\/www.sisinternational.com\/de\/uber-sis-international-research\/contact-sis-international-market-research\/\"> Kontakt<\/a> f\u00fcr Ihr n\u00e4chstes Marktforschungsprojekt.<\/p>\n\n\n\n<hr class=\"wp-block-separator has-alpha-channel-opacity\"\/>","protected":false},"excerpt":{"rendered":"<p>Top Industry Analysis Company in NY New York is one of the most competitive business environments in the world \u2013 and companies need a deep understanding of industry trends, competitor dynamics, and customer needs to succeed here. This is where a top industry analysis company in NY becomes an invaluable partner! What is Industry Analysis? &#8230; <a title=\"Top-Unternehmen f\u00fcr Branchenanalysen in NY\" class=\"read-more\" href=\"https:\/\/www.sisinternational.com\/de\/abdeckung\/north-america\/usa-berichterstattung\/top-branchenanalyseunternehmen-in-new-york\/\" aria-label=\"Mehr Informationen \u00fcber Top Industry Analysis Company in NY\">Weiterlesen \u2026<\/a><\/p>","protected":false},"author":1,"featured_media":66478,"parent":19303,"menu_order":79,"comment_status":"closed","ping_status":"closed","template":"","meta":{"footnotes":""},"class_list":["post-54082","page","type-page","status-publish","has-post-thumbnail"],"_links":{"self":[{"href":"https:\/\/www.sisinternational.com\/de\/wp-json\/wp\/v2\/pages\/54082","targetHints":{"allow":["GET"]}}],"collection":[{"href":"https:\/\/www.sisinternational.com\/de\/wp-json\/wp\/v2\/pages"}],"about":[{"href":"https:\/\/www.sisinternational.com\/de\/wp-json\/wp\/v2\/types\/page"}],"author":[{"embeddable":true,"href":"https:\/\/www.sisinternational.com\/de\/wp-json\/wp\/v2\/users\/1"}],"replies":[{"embeddable":true,"href":"https:\/\/www.sisinternational.com\/de\/wp-json\/wp\/v2\/comments?post=54082"}],"version-history":[{"count":12,"href":"https:\/\/www.sisinternational.com\/de\/wp-json\/wp\/v2\/pages\/54082\/revisions"}],"predecessor-version":[{"id":80491,"href":"https:\/\/www.sisinternational.com\/de\/wp-json\/wp\/v2\/pages\/54082\/revisions\/80491"}],"up":[{"embeddable":true,"href":"https:\/\/www.sisinternational.com\/de\/wp-json\/wp\/v2\/pages\/19303"}],"wp:featuredmedia":[{"embeddable":true,"href":"https:\/\/www.sisinternational.com\/de\/wp-json\/wp\/v2\/media\/66478"}],"wp:attachment":[{"href":"https:\/\/www.sisinternational.com\/de\/wp-json\/wp\/v2\/media?parent=54082"}],"curies":[{"name":"wp","href":"https:\/\/api.w.org\/{rel}","templated":true}]}}