{"id":54074,"date":"2024-11-14T05:18:04","date_gmt":"2024-11-14T10:18:04","guid":{"rendered":"https:\/\/www.sisinternational.com\/?page_id=54074"},"modified":"2026-03-25T01:00:39","modified_gmt":"2026-03-25T05:00:39","slug":"top-wettbewerber-benchmarking-unternehmen","status":"publish","type":"page","link":"https:\/\/www.sisinternational.com\/de\/losungen\/strategieberatung\/top-wettbewerber-benchmarking-unternehmen\/","title":{"rendered":"Top-Wettbewerbs-Benchmarking-Unternehmen"},"content":{"rendered":"<h1 class=\"wp-block-heading\">Top-Wettbewerbs-Benchmarking-Unternehmen<\/h1>\n\n\n\n<figure class=\"gb-block-image gb-block-image-bc59f4fd\"><img loading=\"lazy\" decoding=\"async\" width=\"1456\" height=\"816\" class=\"gb-image gb-image-bc59f4fd\" src=\"https:\/\/www.sisinternational.com\/wp-content\/uploads\/2025\/09\/Research-17.jpg\" alt=\"SIS International Marktforschung &amp; Strategie\" title=\"Research (17)\" srcset=\"https:\/\/www.sisinternational.com\/wp-content\/uploads\/2025\/09\/Research-17.jpg 1456w, https:\/\/www.sisinternational.com\/wp-content\/uploads\/2025\/09\/Research-17-300x168.jpg 300w, https:\/\/www.sisinternational.com\/wp-content\/uploads\/2025\/09\/Research-17-1024x574.jpg 1024w, https:\/\/www.sisinternational.com\/wp-content\/uploads\/2025\/09\/Research-17-768x430.jpg 768w, https:\/\/www.sisinternational.com\/wp-content\/uploads\/2025\/09\/Research-17-18x10.jpg 18w\" sizes=\"auto, (max-width: 1456px) 100vw, 1456px\"><\/figure>\n\n\n\n<p><\/p>\n\n\n\n<h3 class=\"wp-block-heading\">Die Zusammenarbeit mit einem f\u00fchrenden Wettbewerbs-Benchmarking-Unternehmen wie SIS International kann Ihnen dabei helfen, Wachstumschancen, Effizienzsteigerungen und eine verbesserte Kundenzufriedenheit zu erkennen.<\/h3>\n\n\n\n<p>Wie kann Ihr Unternehmen im heutigen Wettbewerbsumfeld die Nase vorn behalten? Wettbewerbsbenchmarking ist der Schl\u00fcssel, um Einblicke in die Branchenleistung, die St\u00e4rken der Konkurrenz und Bereiche zu erhalten, in denen Ihr Unternehmen einen Vorsprung erlangen kann. Durch die Partnerschaft mit einem f\u00fchrenden Unternehmen f\u00fcr Wettbewerbsbenchmarking erhalten Unternehmen die Tools und datengesteuerten Einblicke, die sie zur Verbesserung strategischer Entscheidungen und zur Wahrung ihrer Wettbewerbsf\u00e4higkeit ben\u00f6tigen.<\/p>\n\n\n\n<h2 class=\"wp-block-heading\">Was ist Wettbewerbs-Benchmarking?<\/h2>\n\n\n\n<p>Durch das Benchmarking von Wettbewerbern k\u00f6nnen Unternehmen ihre Leistung im Vergleich zu wichtigen Branchenteilnehmern bewerten. Unternehmen k\u00f6nnen Erkenntnisse gewinnen, die Verbesserungen und Innovationen vorantreiben, indem sie verstehen, was die Wettbewerber gut machen und wo sie m\u00f6glicherweise hinterherhinken. Dieser Prozess hilft Unternehmen, Best Practices zu identifizieren, ihre Wettbewerbsposition zu verstehen und Verbesserungsbereiche zu erkennen.<\/p>\n\n\n\n<p>A <a href=\"https:\/\/www.sisinternational.com\/de\/top-branchenanalyseunternehmen-in-new-york\/\" title=\"Top-Unternehmen f\u00fcr Branchenanalysen in NY\"  data-wpil-monitor-id=\"1128\">Top-Wettbewerber-Benchmarking-Unternehmen<\/a> utilizes various metrics such as financial performance, customer satisfaction, operational efficiency, and marketing effectiveness, to analyze competitors&#8217; strengths and weaknesses.&nbsp;<\/p>\n\n\n\n<h2 class=\"wp-block-heading\">Hauptvorteile des Wettbewerbsbenchmarkings<\/h2>\n\n\n\n<figure class=\"gb-block-image gb-block-image-5755d0dc\"><img loading=\"lazy\" decoding=\"async\" width=\"1456\" height=\"816\" class=\"gb-image gb-image-5755d0dc\" src=\"https:\/\/www.sisinternational.com\/wp-content\/uploads\/2025\/09\/Research-4.jpg\" alt=\"SIS International Marktforschung &amp; Strategie\" title=\"Research (4)\" srcset=\"https:\/\/www.sisinternational.com\/wp-content\/uploads\/2025\/09\/Research-4.jpg 1456w, https:\/\/www.sisinternational.com\/wp-content\/uploads\/2025\/09\/Research-4-300x168.jpg 300w, https:\/\/www.sisinternational.com\/wp-content\/uploads\/2025\/09\/Research-4-1024x574.jpg 1024w, https:\/\/www.sisinternational.com\/wp-content\/uploads\/2025\/09\/Research-4-768x430.jpg 768w, https:\/\/www.sisinternational.com\/wp-content\/uploads\/2025\/09\/Research-4-18x10.jpg 18w\" sizes=\"auto, (max-width: 1456px) 100vw, 1456px\"><\/figure>\n\n\n\n<p><\/p>\n\n\n\n<p>Die Partnerschaft mit einem f\u00fchrenden Unternehmen f\u00fcr Wettbewerbsvergleiche bietet mehrere Vorteile, die sich erheblich auf das Wachstum und den Erfolg eines Unternehmens auswirken k\u00f6nnen:<\/p>\n\n\n\n<ul class=\"wp-block-list\">\n<li><strong>Best Practices identifizieren<\/strong>: Durch die Analyse der Strategien und Praktiken der Top-Konkurrenten k\u00f6nnen Unternehmen ermitteln, was in der Branche gut funktioniert, und \u00e4hnliche Ans\u00e4tze \u00fcbernehmen, um ihre Leistung zu verbessern.<\/li>\n\n\n\n<li><strong>Verbesserungsm\u00f6glichkeiten aufdecken<\/strong>: Das Benchmarking von Wettbewerbern zeigt Bereiche auf, in denen ein Unternehmen im Vergleich zu seinen Wettbewerbern m\u00f6glicherweise versagt. Diese Erkenntnisse erm\u00f6glichen es Unternehmen, strategische Anpassungen vorzunehmen und die Effizienz zu verbessern.<\/li>\n\n\n\n<li><strong>Verbesserte Entscheidungsfindung<\/strong>: Durch den Zugriff auf detaillierte Daten zur Konkurrenz k\u00f6nnen Unternehmen fundiertere Entscheidungen zur Produktentwicklung, zu Marketingstrategien, zur Preisgestaltung und zum Kundenservice treffen.<\/li>\n\n\n\n<li><strong>St\u00e4rkung der Wettbewerbsposition<\/strong>: Wenn Sie die St\u00e4rken und Schw\u00e4chen Ihrer Konkurrenten kennen, k\u00f6nnen Sie Strategien entwickeln, die ihre Schwachstellen ausnutzen und gleichzeitig Ihre St\u00e4rken ausbauen.<\/li>\n\n\n\n<li><strong>Innovation vorantreiben<\/strong>: Wettbewerbsbenchmarking f\u00f6rdert Innovationen, indem es Marktl\u00fccken oder Bereiche identifiziert, in denen Wettbewerber die Kundenbed\u00fcrfnisse m\u00f6glicherweise nicht vollst\u00e4ndig erf\u00fcllen. Dies bietet M\u00f6glichkeiten zur Entwicklung neuer Produkte oder Dienstleistungen, die diese L\u00fccken schlie\u00dfen.<\/li>\n<\/ul>\n\n\n\n<h2 class=\"wp-block-heading\">Von den f\u00fchrenden Unternehmen f\u00fcr Wettbewerbsbenchmarking angebotene Dienstleistungen<\/h2>\n\n\n\n<p><a href=\"https:\/\/www.sisinternational.com\/de\/fuhrendes-unternehmen-fur-wettbewerbsanalyse\/\" title=\"Top-Unternehmen f\u00fcr Wettbewerbsanalysen\"  data-wpil-monitor-id=\"1257\">Top competitor benchmarking companies<\/a> like SIS provide a wide range of services that allow businesses to thoroughly understand their competitive landscape. These services offer actionable insights that enhance strategic planning, optimize operations, and improve customer experiences. The key services provided include:<\/p>\n\n\n\n<p>Top-Wettbewerbsbenchmarking-Unternehmen bieten eine breite Palette von Dienstleistungen an, die Unternehmen dabei helfen, wertvolle Einblicke in ihr Wettbewerbsumfeld zu gewinnen. Diese Dienstleistungen umfassen:<\/p>\n\n\n\n<ul class=\"wp-block-list\">\n<li><strong>Analyse der Leistungsmetriken<\/strong>: Auswertung der wichtigsten Leistungsindikatoren (KPIs) wie Umsatzwachstum, Gewinnspannen und Marktanteile, um zu verstehen, wie Ihr Unternehmen im Vergleich zu den Mitbewerbern abschneidet.<\/li>\n\n\n\n<li><strong>Benchmarking der Kundenerfahrung<\/strong>: Analysieren Sie Kundenfeedback, Zufriedenheitswerte und Loyalit\u00e4tsmetriken, um zu verstehen, wie Kunden Ihre Konkurrenten wahrnehmen, und um Bereiche zu identifizieren, die verbessert werden k\u00f6nnen.<\/li>\n\n\n\n<li><strong>Bewertung der betrieblichen Effizienz<\/strong>: Vergleichen Sie Betriebsabl\u00e4ufe, Produktionskosten und Ressourcennutzung, um M\u00f6glichkeiten zur Effizienzsteigerung und Kostensenkung zu ermitteln.<\/li>\n\n\n\n<li><strong>Benchmarking f\u00fcr Marketing- und Vertriebsstrategien<\/strong>: Evaluieren Sie die Marketingkampagnen, Verkaufsstrategien und Preismodelle der Konkurrenz, um wirksame Taktiken und Bereiche zu identifizieren, in denen sich Ihr Unternehmen von der Konkurrenz abheben kann.<\/li>\n\n\n\n<li><strong>Produkt- und Servicevergleich<\/strong>: Analysieren Sie die Funktionen, Preise und Qualit\u00e4t der Produkte und Dienstleistungen der Konkurrenz, um Ihr Angebot im Vergleich zu anderen Produkten und Dienstleistungen zu bewerten und Bereiche zu identifizieren, in denen Verbesserungen m\u00f6glich sind.<\/li>\n<\/ul>\n\n\n\n<h2 class=\"wp-block-heading\">Wie Wettbewerbsbenchmarking strategische Entscheidungen beeinflusst<\/h2>\n\n\n\n<p>Durch den Vergleich von Leistung, Prozessen und Kundenwahrnehmung mit denen der wichtigsten Wettbewerber gewinnen Unternehmen Erkenntnisse, die eine breite Palette strategischer Entscheidungen beeinflussen, von der Produktentwicklung bis zur Preisgestaltung. Hier erfahren Sie, wie das Benchmarking der Wettbewerber direkt zur strategischen Entscheidungsfindung beitr\u00e4gt.<\/p>\n\n\n\n<p><\/p>\n\n\n<div class=\"wp-block-image\">\n<figure class=\"aligncenter size-full\"><img loading=\"lazy\" decoding=\"async\" width=\"655\" height=\"457\" src=\"https:\/\/www.sisinternational.com\/wp-content\/uploads\/2024\/11\/Top-Competitor-Benchmarking-Company.png\" alt=\"SIS International Marktforschung &amp; Strategie\" class=\"wp-image-54075\" srcset=\"https:\/\/www.sisinternational.com\/wp-content\/uploads\/2024\/11\/Top-Competitor-Benchmarking-Company.png 655w, https:\/\/www.sisinternational.com\/wp-content\/uploads\/2024\/11\/Top-Competitor-Benchmarking-Company-300x209.png 300w, https:\/\/www.sisinternational.com\/wp-content\/uploads\/2024\/11\/Top-Competitor-Benchmarking-Company-18x12.png 18w\" sizes=\"auto, (max-width: 655px) 100vw, 655px\" \/><\/figure>\n<\/div>\n\n\n<p><\/p>\n\n\n\n<p><strong>Leitung der Produktentwicklung und Innovation<\/strong><strong><br><\/strong>Das Benchmarking von Wettbewerbern bietet einen detaillierten \u00dcberblick \u00fcber die Funktionen, Technologien und Innovationen, die den Markterfolg vorantreiben. Durch die Analyse der Produktangebote von Wettbewerbern k\u00f6nnen Unternehmen feststellen, welche Funktionen oder Vorteile von Kunden am meisten gesch\u00e4tzt werden und wo L\u00fccken oder Differenzierungsm\u00f6glichkeiten bestehen. Wenn das Benchmarking beispielsweise ergibt, dass Wettbewerber sich auf umweltfreundliche Materialien oder anpassbare L\u00f6sungen konzentrieren, kann ein Unternehmen diese Funktionen integrieren, um den sich entwickelnden Kundenpr\u00e4ferenzen gerecht zu werden.&nbsp;<\/p>\n\n\n\n<p><strong>Gestaltung der Preisstrategie f\u00fcr Wettbewerbsvorteile<\/strong><strong><br><\/strong>Die Preisgestaltung ist ein entscheidender Aspekt der Wettbewerbsf\u00e4higkeit, und ein Vergleich der Konkurrenz ist unerl\u00e4sslich, um Preispunkte festzulegen, die den Umsatz maximieren und gleichzeitig f\u00fcr die Kunden attraktiv bleiben. Durch Preisvergleiche k\u00f6nnen Unternehmen verstehen, wie ihre Preise im Vergleich zu denen der Konkurrenz abschneiden, und k\u00f6nnen sich entsprechend anpassen. Wenn ein Unternehmen feststellt, dass seine Preise deutlich h\u00f6her sind, ohne einen Mehrwert zu bieten, kann es sich dazu entschlie\u00dfen, seine Preisstruktur zu \u00fcberarbeiten oder abgestufte Optionen einzuf\u00fchren.&nbsp;<\/p>\n\n\n\n<p><strong>Verbesserung des Kundenerlebnisses und der Kundenzufriedenheit<\/strong><strong><br><\/strong>Ein wichtiger Bestandteil des Wettbewerbsbenchmarkings ist die Bewertung, wie Wettbewerber ihre Kunden ansprechen und binden. Durch die Analyse von Kundenbewertungen, Feedback und Zufriedenheitsmetriken erhalten Unternehmen Einblicke in das, was Kunden an den Dienstleistungen der Wettbewerber sch\u00e4tzen oder nicht m\u00f6gen. Dieses Verst\u00e4ndnis erm\u00f6glicht es Unternehmen, ihre Strategien zur Kundenerfahrung zu optimieren.&nbsp;<\/p>\n\n\n\n<p><strong>Verbesserung der Marketing- und Vertriebseffektivit\u00e4t<\/strong><strong><br><\/strong>Durch das Benchmarking von Wettbewerbern k\u00f6nnen Unternehmen besser verstehen, welche Botschaften, Kan\u00e4le und Taktiken bei der Zielgruppe gut ankommen. Wenn beispielsweise die Social-Media-Kampagnen eines Konkurrenten f\u00fcr hohes Engagement sorgen, kann ein Unternehmen seine Social-Media-Strategie verbessern, um relevant zu bleiben. Wenn das Benchmarking zeigt, dass das Content-Marketing eines Konkurrenten Leads generiert, kann ein Unternehmen \u00e4hnliche Strategien anwenden, um seine Reichweite zu erh\u00f6hen.&nbsp;<\/p>\n\n\n\n<p><strong>Optimierung der Betriebseffizienz<\/strong><strong><br><\/strong>\u00dcber die kundenorientierten Bereiche hinaus liefert das Wettbewerbsbenchmarking auch Informationen zu internen Prozessverbesserungen, die die allgemeine Betriebseffizienz steigern. Ein f\u00fchrendes Unternehmen f\u00fcr Wettbewerbsbenchmarking bietet Einblicke in betriebliche Best Practices, sodass Unternehmen Kosten senken, die Produktivit\u00e4t steigern und Ressourcen effektiver zuweisen k\u00f6nnen.<\/p>\n\n\n\n<p><strong>Informationen zur strategischen Ressourcenzuweisung<\/strong><strong><br><\/strong>Benchmarking bietet einen klaren \u00dcberblick dar\u00fcber, wo Wettbewerber ihre Ressourcen investieren, sei es in Forschung und Entwicklung, Marketing oder Technologie. Durch das Verst\u00e4ndnis dieser Zuweisungen k\u00f6nnen Unternehmen feststellen, ob sie angemessen investieren oder ob Anpassungen erforderlich sind, um mithalten zu k\u00f6nnen. Wenn Wettbewerber beispielsweise erhebliche Ressourcen f\u00fcr die digitale Transformation bereitstellen, kann sich ein Unternehmen f\u00fcr \u00e4hnliche Investitionen entscheiden, um wettbewerbsf\u00e4hig zu bleiben.&nbsp;<\/p>\n\n\n\n<p><strong>Wachstumschancen und Marktl\u00fccken erkennen<\/strong><strong><br><\/strong>Durch die Analyse der Schw\u00e4chen der Konkurrenz oder unterversorgter Kundensegmente k\u00f6nnen Unternehmen Strategien entwickeln, um diese L\u00fccken zu schlie\u00dfen. Wenn ein Konkurrent beispielsweise keine Angebote f\u00fcr kleine Unternehmen hat, k\u00f6nnte ein Unternehmen ein gezieltes Produkt oder eine Dienstleistung entwickeln, um diese Nachfrage zu befriedigen. Durch die Identifizierung und Nutzung dieser Wachstumschancen k\u00f6nnen sich Unternehmen von der Konkurrenz abheben und neue Einnahmequellen erschlie\u00dfen, wodurch ihre Wettbewerbsposition gest\u00e4rkt wird.<\/p>\n\n\n\n<h2 class=\"wp-block-heading\">Auswahl des richtigen Wettbewerbsbenchmarking-Partners<\/h2>\n\n\n\n<figure class=\"gb-block-image gb-block-image-5f756c12\"><img loading=\"lazy\" decoding=\"async\" width=\"1456\" height=\"816\" class=\"gb-image gb-image-5f756c12\" src=\"https:\/\/www.sisinternational.com\/wp-content\/uploads\/2025\/09\/Focus-group-recruitment-5.jpg\" alt=\"SIS International Marktforschung &amp; Strategie\" title=\"Focus group recruitment (5)\" srcset=\"https:\/\/www.sisinternational.com\/wp-content\/uploads\/2025\/09\/Focus-group-recruitment-5.jpg 1456w, https:\/\/www.sisinternational.com\/wp-content\/uploads\/2025\/09\/Focus-group-recruitment-5-300x168.jpg 300w, https:\/\/www.sisinternational.com\/wp-content\/uploads\/2025\/09\/Focus-group-recruitment-5-1024x574.jpg 1024w, https:\/\/www.sisinternational.com\/wp-content\/uploads\/2025\/09\/Focus-group-recruitment-5-768x430.jpg 768w, https:\/\/www.sisinternational.com\/wp-content\/uploads\/2025\/09\/Focus-group-recruitment-5-18x10.jpg 18w\" sizes=\"auto, (max-width: 1456px) 100vw, 1456px\"><\/figure>\n\n\n\n<p><\/p>\n\n\n\n<p>Die Auswahl des richtigen Wettbewerbsbenchmarking-Partners ist f\u00fcr Unternehmen, die einen klaren, umsetzbaren \u00dcberblick \u00fcber ihre Marktposition w\u00fcnschen, von entscheidender Bedeutung. Ein Top-Wettbewerbsbenchmarking-Unternehmen liefert Daten und wertvolle Erkenntnisse, die strategische Entscheidungen und Wettbewerbsvorteile vorantreiben \u2013 und hier sind die wichtigsten Faktoren, die bei der Auswahl eines Wettbewerbsbenchmarking-Partners zu ber\u00fccksichtigen sind.<\/p>\n\n\n\n<p><strong>Bewerten Sie ihre Branchenexpertise und Erfolgsbilanz<\/strong><strong><br><\/strong>Branchenspezifisches Fachwissen ist beim Wettbewerbsbenchmarking unverzichtbar, da jeder Sektor einzigartige Dynamiken, Kundenverhalten und regulatorische Anforderungen aufweist. Ein Top-Unternehmen f\u00fcr Wettbewerbsbenchmarking sollte Erfahrung in der Zusammenarbeit mit Unternehmen haben, die vor \u00e4hnlichen Herausforderungen stehen, damit es kontextrelevante Erkenntnisse liefern kann, die strategische Verbesserungen vorantreiben.<\/p>\n\n\n\n<p><strong>Bewerten Sie die Genauigkeit ihrer Daten und Methoden<\/strong><strong><br><\/strong>W\u00e4hlen Sie einen Partner, der Datengenauigkeit priorisiert und seri\u00f6se Quellen zur Erfassung von Wettbewerbsinformationen nutzt. Ein Top-Wettbewerbs-Benchmarking-Unternehmen wird eine Kombination aus Datenanalyse, Marktforschung und propriet\u00e4ren Tools verwenden, um zuverl\u00e4ssige und aussagekr\u00e4ftige Erkenntnisse zu gew\u00e4hrleisten. Transparente Methoden zeigen das Engagement des Unternehmens, unvoreingenommene, umsetzbare Daten zu liefern, denen Sie vertrauen k\u00f6nnen.<\/p>\n\n\n\n<p><strong>Ber\u00fccksichtigen Sie den Einsatz fortschrittlicher Tools und Technologien<\/strong><strong><br><\/strong>W\u00e4hlen Sie einen Partner, der fortschrittliche Technologien wie Datenanalyseplattformen, Stimmungsanalyse und Social-Media-Monitoring-Tools nutzt, um Erkenntnisse in Echtzeit und neue Trends zu erfassen. Dank fortschrittlicher Tools kann Ihr Partner au\u00dferdem genauere und detailliertere Vergleiche anstellen, was zu einem umfassenden Verst\u00e4ndnis Ihrer Wettbewerbsposition f\u00fchrt.<\/p>\n\n\n\n<p><strong>Bewerten Sie ihre Berichts- und Kommunikationspraktiken<\/strong><strong><br><\/strong>Der Wert von Benchmarking-Erkenntnissen h\u00e4ngt davon ab, wie klar sie kommuniziert werden. W\u00e4hlen Sie einen Benchmarking-Partner, der strukturierte, leicht verst\u00e4ndliche Berichte bietet und f\u00fcr regelm\u00e4\u00dfige Kommunikation offen ist. Zu einer effektiven Kommunikation geh\u00f6ren Besprechungen, in denen Ergebnisse besprochen, Fragen beantwortet und sichergestellt wird, dass alle Beteiligten die bereitgestellten Erkenntnisse verstehen.<\/p>\n\n\n\n<p><strong>Suchen Sie einen Partner mit einer langfristigen, kooperativen Denkweise<\/strong><strong><br><\/strong>Die besten Partner f\u00fcr Wettbewerbsbenchmarking sehen sich als langfristige Kooperationspartner, die das Wachstum Ihres Unternehmens langfristig unterst\u00fctzen. Suchen Sie nach einem Unternehmen, das Ihnen fortlaufende Unterst\u00fctzung, Folgesitzungen und regelm\u00e4\u00dfige \u00dcberpr\u00fcfungen bietet, damit Sie \u00fcber \u00c4nderungen im Wettbewerbsumfeld auf dem Laufenden bleiben.&nbsp;<\/p>\n\n\n\n<p><strong>Vertraulichkeit und ethische Standards haben oberste Priorit\u00e4t<\/strong><strong><br><\/strong>Die Zusammenarbeit mit einem Partner, der hohe ethische Standards einh\u00e4lt und Ihre Daten und Erkenntnisse streng vertraulich behandelt, ist unerl\u00e4sslich. Erkundigen Sie sich nach den ethischen Richtlinien und dem Datenschutz, um sicherzustellen, dass Ihre Informationen verantwortungsvoll behandelt werden. Ein seri\u00f6ses Unternehmen f\u00fcr Wettbewerbsbenchmarking verf\u00fcgt \u00fcber etablierte Verfahren zum Schutz Ihrer Daten und zur Wahrung der Professionalit\u00e4t in allen Aspekten der Wettbewerbsanalyse.<\/p>\n\n\n\n<h2 class=\"wp-block-heading\">Warum SIS International das beste Unternehmen f\u00fcr Wettbewerbsbenchmarking f\u00fcr Ihr Unternehmen ist<\/h2>\n\n\n\n<p><a href=\"https:\/\/www.linkedin.com\/company\/sisinternationalresearch\/\" target=\"_blank\" rel=\"noopener\">SIS International<\/a> ist die erste Wahl f\u00fcr Unternehmen, die sich durch Wettbewerbsbenchmarking einen Wettbewerbsvorteil verschaffen m\u00f6chten. Mit unserer umfassenden Erfahrung, unseren fortschrittlichen Tools und unserem kundenorientierten Ansatz liefern wir die Erkenntnisse, die den Gesch\u00e4ftserfolg vorantreiben. Aus diesen Gr\u00fcnden sticht SIS International als f\u00fchrendes Unternehmen f\u00fcr Wettbewerbsbenchmarking hervor:<\/p>\n\n\n\n<ul class=\"wp-block-list\">\n<li><strong>Umfangreiche Erfahrung und ausgewiesene Fachkompetenz<\/strong>: Mit \u00fcber 40 Jahren Erfahrung im Wettbewerbs-Benchmarking, <a href=\"https:\/\/medium.com\/@sisinternational\/sis-international-c17160da8fac\" target=\"_blank\" rel=\"noopener\">SIS<\/a> hat einigen der erfolgreichsten Unternehmen der Welt geholfen, ihre Wettbewerbsposition zu verbessern.<br><\/li>\n\n\n\n<li><strong>Datengesteuerter Ansatz<\/strong>: Wir nutzen fortschrittliche Technologien, darunter KI, Datenanalyse und Echtzeit-Dashboards, um genaue und zeitnahe Erkenntnisse zu liefern, die unseren Kunden helfen, der Konkurrenz immer einen Schritt voraus zu sein.<br><\/li>\n\n\n\n<li><strong>Ma\u00dfgeschneiderte Benchmarking-L\u00f6sungen<\/strong>: Wir wissen, dass jedes Unternehmen einzigartig ist. SIS International bietet ma\u00dfgeschneiderte Benchmarking-L\u00f6sungen, die den spezifischen Anforderungen jedes Kunden gerecht werden und sicherstellen, dass die bereitgestellten Erkenntnisse relevant und umsetzbar sind.<br><\/li>\n\n\n\n<li><strong>Globale Reichweite und Branchenvielfalt<\/strong>: Unsere Erfahrung erstreckt sich auf \u00fcber 135 L\u00e4nder und verschiedene Branchen, von kleinen Start-ups bis hin zu Fortune 500-Unternehmen. Diese umfassende Reichweite erm\u00f6glicht es uns, wertvolle Einblicke zu liefern, die f\u00fcr verschiedene M\u00e4rkte relevant sind.<br><\/li>\n\n\n\n<li><strong>Engagement f\u00fcr den Erfolg unserer Kunden<\/strong>: Bei <a href=\"https:\/\/twitter.com\/SISIntlResearch\" target=\"_blank\" rel=\"noopener\">SIS<\/a>ist es unser oberstes Ziel, unseren Kunden einen Mehrwert zu bieten. Unser kundenorientierter Ansatz stellt sicher, dass jede von uns bereitgestellte L\u00f6sung auf die individuellen Ziele und Herausforderungen des Kunden abgestimmt ist und ihm hilft, seine strategischen Ziele zu erreichen.<\/li>\n<\/ul>\n\n\n\n<h2 class=\"wp-block-heading\">\u00dcber SIS International<\/h2>\n\n\n\n<p><a href=\"https:\/\/www.sisinternational.com\/de\/\">SIS International<\/a> bietet quantitative, qualitative und strategische Forschung an. Wir liefern Daten, Tools, Strategien, Berichte und Erkenntnisse zur Entscheidungsfindung. Wir f\u00fchren auch Interviews, Umfragen, Fokusgruppen und andere Methoden und Ans\u00e4tze der Marktforschung durch.<a href=\"https:\/\/www.sisinternational.com\/de\/uber-sis-international-research\/contact-sis-international-market-research\/\"> Kontakt<\/a> f\u00fcr Ihr n\u00e4chstes Marktforschungsprojekt.<\/p>\n\n\n\n<hr class=\"wp-block-separator has-alpha-channel-opacity\"\/>","protected":false},"excerpt":{"rendered":"<p>Top Competitor Benchmarking Company Working with a top competitor benchmarking company like SIS International can help you identify opportunities for growth, efficiency improvement, and enhanced customer satisfaction. How can your business stay ahead in today\u2019s competitive landscape? Competitor benchmarking is the key to unlocking insights into industry performance, competitor strengths, and areas where your company &#8230; <a title=\"Top-Wettbewerbs-Benchmarking-Unternehmen\" class=\"read-more\" href=\"https:\/\/www.sisinternational.com\/de\/losungen\/strategieberatung\/top-wettbewerber-benchmarking-unternehmen\/\" aria-label=\"Mehr Informationen \u00fcber Top Competitor Benchmarking Company\">Weiterlesen \u2026<\/a><\/p>","protected":false},"author":1,"featured_media":69512,"parent":14567,"menu_order":47,"comment_status":"closed","ping_status":"closed","template":"","meta":{"footnotes":""},"class_list":["post-54074","page","type-page","status-publish","has-post-thumbnail"],"_links":{"self":[{"href":"https:\/\/www.sisinternational.com\/de\/wp-json\/wp\/v2\/pages\/54074","targetHints":{"allow":["GET"]}}],"collection":[{"href":"https:\/\/www.sisinternational.com\/de\/wp-json\/wp\/v2\/pages"}],"about":[{"href":"https:\/\/www.sisinternational.com\/de\/wp-json\/wp\/v2\/types\/page"}],"author":[{"embeddable":true,"href":"https:\/\/www.sisinternational.com\/de\/wp-json\/wp\/v2\/users\/1"}],"replies":[{"embeddable":true,"href":"https:\/\/www.sisinternational.com\/de\/wp-json\/wp\/v2\/comments?post=54074"}],"version-history":[{"count":9,"href":"https:\/\/www.sisinternational.com\/de\/wp-json\/wp\/v2\/pages\/54074\/revisions"}],"predecessor-version":[{"id":75637,"href":"https:\/\/www.sisinternational.com\/de\/wp-json\/wp\/v2\/pages\/54074\/revisions\/75637"}],"up":[{"embeddable":true,"href":"https:\/\/www.sisinternational.com\/de\/wp-json\/wp\/v2\/pages\/14567"}],"wp:featuredmedia":[{"embeddable":true,"href":"https:\/\/www.sisinternational.com\/de\/wp-json\/wp\/v2\/media\/69512"}],"wp:attachment":[{"href":"https:\/\/www.sisinternational.com\/de\/wp-json\/wp\/v2\/media?parent=54074"}],"curies":[{"name":"wp","href":"https:\/\/api.w.org\/{rel}","templated":true}]}}