{"id":54070,"date":"2024-11-13T05:14:13","date_gmt":"2024-11-13T10:14:13","guid":{"rendered":"https:\/\/www.sisinternational.com\/?page_id=54070"},"modified":"2026-03-05T23:16:08","modified_gmt":"2026-03-06T04:16:08","slug":"top-b2b-market-trends-monitoring-company","status":"publish","type":"page","link":"https:\/\/www.sisinternational.com\/de\/solutions\/b2b-market-research\/top-b2b-market-trends-monitoring-company\/","title":{"rendered":"F\u00fchrendes Unternehmen zur \u00dcberwachung von B2B-Markttrends"},"content":{"rendered":"<h1 class=\"wp-block-heading\">F\u00fchrendes Unternehmen zur \u00dcberwachung von B2B-Markttrends<\/h1>\n\n\n\n<figure class=\"gb-block-image gb-block-image-ce400581\"><img loading=\"lazy\" decoding=\"async\" width=\"1456\" height=\"816\" class=\"gb-image gb-image-ce400581\" src=\"https:\/\/www.sisinternational.com\/wp-content\/uploads\/2025\/08\/B2Bjpg-6.jpg\" alt=\"SIS International Market Research &amp; Strategy\" title=\"B2Bjpg (6)\" srcset=\"https:\/\/www.sisinternational.com\/wp-content\/uploads\/2025\/08\/B2Bjpg-6.jpg 1456w, https:\/\/www.sisinternational.com\/wp-content\/uploads\/2025\/08\/B2Bjpg-6-300x168.jpg 300w, https:\/\/www.sisinternational.com\/wp-content\/uploads\/2025\/08\/B2Bjpg-6-1024x574.jpg 1024w, https:\/\/www.sisinternational.com\/wp-content\/uploads\/2025\/08\/B2Bjpg-6-768x430.jpg 768w, https:\/\/www.sisinternational.com\/wp-content\/uploads\/2025\/08\/B2Bjpg-6-18x10.jpg 18w\" sizes=\"auto, (max-width: 1456px) 100vw, 1456px\"><\/figure>\n\n\n\n<hr class=\"wp-block-separator has-alpha-channel-opacity is-style-dots\"\/>\n\n\n\n<h3 class=\"wp-block-heading\">Durch die Partnerschaft mit einem f\u00fchrenden Unternehmen zur \u00dcberwachung von B2B-Markttrends erhalten Unternehmen die Tools und Erkenntnisse, die sie brauchen, um der Konkurrenz einen Schritt voraus zu sein und proaktive strategische Entscheidungen zu treffen.<\/h3>\n\n\n\n<p>How can your business stay competitive in a rapidly changing market? B2B market trends monitoring helps companies understand shifts in their industry, anticipate changes, and make informed decisions. <\/p>\n\n\n\n<h2 class=\"wp-block-heading\">Die \u00dcberwachung von B2B-Markttrends verstehen<\/h2>\n\n\n\n<p><a href=\"https:\/\/sisaisolutions.com\/application-of-ai-in-b2b\/\" target=\"_blank\" rel=\"noopener\">B2B market trends monitoring<\/a> is the process of systematically tracking and analyzing changes in the business landscape to inform strategic decision-making. It involves monitoring key market indicators, customer preferences, competitor activities, and industry developments to comprehensively understand the current environment.<\/p>\n\n\n\n<p>Market trends monitoring also involves evaluating historical data to identify long-term patterns and predict future changes. Effective monitoring includes analyzing macroeconomic factors, technological advancements, and consumer behavior trends to create a well-rounded market landscape view.<\/p>\n\n\n\n<h2 class=\"wp-block-heading\">Hauptvorteile der \u00dcberwachung von Markttrends<\/h2>\n\n\n\n<figure class=\"gb-block-image gb-block-image-d086a672\"><img loading=\"lazy\" decoding=\"async\" width=\"1456\" height=\"816\" class=\"gb-image gb-image-d086a672\" src=\"https:\/\/www.sisinternational.com\/wp-content\/uploads\/2025\/08\/Computer-Assisted-Telephone-Interviewing-1.jpg\" alt=\"SIS International Market Research &amp; Strategy\" title=\"Computer Assisted Telephone Interviewing (1)\" srcset=\"https:\/\/www.sisinternational.com\/wp-content\/uploads\/2025\/08\/Computer-Assisted-Telephone-Interviewing-1.jpg 1456w, https:\/\/www.sisinternational.com\/wp-content\/uploads\/2025\/08\/Computer-Assisted-Telephone-Interviewing-1-300x168.jpg 300w, https:\/\/www.sisinternational.com\/wp-content\/uploads\/2025\/08\/Computer-Assisted-Telephone-Interviewing-1-1024x574.jpg 1024w, https:\/\/www.sisinternational.com\/wp-content\/uploads\/2025\/08\/Computer-Assisted-Telephone-Interviewing-1-768x430.jpg 768w, https:\/\/www.sisinternational.com\/wp-content\/uploads\/2025\/08\/Computer-Assisted-Telephone-Interviewing-1-18x10.jpg 18w\" sizes=\"auto, (max-width: 1456px) 100vw, 1456px\"><\/figure>\n\n\n\n<p><\/p>\n\n\n\n<p>Partnering with a <a href=\"https:\/\/www.sisinternational.com\/de\/top-marketing-strategy-company\/\" title=\"Top-Unternehmen f\u00fcr Marketingstrategien\" data-wpil-monitor-id=\"994\">top B2B market trends monitoring company<\/a> offers several key benefits, including:<\/p>\n\n\n\n<ul class=\"wp-block-list\">\n<li><strong>Verbesserte Prognosen<\/strong>: Monitoring market trends helps businesses anticipate changes and plan for the future. Companies can make more accurate forecasts and align their <a href=\"https:\/\/www.sisinternational.com\/de\/fintech-trends-2025\/\" title=\"FinTech Trends\" data-wpil-monitor-id=\"6644\">strategies by understanding emerging trends<\/a>.&nbsp;<\/li>\n\n\n\n<li><strong>Verbesserte Wettbewerbsf\u00e4higkeit<\/strong>: Staying informed about industry trends ensures that businesses remain competitive. Companies aware of shifts in the <a href=\"https:\/\/www.sisinternational.com\/de\/top-competitor-benchmarking-company\/\" title=\"Top-Wettbewerbs-Benchmarking-Unternehmen\" data-wpil-monitor-id=\"1207\">market<\/a> can adapt their offerings to meet changing customer needs and outpace their competitors.&nbsp;<\/li>\n\n\n\n<li><strong>Proaktive Strategieanpassungen<\/strong>: Durch die \u00dcberwachung von Markttrends k\u00f6nnen Unternehmen ihre Strategien proaktiv anpassen und so sicherstellen, dass sie relevant bleiben und den Marktanforderungen entsprechen.&nbsp;<\/li>\n\n\n\n<li><strong>Datenbasierte Entscheidungen<\/strong>: By tracking market trends, businesses can make informed, data-driven decisions that lead to better outcomes. A top B2B <a href=\"https:\/\/www.sisinternational.com\/de\/b2b-customer-experience-the-ultimate-guide-to-building-loyalty-that-lasts\/\" title=\"B2B Customer Experience: The Ultimate Guide to Building Loyalty That Lasts\" data-wpil-monitor-id=\"510\">market trends monitoring company<\/a> provides the insights to guide strategic decisions supporting growth and success.&nbsp;<\/li>\n\n\n\n<li><strong>Neue Chancen erkennen<\/strong>: Monitoring market trends allows businesses to identify opportunities before competitors. <\/li>\n<\/ul>\n\n\n\n<h2 class=\"wp-block-heading\">Von den f\u00fchrenden Unternehmen zur \u00dcberwachung von B2B-Markttrends angebotene Dienste<\/h2>\n\n\n\n<p><a href=\"https:\/\/www.sisinternational.com\/de\/top-industry-analysis-company-in-ny\/\" title=\"Top-Unternehmen f\u00fcr Branchenanalysen in NY\" data-wpil-monitor-id=\"1130\">Top B2B market trends monitoring companies<\/a> offer services designed to help businesses stay ahead of the curve. Some key services include:<\/p>\n\n\n\n<p><\/p>\n\n\n<div class=\"wp-block-image\">\n<figure class=\"aligncenter size-full\"><img loading=\"lazy\" decoding=\"async\" width=\"624\" height=\"492\" src=\"https:\/\/www.sisinternational.com\/wp-content\/uploads\/2024\/11\/Top-B2B-Market-Trends-Monitoring-Company.png\" alt=\"SIS International Market Research &amp; Strategy\" class=\"wp-image-54071\" srcset=\"https:\/\/www.sisinternational.com\/wp-content\/uploads\/2024\/11\/Top-B2B-Market-Trends-Monitoring-Company.png 624w, https:\/\/www.sisinternational.com\/wp-content\/uploads\/2024\/11\/Top-B2B-Market-Trends-Monitoring-Company-300x237.png 300w, https:\/\/www.sisinternational.com\/wp-content\/uploads\/2024\/11\/Top-B2B-Market-Trends-Monitoring-Company-15x12.png 15w\" sizes=\"auto, (max-width: 624px) 100vw, 624px\" \/><\/figure>\n<\/div>\n\n\n<p><\/p>\n\n\n\n<p><\/p>\n\n\n\n<ul class=\"wp-block-list\">\n<li><strong>Trend analysen<\/strong>: Identifying and analyzing emerging trends that could impact the business. It helps companies understand how market changes affect their industry and plan accordingly. Trend analysis involves assessing factors such as technological advancements, regulatory changes, and shifts in consumer behavior.<\/li>\n\n\n\n<li><strong>Wettbewerber-Benchmarking<\/strong>: \u00dcberwachung der Aktivit\u00e4ten der Konkurrenz, um St\u00e4rken, Schw\u00e4chen und Chancen zu identifizieren. Das Benchmarking der Konkurrenz hilft Unternehmen, ihre Wettbewerbsposition zu verstehen und strategische Anpassungen vorzunehmen. Dazu geh\u00f6rt die Bewertung der Produkte, Preisstrategien, Marketingbem\u00fchungen und Kundenzufriedenheit der Konkurrenz.<\/li>\n\n\n\n<li><strong>Marktforschung<\/strong>: Durchf\u00fchrung umfassender Marktforschung, um Erkenntnisse \u00fcber Kundenbed\u00fcrfnisse, Marktnachfrage und Branchenentwicklungen zu gewinnen. Marktforschung bildet die Grundlage f\u00fcr fundierte Entscheidungen.<\/li>\n\n\n\n<li><strong>Branchenprognosen<\/strong>: Vorhersage zuk\u00fcnftiger Marktbedingungen auf Grundlage aktueller Trends. Branchenprognosen helfen Unternehmen, sich auf kommende Herausforderungen und Chancen vorzubereiten und sicherzustellen, dass sie der Konkurrenz immer einen Schritt voraus sind.&nbsp;<\/li>\n<\/ul>\n\n\n\n<h2 class=\"wp-block-heading\">So nutzen Sie Markttrends f\u00fcr Ihr Unternehmenswachstum<\/h2>\n\n\n\n<figure class=\"gb-block-image gb-block-image-f2a1d6b8\"><img loading=\"lazy\" decoding=\"async\" width=\"1456\" height=\"816\" class=\"gb-image gb-image-f2a1d6b8\" src=\"https:\/\/www.sisinternational.com\/wp-content\/uploads\/2025\/09\/Research-11.jpg\" alt=\"SIS International Market Research &amp; Strategy\" title=\"Research (11)\" srcset=\"https:\/\/www.sisinternational.com\/wp-content\/uploads\/2025\/09\/Research-11.jpg 1456w, https:\/\/www.sisinternational.com\/wp-content\/uploads\/2025\/09\/Research-11-300x168.jpg 300w, https:\/\/www.sisinternational.com\/wp-content\/uploads\/2025\/09\/Research-11-1024x574.jpg 1024w, https:\/\/www.sisinternational.com\/wp-content\/uploads\/2025\/09\/Research-11-768x430.jpg 768w, https:\/\/www.sisinternational.com\/wp-content\/uploads\/2025\/09\/Research-11-18x10.jpg 18w\" sizes=\"auto, (max-width: 1456px) 100vw, 1456px\"><\/figure>\n\n\n\n<p><\/p>\n\n\n\n<p>Die \u00dcberwachung von Markttrends ist nur dann wertvoll, wenn die Erkenntnisse effektiv genutzt werden. Hier sind einige M\u00f6glichkeiten, wie Unternehmen die \u00dcberwachung von Markttrends f\u00fcr ihr Wachstum nutzen k\u00f6nnen:<\/p>\n\n\n\n<ul class=\"wp-block-list\">\n<li><strong>Produktinnovation<\/strong>: Durch das Verst\u00e4ndnis neuer Trends k\u00f6nnen Unternehmen innovative Produkte entwickeln, die den neuen Kundenbed\u00fcrfnissen gerecht werden. Ein Unternehmen, das beispielsweise einen Trend zu nachhaltigen Produkten erkennt, kann umweltfreundliche Angebote schaffen, um Marktanteile zu gewinnen. Durch Markttrends getriebene Innovationen helfen Unternehmen, relevant zu bleiben und neue Kunden zu gewinnen.<\/li>\n\n\n\n<li><strong>Markterweiterung<\/strong>: Monitoring market trends helps businesses identify new expansion opportunities. For instance, identifying a growing demand for digital services can lead a company to expand its offerings.<\/li>\n\n\n\n<li><strong>Betriebsoptimierung<\/strong>: Insights from market trends monitoring can also be used to optimize internal operations. For example, identifying trends in supply chain management can help businesses improve efficiency and reduce costs. Businesses can adopt new technologies or processes to enhance productivity and meet evolving market expectations.<\/li>\n\n\n\n<li><strong>Vermarktungsstrategie<\/strong>: Die \u00dcberwachung von Markttrends liefert Einblicke in Kundenpr\u00e4ferenzen und erm\u00f6glicht es Unternehmen, ihre Marketingstrategien so anzupassen, dass sie bei ihrer Zielgruppe Anklang finden. Wenn beispielsweise ein Trend ein erh\u00f6htes Interesse an digitalen Erlebnissen zeigt, k\u00f6nnen Unternehmen ihre Marketingkampagnen anpassen, um sich auf Online-Engagement zu konzentrieren.<\/li>\n\n\n\n<li><strong>Verbesserung des Kundenerlebnisses<\/strong>: Das Verst\u00e4ndnis von Markttrends kann Unternehmen dabei helfen, das Kundenerlebnis zu verbessern. Indem Unternehmen \u00c4nderungen der Kundenpr\u00e4ferenzen verfolgen, k\u00f6nnen sie ihre Dienste anpassen, um die Kundenbed\u00fcrfnisse besser zu erf\u00fcllen und die Zufriedenheit zu erh\u00f6hen.<\/li>\n<\/ul>\n\n\n\n<h2 class=\"wp-block-heading\"><strong>Wie die \u00dcberwachung von Markttrends die strategische Planung und Innovation unterst\u00fctzt<\/strong><\/h2>\n\n\n\n<p>Market trend monitoring gives companies the insights needed to make proactive, informed decisions. It enables them to pivot quickly, align their offerings with customer demands, and identify new growth opportunities. Here\u2019s how trend monitoring directly supports these efforts.<\/p>\n\n\n\n<p><strong>Langfristige strategische Planung durch Echtzeiteinblicke<\/strong><strong><br><\/strong>By regularly tracking these trends, companies can identify which areas to invest in, where to cut back, and how to allocate resources for maximum impact. A <a href=\"https:\/\/www.sisinternational.com\/de\/top-b2b-go-to-market-strategy-company\/\" title=\"F\u00fchrendes Unternehmen f\u00fcr B2B-Markteinf\u00fchrungsstrategien\" data-wpil-monitor-id=\"1357\">top B2B market trends monitoring company<\/a> delivers timely insights that allow businesses to anticipate changes and incorporate flexibility into their plans, ensuring their strategy remains relevant.<\/p>\n\n\n\n<p><strong>Leitung der Produktentwicklung und Innovation<\/strong><strong><br><\/strong>Die Trend\u00fcberwachung ist f\u00fcr die Steuerung von Produktinnovationen von unsch\u00e4tzbarem Wert, da sie Unternehmen dabei hilft, Kundenprobleme, neue Bed\u00fcrfnisse und Differenzierungsbereiche zu identifizieren. Unternehmen k\u00f6nnen Produkte oder Dienstleistungen entwickeln, die aktuelle und erwartete Anforderungen erf\u00fcllen, indem sie Daten zu sich entwickelnden Kundenpr\u00e4ferenzen und technologischen Fortschritten analysieren. Wenn die Trend\u00fcberwachung beispielsweise eine steigende Nachfrage nach nachhaltigen L\u00f6sungen anzeigt, kann ein Unternehmen umweltfreundliches Produktdesign priorisieren und sich so als Vorreiter in Sachen Nachhaltigkeit positionieren.&nbsp;<\/p>\n\n\n\n<p><strong>Verbesserung der Wettbewerbsposition und Differenzierung<br><\/strong>Market trend monitoring enables businesses to stay informed about competitor actions and industry benchmarks, allowing them to refine their positioning and stand out. For example, if a competitor focuses on cost-cutting measures, a business may emphasize quality or service excellence as a differentiator.&nbsp;<\/p>\n\n\n\n<p><strong>Unterst\u00fctzung von Agilit\u00e4t und Reaktionsf\u00e4higkeit bei der Entscheidungsfindung<\/strong><strong><br><\/strong>A top B2B <a href=\"https:\/\/www.sisinternational.com\/de\/b2b-go-to-market-strategy\/\" title=\"B2B Go-to-Market Strategy\" data-wpil-monitor-id=\"800\">market trends monitoring company<\/a> provides real-time data and predictive analytics that allow companies to make agile adjustments to their strategies. For instance, if data indicates a shift toward digital purchasing, a business can quickly invest in e-commerce capabilities to meet customer expectations. This responsiveness ensures that companies adapt to change and actively position themselves to capitalize on new trends.<\/p>\n\n\n\n<p><strong>Risiken mindern und strategische Belastbarkeit gew\u00e4hrleisten<br><\/strong>One key benefit of market trends monitoring is its ability to highlight potential risks and threats, such as regulatory changes, economic downturns, or technological disruptions. A <a href=\"https:\/\/www.sisinternational.com\/de\/top-b2b-demand-generation-company\/\" title=\"Top-Unternehmen f\u00fcr B2B-Nachfragegenerierung\" data-wpil-monitor-id=\"1382\">top B2B market trends monitoring company<\/a> offers insights into these external pressures, helping companies adjust their strategies to remain resilient.&nbsp;<\/p>\n\n\n\n<h2 class=\"wp-block-heading\">Auswahl des richtigen Partners f\u00fcr die \u00dcberwachung von B2B-Markttrends<\/h2>\n\n\n\n<figure class=\"gb-block-image gb-block-image-d403f693\"><img loading=\"lazy\" decoding=\"async\" width=\"1456\" height=\"816\" class=\"gb-image gb-image-d403f693\" src=\"https:\/\/www.sisinternational.com\/wp-content\/uploads\/2025\/08\/B2Bjpg-7.jpg\" alt=\"SIS International Market Research &amp; Strategy\" title=\"B2Bjpg (7)\" srcset=\"https:\/\/www.sisinternational.com\/wp-content\/uploads\/2025\/08\/B2Bjpg-7.jpg 1456w, https:\/\/www.sisinternational.com\/wp-content\/uploads\/2025\/08\/B2Bjpg-7-300x168.jpg 300w, https:\/\/www.sisinternational.com\/wp-content\/uploads\/2025\/08\/B2Bjpg-7-1024x574.jpg 1024w, https:\/\/www.sisinternational.com\/wp-content\/uploads\/2025\/08\/B2Bjpg-7-768x430.jpg 768w, https:\/\/www.sisinternational.com\/wp-content\/uploads\/2025\/08\/B2Bjpg-7-18x10.jpg 18w\" sizes=\"auto, (max-width: 1456px) 100vw, 1456px\"><\/figure>\n\n\n\n<p><\/p>\n\n\n\n<p>Die Auswahl des richtigen Unternehmens zur \u00dcberwachung von B2B-Markttrends ist entscheidend f\u00fcr den Erfolg. Hier sind einige wichtige Faktoren, die Sie ber\u00fccksichtigen sollten:<\/p>\n\n\n\n<ul class=\"wp-block-list\">\n<li><strong>Branchenexpertise<\/strong>: W\u00e4hlen Sie ein Unternehmen mit umfassender Erfahrung in Ihrer Branche. Branchenspezifisches Wissen stellt sicher, dass die bereitgestellten Erkenntnisse relevant und umsetzbar sind.<\/li>\n\n\n\n<li><strong>Zugriff auf Daten<\/strong>: A <a href=\"https:\/\/www.sisinternational.com\/de\/top-b2b-industry-trends-forecasting-company\/\" title=\"F\u00fchrendes Unternehmen f\u00fcr Prognosen von B2B-Branchentrends\" data-wpil-monitor-id=\"1606\">top B2B market trends monitoring company<\/a> should have access to comprehensive market data and advanced analytical tools.<\/li>\n\n\n\n<li><strong>Ma\u00dfgeschneiderte L\u00f6sungen<\/strong>: Suchen Sie nach einem Unternehmen, das ma\u00dfgeschneiderte L\u00f6sungen anbietet. Ma\u00dfgeschneiderte Erkenntnisse f\u00fchren eher zu aussagekr\u00e4ftigen Ergebnissen f\u00fcr Ihr Unternehmen.<\/li>\n\n\n\n<li><strong>Umsetzbare Erkenntnisse<\/strong>: Arbeiten Sie mit einem Unternehmen zusammen, das Daten und umsetzbare Erkenntnisse liefert. Der richtige Partner hilft Ihnen bei der Interpretation der Daten und beim Treffen strategischer Entscheidungen, die das Wachstum unterst\u00fctzen.<\/li>\n<\/ul>\n\n\n\n<h2 class=\"wp-block-heading\">Warum SIS International das f\u00fchrende Unternehmen f\u00fcr die \u00dcberwachung von B2B-Markttrends ist<\/h2>\n\n\n\n<p><a href=\"https:\/\/www.linkedin.com\/company\/sisinternationalresearch\/\" target=\"_blank\" rel=\"noopener\">SIS International<\/a> sticht aus mehreren Gr\u00fcnden als f\u00fchrendes Unternehmen zur \u00dcberwachung von B2B-Markttrends hervor:<\/p>\n\n\n<p>\n\n\n<\/p>\n<h4 class=\"wp-block-heading\" style=\"padding-left: 40px;\"><strong>Umfangreiche Erfahrung und globale Reichweite<\/strong><\/h4>\n<p style=\"padding-left: 40px;\">\n\n\n\n<\/p>\n<p style=\"padding-left: 40px;\">Mit \u00fcber 40 Jahren Erfahrung hat SIS International Projekte in \u00fcber 120 L\u00e4ndern durchgef\u00fchrt und dabei einige der gr\u00f6\u00dften und einflussreichsten Unternehmen der Welt betreut. Wir haben \u00fcber 70 % der Fortune 500-Unternehmen dabei geholfen, durch effektive \u00dcberwachung der Markttrends nachhaltiges Wachstum zu erzielen.<\/p>\n<p style=\"padding-left: 40px;\">\n\n\n\n<\/p>\n<h4 class=\"wp-block-heading\" style=\"padding-left: 40px;\"><strong>Datengesteuerter Ansatz und hochmoderne Tools<\/strong><\/h4>\n<p style=\"padding-left: 40px;\">\n\n\n\n<\/p>\n<p style=\"padding-left: 40px;\">Wir nutzen die neuesten Technologien, darunter KI, Blockchain und PowerBi-Dashboards, um umfassende Einblicke in Markttrends zu bieten. Unser datengesteuerter Ansatz stellt sicher, dass unsere Kunden zeitnahe und umsetzbare Erkenntnisse erhalten, sodass sie wettbewerbsf\u00e4hig bleiben und auf Marktver\u00e4nderungen reagieren k\u00f6nnen.<\/p>\n<p style=\"padding-left: 40px;\">\n\n\n\n<\/p>\n<h4 class=\"wp-block-heading\" style=\"padding-left: 40px;\"><strong>Ma\u00dfgeschneiderte L\u00f6sungen f\u00fcr B2B-Wachstum<\/strong><\/h4>\n<p style=\"padding-left: 40px;\">\n\n\n\n<\/p>\n<p style=\"padding-left: 40px;\">Bei <a href=\"https:\/\/twitter.com\/SISIntlResearch\" target=\"_blank\" rel=\"noopener\">SIS<\/a>Wir wissen, dass jedes Unternehmen einzigartig ist. Unsere L\u00f6sungen sind auf die spezifischen Bed\u00fcrfnisse jedes Kunden zugeschnitten, sei es durch <a href=\"https:\/\/www.linkedin.com\/pulse\/how-market-research-enables-growth-ruth-stanat-phekf\/\" target=\"_blank\" rel=\"noopener\">Marktforschung<\/a>, Wettbewerbsbenchmarking oder Branchenprognosen. Wir bieten ma\u00dfgeschneiderte Einblicke, die Unternehmen in die Lage versetzen, strategische Entscheidungen zu treffen, die das Wachstum vorantreiben.<\/p>\n<p style=\"padding-left: 40px;\">\n\n\n\n<\/p>\n<h4 class=\"wp-block-heading\" style=\"padding-left: 40px;\"><strong>Nachgewiesene Erfolgsbilanz<\/strong><\/h4>\n<p style=\"padding-left: 40px;\">\n\n\n\n<\/p>\n<p style=\"padding-left: 40px;\">Our experience spans industries and regions, from small start-ups to Fortune 500 companies. We have a proven track record of delivering results that lead to sustainable growth and enhanced competitiveness. Our services include brand consulting, <a class=\"wpil_keyword_link\" href=\"https:\/\/www.sisinternational.com\/de\/solutions\/sis-global-growth\/market-entry-strategy\/\" title=\"Markteintrittsberatung\" data-wpil-keyword-link=\"linked\" data-wpil-monitor-id=\"512\">market entry strategy consulting<\/a>, customer satisfaction research, and more\u2014all designed to help our clients stay ahead of the curve.<\/p>\n<p style=\"padding-left: 40px;\">\n\n\n\n<\/p>\n<h4 class=\"wp-block-heading\" style=\"padding-left: 40px;\"><strong>Expertenteam und \u00fcberlegene Marktexpertise<\/strong><\/h4>\n<p style=\"padding-left: 40px;\">\n\n\n\n<\/p>\n<p style=\"padding-left: 40px;\">Mit \u00fcber 150 Mitarbeitern und Partnern <a href=\"https:\/\/medium.com\/@sisinternational\/sis-international-c17160da8fac\" target=\"_blank\" rel=\"noopener\">SIS<\/a> brings expertise to every project. Our team\u2019s knowledge and experience in <a href=\"https:\/\/www.sisinternational.com\/de\/top-b2b-market-research-company\/\" title=\"Top-Unternehmen f\u00fcr B2B-Marktforschung\" data-wpil-monitor-id=\"1667\">B2B markets make us the top<\/a> choice for businesses seeking a competitive advantage. We pride ourselves on providing valuable insights that help our clients navigate complex market dynamics and achieve their goals.<\/p>\n<p>\n\n\n<\/p>\n<h2>Unser Standort in New York<\/h2>\n<p><!-- \/wp:post-content --> <!-- wp:html --> <iframe loading=\"lazy\" src=\"https:\/\/www.google.com\/maps\/embed?pb=!1m18!1m12!1m3!1d3022.976188376966!2d-73.99130312499956!3d40.740549471389315!2m3!1f0!2f0!3f0!3m2!1i1024!2i768!4f13.1!3m3!1m2!1s0x89c259a15798c731%3A0xd695d09bdd495f25!2s11%20E%2022nd%20St%20FL%202%2C%20New%20York%2C%20NY%2010010%2C%20USA!5e0!3m2!1sen!2spe!4v1726171763526!5m2!1sen!2spe\" width=\"600\" height=\"450\" allowfullscreen=\"allowfullscreen\" data-mce-fragment=\"1\"><\/iframe> <!-- \/wp:html --> <!-- wp:paragraph --><\/p>\n<h3 class=\"wp-block-heading\">11 E 22nd Street, Floor 2, New York, NY 10010 T: +1(212) 505-6805<\/h3>\n<hr \/>\n<h2><span style=\"font-weight: 400;\">\u00dcber SIS International<\/span><\/h2>\n<p><a href=\"https:\/\/www.sisinternational.com\/de\/\"><span style=\"font-weight: 400;\">SIS International<\/span><\/a><span style=\"font-weight: 400;\"> bietet quantitative, qualitative und strategische Forschung an. Wir liefern Daten, Tools, Strategien, Berichte und Erkenntnisse zur Entscheidungsfindung. Wir f\u00fchren auch Interviews, Umfragen, Fokusgruppen und andere Methoden und Ans\u00e4tze der Marktforschung durch.<\/span><a href=\"https:\/\/www.sisinternational.com\/de\/about-sis-international-research\/contact-sis-international-market-research\/\"><span style=\"font-weight: 400;\"> Kontakt<\/span><\/a><span style=\"font-weight: 400;\"> f\u00fcr Ihr n\u00e4chstes Marktforschungsprojekt.<\/span><\/p>\n<p><!-- wp:heading --><\/p>\n<h2 class=\"wp-block-heading\"><\/h2>\n<p><!-- \/wp:heading --><\/p>","protected":false},"excerpt":{"rendered":"<p>Top B2B Market Trends Monitoring Company Partnering with a top B2B market trends monitoring company provides businesses with the tools and insights to stay ahead of the competition and make proactive strategic decisions. How can your business stay competitive in a rapidly changing market? B2B market trends monitoring helps companies understand shifts in their industry, &#8230; <a title=\"F\u00fchrendes Unternehmen zur \u00dcberwachung von B2B-Markttrends\" class=\"read-more\" href=\"https:\/\/www.sisinternational.com\/de\/solutions\/b2b-market-research\/top-b2b-market-trends-monitoring-company\/\" aria-label=\"Mehr Informationen \u00fcber Top B2B Market Trends Monitoring Company\">Weiterlesen \u2026<\/a><\/p>","protected":false},"author":1,"featured_media":62384,"parent":11292,"menu_order":14,"comment_status":"closed","ping_status":"closed","template":"","meta":{"footnotes":""},"class_list":["post-54070","page","type-page","status-publish","has-post-thumbnail"],"_links":{"self":[{"href":"https:\/\/www.sisinternational.com\/de\/wp-json\/wp\/v2\/pages\/54070","targetHints":{"allow":["GET"]}}],"collection":[{"href":"https:\/\/www.sisinternational.com\/de\/wp-json\/wp\/v2\/pages"}],"about":[{"href":"https:\/\/www.sisinternational.com\/de\/wp-json\/wp\/v2\/types\/page"}],"author":[{"embeddable":true,"href":"https:\/\/www.sisinternational.com\/de\/wp-json\/wp\/v2\/users\/1"}],"replies":[{"embeddable":true,"href":"https:\/\/www.sisinternational.com\/de\/wp-json\/wp\/v2\/comments?post=54070"}],"version-history":[{"count":23,"href":"https:\/\/www.sisinternational.com\/de\/wp-json\/wp\/v2\/pages\/54070\/revisions"}],"predecessor-version":[{"id":80224,"href":"https:\/\/www.sisinternational.com\/de\/wp-json\/wp\/v2\/pages\/54070\/revisions\/80224"}],"up":[{"embeddable":true,"href":"https:\/\/www.sisinternational.com\/de\/wp-json\/wp\/v2\/pages\/11292"}],"wp:featuredmedia":[{"embeddable":true,"href":"https:\/\/www.sisinternational.com\/de\/wp-json\/wp\/v2\/media\/62384"}],"wp:attachment":[{"href":"https:\/\/www.sisinternational.com\/de\/wp-json\/wp\/v2\/media?parent=54070"}],"curies":[{"name":"wp","href":"https:\/\/api.w.org\/{rel}","templated":true}]}}