{"id":53949,"date":"2024-11-09T06:16:08","date_gmt":"2024-11-09T11:16:08","guid":{"rendered":"https:\/\/www.sisinternational.com\/?page_id=53949"},"modified":"2026-03-05T23:18:27","modified_gmt":"2026-03-06T04:18:27","slug":"b2b-preisstrategieforschung","status":"publish","type":"page","link":"https:\/\/www.sisinternational.com\/de\/losungen\/b2b-marktforschung\/b2b-preisstrategieforschung\/","title":{"rendered":"B2B-Preisstrategieforschung"},"content":{"rendered":"<h1 class=\"gb-headline gb-headline-d41b8528 gb-headline-text\">B2B-Preisstrategieforschung<\/h1>\n\n\n\n<figure class=\"gb-block-image gb-block-image-0a7e81d0\"><img loading=\"lazy\" decoding=\"async\" width=\"1456\" height=\"816\" class=\"gb-image gb-image-0a7e81d0\" src=\"https:\/\/www.sisinternational.com\/wp-content\/uploads\/2025\/08\/B2Bjpg-3.jpg\" alt=\"SIS International Marktforschung &amp; Strategie\" title=\"B2Bjpg (3)\" srcset=\"https:\/\/www.sisinternational.com\/wp-content\/uploads\/2025\/08\/B2Bjpg-3.jpg 1456w, https:\/\/www.sisinternational.com\/wp-content\/uploads\/2025\/08\/B2Bjpg-3-300x168.jpg 300w, https:\/\/www.sisinternational.com\/wp-content\/uploads\/2025\/08\/B2Bjpg-3-1024x574.jpg 1024w, https:\/\/www.sisinternational.com\/wp-content\/uploads\/2025\/08\/B2Bjpg-3-768x430.jpg 768w, https:\/\/www.sisinternational.com\/wp-content\/uploads\/2025\/08\/B2Bjpg-3-18x10.jpg 18w\" sizes=\"auto, (max-width: 1456px) 100vw, 1456px\"><\/figure>\n\n\n\n<p><\/p>\n\n\n\n<hr class=\"wp-block-separator has-alpha-channel-opacity is-style-dots\"\/>\n\n\n\n<h3 class=\"wp-block-heading\">Die Untersuchung von B2B-Preisstrategien bildet die Grundlage f\u00fcr fundierte Preisentscheidungen und erm\u00f6glicht es Unternehmen, ihre Rentabilit\u00e4t zu maximieren und gleichzeitig auf Marktver\u00e4nderungen zu reagieren.<\/h3>\n\n\n\n<p>In einem wettbewerbsintensiven Markt kann die Festlegung des richtigen Preises den Unterschied zwischen Erfolg und blo\u00dfem \u00dcberleben ausmachen. Die Forschung zu B2B-Preisstrategien unterst\u00fctzt Unternehmen bei der Entwicklung optimaler Preismodelle, die die Rentabilit\u00e4t maximieren und einen Wettbewerbsvorteil sichern.<\/p>\n\n\n\n<h2 class=\"wp-block-heading\">Was ist B2B-Preisstrategieforschung?<\/h2>\n\n\n\n<p>Die B2B-Preisstrategieforschung konzentriert sich auf das Verst\u00e4ndnis der Marktkr\u00e4fte, Kundenpr\u00e4ferenzen und des Wettbewerbsumfelds, die Preisentscheidungen beeinflussen. Dabei werden Daten gesammelt und analysiert, um die besten Preisstrukturen f\u00fcr Produkte und Dienstleistungen zu ermitteln. Ziel ist es, Preisstrategien zu entwickeln, die den Umsatz maximieren und gleichzeitig Wettbewerbsf\u00e4higkeit und Kundenzufriedenheit gew\u00e4hrleisten.<\/p>\n\n\n\n<p><a href=\"https:\/\/sisaisolutions.com\/application-of-ai-in-b2b\/\" target=\"_blank\" rel=\"noopener\">B2B pricing strategy research<\/a> also involves evaluating different pricing models to determine which approach best suits the company&#8217;s goals. It provides insights into choosing a strategy that drives profitability while maintaining a solid market position.<\/p>\n\n\n\n<h2 class=\"wp-block-heading\">Warum ist die Erforschung der B2B-Preisstrategie von entscheidender Bedeutung?<\/h2>\n\n\n\n<figure class=\"gb-block-image gb-block-image-e388b282\"><img loading=\"lazy\" decoding=\"async\" width=\"1456\" height=\"816\" class=\"gb-image gb-image-e388b282\" src=\"https:\/\/www.sisinternational.com\/wp-content\/uploads\/2025\/09\/Research-12.jpg\" alt=\"SIS International Marktforschung &amp; Strategie\" title=\"Research (12)\" srcset=\"https:\/\/www.sisinternational.com\/wp-content\/uploads\/2025\/09\/Research-12.jpg 1456w, https:\/\/www.sisinternational.com\/wp-content\/uploads\/2025\/09\/Research-12-300x168.jpg 300w, https:\/\/www.sisinternational.com\/wp-content\/uploads\/2025\/09\/Research-12-1024x574.jpg 1024w, https:\/\/www.sisinternational.com\/wp-content\/uploads\/2025\/09\/Research-12-768x430.jpg 768w, https:\/\/www.sisinternational.com\/wp-content\/uploads\/2025\/09\/Research-12-18x10.jpg 18w\" sizes=\"auto, (max-width: 1456px) 100vw, 1456px\"><\/figure>\n\n\n\n<p><\/p>\n\n\n\n<p>Pricing in the B2B environment is inherently complex due to factors such as lengthy sales cycles, the involvement of multiple stakeholders, and fluctuating market conditions. B2B <a class=\"wpil_keyword_link\" href=\"https:\/\/www.sisinternational.com\/de\/losungen\/fintech-strategieberatung-forschung\/preisstrategie\/\" title=\"Preisstrategieforschung\" data-wpil-keyword-link=\"linked\" data-wpil-monitor-id=\"185\">pricing strategy research<\/a> is crucial because it gives businesses the insights to navigate these complexities and make informed pricing decisions.<\/p>\n\n\n\n<p>Without proper research, companies risk setting prices that are either too high, driving customers away, or too low, eroding profitability. However, <a href=\"https:\/\/www.sisinternational.com\/de\/b2b-go-to-market-strategy\/\" title=\"B2B Go-to-Market Strategy\" data-wpil-monitor-id=\"794\">B2B pricing strategy<\/a> research provides a data-driven approach to pricing. It ensures that pricing models are competitive and sustainable, supporting long-term growth and stability.<\/p>\n\n\n\n<h2 class=\"wp-block-heading\">Wichtige Dienstleistungen von B2B-Preisstrategieforschungsunternehmen<\/h2>\n\n\n\n<p>B2B pricing <a href=\"https:\/\/www.sisinternational.com\/de\/soziale-medien-in-kleinen-unternehmen\/\" title=\"Social-Media-Strategien f\u00fcr kleine Unternehmen\" data-wpil-monitor-id=\"7527\">strategy research<\/a> firms offer multiple services to help businesses develop effective pricing strategies. Some key services include:<\/p>\n\n\n\n<ul class=\"wp-block-list\">\n<li><strong>Marktanalyse<\/strong>: Verst\u00e4ndnis der Marktlandschaft, einschlie\u00dflich Kundennachfrage, wettbewerbsf\u00e4higer Preise und Branchentrends. Marktanalysen helfen Unternehmen dabei, ihre Position auf dem Markt zu ermitteln und ihre Produkte effektiv zu positionieren.<\/li>\n\n\n\n<li><strong>Preisoptimierung<\/strong>: Verwenden Sie datengesteuerte Ans\u00e4tze, um die optimalen Preise f\u00fcr Produkte und Dienstleistungen zu bestimmen. Bei der Preisoptimierung werden verschiedene Preisszenarien getestet, um das Gleichgewicht zu finden, das die Rentabilit\u00e4t maximiert und gleichzeitig die Kundenzufriedenheit aufrechterh\u00e4lt.<\/li>\n\n\n\n<li><strong>Kundenwertermittlung<\/strong>: Bewerten, wie Kunden den Wert eines Produkts oder einer Dienstleistung wahrnehmen. Das Verst\u00e4ndnis des Kundenwerts ist wichtig, um Preise festzulegen, die den dem Kunden gebotenen Nutzen widerspiegeln und den verlangten Preis rechtfertigen.<\/li>\n\n\n\n<li><strong>Wettbewerber-Benchmarking<\/strong>: Analysieren Sie die Preisstrategien der Konkurrenz, um zu ermitteln, wie sich die Preise eines Unternehmens im Marktvergleich darstellen. Durch das Benchmarking der Konkurrenz k\u00f6nnen Unternehmen ihre Wettbewerbsposition verstehen und M\u00f6glichkeiten zur Differenzierung ihrer Preise erkennen.<\/li>\n<\/ul>\n\n\n\n<h2 class=\"wp-block-heading\">Arten von B2B-Preisstrategien<\/h2>\n\n\n\n<p>Es gibt verschiedene Arten von Preisstrategien, die B2B-Unternehmen nutzen k\u00f6nnen. Jede dieser Strategien ist f\u00fcr unterschiedliche Gesch\u00e4ftsmodelle und Marktbedingungen geeignet. Einige g\u00e4ngige B2B-Preisstrategien sind:<\/p>\n\n\n\n<p><\/p>\n\n\n\n<figure class=\"gb-block-image gb-block-image-d38c2ccf\"><img loading=\"lazy\" decoding=\"async\" width=\"492\" height=\"480\" class=\"gb-image gb-image-d38c2ccf\" src=\"https:\/\/www.sisinternational.com\/wp-content\/uploads\/2024\/11\/Pricing.png\" alt=\"SIS International Marktforschung &amp; Strategie\" title=\"Preisgestaltung\" srcset=\"https:\/\/www.sisinternational.com\/wp-content\/uploads\/2024\/11\/Pricing.png 492w, https:\/\/www.sisinternational.com\/wp-content\/uploads\/2024\/11\/Pricing-300x293.png 300w, https:\/\/www.sisinternational.com\/wp-content\/uploads\/2024\/11\/Pricing-12x12.png 12w\" sizes=\"auto, (max-width: 492px) 100vw, 492px\"><\/figure>\n\n\n\n<p><\/p>\n\n\n\n<ul class=\"wp-block-list\">\n<li><strong>Wertorientierte Preisgestaltung<\/strong>: Bei dieser Strategie werden die Preise auf der Grundlage des vom Kunden wahrgenommenen Werts und nicht der Produktionskosten festgelegt. Sie funktioniert gut, wenn ein Produkt einzigartige Vorteile bietet, f\u00fcr die Kunden bereit sind, einen Aufpreis zu zahlen.<\/li>\n\n\n\n<li><strong>Kostenaufschlagspreisgestaltung<\/strong>: Adding a markup to the cost of producing a product to determine the selling price. <\/li>\n\n\n\n<li><strong>Dynamische Preisgestaltung<\/strong>: Anpassung der Preise auf Grundlage der Marktnachfrage, des Wettbewerbs oder anderer externer Faktoren. Dynamische Preisgestaltung wird h\u00e4ufig in Branchen mit schwankender Nachfrage oder dort eingesetzt, wo Preisanpassungen in Echtzeit die Rentabilit\u00e4t steigern k\u00f6nnen.<\/li>\n\n\n\n<li><strong>Staffelpreise<\/strong>: Angebot unterschiedlicher Preisstufen basierend auf der gekauften Menge oder den enthaltenen Funktionen. Staffelpreise sind typisch f\u00fcr die Software- und Dienstleistungsbranche, wo Unternehmen mehrere Pakete anbieten k\u00f6nnen, um den unterschiedlichen Kundenanforderungen gerecht zu werden.<\/li>\n<\/ul>\n\n\n\n<h2 class=\"wp-block-heading\">Wie die Erforschung von B2B-Preisstrategien das Unternehmenswachstum f\u00f6rdert<\/h2>\n\n\n\n<p>Durch das Verst\u00e4ndnis der Kundenwahrnehmung, der Marktdynamik und des Wettbewerbsumfelds k\u00f6nnen Unternehmen datengesteuerte Entscheidungen treffen, die den Umsatz steigern, die Marktdurchdringung verbessern und die Kundenbindung st\u00e4rken. So tr\u00e4gt die B2B-Preisstrategieforschung direkt zum Unternehmenswachstum bei.<\/p>\n\n\n\n<p><strong>Umsatzmaximierung durch optimierte Preise<\/strong><strong><br><\/strong>Eine der wichtigsten M\u00f6glichkeiten, mit denen die B2B-Preisstrategieforschung das Wachstum vorantreibt, besteht darin, Unternehmen die M\u00f6glichkeit zu geben, ihren Umsatz zu maximieren. Preisforschung identifiziert den optimalen Preispunkt, der die Rentabilit\u00e4t mit der Zahlungsbereitschaft der Kunden in Einklang bringt. Eine gut durchdachte Preisstrategie stellt sicher, dass Unternehmen den vollen Wert ihrer Angebote aussch\u00f6pfen, ohne potenzielle Kunden abzuschrecken. So kann die Forschung beispielsweise ergeben, dass Kunden bereit sind, f\u00fcr Mehrwert wie ma\u00dfgeschneiderte Dienste oder schnellere Lieferung mehr zu zahlen, sodass Unternehmen Premium-Preisstufen einf\u00fchren k\u00f6nnen.&nbsp;<\/p>\n\n\n\n<p><strong>Verbesserung der Marktdurchdringung und Wettbewerbspositionierung<\/strong><strong><br><\/strong>Die B2B-Preisstrategieforschung liefert Einblicke in die Preisstrukturen der Konkurrenz und erm\u00f6glicht es Unternehmen, Preise festzulegen, die sowohl f\u00fcr potenzielle Kunden attraktiv als auch strategisch differenzierend sind. So kann die Preisforschung beispielsweise die M\u00f6glichkeit aufzeigen, ein g\u00fcnstigeres Einstiegsangebot einzuf\u00fchren, das kostenbewusste Kunden anspricht und so den Weg f\u00fcr Cross-Selling oder Upselling h\u00f6herwertiger Produkte ebnet.&nbsp;<\/p>\n\n\n\n<p><strong>Unterst\u00fctzung von Produktinnovation und wertorientierter Preisgestaltung<\/strong><strong><br><\/strong>Wenn Unternehmen verstehen, welche Funktionen oder Dienste Kunden am meisten sch\u00e4tzen, k\u00f6nnen sie ihr Angebot an die Kundenpr\u00e4ferenzen anpassen. Wenn Untersuchungen beispielsweise ergeben, dass Kunden bereit sind, f\u00fcr erweiterte Funktionen oder einen verbesserten Kundensupport einen Aufpreis zu zahlen, kann ein Unternehmen seine Ressourcen auf die Entwicklung dieser Elemente konzentrieren. Eine wertorientierte Preisgestaltung, bei der die Preise entsprechend dem wahrgenommenen Wert des Produkts festgelegt werden, erm\u00f6glicht es Unternehmen, einen Aufpreis f\u00fcr Funktionen zu verlangen, die den Kunden einen bedeutenden Nutzen bringen.&nbsp;<\/p>\n\n\n\n<p><strong>Verbesserung der Gewinnmargen und Verringerung der Preissensitivit\u00e4t<br><\/strong>B2B pricing strategy research helps companies identify opportunities to increase profit margins without alienating customers. Through price sensitivity analysis, companies can understand how price changes affect demand and determine which customers are less sensitive to price adjustments.&nbsp;<\/p>\n\n\n\n<p><strong>Flexibilit\u00e4t und Reaktionsf\u00e4higkeit bei Preisentscheidungen erm\u00f6glichen<\/strong><strong><br><\/strong><a href=\"https:\/\/www.sisinternational.com\/de\/b2b-multichannel-marketingstrategie\/\" title=\"B2B Multi-Channel-Marketing-Strategie\" data-wpil-monitor-id=\"843\">B2B pricing strategy research<\/a> enables companies to adjust to pricing based on market changes, competitor actions, or shifts in customer demand. With regular updates from pricing research, companies can stay proactive, adjusting their pricing models as needed to maintain relevance and appeal.&nbsp;<\/p>\n\n\n\n<h2 class=\"wp-block-heading\">Auswahl des richtigen Forschungsunternehmens f\u00fcr B2B-Preisstrategien<\/h2>\n\n\n\n<figure class=\"gb-block-image gb-block-image-5a01ae8e\"><img loading=\"lazy\" decoding=\"async\" width=\"1456\" height=\"816\" class=\"gb-image gb-image-5a01ae8e\" src=\"https:\/\/www.sisinternational.com\/wp-content\/uploads\/2025\/09\/Quantitative-research-18.jpg\" alt=\"SIS International Marktforschung &amp; Strategie\" title=\"Quantitative research (18)\" srcset=\"https:\/\/www.sisinternational.com\/wp-content\/uploads\/2025\/09\/Quantitative-research-18.jpg 1456w, https:\/\/www.sisinternational.com\/wp-content\/uploads\/2025\/09\/Quantitative-research-18-300x168.jpg 300w, https:\/\/www.sisinternational.com\/wp-content\/uploads\/2025\/09\/Quantitative-research-18-1024x574.jpg 1024w, https:\/\/www.sisinternational.com\/wp-content\/uploads\/2025\/09\/Quantitative-research-18-768x430.jpg 768w, https:\/\/www.sisinternational.com\/wp-content\/uploads\/2025\/09\/Quantitative-research-18-18x10.jpg 18w\" sizes=\"auto, (max-width: 1456px) 100vw, 1456px\"><\/figure>\n\n\n\n<p><\/p>\n\n\n\n<p>Die Auswahl des richtigen B2B-Preisstrategieforschungsunternehmens ist f\u00fcr erfolgreiche Ergebnisse von entscheidender Bedeutung. Hier sind einige wichtige \u00dcberlegungen bei der Auswahl eines Preisforschungspartners:<\/p>\n\n\n\n<ul class=\"wp-block-list\">\n<li><strong>Branchenerfahrung<\/strong>: Suchen Sie nach einem Unternehmen mit umfassender Erfahrung in Ihrer Branche. Ein tiefes Verst\u00e4ndnis der branchenspezifischen Dynamiken stellt sicher, dass die bereitgestellten Erkenntnisse relevant und umsetzbar sind.<\/li>\n\n\n\n<li><strong>Nachgewiesene Erfolgsbilanz<\/strong>: W\u00e4hlen Sie ein Unternehmen mit nachweislicher Erfolgsbilanz bei der Unterst\u00fctzung von B2B-Unternehmen. Fallstudien und Kundenreferenzen k\u00f6nnen wertvolle Einblicke in die F\u00e4higkeiten des Unternehmens und die Ergebnisse geben, die es f\u00fcr andere Unternehmen erzielt hat.<\/li>\n\n\n\n<li><strong>Ma\u00dfgeschneiderter Ansatz<\/strong>: Das richtige Forschungsunternehmen sollte ma\u00dfgeschneiderte L\u00f6sungen anbieten, die den individuellen Anforderungen Ihres Unternehmens entsprechen. Ein personalisierter Ansatz stellt sicher, dass die Preisempfehlungen Ihren Zielen und Marktbedingungen entsprechen.<\/li>\n<\/ul>\n\n\n\n<figure class=\"gb-block-image gb-block-image-57b65d8b\"><img loading=\"lazy\" decoding=\"async\" width=\"1456\" height=\"816\" class=\"gb-image gb-image-57b65d8b\" src=\"https:\/\/www.sisinternational.com\/wp-content\/uploads\/2025\/09\/Quantitative-research-1d4-1.jpg\" alt=\"SIS International Marktforschung &amp; Strategie\" title=\"Quantitative research (1d4) (1)\" srcset=\"https:\/\/www.sisinternational.com\/wp-content\/uploads\/2025\/09\/Quantitative-research-1d4-1.jpg 1456w, https:\/\/www.sisinternational.com\/wp-content\/uploads\/2025\/09\/Quantitative-research-1d4-1-300x168.jpg 300w, https:\/\/www.sisinternational.com\/wp-content\/uploads\/2025\/09\/Quantitative-research-1d4-1-1024x574.jpg 1024w, https:\/\/www.sisinternational.com\/wp-content\/uploads\/2025\/09\/Quantitative-research-1d4-1-768x430.jpg 768w, https:\/\/www.sisinternational.com\/wp-content\/uploads\/2025\/09\/Quantitative-research-1d4-1-18x10.jpg 18w\" sizes=\"auto, (max-width: 1456px) 100vw, 1456px\"><\/figure>\n\n\n\n<p><\/p>\n\n\n\n<h2 class=\"wp-block-heading\">Warum SIS International der beste Forschungspartner f\u00fcr B2B-Preisstrategien ist<\/h2>\n\n\n\n<p>Partnering with the right pricing <a href=\"https:\/\/www.sisinternational.com\/de\/optimierung-von-unternehmenswebsites-fur-den-roi\/\" title=\"Optimierung von Unternehmenswebsites f\u00fcr den ROI\" data-wpil-monitor-id=\"7602\">strategy research<\/a> firm can make all the difference in achieving optimal pricing and maximizing profitability. With its extensive experience and proven expertise, SIS International is the ideal B2B pricing strategy research partner. Here\u2019s why SIS International stands out as the best choice for your business:<\/p>\n\n\n<p>\n\n\n<\/p>\n<h4 class=\"wp-block-heading\" style=\"padding-left: 40px;\"><strong>Umfangreiche Erfahrung und Branchenexpertise<\/strong><\/h4>\n<p style=\"padding-left: 40px;\">\n\n\n\n<\/p>\n<p style=\"padding-left: 40px;\"><a href=\"https:\/\/www.linkedin.com\/company\/sisinternationalresearch\/\" target=\"_blank\" rel=\"noopener\">SIS International<\/a> verf\u00fcgt \u00fcber mehr als 40 Jahre Erfahrung in der Bereitstellung <a href=\"https:\/\/www.linkedin.com\/pulse\/how-market-research-enables-growth-ruth-stanat-phekf\/\" target=\"_blank\" rel=\"noopener\">Marktforschung<\/a> und Beratungsdienste f\u00fcr B2B-Unternehmen in verschiedenen Branchen. Dank unseres umfassenden Verst\u00e4ndnisses der Branchendynamik k\u00f6nnen wir Erkenntnisse liefern, die speziell auf die Bed\u00fcrfnisse von B2B-Unternehmen zugeschnitten sind und ihnen bei der Entwicklung effektiver Preisstrategien helfen.<\/p>\n<p style=\"padding-left: 40px;\">\n\n\n\n<\/p>\n<h4 class=\"wp-block-heading\" style=\"padding-left: 40px;\"><strong>Datengesteuerte L\u00f6sungen zur Preisoptimierung<\/strong><\/h4>\n<p style=\"padding-left: 40px;\">\n\n\n\n<\/p>\n<p style=\"padding-left: 40px;\">Bei SIS International nutzen wir datengesteuerte Methoden, um umsetzbare Erkenntnisse zu liefern, die die Preisgestaltung optimieren. Unser umfassender Ansatz umfasst Marktanalysen, Wettbewerbsbenchmarking und Kundenwertbewertungen, um sicherzustellen, dass unsere Kunden die genauesten und relevantesten Preisempfehlungen erhalten.\u00a0<\/p>\n<p style=\"padding-left: 40px;\">\n\n\n\n<\/p>\n<h4 class=\"wp-block-heading\" style=\"padding-left: 40px;\"><strong>Nachgewiesene Erfolgsbilanz<\/strong><\/h4>\n<p style=\"padding-left: 40px;\">\n\n\n\n<\/p>\n<p style=\"padding-left: 40px;\"><a href=\"https:\/\/twitter.com\/SISIntlResearch\" target=\"_blank\" rel=\"noopener\">SIS<\/a> has successfully helped numerous B2B companies develop and implement effective pricing strategies. Our proven track record of delivering results is reflected in our clients&#8217; success stories, who have seen improved profitability and market positioning thanks to our <a href=\"https:\/\/www.sisinternational.com\/de\/abdeckung\/marktforschung-mittlerer-osten\/marktforschung-jordanien\/\" title=\"Marktforschung in Jordanien\" data-wpil-monitor-id=\"5360\">pricing strategy research<\/a>.<\/p>\n<p style=\"padding-left: 40px;\">\n\n\n\n<\/p>\n<h4 class=\"wp-block-heading\" style=\"padding-left: 40px;\"><strong>Engagement f\u00fcr den Erfolg unserer Kunden<\/strong><\/h4>\n<p style=\"padding-left: 40px;\">\n\n\n\n<\/p>\n<p style=\"padding-left: 40px;\">Unser kundenorientierter Ansatz stellt sicher, dass jede von uns bereitgestellte L\u00f6sung auf ihre spezifischen Ziele und Herausforderungen abgestimmt ist. Wir arbeiten eng mit Unternehmen zusammen, um ihre individuellen Umst\u00e4nde zu verstehen und ma\u00dfgeschneiderte Strategien zu entwickeln, die zum Erfolg f\u00fchren.<\/p>\n<p>\n\n\n<h2>Unser Standort in New York<\/h2>\n<p><!-- \/wp:post-content --> <!-- wp:html --> <iframe loading=\"lazy\" src=\"https:\/\/www.google.com\/maps\/embed?pb=!1m18!1m12!1m3!1d3022.976188376966!2d-73.99130312499956!3d40.740549471389315!2m3!1f0!2f0!3f0!3m2!1i1024!2i768!4f13.1!3m3!1m2!1s0x89c259a15798c731%3A0xd695d09bdd495f25!2s11%20E%2022nd%20St%20FL%202%2C%20New%20York%2C%20NY%2010010%2C%20USA!5e0!3m2!1sen!2spe!4v1726171763526!5m2!1sen!2spe\" width=\"600\" height=\"450\" allowfullscreen=\"allowfullscreen\" data-mce-fragment=\"1\"><\/iframe> <!-- \/wp:html --> <!-- wp:paragraph --><\/p>\n<h3 class=\"wp-block-heading\">11 E 22nd Street, Floor 2, New York, NY 10010 T: +1(212) 505-6805<\/h3>\n<hr \/>\n<h2><span style=\"font-weight: 400;\">\u00dcber SIS International<\/span><\/h2>\n<p><a href=\"https:\/\/www.sisinternational.com\/de\/\"><span style=\"font-weight: 400;\">SIS International<\/span><\/a><span style=\"font-weight: 400;\"> bietet quantitative, qualitative und strategische Forschung an. Wir liefern Daten, Tools, Strategien, Berichte und Erkenntnisse zur Entscheidungsfindung. Wir f\u00fchren auch Interviews, Umfragen, Fokusgruppen und andere Methoden und Ans\u00e4tze der Marktforschung durch.<\/span><a href=\"https:\/\/www.sisinternational.com\/de\/uber-sis-international-research\/contact-sis-international-market-research\/\"><span style=\"font-weight: 400;\"> Kontakt<\/span><\/a><span style=\"font-weight: 400;\"> f\u00fcr Ihr n\u00e4chstes Marktforschungsprojekt.<\/span><\/p>\n<p><!-- wp:paragraph --><\/p>\n<p><!-- \/wp:paragraph --><\/p>\n<p><!-- wp:paragraph --><\/p>\n<p><!-- \/wp:paragraph --><\/p>\n<p><!-- wp:paragraph --><\/p>\n<p><!-- \/wp:paragraph --><\/p>","protected":false},"excerpt":{"rendered":"<p>B2B Pricing Strategy Research B2B pricing strategy research provides the foundation for informed pricing decisions, allowing companies to maximize their profitability while remaining responsive to market changes. In a competitive market, determining the right price can make the difference between thriving and merely surviving \u2013 and B2B pricing strategy research helps companies develop optimal pricing &#8230; <a title=\"B2B-Preisstrategieforschung\" class=\"read-more\" href=\"https:\/\/www.sisinternational.com\/de\/losungen\/b2b-marktforschung\/b2b-preisstrategieforschung\/\" aria-label=\"Mehr Informationen \u00fcber B2B Pricing Strategy Research\">Weiterlesen \u2026<\/a><\/p>","protected":false},"author":1,"featured_media":62381,"parent":11292,"menu_order":13,"comment_status":"closed","ping_status":"closed","template":"","meta":{"footnotes":""},"class_list":["post-53949","page","type-page","status-publish","has-post-thumbnail"],"_links":{"self":[{"href":"https:\/\/www.sisinternational.com\/de\/wp-json\/wp\/v2\/pages\/53949","targetHints":{"allow":["GET"]}}],"collection":[{"href":"https:\/\/www.sisinternational.com\/de\/wp-json\/wp\/v2\/pages"}],"about":[{"href":"https:\/\/www.sisinternational.com\/de\/wp-json\/wp\/v2\/types\/page"}],"author":[{"embeddable":true,"href":"https:\/\/www.sisinternational.com\/de\/wp-json\/wp\/v2\/users\/1"}],"replies":[{"embeddable":true,"href":"https:\/\/www.sisinternational.com\/de\/wp-json\/wp\/v2\/comments?post=53949"}],"version-history":[{"count":15,"href":"https:\/\/www.sisinternational.com\/de\/wp-json\/wp\/v2\/pages\/53949\/revisions"}],"predecessor-version":[{"id":81225,"href":"https:\/\/www.sisinternational.com\/de\/wp-json\/wp\/v2\/pages\/53949\/revisions\/81225"}],"up":[{"embeddable":true,"href":"https:\/\/www.sisinternational.com\/de\/wp-json\/wp\/v2\/pages\/11292"}],"wp:featuredmedia":[{"embeddable":true,"href":"https:\/\/www.sisinternational.com\/de\/wp-json\/wp\/v2\/media\/62381"}],"wp:attachment":[{"href":"https:\/\/www.sisinternational.com\/de\/wp-json\/wp\/v2\/media?parent=53949"}],"curies":[{"name":"wp","href":"https:\/\/api.w.org\/{rel}","templated":true}]}}