{"id":53946,"date":"2024-11-12T06:13:09","date_gmt":"2024-11-12T11:13:09","guid":{"rendered":"https:\/\/www.sisinternational.com\/?page_id=53946"},"modified":"2026-01-27T16:52:27","modified_gmt":"2026-01-27T21:52:27","slug":"b2b-innovationsberatung","status":"publish","type":"page","link":"https:\/\/www.sisinternational.com\/de\/losungen\/strategieberatung\/b2b-innovationsberatung\/","title":{"rendered":"B2B-Innovationsberatung"},"content":{"rendered":"<h1 class=\"wp-block-heading\">B2B-Innovationsberatung<\/h1>\n\n\n\n<figure class=\"gb-block-image gb-block-image-29b2eade\"><img loading=\"lazy\" decoding=\"async\" width=\"1456\" height=\"816\" class=\"gb-image gb-image-29b2eade\" src=\"https:\/\/www.sisinternational.com\/wp-content\/uploads\/2025\/09\/Research-10.jpg\" alt=\"SIS International Marktforschung &amp; Strategie\" title=\"Research (10)\" srcset=\"https:\/\/www.sisinternational.com\/wp-content\/uploads\/2025\/09\/Research-10.jpg 1456w, https:\/\/www.sisinternational.com\/wp-content\/uploads\/2025\/09\/Research-10-300x168.jpg 300w, https:\/\/www.sisinternational.com\/wp-content\/uploads\/2025\/09\/Research-10-1024x574.jpg 1024w, https:\/\/www.sisinternational.com\/wp-content\/uploads\/2025\/09\/Research-10-768x430.jpg 768w, https:\/\/www.sisinternational.com\/wp-content\/uploads\/2025\/09\/Research-10-18x10.jpg 18w\" sizes=\"auto, (max-width: 1456px) 100vw, 1456px\"><\/figure>\n\n\n\n<p><\/p>\n\n\n\n<hr class=\"wp-block-separator has-alpha-channel-opacity is-style-dots\"\/>\n\n\n\n<h3 class=\"wp-block-heading\">Die B2B-Innovationsberatung bietet das Fachwissen und die strategische Unterst\u00fctzung, um Innovationen zu f\u00f6rdern und dauerhaften Erfolg zu erzielen.<\/h3>\n\n\n\n<p>Innovation ist der Kern jeder erfolgreichen B2B-Gesch\u00e4ftsstrategie. Um mit dem rasanten technologischen Fortschritt und den Marktver\u00e4nderungen Schritt zu halten, m\u00fcssen Unternehmen neue Ideen annehmen und innovative Praktiken \u00fcbernehmen \u2013 und die B2B-Innovationsberatung bietet fachkundige Anleitung und Unterst\u00fctzung, um Unternehmen dabei zu helfen, die Komplexit\u00e4t der Innovation zu meistern und ihre Wachstumsziele zu erreichen.<\/p>\n\n\n\n<h2 class=\"wp-block-heading\">Was ist B2B-Innovationsberatung und warum ist sie wichtig?<\/h2>\n\n\n\n<p><a href=\"https:\/\/sisaisolutions.com\/application-of-ai-in-b2b\/\" target=\"_blank\" rel=\"noopener\">B2B innovation consulting<\/a> helps businesses develop and implement innovative strategies to drive transformation. It involves working with experienced consultants to create new products, processes, and services that keep businesses ahead of their competitors.<\/p>\n\n\n\n<p><strong>Wichtige Dienstleistungen von B2B-Innovationsberatungsfirmen<\/strong><\/p>\n\n\n\n<p>Top-B2B-Innovationsberatungsfirmen bieten eine Reihe von Dienstleistungen an, die Unternehmen dabei helfen, Innovation und Transformation voranzutreiben. Einige der wichtigsten Dienstleistungen umfassen:<\/p>\n\n\n\n<ul class=\"wp-block-list\">\n<li><strong>Entwicklung einer Innovationsstrategie<\/strong>: Ausarbeitung einer umfassenden Innovationsstrategie, die auf die Unternehmensziele und Marktchancen abgestimmt ist.<\/li>\n\n\n\n<li><strong><a class=\"wpil_keyword_link\" href=\"https:\/\/www.sisinternational.com\/de\/ideenfindungs-workshops\/\" title=\"Ideenfindungs-Workshops\" data-wpil-keyword-link=\"linked\" data-wpil-monitor-id=\"187\">Ideenfindungs-Workshops<\/a><\/strong>: Moderation von Brainstorming-Sitzungen und Workshops zur Entwicklung neuer Ideen und Erforschung kreativer L\u00f6sungen.<\/li>\n\n\n\n<li><strong>Technologie-Scouting<\/strong>: Identifizierung und Bewertung neuer Technologien, die in das Gesch\u00e4ft integriert werden k\u00f6nnen, um Innovationen voranzutreiben.<\/li>\n\n\n\n<li><strong>Produktinnovation<\/strong>: Unterst\u00fctzung von Unternehmen bei der Entwicklung neuer Produkte oder der Verbesserung bestehender Produkte, um die Kundenbed\u00fcrfnisse zu erf\u00fcllen und einen Wettbewerbsvorteil zu erlangen.<\/li>\n<\/ul>\n\n\n\n<h2 class=\"wp-block-heading\">Wie B2B-Innovationsberatung das Unternehmenswachstum f\u00f6rdert<\/h2>\n\n\n\n<p>B2B innovation consulting gives companies the insights, strategies, and frameworks to transform ideas into growth drivers. <\/p>\n\n\n\n<p><strong>Neue Umsatzm\u00f6glichkeiten erkennen<br><\/strong>B2B innovation consultants analyze market trends, customer behaviors, and competitor activities to uncover unmet needs and emerging demands. For instance, a manufacturing company might leverage innovation consulting to expand into adjacent markets or offer value-added services that increase profitability.&nbsp;<\/p>\n\n\n\n<p><strong>Beschleunigte Produktentwicklung und Markteinf\u00fchrung<\/strong><strong><br><\/strong>Neue Produkte und Dienstleistungen schnell auf den Markt zu bringen, ist entscheidend, um wettbewerbsf\u00e4hig zu bleiben. Innovationsberatung hilft B2B-Unternehmen, die Produktentwicklung zu optimieren, von der Ideenfindung und Prototypisierung bis hin zu Tests und Markteinf\u00fchrung. Mit strukturierten Methoden wie Lean Innovation und Agile Prototyping kann ein erstklassiges B2B-Innovationsberatungsunternehmen Unternehmen dabei helfen, neue Angebote schneller zu entwickeln und zu validieren, die Markteinf\u00fchrungszeit zu verk\u00fcrzen und Marktanteile vor der Konkurrenz zu gewinnen.&nbsp;<\/p>\n\n\n\n<p><strong>Verbesserung der Betriebseffizienz und Kostenoptimierung<\/strong><strong><br><\/strong>B2B-Innovationsberater k\u00f6nnen Bereiche identifizieren, in denen die Effizienz verbessert werden kann, wie z. B. Lieferkettenmanagement, Produktionsprozesse oder digitale Infrastruktur. Prozessinnovationen k\u00f6nnen Unternehmen dabei helfen, Betriebskosten zu senken, die Produktivit\u00e4t zu steigern und Ressourcen effektiver einzusetzen. Beispielsweise k\u00f6nnte ein B2B-Innovationsberatungsunternehmen Automatisierungstechnologien oder optimierte Prozesse empfehlen, die Kosten senken und gleichzeitig die Qualit\u00e4t aufrechterhalten.&nbsp;<\/p>\n\n\n\n<p><strong>Verbesserung des Kundenerlebnisses und der Kundenbindung<\/strong><strong><br><\/strong>B2B-Innovationsberatung hilft Unternehmen bei der Entwicklung von Strategien zur Verbesserung der Kundeninteraktion, Vereinfachung von Einkaufsprozessen und Bereitstellung personalisierter L\u00f6sungen. Innovationsberater k\u00f6nnen Schwachstellen und M\u00f6glichkeiten zur Verbesserung des Kundenerlebnisses identifizieren, indem sie Tools wie Customer Journey Mapping und Stimmungsanalyse verwenden. Ein f\u00fchrendes B2B-Innovationsberatungsunternehmen erm\u00f6glicht es Unternehmen, kundenorientierte L\u00f6sungen zu entwickeln, die die Zufriedenheit und Loyalit\u00e4t steigern, was zu h\u00f6heren Bindungsraten und einem h\u00f6heren Lifetime Value f\u00fcr jeden Kunden f\u00fchrt.<\/p>\n\n\n\n<p><strong>Unterst\u00fctzung der digitalen Transformation und Technologieeinf\u00fchrung<\/strong><strong><br><\/strong>B2B-Innovationsberatung hilft Unternehmen dabei, neue Technologien einzuf\u00fchren, digitale Tools zu integrieren und Prozesse zu automatisieren, um eine agilere, reaktionsf\u00e4higere Organisation zu schaffen. Innovationsberater unterst\u00fctzen die Auswahl und Implementierung von Technologien wie KI, maschinelles Lernen und Cloud Computing, die mit den Gesch\u00e4ftszielen \u00fcbereinstimmen.&nbsp;<\/p>\n\n\n\n<p><strong>Eine Kultur der kontinuierlichen Innovation erm\u00f6glichen<\/strong><strong><br><\/strong>Einer der nachhaltigsten Vorteile der B2B-Innovationsberatung ist ihre F\u00e4higkeit, eine Kultur der kontinuierlichen Verbesserung und Innovation innerhalb einer Organisation zu f\u00f6rdern. Ein f\u00fchrendes B2B-Innovationsberatungsunternehmen liefert kurzfristige L\u00f6sungen und stattet Unternehmen mit den Werkzeugen und Denkweisen aus, um unabh\u00e4ngig Innovationen zu entwickeln.&nbsp;<\/p>\n\n\n\n<h2 class=\"wp-block-heading\">Innovationskultur und Change Management<\/h2>\n\n\n\n<figure class=\"gb-block-image gb-block-image-dfc59a19\"><img loading=\"lazy\" decoding=\"async\" width=\"1456\" height=\"816\" class=\"gb-image gb-image-dfc59a19\" src=\"https:\/\/www.sisinternational.com\/wp-content\/uploads\/2025\/09\/Research-6.jpg\" alt=\"SIS International Marktforschung &amp; Strategie\" title=\"Research (6)\" srcset=\"https:\/\/www.sisinternational.com\/wp-content\/uploads\/2025\/09\/Research-6.jpg 1456w, https:\/\/www.sisinternational.com\/wp-content\/uploads\/2025\/09\/Research-6-300x168.jpg 300w, https:\/\/www.sisinternational.com\/wp-content\/uploads\/2025\/09\/Research-6-1024x574.jpg 1024w, https:\/\/www.sisinternational.com\/wp-content\/uploads\/2025\/09\/Research-6-768x430.jpg 768w, https:\/\/www.sisinternational.com\/wp-content\/uploads\/2025\/09\/Research-6-18x10.jpg 18w\" sizes=\"auto, (max-width: 1456px) 100vw, 1456px\"><\/figure>\n\n\n\n<p><\/p>\n\n\n\n<p>Die F\u00f6rderung einer Innovationskultur in B2B-Organisationen ist entscheidend f\u00fcr den langfristigen Erfolg. Die B2B-Innovationsberatung konzentriert sich auf die Entwicklung neuer Produkte und Dienstleistungen und hilft Unternehmen beim Aufbau einer Kultur, die Kreativit\u00e4t und Innovation f\u00f6rdert.<\/p>\n\n\n\n<p>Change management is an essential component of fostering an innovation culture. B2B innovation <a href=\"https:\/\/www.sisinternational.com\/de\/losungen\/reise-tourismus-und-gastgewerbeberatung\/destinationsmanagement-beratung\/\" title=\"Destinationsmanagement-Beratung\" data-wpil-monitor-id=\"7661\">consulting firms help businesses implement change management<\/a> practices that support innovation, ensuring employees are motivated, engaged, and equipped to embrace new ideas. Key elements of building an innovation culture include:<\/p>\n\n\n\n<ul class=\"wp-block-list\">\n<li><strong>F\u00fchrungsverpflichtung<\/strong>: Sicherstellen, dass die Unternehmensleitung Innovationsbem\u00fchungen aktiv unterst\u00fctzt und f\u00f6rdert.<\/li>\n\n\n\n<li><strong>Mitarbeitererm\u00e4chtigung<\/strong>: Den Mitarbeitern die Werkzeuge und die Autonomie geben, um zu experimentieren, Risiken einzugehen und zu Innovationsinitiativen beizutragen.<\/li>\n\n\n\n<li><strong>Anerkennung und Belohnungen<\/strong>: Anerkennung und Belohnung von Mitarbeitern, die innovative Ideen einbringen, und F\u00f6rderung einer Kultur, in der Kreativit\u00e4t gesch\u00e4tzt wird.<\/li>\n\n\n\n<li><strong>Offene Kommunikation<\/strong>: F\u00f6rderung einer offenen Kommunikation in der gesamten Organisation, um Ideen, Erkenntnisse und Erfolge im Zusammenhang mit Innovationen auszutauschen.<\/li>\n\n\n\n<li><strong>Kontinuierliches Lernen<\/strong>: Ermutigen Sie Ihre Mitarbeiter, neue F\u00e4higkeiten zu entwickeln und sich \u00fcber Branchentrends zu informieren, die Innovationen vorantreiben k\u00f6nnen.<\/li>\n<\/ul>\n\n\n\n<h2 class=\"wp-block-heading\">Technologieintegration in B2B-Innovation<\/h2>\n\n\n\n<p>Technology plays a pivotal role in driving B2B innovation. Technology enables businesses to innovate in previously unimaginable ways, from AI to the <a href=\"https:\/\/www.sisinternational.com\/de\/losungen\/sis-blockchain-consulting\/blockchain-internet-der-dinge\/\" title=\"Blockchain und das Internet der Dinge\" data-wpil-monitor-id=\"6335\">Internet der Dinge<\/a> (IoT) and data analytics.<\/p>\n\n\n\n<p>B2B-Innovationsberatung hilft Unternehmen, Technologien zu identifizieren und zu integrieren, um ihre Innovationsziele zu erreichen. Berater arbeiten mit Unternehmen zusammen, um die potenziellen Auswirkungen verschiedener Technologien zu bewerten, die am besten geeigneten L\u00f6sungen auszuw\u00e4hlen und diese effektiv umzusetzen. Durch den Einsatz von Technologie k\u00f6nnen Unternehmen:<\/p>\n\n\n\n<ul class=\"wp-block-list\">\n<li><strong>Steigern Sie die betriebliche Effizienz<\/strong>: KI und Automatisierung k\u00f6nnen Prozesse optimieren, Kosten senken und die Produktivit\u00e4t steigern.<\/li>\n\n\n\n<li><strong>Entwicklung innovativer Produkte<\/strong>: IoT und Datenanalyse erm\u00f6glichen Unternehmen die Entwicklung intelligenter Produkte, die auf spezifische Kundenbed\u00fcrfnisse zugeschnitten sind.<\/li>\n\n\n\n<li><strong>Verbessern Sie die Entscheidungsfindung<\/strong>: Datenanalysen bieten Einblicke in Echtzeit, die eine bessere Entscheidungsfindung und strategische Planung unterst\u00fctzen.<\/li>\n\n\n\n<li><strong>Verbessern Sie das Kundenerlebnis<\/strong>: KI und maschinelles Lernen k\u00f6nnen Kundenerlebnisse personalisieren und die Zufriedenheit verbessern.<\/li>\n<\/ul>\n\n\n\n<p><\/p>\n\n\n\n<figure class=\"gb-block-image gb-block-image-19aafc6f\"><img loading=\"lazy\" decoding=\"async\" width=\"1456\" height=\"816\" class=\"gb-image gb-image-19aafc6f\" src=\"https:\/\/www.sisinternational.com\/wp-content\/uploads\/2025\/08\/B2Bjpg-2.jpg\" alt=\"SIS International Marktforschung &amp; Strategie\" title=\"B2Bjpg (2)\" srcset=\"https:\/\/www.sisinternational.com\/wp-content\/uploads\/2025\/08\/B2Bjpg-2.jpg 1456w, https:\/\/www.sisinternational.com\/wp-content\/uploads\/2025\/08\/B2Bjpg-2-300x168.jpg 300w, https:\/\/www.sisinternational.com\/wp-content\/uploads\/2025\/08\/B2Bjpg-2-1024x574.jpg 1024w, https:\/\/www.sisinternational.com\/wp-content\/uploads\/2025\/08\/B2Bjpg-2-768x430.jpg 768w, https:\/\/www.sisinternational.com\/wp-content\/uploads\/2025\/08\/B2Bjpg-2-18x10.jpg 18w\" sizes=\"auto, (max-width: 1456px) 100vw, 1456px\"><\/figure>\n\n\n\n<p><\/p>\n\n\n\n<h2 class=\"wp-block-heading\">Messung der Wirkung von B2B-Innovationsberatung<\/h2>\n\n\n\n<p>Die Messung des Erfolgs von Innovationsinitiativen ist entscheidend, um ihre Auswirkungen zu verstehen und eine Kapitalrendite sicherzustellen. B2B-Innovationsberatungsfirmen helfen Unternehmen, den Fortschritt ihrer Innovationsbem\u00fchungen anhand von Schl\u00fcsselkennzahlen zu verfolgen, wie beispielsweise:<\/p>\n\n\n\n<ul class=\"wp-block-list\">\n<li><strong>Umsatzwachstum<\/strong>: Verfolgung der Umsatzsteigerung durch neue Produkte, Dienstleistungen oder Prozessverbesserungen.<\/li>\n\n\n\n<li><strong>Einsparma\u00dfnahmen<\/strong>: Messen der durch Prozessoptimierung oder Technologieintegration erzielten Senkung der Betriebskosten.<\/li>\n\n\n\n<li><strong>Kundenzufriedenheit<\/strong>: Auswertung des Kundenfeedbacks und der Zufriedenheit nach der Implementierung innovativer L\u00f6sungen.<\/li>\n\n\n\n<li><strong>Markteinf\u00fchrungszeit<\/strong>: Bewerten der Geschwindigkeit, mit der neue Produkte oder Dienstleistungen entwickelt und auf den Markt gebracht werden.<\/li>\n\n\n\n<li><strong>Marktanteil<\/strong>: \u00dcberwachung von \u00c4nderungen des Marktanteils als Ergebnis erfolgreicher Innovationsinitiativen.<\/li>\n<\/ul>\n\n\n\n<h2 class=\"wp-block-heading\">Auswahl des richtigen B2B-Innovationsberatungspartners<\/h2>\n\n\n\n<figure class=\"gb-block-image gb-block-image-156143c6\"><img loading=\"lazy\" decoding=\"async\" width=\"1456\" height=\"816\" class=\"gb-image gb-image-156143c6\" src=\"https:\/\/www.sisinternational.com\/wp-content\/uploads\/2025\/08\/B2B-2-5.jpg\" alt=\"SIS International Marktforschung &amp; Strategie\" title=\"B2B 2 (5)\" srcset=\"https:\/\/www.sisinternational.com\/wp-content\/uploads\/2025\/08\/B2B-2-5.jpg 1456w, https:\/\/www.sisinternational.com\/wp-content\/uploads\/2025\/08\/B2B-2-5-300x168.jpg 300w, https:\/\/www.sisinternational.com\/wp-content\/uploads\/2025\/08\/B2B-2-5-1024x574.jpg 1024w, https:\/\/www.sisinternational.com\/wp-content\/uploads\/2025\/08\/B2B-2-5-768x430.jpg 768w, https:\/\/www.sisinternational.com\/wp-content\/uploads\/2025\/08\/B2B-2-5-18x10.jpg 18w\" sizes=\"auto, (max-width: 1456px) 100vw, 1456px\"><\/figure>\n\n\n\n<p><\/p>\n\n\n\n<p>Ein idealer Beratungspartner bringt neue Perspektiven, bew\u00e4hrtes Fachwissen und einen kooperativen Ansatz mit, der mit der Vision und Kultur Ihres Unternehmens \u00fcbereinstimmt \u2013 und hier sind einige wesentliche Faktoren, die Sie bei der Auswahl eines B2B-Innovationsberatungsunternehmens ber\u00fccksichtigen sollten.<\/p>\n\n\n\n<p><strong>Bewerten Sie Branchenkenntnisse und relevante Erfahrung<\/strong><strong><br><\/strong>Suchen Sie nach einem Beratungspartner mit umfassender Erfahrung in Ihrer Branche. So ist sichergestellt, dass er mit der Marktdynamik, den Kundenpr\u00e4ferenzen und dem regulatorischen Umfeld vertraut ist, die Ihr Unternehmen beeinflussen. Ein Unternehmen mit einer Erfolgsbilanz bei erfolgreichen Innovationsprojekten in \u00e4hnlichen Branchen ist besser ger\u00fcstet, um praktische, relevante und umsetzbare Strategien zu entwickeln.<\/p>\n\n\n\n<p><strong>Bewerten Sie ihren Ansatz zu Innovation und Kreativit\u00e4t<\/strong><strong><br><\/strong>Verschiedene Beratungsunternehmen verfolgen unterschiedliche Ans\u00e4tze zur F\u00f6rderung von Innovationen. Einige konzentrieren sich m\u00f6glicherweise auf technologieorientierte L\u00f6sungen, w\u00e4hrend andere kundenorientiertes Designdenken oder Lean-Methoden betonen. Ber\u00fccksichtigen Sie bei der Auswahl eines Partners dessen Innovationsansatz und wie gut dieser mit den Zielen Ihres Unternehmens \u00fcbereinstimmt.&nbsp;<\/p>\n\n\n\n<p><strong>Look for a Collaborative and Supportive CultureChoose a <a href=\"https:\/\/www.sisinternational.com\/de\/sachverstand\/branchen\/dei-kommunikationsberatung\/\" title=\"DEI-Kommunikationsberatung\" data-wpil-monitor-id=\"5034\">consulting partner that values open communication<\/a>, knowledge sharing, and active involvement from your team. A collaborative firm will work alongside your employees to co-create solutions, fostering a sense of ownership and ensuring that the innovation strategy aligns with your company\u2019s culture and values. <\/p>\n\n\n\n<p><strong>Ber\u00fccksichtigen Sie den Einsatz fortschrittlicher Tools und Methoden<\/strong><strong><br><\/strong>Innovationsberatungsfirmen nutzen verschiedene Tools und Methoden, um den Innovationsprozess von der Ideenfindung bis zur Umsetzung zu begleiten. Suchen Sie nach einem Partner, der bew\u00e4hrte Frameworks wie Design Thinking, Lean Innovation, Prototyping und digitale Tools f\u00fcr Datenanalyse, Customer Journey Mapping und Szenarioplanung verwendet.&nbsp;<\/p>\n\n\n\n<p><strong>Anpassungsf\u00e4higkeit und Flexibilit\u00e4t priorisieren<br><\/strong>Choose a B2B innovation consulting partner that demonstrates adaptability and flexibility. A firm willing to pivot and refine strategies as new information arises will be better equipped to help you navigate challenges and respond to market conditions or customer needs changes. <\/p>\n\n\n\n<p><strong>Untersuchen Sie ihr Engagement f\u00fcr messbare Ergebnisse<\/strong><strong><br><\/strong>Suchen Sie nach einem Beratungspartner, der Wert auf messbare Ergebnisse legt und Key Performance Indicators (KPIs) zur Fortschrittsverfolgung verwendet. Ein erstklassiges B2B-Innovationsberatungsunternehmen hilft Ihnen dabei, von Anfang an Erfolgskennzahlen zu definieren und liefert regelm\u00e4\u00dfige Updates zu Projektmeilensteinen, um sicherzustellen, dass Ihre Innovationsbem\u00fchungen zu den strategischen Zielen Ihres Unternehmens beitragen.<\/p>\n\n\n\n<p><strong>Streben Sie eine langfristige Partnerschaft an<br><\/strong>The best B2B innovation consulting partners view their role as more than consultants\u2014they see themselves as long-term partners in your success. Look for a firm that offers continued support and guidance after the initial project, providing resources, follow-up sessions, or regular strategy reviews to ensure that your innovation efforts continue to evolve and align with your company\u2019s growth. <\/p>\n\n\n\n<h2 class=\"wp-block-heading\">Warum SIS International der beste Beratungspartner f\u00fcr B2B-Innovationen ist<\/h2>\n\n\n\n<p>Die Zusammenarbeit mit dem richtigen B2B-Innovationsberatungsunternehmen kann den entscheidenden Unterschied ausmachen, wenn es darum geht, nachhaltiges Wachstum zu erzielen und einen Wettbewerbsvorteil zu erhalten. Mit jahrzehntelanger Erfahrung und Branchenexpertise ist SIS International einzigartig aufgestellt, um Unternehmen zum Erfolg zu verhelfen. Hier erfahren Sie, warum SIS International der beste B2B-Innovationsberatungspartner f\u00fcr Ihr Unternehmen ist.<\/p>\n\n\n<p>\n\n\n<\/p>\n<h4 class=\"wp-block-heading\" style=\"padding-left: 40px;\"><strong>Umfangreiche branchen\u00fcbergreifende Erfahrung<\/strong><\/h4>\n<p style=\"padding-left: 40px;\">\n\n\n\n<\/p>\n<p style=\"padding-left: 40px;\"><a href=\"https:\/\/twitter.com\/SISIntlResearch\" target=\"_blank\" rel=\"noopener\">SIS<\/a> verf\u00fcgt \u00fcber mehr als 40 Jahre Erfahrung in der Beratung von Unternehmen verschiedener Branchen. Dank unseres umfassenden Verst\u00e4ndnisses des B2B-Sektors k\u00f6nnen wir Erkenntnisse und Strategien anbieten, die speziell auf die individuellen Bed\u00fcrfnisse unserer Kunden zugeschnitten sind.<\/p>\n<p style=\"padding-left: 40px;\">\n\n\n\n<\/p>\n<h4 class=\"wp-block-heading\" style=\"padding-left: 40px;\"><strong>Nachgewiesene Erfolgsbilanz<\/strong><\/h4>\n<p style=\"padding-left: 40px;\">\n\n\n\n<\/p>\n<p style=\"padding-left: 40px;\">Wir haben in \u00fcber 120 L\u00e4ndern erfolgreich Projekte durchgef\u00fchrt und einige der weltweit gr\u00f6\u00dften und einflussreichsten Unternehmen betreut, darunter \u00fcber 70 % der Fortune 500. Unsere nachweisliche Erfolgsbilanz bei der Unterst\u00fctzung von Unternehmen beim Erreichen ihrer Innovationsziele macht uns zum idealen Partner f\u00fcr B2B-Innovationsberatung.<\/p>\n<p style=\"padding-left: 40px;\">\n\n\n\n<\/p>\n<h4 class=\"wp-block-heading\" style=\"padding-left: 40px;\"><strong>Ma\u00dfgeschneiderte und kosteng\u00fcnstige L\u00f6sungen<\/strong><\/h4>\n<p style=\"padding-left: 40px;\">\n\n\n\n<\/p>\n<p style=\"padding-left: 40px;\">Bei <a href=\"https:\/\/www.linkedin.com\/company\/sisinternationalresearch\/\" target=\"_blank\" rel=\"noopener\">SIS International<\/a>Wir wissen, dass jedes Unternehmen einzigartig ist. Unsere B2B-Innovationsberatung ist auf die spezifischen Herausforderungen und Chancen jedes Kunden zugeschnitten. Wir bieten kosteng\u00fcnstige L\u00f6sungen, die Mehrwert schaffen und Unternehmen dabei helfen, nachhaltiges Wachstum zu erzielen.<\/p>\n<p style=\"padding-left: 40px;\">\n\n\n\n<\/p>\n<h4 class=\"wp-block-heading\" style=\"padding-left: 40px;\"><strong>Nutzung der neuesten Technologien<\/strong><\/h4>\n<p style=\"padding-left: 40px;\">\n\n\n\n<\/p>\n<p style=\"padding-left: 40px;\">Unser Ansatz zur B2B-Innovationsberatung umfasst die Nutzung neuester Technologien wie KI, Blockchain und PowerBi-Dashboards, um unseren Kunden einen Wettbewerbsvorteil zu verschaffen. Durch die Integration fortschrittlicher Technologien in unseren Beratungsprozess helfen wir Unternehmen, ihre Innovationsziele effizienter und effektiver zu erreichen.<\/p>\n<p style=\"padding-left: 40px;\">\n\n\n\n<\/p>\n<h4 class=\"wp-block-heading\" style=\"padding-left: 40px;\"><strong>Kundenzentrierter Ansatz<\/strong><\/h4>\n<p style=\"padding-left: 40px;\">\n\n\n\n<\/p>\n<p style=\"padding-left: 40px;\">Wir priorisieren die Bed\u00fcrfnisse unserer Kunden, um sicherzustellen, dass jede von uns bereitgestellte L\u00f6sung auf ihre spezifischen Ziele und Herausforderungen abgestimmt ist. Wir arbeiten eng mit Unternehmen zusammen, um ihre individuellen Umst\u00e4nde zu verstehen und ma\u00dfgeschneiderte Strategien zu entwickeln, die zum Erfolg f\u00fchren.<\/p>\n<p style=\"padding-left: 40px;\">\n\n\n\n<\/p>\n<h4 class=\"wp-block-heading\" style=\"padding-left: 40px;\"><strong>Langfristige Partnerschaft und Unterst\u00fctzung<\/strong><\/h4>\n<p style=\"padding-left: 40px;\">\n\n\n\n<\/p>\n<p style=\"padding-left: 40px;\">Das Engagement von SIS International f\u00fcr seine Kunden geht \u00fcber die anf\u00e4ngliche Beratung hinaus. Wir glauben an den Aufbau langfristiger Partnerschaften mit ihnen und bieten ihnen kontinuierliche Unterst\u00fctzung und Beratung, um ihnen dabei zu helfen, die Komplexit\u00e4t der Innovation zu meistern.\u00a0<\/p>\n<p>\n\n\n<h2>Unser Standort in New York<\/h2>\n<p><!-- \/wp:post-content --> <!-- wp:html --> <iframe loading=\"lazy\" src=\"https:\/\/www.google.com\/maps\/embed?pb=!1m18!1m12!1m3!1d3022.976188376966!2d-73.99130312499956!3d40.740549471389315!2m3!1f0!2f0!3f0!3m2!1i1024!2i768!4f13.1!3m3!1m2!1s0x89c259a15798c731%3A0xd695d09bdd495f25!2s11%20E%2022nd%20St%20FL%202%2C%20New%20York%2C%20NY%2010010%2C%20USA!5e0!3m2!1sen!2spe!4v1726171763526!5m2!1sen!2spe\" width=\"600\" height=\"450\" allowfullscreen=\"allowfullscreen\" data-mce-fragment=\"1\"><\/iframe> <!-- \/wp:html --> <!-- wp:paragraph --><\/p>\n<h3 class=\"wp-block-heading\">11 E 22nd Street, Floor 2, New York, NY 10010 T: +1(212) 505-6805<\/h3>\n<hr \/>\n<h2><span style=\"font-weight: 400;\">\u00dcber SIS International<\/span><\/h2>\n<p><a href=\"https:\/\/www.sisinternational.com\/de\/\"><span style=\"font-weight: 400;\">SIS International<\/span><\/a><span style=\"font-weight: 400;\"> bietet quantitative, qualitative und strategische Forschung an. Wir liefern Daten, Tools, Strategien, Berichte und Erkenntnisse zur Entscheidungsfindung. Wir f\u00fchren auch Interviews, Umfragen, Fokusgruppen und andere Methoden und Ans\u00e4tze der Marktforschung durch.<\/span><a href=\"https:\/\/www.sisinternational.com\/de\/uber-sis-international-research\/contact-sis-international-market-research\/\"><span style=\"font-weight: 400;\"> Kontakt<\/span><\/a><span style=\"font-weight: 400;\"> f\u00fcr Ihr n\u00e4chstes Marktforschungsprojekt.<\/span><\/p>\n<p><!-- wp:paragraph --><\/p>\n<p><!-- \/wp:paragraph --><\/p>\n\n<!-- wp:paragraph -->\n<p><\/p>\n<!-- \/wp:paragraph -->","protected":false},"excerpt":{"rendered":"<p>B2B Innovation Consulting B2B innovation consulting provides the expertise and strategic support to foster innovation and achieve lasting success. Innovation is at the core of every successful B2B business strategy. To keep pace with rapid technological advancements and market changes, companies need to embrace new ideas and adopt innovative practices \u2013 and B2B innovation consulting &#8230; <a title=\"B2B-Innovationsberatung\" class=\"read-more\" href=\"https:\/\/www.sisinternational.com\/de\/losungen\/strategieberatung\/b2b-innovationsberatung\/\" aria-label=\"Mehr Informationen \u00fcber B2B Innovation Consulting\">Weiterlesen \u2026<\/a><\/p>","protected":false},"author":1,"featured_media":69506,"parent":14567,"menu_order":50,"comment_status":"closed","ping_status":"closed","template":"","meta":{"footnotes":""},"class_list":["post-53946","page","type-page","status-publish","has-post-thumbnail"],"_links":{"self":[{"href":"https:\/\/www.sisinternational.com\/de\/wp-json\/wp\/v2\/pages\/53946","targetHints":{"allow":["GET"]}}],"collection":[{"href":"https:\/\/www.sisinternational.com\/de\/wp-json\/wp\/v2\/pages"}],"about":[{"href":"https:\/\/www.sisinternational.com\/de\/wp-json\/wp\/v2\/types\/page"}],"author":[{"embeddable":true,"href":"https:\/\/www.sisinternational.com\/de\/wp-json\/wp\/v2\/users\/1"}],"replies":[{"embeddable":true,"href":"https:\/\/www.sisinternational.com\/de\/wp-json\/wp\/v2\/comments?post=53946"}],"version-history":[{"count":22,"href":"https:\/\/www.sisinternational.com\/de\/wp-json\/wp\/v2\/pages\/53946\/revisions"}],"predecessor-version":[{"id":81284,"href":"https:\/\/www.sisinternational.com\/de\/wp-json\/wp\/v2\/pages\/53946\/revisions\/81284"}],"up":[{"embeddable":true,"href":"https:\/\/www.sisinternational.com\/de\/wp-json\/wp\/v2\/pages\/14567"}],"wp:featuredmedia":[{"embeddable":true,"href":"https:\/\/www.sisinternational.com\/de\/wp-json\/wp\/v2\/media\/69506"}],"wp:attachment":[{"href":"https:\/\/www.sisinternational.com\/de\/wp-json\/wp\/v2\/media?parent=53946"}],"curies":[{"name":"wp","href":"https:\/\/api.w.org\/{rel}","templated":true}]}}