{"id":53943,"date":"2024-11-11T06:08:33","date_gmt":"2024-11-11T11:08:33","guid":{"rendered":"https:\/\/www.sisinternational.com\/?page_id=53943"},"modified":"2026-03-05T23:18:09","modified_gmt":"2026-03-06T04:18:09","slug":"fuhrendes-unternehmen-fur-wettbewerbsanalyse","status":"publish","type":"page","link":"https:\/\/www.sisinternational.com\/de\/losungen\/strategieberatung\/fuhrendes-unternehmen-fur-wettbewerbsanalyse\/","title":{"rendered":"Top-Unternehmen f\u00fcr Wettbewerbsanalysen"},"content":{"rendered":"<h1 class=\"wp-block-heading\">Top-Unternehmen f\u00fcr Wettbewerbsanalysen<\/h1>\n\n\n\n<p><\/p>\n\n\n\n<figure class=\"gb-block-image gb-block-image-c9eea16e\"><img loading=\"lazy\" decoding=\"async\" width=\"1456\" height=\"816\" class=\"gb-image gb-image-c9eea16e\" src=\"https:\/\/www.sisinternational.com\/wp-content\/uploads\/2025\/09\/Quantitative-research-17.jpg\" alt=\"SIS International Marktforschung &amp; Strategie\" title=\"Quantitative research (17)\" srcset=\"https:\/\/www.sisinternational.com\/wp-content\/uploads\/2025\/09\/Quantitative-research-17.jpg 1456w, https:\/\/www.sisinternational.com\/wp-content\/uploads\/2025\/09\/Quantitative-research-17-300x168.jpg 300w, https:\/\/www.sisinternational.com\/wp-content\/uploads\/2025\/09\/Quantitative-research-17-1024x574.jpg 1024w, https:\/\/www.sisinternational.com\/wp-content\/uploads\/2025\/09\/Quantitative-research-17-768x430.jpg 768w, https:\/\/www.sisinternational.com\/wp-content\/uploads\/2025\/09\/Quantitative-research-17-18x10.jpg 18w\" sizes=\"auto, (max-width: 1456px) 100vw, 1456px\"><\/figure>\n\n\n\n<p><\/p>\n\n\n\n<h3 class=\"wp-block-heading\">F\u00fchrendes Unternehmen f\u00fcr Wettbewerbsanalysen: Um in einem wettbewerbsintensiven Markt die Nase vorn zu behalten, sind die richtigen Informationen zur richtigen Zeit entscheidend.<\/h3>\n\n\n\n<p>Unternehmen sind heute st\u00e4ndigem Wettbewerb und schnellen Marktver\u00e4nderungen ausgesetzt. Competitive Intelligence ist die L\u00f6sung, um auf dem Laufenden zu bleiben, Ihr Wettbewerbsumfeld zu verstehen und Wachstumschancen zu nutzen. Ein f\u00fchrendes Competitive Intelligence-Unternehmen wie SIS International kann Ihnen das Fachwissen und die Erkenntnisse liefern, die Sie ben\u00f6tigen, um Ihrem Unternehmen zum Erfolg zu verhelfen.<\/p>\n\n\n\n<h2 class=\"wp-block-heading\">Was ist Competitive Intelligence?<\/h2>\n\n\n\n<p>Bei der Wettbewerbsanalyse werden Wettbewerber, Marktdynamik und Branchentrends untersucht, um strategische Gesch\u00e4ftsentscheidungen zu treffen. Diese Erkenntnisse helfen Unternehmen, ihr Wettbewerbsumfeld einzusch\u00e4tzen, Wachstumschancen zu erkennen und potenzielle Risiken zu mindern.<\/p>\n\n\n\n<p>A top competitive intelligence firm, like SIS International, helps companies understand what their competitors are doing, how the market is evolving, and what strategies are needed to thrive. Competitive <a href=\"https:\/\/www.sisinternational.com\/de\/losungen\/strategieberatung\/schulung-und-strategie-zur-wettbewerbsanalyse\/\" title=\"Competitive Intelligence-Training und Strategie\"  data-wpil-monitor-id=\"6723\">intelligence<\/a> allows businesses to understand external factors that could impact their success and develop proactive strategies to address them.<\/p>\n\n\n\n<h2 class=\"wp-block-heading\">Warum also eine Partnerschaft mit einem f\u00fchrenden Unternehmen f\u00fcr Wettbewerbsanalyse eingehen?<\/h2>\n\n\n\n<p>Die Partnerschaft mit einem f\u00fchrenden Unternehmen f\u00fcr Wettbewerbsanalysen bietet mehrere Vorteile, darunter den Zugang zu Expertenanalysen, strategischen Erkenntnissen und umsetzbaren Empfehlungen. Diese Unternehmen nutzen fortschrittliche Technologien, propriet\u00e4re Daten und erfahrene Analysten, um Unternehmen genaue und zeitnahe Informationen zu liefern.<\/p>\n\n\n\n<p>A <a href=\"https:\/\/www.sisinternational.com\/de\/top-unternehmen-fur-die-bewertung-von-unternehmensstrategien\/\" title=\"F\u00fchrendes Unternehmen f\u00fcr die Bewertung von Unternehmensstrategien\"  data-wpil-monitor-id=\"1505\">top competitive intelligence<\/a> firm helps businesses gather and analyze data to create effective competitive strategies. By providing insights into industry trends, competitor strategies, and market conditions, SIS International enables companies to make informed decisions and minimize risks. Our extensive global reach and superior B2B market expertise have been helping businesses\u2014ranging from small start-ups to Fortune 500 companies\u2014achieve sustainable growth for 40 years.<\/p>\n\n\n\n<p>Dar\u00fcber hinaus bringt die Partnerschaft mit einem f\u00fchrenden Unternehmen f\u00fcr Wettbewerbsanalyse eine objektive Perspektive in die strategische Planung. Durch den Zugriff auf propriet\u00e4re Daten und fortschrittliche Analysetools k\u00f6nnen diese Unternehmen Unternehmen dabei helfen, Erkenntnisse zu gewinnen, die intern m\u00f6glicherweise nicht offensichtlich sind.&nbsp;<\/p>\n\n\n\n<h2 class=\"wp-block-heading\">Wichtige Dienstleistungen der f\u00fchrenden Competitive Intelligence-Unternehmen<\/h2>\n\n\n\n<p>Top-Unternehmen f\u00fcr Wettbewerbsanalysen wie SIS International bieten verschiedene Dienstleistungen an, die Unternehmen dabei helfen sollen, einen Wettbewerbsvorteil zu erlangen. Zu den wichtigsten Dienstleistungen geh\u00f6ren:<\/p>\n\n\n\n<p><\/p>\n\n\n\n<figure class=\"gb-block-image gb-block-image-64a0d633\"><img loading=\"lazy\" decoding=\"async\" width=\"804\" height=\"445\" class=\"gb-image gb-image-64a0d633\" src=\"https:\/\/www.sisinternational.com\/wp-content\/uploads\/2024\/11\/Strategic-business-analysis.png\" alt=\"SIS International Marktforschung &amp; Strategie\" title=\"Strategische Unternehmensanalyse\" srcset=\"https:\/\/www.sisinternational.com\/wp-content\/uploads\/2024\/11\/Strategic-business-analysis.png 804w, https:\/\/www.sisinternational.com\/wp-content\/uploads\/2024\/11\/Strategic-business-analysis-300x166.png 300w, https:\/\/www.sisinternational.com\/wp-content\/uploads\/2024\/11\/Strategic-business-analysis-768x425.png 768w, https:\/\/www.sisinternational.com\/wp-content\/uploads\/2024\/11\/Strategic-business-analysis-18x10.png 18w\" sizes=\"auto, (max-width: 804px) 100vw, 804px\"><\/figure>\n\n\n\n<p><\/p>\n\n\n\n<ul class=\"wp-block-list\">\n<li><strong>Wettbewerbsanalyse<\/strong>: Durch die Bewertung der St\u00e4rken und Schw\u00e4chen der Wettbewerber k\u00f6nnen Unternehmen besser verstehen, wo sie auf dem Markt stehen und wie sie sich effektiv positionieren k\u00f6nnen.<\/li>\n\n\n\n<li><strong>Identifizierung von Markttrends<\/strong>: Identifizierung wichtiger Markttrends, die die Gesch\u00e4ftsleistung beeinflussen k\u00f6nnten, sodass Unternehmen ihre Strategien entsprechend anpassen k\u00f6nnen.<\/li>\n\n\n\n<li><strong>Benchmarking<\/strong>: Vergleichen Sie die Leistung eines Unternehmens mit Branchenstandards und Wettbewerbern, um Verbesserungsbereiche zu identifizieren und realistische Ziele festzulegen.<\/li>\n\n\n\n<li><strong>SWOT-Analyse<\/strong>: Bewerten der St\u00e4rken, Schw\u00e4chen, Chancen und Risiken, die die strategische Ausrichtung eines Unternehmens beeinflussen k\u00f6nnten.<\/li>\n\n\n\n<li><strong>Strategische Empfehlungen<\/strong>: Bereitstellung umsetzbarer Empfehlungen auf der Grundlage von Wettbewerbsinformationen, um Unternehmen dabei zu helfen, Chancen zu nutzen und Herausforderungen effektiv zu bew\u00e4ltigen.<\/li>\n<\/ul>\n\n\n\n<h2 class=\"wp-block-heading\">Was zeichnet die besten Competitive Intelligence-Unternehmen aus?<\/h2>\n\n\n\n<p>Top-Unternehmen f\u00fcr Wettbewerbsanalysen zeichnen sich durch branchenspezifisches Fachwissen, Zugriff auf firmeneigene Daten und fortschrittliche Analysetools aus. SIS International beispielsweise hat Projekte in \u00fcber 120 L\u00e4ndern durchgef\u00fchrt und mehr als 701.000 Unternehmen der Fortune 500 betreut, was uns einen einzigartigen Vorteil in diesem Bereich verschafft.<\/p>\n\n\n\n<p>Was SIS International so besonders macht, ist unsere globale Reichweite und unsere herausragende B2B-Marktexpertise. Mit einem Team von \u00fcber 150 Mitarbeitern und Partnern bieten wir tiefgreifende Analysen, die menschliches Fachwissen und Technologie kombinieren, um umsetzbare Erkenntnisse zu liefern. Unsere Spitzentechnologien wie KI, Blockchain und PowerBi-Dashboards stellen sicher, dass unsere Kunden die genauesten und aktuellsten Informationen erhalten.<\/p>\n\n\n\n<h2 class=\"wp-block-heading\">Wie Competitive Intelligence den Gesch\u00e4ftserfolg steigert<\/h2>\n\n\n\n<figure class=\"gb-block-image gb-block-image-40f19b93\"><img loading=\"lazy\" decoding=\"async\" width=\"1456\" height=\"816\" class=\"gb-image gb-image-40f19b93\" src=\"https:\/\/www.sisinternational.com\/wp-content\/uploads\/2025\/09\/Research-7.jpg\" alt=\"SIS International Marktforschung &amp; Strategie\" title=\"Research (7)\" srcset=\"https:\/\/www.sisinternational.com\/wp-content\/uploads\/2025\/09\/Research-7.jpg 1456w, https:\/\/www.sisinternational.com\/wp-content\/uploads\/2025\/09\/Research-7-300x168.jpg 300w, https:\/\/www.sisinternational.com\/wp-content\/uploads\/2025\/09\/Research-7-1024x574.jpg 1024w, https:\/\/www.sisinternational.com\/wp-content\/uploads\/2025\/09\/Research-7-768x430.jpg 768w, https:\/\/www.sisinternational.com\/wp-content\/uploads\/2025\/09\/Research-7-18x10.jpg 18w\" sizes=\"auto, (max-width: 1456px) 100vw, 1456px\"><\/figure>\n\n\n\n<p><\/p>\n\n\n\n<p>Wettbewerbsanalysen sind f\u00fcr den Gesch\u00e4ftserfolg von entscheidender Bedeutung. Sie helfen Unternehmen, Marktver\u00e4nderungen vorherzusehen, die Aktivit\u00e4ten der Konkurrenz zu verstehen und proaktive Entscheidungen zu treffen. Durch die Nutzung der Erkenntnisse eines f\u00fchrenden Wettbewerbsanalyseunternehmens wie SIS International k\u00f6nnen sich Unternehmen besser auf Marktver\u00e4nderungen vorbereiten und Strategien entwickeln, um die Nase vorn zu behalten.<\/p>\n\n\n\n<p>So hat SIS International beispielsweise Unternehmen aus verschiedenen Branchen dabei geholfen, Innovationen zu entwickeln, ihre Marktposition zu optimieren und strategisches Wachstum voranzutreiben. Indem wir unseren Kunden zeitnahe und pr\u00e4zise Wettbewerbsinformationen liefern, erm\u00f6glichen wir ihnen, die St\u00e4rken und Schw\u00e4chen ihrer Konkurrenten zu verstehen und Chancen zu nutzen, die zu h\u00f6herer Rentabilit\u00e4t und Marktanteilen f\u00fchren.<\/p>\n\n\n\n<h2 class=\"wp-block-heading\">Werkzeuge und Methoden der Wettbewerbsanalyse<\/h2>\n\n\n\n<p>Competitive Intelligence basiert auf einer Kombination aus fortschrittlichen Tools und bew\u00e4hrten Methoden, um Daten aus verschiedenen Quellen zu sammeln, zu analysieren und zu interpretieren. Ein f\u00fchrendes Competitive Intelligence-Unternehmen nutzt modernste Technologien zusammen mit bew\u00e4hrten Frameworks, um umsetzbare Erkenntnisse zu liefern, die es Unternehmen erm\u00f6glichen, fundierte, strategische Entscheidungen zu treffen \u2013 und hier sind einige der wichtigsten Tools und Methoden, die bei Competitive Intelligence verwendet werden.<\/p>\n\n\n\n<p><strong>Datenanalyse- und Visualisierungstools<\/strong><strong><br><\/strong>Datenanalyseplattformen wie Tableau, PowerBI und Google Analytics erm\u00f6glichen es Unternehmen, gro\u00dfe Datenmengen zu analysieren, Muster zu erkennen und Trends zu erkennen, die sich auf das Wettbewerbsumfeld auswirken. Datenvisualisierungstools wandeln komplexe Datens\u00e4tze in leicht verst\u00e4ndliche Diagramme und Dashboards um und helfen Unternehmen, Informationen schnell zu interpretieren und strategische Entscheidungen zu treffen.&nbsp;<\/p>\n\n\n\n<p><strong>Social Media Monitoring und Sentimentanalyse<\/strong><strong><br><\/strong>Mithilfe von Social-Media-Monitoring-Tools wie Hootsuite, Brandwatch und Sprout Social k\u00f6nnen Wettbewerbsanalyse-Unternehmen Markenerw\u00e4hnungen verfolgen, Kampagnen von Wettbewerbern \u00fcberwachen und Kundenreaktionen messen. Die Stimmungsanalyse, die mithilfe nat\u00fcrlicher Sprachverarbeitung positive, negative oder neutrale Stimmungen in Online-Diskussionen bewertet, liefert wertvolle Einblicke in die \u00f6ffentliche Wahrnehmung und hilft Unternehmen, die Einstellung der Kunden gegen\u00fcber Wettbewerbern zu verstehen.<\/p>\n\n\n\n<p><strong>Wettbewerbsvergleich<\/strong><strong><br><\/strong>Dieser Ansatz hilft Unternehmen, ihre Position in Bezug auf Preisgestaltung, Marktanteil, Kundenzufriedenheit und andere wichtige Leistungsindikatoren zu verstehen. Ein f\u00fchrendes Unternehmen f\u00fcr Wettbewerbsanalysen verwendet Benchmarking-Tools und -Methoden, um L\u00fccken und Chancen zu identifizieren und seinen Kunden ein klareres Bild ihrer St\u00e4rken und Verbesserungsbereiche zu bieten. Benchmarking erm\u00f6glicht es Unternehmen, realistische Ziele zu setzen und ihren Fortschritt im Vergleich zur Konkurrenz zu verfolgen.<\/p>\n\n\n\n<p><strong>SWOT-Analyse (St\u00e4rken, Schw\u00e4chen, Chancen, Risiken)<\/strong><strong><br><\/strong>SWOT analysis is a foundational framework used in <a href=\"https:\/\/www.sisinternational.com\/de\/top-branchenanalyseunternehmen-in-new-york\/\" title=\"Top-Unternehmen f\u00fcr Branchenanalysen in NY\"  data-wpil-monitor-id=\"1119\">competitive intelligence to evaluate a company\u2019s<\/a> position within the market. Businesses gain a balanced view of their competitive landscape by identifying internal strengths and weaknesses alongside external opportunities and threats. This structured approach offers a straightforward yet comprehensive view of where a business stands relative to its competitors.<\/p>\n\n\n\n<p><strong>Kundenbefragungen<\/strong><strong><br><\/strong>Umfragen sind eine direkte Methode, um Erkenntnisse \u00fcber Kunden und Wettbewerber zu gewinnen. Durch die Durchf\u00fchrung von Umfragen sammeln Wettbewerbsbeobachtungsunternehmen Informationen aus erster Hand \u00fcber Kundenpr\u00e4ferenzen, Kaufverhalten und Wahrnehmungen von Wettbewerbern. Diese Erkenntnisse geben Unternehmen ein tieferes Verst\u00e4ndnis der Bed\u00fcrfnisse ihrer Kunden und der St\u00e4rken der Wettbewerber.&nbsp;<\/p>\n\n\n\n<p><strong>Szenarioplanung und pr\u00e4diktive Modellierung<\/strong><strong><br><\/strong>Scenario planning and predictive modeling are advanced methodologies allowing companies to anticipate potential scenarios and plan accordingly. Scenario planning involves developing various hypothetical situations (e.g., new competitor entry, regulatory changes) and assessing their potential impact on the business. Predictive <a href=\"https:\/\/www.sisinternational.com\/de\/losungen\/qualitative-quantitative-forschungslosungen\/statistical-modeling-tools\/\" title=\"Statistical Modeling Tools\"  data-wpil-monitor-id=\"1192\">modeling uses historical data and statistical<\/a> algorithms to forecast market trends and customer behaviors. A <a href=\"https:\/\/www.sisinternational.com\/de\/top-wettbewerber-benchmarking-unternehmen\/\" title=\"Top-Wettbewerbs-Benchmarking-Unternehmen\"  data-wpil-monitor-id=\"1191\">top competitive intelligence<\/a> firm leverages these methodologies to help companies prepare for uncertainties, ensuring they remain agile and adaptable in a dynamic market.<\/p>\n\n\n<div class=\"wp-block-image\">\n<figure class=\"aligncenter size-full\"><img decoding=\"async\" src=\"https:\/\/www.sisinternational.com\/wp-content\/uploads\/2021\/01\/Competitive-Intelligence-in-China.jpg\" alt=\"Wettbewerbsanalyse in China - Top-Unternehmen f\u00fcr Wettbewerbsanalyse\" class=\"wp-image-36562\"\/><\/figure>\n<\/div>\n\n\n<p><\/p>\n\n\n\n<h2 class=\"wp-block-heading\">Wie Competitive Intelligence die Gesch\u00e4ftsstrategie und Innovation beeinflusst<\/h2>\n\n\n\n<p>Durch die Partnerschaft mit einem f\u00fchrenden Unternehmen f\u00fcr Wettbewerbsanalyse k\u00f6nnen Unternehmen ihre Strategie an die Marktdynamik anpassen, ihr Produktangebot verfeinern und sich letztendlich f\u00fcr langfristiges Wachstum positionieren.&nbsp;<\/p>\n\n\n\n<p><strong>Verbesserung der strategischen Planung durch datengesteuerte Erkenntnisse<\/strong><strong><br><\/strong><strong><br><\/strong><a href=\"https:\/\/www.sisinternational.com\/de\/global-competitive-intelligence-blueprint-von-ruth-stanat-competitive-intelligence-magazine\/\" title=\"Globales Competitive Intelligence-Unternehmen\"  data-wpil-monitor-id=\"2168\">Competitive intelligence empowers companies<\/a> to develop strategies based on concrete, data-driven insights rather than assumptions. By analyzing competitors\u2019 moves, market conditions, and customer preferences, competitive intelligence allows companies to proactively adjust their strategic direction.&nbsp;<\/p>\n\n\n\n<p><strong>Unterst\u00fctzung der Produktentwicklung und Innovation<\/strong><strong><br><\/strong><strong><br><\/strong>Wettbewerbsanalysen liefern Einblicke in die Produktlinien, technologischen Fortschritte und Funktionsl\u00fccken der Konkurrenz. Wenn Unternehmen verstehen, wo die Konkurrenz hinter den Erwartungen zur\u00fcckbleibt oder wo der Markt unerf\u00fcllte Bed\u00fcrfnisse hat, k\u00f6nnen sie Innovationsm\u00f6glichkeiten erkennen, mit denen sie ihr Angebot von der Konkurrenz abheben. Wenn die Wettbewerbsanalyse beispielsweise eine wachsende Nachfrage nach umweltfreundlichen L\u00f6sungen anzeigt, kann ein Unternehmen nachhaltige Funktionen in seiner Produkt-Roadmap priorisieren.&nbsp;<\/p>\n\n\n\n<p><strong>St\u00e4rkung der Marktpositionierung und Markendifferenzierung<\/strong><strong><br><\/strong><strong><br><\/strong>Mithilfe von Competitive Intelligence k\u00f6nnen Unternehmen ihre Marktpositionierung verfeinern, um besondere St\u00e4rken hervorzuheben, die Schwachstellen der Kunden anzusprechen und sich an zuk\u00fcnftigen Trends auszurichten. Ein f\u00fchrendes Competitive-Intelligence-Unternehmen nutzt fortschrittliche Analysen, um herauszufinden, wo sich ein Unternehmen hervorheben kann, und unterst\u00fctzt Positionierungsstrategien, die zu einer st\u00e4rkeren Markenbekanntheit und Kundentreue f\u00fchren.<\/p>\n\n\n\n<p><strong>Risiken minimieren und sich auf Marktver\u00e4nderungen vorbereiten<br><br><\/strong>Einer der gr\u00f6\u00dften Vorteile von Competitive Intelligence ist die F\u00e4higkeit, potenzielle Risiken zu erkennen, wie etwa Ver\u00e4nderungen der Marktnachfrage, regulatorische \u00c4nderungen oder neue Wettbewerber. Wenn Unternehmen diese Faktoren fr\u00fchzeitig verstehen, k\u00f6nnen sie ihre Strategien proaktiv anpassen, um negative Auswirkungen zu minimieren. Wenn Competitive Intelligence beispielsweise darauf hinweist, dass ein Konkurrent plant, ein neues Produkt auf den Markt zu bringen, kann ein Unternehmen eine wettbewerbsf\u00e4hige Reaktion vorbereiten, indem es seine Produkteinf\u00fchrung beschleunigt oder seine Marketingbem\u00fchungen verst\u00e4rkt.&nbsp;<\/p>\n\n\n\n<p><strong>Optimierung von Marketing- und Verkaufsstrategien<\/strong><strong><br><\/strong><strong><br><\/strong>Wettbewerbsanalysen dienen auch der Verbesserung von Marketing- und Vertriebsstrategien, indem sie Einblicke in die Preisgestaltung, Kundenbindung und Vertriebskanaltaktiken der Wettbewerber bieten. Ein f\u00fchrendes Unternehmen f\u00fcr Wettbewerbsanalysen verfolgt diese Entwicklungen und erm\u00f6glicht es Unternehmen, ihre Marketing- und Vertriebsstrategien zu optimieren, um den sich \u00e4ndernden Kundenerwartungen gerecht zu werden und mehr Marktanteile zu gewinnen.<\/p>\n\n\n\n<h2 class=\"wp-block-heading\">Warum SIS International das beste Competitive Intelligence-Unternehmen f\u00fcr Ihr Unternehmen ist<\/h2>\n\n\n\n<p>Die Partnerschaft mit dem richtigen Competitive-Intelligence-Unternehmen kann der Schl\u00fcssel zu einem strategischen Vorteil auf dem Markt sein. <a href=\"https:\/\/www.linkedin.com\/company\/sisinternationalresearch\/\" target=\"_blank\" rel=\"noopener\">SIS International<\/a>ist mit seiner umfassenden Erfahrung, globalen Reichweite und \u00fcberlegenen Marktexpertise einzigartig aufgestellt, um Unternehmen dabei zu helfen, sich im Wettbewerbsumfeld zurechtzufinden. Aus diesem Grund ist SIS International die erste Wahl f\u00fcr Wettbewerbsanalysen.<\/p>\n\n\n<p>\n\n\n<\/p>\n<h4 class=\"wp-block-heading\" style=\"padding-left: 40px;\"><strong>Ma\u00dfgeschneiderte Forschung und Erkenntnisse<\/strong><\/h4>\n<p style=\"padding-left: 40px;\">\n\n\n\n<\/p>\n<p style=\"padding-left: 40px;\"><a href=\"https:\/\/twitter.com\/SISIntlResearch\" target=\"_blank\" rel=\"noopener\">SIS<\/a> bietet ma\u00dfgeschneiderte Forschung und Erkenntnisse zur Bew\u00e4ltigung spezifischer Herausforderungen und Chancen. Unsere Expertise stellt sicher, dass Ihr Unternehmen relevante und umsetzbare Informationen erh\u00e4lt.<\/p>\n<p style=\"padding-left: 40px;\">\n\n\n\n<\/p>\n<h4 class=\"wp-block-heading\" style=\"padding-left: 40px;\"><strong>Branchen\u00fcbergreifende Expertise<\/strong><\/h4>\n<p style=\"padding-left: 40px;\">\n\n\n\n<\/p>\n<p style=\"padding-left: 40px;\">Unsere Erfahrung erstreckt sich auf zahlreiche Branchen, darunter Technologie, Konsumg\u00fcter, Gesundheitswesen und Finanzen. Dank unserer umfassenden Branchenexpertise k\u00f6nnen wir branchenspezifische und auf die einzigartige Dynamik Ihres Marktes abgestimmte Wettbewerbsinformationen liefern.<\/p>\n<p style=\"padding-left: 40px;\">\n\n\n\n<\/p>\n<h4 class=\"wp-block-heading\" style=\"padding-left: 40px;\"><strong>Engagement f\u00fcr den Erfolg unserer Kunden<\/strong><\/h4>\n<p style=\"padding-left: 40px;\">\n\n\n\n<\/p>\n<p style=\"padding-left: 40px;\"><a href=\"https:\/\/medium.com\/@sisinternational\/sis-international-c17160da8fac\" target=\"_blank\" rel=\"noopener\">SIS<\/a> ist dem Erfolg unserer Kunden verpflichtet. Unser Team arbeitet eng mit jedem Kunden zusammen, um sicherzustellen, dass unsere Intelligence-L\u00f6sungen praktisch und ergebnisorientiert sind, und bietet kontinuierliche Unterst\u00fctzung, um Unternehmen bei der Anpassung an ver\u00e4nderte Marktbedingungen zu unterst\u00fctzen.<\/p>\n<p style=\"padding-left: 40px;\">\n\n\n\n<\/p>\n<h4 class=\"wp-block-heading\" style=\"padding-left: 40px;\"><strong>Umfangreiche globale Erfahrung und Branchenexpertise<\/strong><\/h4>\n<p style=\"padding-left: 40px;\">\n\n\n\n<\/p>\n<p style=\"padding-left: 40px;\">In unserer \u00fcber 40-j\u00e4hrigen Erfahrung hat SIS International Projekte in \u00fcber 120 L\u00e4ndern durchgef\u00fchrt und dabei einige der gr\u00f6\u00dften und einflussreichsten Unternehmen der Welt betreut. Dank dieser umfassenden globalen Erfahrung k\u00f6nnen wir einzigartige Einblicke in verschiedene Branchen bieten und Unternehmen dabei helfen, fundierte Entscheidungen zu treffen und der Konkurrenz einen Schritt voraus zu sein.<\/p>\n<p style=\"padding-left: 40px;\">\n\n\n\n<\/p>\n<h4 class=\"wp-block-heading\" style=\"padding-left: 40px;\"><strong>Ma\u00dfgeschneiderte L\u00f6sungen f\u00fcr die Wettbewerbspositionierung<\/strong><\/h4>\n<p style=\"padding-left: 40px;\">\n\n\n\n<\/p>\n<p style=\"padding-left: 40px;\">Bei SIS International wissen wir, dass jedes Unternehmen einzigartig ist. Unsere L\u00f6sungen sind auf die spezifischen Herausforderungen und Chancen jedes Kunden zugeschnitten. Ob Wettbewerbsanalyse, Markteintrittsstrategien oder strategische Empfehlungen \u2013 unsere Dienstleistungen sind darauf ausgelegt, Ihre Wettbewerbsposition zu verbessern und langfristigen Erfolg sicherzustellen.<\/p>\n<p>\n\n\n<\/p>\n\n\n<h2 class=\"wp-block-heading\">\u00dcber SIS International<\/h2>\n\n\n\n<p><a href=\"https:\/\/www.sisinternational.com\/de\/\">SIS International<\/a> bietet quantitative, qualitative und strategische Forschung an. Wir liefern Daten, Tools, Strategien, Berichte und Erkenntnisse zur Entscheidungsfindung. Wir f\u00fchren auch Interviews, Umfragen, Fokusgruppen und andere Methoden und Ans\u00e4tze der Marktforschung durch.<a href=\"https:\/\/www.sisinternational.com\/de\/uber-sis-international-research\/contact-sis-international-market-research\/\"> Kontakt<\/a> f\u00fcr Ihr n\u00e4chstes Marktforschungsprojekt.<\/p>\n\n\n\n<hr class=\"wp-block-separator has-alpha-channel-opacity\"\/>\n\n\n\n<p><br><\/p>","protected":false},"excerpt":{"rendered":"<p>Top Competitive Intelligence Company Top Competitive Intelligence Company, The key to staying ahead in a competitive market is having the right information at the right time. Businesses today face constant competition and rapid market changes. Competitive intelligence is the solution to staying informed, understanding your competitive landscape, and seizing growth opportunities. A top competitive intelligence &#8230; <a title=\"Top-Unternehmen f\u00fcr Wettbewerbsanalysen\" class=\"read-more\" href=\"https:\/\/www.sisinternational.com\/de\/losungen\/strategieberatung\/fuhrendes-unternehmen-fur-wettbewerbsanalyse\/\" aria-label=\"Mehr Informationen \u00fcber Top Competitive Intelligence Company\">Weiterlesen \u2026<\/a><\/p>","protected":false},"author":1,"featured_media":67030,"parent":14567,"menu_order":49,"comment_status":"closed","ping_status":"closed","template":"","meta":{"footnotes":""},"class_list":["post-53943","page","type-page","status-publish","has-post-thumbnail"],"_links":{"self":[{"href":"https:\/\/www.sisinternational.com\/de\/wp-json\/wp\/v2\/pages\/53943","targetHints":{"allow":["GET"]}}],"collection":[{"href":"https:\/\/www.sisinternational.com\/de\/wp-json\/wp\/v2\/pages"}],"about":[{"href":"https:\/\/www.sisinternational.com\/de\/wp-json\/wp\/v2\/types\/page"}],"author":[{"embeddable":true,"href":"https:\/\/www.sisinternational.com\/de\/wp-json\/wp\/v2\/users\/1"}],"replies":[{"embeddable":true,"href":"https:\/\/www.sisinternational.com\/de\/wp-json\/wp\/v2\/comments?post=53943"}],"version-history":[{"count":13,"href":"https:\/\/www.sisinternational.com\/de\/wp-json\/wp\/v2\/pages\/53943\/revisions"}],"predecessor-version":[{"id":80304,"href":"https:\/\/www.sisinternational.com\/de\/wp-json\/wp\/v2\/pages\/53943\/revisions\/80304"}],"up":[{"embeddable":true,"href":"https:\/\/www.sisinternational.com\/de\/wp-json\/wp\/v2\/pages\/14567"}],"wp:featuredmedia":[{"embeddable":true,"href":"https:\/\/www.sisinternational.com\/de\/wp-json\/wp\/v2\/media\/67030"}],"wp:attachment":[{"href":"https:\/\/www.sisinternational.com\/de\/wp-json\/wp\/v2\/media?parent=53943"}],"curies":[{"name":"wp","href":"https:\/\/api.w.org\/{rel}","templated":true}]}}