{"id":53937,"date":"2024-11-07T05:56:29","date_gmt":"2024-11-07T10:56:29","guid":{"rendered":"https:\/\/www.sisinternational.com\/?page_id=53937"},"modified":"2026-03-25T01:02:16","modified_gmt":"2026-03-25T05:02:16","slug":"top-unternehmen-fur-die-bewertung-von-unternehmensstrategien","status":"publish","type":"page","link":"https:\/\/www.sisinternational.com\/de\/losungen\/strategieberatung\/top-unternehmen-fur-die-bewertung-von-unternehmensstrategien\/","title":{"rendered":"F\u00fchrendes Unternehmen f\u00fcr die Bewertung von Unternehmensstrategien"},"content":{"rendered":"<h1 class=\"wp-block-heading\">F\u00fchrendes Unternehmen f\u00fcr die Bewertung von Unternehmensstrategien<br><\/h1>\n\n\n\n<figure class=\"gb-block-image gb-block-image-c4a5bbe9\"><img decoding=\"async\" class=\"gb-image gb-image-c4a5bbe9\" src=\"https:\/\/www.sisinternational.com\/wp-content\/uploads\/2025\/09\/New-York-11.jpg\" alt=\"SIS International Marktforschung &amp; Strategie\" title=\"New York (11)\"><\/figure>\n\n\n\n<p><\/p>\n\n\n\n<h3 class=\"wp-block-heading\">Durch die Beauftragung eines f\u00fchrenden Unternehmens zur Bewertung von Unternehmensstrategien k\u00f6nnen sich Unternehmen besser an Marktver\u00e4nderungen anpassen, ihre Ressourcen optimieren und in ihrer Branche einen Wettbewerbsvorteil bewahren.<\/h3>\n\n\n\n<p><strong><br><\/strong>Die Wirksamkeit einer Unternehmensstrategie kann \u00fcber Erfolg oder Misserfolg eines Unternehmens entscheiden. Durch die Zusammenarbeit mit einem f\u00fchrenden Unternehmen zur Bewertung von Unternehmensstrategien k\u00f6nnen Sie sicherstellen, dass Ihre strategischen Initiativen auf Ihre Ziele ausgerichtet sind und die Grundlage f\u00fcr langfristiges Wachstum legen.<\/p>\n\n\n\n<h2 class=\"wp-block-heading\">Was ist ein Unternehmen zur Bewertung von Unternehmensstrategien?<\/h2>\n\n\n\n<p>Ein Unternehmen zur Bewertung von Unternehmensstrategien ist auf die Bewertung der Wirksamkeit strategischer Initiativen eines Unternehmens spezialisiert. Diese Unternehmen bieten eine objektive Analyse, ob die Strategien eines Unternehmens mit seinen Gesch\u00e4ftszielen \u00fcbereinstimmen, identifizieren Verbesserungsbereiche und empfehlen \u00c4nderungen zur Leistungsoptimierung.&nbsp;<\/p>\n\n\n\n<p>Corporate <a href=\"https:\/\/www.sisinternational.com\/de\/losungen\/legal-market-research\/client-retention-strategies-in-law-firms\/\" title=\"Client Retention Strategies in Law Firms\u00a0\u00a0\"  data-wpil-monitor-id=\"922\">strategy evaluation firms<\/a> use data-driven methodologies to analyze the impact of current strategies, focusing on performance metrics and market positioning. They help businesses understand what works well and what is not, providing actionable insights that drive growth and profitability.&nbsp;<\/p>\n\n\n\n<h2 class=\"wp-block-heading\">Warum Ihr Unternehmen ein erstklassiges Unternehmen zur Bewertung von Unternehmensstrategien braucht<\/h2>\n\n\n\n<p>Die Zusammenarbeit mit einem f\u00fchrenden Unternehmen zur Bewertung von Unternehmensstrategien hilft Ihnen, L\u00fccken in Ihren bestehenden Strategien zu identifizieren und Ihren Ansatz zu verfeinern, bevor Probleme eskalieren. Diese Unternehmen helfen Unternehmen auch dabei, h\u00e4ufige Fehler zu vermeiden, indem sie Erkenntnisse liefern, die auf bew\u00e4hrten Methoden und umfassenden Branchenkenntnissen basieren.<\/p>\n\n\n\n<p>Ein wesentlicher Vorteil der Zusammenarbeit mit einem Strategiebewertungsunternehmen ist die externe Perspektive, die es mit sich bringt. Internen Teams fehlt m\u00f6glicherweise die Objektivit\u00e4t, die f\u00fcr eine kritische Bewertung ihrer eigenen Strategien erforderlich ist. Eine unabh\u00e4ngige Bewertung durch ein f\u00fchrendes Unternehmen f\u00fcr Unternehmensstrategiebewertung stellt sicher, dass alle Aspekte der Strategie eines Unternehmens unvoreingenommen gepr\u00fcft werden. Dieser Ansatz hilft Unternehmen, sich an ver\u00e4nderte Marktbedingungen anzupassen, neue Chancen zu erkennen und ihre Wettbewerbsposition zu st\u00e4rken.<\/p>\n\n\n\n<h2 class=\"wp-block-heading\">Wichtige Dienstleistungen der f\u00fchrenden Unternehmen zur Bewertung von Unternehmensstrategien<\/h2>\n\n\n\n<p>Top-Unternehmen f\u00fcr die Bewertung von Unternehmensstrategien bieten eine breite Palette von Dienstleistungen an, die darauf abzielen, die strategische Ausrichtung eines Unternehmens zu verbessern. Hier ist ein detaillierter \u00dcberblick \u00fcber einige der angebotenen wichtigen Dienstleistungen:<\/p>\n\n\n\n<ul class=\"wp-block-list\">\n<li><strong>Strategie-Audits<\/strong>: Eine umfassende \u00dcberpr\u00fcfung bestehender Strategien, um ihre Wirksamkeit und \u00dcbereinstimmung mit den allgemeinen Gesch\u00e4ftszielen zu beurteilen. Strategiepr\u00fcfungen helfen Unternehmen zu verstehen, ob ihre strategischen Initiativen sie zu ihren gew\u00fcnschten Zielen f\u00fchren, und identifizieren L\u00fccken und Bereiche, die verbessert werden k\u00f6nnen.<\/li>\n\n\n\n<li><strong>Leistungsbeurteilungen<\/strong>: Eine Bewertung der Ergebnisse strategischer Initiativen, bei der der Schwerpunkt auf den wichtigsten Leistungsindikatoren (Key Performance Indicators, KPIs) zur Messung des Erfolgs liegt. Leistungsbeurteilungen sind wichtig, um festzustellen, ob die aktuelle Strategie die erwarteten Ergebnisse liefert und Gesch\u00e4ftsziele erreicht.<\/li>\n\n\n\n<li><strong>Wettbewerber-Benchmarking<\/strong>: Analysieren Sie, wie sich die Leistung und Strategien eines Unternehmens im Vergleich zu denen der wichtigsten Wettbewerber darstellen. Dabei werden Bereiche identifiziert, in denen Verbesserungen m\u00f6glich sind, und die besten Praktiken der Branchenf\u00fchrer genutzt, um einen Wettbewerbsvorteil zu erzielen.<\/li>\n\n\n\n<li><strong>Wachstumspotenzialanalyse<\/strong>: Bewertung von Marktchancen, um die praktikabelsten Wege zur Gesch\u00e4ftserweiterung und -diversifizierung zu ermitteln. Die Analyse des Wachstumspotenzials hilft dabei, neue Marktchancen zu erkennen, darunter aufkommende Trends, unerschlossene Kundensegmente und potenzielle Partnerschaften, die die Expansion vorantreiben k\u00f6nnen.<\/li>\n\n\n\n<li><strong>Risikobewertung und -minimierung<\/strong>: Bewertung potenzieller Risiken bestehender Strategien und Bereitstellung von Empfehlungen zur Risikominderung. Durch das Verst\u00e4ndnis potenzieller Fallstricke k\u00f6nnen Unternehmen proaktiv Ma\u00dfnahmen ergreifen, um St\u00f6rungen zu minimieren und die Widerstandsf\u00e4higkeit zu verbessern.<\/li>\n\n\n\n<li><strong>Optimierung der Ressourcenzuweisung<\/strong>: \u00dcberpr\u00fcfung der aktuellen Ressourcenzuweisung, um sicherzustellen, dass sie effizient genutzt werden. Dies umfasst finanzielle Ressourcen, Personal und Technologie und hilft Unternehmen, ihre Betriebsabl\u00e4ufe zu optimieren, um strategische Ziele effektiver zu erreichen.<\/li>\n\n\n\n<li><strong>Markteintrittsstrategie<\/strong>: Unternehmen, die in neue M\u00e4rkte expandieren m\u00f6chten, k\u00f6nnen von Firmen, die sich mit der Bewertung von Unternehmensstrategien befassen, bei der Entwicklung und Umsetzung effektiver Markteintrittsstrategien unterst\u00fctzt werden. Dazu geh\u00f6rt die Bewertung der Marktbedingungen und regulatorischen Anforderungen sowie die Ermittlung der besten Eintrittsmethode, beispielsweise Joint Ventures, Partnerschaften oder Direktinvestitionen.<\/li>\n<\/ul>\n\n\n\n<h2 class=\"wp-block-heading\">Was zeichnet die besten Unternehmen f\u00fcr die Bewertung von Unternehmensstrategien aus?<\/h2>\n\n\n\n<p>Ein Top-Unternehmen f\u00fcr die Bewertung von Unternehmensstrategien wie SIS International zeichnet sich durch spezialisiertes Branchenwissen, datengest\u00fctzte Erkenntnisse und bew\u00e4hrte Methoden aus. Dank seines umfassenden Branchenverst\u00e4ndnisses kann es ma\u00dfgeschneiderte Empfehlungen abgeben, die auf die einzigartigen Herausforderungen und Chancen jedes Sektors abgestimmt sind.<\/p>\n\n\n\n<p>Diese Unternehmen nutzen au\u00dferdem fortschrittliche Analysetools und -rahmen, um Strategien zu bewerten. Der Einsatz ausgefeilter Datenanalysen liefert umsetzbare und fundierte Einblicke in empirische Beweise. Dieser datengesteuerte Ansatz stellt sicher, dass Empfehlungen strategisch, aber auch realistisch und umsetzbar sind, was den Unternehmen die besten Erfolgschancen bietet.<\/p>\n\n\n\n<figure class=\"gb-block-image gb-block-image-c4f3f178\"><img loading=\"lazy\" decoding=\"async\" width=\"1456\" height=\"816\" class=\"gb-image gb-image-c4f3f178\" src=\"https:\/\/www.sisinternational.com\/wp-content\/uploads\/2025\/08\/Business-17.jpg\" alt=\"SIS International Marktforschung &amp; Strategie\" title=\"Business (17)\" srcset=\"https:\/\/www.sisinternational.com\/wp-content\/uploads\/2025\/08\/Business-17.jpg 1456w, https:\/\/www.sisinternational.com\/wp-content\/uploads\/2025\/08\/Business-17-300x168.jpg 300w, https:\/\/www.sisinternational.com\/wp-content\/uploads\/2025\/08\/Business-17-1024x574.jpg 1024w, https:\/\/www.sisinternational.com\/wp-content\/uploads\/2025\/08\/Business-17-768x430.jpg 768w, https:\/\/www.sisinternational.com\/wp-content\/uploads\/2025\/08\/Business-17-18x10.jpg 18w\" sizes=\"auto, (max-width: 1456px) 100vw, 1456px\"><\/figure>\n\n\n\n<p><\/p>\n\n\n\n<h2 class=\"wp-block-heading\">Wie ein f\u00fchrendes Unternehmen zur Bewertung von Unternehmensstrategien Mehrwert schafft<\/h2>\n\n\n\n<p>Ein erstklassiges Unternehmen zur Bewertung von Unternehmensstrategien bietet Unternehmen einen erheblichen Mehrwert, indem es ihnen eine objektive, datengest\u00fctzte Bewertung ihrer strategischen Ausrichtung bietet. Durch Expertenanalysen und ma\u00dfgeschneiderte Empfehlungen erm\u00f6glichen diese Unternehmen Unternehmen, St\u00e4rken zu erkennen, Verbesserungspotenziale aufzudecken und Wachstumschancen zu nutzen.<\/p>\n\n\n\n<p><\/p>\n\n\n\n<p><strong>Unvoreingenommene Analyse f\u00fcr objektive Entscheidungsfindung<\/strong><strong><br><\/strong>Einer der Hauptvorteile der Zusammenarbeit mit einem f\u00fchrenden Unternehmen f\u00fcr die Bewertung von Unternehmensstrategien ist die objektive Perspektive, die es bietet. Interne Bewertungen k\u00f6nnen unbeabsichtigt durch Voreingenommenheit oder organisatorische Silos beeinflusst werden, was die strategische Entscheidungsfindung tr\u00fcben kann. Ein externes Unternehmen bewertet die Strategie eines Unternehmens objektiv und stellt sicher, dass Entscheidungen ausschlie\u00dflich auf Daten, Markttrends und Leistungskennzahlen basieren.&nbsp;<\/p>\n\n\n\n<p><strong>Zugriff auf spezialisierte Tools und Analyserahmen<\/strong><strong><br><\/strong>Top-Unternehmen zur Bewertung von Unternehmensstrategien nutzen fortschrittliche Tools und Frameworks wie SWOT-Analysen, Balanced Scorecards und Szenarioplanung, um die strategische Effektivit\u00e4t zu analysieren und zu messen. Diese Unternehmen wenden bew\u00e4hrte Methoden an, um umsetzbare Erkenntnisse zu gewinnen, die es Unternehmen erm\u00f6glichen, ihre Leistung zu vergleichen, den Fortschritt bei der Erreichung von Zielen zu messen und ihre Taktik auf der Grundlage umfassender Analysen anzupassen.&nbsp;<\/p>\n\n\n\n<p><strong>Branchenexpertise und Markteinblick<\/strong><strong><br><\/strong>Ein f\u00fchrendes Unternehmen f\u00fcr die Bewertung von Unternehmensstrategien verf\u00fcgt \u00fcber umfassende Branchenkenntnisse und bietet Einblicke in die Marktdynamik, die Strategien der Wettbewerber und neue Trends. Dank dieser Branchenkenntnisse kann das Unternehmen die Leistung eines Unternehmens anhand bew\u00e4hrter Verfahren vergleichen und neue M\u00f6glichkeiten zur Differenzierung erkennen.&nbsp;<\/p>\n\n\n\n<p><strong>Identifizierung von Wachstumschancen und Risikominimierung<\/strong><strong><br><\/strong>Eine effektive Strategiebewertung beurteilt die aktuelle Leistung und identifiziert zuk\u00fcnftige Wachstumschancen und potenzielle Risiken. Spezialisierte Unternehmen wie SIS bewerten die Machbarkeit der Erschlie\u00dfung neuer M\u00e4rkte, der Diversifizierung des Produktangebots oder der Verbesserung der Betriebseffizienz. Gleichzeitig analysieren sie Risikofaktoren, die den langfristigen Erfolg beeintr\u00e4chtigen k\u00f6nnten, wie etwa regulatorische Herausforderungen oder Ver\u00e4nderungen der Kundennachfrage.&nbsp;<\/p>\n\n\n\n<p><strong>Verbesserte strategische Ausrichtung und Rechenschaftspflicht<\/strong><strong><br><\/strong>Die Zusammenarbeit mit einem Expertenunternehmen stellt sicher, dass die strategischen Ziele eines Unternehmens eng mit dem Tagesgesch\u00e4ft \u00fcbereinstimmen, und f\u00f6rdert eine Kultur der Verantwortlichkeit auf allen Ebenen. Ein erstklassiges Unternehmen zur Bewertung von Unternehmensstrategien kann dabei helfen, klare, messbare Ziele festzulegen, die mit individuellen und abteilungsbezogenen KPIs verkn\u00fcpft sind, und so sicherstellen, dass jeder innerhalb der Organisation mit der \u00fcbergreifenden Vision des Unternehmens \u00fcbereinstimmt.&nbsp;<\/p>\n\n\n\n<h2 class=\"wp-block-heading\">So w\u00e4hlen Sie das beste Unternehmen f\u00fcr die Bewertung von Unternehmensstrategien aus<\/h2>\n\n\n\n<p>Choosing the right corporate <a href=\"https:\/\/www.sisinternational.com\/de\/soziale-medien-in-kleinen-unternehmen\/\" title=\"Social-Media-Strategien f\u00fcr kleine Unternehmen\"  data-wpil-monitor-id=\"2230\">strategy evaluation firm<\/a> is a critical decision that can impact your business. Here are some key factors to consider:<\/p>\n\n\n\n<p><\/p>\n\n\n\n<figure class=\"gb-block-image gb-block-image-62530ce5\"><img loading=\"lazy\" decoding=\"async\" width=\"1456\" height=\"816\" class=\"gb-image gb-image-62530ce5\" src=\"https:\/\/www.sisinternational.com\/wp-content\/uploads\/2025\/09\/New-York-9.jpg\" alt=\"SIS International Marktforschung &amp; Strategie\" title=\"New York (9)\" srcset=\"https:\/\/www.sisinternational.com\/wp-content\/uploads\/2025\/09\/New-York-9.jpg 1456w, https:\/\/www.sisinternational.com\/wp-content\/uploads\/2025\/09\/New-York-9-300x168.jpg 300w, https:\/\/www.sisinternational.com\/wp-content\/uploads\/2025\/09\/New-York-9-1024x574.jpg 1024w, https:\/\/www.sisinternational.com\/wp-content\/uploads\/2025\/09\/New-York-9-768x430.jpg 768w, https:\/\/www.sisinternational.com\/wp-content\/uploads\/2025\/09\/New-York-9-18x10.jpg 18w\" sizes=\"auto, (max-width: 1456px) 100vw, 1456px\"><\/figure>\n\n\n\n<p><\/p>\n\n\n\n<ul class=\"wp-block-list\">\n<li><strong>Erfahrung<\/strong>: Suchen Sie nach einem Unternehmen mit umfassender Erfahrung in Ihrer Branche. Dank ihrer Marktkenntnis k\u00f6nnen sie relevantere und praktischere Empfehlungen geben.<\/li>\n\n\n\n<li><strong>Kundenbewertungen<\/strong>: Kundenreferenzen und Erfolgsgeschichten k\u00f6nnen wertvolle Einblicke in die F\u00e4higkeiten des Unternehmens und die Ergebnisse geben, die es f\u00fcr andere Unternehmen erzielt hat.<\/li>\n\n\n\n<li><strong>Branchenexpertise<\/strong>: Top-Unternehmen verf\u00fcgen \u00fcber Fachwissen in verschiedenen Sektoren und k\u00f6nnen Ihnen ma\u00dfgeschneiderte Empfehlungen geben, die auf die Bed\u00fcrfnisse Ihrer Branche abgestimmt sind.<\/li>\n\n\n\n<li><strong>Ma\u00dfgeschneiderte Serviceangebote<\/strong>: Die besten Firmen zur Bewertung von Unternehmensstrategien bieten ma\u00dfgeschneiderte L\u00f6sungen und erkennen dabei an, dass jedes Unternehmen einzigartig ist und einen ma\u00dfgeschneiderten Ansatz erfordert.<\/li>\n<\/ul>\n\n\n\n<h2 class=\"wp-block-heading\">Warum SIS International das beste Unternehmen zur Bewertung von Unternehmensstrategien f\u00fcr Ihr Unternehmen ist<\/h2>\n\n\n\n<p>Es kann eine Herausforderung sein, den richtigen Partner zu finden, der Sie bei der Bewertung und Verfeinerung Ihrer Unternehmensstrategien auf einem \u00fcberf\u00fcllten Markt unterst\u00fctzt. <a href=\"https:\/\/www.linkedin.com\/company\/sisinternationalresearch\/\" target=\"_blank\" rel=\"noopener\">SIS International<\/a> sticht als f\u00fchrendes Unternehmen f\u00fcr die Bewertung von Unternehmensstrategien durch seinen einzigartigen Ansatz hervor, der tiefgreifende Branchenkenntnisse, kosteng\u00fcnstige, ma\u00dfgeschneiderte L\u00f6sungen und umfassende Marktkenntnisse vereint.&nbsp;<\/p>\n\n\n<p>\n\n\n<\/p>\n<h4 class=\"wp-block-heading\" style=\"padding-left: 40px;\"><strong>Umfangreiche Erfahrung und Branchenkenntnisse<\/strong><\/h4>\n<p style=\"padding-left: 40px;\">\n\n\n\n<\/p>\n<p style=\"padding-left: 40px;\">Bei <a href=\"https:\/\/twitter.com\/SISIntlResearch\" target=\"_blank\" rel=\"noopener\">SIS<\/a>Wir bringen jahrzehntelange Erfahrung in verschiedenen Branchen mit. Unser Expertenteam verf\u00fcgt \u00fcber ein tiefes Verst\u00e4ndnis verschiedener Sektoren, sodass wir hochrelevante Erkenntnisse f\u00fcr Ihre Gesch\u00e4ftsanforderungen liefern k\u00f6nnen.\u00a0<\/p>\n<p style=\"padding-left: 40px;\">\n\n\n\n<\/p>\n<h4 class=\"wp-block-heading\" style=\"padding-left: 40px;\"><strong>Erschwingliche und ma\u00dfgeschneiderte L\u00f6sungen<\/strong><\/h4>\n<p style=\"padding-left: 40px;\">\n\n\n\n<\/p>\n<p style=\"padding-left: 40px;\">SIS International bietet ma\u00dfgeschneiderte L\u00f6sungen, die erschwinglich sind, ohne Kompromisse bei der Qualit\u00e4t einzugehen. Unsere Preismodelle sind transparent und unsere Dienstleistungen sind so konzipiert, dass sie in Ihr Budget passen und gleichzeitig maximalen Nutzen bieten. Wir arbeiten eng mit Ihnen zusammen, um effektive und finanziell tragf\u00e4hige Strategien zu entwickeln, die Ihnen helfen, Ihre Gesch\u00e4ftsziele zu erreichen, ohne Ihre Ressourcen zu \u00fcberfordern.<\/p>\n<p style=\"padding-left: 40px;\">\n\n\n\n<\/p>\n<h4 class=\"wp-block-heading\" style=\"padding-left: 40px;\"><strong>Umfassende Markteinblicke<\/strong><\/h4>\n<p style=\"padding-left: 40px;\">\n\n\n\n<\/p>\n<p style=\"padding-left: 40px;\">Wir nutzen fortschrittliche Datenanalysen und eingehende Recherchen, um Ihnen ein klares Verst\u00e4ndnis Ihrer Marktposition zu verschaffen. Durch die Analyse von Markttrends, Verbraucherverhalten und Aktivit\u00e4ten der Konkurrenz helfen wir Ihnen, fundierte Entscheidungen zu treffen, die Ihre strategische Ausrichtung verbessern.\u00a0<\/p>\n<p style=\"padding-left: 40px;\">\n\n\n\n<\/p>\n<h4 class=\"wp-block-heading\" style=\"padding-left: 40px;\"><strong>Bew\u00e4hrte Methoden f\u00fcr strategischen Erfolg<\/strong><\/h4>\n<p style=\"padding-left: 40px;\">\n\n\n\n<\/p>\n<p style=\"padding-left: 40px;\">SIS International verwendet bew\u00e4hrte Methoden, die durch jahrelange Erfahrung verfeinert wurden. Unsere Strategiepr\u00fcfungen, Leistungsbewertungen und Wachstumspotenzialanalysen sollen umsetzbare Erkenntnisse liefern, die zu messbaren Verbesserungen f\u00fchren.\u00a0<\/p>\n<p style=\"padding-left: 40px;\">\n\n\n\n<\/p>\n<h4 class=\"wp-block-heading\" style=\"padding-left: 40px;\"><strong>Kundenzentrierter Ansatz<\/strong><\/h4>\n<p style=\"padding-left: 40px;\">\n\n\n\n<\/p>\n<p style=\"padding-left: 40px;\">Bei SIS International verfolgen wir einen kundenorientierten Ansatz und stellen sicher, dass alle Empfehlungen auf Ihre individuellen Gesch\u00e4ftsanforderungen abgestimmt sind. Wir wissen, dass keine zwei Unternehmen gleich sind, und unsere L\u00f6sungen sind auf Ihre spezifischen Herausforderungen und Chancen zugeschnitten. Wir arbeiten eng mit Ihrem Team zusammen, um praktische, umsetzbare und ma\u00dfgeschneiderte Strategien zu entwickeln, die den Erfolg vorantreiben.<\/p>\n<p style=\"padding-left: 40px;\">\n\n\n\n<\/p>\n<h4 class=\"wp-block-heading\" style=\"padding-left: 40px;\"><strong>Langfristige Unterst\u00fctzung und Partnerschaft<\/strong><\/h4>\n<p style=\"padding-left: 40px;\">\n\n\n\n<\/p>\n<p style=\"padding-left: 40px;\"><a href=\"https:\/\/medium.com\/@sisinternational\/sis-international-c17160da8fac\" target=\"_blank\" rel=\"noopener\">SIS<\/a> bietet kontinuierliche Unterst\u00fctzung, um sicherzustellen, dass Ihre Unternehmensstrategien wirksam bleiben und sich an die sich \u00e4ndernde Marktdynamik anpassen lassen. Wir wissen, dass sich das Gesch\u00e4ftsumfeld st\u00e4ndig weiterentwickelt, und wir m\u00f6chten Ihnen dabei helfen, diese Ver\u00e4nderungen zu meistern. Unser langfristiger Partnerschaftsansatz bedeutet, dass wir immer zur Verf\u00fcgung stehen, um Beratung zu bieten, Anpassungen vorzunehmen und sicherzustellen, dass Ihre Strategien weiterhin Ergebnisse liefern.\u00a0<\/p>\n<p>\n\n\n<\/p>\n\n\n<h2 class=\"wp-block-heading\">\u00dcber SIS International<\/h2>\n\n\n\n<p><a href=\"https:\/\/www.sisinternational.com\/de\/\">SIS International<\/a> bietet quantitative, qualitative und strategische Forschung an. Wir liefern Daten, Tools, Strategien, Berichte und Erkenntnisse zur Entscheidungsfindung. Wir f\u00fchren auch Interviews, Umfragen, Fokusgruppen und andere Methoden und Ans\u00e4tze der Marktforschung durch.<a href=\"https:\/\/www.sisinternational.com\/de\/uber-sis-international-research\/contact-sis-international-market-research\/\"> Kontakt<\/a> f\u00fcr Ihr n\u00e4chstes Marktforschungsprojekt.<\/p>\n\n\n\n<p><br><\/p>\n\n\n\n<p><\/p>","protected":false},"excerpt":{"rendered":"<p>Top Corporate Strategy Evaluation Firm Engaging a top corporate strategy evaluation firm helps businesses adapt to market changes, optimize resources, and maintain a competitive edge in their industry. The effectiveness of a corporate strategy can make or break a business. By working with a top corporate strategy evaluation firm, you can ensure that your strategic &#8230; <a title=\"F\u00fchrendes Unternehmen f\u00fcr die Bewertung von Unternehmensstrategien\" class=\"read-more\" href=\"https:\/\/www.sisinternational.com\/de\/losungen\/strategieberatung\/top-unternehmen-fur-die-bewertung-von-unternehmensstrategien\/\" aria-label=\"Mehr Informationen \u00fcber Top Corporate Strategy Evaluation Firm\">Weiterlesen \u2026<\/a><\/p>","protected":false},"author":1,"featured_media":66478,"parent":14567,"menu_order":46,"comment_status":"closed","ping_status":"closed","template":"","meta":{"footnotes":""},"class_list":["post-53937","page","type-page","status-publish","has-post-thumbnail"],"_links":{"self":[{"href":"https:\/\/www.sisinternational.com\/de\/wp-json\/wp\/v2\/pages\/53937","targetHints":{"allow":["GET"]}}],"collection":[{"href":"https:\/\/www.sisinternational.com\/de\/wp-json\/wp\/v2\/pages"}],"about":[{"href":"https:\/\/www.sisinternational.com\/de\/wp-json\/wp\/v2\/types\/page"}],"author":[{"embeddable":true,"href":"https:\/\/www.sisinternational.com\/de\/wp-json\/wp\/v2\/users\/1"}],"replies":[{"embeddable":true,"href":"https:\/\/www.sisinternational.com\/de\/wp-json\/wp\/v2\/comments?post=53937"}],"version-history":[{"count":10,"href":"https:\/\/www.sisinternational.com\/de\/wp-json\/wp\/v2\/pages\/53937\/revisions"}],"predecessor-version":[{"id":76590,"href":"https:\/\/www.sisinternational.com\/de\/wp-json\/wp\/v2\/pages\/53937\/revisions\/76590"}],"up":[{"embeddable":true,"href":"https:\/\/www.sisinternational.com\/de\/wp-json\/wp\/v2\/pages\/14567"}],"wp:featuredmedia":[{"embeddable":true,"href":"https:\/\/www.sisinternational.com\/de\/wp-json\/wp\/v2\/media\/66478"}],"wp:attachment":[{"href":"https:\/\/www.sisinternational.com\/de\/wp-json\/wp\/v2\/media?parent=53937"}],"curies":[{"name":"wp","href":"https:\/\/api.w.org\/{rel}","templated":true}]}}