{"id":53931,"date":"2024-11-05T05:43:41","date_gmt":"2024-11-05T10:43:41","guid":{"rendered":"https:\/\/www.sisinternational.com\/?page_id=53931"},"modified":"2026-03-05T23:20:17","modified_gmt":"2026-03-06T04:20:17","slug":"b2b-leadgenerierung-marktforschung","status":"publish","type":"page","link":"https:\/\/www.sisinternational.com\/de\/losungen\/b2b-marktforschung\/b2b-leadgenerierung-marktforschung\/","title":{"rendered":"Marktforschung zur B2B-Leadgenerierung"},"content":{"rendered":"<h1 class=\"gb-headline gb-headline-6e378fd1 gb-headline-text\">Marktforschung zur B2B-Leadgenerierung<\/h1>\n\n\n\n<figure class=\"gb-block-image gb-block-image-fe9a1c98\"><img loading=\"lazy\" decoding=\"async\" width=\"1456\" height=\"816\" class=\"gb-image gb-image-fe9a1c98\" src=\"https:\/\/www.sisinternational.com\/wp-content\/uploads\/2025\/08\/CEO-CIO-manager-6.jpg\" alt=\"SIS International Marktforschung &amp; Strategie\" title=\"CEO CIO manager (6)\" srcset=\"https:\/\/www.sisinternational.com\/wp-content\/uploads\/2025\/08\/CEO-CIO-manager-6.jpg 1456w, https:\/\/www.sisinternational.com\/wp-content\/uploads\/2025\/08\/CEO-CIO-manager-6-300x168.jpg 300w, https:\/\/www.sisinternational.com\/wp-content\/uploads\/2025\/08\/CEO-CIO-manager-6-1024x574.jpg 1024w, https:\/\/www.sisinternational.com\/wp-content\/uploads\/2025\/08\/CEO-CIO-manager-6-768x430.jpg 768w, https:\/\/www.sisinternational.com\/wp-content\/uploads\/2025\/08\/CEO-CIO-manager-6-18x10.jpg 18w\" sizes=\"auto, (max-width: 1456px) 100vw, 1456px\"><\/figure>\n\n\n\n<p><\/p>\n\n\n\n<hr class=\"wp-block-separator has-alpha-channel-opacity\"\/>\n\n\n\n<h3 class=\"wp-block-heading\">Marktforschung zur B2B-Leadgenerierung liefert wichtige Daten, die Unternehmen dabei unterst\u00fctzen, potenzielle Kunden effektiv anzusprechen<\/h3>\n\n\n\n<p>Wie gewinnen f\u00fchrende Unternehmen im heutigen Wettbewerbsumfeld die Aufmerksamkeit anderer Unternehmen? Marktforschung zur B2B-Leadgenerierung beantwortet diese Frage und liefert Erkenntnisse f\u00fcr die Entwicklung effektiver Lead-Strategien.<\/p>\n\n\n\n<h2 class=\"wp-block-heading\">Was ist Marktforschung zur B2B-Lead-Generierung?<\/h2>\n\n\n\n<p>B2B lead generation market research gathers industry trends, customer demographics, and competitor activities to create effective strategies for capturing high-quality leads. <\/p>\n\n\n\n<h2 class=\"wp-block-heading\">Warum ben\u00f6tigen Unternehmen Marktforschung zur B2B-Lead-Generierung?<\/h2>\n\n\n\n<p>B2B Leadgenerierung <a href=\"https:\/\/www.linkedin.com\/pulse\/how-market-research-enables-growth-ruth-stanat-phekf\/\" target=\"_blank\" rel=\"noopener\">Marktforschung<\/a> geht \u00fcber das Sammeln von Kontaktinformationen hinaus; es liefert Unternehmen Einblicke in Branchentrends, K\u00e4uferverhalten und Wettbewerbsstrategien und bildet die Grundlage f\u00fcr effektivere Strategien zur Lead-Generierung. Aus diesen Gr\u00fcnden ist diese Recherche unverzichtbar:<\/p>\n\n\n\n<p><\/p>\n\n\n\n<figure class=\"gb-block-image gb-block-image-dacd5a26\"><img loading=\"lazy\" decoding=\"async\" width=\"674\" height=\"757\" class=\"gb-image gb-image-dacd5a26\" src=\"https:\/\/www.sisinternational.com\/wp-content\/uploads\/2024\/11\/B2B.png\" alt=\"SIS International Marktforschung &amp; Strategie\" title=\"B2B\" srcset=\"https:\/\/www.sisinternational.com\/wp-content\/uploads\/2024\/11\/B2B.png 674w, https:\/\/www.sisinternational.com\/wp-content\/uploads\/2024\/11\/B2B-267x300.png 267w, https:\/\/www.sisinternational.com\/wp-content\/uploads\/2024\/11\/B2B-11x12.png 11w\" sizes=\"auto, (max-width: 674px) 100vw, 674px\"><\/figure>\n\n\n\n<ol class=\"wp-block-list\">\n<li><strong>Navigieren durch komplexe K\u00e4uferreisen:<br><br><\/strong>Unlike in B2C, where buyers often make decisions independently, B2B transactions involve multiple stakeholders, each with unique priorities and decision-making powers. Identifying who holds the final say and understanding their specific pain points can be challenging without thorough research. <a href=\"https:\/\/www.sisinternational.com\/de\/losungen\/b2b-marktforschung\/best-practices-for-b2b-market-research\/\" title=\"Best Practices for B2B Market Research\" data-wpil-monitor-id=\"1794\">B2B lead generation market research<\/a> helps businesses map out these buyer journeys, ensuring that outreach efforts are aligned with each stakeholder&#8217;s needs and decision-making processes.<br><br><\/li>\n\n\n\n<li><strong>K\u00e4uferabsicht und -verhalten verstehen:<br><br><\/strong>In the B2B arena, buyers are typically more methodical, conducting extensive research before engaging with potential vendors. Businesses need to understand what motivates these buyers, the problems they\u2019re looking to solve, and the solutions they prioritize. Through B2B lead <a href=\"https:\/\/www.sisinternational.com\/de\/losungen\/ai-marktforschung-und-strategieberatung\/generative-ki-marktforschung\/\" title=\"Generative KI-Marktforschung\" data-wpil-monitor-id=\"2022\">generation market research<\/a>, companies gain insights into buyer intent and behavior, enabling them to craft messaging that resonates with prospective clients at every stage of their journey\u2014from awareness to decision-making.<br><br><\/li>\n\n\n\n<li><strong>Verbesserung der Conversion-Raten durch Personalisierung:<br><br><\/strong>The B2B space is highly competitive, with multiple players vying for the same client base. For businesses to stand out, they must offer personalized experiences that address the specific needs of potential clients. <a href=\"https:\/\/www.sisinternational.com\/de\/komplexitat-des-b2b-marketings\/\" title=\"Was ist B2B-Marketing?\" data-wpil-monitor-id=\"2211\">B2B lead generation market<\/a> research provides the data necessary to understand individual preferences, industry-specific challenges, and potential pain points, allowing companies to tailor their approach.<br><br><\/li>\n\n\n\n<li><strong>Verk\u00fcrzung des Verkaufszyklus:<br><br><\/strong>B2B sales cycles are often lengthy due to the complexity of the buying process and the need for stakeholder alignment. <a href=\"https:\/\/www.sisinternational.com\/de\/business-to-business-segmentierung\/\" title=\"Business-to-Business-Marktsegmentierung\" data-wpil-monitor-id=\"2579\">B2B lead generation market<\/a> research provides insights that help businesses streamline their approach, presenting solutions that address clients\u2019 needs and proactively addressing objections.<br><br><\/li>\n\n\n\n<li><strong>Der Konkurrenz immer einen Schritt voraus:<br><br><\/strong>In the B2B market, monitoring competitor strategies is essential for maintaining a competitive edge. <a href=\"https:\/\/www.sisinternational.com\/de\/b2b-marketing-china\/\" title=\"B2B-Marketing in China\" data-wpil-monitor-id=\"2614\">B2B lead generation market<\/a> research includes competitive analysis, allowing businesses to identify what their competitors offer, how they position themselves, and which areas they may neglect. With this information, companies can identify gaps in the market, develop unique selling propositions, and anticipate market shifts before they occur.<br><br><\/li>\n\n\n\n<li><strong>Vorwegnahme von Branchen\u00e4nderungen und Trends:<\/strong><strong><br><\/strong><strong><br><\/strong>The B2B landscape continually evolves, changing technology, regulations, and customer expectations. Businesses that stay informed on industry trends are better positioned to adjust their strategies and maintain relevance. <a href=\"https:\/\/www.sisinternational.com\/de\/top-unternehmen-fur-b2b-nachfragegenerierung\/\" title=\"Top-Unternehmen f\u00fcr B2B-Nachfragegenerierung\" data-wpil-monitor-id=\"1402\">B2B lead generation market research helps companies<\/a> keep a pulse on these trends, enabling them to adapt and proactively address new challenges or capitalize on emerging opportunities.<\/li>\n<\/ol>\n\n\n\n<h2 class=\"wp-block-heading\">Unser aktueller Markt\u00fcberblick und unsere Empfehlungen<\/h2>\n\n\n\n<p>Wir erkennen, dass sich die Landschaft der B2B-Leadgenerierung ver\u00e4ndert, wobei digitale Kan\u00e4le und Datenanalysen f\u00fcr erfolgreiche Leadgenerierungsstrategien von zentraler Bedeutung werden. Da Unternehmen sich darauf konzentrieren, Entscheidungstr\u00e4ger direkt zu erreichen, sind datengesteuerte Erkenntnisse f\u00fcr die Personalisierung und effektive Ausrichtung von Outreach-Bem\u00fchungen von entscheidender Bedeutung geworden.<\/p>\n\n\n\n<p>Based on our analysis, we recommend that businesses focus on leveraging AI and machine learning to enhance their lead-generation campaigns. By automating tasks like lead scoring and segmenting audiences, companies can allocate resources more efficiently and engage with higher-quality prospects. Additionally, incorporating omnichannel strategies\u2014such as LinkedIn outreach, email marketing, and webinars\u2014can expand reach and create a cohesive, impactful presence.<\/p>\n\n\n\n<p>Our approach to <a href=\"https:\/\/www.sisinternational.com\/de\/wahrnehmungen-in-b2b-markten-nutzen\/\" title=\"B2B Stakeholder-Marktforschung\" data-wpil-monitor-id=\"2717\">B2B lead generation market research<\/a> equips businesses with these insights, enabling them to remain agile and responsive in a competitive environment. <\/p>\n\n\n\n<figure class=\"gb-block-image gb-block-image-cc4fbe4c\"><img loading=\"lazy\" decoding=\"async\" width=\"1456\" height=\"816\" class=\"gb-image gb-image-cc4fbe4c\" src=\"https:\/\/www.sisinternational.com\/wp-content\/uploads\/2025\/08\/Retail-26.jpg\" alt=\"SIS International Marktforschung &amp; Strategie\" title=\"Retail (26)\" srcset=\"https:\/\/www.sisinternational.com\/wp-content\/uploads\/2025\/08\/Retail-26.jpg 1456w, https:\/\/www.sisinternational.com\/wp-content\/uploads\/2025\/08\/Retail-26-300x168.jpg 300w, https:\/\/www.sisinternational.com\/wp-content\/uploads\/2025\/08\/Retail-26-1024x574.jpg 1024w, https:\/\/www.sisinternational.com\/wp-content\/uploads\/2025\/08\/Retail-26-768x430.jpg 768w, https:\/\/www.sisinternational.com\/wp-content\/uploads\/2025\/08\/Retail-26-18x10.jpg 18w\" sizes=\"auto, (max-width: 1456px) 100vw, 1456px\"><\/figure>\n\n\n\n<p><\/p>\n\n\n\n<h2 class=\"wp-block-heading\">Marktf\u00fchrer<\/h2>\n\n\n\n<p>Several factors fuel the ongoing development and success of B2B lead <a href=\"https:\/\/www.sisinternational.com\/de\/sachverstand\/branchen\/marktforschung-zur-stromerzeugung\/\" title=\"Marktforschung zur Stromerzeugung\" data-wpil-monitor-id=\"3043\">generation market research<\/a>, helping businesses stay competitive and responsive to market demands. Here are seven crucial market drivers:<\/p>\n\n\n\n<ol class=\"wp-block-list\">\n<li><strong>Technische Innovation:<\/strong> Fortschritte im Bereich KI und maschinelles Lernen verbessern die Lead-Bewertung und Kundensegmentierung.<\/li>\n\n\n\n<li><strong>Datengesteuerte Entscheidungsfindung:<\/strong> Durch den Zugriff auf umfassende Datenanalysen k\u00f6nnen Unternehmen ihre Ma\u00dfnahmen zur Lead-Generierung auf der Grundlage spezifischer Erkenntnisse ma\u00dfschneidern.<\/li>\n\n\n\n<li><strong>Nachfrage nach Personalisierung:<\/strong> Personalisierte Inhalte f\u00f6rdern st\u00e4rkere Kundenbeziehungen und erh\u00f6hen die Wahrscheinlichkeit einer Konvertierung.<\/li>\n\n\n\n<li><strong>Aufstieg der digitalen Kan\u00e4le:<\/strong> Digitale Plattformen wie LinkedIn und E-Mail erm\u00f6glichen eine gezieltere Ansprache.<\/li>\n\n\n\n<li><strong>Erh\u00f6hter Fokus auf den ROI:<\/strong> Unternehmen priorisieren Strategien mit messbarem Ertrag und legen Wert auf eine effiziente Lead-Generierung.<\/li>\n\n\n\n<li><strong>\u00c4ndern der K\u00e4uferpr\u00e4ferenzen:<\/strong> K\u00e4ufer legen heutzutage Wert auf Authentizit\u00e4t und Transparenz, was die Art und Weise beeinflusst, wie Unternehmen bei der Lead-Generierung vorgehen.<\/li>\n\n\n\n<li><strong>Globale Marktexpansion:<\/strong> Im Zuge der Globalisierung der M\u00e4rkte wird die Forschung zur Lead-Generierung angepasst, um potenzielle Kunden in neuen Regionen und Branchen zu identifizieren.<\/li>\n<\/ol>\n\n\n\n<h2 class=\"wp-block-heading\">Marktbeschr\u00e4nkungen<\/h2>\n\n\n\n<figure class=\"gb-block-image gb-block-image-cf533bbe\"><img loading=\"lazy\" decoding=\"async\" width=\"1456\" height=\"816\" class=\"gb-image gb-image-cf533bbe\" src=\"https:\/\/www.sisinternational.com\/wp-content\/uploads\/2025\/09\/Quantitative-research-13.jpg\" alt=\"SIS International Marktforschung &amp; Strategie\" title=\"Quantitative research (13)\" srcset=\"https:\/\/www.sisinternational.com\/wp-content\/uploads\/2025\/09\/Quantitative-research-13.jpg 1456w, https:\/\/www.sisinternational.com\/wp-content\/uploads\/2025\/09\/Quantitative-research-13-300x168.jpg 300w, https:\/\/www.sisinternational.com\/wp-content\/uploads\/2025\/09\/Quantitative-research-13-1024x574.jpg 1024w, https:\/\/www.sisinternational.com\/wp-content\/uploads\/2025\/09\/Quantitative-research-13-768x430.jpg 768w, https:\/\/www.sisinternational.com\/wp-content\/uploads\/2025\/09\/Quantitative-research-13-18x10.jpg 18w\" sizes=\"auto, (max-width: 1456px) 100vw, 1456px\"><\/figure>\n\n\n\n<p><\/p>\n\n\n\n<p>Despite the opportunities, businesses often face significant challenges in executing effective <a href=\"https:\/\/www.sisinternational.com\/de\/b2b-markenpositionierung-und-verfolgung\/\" title=\"B2B-Marktpositionierung und Markenforschung\" data-wpil-monitor-id=\"4332\">B2B lead generation market research<\/a>. Here are seven market restraints that can hinder success:<\/p>\n\n\n\n<ol class=\"wp-block-list\">\n<li><strong>Einhaltung gesetzlicher Vorschriften:<\/strong> Die Einhaltung von Datenschutzgesetzen kann den Zugriff auf potenzielle Leads einschr\u00e4nken.<\/li>\n\n\n\n<li><strong>Datenqualit\u00e4t und Zug\u00e4nglichkeit:<\/strong> Ungenaue oder unvollst\u00e4ndige Daten verringern die Effektivit\u00e4t der Lead-Generierung.<\/li>\n\n\n\n<li><strong>Hoher Wettbewerb:<\/strong> Ges\u00e4ttigte M\u00e4rkte machen es f\u00fcr Unternehmen schwierig, sich abzuheben und Aufmerksamkeit zu erregen.<\/li>\n\n\n\n<li><strong>Lange Verkaufszyklen:<\/strong> Langwierige Kaufprozesse erschweren die Lead-Nurturing-Bem\u00fchungen.<\/li>\n\n\n\n<li><strong>Ressourcenbeschr\u00e4nkungen:<\/strong> Small businesses may struggle with the costs associated with extensive <a href=\"https:\/\/www.sisinternational.com\/de\/sachverstand\/branchen\/marktforschung-fur-kleine-und-mittlere-unternehmen\/\" title=\"Marktforschung f\u00fcr kleine und mittlere Unternehmen\" data-wpil-monitor-id=\"3147\">Marktforschung<\/a>.<\/li>\n\n\n\n<li><strong>Shifting <\/strong><a href=\"https:\/\/www.sisinternational.com\/de\/sachverstand\/branchen\/marktforschung-zur-kauferabsicht\/\" title=\"Marktforschung zur K\u00e4uferabsicht\" data-wpil-monitor-id=\"7162\">Market Trends: Rapid changes in buyer<\/a> behavior demand constant strategy updates.<\/li>\n\n\n\n<li><strong>Technologische Barrieren:<\/strong> Nicht alle Unternehmen verf\u00fcgen \u00fcber die Tools, um Datenanalyse und Automatisierung zur Lead-Generierung zu nutzen.<\/li>\n<\/ol>\n\n\n\n<h3 class=\"wp-block-heading\"><strong>Warum ist SIS International ein f\u00fchrendes Marktforschungsunternehmen zur B2B-Lead-Generierung?<\/strong><\/h3>\n\n\n\n<p>SIS International ist ein vertrauensw\u00fcrdiger Marktf\u00fchrer im Bereich Marktforschung und bekannt f\u00fcr seine Expertise in B2B-Lead-Generierungsstrategien, die Unternehmen dabei helfen, in einem wettbewerbsintensiven Umfeld erfolgreich zu sein. Mit einem umfassenden Verst\u00e4ndnis der Marktdynamik und dem Engagement, umsetzbare Erkenntnisse zu liefern, unterst\u00fctzt SIS Unternehmen bei der Entwicklung robuster Lead-Generierungspl\u00e4ne, die das richtige Publikum ansprechen und sinnvolle Verbindungen herstellen.<\/p>\n\n\n\n<p>Here\u2019s why SIS International stands out as a top <a href=\"https:\/\/www.sisinternational.com\/de\/losungen\/qualitative-quantitative-forschungslosungen\/discrete-choice-in-market-research\/\" title=\"Discrete Choice in Market Research\" data-wpil-monitor-id=\"914\">choice for B2B lead generation market research<\/a>:<\/p>\n\n\n<p>\n\n\n<\/p>\n<p style=\"padding-left: 40px;\"><strong>Wir passen unsere Forschung an:<br \/><br \/><\/strong><a href=\"https:\/\/www.linkedin.com\/company\/sisinternationalresearch\/\" target=\"_blank\" rel=\"noopener\">SIS International<\/a> passt seine Forschungsstrategien an die spezifischen Bed\u00fcrfnisse jedes Kunden an und stellt sicher, dass die Ergebnisse relevant und direkt anwendbar sind. Durch die Konzentration auf branchenspezifische Erkenntnisse erm\u00f6glicht SIS Unternehmen, ihren Zielmarkt besser zu verstehen und anzusprechen, wodurch die Lead-Qualit\u00e4t und die Konversionsraten verbessert werden.<\/p>\n<p>\n\n\n\n<\/p>\n<p style=\"padding-left: 40px;\"><strong>Unser datengesteuerter Ansatz:<\/strong><strong><br \/><\/strong><strong><br \/><\/strong>Unser Team nutzt fortschrittliche Datenanalyse- und maschinelle Lerntools, um pr\u00e4zise, umsetzbare Erkenntnisse zu liefern, die die B2B-Lead-Generierung verbessern. Wir sammeln umfangreiche Datenpunkte, um Kundenverhalten und Trends zu verstehen, sodass unsere Kunden ihre Strategien auf handfesten Beweisen statt auf Annahmen aufbauen k\u00f6nnen.<\/p>\n<p style=\"padding-left: 40px;\">\n\n\n\n<\/p>\n<p style=\"padding-left: 40px;\"><strong>Globale Reichweite von SIS International:<\/strong><strong><br \/><\/strong><strong><br \/><\/strong>Mit einer starken Pr\u00e4senz in mehreren Regionen, <a href=\"https:\/\/medium.com\/@sisinternational\/sis-international-c17160da8fac\" target=\"_blank\" rel=\"noopener\">SIS<\/a> offers clients a global perspective. This international reach is invaluable for businesses seeking to expand their lead <a href=\"https:\/\/www.sisinternational.com\/de\/veroffentlichungen\/generation-alpha-marktforschung\/\" title=\"Generation Alpha Marktforschung\" data-wpil-monitor-id=\"6662\">generation efforts into new and emerging markets<\/a>, giving them a competitive edge with localized insights.<\/p>\n<p style=\"padding-left: 40px;\">\n\n\n\n<\/p>\n<p style=\"padding-left: 40px;\"><strong>Die Zusammenarbeit mit unseren Kunden hat f\u00fcr uns Priorit\u00e4t:<\/strong><strong><br \/><\/strong><strong><br \/><\/strong>SIS glaubt an einen kollaborativen Ansatz. Wir arbeiten eng mit unseren Kunden zusammen, um ihre individuellen Ziele und Vorgaben zu verstehen. Dadurch k\u00f6nnen wir unsere Forschung an den Kundenbed\u00fcrfnissen ausrichten und sofort nutzbare und relevante Erkenntnisse f\u00fcr die strategische Planung liefern.<\/p>\n<p style=\"padding-left: 40px;\">\n\n\n\n<\/p>\n<p style=\"padding-left: 40px;\"><strong>Unser Team liefert Expertenanalysen:<\/strong><strong><br \/><\/strong><strong><br \/><\/strong>Unsere Analysten sind hochqualifiziert darin, wichtige Trends, neue Chancen und potenzielle Herausforderungen in der B2B-Landschaft zu erkennen. Dank dieser Expertise kann SIS differenzierte und aufschlussreiche Analysen liefern, mit denen Kunden ihre Ans\u00e4tze zur Lead-Generierung effektiv verfeinern k\u00f6nnen.<\/p>\n<p style=\"padding-left: 40px;\">\n\n\n\n<\/p>\n<p style=\"padding-left: 40px;\"><strong>SIS legt Wert auf Transparenz und Integrit\u00e4t:<\/strong><strong><br \/><\/strong><strong><br \/><\/strong>Transparenz ist der Kern der Forschungsmethodik von SIS International. Wir liefern klare, unvoreingenommene Daten und Erkenntnisse und geben unseren Kunden die Gewissheit, dass sie ihre Entscheidungen auf vertrauensw\u00fcrdigen Informationen basieren.<\/p>\n<p style=\"padding-left: 40px;\">\n\n\n\n<\/p>\n<p style=\"padding-left: 40px;\"><strong>Unser Engagement f\u00fcr Innovation:<\/strong><strong><br \/><\/strong><strong><br \/><\/strong>SIS International bleibt den Ver\u00e4nderungen in der Branche immer einen Schritt voraus und integriert die neuesten Tools, Methoden und Technologien in unsere Forschung. Durch die kontinuierliche Aktualisierung unserer Praktiken stellen wir sicher, dass unsere Kunden von den aktuellsten verf\u00fcgbaren Erkenntnissen profitieren.<\/p>\n<p style=\"padding-left: 40px;\">\n\n\n\n<\/p>\n<p style=\"padding-left: 40px;\"><strong>Wir bieten eine eingehende Wettbewerbsanalyse:<\/strong><strong><br \/><\/strong><strong><br \/><\/strong>SIS International bietet detaillierte Wettbewerbsanalysen und ermittelt die St\u00e4rken und Schw\u00e4chen der wichtigsten Wettbewerber im B2B-Bereich. Diese Analyse erm\u00f6glicht es den Kunden, ihre Marktposition besser zu verstehen und Lead-Generierungsstrategien zu entwickeln, die sie von der Konkurrenz abheben.<\/p>\n<p style=\"padding-left: 40px;\">\n\n\n\n<\/p>\n<p style=\"padding-left: 40px;\"><strong>Unsere Forschung steigert den ROI:<\/strong><strong><br \/><\/strong><strong><br \/><\/strong>Focused on providing research that generates a tangible return on investment, SIS International designs its <a href=\"https:\/\/www.sisinternational.com\/de\/whitepaper-zur-smb-kommunikationsproblematik-die-versteckten-kosten-von-kommunikationsbarrieren-und-latenzzeiten-werden-aufgedeckt\/\" title=\"Whitepaper zur Kommunikationsproblemstudie f\u00fcr kleine und mittlere Unternehmen (KMU)\" data-wpil-monitor-id=\"4480\">B2B lead generation studies<\/a> to maximize client outcomes. By identifying high-potential leads and advising on targeted outreach strategies, we help clients allocate resources efficiently, driving measurable results.<\/p>\n<p style=\"padding-left: 40px;\">\n\n\n\n<\/p>\n<p style=\"padding-left: 40px;\"><strong>SIS passt sich den Branchen der Kunden an:<\/strong><strong><br \/><\/strong><strong><br \/><\/strong>Jede Branche hat einzigartige Merkmale und Anforderungen. Der Forschungsansatz von SIS International passt sich diesen Besonderheiten an, sei es f\u00fcr Technologie, Gesundheitswesen, Finanzen oder andere Sektoren. Diese Anpassungsf\u00e4higkeit stellt sicher, dass jeder Kunde Erkenntnisse erh\u00e4lt, die direkt auf die einzigartigen Herausforderungen und Chancen seiner Branche eingehen.<\/p>\n<p style=\"padding-left: 40px;\">\n\n\n\n<\/p>\n<p style=\"padding-left: 40px;\"><strong>Unser kundenorientierter Ansatz sorgt f\u00fcr langfristigen Erfolg:<\/strong><strong><br \/><\/strong><strong><br \/><\/strong>SIS International konzentriert sich nicht nur auf die unmittelbaren Bed\u00fcrfnisse bei der Lead-Generierung, sondern auch auf den langfristigen Erfolg. Wir bieten strategische Beratung, die Kunden dabei hilft, eine solide Grundlage f\u00fcr eine nachhaltige Lead-Generierung zu schaffen und sicherzustellen, dass sie auch in Zukunft qualitativ hochwertige Leads gewinnen und binden.<\/p>\n<p style=\"padding-left: 40px;\">\n\n\n\n<\/p>\n<p style=\"padding-left: 40px;\"><strong>Unser <a href=\"https:\/\/www.sisinternational.com\/de\/marktforschung-sharing-economy\/\" title=\"Marktforschung in der Sharing Economy\" data-wpil-monitor-id=\"1932\">Thought Leadership in Market<\/a> Research:As an industry thought leader, SIS International shares valuable insights and trends, helping clients stay informed and responsive to changes in the B2B market. Our forward-thinking approach keeps clients ahead of the curve, ready to capitalize on emerging opportunities in their sectors.<\/p>\n<p>\n\n\n<h2>Unser Standort in New York<\/h2>\n<p><!-- \/wp:post-content --> <!-- wp:html --> <iframe loading=\"lazy\" src=\"https:\/\/www.google.com\/maps\/embed?pb=!1m18!1m12!1m3!1d3022.976188376966!2d-73.99130312499956!3d40.740549471389315!2m3!1f0!2f0!3f0!3m2!1i1024!2i768!4f13.1!3m3!1m2!1s0x89c259a15798c731%3A0xd695d09bdd495f25!2s11%20E%2022nd%20St%20FL%202%2C%20New%20York%2C%20NY%2010010%2C%20USA!5e0!3m2!1sen!2spe!4v1726171763526!5m2!1sen!2spe\" width=\"600\" height=\"450\" allowfullscreen=\"allowfullscreen\" data-mce-fragment=\"1\"><\/iframe> <!-- \/wp:html --> <!-- wp:paragraph --><\/p>\n<h3 class=\"wp-block-heading\">11 E 22nd Street, Floor 2, New York, NY 10010 T: +1(212) 505-6805<\/h3>\n<hr \/>\n<h2><span style=\"font-weight: 400;\">\u00dcber SIS International<\/span><\/h2>\n<p><a href=\"https:\/\/www.sisinternational.com\/de\/\"><span style=\"font-weight: 400;\">SIS International<\/span><\/a><span style=\"font-weight: 400;\"> bietet quantitative, qualitative und strategische Forschung an. Wir liefern Daten, Tools, Strategien, Berichte und Erkenntnisse zur Entscheidungsfindung. Wir f\u00fchren auch Interviews, Umfragen, Fokusgruppen und andere Methoden und Ans\u00e4tze der Marktforschung durch.<\/span><a href=\"https:\/\/www.sisinternational.com\/de\/uber-sis-international-research\/contact-sis-international-market-research\/\"><span style=\"font-weight: 400;\"> Kontakt<\/span><\/a><span style=\"font-weight: 400;\"> f\u00fcr Ihr n\u00e4chstes Marktforschungsprojekt.<\/span><\/p>\n<p><!-- wp:heading --><\/p>\n<h2 class=\"wp-block-heading\"><\/h2>\n<p><!-- \/wp:heading --><\/p>","protected":false},"excerpt":{"rendered":"<p>B2B Lead Generation Market Research B2B lead generation market research provides essential data that guides businesses in targeting prospects effectively How do leading businesses capture the attention of other businesses in today&#8217;s competitive landscape? B2B lead generation market research answers this question, providing insights for creating effective lead strategies. What Is B2B Lead Generation Market &#8230; <a title=\"Marktforschung zur B2B-Leadgenerierung\" class=\"read-more\" href=\"https:\/\/www.sisinternational.com\/de\/losungen\/b2b-marktforschung\/b2b-leadgenerierung-marktforschung\/\" aria-label=\"Mehr Informationen \u00fcber B2B Lead Generation Market Research\">Weiterlesen \u2026<\/a><\/p>","protected":false},"author":1,"featured_media":64028,"parent":11292,"menu_order":10,"comment_status":"closed","ping_status":"closed","template":"","meta":{"footnotes":""},"class_list":["post-53931","page","type-page","status-publish","has-post-thumbnail"],"_links":{"self":[{"href":"https:\/\/www.sisinternational.com\/de\/wp-json\/wp\/v2\/pages\/53931","targetHints":{"allow":["GET"]}}],"collection":[{"href":"https:\/\/www.sisinternational.com\/de\/wp-json\/wp\/v2\/pages"}],"about":[{"href":"https:\/\/www.sisinternational.com\/de\/wp-json\/wp\/v2\/types\/page"}],"author":[{"embeddable":true,"href":"https:\/\/www.sisinternational.com\/de\/wp-json\/wp\/v2\/users\/1"}],"replies":[{"embeddable":true,"href":"https:\/\/www.sisinternational.com\/de\/wp-json\/wp\/v2\/comments?post=53931"}],"version-history":[{"count":25,"href":"https:\/\/www.sisinternational.com\/de\/wp-json\/wp\/v2\/pages\/53931\/revisions"}],"predecessor-version":[{"id":80725,"href":"https:\/\/www.sisinternational.com\/de\/wp-json\/wp\/v2\/pages\/53931\/revisions\/80725"}],"up":[{"embeddable":true,"href":"https:\/\/www.sisinternational.com\/de\/wp-json\/wp\/v2\/pages\/11292"}],"wp:featuredmedia":[{"embeddable":true,"href":"https:\/\/www.sisinternational.com\/de\/wp-json\/wp\/v2\/media\/64028"}],"wp:attachment":[{"href":"https:\/\/www.sisinternational.com\/de\/wp-json\/wp\/v2\/media?parent=53931"}],"curies":[{"name":"wp","href":"https:\/\/api.w.org\/{rel}","templated":true}]}}