{"id":53891,"date":"2024-11-04T14:59:43","date_gmt":"2024-11-04T19:59:43","guid":{"rendered":"https:\/\/www.sisinternational.com\/?page_id=53891"},"modified":"2026-03-05T23:20:39","modified_gmt":"2026-03-06T04:20:39","slug":"top-unternehmen-fur-b2b-nachfragegenerierung","status":"publish","type":"page","link":"https:\/\/www.sisinternational.com\/de\/losungen\/b2b-marktforschung\/top-unternehmen-fur-b2b-nachfragegenerierung\/","title":{"rendered":"Top-Unternehmen f\u00fcr B2B-Nachfragegenerierung"},"content":{"rendered":"<h1 class=\"gb-headline gb-headline-c90e9ae9 gb-headline-text\">Top-Unternehmen f\u00fcr B2B-Nachfragegenerierung<\/h1>\n\n\n\n<figure class=\"gb-block-image gb-block-image-cb579c06\"><img loading=\"lazy\" decoding=\"async\" width=\"1456\" height=\"816\" class=\"gb-image gb-image-cb579c06\" src=\"https:\/\/www.sisinternational.com\/wp-content\/uploads\/2025\/08\/B2Bjpg-8.jpg\" alt=\"SIS International Marktforschung &amp; Strategie\" title=\"B2Bjpg (8)\" srcset=\"https:\/\/www.sisinternational.com\/wp-content\/uploads\/2025\/08\/B2Bjpg-8.jpg 1456w, https:\/\/www.sisinternational.com\/wp-content\/uploads\/2025\/08\/B2Bjpg-8-300x168.jpg 300w, https:\/\/www.sisinternational.com\/wp-content\/uploads\/2025\/08\/B2Bjpg-8-1024x574.jpg 1024w, https:\/\/www.sisinternational.com\/wp-content\/uploads\/2025\/08\/B2Bjpg-8-768x430.jpg 768w, https:\/\/www.sisinternational.com\/wp-content\/uploads\/2025\/08\/B2Bjpg-8-18x10.jpg 18w\" sizes=\"auto, (max-width: 1456px) 100vw, 1456px\"><\/figure>\n\n\n\n<p><\/p>\n\n\n\n<p>Wie kann Ihr Unternehmen in der sich st\u00e4ndig ver\u00e4ndernden Welt des B2B-Marketings der Konkurrenz immer einen Schritt voraus sein? Bei der Nachfragegenerierung geht es darum, Aufmerksamkeit, Interesse und Verlangen nach Ihren Produkten oder Dienstleistungen zu wecken und sicherzustellen, dass Ihr Vertriebstrichter mit hochwertigen Leads gef\u00fcllt bleibt. SIS International gilt als f\u00fchrendes Unternehmen f\u00fcr B2B-Nachfragegenerierung und hilft Unternehmen, ihre Pipeline zu f\u00fcllen und durch gezielte Strategien und datengesteuerte Erkenntnisse nachhaltiges Wachstum zu erzielen.<\/p>\n\n\n\n<h2 class=\"wp-block-heading\"><strong>Was ist ein Top-Unternehmen zur B2B-Nachfragegenerierung?<\/strong><\/h2>\n\n\n\n<p>B2B-Nachfragegenerierung ist ein ganzheitlicher Ansatz, um Markenbekanntheit aufzubauen, potenzielle Kunden anzuziehen und sie w\u00e4hrend ihrer gesamten K\u00e4uferreise zu betreuen. Im Gegensatz zur traditionellen Lead-Generierung konzentriert sich die Nachfragegenerierung darauf, langfristiges Interesse und Engagement zu wecken, Vertrauen aufzubauen und Ihre Marke als Vordenker in Ihrer Branche zu positionieren. Zu den wichtigsten Komponenten der B2B-Nachfragegenerierung geh\u00f6ren:<\/p>\n\n\n\n<ul class=\"wp-block-list\">\n<li><strong>Inhaltsvermarktung<\/strong>: Um Nachfrage zu generieren, ist es wichtig, wertvolle Inhalte zu erstellen und zu verbreiten, die bei Ihrer Zielgruppe Anklang finden.&nbsp;<\/li>\n\n\n\n<li><strong>Account-basiertes Marketing (ABM)<\/strong>: ABM zielt mit personalisierten Kampagnen auf bestimmte hochwertige Konten ab.&nbsp;<\/li>\n\n\n\n<li><strong>Lead Nurturing<\/strong>: Bei der Nachfragegenerierung geht es darum, potenzielle Kunden durch personalisierte Nachfassaktionen und wertvolle Interaktionen zu pflegen, bis sie zum Kauf bereit sind.<\/li>\n\n\n\n<li><strong>Marketing-Automatisierung<\/strong>: SIS International nutzt fortschrittliche Marketing-Automatisierungsplattformen, um Prozesse zu optimieren und sicherzustellen, dass potenzielle Kunden zum richtigen Zeitpunkt angesprochen werden.<\/li>\n\n\n\n<li><strong>Engagement in sozialen Medien<\/strong>: Soziale Medien sind ein wirkungsvolles Instrument zur Nachfragegenerierung und erm\u00f6glichen Unternehmen, ihre Zielgruppe dort zu erreichen, wo diese ihre Zeit verbringt.<\/li>\n<\/ul>\n\n\n\n<h2 class=\"wp-block-heading\"><strong>Der einzigartige Ansatz von SIS International zur B2B-Nachfragegenerierung<\/strong><\/h2>\n\n\n\n<p><a href=\"https:\/\/www.linkedin.com\/company\/sisinternationalresearch\/\" target=\"_blank\" rel=\"noopener\">SIS International<\/a> takes a strategic and personalized approach to<a href=\"https:\/\/sisaisolutions.com\/application-of-ai-in-b2b\/\" target=\"_blank\" rel=\"noopener\"> B2B demand generation<\/a>, focusing on delivering measurable results. Our methods are built on a foundation of data-driven insights, creativity, and customer-centric strategies to ensure our clients achieve the best possible outcomes.<\/p>\n\n\n\n<ul class=\"wp-block-list\">\n<li><strong>Datengesteuertes Targeting<\/strong>: Wir glauben an die Macht der Daten als Entscheidungshilfe. SIS nutzt Datenanalysen, um die vielversprechendsten Interessenten zu identifizieren, die besten Kan\u00e4le zu bestimmen, um sie zu erreichen, und Kampagnen f\u00fcr maximale Wirkung zu optimieren.<\/li>\n\n\n\n<li><strong>Multi-Channel-Kampagnen<\/strong>: Eine effektive Nachfragegenerierung erfordert einen Multi-Channel-Ansatz. Unser Team nutzt einen Mix aus digitalen Kan\u00e4len, darunter E-Mail-Marketing, soziale Medien, Webinare und Content-Marketing, um potenzielle Kunden in verschiedenen Phasen der Buyer Journey zu erreichen.<\/li>\n\n\n\n<li><strong>Content-Strategie<\/strong>: Wir entwickeln umfassende Content-Strategien, die auf die Bed\u00fcrfnisse der Zielgruppe abgestimmt sind, ihre Schwachstellen ansprechen und L\u00f6sungen bieten, die unsere Kunden als vertrauensw\u00fcrdige Experten positionieren.<\/li>\n\n\n\n<li><strong>ABM-Kampagnen<\/strong>: Account-basiertes Marketing ist f\u00fcr unsere Strategie zur Nachfragegenerierung von entscheidender Bedeutung. Indem wir uns auf hochwertige Accounts konzentrieren und personalisierte Erlebnisse schaffen, helfen wir unseren Kunden, h\u00f6here Engagement- und Konversionsraten zu erzielen.<\/li>\n\n\n\n<li><strong>Kontinuierliche Optimierung<\/strong>: Wir \u00fcberwachen kontinuierlich die Kampagnenleistung, analysieren Daten und nehmen Anpassungen vor, um die Ergebnisse zu verbessern und den ROI zu maximieren.<\/li>\n<\/ul>\n\n\n\n<h2 class=\"wp-block-heading\"><strong>Warum sollten Sie sich f\u00fcr SIS International als Ihr f\u00fchrendes Unternehmen zur B2B-Nachfragegenerierung entscheiden?<\/strong><\/h2>\n\n\n\n<p>Die Wahl des richtigen Partners f\u00fcr die Nachfragegenerierung kann f\u00fcr das Erreichen Ihrer Gesch\u00e4ftsziele entscheidend sein. Hier sind einige Gr\u00fcnde, warum SIS International seit \u00fcber 40 Jahren als f\u00fchrendes B2B-Unternehmen f\u00fcr Nachfragegenerierung gilt:<\/p>\n\n\n\n<ul class=\"wp-block-list\">\n<li><strong>Nachgewiesene Erfolgsbilanz<\/strong>: SIS International has a proven track record of delivering successful demand generation campaigns for <a href=\"https:\/\/www.sisinternational.com\/de\/top-unternehmen-fur-die-prognose-von-b2b-branchentrends\/\" title=\"F\u00fchrendes Unternehmen f\u00fcr Prognosen von B2B-Branchentrends\" data-wpil-monitor-id=\"1625\">B2B clients across various industries<\/a>. Our expertise and experience allow us to develop effective strategies.<\/li>\n\n\n\n<li><strong>Expertenteam<\/strong>: Unser Team aus Demand-Generation-Spezialisten versteht die Komplexit\u00e4t des B2B-Marketings. Wir arbeiten eng mit unseren Kunden zusammen, um ma\u00dfgeschneiderte Kampagnen zu entwickeln, die ihren individuellen Anforderungen entsprechen und aussagekr\u00e4ftige Ergebnisse erzielen.<\/li>\n\n\n\n<li><strong>Innovative Strategien<\/strong>: Bei <a href=\"https:\/\/twitter.com\/SISIntlResearch\" target=\"_blank\" rel=\"noopener\">SIS<\/a>bleiben wir bei den neuesten Trends und Technologien in der Nachfragegenerierung auf dem Laufenden. Unsere innovativen Strategien sorgen daf\u00fcr, dass unsere Kunden sich von der Masse abheben und ihre Zielgruppe effektiv erreichen.<\/li>\n\n\n\n<li><strong>Kundenzentrierter Ansatz<\/strong>: Unser kundenorientierter Ansatz bedeutet, dass wir uns die Zeit nehmen, die Ziele, Herausforderungen und Bed\u00fcrfnisse unserer Kunden zu verstehen. Dies erm\u00f6glicht es uns, Nachfragegenerierungskampagnen durchzuf\u00fchren, die die Erwartungen \u00fcbertreffen.<\/li>\n\n\n\n<li><strong>Datengest\u00fctzte Erkenntnisse<\/strong>: Unser Ansatz zur Nachfragegenerierung basiert auf Daten. Wir nutzen datengesteuerte Erkenntnisse, um unsere Strategien zu steuern, Kampagnen zu optimieren und messbare Ergebnisse zu liefern, die unseren Kunden helfen, ihre Gesch\u00e4ftsziele zu erreichen.<\/li>\n<\/ul>\n\n\n\n<h2 class=\"wp-block-heading\"><strong>Neue Trends in der B2B-Nachfragegenerierung<\/strong><\/h2>\n\n\n\n<figure class=\"gb-block-image gb-block-image-fa406b78\"><img loading=\"lazy\" decoding=\"async\" width=\"1456\" height=\"816\" class=\"gb-image gb-image-fa406b78\" src=\"https:\/\/www.sisinternational.com\/wp-content\/uploads\/2025\/08\/B2Bjpg-5.jpg\" alt=\"SIS International Marktforschung &amp; Strategie\" title=\"B2Bjpg (5)\" srcset=\"https:\/\/www.sisinternational.com\/wp-content\/uploads\/2025\/08\/B2Bjpg-5.jpg 1456w, https:\/\/www.sisinternational.com\/wp-content\/uploads\/2025\/08\/B2Bjpg-5-300x168.jpg 300w, https:\/\/www.sisinternational.com\/wp-content\/uploads\/2025\/08\/B2Bjpg-5-1024x574.jpg 1024w, https:\/\/www.sisinternational.com\/wp-content\/uploads\/2025\/08\/B2Bjpg-5-768x430.jpg 768w, https:\/\/www.sisinternational.com\/wp-content\/uploads\/2025\/08\/B2Bjpg-5-18x10.jpg 18w\" sizes=\"auto, (max-width: 1456px) 100vw, 1456px\"><\/figure>\n\n\n\n<p><\/p>\n\n\n\n<p>Die Landschaft der B2B-Nachfragegenerierung entwickelt sich st\u00e4ndig weiter. F\u00fcr den Erfolg ist es entscheidend, den neuen Trends immer einen Schritt voraus zu sein. Zu den wichtigsten Trends, die die Branche pr\u00e4gen, geh\u00f6ren:<\/p>\n\n\n\n<ul class=\"wp-block-list\">\n<li><strong>Account-basierte Erfahrung (ABX)<\/strong>: ABX baut auf traditionellem ABM auf und legt den Schwerpunkt auf die Schaffung einer nahtlosen, personalisierten Erfahrung f\u00fcr Zielkonten in jeder Phase der K\u00e4uferreise.<\/li>\n\n\n\n<li><strong>KI-gest\u00fctzte Erkenntnisse<\/strong>: K\u00fcnstliche Intelligenz gewinnt bei der Nachfragegenerierung an Bedeutung, da sie pr\u00e4diktive Erkenntnisse liefert, die Personalisierung verbessert und die Kampagnenleistung optimiert.<\/li>\n\n\n\n<li><strong>Interaktiver Inhalt<\/strong>: Interaktive Inhalte wie Quiz, Umfragen und Rechner erfreuen sich immer gr\u00f6\u00dferer Beliebtheit, um potenzielle Kunden anzusprechen, Erkenntnisse zu gewinnen und personalisierten Mehrwert zu liefern.<\/li>\n\n\n\n<li><strong>Videomarketing<\/strong>: Videoinhalte sind ein wirksames Medium, um potenzielle Kunden anzusprechen und Nachfrage zu generieren. Kurze, informative Videos, die auf die Probleme der Kunden eingehen, tragen dazu bei, Vertrauen aufzubauen und Interesse zu wecken.<\/li>\n\n\n\n<li><strong>Fokus auf First-Party-Daten<\/strong>: Angesichts zunehmender Datenschutzbestimmungen gehen Unternehmen dazu \u00fcber, Erstanbieterdaten zu erfassen und zu nutzen, um eine gezieltere Zielgruppenansprache und Personalisierung zu erm\u00f6glichen.<\/li>\n<\/ul>\n\n\n\n<h2 class=\"wp-block-heading\"><strong>Technologien und Tools zur Generierung von B2B-Nachfrage<\/strong><\/h2>\n\n\n\n<p>Ein f\u00fchrendes B2B-Unternehmen zur Nachfragegenerierung nutzt eine Reihe fortschrittlicher Plattformen und Software, um Prozesse zu optimieren, die Zielgruppenansprache zu verbessern und den Erfolg pr\u00e4zise zu messen. Diese Technologien helfen bei der Automatisierung von Aufgaben und liefern wertvolle Einblicke in das K\u00e4uferverhalten. So k\u00f6nnen Unternehmen Nachfrage generieren, die sich in qualifizierte Leads und Conversions umsetzt.<\/p>\n\n\n\n<p><strong>Marketing-Automatisierung f\u00fcr skalierbare Kampagnen<\/strong><strong><br><\/strong><strong><br><\/strong>Marketing-Automatisierungsplattformen wie HubSpot und Marketo erm\u00f6glichen es Demand-Generation-Teams, sich wiederholende Aufgaben wie E-Mail-Marketing, Social-Media-Postings und Lead Nurturing zu automatisieren. F\u00fcr ein f\u00fchrendes B2B-Demand-Generation-Unternehmen ist die Automatisierung ein entscheidender Faktor, da sie gro\u00df angelegte Kampagnen erm\u00f6glicht, die Personalisierung und Konsistenz \u00fcber alle Kontaktpunkte hinweg gew\u00e4hrleisten.&nbsp;<\/p>\n\n\n\n<p><strong>Customer Relationship Management (CRM)-Systeme f\u00fcr Lead-Tracking und -Management<\/strong><strong><br><\/strong><strong><br><\/strong>Ein robustes CRM-System wie Salesforce oder Zoho CRM ist die Grundlage f\u00fcr die Nachfragegenerierung. Diese Tools helfen einem f\u00fchrenden B2B-Unternehmen zur Nachfragegenerierung, jede Interaktion mit potenziellen Leads zu verfolgen, die Vertriebspipeline zu \u00fcberwachen und lukrative Gelegenheiten zu identifizieren. CRM-Systeme lassen sich in andere Marketingtools integrieren, um einen umfassenden \u00dcberblick \u00fcber die Reise jedes potenziellen Kunden zu bieten, sodass Unternehmen ihre Marketing- und Vertriebsbem\u00fchungen aufeinander abstimmen k\u00f6nnen.&nbsp;<\/p>\n\n\n\n<p><strong>Datenanalyse f\u00fcr umfassende Einblicke in Markt und Zielgruppe<\/strong><strong><br><\/strong><strong><br><\/strong>Data analytics tools, like Google Analytics, Adobe Analytics, and PowerBI, allow B2B demand generation firms to make informed decisions based on real-time data. These platforms enable firms to monitor campaign performance, track user behavior, and identify high-performing content. By leveraging data analytics, a <a href=\"https:\/\/www.sisinternational.com\/de\/top-unternehmen-fur-b2b-markteinfuhrungsstrategien\/\" title=\"F\u00fchrendes Unternehmen f\u00fcr B2B-Markteinf\u00fchrungsstrategien\" data-wpil-monitor-id=\"1374\">top B2B demand generation<\/a> firm can fine-tune its strategies, targeting content and campaigns more accurately.&nbsp;<\/p>\n\n\n\n<p><strong>Account-Based Marketing (ABM)-Plattformen f\u00fcr gezielte \u00d6ffentlichkeitsarbeit<\/strong><strong><br><\/strong><strong><br><\/strong>F\u00fcr ein f\u00fchrendes B2B-Unternehmen zur Nachfragegenerierung sind ABM-Tools von unsch\u00e4tzbarem Wert, wenn es darum geht, pr\u00e4zise, zielgerichtete Kampagnen f\u00fcr Gro\u00dfkunden durchzuf\u00fchren. Durch die Konzentration auf wichtige Kunden helfen diese Plattformen Unternehmen, Ressourcen effektiver zu verteilen, was zu qualitativ hochwertigeren Leads und einem verbesserten ROI f\u00fchrt. ABM-Plattformen erleichtern au\u00dferdem die Interaktion \u00fcber mehrere Kan\u00e4le und bieten Einblicke, wie verschiedene Kontaktpunkte zum Gesamterfolg der Kampagne beitragen.<\/p>\n\n\n\n<p><strong>Social-Media-Management-Tools f\u00fcr Markensichtbarkeit und Engagement<\/strong><strong><br><\/strong><strong><br><\/strong>Social-Media-Management-Plattformen wie Hootsuite, Sprout Social und Buffer sind f\u00fcr die Verwaltung der Markenpr\u00e4senz \u00fcber mehrere Kan\u00e4le hinweg unverzichtbar. Ein f\u00fchrendes B2B-Unternehmen zur Nachfragegenerierung verwendet diese Tools, um Beitr\u00e4ge zu planen, mit Followern zu interagieren und die Markenstimmung zu \u00fcberwachen. Diese Tools bieten auch wertvolle Analysen, die zeigen, welche Arten von Inhalten bei der Zielgruppe am besten ankommen.&nbsp;<\/p>\n\n\n\n<p><strong>Predictive Analytics und KI f\u00fcr Prognosen und Personalisierung<\/strong><strong><br><\/strong><strong><br><\/strong>Predictive analytics and AI tools transform <a href=\"https:\/\/www.sisinternational.com\/de\/losungen\/qualitative-quantitative-forschungslosungen\/demand-forecasting-best-practices\/\" title=\"Demand Forecasting Best Practices\" data-wpil-monitor-id=\"1644\">demand generation by enabling accurate forecasting<\/a> and personalized content delivery. A <a href=\"https:\/\/www.sisinternational.com\/de\/fuhrendes-unternehmen-zur-uberwachung-von-b2b-markttrends\/\" title=\"F\u00fchrendes Unternehmen zur \u00dcberwachung von B2B-Markttrends\" data-wpil-monitor-id=\"1227\">top B2B demand generation<\/a> firm can analyze historical data and current trends to predict customer behaviors and create personalized content journeys. AI-driven algorithms help identify the best times to reach potential leads, which messaging resonates most, and how to adjust campaigns in real-time for optimal results.&nbsp;<\/p>\n\n\n\n<h2 class=\"wp-block-heading\"><strong>Was unterscheidet SIS International von anderen Unternehmen zur Nachfragegenerierung?<\/strong><\/h2>\n\n\n\n<figure class=\"gb-block-image gb-block-image-c88bf432\"><img loading=\"lazy\" decoding=\"async\" width=\"1456\" height=\"816\" class=\"gb-image gb-image-c88bf432\" src=\"https:\/\/www.sisinternational.com\/wp-content\/uploads\/2025\/09\/Quantitative-reseasrch-in-London-Qualitative-research-in-London-9.jpg\" alt=\"SIS International Marktforschung &amp; Strategie\" title=\"Quantitative reseasrch in London Qualitative research in London (9)\" srcset=\"https:\/\/www.sisinternational.com\/wp-content\/uploads\/2025\/09\/Quantitative-reseasrch-in-London-Qualitative-research-in-London-9.jpg 1456w, https:\/\/www.sisinternational.com\/wp-content\/uploads\/2025\/09\/Quantitative-reseasrch-in-London-Qualitative-research-in-London-9-300x168.jpg 300w, https:\/\/www.sisinternational.com\/wp-content\/uploads\/2025\/09\/Quantitative-reseasrch-in-London-Qualitative-research-in-London-9-1024x574.jpg 1024w, https:\/\/www.sisinternational.com\/wp-content\/uploads\/2025\/09\/Quantitative-reseasrch-in-London-Qualitative-research-in-London-9-768x430.jpg 768w, https:\/\/www.sisinternational.com\/wp-content\/uploads\/2025\/09\/Quantitative-reseasrch-in-London-Qualitative-research-in-London-9-18x10.jpg 18w\" sizes=\"auto, (max-width: 1456px) 100vw, 1456px\"><\/figure>\n\n\n\n<p><\/p>\n\n\n\n<p>Der Ansatz von SIS International zur Nachfragegenerierung ist einzigartig und \u00e4u\u00dferst effektiv. Hier sind einige Faktoren, die uns von anderen Nachfragegenerierungsunternehmen unterscheiden:<\/p>\n\n\n\n<ul class=\"wp-block-list\">\n<li><strong>Ganzheitliche Nachfragegenerierung<\/strong>: Unlike <a href=\"https:\/\/www.sisinternational.com\/de\/losungen\/strategieberatung\/techniken-zur-lead-generierung\/\" title=\"Unternehmen zur Lead-Generierung\" data-wpil-monitor-id=\"6750\">firms focusing solely on lead generation<\/a>, SIS takes a holistic approach to demand generation, encompassing brand awareness, engagement, lead nurturing, and sales enablement.<\/li>\n\n\n\n<li><strong>Branchenexpertise<\/strong>: Unsere Erfahrung erstreckt sich auf ein breites Branchenspektrum und erm\u00f6glicht es uns, ma\u00dfgeschneiderte Strategien zur Nachfragegenerierung zu entwickeln, die bei bestimmten Marktsegmenten Anklang finden.<\/li>\n\n\n\n<li><strong>Kundenzentrierter Ansatz<\/strong>: Wir stellen die Kunden unserer Klienten in den Mittelpunkt unserer Nachfragegenerierungsstrategien. Indem wir die Bed\u00fcrfnisse und Schwachstellen der Zielgruppe verstehen, erstellen wir personalisierte Kampagnen, die das Engagement f\u00f6rdern.<\/li>\n\n\n\n<li><strong>Agilit\u00e4t und Anpassungsf\u00e4higkeit<\/strong>: Die B2B-Marketinglandschaft ver\u00e4ndert sich st\u00e4ndig und wir sind stolz auf unsere F\u00e4higkeit, uns schnell an neue Trends und Herausforderungen anzupassen und so sicherzustellen, dass unsere Kunden wettbewerbsf\u00e4hig bleiben.<\/li>\n\n\n\n<li><strong>Kollaborative Partnerschaften<\/strong>: Wir betrachten unsere Kunden als Partner und arbeiten eng mit ihnen zusammen, um Kampagnen zur Nachfragegenerierung zu entwickeln, die mit ihren Gesch\u00e4ftszielen \u00fcbereinstimmen und messbare Ergebnisse liefern.<\/li>\n<\/ul>\n\n\n\n<h2 class=\"wp-block-heading\"><strong>Was macht SIS International zum g\u00fcnstigsten Unternehmen f\u00fcr die B2B-Nachfragegenerierung?<\/strong><\/h2>\n\n\n\n<p>SIS International is recognized as a top B2B demand generation firm and one of the most affordable options for businesses seeking effective demand generation solutions. Here\u2019s what makes SIS International the most affordable <a href=\"https:\/\/www.sisinternational.com\/de\/top-unternehmen-fur-b2b-verkaufsoptimierung\/\" title=\"Top-Unternehmen f\u00fcr B2B-Verkaufsoptimierung\" data-wpil-monitor-id=\"1668\">company for B2B<\/a> demand generation:<\/p>\n\n\n\n<ul class=\"wp-block-list\">\n<li><strong>Kosteng\u00fcnstige Strategien<\/strong>: Unsere L\u00f6sungen zur Nachfragegenerierung sind darauf ausgelegt, maximalen Nutzen ohne \u00fcberm\u00e4\u00dfige Kosten zu erzielen. Wir optimieren Kampagnen f\u00fcr den ROI und stellen sicher, dass unsere Kunden qualitativ hochwertige Ergebnisse zu einem erschwinglichen Preis erhalten.<\/li>\n\n\n\n<li><strong>Flexible Preispakete<\/strong>: Wir bieten flexible Preisoptionen, die auf die individuellen Bed\u00fcrfnisse und Budgetbeschr\u00e4nkungen unserer Kunden zugeschnitten sind. So k\u00f6nnen Unternehmen jeder Gr\u00f6\u00dfe ohne finanzielle Belastung auf professionelle Demand-Generation-Dienste zugreifen.<\/li>\n\n\n\n<li><strong>Skalierbare Kampagnen<\/strong>: Die Nachfragegenerierungskampagnen von SIS International sind skalierbar, sodass Unternehmen mit einem Budget beginnen k\u00f6nnen, das ihren Anforderungen entspricht, und es mit zunehmendem Wachstum ausbauen k\u00f6nnen. Dieser Ansatz stellt sicher, dass Kunden ihre Investitionen in die Nachfragegenerierung schrittweise erh\u00f6hen k\u00f6nnen, wenn sie Ergebnisse sehen.<\/li>\n\n\n\n<li><strong>Effiziente Ressourcenzuweisung<\/strong>: Durch den Einsatz fortschrittlicher Automatisierungstools und datengesteuerter Erkenntnisse minimieren wir Ineffizienzen und maximieren die Wirkung jeder Kampagne, sodass unsere Kunden mehr erreichen k\u00f6nnen, ohne ihr Budget zu \u00fcberschreiten.<\/li>\n\n\n\n<li><strong>Wertorientierte Ergebnisse:<\/strong> Wir liefern wertorientierte Ergebnisse, die direkt zum Wachstum unserer Kunden beitragen. Wir priorisieren Strategien, die greifbare Gesch\u00e4ftsergebnisse liefern, und stellen sicher, dass jeder Dollar, der f\u00fcr die Nachfragegenerierung ausgegeben wird, eine hohe Kapitalrendite bringt.<\/li>\n<\/ul>\n\n\n\n<h2 class=\"wp-block-heading\"><strong>\u00dcber SIS International<\/strong><\/h2>\n\n\n\n<p><a href=\"https:\/\/www.sisinternational.com\/de\/\">SIS International<\/a> bietet quantitative, qualitative und strategische Forschung an. Wir liefern Daten, Tools, Strategien, Berichte und Erkenntnisse zur Entscheidungsfindung. Wir f\u00fchren auch Interviews, Umfragen, Fokusgruppen und andere Methoden und Ans\u00e4tze der Marktforschung durch.<a href=\"https:\/\/www.sisinternational.com\/de\/uber-sis-international-research\/contact-sis-international-market-research\/\"> Kontakt<\/a> f\u00fcr Ihr n\u00e4chstes Marktforschungsprojekt.<\/p>\n\n\n\n<hr class=\"wp-block-separator has-alpha-channel-opacity\"\/>","protected":false},"excerpt":{"rendered":"<p>Top B2B Demand Generation Company How can your business stay ahead of the competition in the ever-changing world of B2B marketing? Demand generation is about creating awareness, interest, and desire for your products or services, ensuring your sales funnel remains full of high-quality leads. SIS International is recognized as a top B2B demand generation firm, &#8230; <a title=\"Top-Unternehmen f\u00fcr B2B-Nachfragegenerierung\" class=\"read-more\" href=\"https:\/\/www.sisinternational.com\/de\/losungen\/b2b-marktforschung\/top-unternehmen-fur-b2b-nachfragegenerierung\/\" aria-label=\"Mehr Informationen \u00fcber Top B2B Demand Generation Company\">Weiterlesen \u2026<\/a><\/p>","protected":false},"author":1,"featured_media":62386,"parent":11292,"menu_order":9,"comment_status":"closed","ping_status":"closed","template":"","meta":{"footnotes":""},"class_list":["post-53891","page","type-page","status-publish","has-post-thumbnail"],"_links":{"self":[{"href":"https:\/\/www.sisinternational.com\/de\/wp-json\/wp\/v2\/pages\/53891","targetHints":{"allow":["GET"]}}],"collection":[{"href":"https:\/\/www.sisinternational.com\/de\/wp-json\/wp\/v2\/pages"}],"about":[{"href":"https:\/\/www.sisinternational.com\/de\/wp-json\/wp\/v2\/types\/page"}],"author":[{"embeddable":true,"href":"https:\/\/www.sisinternational.com\/de\/wp-json\/wp\/v2\/users\/1"}],"replies":[{"embeddable":true,"href":"https:\/\/www.sisinternational.com\/de\/wp-json\/wp\/v2\/comments?post=53891"}],"version-history":[{"count":13,"href":"https:\/\/www.sisinternational.com\/de\/wp-json\/wp\/v2\/pages\/53891\/revisions"}],"predecessor-version":[{"id":80330,"href":"https:\/\/www.sisinternational.com\/de\/wp-json\/wp\/v2\/pages\/53891\/revisions\/80330"}],"up":[{"embeddable":true,"href":"https:\/\/www.sisinternational.com\/de\/wp-json\/wp\/v2\/pages\/11292"}],"wp:featuredmedia":[{"embeddable":true,"href":"https:\/\/www.sisinternational.com\/de\/wp-json\/wp\/v2\/media\/62386"}],"wp:attachment":[{"href":"https:\/\/www.sisinternational.com\/de\/wp-json\/wp\/v2\/media?parent=53891"}],"curies":[{"name":"wp","href":"https:\/\/api.w.org\/{rel}","templated":true}]}}