{"id":53888,"date":"2024-11-03T14:49:26","date_gmt":"2024-11-03T19:49:26","guid":{"rendered":"https:\/\/www.sisinternational.com\/?page_id=53888"},"modified":"2026-03-05T23:20:57","modified_gmt":"2026-03-06T04:20:57","slug":"b2b-produktpositionierungsmarktforschung","status":"publish","type":"page","link":"https:\/\/www.sisinternational.com\/de\/losungen\/b2b-marktforschung\/b2b-produktpositionierungsmarktforschung\/","title":{"rendered":"B2B Produktpositionierung Marktforschung"},"content":{"rendered":"<h1 class=\"gb-headline gb-headline-a2405738 gb-headline-text\">B2B Produktpositionierung Marktforschung<\/h1>\n\n\n\n<figure class=\"gb-block-image gb-block-image-74efe526\"><img loading=\"lazy\" decoding=\"async\" width=\"1456\" height=\"816\" class=\"gb-image gb-image-74efe526\" src=\"https:\/\/www.sisinternational.com\/wp-content\/uploads\/2025\/08\/Retail-28.jpg\" alt=\"SIS International Marktforschung &amp; Strategie\" title=\"Retail (28)\" srcset=\"https:\/\/www.sisinternational.com\/wp-content\/uploads\/2025\/08\/Retail-28.jpg 1456w, https:\/\/www.sisinternational.com\/wp-content\/uploads\/2025\/08\/Retail-28-300x168.jpg 300w, https:\/\/www.sisinternational.com\/wp-content\/uploads\/2025\/08\/Retail-28-1024x574.jpg 1024w, https:\/\/www.sisinternational.com\/wp-content\/uploads\/2025\/08\/Retail-28-768x430.jpg 768w, https:\/\/www.sisinternational.com\/wp-content\/uploads\/2025\/08\/Retail-28-18x10.jpg 18w\" sizes=\"auto, (max-width: 1456px) 100vw, 1456px\"><\/figure>\n\n\n\n<p><\/p>\n\n\n\n<hr class=\"wp-block-separator has-alpha-channel-opacity\"\/>\n\n\n\n<h3 class=\"wp-block-heading\">In einer Zeit, in der Daten Entscheidungen beeinflussen, bietet die Marktforschung zur B2B-Produktpositionierung Unternehmen die Erkenntnisse, die sie ben\u00f6tigen, um sich abzuheben, bei Kunden Anklang zu finden und in wettbewerbsintensiven M\u00e4rkten erfolgreich zu sein.<\/h3>\n\n\n\n<p>Haben Sie sich schon einmal gefragt, was daf\u00fcr sorgt, dass ein Produkt in einem \u00fcberf\u00fcllten B2B-Markt wirklich bei der richtigen Zielgruppe ankommt? Um die richtigen Kunden anzuziehen und das Unternehmenswachstum voranzutreiben, ist es wichtig, klar zu definieren, was ein Produkt von der Konkurrenz abhebt. SIS International bietet spezialisierte Marktforschungsdienste zur B2B-Produktpositionierung an, die Unternehmen dabei helfen, \u00fcberzeugende Botschaften zu entwickeln, die bei ihrer Zielgruppe Anklang finden.<\/p>\n\n\n\n<h2 class=\"wp-block-heading\"><strong>Was ist B2B-Produktpositionierungsmarktforschung?<\/strong><\/h2>\n\n\n\n<p><a href=\"https:\/\/www.sisinternational.com\/de\/b2b-leadgenerierung-marktforschung\/\" title=\"Marktforschung zur B2B-Leadgenerierung\"  data-wpil-monitor-id=\"1355\">B2B product positioning market research<\/a> allows businesses to determine how a product fits within the market. It shows how customers perceive their products, how they compare to competitors, and what unique value they offer. Critical components of <a href=\"https:\/\/www.sisinternational.com\/de\/losungen\/b2b-marktforschung\/best-practices-for-b2b-market-research\/\" title=\"Best Practices for B2B Market Research\"  data-wpil-monitor-id=\"1797\">B2B product positioning market research<\/a> enthalten:<\/p>\n\n\n\n<ul class=\"wp-block-list\">\n<li><strong>Kundenwahrnehmungsanalyse<\/strong>: F\u00fcr eine effektive Positionierung ist es entscheidend, zu verstehen, wie Kunden das Produkt wahrnehmen.<\/li>\n\n\n\n<li><strong>Wettbewerbsvergleich<\/strong>: Die Analyse der Konkurrenz ist wichtig, um zu verstehen, wo das Produkt steht. Wettbewerbsbenchmarking hilft dabei, M\u00f6glichkeiten zur Differenzierung des Produkts und zur Nutzung von Marktl\u00fccken zu erkennen.<\/li>\n\n\n\n<li><strong>Einblicke in die Zielgruppe<\/strong>: Das Erkennen der Bed\u00fcrfnisse, Vorlieben und Schwachstellen der Zielgruppe ist f\u00fcr die Entwicklung einer relevanten und \u00fcberzeugenden Produktpositionierung von entscheidender Bedeutung.&nbsp;<\/li>\n\n\n\n<li><strong>Entwicklung von Wertangeboten<\/strong>: Das Wertversprechen ist die Kernbotschaft, die vermittelt, warum ein Produkt f\u00fcr die Kunden die beste Wahl ist.&nbsp;<\/li>\n\n\n\n<li><strong>Testen von Nachrichten<\/strong>: <a href=\"https:\/\/www.sisinternational.com\/de\/b2b-customer-experience-the-ultimate-guide-to-building-loyalty-that-lasts\/\" title=\"B2B Customer Experience: The Ultimate Guide to Building Loyalty That Lasts\"  data-wpil-monitor-id=\"508\">B2B product positioning market research<\/a> involves gathering feedback from potential customers to refine the messaging and ensure maximum impact.<\/li>\n<\/ul>\n\n\n\n<h2 class=\"wp-block-heading\"><strong>Der einzigartige Ansatz von SIS International f\u00fcr Marktforschung zur B2B-Produktpositionierung<\/strong><\/h2>\n\n\n\n<p><a href=\"https:\/\/www.linkedin.com\/company\/sisinternationalresearch\/\" target=\"_blank\" rel=\"noopener\">SIS International<\/a> verfolgt einen strategischen und datengesteuerten Ansatz f\u00fcr die Marktforschung zur B2B-Produktpositionierung. Wir arbeiten eng mit Kunden zusammen, um ihre Gesch\u00e4ftsziele, ihr Marktumfeld und ihre Kundenbed\u00fcrfnisse zu verstehen. Unser Forschungsprozess bringt die Erkenntnisse ans Licht, die eine effektive Produktpositionierung erm\u00f6glichen und einen nachhaltigen Einfluss auf dem Markt haben.<\/p>\n\n\n\n<ul class=\"wp-block-list\">\n<li><strong>Marktanalyse<\/strong>: <a href=\"https:\/\/www.sisinternational.com\/de\/washington-und-der-prasidententag\/\" title=\"Feiertagsmarketing am Pr\u00e4sidententag\" data-wpil-monitor-id=\"7404\">SIS conducts in-depth market<\/a> analysis to understand the competitive landscape and identify key market trends. <\/li>\n\n\n\n<li><strong>Kundenzentrierte Forschung<\/strong>: Das Verst\u00e4ndnis des Kunden ist der Schl\u00fcssel zu einer effektiven Produktpositionierung. <a href=\"https:\/\/twitter.com\/SISIntlResearch\" target=\"_blank\" rel=\"noopener\">SIS<\/a> f\u00fchrt kundenorientierte Untersuchungen durch, um Erkenntnisse \u00fcber die Wahrnehmung, Vorlieben und Schwachstellen der Kunden zu gewinnen und sicherzustellen, dass die Positionierung unserer Kunden bei ihrem Publikum Anklang findet.<\/li>\n\n\n\n<li><strong>Ma\u00dfgeschneiderte Positionierungsstrategien<\/strong>: Jedes Produkt ist einzigartig und so ist auch seine Positionierung. Wir entwickeln ma\u00dfgeschneiderte Positionierungsstrategien, die die einzigartigen St\u00e4rken und den Wert jedes Produkts hervorheben und es so von der Konkurrenz abheben.<\/li>\n\n\n\n<li><strong>Nachrichtenentwicklung und -tests<\/strong>: SIS unterst\u00fctzt Kunden bei der Entwicklung und Pr\u00fcfung verschiedener Positionierungsbotschaften, um herauszufinden, was bei ihrer Zielgruppe am besten ankommt und die gew\u00fcnschte Reaktion hervorruft.<\/li>\n\n\n\n<li><strong>Kontinuierliche Positionierungsstrategie<\/strong>: SIS International offers continuous support by actively assessing shifts in customer behavior, market trends, and competitive activities. <\/li>\n<\/ul>\n\n\n\n<h2 class=\"wp-block-heading\"><strong>Warum ist eine effektive Produktpositionierung f\u00fcr den B2B-Erfolg entscheidend?<\/strong><\/h2>\n\n\n\n<figure class=\"gb-block-image gb-block-image-0a635cce\"><img loading=\"lazy\" decoding=\"async\" width=\"1456\" height=\"816\" class=\"gb-image gb-image-0a635cce\" src=\"https:\/\/www.sisinternational.com\/wp-content\/uploads\/2025\/08\/Retail-19.jpg\" alt=\"SIS International Marktforschung &amp; Strategie\" title=\"Retail (19)\" srcset=\"https:\/\/www.sisinternational.com\/wp-content\/uploads\/2025\/08\/Retail-19.jpg 1456w, https:\/\/www.sisinternational.com\/wp-content\/uploads\/2025\/08\/Retail-19-300x168.jpg 300w, https:\/\/www.sisinternational.com\/wp-content\/uploads\/2025\/08\/Retail-19-1024x574.jpg 1024w, https:\/\/www.sisinternational.com\/wp-content\/uploads\/2025\/08\/Retail-19-768x430.jpg 768w, https:\/\/www.sisinternational.com\/wp-content\/uploads\/2025\/08\/Retail-19-18x10.jpg 18w\" sizes=\"auto, (max-width: 1456px) 100vw, 1456px\"><\/figure>\n\n\n\n<p><\/p>\n\n\n\n<p>Effective product positioning determines how customers perceive the product and influences their buying decisions \u2013 and here are some reasons why <a href=\"https:\/\/www.sisinternational.com\/de\/komplexitat-des-b2b-marketings\/\" title=\"Was ist B2B-Marketing?\" data-wpil-monitor-id=\"2215\">B2B product positioning market<\/a> research is critical for success:<\/p>\n\n\n\n<ul class=\"wp-block-list\">\n<li><strong>Differenzierung<\/strong>: Eine effektive Positionierung tr\u00e4gt dazu bei, den einzigartigen Wert des Produkts hervorzuheben und es f\u00fcr potenzielle Kunden attraktiver zu machen.<\/li>\n\n\n\n<li><strong>Kundenausrichtung<\/strong>: <a href=\"https:\/\/www.sisinternational.com\/de\/sachverstand\/branchen\/marktforschung-zur-produktuberlegenheit\/\" title=\"Marktforschung zur Produkt\u00fcberlegenheit\" data-wpil-monitor-id=\"5800\">Product positioning market research<\/a> helps ensure the product&#8217;s messaging is relevant to the target audience, making it more likely to resonate with them.<\/li>\n\n\n\n<li><strong>Verbesserte Vertriebs- und Marketingeffektivit\u00e4t<\/strong>: Eine klare und \u00fcberzeugende Produktpositionierung tr\u00e4gt dazu bei, die Effektivit\u00e4t von Vertriebs- und Marketingbem\u00fchungen zu verbessern. Kunden, die den Wert des Produkts verstehen, sind eher bereit, sich mit der Marke auseinanderzusetzen und zu kaufen.<\/li>\n\n\n\n<li><strong>Informierte Entscheidungsfindung<\/strong>: Produktpositionierung <a href=\"https:\/\/www.linkedin.com\/pulse\/how-market-research-enables-growth-ruth-stanat-phekf\/\" target=\"_blank\" rel=\"noopener\">Marktforschung<\/a> bietet wertvolle Erkenntnisse, die Unternehmen dabei helfen, fundierte Entscheidungen \u00fcber die Positionierung ihrer Produkte auf dem Markt zu treffen.&nbsp;<\/li>\n\n\n\n<li><strong>Markenwahrnehmung<\/strong>: Ein gut positioniertes Produkt tr\u00e4gt dazu bei, die Marke als Marktf\u00fchrer in ihrer Kategorie zu etablieren und Glaubw\u00fcrdigkeit und Vertrauen bei den Kunden aufzubauen.<\/li>\n<\/ul>\n\n\n\n<h2 class=\"wp-block-heading\"><strong>Trends in der B2B-Produktpositionierung<\/strong><\/h2>\n\n\n\n<p>Die Landschaft der B2B-Produktpositionierung unterliegt einem st\u00e4ndigen Wandel und Unternehmen m\u00fcssen sich an diese Ver\u00e4nderungen anpassen, um ihre Produkte effektiv zu positionieren, ihre einzigartigen Wertversprechen hervorzuheben und sich an die sich \u00e4ndernden K\u00e4uferanforderungen anzupassen. Zu den wichtigsten Trends geh\u00f6ren:<\/p>\n\n\n\n<ul class=\"wp-block-list\">\n<li><strong>Personalisierung<\/strong>: B2B-K\u00e4ufer erwarten heute ein pers\u00f6nlicheres Erlebnis als in B2C-M\u00e4rkten. Eine effektive Produktpositionierung beruht zunehmend auf ma\u00dfgeschneiderten Botschaften, die den spezifischen Anforderungen verschiedener Kundensegmente gerecht werden.<\/li>\n\n\n\n<li><strong>Datengesteuerte Positionierung<\/strong>: Unternehmen nutzen Big Data und Analysen, um Kundenpr\u00e4ferenzen und Marktdynamik besser zu verstehen und so gezieltere Positionierungsstrategien zu entwickeln.<\/li>\n\n\n\n<li><strong>Geschichtenerz\u00e4hlen<\/strong>: Storytelling ist zu einem wichtigen Bestandteil der Produktpositionierung geworden. Unternehmen konzentrieren sich darauf, \u00fcberzeugende Geschichten zu erschaffen, die den einzigartigen Wert ihres Produkts auf nachvollziehbare und ansprechende Weise hervorheben.<\/li>\n\n\n\n<li><strong>Nachhaltigkeit<\/strong>: Kunden legen zunehmend Wert auf Nachhaltigkeit und ethisches Verhalten. Produkte, die als umweltfreundlich oder sozial verantwortlich positioniert sind, erlangen einen Wettbewerbsvorteil.<\/li>\n\n\n\n<li><strong>Digitale Transformation<\/strong>: The rise of <a href=\"https:\/\/www.sisinternational.com\/de\/digitale-transformation-im-bauwesen\/\" title=\"Digitale Transformation im Bauwesen\" data-wpil-monitor-id=\"2805\">digital channels and social media has transformed<\/a> how companies position their products. Digital-first positioning strategies are now critical for effectively reaching the right audience.<\/li>\n<\/ul>\n\n\n\n<h2 class=\"wp-block-heading\"><strong>Die Rolle der Technologie in der Marktforschung zur B2B-Produktpositionierung<\/strong><\/h2>\n\n\n\n<p>Durch den Einsatz moderner Tools und Analysen k\u00f6nnen Unternehmen tiefere Einblicke in die Marktdynamik, Kundenpr\u00e4ferenzen und Strategien der Wettbewerber gewinnen und so ihre Produkte pr\u00e4zise und relevant positionieren.<\/p>\n\n\n\n<p><strong>KI-gest\u00fctzte Analysen f\u00fcr tiefere Einblicke in den Markt<br><\/strong><br>Through AI-driven analytics, companies can segment their audience more effectively, understanding which features and benefits resonate most with different customer groups. <\/p>\n\n\n\n<p><strong>CRM Systems for Enhanced Customer UnderstandingCustomer Relationship Management (CRM) systems offer a centralized platform for tracking customer interactions, preferences, and purchase behaviors, providing invaluable insights for <a href=\"https:\/\/www.sisinternational.com\/de\/b2b-markenpositionierung-und-verfolgung\/\" title=\"B2B-Marktpositionierung und Markenforschung\" data-wpil-monitor-id=\"4308\">B2B product positioning market research<\/a>. <\/p>\n\n\n\n<p><strong>Datenvisualisierungstools f\u00fcr Echtzeit-Marktanalysen<br><br><\/strong>Data visualization tools, such as PowerBI dashboards, allow companies to transform complex data into intuitive, real-time visuals, making tracking market trends and customer sentiment easier. <\/p>\n\n\n\n<p><strong>Social-Listening-Plattformen zur Analyse der Konkurrenz und der Marktstimmung<\/strong><strong><br><\/strong><strong><br><\/strong>Mithilfe von Social-Listening-Tools k\u00f6nnen Unternehmen Branchengespr\u00e4che, Aktivit\u00e4ten der Konkurrenz und die Kundenstimmung \u00fcber verschiedene digitale Kan\u00e4le hinweg \u00fcberwachen. F\u00fcr die Marktforschung zur Produktpositionierung im B2B-Bereich bietet Social Listening Einblicke in die Aussagen der Konkurrenz, wie diese ihre Produkte positioniert und wie die Kunden darauf reagieren.&nbsp;<\/p>\n\n\n\n<p><strong>Predictive Analytics f\u00fcr strategische Entscheidungen<\/strong><strong><br><\/strong><strong><br><\/strong>Predictive Analytics spielt eine entscheidende Rolle bei der Vorhersage von Marktver\u00e4nderungen und Kundenbed\u00fcrfnissen. Durch die Analyse historischer Daten und aktueller Trends k\u00f6nnen Unternehmen mithilfe pr\u00e4diktiver Modelle vorhersagen, wie gut bestimmte Positionierungsstrategien funktionieren k\u00f6nnten.&nbsp;<\/p>\n\n\n\n<h2 class=\"wp-block-heading\"><strong>Perspektiven f\u00fcr die Marktforschung zur B2B-Produktpositionierung<\/strong><\/h2>\n\n\n\n<p>Die Zukunft der B2B-Marktforschung zur Produktpositionierung sieht vielversprechend aus, da Unternehmen die Bedeutung einer differenzierten und \u00fcberzeugenden Positionierung erkennen. Zu den wichtigsten Chancen z\u00e4hlen:<\/p>\n\n\n\n<ul class=\"wp-block-list\">\n<li><strong>St\u00e4rkerer Einsatz von KI<\/strong>: KI wird voraussichtlich eine gr\u00f6\u00dfere Rolle bei der Produktpositionierungsforschung spielen. KI-gest\u00fctzte Erkenntnisse werden Unternehmen dabei helfen, Marktl\u00fccken zu identifizieren, die Kundenstimmung zu verstehen und ihre Botschaften effektiver zu optimieren.<\/li>\n\n\n\n<li><strong>Integration mit CRM-Systemen<\/strong>: Produktpositionierungsstrategien werden st\u00e4rker in CRM-Systeme integriert, was eine nahtlose Verkn\u00fcpfung von Forschungserkenntnissen und Verkaufsaktivit\u00e4ten erm\u00f6glicht.<\/li>\n\n\n\n<li><strong>Schwerpunkt auf Buyer Journeys<\/strong>: Unternehmen erfassen zunehmend die Buyer Journey, um eine Positionierung zu entwickeln, die in jeder Phase Anklang findet. Wenn man versteht, wie Kunden von der Wahrnehmung zur Entscheidungsfindung gelangen, kann man Positionierungsstrategien verfeinern.<\/li>\n\n\n\n<li><strong>Co-Creation mit dem Kunden<\/strong>: Die Einbindung von Kunden in den Produktentwicklungs- und Positionierungsprozess wird immer \u00fcblicher. Durch Co-Creation k\u00f6nnen Unternehmen Botschaften entwickeln, die die Bed\u00fcrfnisse und Erwartungen ihrer Zielgruppe direkt widerspiegeln.<\/li>\n\n\n\n<li><strong>Globalisierung und Lokalisierung<\/strong>: Mit der globalen Expansion von Unternehmen steigt der Bedarf an lokalisierter Produktpositionierung. Unternehmen erkennen, wie wichtig es ist, Produktbotschaften an kulturelle Unterschiede und lokale Marktpr\u00e4ferenzen anzupassen.<\/li>\n<\/ul>\n\n\n\n<h2 class=\"wp-block-heading\"><strong>Was macht SIS International zu einem Top-Unternehmen f\u00fcr B2B-Produktpositionierung?<\/strong><\/h2>\n\n\n\n<p>SIS International ragt aus mehreren \u00fcberzeugenden Gr\u00fcnden als Top-Unternehmen f\u00fcr B2B-Produktpositionierung hervor. Jeder dieser Gr\u00fcnde tr\u00e4gt dazu bei, dass wir unseren Kunden dabei helfen k\u00f6nnen, bessere Ergebnisse auf dem Markt zu erzielen:<\/p>\n\n\n\n<ul class=\"wp-block-list\">\n<li><strong>Umfassende Branchenexpertise<\/strong>: SIS International verf\u00fcgt \u00fcber umfassende Branchenerfahrung, die es uns erm\u00f6glicht, ma\u00dfgeschneiderte Einblicke zu bieten, die auf bestimmte Marktsektoren abgestimmt sind. Unsere Branchenkenntnis erm\u00f6glicht es uns auch, effektive Produktpositionierungsstrategien zu entwickeln, die auf die einzigartigen Herausforderungen und Chancen jedes Sektors zugeschnitten sind.<\/li>\n\n\n\n<li><strong>Kundenzentrierter Ansatz<\/strong>: Bei SIS steht der Kunde im Mittelpunkt jeder Produktpositionierungsstrategie. Wir f\u00fchren eingehende Untersuchungen durch, um die Bed\u00fcrfnisse, Vorlieben und Schwachstellen der Kunden zu verstehen und sicherzustellen, dass die Produktpositionierung unserer Kunden ihre Zielgruppe direkt anspricht.<\/li>\n\n\n\n<li><strong>Datengesteuerte Methodik<\/strong>: Unser Ansatz basiert auf Daten. Wir nutzen Datenanalysen, um Markttrends, Kundenverhalten und Wettbewerbspositionen zu identifizieren und unseren Kunden Erkenntnisse zu liefern, die zu wirkungsvollen Produktbotschaften f\u00fchren.<\/li>\n\n\n\n<li><strong>Innovative Positionierungstechniken<\/strong>: SIS International verwendet innovative Techniken, darunter Storytelling, Nachrichtentests und digitale Positionierungsstrategien, um \u00fcberzeugende Produktgeschichten zu erstellen, die das Interesse der Kunden wecken und unsere Kunden von der Konkurrenz abheben.<\/li>\n\n\n\n<li><strong>Nachgewiesene Erfolgsbilanz<\/strong>: Unsere Erfahrung bei der Unterst\u00fctzung von B2B-Unternehmen beim Erreichen ihrer Positionierungsziele spricht f\u00fcr sich. Wir haben zahlreichen Unternehmen erfolgreich dabei geholfen, ihre Marktsichtbarkeit, Kundenbindung und allgemeine Markenwahrnehmung durch effektive Produktpositionierungsstrategien zu verbessern.<\/li>\n<\/ul>\n\n\n<h2>Unser Standort in New York<\/h2>\n<p><!-- \/wp:post-content --> <!-- wp:html --> <iframe loading=\"lazy\" src=\"https:\/\/www.google.com\/maps\/embed?pb=!1m18!1m12!1m3!1d3022.976188376966!2d-73.99130312499956!3d40.740549471389315!2m3!1f0!2f0!3f0!3m2!1i1024!2i768!4f13.1!3m3!1m2!1s0x89c259a15798c731%3A0xd695d09bdd495f25!2s11%20E%2022nd%20St%20FL%202%2C%20New%20York%2C%20NY%2010010%2C%20USA!5e0!3m2!1sen!2spe!4v1726171763526!5m2!1sen!2spe\" width=\"600\" height=\"450\" allowfullscreen=\"allowfullscreen\" data-mce-fragment=\"1\"><\/iframe> <!-- \/wp:html --> <!-- wp:paragraph --><\/p>\n<h3 class=\"wp-block-heading\">11 E 22nd Street, Floor 2, New York, NY 10010 T: +1(212) 505-6805<\/h3>\n<hr \/>\n<h2><strong>\u00dcber SIS International<\/strong><\/h2>\n<p><a href=\"https:\/\/www.sisinternational.com\/de\/\"><span style=\"font-weight: 400;\">SIS International<\/span><\/a><span style=\"font-weight: 400;\"> bietet quantitative, qualitative und strategische Forschung an. Wir liefern Daten, Tools, Strategien, Berichte und Erkenntnisse zur Entscheidungsfindung. Wir f\u00fchren auch Interviews, Umfragen, Fokusgruppen und andere Methoden und Ans\u00e4tze der Marktforschung durch.<\/span><a href=\"https:\/\/www.sisinternational.com\/de\/uber-sis-international-research\/contact-sis-international-market-research\/\"><span style=\"font-weight: 400;\"> Kontakt<\/span><\/a><span style=\"font-weight: 400;\"> f\u00fcr Ihr n\u00e4chstes Marktforschungsprojekt.<\/span><\/p>\n<p><!-- wp:separator --><\/p>\n<hr class=\"wp-block-separator has-alpha-channel-opacity\"\/>\n<!-- \/wp:separator --><\/p>","protected":false},"excerpt":{"rendered":"<p>B2B Product Positioning Market Research In an era where data drives decisions, B2B product positioning market research gives companies the insights they need to stand out, resonate with customers, and thrive in competitive markets Have you ever asked yourself what truly makes a product resonate with the right audience in a crowded B2B market? Clearly &#8230; <a title=\"B2B Produktpositionierung Marktforschung\" class=\"read-more\" href=\"https:\/\/www.sisinternational.com\/de\/losungen\/b2b-marktforschung\/b2b-produktpositionierungsmarktforschung\/\" aria-label=\"Mehr Informationen \u00fcber B2B Product Positioning Market Research\">Weiterlesen \u2026<\/a><\/p>","protected":false},"author":1,"featured_media":62503,"parent":11292,"menu_order":8,"comment_status":"closed","ping_status":"closed","template":"","meta":{"footnotes":""},"class_list":["post-53888","page","type-page","status-publish","has-post-thumbnail"],"_links":{"self":[{"href":"https:\/\/www.sisinternational.com\/de\/wp-json\/wp\/v2\/pages\/53888","targetHints":{"allow":["GET"]}}],"collection":[{"href":"https:\/\/www.sisinternational.com\/de\/wp-json\/wp\/v2\/pages"}],"about":[{"href":"https:\/\/www.sisinternational.com\/de\/wp-json\/wp\/v2\/types\/page"}],"author":[{"embeddable":true,"href":"https:\/\/www.sisinternational.com\/de\/wp-json\/wp\/v2\/users\/1"}],"replies":[{"embeddable":true,"href":"https:\/\/www.sisinternational.com\/de\/wp-json\/wp\/v2\/comments?post=53888"}],"version-history":[{"count":17,"href":"https:\/\/www.sisinternational.com\/de\/wp-json\/wp\/v2\/pages\/53888\/revisions"}],"predecessor-version":[{"id":81048,"href":"https:\/\/www.sisinternational.com\/de\/wp-json\/wp\/v2\/pages\/53888\/revisions\/81048"}],"up":[{"embeddable":true,"href":"https:\/\/www.sisinternational.com\/de\/wp-json\/wp\/v2\/pages\/11292"}],"wp:featuredmedia":[{"embeddable":true,"href":"https:\/\/www.sisinternational.com\/de\/wp-json\/wp\/v2\/media\/62503"}],"wp:attachment":[{"href":"https:\/\/www.sisinternational.com\/de\/wp-json\/wp\/v2\/media?parent=53888"}],"curies":[{"name":"wp","href":"https:\/\/api.w.org\/{rel}","templated":true}]}}