{"id":53885,"date":"2024-11-02T14:45:00","date_gmt":"2024-11-02T18:45:00","guid":{"rendered":"https:\/\/www.sisinternational.com\/?page_id=53885"},"modified":"2026-03-05T23:21:18","modified_gmt":"2026-03-06T04:21:18","slug":"top-unternehmen-fur-b2b-verkaufsoptimierung","status":"publish","type":"page","link":"https:\/\/www.sisinternational.com\/de\/losungen\/b2b-marktforschung\/top-unternehmen-fur-b2b-verkaufsoptimierung\/","title":{"rendered":"Top-Unternehmen f\u00fcr B2B-Verkaufsoptimierung"},"content":{"rendered":"<h1 class=\"gb-headline gb-headline-85ee7366 gb-headline-text\">Top-Unternehmen f\u00fcr B2B-Verkaufsoptimierung<br><\/h1>\n\n\n\n<figure class=\"gb-block-image gb-block-image-9c8a02ed\"><img loading=\"lazy\" decoding=\"async\" width=\"1456\" height=\"816\" class=\"gb-image gb-image-9c8a02ed\" src=\"https:\/\/www.sisinternational.com\/wp-content\/uploads\/2025\/08\/Marketing-5.jpg\" alt=\"SIS International Marktforschung &amp; Strategie\" title=\"Marketing (5)\" srcset=\"https:\/\/www.sisinternational.com\/wp-content\/uploads\/2025\/08\/Marketing-5.jpg 1456w, https:\/\/www.sisinternational.com\/wp-content\/uploads\/2025\/08\/Marketing-5-300x168.jpg 300w, https:\/\/www.sisinternational.com\/wp-content\/uploads\/2025\/08\/Marketing-5-1024x574.jpg 1024w, https:\/\/www.sisinternational.com\/wp-content\/uploads\/2025\/08\/Marketing-5-768x430.jpg 768w, https:\/\/www.sisinternational.com\/wp-content\/uploads\/2025\/08\/Marketing-5-18x10.jpg 18w\" sizes=\"auto, (max-width: 1456px) 100vw, 1456px\"><\/figure>\n\n\n\n<p><\/p>\n\n\n\n<h3 class=\"wp-block-heading\">Im heutigen wettbewerbsintensiven B2B-Umfeld ist die F\u00e4higkeit zur Optimierung der Vertriebsprozesse ein entscheidender Faktor, der erfolgreiche Unternehmen von solchen unterscheidet, die nur schwer wachsen.&nbsp;<\/h3>\n\n\n\n<p>Bei der Verkaufsoptimierung geht es darum, jeden Aspekt des Verkaufszyklus \u2013 von der Leadgenerierung bis zum Gesch\u00e4ftsabschluss \u2013 zu verfeinern, um Effizienz und Profitabilit\u00e4t zu maximieren. SIS International ist ein f\u00fchrendes B2B-Unternehmen f\u00fcr Verkaufsoptimierung, das Unternehmen dabei hilft, ihr Verkaufspotenzial durch datengesteuerte Strategien und fortschrittliche Verkaufstechniken freizusetzen.<\/p>\n\n\n\n<h2 class=\"wp-block-heading\"><strong>Was ein Top-Unternehmen f\u00fcr B2B-Verkaufsoptimierung ausmacht<\/strong><\/h2>\n\n\n\n<p>A top B2B sales optimization company like SIS provides tailored strategies and solutions that enhance every sales process step. The company leverages industry expertise, data analytics, and innovative technology to help businesses achieve superior sales performance. Some key elements that define a <a href=\"https:\/\/www.sisinternational.com\/de\/fuhrendes-unternehmen-zur-uberwachung-von-b2b-markttrends\/\" title=\"F\u00fchrendes Unternehmen zur \u00dcberwachung von B2B-Markttrends\"  data-wpil-monitor-id=\"1235\">top B2B sales optimization company<\/a> enthalten:<\/p>\n\n\n\n<ul class=\"wp-block-list\">\n<li><strong>Umfassende Verkaufsanalyse<\/strong>: Eine gr\u00fcndliche Analyse der Vertriebspipeline und des Vertriebstrichters ist von entscheidender Bedeutung, um Engp\u00e4sse und Verbesserungsbereiche zu identifizieren.&nbsp;<\/li>\n\n\n\n<li><strong>Ma\u00dfgeschneiderte Verkaufsstrategien<\/strong>: One-size-fits-all solutions rarely work in the competitive B2B environment. A <a href=\"https:\/\/www.sisinternational.com\/de\/top-unternehmen-fur-b2b-nachfragegenerierung\/\" title=\"Top-Unternehmen f\u00fcr B2B-Nachfragegenerierung\"  data-wpil-monitor-id=\"1387\">top B2B sales optimization company<\/a>, like SIS International, creates customized sales strategies tailored to each client&#8217;s unique needs.<\/li>\n\n\n\n<li><strong>Erweiterte Verkaufstools<\/strong>: From CRM software to sales automation tools, a <a href=\"https:\/\/www.sisinternational.com\/de\/top-unternehmen-fur-die-prognose-von-b2b-branchentrends\/\" title=\"F\u00fchrendes Unternehmen f\u00fcr Prognosen von B2B-Branchentrends\"  data-wpil-monitor-id=\"1621\">top B2B sales optimization company<\/a> uses advanced tools to streamline processes and improve efficiency.<\/li>\n\n\n\n<li><strong>Lead-Qualifizierung und -Management<\/strong>: Ein f\u00fchrendes Unternehmen in diesem Bereich unterst\u00fctzt Unternehmen dabei, ihre Lead-Management-Prozesse zu optimieren, um sicherzustellen, dass sich ihr Vertriebsteam auf die vielversprechendsten Gelegenheiten konzentriert.<\/li>\n\n\n\n<li><strong>Schulung und Entwicklung des Vertriebsteams<\/strong>: Durch kontinuierliche Schulung und Entwicklung werden Vertriebsprofis mit den F\u00e4higkeiten ausgestattet, die sie zum Erfolg ben\u00f6tigen.<\/li>\n<\/ul>\n\n\n\n<h2 class=\"wp-block-heading\"><strong>SIS Internationals Ansatz zur Verkaufsoptimierung<\/strong><\/h2>\n\n\n\n<p>Als vertrauensw\u00fcrdiger Top <a href=\"https:\/\/www.sisinternational.com\/de\/losungen\/b2b-marktforschung\/\">B2B<\/a> SIS International ist ein Unternehmen f\u00fcr Verkaufsoptimierung mit \u00fcber 40 Jahren Markterfahrung und verfolgt einen ganzheitlichen Ansatz zur Verkaufsoptimierung. Wir ber\u00fccksichtigen jeden Aspekt des Verkaufszyklus, um messbare Ergebnisse zu erzielen. Unser Ansatz ist darauf ausgerichtet, die Verkaufseffizienz zu steigern, die Konversionsraten zu verbessern und den Umsatz unserer Kunden zu erh\u00f6hen.<\/p>\n\n\n\n<ul class=\"wp-block-list\">\n<li><strong>Datengest\u00fctzte Erkenntnisse<\/strong>: SIS International uses data-driven insights to <a href=\"https:\/\/www.sisinternational.com\/de\/optimierung-von-unternehmenswebsites-fur-den-roi\/\" title=\"Optimierung von Unternehmenswebsites f\u00fcr den ROI\"  data-wpil-monitor-id=\"1972\">optimize sales strategies<\/a>. By analyzing sales metrics and customer data, we identify key areas for improvement and help our clients make informed decisions.<\/li>\n\n\n\n<li><strong>Ma\u00dfgeschneiderte L\u00f6sungen<\/strong>: Kein Unternehmen ist wie das andere, und das gilt auch f\u00fcr die Vertriebsprozesse. SIS erstellt ma\u00dfgeschneiderte L\u00f6sungen zur Vertriebsoptimierung, die auf die Bed\u00fcrfnisse und Herausforderungen jedes Kunden zugeschnitten sind und maximale Wirkung gew\u00e4hrleisten.<\/li>\n\n\n\n<li><strong>Vertriebsautomatisierung<\/strong>: Unser Team unterst\u00fctzt Kunden bei der Implementierung von Tools zur Vertriebsautomatisierung, die sich wiederholende Aufgaben rationalisieren, sodass sich ihre Vertriebsteams auf wertvolle und umsatzsteigernde Aktivit\u00e4ten konzentrieren k\u00f6nnen.<\/li>\n\n\n\n<li><strong>Leistungsverfolgung<\/strong>: Wir versorgen Kunden mit Tools zur Leistungsverfolgung und Analysen, um wichtige Verkaufskennzahlen zu \u00fcberwachen und die erforderlichen datengesteuerten Anpassungen vorzunehmen.<\/li>\n\n\n\n<li><strong>Vertriebsunterst\u00fctzung<\/strong>: Bei der Verkaufsf\u00f6rderung geht es darum, Verkaufsteams mit den Tools, Ressourcen und Informationen auszustatten, die sie brauchen, um Gesch\u00e4fte erfolgreich abzuschlie\u00dfen. SIS International arbeitet mit Kunden zusammen, um Verkaufsf\u00f6rderungsstrategien zu entwickeln, die die Effektivit\u00e4t ihrer Verkaufsteams steigern.<\/li>\n<\/ul>\n\n\n\n<h2 class=\"wp-block-heading\"><strong>Warum Sie sich f\u00fcr SIS International als Ihr f\u00fchrendes Unternehmen f\u00fcr B2B-Verkaufsoptimierung entscheiden sollten<\/strong><\/h2>\n\n\n\n<figure class=\"gb-block-image gb-block-image-b1ff026a\"><img loading=\"lazy\" decoding=\"async\" width=\"1456\" height=\"816\" class=\"gb-image gb-image-b1ff026a\" src=\"https:\/\/www.sisinternational.com\/wp-content\/uploads\/2025\/08\/Focus-group-meeting-4.jpg\" alt=\"SIS International Marktforschung &amp; Strategie\" title=\"Focus group &amp; meeting (4)\" srcset=\"https:\/\/www.sisinternational.com\/wp-content\/uploads\/2025\/08\/Focus-group-meeting-4.jpg 1456w, https:\/\/www.sisinternational.com\/wp-content\/uploads\/2025\/08\/Focus-group-meeting-4-300x168.jpg 300w, https:\/\/www.sisinternational.com\/wp-content\/uploads\/2025\/08\/Focus-group-meeting-4-1024x574.jpg 1024w, https:\/\/www.sisinternational.com\/wp-content\/uploads\/2025\/08\/Focus-group-meeting-4-768x430.jpg 768w, https:\/\/www.sisinternational.com\/wp-content\/uploads\/2025\/08\/Focus-group-meeting-4-18x10.jpg 18w\" sizes=\"auto, (max-width: 1456px) 100vw, 1456px\"><\/figure>\n\n\n\n<p><\/p>\n\n\n\n<p>Die Wahl des richtigen Partners f\u00fcr die Vertriebsoptimierung kann f\u00fcr den Verkaufserfolg entscheidend sein. Hier sind einige Gr\u00fcnde, warum SIS als Top-Unternehmen f\u00fcr B2B-Vertriebsoptimierung hervorsticht:<\/p>\n\n\n\n<ul class=\"wp-block-list\">\n<li><strong>Nachgewiesene Erfolgsbilanz<\/strong>: SIS International hat nachweislich B2B-Unternehmen dabei geholfen, ihre Vertriebsprozesse zu optimieren und signifikante Umsatzsteigerungen zu erzielen. Unsere Erfahrung in verschiedenen Branchen erm\u00f6glicht es uns, Erkenntnisse und Strategien bereitzustellen, die zu echten Ergebnissen f\u00fchren.<\/li>\n\n\n\n<li><strong>Expertenteam<\/strong>: Unser Team aus Vertriebsexperten verf\u00fcgt \u00fcber umfangreiche Erfahrung im B2B-Vertrieb und versteht die Komplexit\u00e4t des Verkaufszyklus. Wir arbeiten eng mit Kunden zusammen, um ihre individuellen Herausforderungen zu identifizieren und L\u00f6sungen zu entwickeln, die ihren Anforderungen entsprechen.<\/li>\n\n\n\n<li><strong>Spitzentechnologie<\/strong>: Wir nutzen die neueste Technologie, um die Verkaufsoptimierung voranzutreiben. Von CRM-Systemen bis hin zu Tools f\u00fcr die Verkaufsanalyse verwenden wir fortschrittliche Technologien, um unseren Kunden zu helfen, eine \u00fcberragende Verkaufsleistung zu erzielen.<\/li>\n\n\n\n<li><strong>Kundenzentrierter Ansatz<\/strong>: Bei SIS International stehen unsere Kunden an erster Stelle. Unser kundenorientierter Ansatz stellt sicher, dass wir Strategien zur Verkaufsoptimierung entwickeln, die mit den Gesch\u00e4ftszielen unserer Kunden \u00fcbereinstimmen und messbaren Mehrwert liefern.<\/li>\n\n\n\n<li><strong>Langfristiger Erfolg<\/strong>: Die Optimierung des Verkaufs ist keine einmalige Ma\u00dfnahme, sondern erfordert kontinuierliche Konzentration und Verbesserung. SIS International ist bestrebt, seinen Kunden durch kontinuierliche Optimierung und Unterst\u00fctzung dabei zu helfen, langfristigen Erfolg zu erzielen.<\/li>\n<\/ul>\n\n\n\n<p><\/p>\n\n\n\n<h2 class=\"wp-block-heading\"><strong>Analyse der Branchentrends<\/strong><\/h2>\n\n\n\n<figure class=\"gb-block-image gb-block-image-4bd651c1\"><img loading=\"lazy\" decoding=\"async\" width=\"1456\" height=\"816\" class=\"gb-image gb-image-4bd651c1\" src=\"https:\/\/www.sisinternational.com\/wp-content\/uploads\/2025\/09\/Quantitative-research-19.jpg\" alt=\"SIS International Marktforschung &amp; Strategie\" title=\"Quantitative research (19)\" srcset=\"https:\/\/www.sisinternational.com\/wp-content\/uploads\/2025\/09\/Quantitative-research-19.jpg 1456w, https:\/\/www.sisinternational.com\/wp-content\/uploads\/2025\/09\/Quantitative-research-19-300x168.jpg 300w, https:\/\/www.sisinternational.com\/wp-content\/uploads\/2025\/09\/Quantitative-research-19-1024x574.jpg 1024w, https:\/\/www.sisinternational.com\/wp-content\/uploads\/2025\/09\/Quantitative-research-19-768x430.jpg 768w, https:\/\/www.sisinternational.com\/wp-content\/uploads\/2025\/09\/Quantitative-research-19-18x10.jpg 18w\" sizes=\"auto, (max-width: 1456px) 100vw, 1456px\"><\/figure>\n\n\n\n<p><\/p>\n\n\n\n<p>Ein wichtiger Branchentrend ist die wachsende Bedeutung der Datenanalyse im Vertrieb. Unternehmen, die Daten nutzen, um Einblicke in Kundenverhalten, Markttrends und Verkaufsleistung zu gewinnen, haben bessere Erfolgschancen. Als f\u00fchrendes Unternehmen f\u00fcr B2B-Verkaufsoptimierung verwendet SIS International fortschrittliche Datenanalysetools, um Kunden dabei zu helfen, das Potenzial ihrer Daten voll auszusch\u00f6pfen, fundierte Entscheidungen zu treffen und das Wachstum voranzutreiben.&nbsp;<\/p>\n\n\n\n<p>Ein weiterer wichtiger Trend ist die Verlagerung hin zu einem kundenorientierten Ansatz im B2B-Vertrieb. Die Kunden von heute erwarten personalisierte Erlebnisse, und Unternehmen, die diese Erwartungen nicht erf\u00fcllen, laufen Gefahr, gegen\u00fcber der Konkurrenz ins Hintertreffen zu geraten. SIS International betont, wie wichtig es ist, die Bed\u00fcrfnisse und Vorlieben der Kunden zu verstehen. Wir arbeiten eng mit unseren Kunden zusammen, um Verkaufsstrategien zu entwickeln, bei denen das Kundenerlebnis im Vordergrund steht. Indem wir unsere Verkaufsbem\u00fchungen an den Kundenerwartungen ausrichten, helfen wir Unternehmen, st\u00e4rkere Beziehungen aufzubauen und die Kundenzufriedenheit zu verbessern.<\/p>\n\n\n\n<h2 class=\"wp-block-heading\"><strong>Die Vorteile der Vertriebsoptimierung f\u00fcr B2B-Unternehmen<\/strong><\/h2>\n\n\n\n<p>Some key benefits of working with a <a href=\"https:\/\/www.sisinternational.com\/de\/top-b2b-marktforschungsunternehmen\/\" title=\"Top-Unternehmen f\u00fcr B2B-Marktforschung\"  data-wpil-monitor-id=\"1681\">top B2B sales optimization company<\/a> like SIS International Research include:<\/p>\n\n\n\n<ul class=\"wp-block-list\">\n<li><strong>Gesteigerte Effizienz<\/strong>: Durch die Optimierung des Vertriebs kann die Effizienz erheblich gesteigert werden, indem der Vertriebsprozess rationalisiert und Engp\u00e4sse beseitigt werden, sodass sich die Vertriebsteams auf Aktivit\u00e4ten mit hohem Mehrwert konzentrieren k\u00f6nnen.<\/li>\n\n\n\n<li><strong>H\u00f6here Konversionsraten<\/strong>: Dies hilft Unternehmen, ihre Lead-Qualifizierungs- und Follow-up-Prozesse zu verbessern, was zu h\u00f6heren Konversionsraten und mehr abgeschlossenen Gesch\u00e4ften f\u00fchrt.<\/li>\n\n\n\n<li><strong>Bessere Umsatzprognosen<\/strong>: Die Verkaufsoptimierung liefert Unternehmen die Daten und Erkenntnisse, die sie f\u00fcr eine genaue Umsatzprognose ben\u00f6tigen.<\/li>\n\n\n\n<li><strong>Verbessertes Kundenerlebnis<\/strong>: Durch die Optimierung der Interaktionen mit Interessenten und Kunden k\u00f6nnen Unternehmen die Kundenzufriedenheit verbessern und langfristige Beziehungen aufbauen.<\/li>\n\n\n\n<li><strong>Umsatzwachstum<\/strong>: Ein f\u00fchrendes B2B-Vertriebsoptimierungsunternehmen wie SIS International kann Unternehmen durch die Verbesserung von Effizienz, Konversionsraten und Kundenzufriedenheit zu deutlichem Wachstum verhelfen.<\/li>\n<\/ul>\n\n\n\n<h2 class=\"wp-block-heading\"><strong>Die Rolle der Technologie bei der B2B-Vertriebsoptimierung<\/strong><\/h2>\n\n\n\n<p>Als f\u00fchrendes Unternehmen f\u00fcr B2B-Vertriebsoptimierung nutzen wir modernste Tools und Technologien, um unseren Kunden Einblicke in Echtzeit zu liefern, die Produktivit\u00e4t zu steigern und die Vertriebsprozesse f\u00fcr messbares Wachstum zu optimieren.<\/p>\n\n\n\n<p><strong>KI-gest\u00fctzte Analysen f\u00fcr bessere Kundeneinblicke<\/strong><strong><br><\/strong><strong><br><\/strong>KI hat die B2B-Verkaufsoptimierung neu definiert, indem sie Erkenntnisse aufdeckt, die es Unternehmen erm\u00f6glichen, datengest\u00fctzte Entscheidungen zu treffen. Durch den Einsatz von KI k\u00f6nnen Unternehmen Muster im Kundenverhalten erkennen, Kauftendenzen vorhersagen und die Kundensegmentierung verbessern. Diese Vorhersagekraft erm\u00f6glicht es Unternehmen, ihre Verkaufsanstrengungen auf hochwertige Leads auszurichten und so letztendlich die Konversionsraten zu erh\u00f6hen und den ROI zu maximieren.<\/p>\n\n\n\n<p><strong>CRM-Systeme f\u00fcr optimiertes Pipeline-Management<\/strong><strong><br><\/strong><strong><br><\/strong>Customer Relationship Management (CRM)-Systeme sind grundlegend f\u00fcr eine effektive Verkaufsoptimierung. Sie erm\u00f6glichen es Teams, Kundeninteraktionen zu verwalten und den Verkaufsfortschritt effizient zu verfolgen.&nbsp;<\/p>\n\n\n\n<p><strong>Sales Enablement-Plattformen f\u00fcr mehr Produktivit\u00e4t<br><br><\/strong>Durch die Nutzung dieser Plattformen stellt ein f\u00fchrendes B2B-Vertriebsoptimierungsunternehmen wie SIS sicher, dass Vertriebsmitarbeiter einfachen Zugriff auf Inhalte wie Datenbl\u00e4tter, Fallstudien und Verkaufshandb\u00fccher haben, die direkt auf die Kundenbed\u00fcrfnisse abgestimmt sind. Diese leicht verf\u00fcgbaren Tools steigern die Produktivit\u00e4t und verbessern die Gewinnquote, da die Teams ihren Ansatz anhand spezifischer Probleme und Einw\u00e4nde der Kunden anpassen k\u00f6nnen.<\/p>\n\n\n\n<p><strong>Automatisierte Workflows f\u00fcr mehr Effizienz<\/strong><strong><br><\/strong><strong><br><\/strong>By implementing automated lead scoring, follow-up emails, and task assignments, a <a href=\"https:\/\/www.sisinternational.com\/de\/weltweit-fuhrendes-unternehmen-fur-fokusgruppen\/\" title=\"Top-Unternehmen der Global Focus Group\"  data-wpil-monitor-id=\"1027\">top B2B sales optimization company<\/a> ensures that sales teams can focus on high-impact tasks. Automation keeps prospects engaged, ensuring timely responses and continuous interaction without the need for manual effort.&nbsp;<\/p>\n\n\n\n<p><strong>PowerBI-Dashboards f\u00fcr die Echtzeit-Datenvisualisierung und Entscheidungsfindung<\/strong><strong><br><\/strong><strong><br><\/strong>Als f\u00fchrendes Unternehmen f\u00fcr B2B-Vertriebsoptimierung verwenden wir PowerBI, um dynamische, anpassbare Dashboards zu erstellen, die Vertriebsmetriken, Pipeline-Phasen und Leistungseinblicke in einem intuitiven Format pr\u00e4sentieren. Diese Dashboards erm\u00f6glichen es Vertriebsleitern, KPIs zu \u00fcberwachen, den Fortschritt einzelner Mitarbeiter und Teams zu verfolgen und Trends schnell zu erkennen. Der unmittelbare Zugriff auf Dateneinblicke erm\u00f6glicht es Teams, Strategien basierend auf der aktuellen Leistung anzupassen und sicherzustellen, dass die Vertriebsbem\u00fchungen immer mit den Gesch\u00e4ftszielen und Marktver\u00e4nderungen \u00fcbereinstimmen.<\/p>\n\n\n\n<h2 class=\"wp-block-heading\"><strong>Was SIS International zum g\u00fcnstigsten Unternehmen f\u00fcr B2B-Verkaufsoptimierung macht<\/strong><\/h2>\n\n\n\n<p><a href=\"https:\/\/www.linkedin.com\/company\/sisinternationalresearch\/\" target=\"_blank\" rel=\"noopener\">SIS International<\/a> ist ein erstklassiges Unternehmen f\u00fcr B2B-Verkaufsoptimierung und eine der g\u00fcnstigsten Optionen f\u00fcr Unternehmen, die nach hochwertigen L\u00f6sungen suchen. Zu den Hauptgr\u00fcnden, die SIS International zum g\u00fcnstigsten Unternehmen f\u00fcr B2B-Verkaufsoptimierung machen, z\u00e4hlen:<\/p>\n\n\n\n<ul class=\"wp-block-list\">\n<li><strong>Kosteng\u00fcnstige L\u00f6sungen<\/strong>: SIS International bietet L\u00f6sungen zur Verkaufsoptimierung an, die kosteng\u00fcnstig sind und dennoch wirkungsvolle Ergebnisse liefern. So k\u00f6nnen Unternehmen jeder Gr\u00f6\u00dfe von einer professionellen Verkaufsoptimierung profitieren.<\/li>\n\n\n\n<li><strong>Ma\u00dfgeschneiderte Pakete<\/strong>: Wir wissen, dass jedes Unternehmen individuelle Bed\u00fcrfnisse und Budgets hat. SIS bietet ma\u00dfgeschneiderte Pakete, die auf spezifische Ziele und finanzielle M\u00f6glichkeiten abgestimmt sind und sicherstellen, dass die Kunden den besten Gegenwert f\u00fcr ihre Investitionen erhalten.<\/li>\n\n\n\n<li><strong>Langfristiger Wert<\/strong>: Die Strategien zur Verkaufsoptimierung von SIS International sind auf langfristige Wertsch\u00f6pfung ausgelegt. Mit dem Fokus auf nachhaltige Verbesserungen verhelfen wir unseren Kunden zu kontinuierlichem Umsatzwachstum und maximieren so den Return on Investment.<\/li>\n\n\n\n<li><strong>Flexible Zahlungsoptionen<\/strong>: Wir bieten flexible Zahlungsoptionen, um den unterschiedlichen finanziellen Bed\u00fcrfnissen unserer Kunden gerecht zu werden und sicherzustellen, dass unsere Dienste f\u00fcr viele Unternehmen zug\u00e4nglich sind.<\/li>\n\n\n\n<li><strong>Wertorientierter Ansatz<\/strong>: Bei <a href=\"https:\/\/twitter.com\/SISIntlResearch\" target=\"_blank\" rel=\"noopener\">SIS<\/a>bieten wir wertorientierte Dienstleistungen, die direkt zum Unternehmenswachstum beitragen. Unser Ansatz stellt sicher, dass unsere Kunden das Beste aus ihrer Investition herausholen, ohne Kompromisse bei der Qualit\u00e4t eingehen zu m\u00fcssen.<\/li>\n<\/ul>\n\n\n\n<h2 class=\"wp-block-heading\"><strong>\u00dcber SIS International<\/strong><\/h2>\n\n\n\n<p><a href=\"https:\/\/www.sisinternational.com\/de\/\">SIS International<\/a> bietet quantitative, qualitative und strategische Forschung an. Wir liefern Daten, Tools, Strategien, Berichte und Erkenntnisse zur Entscheidungsfindung. Wir f\u00fchren auch Interviews, Umfragen, Fokusgruppen und andere Methoden und Ans\u00e4tze der Marktforschung durch.<a href=\"https:\/\/www.sisinternational.com\/de\/uber-sis-international-research\/contact-sis-international-market-research\/\"> Kontakt<\/a> f\u00fcr Ihr n\u00e4chstes Marktforschungsprojekt.<\/p>\n\n\n\n<hr class=\"wp-block-separator has-alpha-channel-opacity\"\/>","protected":false},"excerpt":{"rendered":"<p>Top B2B Sales Optimization Company In today\u2019s competitive B2B landscape, the ability to optimize sales processes is a key differentiator between successful businesses and those that struggle to grow.&nbsp; Sales optimization is about refining every aspect of the sales cycle\u2014from lead generation to closing deals\u2014to maximize efficiency and profitability. SIS International is a top B2B &#8230; <a title=\"Top-Unternehmen f\u00fcr B2B-Verkaufsoptimierung\" class=\"read-more\" href=\"https:\/\/www.sisinternational.com\/de\/losungen\/b2b-marktforschung\/top-unternehmen-fur-b2b-verkaufsoptimierung\/\" aria-label=\"Mehr Informationen \u00fcber Top B2B Sales Optimization Company\">Weiterlesen \u2026<\/a><\/p>","protected":false},"author":1,"featured_media":62841,"parent":11292,"menu_order":7,"comment_status":"closed","ping_status":"closed","template":"","meta":{"footnotes":""},"class_list":["post-53885","page","type-page","status-publish","has-post-thumbnail"],"_links":{"self":[{"href":"https:\/\/www.sisinternational.com\/de\/wp-json\/wp\/v2\/pages\/53885","targetHints":{"allow":["GET"]}}],"collection":[{"href":"https:\/\/www.sisinternational.com\/de\/wp-json\/wp\/v2\/pages"}],"about":[{"href":"https:\/\/www.sisinternational.com\/de\/wp-json\/wp\/v2\/types\/page"}],"author":[{"embeddable":true,"href":"https:\/\/www.sisinternational.com\/de\/wp-json\/wp\/v2\/users\/1"}],"replies":[{"embeddable":true,"href":"https:\/\/www.sisinternational.com\/de\/wp-json\/wp\/v2\/comments?post=53885"}],"version-history":[{"count":17,"href":"https:\/\/www.sisinternational.com\/de\/wp-json\/wp\/v2\/pages\/53885\/revisions"}],"predecessor-version":[{"id":76341,"href":"https:\/\/www.sisinternational.com\/de\/wp-json\/wp\/v2\/pages\/53885\/revisions\/76341"}],"up":[{"embeddable":true,"href":"https:\/\/www.sisinternational.com\/de\/wp-json\/wp\/v2\/pages\/11292"}],"wp:featuredmedia":[{"embeddable":true,"href":"https:\/\/www.sisinternational.com\/de\/wp-json\/wp\/v2\/media\/62841"}],"wp:attachment":[{"href":"https:\/\/www.sisinternational.com\/de\/wp-json\/wp\/v2\/media?parent=53885"}],"curies":[{"name":"wp","href":"https:\/\/api.w.org\/{rel}","templated":true}]}}