{"id":53882,"date":"2024-11-01T14:39:00","date_gmt":"2024-11-01T18:39:00","guid":{"rendered":"https:\/\/www.sisinternational.com\/?page_id=53882"},"modified":"2026-03-05T23:21:44","modified_gmt":"2026-03-06T04:21:44","slug":"top-b2b-marktforschungsunternehmen","status":"publish","type":"page","link":"https:\/\/www.sisinternational.com\/de\/losungen\/b2b-marktforschung\/top-b2b-marktforschungsunternehmen\/","title":{"rendered":"Top-Unternehmen f\u00fcr B2B-Marktforschung"},"content":{"rendered":"<h1 class=\"gb-headline gb-headline-dcb7176a gb-headline-text\">Top-Unternehmen f\u00fcr B2B-Marktforschung<\/h1>\n\n\n\n<figure class=\"gb-block-image gb-block-image-ece0678a\"><img loading=\"lazy\" decoding=\"async\" width=\"1456\" height=\"816\" class=\"gb-image gb-image-ece0678a\" src=\"https:\/\/www.sisinternational.com\/wp-content\/uploads\/2025\/09\/Research-2.jpg\" alt=\"SIS International Marktforschung &amp; Strategie\" title=\"Research (2)\" srcset=\"https:\/\/www.sisinternational.com\/wp-content\/uploads\/2025\/09\/Research-2.jpg 1456w, https:\/\/www.sisinternational.com\/wp-content\/uploads\/2025\/09\/Research-2-300x168.jpg 300w, https:\/\/www.sisinternational.com\/wp-content\/uploads\/2025\/09\/Research-2-1024x574.jpg 1024w, https:\/\/www.sisinternational.com\/wp-content\/uploads\/2025\/09\/Research-2-768x430.jpg 768w, https:\/\/www.sisinternational.com\/wp-content\/uploads\/2025\/09\/Research-2-18x10.jpg 18w\" sizes=\"auto, (max-width: 1456px) 100vw, 1456px\"><\/figure>\n\n\n\n<p><\/p>\n\n\n\n<h3 class=\"wp-block-heading\">Das f\u00fchrende B2B-Marktforschungsunternehmen kombiniert fortschrittliche Technologie und Expertenanalysen f\u00fcr beispiellosen Markterfolg.<\/h3>\n\n\n\n<p>Haben Sie sich schon einmal gefragt, was erfolgreiche B2B-Unternehmen vom Rest unterscheidet? Die Antwort ist die Qualit\u00e4t ihrer Marktforschung. B2B-Marktforschungsprozess \u2013 und SIS International, ein f\u00fchrendes B2B-Marktforschungsunternehmen, hilft Unternehmen, sich in der komplexen Marktdynamik zurechtzufinden und liefert wichtige Erkenntnisse, die sicherstellen, dass Unternehmen der Konkurrenz immer einen Schritt voraus sind.<\/p>\n\n\n\n<h2 class=\"wp-block-heading\"><strong>Was SIS International zu einem Top-Unternehmen f\u00fcr B2B-Marktforschung macht<\/strong><\/h2>\n\n\n\n<p>A <a href=\"https:\/\/www.sisinternational.com\/de\/losungen\/legal-market-research\/scheinjury-marktforschung-3\/\" title=\"Top-Unternehmen f\u00fcr Scheinjury-Marktforschung\"  data-wpil-monitor-id=\"924\">top B2B market research<\/a> firm delivers high-quality, actionable insights that drive business success. It combines industry-specific knowledge, innovative methods, and a client-focused approach to ensure the research meets each client&#8217;s unique needs.<\/p>\n\n\n\n<p>By delivering relevant and actionable insights, these firms help businesses make informed decisions that lead to sustained growth and competitive advantage. Additionally, a <a href=\"https:\/\/www.sisinternational.com\/de\/weltweit-fuhrendes-unternehmen-fur-qualitative-forschung\/\" title=\"Weltweit f\u00fchrendes Unternehmen f\u00fcr qualitative Forschung\"  data-wpil-monitor-id=\"1041\">top B2B market research<\/a> firm is committed to maintaining a client-centric approach, ensuring that every research project aligns with the client&#8217;s objectives and delivers measurable value. particularly, we offer:<\/p>\n\n\n\n<ul class=\"wp-block-list\">\n<li><strong>Umfassende Branchenexpertise<\/strong>: Branchenspezifisches Wissen erm\u00f6glicht es Forschungsunternehmen, ihren Kunden hochrelevante Einblicke in die M\u00e4rkte zu geben. SIS International verf\u00fcgt \u00fcber umfassende Branchenerfahrung und stellt sicher, dass die Forschung auf die Herausforderungen und Chancen jedes Sektors zugeschnitten ist.<\/li>\n\n\n\n<li><strong>Ma\u00dfgeschneiderte Forschungsl\u00f6sungen<\/strong>: Wirksam<a href=\"https:\/\/www.sisinternational.com\/de\/losungen\/b2b-marktforschung\/\"> B2B-Marktforschung<\/a> ist keine Einheitsl\u00f6sung. SIS International bietet ma\u00dfgeschneiderte Forschungsl\u00f6sungen, die auf die individuellen Ziele jedes Kunden abgestimmt sind und sicherstellen, dass die gewonnenen Erkenntnisse direkt auf das Unternehmen anwendbar sind.<\/li>\n\n\n\n<li><strong>Nachgewiesene Erfolgsbilanz<\/strong>: Die besten Marktforschungsunternehmen haben nachweislich qualitativ hochwertige Erkenntnisse geliefert, die zu greifbaren Gesch\u00e4ftsergebnissen f\u00fchren. Die langj\u00e4hrige Erfahrung und die Erfolgsgeschichten von SIS International zeigen, dass das Unternehmen Unternehmen den Wettbewerbsvorteil verschaffen kann, den sie f\u00fcr ihren Erfolg ben\u00f6tigen.<\/li>\n\n\n\n<li><strong>Innovative Forschungsmethoden<\/strong>: Durch den Einsatz innovativer Techniken und fortschrittlicher Datenanalyse k\u00f6nnen sich Unternehmen von der Masse abheben. SIS International ist daf\u00fcr bekannt, moderne Technologien in seine Forschung zu integrieren, um genauere Erkenntnisse zu liefern.<\/li>\n\n\n\n<li><strong>Kundenzentrierter Ansatz<\/strong>: A <a href=\"https:\/\/www.sisinternational.com\/de\/weltweit-fuhrendes-unternehmen-fur-fokusgruppen\/\" title=\"Top-Unternehmen der Global Focus Group\"  data-wpil-monitor-id=\"1039\">top B2B market research<\/a> firm maintains a strong focus on the needs and goals of its clients, providing personalized and responsive service. SIS International ensures that its research process and recommendations align closely with client business objectives.<\/li>\n<\/ul>\n\n\n\n<h2 class=\"wp-block-heading\"><strong>Umfassende B2B-Marktforschungsdienstleistungen<\/strong><\/h2>\n\n\n\n<p><a href=\"https:\/\/www.linkedin.com\/company\/sisinternationalresearch\/\" target=\"_blank\" rel=\"noopener\">SIS International<\/a> offers a comprehensive range of B2B market research services to provide meaningful insights, support strategic decision-making, and drive client growth and competitiveness. Combining a deep understanding of <a href=\"https:\/\/www.sisinternational.com\/de\/agentic-ai-in-market-research\/\" title=\"Agentic AI in Market Research\" data-wpil-monitor-id=\"503\">market dynamics with advanced research<\/a> methodologies ensures that businesses receive high-quality, actionable data that directly contributes to their success. These core services include:<\/p>\n\n\n\n<p><\/p>\n\n\n\n<figure class=\"gb-block-image gb-block-image-23d5e901\"><img loading=\"lazy\" decoding=\"async\" width=\"686\" height=\"384\" class=\"gb-image gb-image-23d5e901\" src=\"https:\/\/www.sisinternational.com\/wp-content\/uploads\/2024\/11\/SIS-Research-Approach.png\" alt=\"SIS International Marktforschung &amp; Strategie\" title=\"SIS Forschungsansatz\" srcset=\"https:\/\/www.sisinternational.com\/wp-content\/uploads\/2024\/11\/SIS-Research-Approach.png 686w, https:\/\/www.sisinternational.com\/wp-content\/uploads\/2024\/11\/SIS-Research-Approach-300x168.png 300w, https:\/\/www.sisinternational.com\/wp-content\/uploads\/2024\/11\/SIS-Research-Approach-18x10.png 18w\" sizes=\"auto, (max-width: 686px) 100vw, 686px\"><\/figure>\n\n\n\n<p><\/p>\n\n\n\n<ul class=\"wp-block-list\">\n<li><strong>Qualitative Forschung<\/strong>: SIS International verwendet qualitative Forschungsmethoden wie Fokusgruppen, ausf\u00fchrliche Interviews und ethnografische Studien, um Unternehmen ein tiefes Verst\u00e4ndnis ihrer Zielgruppe zu vermitteln. Diese Methoden helfen dabei, die Motivationen und Verhaltensweisen aufzudecken, die die Entscheidungen der Kunden beeinflussen.<\/li>\n\n\n\n<li><strong>Quantitative Erhebungen<\/strong>: Quantitative surveys are a crucial part of <a href=\"https:\/\/www.sisinternational.com\/de\/weltweit-fuhrendes-unternehmen-fur-quantitative-marktforschung\/\" title=\"Weltweit f\u00fchrendes Unternehmen f\u00fcr quantitative Marktforschung\" data-wpil-monitor-id=\"1053\">B2B market<\/a> research, providing valuable data on customer preferences, market trends, and competitive positioning. SIS International designs and conducts surveys that provide statistically robust insights to help guide strategic decisions.<\/li>\n\n\n\n<li><strong>Wettbewerbsanalyse<\/strong>: SIS International f\u00fchrt gr\u00fcndliche Wettbewerbsanalysen durch, um seinen Kunden dabei zu helfen, Chancen und Risiken auf dem Markt zu erkennen und ihnen die Entwicklung von Strategien zu erm\u00f6glichen, mit denen sie ihre Konkurrenten \u00fcbertreffen.<\/li>\n\n\n\n<li><strong>Kundenreise-Mapping<\/strong>: Durch die Abbildung der Customer Journey k\u00f6nnen Unternehmen jede Interaktion eines Kunden mit ihrer Marke nachvollziehen. SIS International bietet Einblicke, die dazu beitragen, das Kundenerlebnis und die Kundenbindung zu verbessern.<\/li>\n\n\n\n<li><strong>Marktsegmentierung<\/strong>: Eine effektive Marktsegmentierung erm\u00f6glicht es Unternehmen, die richtigen Kunden anzusprechen. SIS International bietet detaillierte Segmentierungsanalysen, um Kunden bei der Anpassung ihrer Strategien und Angebote zu unterst\u00fctzen.<\/li>\n<\/ul>\n\n\n\n<h2 class=\"wp-block-heading\"><strong>Warum Unternehmen sich f\u00fcr SIS International f\u00fcr B2B-Marktforschung entscheiden<\/strong><\/h2>\n\n\n\n<p>There are several compelling reasons why businesses choose SIS International as their <a href=\"https:\/\/www.sisinternational.com\/de\/fuhrendes-unternehmen-zur-uberwachung-von-b2b-markttrends\/\" title=\"F\u00fchrendes Unternehmen zur \u00dcberwachung von B2B-Markttrends\" data-wpil-monitor-id=\"1216\">top B2B market<\/a> research partner. SIS International offers unmatched expertise, innovative research approaches, and a client-centric focus that ensures value and quality in every project. With deep insights, proven results, and region-specific expertise, SIS International has been a reliable partner for businesses seeking data-driven decision-making for over 40 years.<\/p>\n\n\n\n<ul class=\"wp-block-list\">\n<li><strong>Tiefe Einblicke<\/strong>: SIS International liefert qualitativ hochwertige Daten und Erkenntnisse, die Unternehmen dabei helfen, fundierte Entscheidungen zu treffen. Ihr Fokus auf umfassende Forschung stellt sicher, dass die Kunden ein umfassendes Verst\u00e4ndnis ihres Marktumfelds erhalten.<\/li>\n\n\n\n<li><strong>Innovative Ans\u00e4tze<\/strong>: SIS International nutzt innovative Forschungsmethoden, um innovative und praktische Erkenntnisse zu liefern. Seine fortschrittliche Datenanalyse und moderne Technologie heben es von anderen Unternehmen ab.<\/li>\n\n\n\n<li><strong>Klientenorientierte Methoden<\/strong>: SIS International priorisiert die Bed\u00fcrfnisse seiner Kunden und entwickelt Forschungsl\u00f6sungen, die spezifische gesch\u00e4ftliche Herausforderungen angehen. Dieser kundenorientierte Ansatz stellt sicher, dass der Forschungsprozess vollst\u00e4ndig mit den Gesch\u00e4ftszielen \u00fcbereinstimmt.<\/li>\n\n\n\n<li><strong>Regionale Expertise<\/strong>: Die regionale Expertise von SIS International hilft Unternehmen, die Nuancen verschiedener M\u00e4rkte zu verstehen. Durch die Nutzung lokaler Kenntnisse bieten sie Einblicke, die nicht nur genau, sondern auch kulturell relevant sind.<\/li>\n\n\n\n<li><strong>Erwiesene Ergebnisse<\/strong>: SIS International hat in der Vergangenheit nachweisbare Ergebnisse erzielt. Kunden profitieren von strategischen Erkenntnissen, die zu erh\u00f6htem Wachstum und verbesserter Entscheidungsfindung gef\u00fchrt haben.<\/li>\n<\/ul>\n\n\n\n<h2 class=\"wp-block-heading\"><strong>Branchenexpertise: Wir bedienen unterschiedliche Sektoren<\/strong><\/h2>\n\n\n\n<figure class=\"gb-block-image gb-block-image-ba2c7311\"><img loading=\"lazy\" decoding=\"async\" width=\"1456\" height=\"816\" class=\"gb-image gb-image-ba2c7311\" src=\"https:\/\/www.sisinternational.com\/wp-content\/uploads\/2025\/08\/Retail-18.jpg\" alt=\"SIS International Marktforschung &amp; Strategie\" title=\"Retail (18)\" srcset=\"https:\/\/www.sisinternational.com\/wp-content\/uploads\/2025\/08\/Retail-18.jpg 1456w, https:\/\/www.sisinternational.com\/wp-content\/uploads\/2025\/08\/Retail-18-300x168.jpg 300w, https:\/\/www.sisinternational.com\/wp-content\/uploads\/2025\/08\/Retail-18-1024x574.jpg 1024w, https:\/\/www.sisinternational.com\/wp-content\/uploads\/2025\/08\/Retail-18-768x430.jpg 768w, https:\/\/www.sisinternational.com\/wp-content\/uploads\/2025\/08\/Retail-18-18x10.jpg 18w\" sizes=\"auto, (max-width: 1456px) 100vw, 1456px\"><\/figure>\n\n\n\n<p>SIS International provides specialized <a href=\"https:\/\/www.sisinternational.com\/de\/marktforschung-fur-intelligente-mobilitat\/\" title=\"Marktforschung f\u00fcr intelligente Mobilit\u00e4t\" data-wpil-monitor-id=\"6854\">market research solutions<\/a> tailored to each sector&#8217;s unique needs. By leveraging our extensive expertise, We ensure businesses across diverse industries receive relevant and actionable insights. This industry-specific approach enables clients to make informed decisions, navigate challenges, and capitalize on opportunities. The industries served by SIS International include:<\/p>\n\n\n\n<ul class=\"wp-block-list\">\n<li><strong>Technologie<\/strong>: Helping tech <a href=\"https:\/\/www.sisinternational.com\/de\/top-unternehmen-fur-die-prognose-von-b2b-branchentrends\/\" title=\"F\u00fchrendes Unternehmen f\u00fcr Prognosen von B2B-Branchentrends\" data-wpil-monitor-id=\"1629\">companies understand rapidly evolving trends<\/a>, consumer needs, and competitive landscapes.<\/li>\n\n\n\n<li><strong>Finanzen<\/strong>: Bereitstellung von Einblicken f\u00fcr Finanzinstitute in Marktchancen, Risikobewertung und Kundenverhalten.<\/li>\n\n\n\n<li><strong>Gesundheitswesen<\/strong>: Unterst\u00fctzung von Gesundheitsunternehmen beim Verst\u00e4ndnis der Patientenbed\u00fcrfnisse, des regulatorischen Umfelds und des Marktzugangs.<\/li>\n\n\n\n<li><strong>Konsumg\u00fcter<\/strong>: Konsumg\u00fcterunternehmen erhalten die Einblicke, die sie zum Verst\u00e4ndnis von Markttrends, Kundenpr\u00e4ferenzen und Einzelhandelsdynamik ben\u00f6tigen.<\/li>\n\n\n\n<li><strong>Herstellung<\/strong>: Wir helfen Herstellern, die Herausforderungen der Lieferkette, die Marktnachfrage und die Wettbewerbsposition zu verstehen.<\/li>\n<\/ul>\n\n\n\n<h2 class=\"wp-block-heading\"><strong>Globale Reichweite und regionale Expertise<\/strong><\/h2>\n\n\n\n<p>SIS International verf\u00fcgt \u00fcber umfassende Forschungserfahrung in zahlreichen Regionen, darunter Nordamerika, Europa, Asien und Lateinamerika.<\/p>\n\n\n\n<ul class=\"wp-block-list\">\n<li><strong>Kulturelle sensibilit\u00e4t<\/strong>: SIS International ber\u00fccksichtigt kulturelle Unterschiede, um Erkenntnisse zu liefern, die f\u00fcr jede Region wirklich relevant sind.<\/li>\n\n\n\n<li><strong>Lokale Marktkenntnisse<\/strong>: Regionale Expertise stellt sicher, dass Unternehmen das lokale Verbraucherverhalten und die gesetzlichen Anforderungen verstehen.<\/li>\n\n\n\n<li><strong>Globales Netzwerk<\/strong>: SIS International\u2019s global network of researchers and analysts allows them to provide <a href=\"https:\/\/www.sisinternational.com\/de\/nicotine-pouches-market-research\/\" title=\"Nicotine Pouches Market Research\" data-wpil-monitor-id=\"877\">top B2B<\/a> market research services across different markets.<\/li>\n\n\n\n<li><strong>Unterst\u00fctzung bei der internationalen Expansion<\/strong>: SIS International unterst\u00fctzt Unternehmen beim selbstbewussten Eintritt in neue M\u00e4rkte, indem es Einblicke in die lokale Konkurrenz, Verbraucherpr\u00e4ferenzen und Marktdynamik bietet.<\/li>\n\n\n\n<li><strong>Fallstudien<\/strong>: Beispiele erfolgreicher Projekte, die von SIS International in verschiedenen Regionen durchgef\u00fchrt wurden, unterstreichen ihre F\u00e4higkeit, relevante und wirkungsvolle Erkenntnisse zu liefern.<\/li>\n<\/ul>\n\n\n\n<h2 class=\"wp-block-heading\"><strong>Der Einfluss der Marktforschung auf den Gesch\u00e4ftserfolg<\/strong><\/h2>\n\n\n\n<p>Top <a href=\"https:\/\/www.sisinternational.com\/de\/b2b-leadgenerierung-marktforschung\/\" title=\"Marktforschung zur B2B-Leadgenerierung\" data-wpil-monitor-id=\"1346\">B2B-Marktforschung<\/a> firms, like SIS International, empower companies to make informed choices by delivering insights that directly impact their strategy, growth, and operational efficiency. Some of the key benefits include:<\/p>\n\n\n\n<ul class=\"wp-block-list\">\n<li><strong>Besseres Kundenverst\u00e4ndnis<\/strong>: Indem sie die Vorlieben und Verhaltensweisen ihrer Kunden verstehen, k\u00f6nnen Unternehmen ihre Angebote optimal an die Marktnachfrage anpassen.<\/li>\n\n\n\n<li><strong>Informiertes strategisches Wachstum<\/strong>: Die Erkenntnisse von SIS International helfen Unternehmen, neue M\u00f6glichkeiten zu erkennen, Produktangebote zu optimieren und Ressourcen effizient zuzuweisen.<\/li>\n\n\n\n<li><strong>Wettbewerbsvorteil<\/strong>: Staying ahead of the competition requires understanding the competitive landscape. Our market research gives clients the knowledge to develop <a href=\"https:\/\/www.sisinternational.com\/de\/grosforschung-fur-kleine-unternehmen\/\" title=\"Gro\u00dfforschung f\u00fcr kleine Unternehmen\" data-wpil-monitor-id=\"2342\">strategies<\/a> that outperform their rivals.<\/li>\n\n\n\n<li><strong>Risikominimierung<\/strong>: Marktforschung hilft dabei, potenzielle Risiken und Herausforderungen zu erkennen, sodass Unternehmen proaktiv Ma\u00dfnahmen zu deren Minderung ergreifen k\u00f6nnen.<\/li>\n\n\n\n<li><strong>Verbesserte Kundenzufriedenheit<\/strong>: Indem Unternehmen die Probleme und Vorlieben ihrer Kunden verstehen, k\u00f6nnen sie ihre Produkte und Dienstleistungen verbessern und so die Kundenzufriedenheit steigern.<\/li>\n<\/ul>\n\n\n\n<h2 class=\"wp-block-heading\"><strong>Die Rolle der Technologie in der modernen B2B-Marktforschung<\/strong><\/h2>\n\n\n\n<figure class=\"gb-block-image gb-block-image-38b43cca\"><img loading=\"lazy\" decoding=\"async\" width=\"1456\" height=\"816\" class=\"gb-image gb-image-38b43cca\" src=\"https:\/\/www.sisinternational.com\/wp-content\/uploads\/2025\/09\/FinTech-Terch-technology-AI-artificial-intelligence-8.jpg\" alt=\"SIS International Marktforschung &amp; Strategie\" title=\"FinTech Terch technology AI artificial intelligence (8)\" srcset=\"https:\/\/www.sisinternational.com\/wp-content\/uploads\/2025\/09\/FinTech-Terch-technology-AI-artificial-intelligence-8.jpg 1456w, https:\/\/www.sisinternational.com\/wp-content\/uploads\/2025\/09\/FinTech-Terch-technology-AI-artificial-intelligence-8-300x168.jpg 300w, https:\/\/www.sisinternational.com\/wp-content\/uploads\/2025\/09\/FinTech-Terch-technology-AI-artificial-intelligence-8-1024x574.jpg 1024w, https:\/\/www.sisinternational.com\/wp-content\/uploads\/2025\/09\/FinTech-Terch-technology-AI-artificial-intelligence-8-768x430.jpg 768w, https:\/\/www.sisinternational.com\/wp-content\/uploads\/2025\/09\/FinTech-Terch-technology-AI-artificial-intelligence-8-18x10.jpg 18w\" sizes=\"auto, (max-width: 1456px) 100vw, 1456px\"><\/figure>\n\n\n\n<p><\/p>\n\n\n\n<p>In today\u2019s fast-paced business environment, technology is essential in empowering market research firms to deliver timely, accurate, and actionable insights. As a <a href=\"https:\/\/www.sisinternational.com\/de\/top-unternehmen-fur-b2b-markteinfuhrungsstrategien\/\" title=\"F\u00fchrendes Unternehmen f\u00fcr B2B-Markteinf\u00fchrungsstrategien\" data-wpil-monitor-id=\"1364\">top B2B market<\/a> research firm, SIS International harnesses cutting-edge technologies, including AI, blockchain, and advanced PowerBI dashboards, to elevate the quality of our insights and help clients stay ahead in competitive markets.<\/p>\n\n\n\n<p><strong>KI-gest\u00fctzte Analysen f\u00fcr pr\u00e4diktive Erkenntnisse<\/strong><strong><br><\/strong><strong><br><\/strong>AI has transformed <a href=\"https:\/\/www.sisinternational.com\/de\/b2b-produktpositionierungsmarktforschung\/\" title=\"B2B Produktpositionierung Marktforschung\" data-wpil-monitor-id=\"1459\">B2B-Marktforschung<\/a> by enabling predictive analytics and pattern recognition that were previously unattainable. As a top <a href=\"https:\/\/www.sisinternational.com\/de\/losungen\/b2b-marktforschung\/best-practices-for-b2b-market-research\/\" title=\"Best Practices for B2B Market Research\" data-wpil-monitor-id=\"1782\">B2B-Marktforschung<\/a> firm, SIS International uses AI to process vast amounts of data quickly, identifying trends and forecasting future market developments. With AI-driven algorithms, we uncover patterns in customer behavior, segment markets with precision, and deliver insights that help our clients make forward-looking decisions.&nbsp;<\/p>\n\n\n\n<p><strong>Blockchain f\u00fcr mehr Datensicherheit und Transparenz<\/strong><strong><br><\/strong><strong><br><\/strong>Blockchain technology has revolutionized data security and transparency, two pillars of reliable market research. For a top <a href=\"https:\/\/www.sisinternational.com\/de\/losungen\/b2b-markenbekanntheitsmarktforschung\/\" title=\"B2B-Marktforschung zur Markenbekanntheit\" data-wpil-monitor-id=\"2296\">B2B-Marktforschung<\/a> firm like SIS International, incorporating blockchain ensures the integrity and confidentiality of the data we collect and analyze. This is especially relevant for industries with stringent compliance requirements, where secure and traceable data is paramount.&nbsp;<\/p>\n\n\n\n<p><strong>PowerBI-Dashboards zur Echtzeit-Datenvisualisierung<\/strong><strong><br><\/strong><strong><br><\/strong>Visualizing complex data is essential for actionable insights, and PowerBI dashboards allow us to do just that in real time. As a top <a href=\"https:\/\/www.sisinternational.com\/de\/losungen\/b2b-online-community-marktforschungsunternehmen\/\" title=\"B2B Online Community Marktforschungsunternehmen\" data-wpil-monitor-id=\"2374\">B2B-Marktforschung<\/a> firm, SIS International employs PowerBI to transform intricate datasets into easy-to-understand, interactive visuals. These dashboards are customized to each client\u2019s needs, offering a seamless experience where stakeholders can interact with data, identify trends at a glance, and generate reports that support data-driven decision-making.&nbsp;<\/p>\n\n\n\n<h2 class=\"wp-block-heading\"><strong>Was macht SIS International zum g\u00fcnstigsten Unternehmen f\u00fcr erstklassige B2B-Marktforschung in New York?<\/strong><\/h2>\n\n\n\n<p>SIS International is a top-tier <a href=\"https:\/\/www.sisinternational.com\/de\/wahrnehmungen-in-b2b-markten-nutzen\/\" title=\"B2B Stakeholder-Marktforschung\" data-wpil-monitor-id=\"2708\">B2B-Marktforschung<\/a> firm and one of the most affordable choices for businesses seeking high-quality insights. Key reasons include:<\/p>\n\n\n\n<ul class=\"wp-block-list\">\n<li><strong>Kosteng\u00fcnstige L\u00f6sungen<\/strong>: SIS International bietet kosteng\u00fcnstige Forschungsl\u00f6sungen ohne Kompromisse bei der Qualit\u00e4t. So k\u00f6nnen Unternehmen jeder Gr\u00f6\u00dfe von professioneller Marktforschung profitieren.<\/li>\n\n\n\n<li><strong>Ma\u00dfgeschneiderte Pakete<\/strong>: Das Unternehmen bietet ma\u00dfgeschneiderte Pakete an, die auf die spezifischen Bed\u00fcrfnisse und Budgets der Kunden zugeschnitten sind und so sicherstellen, dass sie einen Gegenwert f\u00fcr ihre Investition erhalten.<\/li>\n\n\n\n<li><strong>Langfristiger Wert<\/strong>: SIS International\u2019s research is focused on delivering insights that lead to long-term business success. By providing actionable recommendations, the firm helps clients achieve sustained growth, maximizing the <a class=\"wpil_keyword_link\" href=\"https:\/\/www.sisinternational.com\/de\/return-on-investment-in-der-marktforschung\/\" title=\"Return on Investment in der Marktforschung\" data-wpil-keyword-link=\"linked\" data-wpil-monitor-id=\"191\">Return on Investment in der Marktforschung<\/a>.<\/li>\n\n\n\n<li><strong>Flexible Zahlungsoptionen<\/strong>: <a href=\"https:\/\/twitter.com\/SISIntlResearch\" target=\"_blank\" rel=\"noopener\">SIS<\/a> bietet flexible Zahlungsoptionen und macht seine Dienste so f\u00fcr Unternehmen mit unterschiedlichem Budget zug\u00e4nglich.<\/li>\n\n\n\n<li><strong>Wertorientierter Ansatz<\/strong>: We provide value-driven research directly contributing to business success, making it an affordable yet highly impactful <a href=\"https:\/\/www.sisinternational.com\/de\/losungen\/qualitative-quantitative-forschungslosungen\/discrete-choice-in-market-research\/\" title=\"Discrete Choice in Market Research\" data-wpil-monitor-id=\"925\">choice for B2B market research<\/a>.<\/li>\n<\/ul>\n\n\n\n<h2 class=\"wp-block-heading\"><strong>\u00dcber SIS International<\/strong><\/h2>\n\n\n\n<p><a href=\"https:\/\/www.sisinternational.com\/de\/\">SIS International<\/a> bietet quantitative, qualitative und strategische Forschung an. Wir liefern Daten, Tools, Strategien, Berichte und Erkenntnisse zur Entscheidungsfindung. Wir f\u00fchren auch Interviews, Umfragen, Fokusgruppen und andere Methoden und Ans\u00e4tze der Marktforschung durch.<a href=\"https:\/\/www.sisinternational.com\/de\/uber-sis-international-research\/contact-sis-international-market-research\/\"> Kontakt<\/a> f\u00fcr Ihr n\u00e4chstes Marktforschungsprojekt.<\/p>\n\n\n\n<hr class=\"wp-block-separator has-alpha-channel-opacity\"\/>","protected":false},"excerpt":{"rendered":"<p>Top B2B Market Research Company The top B2B market research firm combines advanced technology and expert analysis for unparalleled market success. Have you ever wondered what sets successful B2B companies apart from the rest? The answer is the quality of their market research. B2B market research process \u2013 and SIS International, a top B2B market &#8230; <a title=\"Top-Unternehmen f\u00fcr B2B-Marktforschung\" class=\"read-more\" href=\"https:\/\/www.sisinternational.com\/de\/losungen\/b2b-marktforschung\/top-b2b-marktforschungsunternehmen\/\" aria-label=\"Mehr Informationen \u00fcber Top B2B Market Research Company\">Weiterlesen \u2026<\/a><\/p>","protected":false},"author":1,"featured_media":69498,"parent":11292,"menu_order":6,"comment_status":"closed","ping_status":"closed","template":"","meta":{"footnotes":""},"class_list":["post-53882","page","type-page","status-publish","has-post-thumbnail"],"_links":{"self":[{"href":"https:\/\/www.sisinternational.com\/de\/wp-json\/wp\/v2\/pages\/53882","targetHints":{"allow":["GET"]}}],"collection":[{"href":"https:\/\/www.sisinternational.com\/de\/wp-json\/wp\/v2\/pages"}],"about":[{"href":"https:\/\/www.sisinternational.com\/de\/wp-json\/wp\/v2\/types\/page"}],"author":[{"embeddable":true,"href":"https:\/\/www.sisinternational.com\/de\/wp-json\/wp\/v2\/users\/1"}],"replies":[{"embeddable":true,"href":"https:\/\/www.sisinternational.com\/de\/wp-json\/wp\/v2\/comments?post=53882"}],"version-history":[{"count":24,"href":"https:\/\/www.sisinternational.com\/de\/wp-json\/wp\/v2\/pages\/53882\/revisions"}],"predecessor-version":[{"id":80430,"href":"https:\/\/www.sisinternational.com\/de\/wp-json\/wp\/v2\/pages\/53882\/revisions\/80430"}],"up":[{"embeddable":true,"href":"https:\/\/www.sisinternational.com\/de\/wp-json\/wp\/v2\/pages\/11292"}],"wp:featuredmedia":[{"embeddable":true,"href":"https:\/\/www.sisinternational.com\/de\/wp-json\/wp\/v2\/media\/69498"}],"wp:attachment":[{"href":"https:\/\/www.sisinternational.com\/de\/wp-json\/wp\/v2\/media?parent=53882"}],"curies":[{"name":"wp","href":"https:\/\/api.w.org\/{rel}","templated":true}]}}