{"id":53794,"date":"2024-10-20T22:29:44","date_gmt":"2024-10-21T02:29:44","guid":{"rendered":"https:\/\/www.sisinternational.com\/?page_id=53794"},"modified":"2026-01-27T15:25:24","modified_gmt":"2026-01-27T20:25:24","slug":"wann-sollte-qualitative-forschung-eingesetzt-werden","status":"publish","type":"page","link":"https:\/\/www.sisinternational.com\/de\/losungen\/qualitative-quantitative-forschungslosungen\/wann-sollte-qualitative-forschung-eingesetzt-werden\/","title":{"rendered":"Wann sollte qualitative Forschung eingesetzt werden?"},"content":{"rendered":"<h1 class=\"wp-block-heading\">Wann sollte qualitative Forschung eingesetzt werden?<\/h1>\n\n\n\n<figure class=\"gb-block-image gb-block-image-ff12d9d2\"><img loading=\"lazy\" decoding=\"async\" width=\"1456\" height=\"816\" class=\"gb-image gb-image-ff12d9d2\" src=\"https:\/\/www.sisinternational.com\/wp-content\/uploads\/2025\/08\/Interview-4.jpg\" alt=\"SIS International Marktforschung &amp; Strategie\" title=\"Interview (4)\" srcset=\"https:\/\/www.sisinternational.com\/wp-content\/uploads\/2025\/08\/Interview-4.jpg 1456w, https:\/\/www.sisinternational.com\/wp-content\/uploads\/2025\/08\/Interview-4-300x168.jpg 300w, https:\/\/www.sisinternational.com\/wp-content\/uploads\/2025\/08\/Interview-4-1024x574.jpg 1024w, https:\/\/www.sisinternational.com\/wp-content\/uploads\/2025\/08\/Interview-4-768x430.jpg 768w, https:\/\/www.sisinternational.com\/wp-content\/uploads\/2025\/08\/Interview-4-18x10.jpg 18w\" sizes=\"auto, (max-width: 1456px) 100vw, 1456px\"><\/figure>\n\n\n\n<p><\/p>\n\n\n\n<h3 class=\"wp-block-heading\">Um das Verhalten, die Motivationen und die Erfahrungen von Verbrauchern eingehend zu verstehen, eignet sich qualitative Forschung optimal.<\/h3>\n\n\n\n<p>Warum sollte man qualitative Forschung anderen Forschungsmethoden vorziehen? Wenn Unternehmen und Forscher wissen, wann qualitative Forschung sinnvoll ist, k\u00f6nnen sie tiefere und differenziertere Erkenntnisse gewinnen.<\/p>\n\n\n\n<h2 class=\"wp-block-heading\"><strong>Den Wert qualitativer Forschung erkunden<\/strong><\/h2>\n\n\n\n<p>Qualitative Forschung ist ein wirkungsvolles Instrument zum Verst\u00e4ndnis des Verhaltens, der Einstellungen und Erfahrungen von Verbrauchern. Im Gegensatz zur quantitativen Forschung, die sich auf numerische Daten und statistische Analysen konzentriert, versucht die qualitative Forschung, die Motivationen und Perspektiven einzelner Personen aufzudecken.<\/p>\n\n\n\n<p><strong>Wann ist qualitative Forschung sinnvoll?<\/strong><\/p>\n\n\n\n<p>Um den gr\u00f6\u00dftm\u00f6glichen Nutzen aus qualitativer Forschung zu ziehen, ist es wichtig zu wissen, wann man sie einsetzen sollte. In bestimmten Szenarien ist qualitative Forschung der wertvollste Ansatz, da sie es Forschern erm\u00f6glicht, Erkenntnisse zu gewinnen, die allein mit quantitativen Methoden nicht erfasst werden k\u00f6nnen.<\/p>\n\n\n\n<p><\/p>\n\n\n\n<figure class=\"gb-block-image gb-block-image-6b25e067\"><img loading=\"lazy\" decoding=\"async\" width=\"972\" height=\"396\" class=\"gb-image gb-image-6b25e067\" src=\"https:\/\/www.sisinternational.com\/wp-content\/uploads\/2024\/10\/market-research.png\" alt=\"SIS International Marktforschung &amp; Strategie\" title=\"Marktforschung\" srcset=\"https:\/\/www.sisinternational.com\/wp-content\/uploads\/2024\/10\/market-research.png 972w, https:\/\/www.sisinternational.com\/wp-content\/uploads\/2024\/10\/market-research-300x122.png 300w, https:\/\/www.sisinternational.com\/wp-content\/uploads\/2024\/10\/market-research-768x313.png 768w, https:\/\/www.sisinternational.com\/wp-content\/uploads\/2024\/10\/market-research-18x7.png 18w\" sizes=\"auto, (max-width: 972px) 100vw, 972px\"><\/figure>\n\n\n\n<p><\/p>\n\n\n\n<ul class=\"wp-block-list\">\n<li><strong>Die Motivation der Verbraucher verstehen<\/strong>: Qualitative Forschung eignet sich ideal, um herauszufinden, warum Verbraucher bestimmte Entscheidungen treffen. Mithilfe von Interviews oder Fokusgruppen k\u00f6nnen Forscher tiefere Einblicke in die Denkprozesse, Emotionen und Motivationen der Verbraucher gewinnen, die hinter ihren Handlungen stehen.<br><\/li>\n\n\n\n<li><strong>Entwicklung neuer Produkte<\/strong>: Bei der Entwicklung neuer Produkte oder Dienstleistungen hilft qualitative Forschung dabei, Kundenfeedback zu fr\u00fchen Prototypen oder Konzepten zu sammeln. Mit diesem Ansatz k\u00f6nnen Unternehmen die Bed\u00fcrfnisse und Vorlieben der Kunden verstehen, bevor sie mit der Produktion im gr\u00f6\u00dferen Ma\u00dfstab beginnen.<br><\/li>\n\n\n\n<li><strong>Komplexe Themen erkunden<\/strong>: Wenn ein Forschungsthema komplex ist oder ein differenziertes Verst\u00e4ndnis erfordert, k\u00f6nnen qualitative Methoden wie ausf\u00fchrliche Interviews oder ethnographische Studien eine umfassendere Perspektive bieten als eine Umfrage.<br><\/li>\n<\/ul>\n\n\n\n<h2 class=\"wp-block-heading\">Die Vorteile qualitativer Forschung gegen\u00fcber quantitativen Methoden<\/h2>\n\n\n\n<p>Die qualitative Forschung bietet gegen\u00fcber quantitativen Forschungsmethoden mehrere einzigartige Vorteile und ist daher in bestimmten Situationen die bevorzugte Wahl.<\/p>\n\n\n\n<ul class=\"wp-block-list\">\n<li><strong>Tiefe des Verst\u00e4ndnisses<\/strong>: Im Gegensatz zu quantitativen Umfragen, die numerische Daten sammeln, liefert qualitative Forschung umfassende, detaillierte Erkenntnisse. Forscher k\u00f6nnen die Gedanken, Gef\u00fchle und Erfahrungen der Teilnehmer durch Interviews, Fokusgruppen und Fallstudien erforschen.<br><\/li>\n\n\n\n<li><strong>Flexibilit\u00e4t<\/strong>: Qualitative Forschung ist im Vergleich zu strukturierten quantitativen Methoden flexibler. Forscher k\u00f6nnen Fragen und Ans\u00e4tze w\u00e4hrend der Studie anpassen, um neue Interessensgebiete zu erkunden, sobald diese auftauchen.<br><\/li>\n\n\n\n<li><strong>Verbraucherperspektive<\/strong>: Qualitative Forschung konzentriert sich auf das Verst\u00e4ndnis der Sichtweise des Verbrauchers. Dies macht sie besonders wertvoll beim Verst\u00e4ndnis komplexer Verhaltensmuster, Emotionen oder Einstellungen.<br><\/li>\n<\/ul>\n\n\n\n<h2 class=\"wp-block-heading\"><strong>Wann sollte keine qualitative Forschung eingesetzt werden?<\/strong><\/h2>\n\n\n\n<p>Zwar bietet die qualitative Forschung viele Vorteile, doch ist sie m\u00f6glicherweise nicht der effektivste Ansatz.<\/p>\n\n\n\n<ul class=\"wp-block-list\">\n<li><strong>Verallgemeinerungen im gro\u00dfen Ma\u00dfstab<\/strong>: Quantitative research is more suitable if the research aims to gather statistically valid data that can be generalized across a large population. <a href=\"https:\/\/www.sisinternational.com\/de\/sampling-techniques-in-qualitative-research-the-complete-guide-to-choosing-the-right-method\/\" title=\"Sampling Techniques in Qualitative Research: The Complete Guide to Choosing the Right Method\"  data-wpil-monitor-id=\"1472\">Qualitative research typically involves smaller sample<\/a> sizes, which limits the ability to make broad generalizations.<br><\/li>\n\n\n\n<li><strong>Messen numerischer Kennzahlen<\/strong>: Wenn numerische Daten wie Marktanteile, Verkaufszahlen oder Kundenbewertungen ben\u00f6tigt werden, sind quantitative Methoden besser geeignet, um messbare und statistisch g\u00fcltige Ergebnisse zu liefern.<br><\/li>\n\n\n\n<li><strong>Zeit- und Kostenbeschr\u00e4nkungen<\/strong>: Qualitative Forschung, wie z. B. ausf\u00fchrliche Interviews oder ethnografische Studien, kann zeitaufw\u00e4ndig und teuer sein. Quantitative Umfragen k\u00f6nnen geeigneter sein, wenn eine schnelle und kosteng\u00fcnstige Datenerfassung erforderlich ist.<br><\/li>\n<\/ul>\n\n\n\n<h2 class=\"wp-block-heading\"><strong>Kombination qualitativer und quantitativer Forschung<\/strong><\/h2>\n\n\n\n<figure class=\"gb-block-image gb-block-image-547e9e6d\"><img loading=\"lazy\" decoding=\"async\" width=\"1456\" height=\"816\" class=\"gb-image gb-image-547e9e6d\" src=\"https:\/\/www.sisinternational.com\/wp-content\/uploads\/2025\/09\/Quantitative-reseasrch-in-London-Qualitative-research-in-London-11.jpg\" alt=\"SIS International Marktforschung &amp; Strategie\" title=\"Quantitative reseasrch in London Qualitative research in London (11)\" srcset=\"https:\/\/www.sisinternational.com\/wp-content\/uploads\/2025\/09\/Quantitative-reseasrch-in-London-Qualitative-research-in-London-11.jpg 1456w, https:\/\/www.sisinternational.com\/wp-content\/uploads\/2025\/09\/Quantitative-reseasrch-in-London-Qualitative-research-in-London-11-300x168.jpg 300w, https:\/\/www.sisinternational.com\/wp-content\/uploads\/2025\/09\/Quantitative-reseasrch-in-London-Qualitative-research-in-London-11-1024x574.jpg 1024w, https:\/\/www.sisinternational.com\/wp-content\/uploads\/2025\/09\/Quantitative-reseasrch-in-London-Qualitative-research-in-London-11-768x430.jpg 768w, https:\/\/www.sisinternational.com\/wp-content\/uploads\/2025\/09\/Quantitative-reseasrch-in-London-Qualitative-research-in-London-11-18x10.jpg 18w\" sizes=\"auto, (max-width: 1456px) 100vw, 1456px\"><\/figure>\n\n\n\n<p><\/p>\n\n\n\n<p>Combining qualitative and quantitative methods can offer comprehensive insights for many research projects. Both approaches allow <a href=\"https:\/\/www.sisinternational.com\/de\/qualitative-forschung-in-china\/\" title=\"Qualitative Forschung in China\"  data-wpil-monitor-id=\"7354\">researchers to validate qualitative<\/a> insights with quantitative data, providing a holistic view of the research problem.<\/p>\n\n\n\n<ul class=\"wp-block-list\">\n<li><strong>Erg\u00e4nzende Einblicke<\/strong>: Qualitative Forschung kann tiefgreifende Einblicke in die Einstellungen der Verbraucher liefern, die dann mit quantitativen Umfragen validiert werden k\u00f6nnen. Dieser Ansatz stellt sicher, dass sowohl die Tiefe als auch die Breite der Verbraucherperspektiven erfasst werden.<br><\/li>\n\n\n\n<li><strong>Sequentielle Methodik<\/strong>: Forscher beginnen oft mit qualitativer Forschung, um ein Thema eingehend zu untersuchen, gefolgt von quantitativer Forschung, um die Ergebnisse anhand einer gr\u00f6\u00dferen Stichprobe zu testen und zu validieren. Dieser sequentielle Ansatz maximiert die St\u00e4rken beider Methoden.<br><\/li>\n<\/ul>\n\n\n\n<h2 class=\"wp-block-heading\"><strong>Herausforderungen bei der Durchf\u00fchrung qualitativer Forschung<\/strong><\/h2>\n\n\n\n<p>Qualitative Forschung ist ein wertvolles Instrument, bringt aber besondere Herausforderungen mit sich, auf die sich die Forscher einstellen m\u00fcssen.<\/p>\n\n\n\n<ul class=\"wp-block-list\">\n<li><strong>Subjektivit\u00e4t<\/strong>: Qualitative Forschung st\u00fctzt sich stark auf die Interpretationen des Forschers, was zu Verzerrungen f\u00fchren kann. Um Objektivit\u00e4t zu gew\u00e4hrleisten und Verzerrungen zu minimieren, sind sorgf\u00e4ltige Planung und ein klarer Forschungsrahmen erforderlich.<br><\/li>\n\n\n\n<li><strong>Kleine Stichprobengr\u00f6\u00dfe<\/strong>: An qualitativer Forschung werden in der Regel weniger Teilnehmer beteiligt, was die Generalisierbarkeit der Ergebnisse einschr\u00e4nken kann. Forscher m\u00fcssen den Zweck der Studie klar definieren und die Einschr\u00e4nkungen hinsichtlich der Stichprobengr\u00f6\u00dfe ber\u00fccksichtigen.<br><\/li>\n\n\n\n<li><strong>Zeitaufwendige Natur<\/strong>: Das F\u00fchren von Interviews, das Transkribieren von Daten und das Analysieren qualitativer Informationen kann zeitaufw\u00e4ndig sein. Forscher m\u00fcssen entsprechend planen, um sicherzustellen, dass gen\u00fcgend Zeit f\u00fcr die effektive Erfassung und Analyse der Daten bleibt.<\/li>\n<\/ul>\n\n\n\n<p><\/p>\n\n\n\n<h3 class=\"wp-block-heading\"><strong>Qualitative Forschung f\u00fcr Produktentwicklung und Innovation<\/strong><\/h3>\n\n\n\n<p>Qualitative Forschung ist bei der Produktentwicklung von entscheidender Bedeutung, insbesondere w\u00e4hrend der Ideenfindungs- und Konzepttestphasen. Durch die fr\u00fchzeitige Einbindung der Verbraucher in die Entwicklung k\u00f6nnen Unternehmen Produkte entwickeln, die den tats\u00e4chlichen Bed\u00fcrfnissen und Vorlieben der Verbraucher entsprechen.<\/p>\n\n\n\n<ul class=\"wp-block-list\">\n<li><strong>Verbraucherfeedback zu Prototypen<\/strong>: Durch qualitative Forschung k\u00f6nnen R\u00fcckmeldungen zu Produktprototypen gesammelt werden, sodass Unternehmen schrittweise Verbesserungen vornehmen k\u00f6nnen, bevor sie in die Serienproduktion investieren.<br><\/li>\n\n\n\n<li><strong>Unerf\u00fcllte Bed\u00fcrfnisse erkunden<\/strong>: Durch Interviews und Fokusgruppen k\u00f6nnen Forscher die Schwachstellen der Verbraucher untersuchen und unerf\u00fcllte Bed\u00fcrfnisse identifizieren, die zu neuen Produktinnovationen inspirieren k\u00f6nnen.<br><\/li>\n\n\n\n<li><strong>Kreative Co-Creation<\/strong>: Qualitative Forschung kann Verbraucher in die gemeinsame Entwicklung von Produkten einbeziehen und so einen kollaborativen Ansatz erm\u00f6glichen, bei dem die Verbraucherperspektive direkt in das Produktdesign einflie\u00dft.<br><\/li>\n<\/ul>\n\n\n\n<h3 class=\"wp-block-heading\"><strong>Verwendung qualitativer Forschung zum Verst\u00e4ndnis des kulturellen Kontexts<\/strong><\/h3>\n\n\n\n<figure class=\"gb-block-image gb-block-image-580fe254\"><img loading=\"lazy\" decoding=\"async\" width=\"1456\" height=\"816\" class=\"gb-image gb-image-580fe254\" src=\"https:\/\/www.sisinternational.com\/wp-content\/uploads\/2025\/09\/Quantitative-research-15.jpg\" alt=\"SIS International Marktforschung &amp; Strategie\" title=\"Quantitative research (15)\" srcset=\"https:\/\/www.sisinternational.com\/wp-content\/uploads\/2025\/09\/Quantitative-research-15.jpg 1456w, https:\/\/www.sisinternational.com\/wp-content\/uploads\/2025\/09\/Quantitative-research-15-300x168.jpg 300w, https:\/\/www.sisinternational.com\/wp-content\/uploads\/2025\/09\/Quantitative-research-15-1024x574.jpg 1024w, https:\/\/www.sisinternational.com\/wp-content\/uploads\/2025\/09\/Quantitative-research-15-768x430.jpg 768w, https:\/\/www.sisinternational.com\/wp-content\/uploads\/2025\/09\/Quantitative-research-15-18x10.jpg 18w\" sizes=\"auto, (max-width: 1456px) 100vw, 1456px\"><\/figure>\n\n\n\n<p><\/p>\n\n\n\n<p>Understanding the cultural context in which a product or service is used is critical for effective marketing and product development. Qualitative <a href=\"https:\/\/www.sisinternational.com\/de\/losungen\/qualitative-quantitative-forschungslosungen\/ethnographie\/\" title=\"Ethnographie Marktforschung\"  data-wpil-monitor-id=\"6469\">research methods such as ethnography<\/a> provide insights into the cultural factors influencing consumer behavior.<\/p>\n\n\n\n<ul class=\"wp-block-list\">\n<li><strong>Ethnographische Studien<\/strong>: Durch die Beobachtung von Verbrauchern in ihrer nat\u00fcrlichen Umgebung k\u00f6nnen Forscher die kulturellen Normen, Werte und Verhaltensweisen verstehen, die die Entscheidungen der Verbraucher beeinflussen.<br><\/li>\n\n\n\n<li><strong>Kulturelle Anpassung von Produkten<\/strong>: Qualitative Forschung hilft dabei, kulturelle Unterschiede zu erkennen, die sich auf die Produktakzeptanz auswirken k\u00f6nnen, und erm\u00f6glicht es Unternehmen, ihre Angebote an unterschiedliche M\u00e4rkte anzupassen.<br><\/li>\n\n\n\n<li><strong>Lokalisierung von Marketingkampagnen<\/strong>: Das Verst\u00e4ndnis kultureller Nuancen ist f\u00fcr die Entwicklung von Kampagnen, die bei bestimmten Zielgruppen Anklang finden, von entscheidender Bedeutung. Qualitative Forschung liefert die erforderlichen Erkenntnisse f\u00fcr die Erstellung kulturell relevanter Botschaften.<br><\/li>\n<\/ul>\n\n\n\n<h2 class=\"wp-block-heading\"><strong>Was SIS International Research zum TOP-Marktforschungsunternehmen f\u00fcr qualitative Forschung macht<\/strong><\/h2>\n\n\n\n<p><a href=\"https:\/\/www.linkedin.com\/company\/sisinternationalresearch\/\" target=\"_blank\" rel=\"noopener\">SIS International<\/a> Research ist f\u00fchrend bei der Bereitstellung von Markteinblicken durch qualitative Forschung. Unsere umfassenden Forschungskapazit\u00e4ten, Branchenkenntnisse und unser zukunftsorientierter Ansatz stellen sicher, dass unsere Kunden \u00fcber das Wissen verf\u00fcgen, das sie ben\u00f6tigen, um auf dem heutigen wettbewerbsintensiven Markt erfolgreich zu sein. So helfen wir:<\/p>\n\n\n\n<ul class=\"wp-block-list\">\n<li><strong>Expertenwissen in qualitativen Forschungsmethoden<\/strong>: <br><a href=\"https:\/\/twitter.com\/SISIntlResearch\" target=\"_blank\" rel=\"noopener\">SIS<\/a> verf\u00fcgt \u00fcber umfassende Erfahrung in der Durchf\u00fchrung qualitativer Forschung, einschlie\u00dflich Fokusgruppen, ausf\u00fchrlichen Interviews und ethnographischen Studien.<br><\/li>\n\n\n\n<li><strong>Ma\u00dfgeschneiderte Forschungsl\u00f6sungen<\/strong>: <br>Wir passen unsere Forschungsl\u00f6sungen an die spezifischen Bed\u00fcrfnisse unserer Kunden an. Ob es darum geht, die Motivationen der Verbraucher zu verstehen, neue Produktkonzepte zu erkunden oder die Markenwahrnehmung zu analysieren \u2013 unsere ma\u00dfgeschneiderten Forschungsergebnisse helfen unseren Kunden, der Konkurrenz immer einen Schritt voraus zu sein.<br><\/li>\n\n\n\n<li><strong>Umfassende Analyse<\/strong>: <br>Bei SIS International Research bieten wir eine ganzheitliche Analyse des Verbraucherverhaltens, indem wir unser umfangreiches Branchennetzwerk und unsere Verbindungen nutzen. <br><\/li>\n\n\n\n<li><strong>Partnerschaft mit Branchenf\u00fchrern<\/strong>: <br>Wir arbeiten eng mit f\u00fchrenden Unternehmen verschiedener Branchen zusammen, um unseren Kunden Einblicke aus erster Hand in die neuesten Entwicklungen bei den Verbraucherpr\u00e4ferenzen zu geben. Diese Partnerschaften stellen sicher, dass unsere Kunden die aktuellsten und relevantesten Informationen erhalten.<br><\/li>\n\n\n\n<li><strong>Datengest\u00fctzte Erkenntnisse f\u00fcr fundierte Entscheidungen<\/strong>: <br>Wir nutzen hochmoderne Datenanalysetools, um unseren Kunden umsetzbare Erkenntnisse zu liefern, die es ihnen erm\u00f6glichen, fundierte Entscheidungen \u00fcber Produktentwicklung, Marketing und strategische Investitionen zu treffen.<br><\/li>\n\n\n\n<li><strong>Engagement f\u00fcr Qualit\u00e4t und Innovation<\/strong>: <br>Unser Engagement f\u00fcr Qualit\u00e4t und Innovation zeichnet uns aus. Wir konzentrieren uns darauf, unseren Kunden bei der Entwicklung von Produkten und Strategien zu helfen, die bei den Verbrauchern Anklang finden, ihre Hauptanliegen ansprechen und Vertrauen in ihre Angebote aufbauen.<br><\/li>\n\n\n\n<li><strong>Trendprognose und strategische Planung<\/strong>: <br>Unsere Expertise in der Trendprognose hilft unseren Kunden, Ver\u00e4nderungen der Verbraucherpr\u00e4ferenzen vorherzusehen und sicherzustellen, dass sie f\u00fcr die Zukunft gut ger\u00fcstet sind.<br><\/li>\n\n\n\n<li><strong>Nachgewiesene Erfolgsbilanz<\/strong>: <br>SIS International Research has a track record of success, having helped shape the strategies of leading companies. Our research has been instrumental in driving successful product launches and informing strategic decisions, making us the go-to partner for market insights on when to use <a href=\"https:\/\/www.sisinternational.com\/de\/abdeckung\/die-amerikaner\/usa-berichterstattung\/marktforschung-in-delaware\/\" title=\"Marktforschung in Delaware\" data-wpil-monitor-id=\"5615\">qualitative<\/a> research.<br><\/li>\n<\/ul>\n\n\n\n<h2 class=\"wp-block-heading\">\u00dcber SIS International<\/h2>\n\n\n\n<p><a href=\"https:\/\/www.sisinternational.com\/de\/\">SIS International<\/a> bietet quantitative, qualitative und strategische Forschung an. Wir liefern Daten, Tools, Strategien, Berichte und Erkenntnisse zur Entscheidungsfindung. Wir f\u00fchren auch Interviews, Umfragen, Fokusgruppen und andere Methoden und Ans\u00e4tze der Marktforschung durch.<a href=\"https:\/\/www.sisinternational.com\/de\/uber-sis-international-research\/contact-sis-international-market-research\/\"> Kontakt<\/a> f\u00fcr Ihr n\u00e4chstes Marktforschungsprojekt.<\/p>","protected":false},"excerpt":{"rendered":"<p>When to Use Qualitative Research? Qualitative research is ideal for gaining an in-depth understanding of consumer behaviors, motivations, and experiences. Why choose qualitative research over other research methods? Understanding when to use qualitative research can help businesses and researchers uncover more profound, more nuanced insights. Exploring the Value of Qualitative Research Qualitative research is a &#8230; <a title=\"Wann sollte qualitative Forschung eingesetzt werden?\" class=\"read-more\" href=\"https:\/\/www.sisinternational.com\/de\/losungen\/qualitative-quantitative-forschungslosungen\/wann-sollte-qualitative-forschung-eingesetzt-werden\/\" aria-label=\"Mehr Informationen \u00fcber When to Use Qualitative Research?\">Weiterlesen \u2026<\/a><\/p>","protected":false},"author":1,"featured_media":62678,"parent":14660,"menu_order":57,"comment_status":"closed","ping_status":"closed","template":"","meta":{"footnotes":""},"class_list":["post-53794","page","type-page","status-publish","has-post-thumbnail"],"_links":{"self":[{"href":"https:\/\/www.sisinternational.com\/de\/wp-json\/wp\/v2\/pages\/53794","targetHints":{"allow":["GET"]}}],"collection":[{"href":"https:\/\/www.sisinternational.com\/de\/wp-json\/wp\/v2\/pages"}],"about":[{"href":"https:\/\/www.sisinternational.com\/de\/wp-json\/wp\/v2\/types\/page"}],"author":[{"embeddable":true,"href":"https:\/\/www.sisinternational.com\/de\/wp-json\/wp\/v2\/users\/1"}],"replies":[{"embeddable":true,"href":"https:\/\/www.sisinternational.com\/de\/wp-json\/wp\/v2\/comments?post=53794"}],"version-history":[{"count":10,"href":"https:\/\/www.sisinternational.com\/de\/wp-json\/wp\/v2\/pages\/53794\/revisions"}],"predecessor-version":[{"id":80998,"href":"https:\/\/www.sisinternational.com\/de\/wp-json\/wp\/v2\/pages\/53794\/revisions\/80998"}],"up":[{"embeddable":true,"href":"https:\/\/www.sisinternational.com\/de\/wp-json\/wp\/v2\/pages\/14660"}],"wp:featuredmedia":[{"embeddable":true,"href":"https:\/\/www.sisinternational.com\/de\/wp-json\/wp\/v2\/media\/62678"}],"wp:attachment":[{"href":"https:\/\/www.sisinternational.com\/de\/wp-json\/wp\/v2\/media?parent=53794"}],"curies":[{"name":"wp","href":"https:\/\/api.w.org\/{rel}","templated":true}]}}