{"id":53791,"date":"2024-10-21T23:32:05","date_gmt":"2024-10-22T03:32:05","guid":{"rendered":"https:\/\/www.sisinternational.com\/?page_id=53791"},"modified":"2026-01-24T18:21:41","modified_gmt":"2026-01-24T23:21:41","slug":"statische-vs-dynamische-autokliniken","status":"publish","type":"page","link":"https:\/\/www.sisinternational.com\/de\/sachverstand\/automobilmarktforschung\/statische-vs-dynamische-autokliniken\/","title":{"rendered":"Marktforschungsmethoden f\u00fcr die Automobilforschung \u2013 Statische vs. dynamische Autokliniken"},"content":{"rendered":"<h1 class=\"gb-headline gb-headline-da86504d gb-headline-text\">Marktforschungsmethoden f\u00fcr die Automobilforschung \u2013 Statische vs. dynamische Autokliniken<\/h1>\n\n\n\n<figure class=\"gb-block-image gb-block-image-685c36c5\"><img loading=\"lazy\" decoding=\"async\" width=\"1456\" height=\"816\" class=\"gb-image gb-image-685c36c5\" src=\"https:\/\/www.sisinternational.com\/wp-content\/uploads\/2025\/08\/Automotive-2.jpg\" alt=\"SIS International Marktforschung &amp; Strategie\" title=\"Automotive (2)\" srcset=\"https:\/\/www.sisinternational.com\/wp-content\/uploads\/2025\/08\/Automotive-2.jpg 1456w, https:\/\/www.sisinternational.com\/wp-content\/uploads\/2025\/08\/Automotive-2-300x168.jpg 300w, https:\/\/www.sisinternational.com\/wp-content\/uploads\/2025\/08\/Automotive-2-1024x574.jpg 1024w, https:\/\/www.sisinternational.com\/wp-content\/uploads\/2025\/08\/Automotive-2-768x430.jpg 768w, https:\/\/www.sisinternational.com\/wp-content\/uploads\/2025\/08\/Automotive-2-18x10.jpg 18w\" sizes=\"auto, (max-width: 1456px) 100vw, 1456px\"><\/figure>\n\n\n\n<p><\/p>\n\n\n\n<hr class=\"wp-block-separator has-alpha-channel-opacity is-style-dots\"\/>\n\n\n\n<p>Statische vs. dynamische Car Clinics sind entscheidende Bestandteile der Marktforschung in der Automobilindustrie. Statische Car Clinics nutzen Fokusgruppen zur Bewertung von Fahrzeugen, w\u00e4hrend dynamische Car Clinics Testfahrten von Verbrauchern beinhalten. Das Verst\u00e4ndnis der Vorteile und Unterschiede dieser Ans\u00e4tze kann Herstellern helfen, fundierte Entscheidungen \u00fcber Fahrzeugdesign und -entwicklung zu treffen.<\/p>\n\n\n\n<p>How can automotive manufacturers best understand consumer preferences? One key tool in automotive <a href=\"https:\/\/www.sisinternational.com\/de\/marktforschung-fur-vernetzte-fahrzeuge\/\" title=\"Marktforschung f\u00fcr vernetzte Fahrzeuge\"  data-wpil-monitor-id=\"2050\">research is car<\/a> clinics, but how do static and dynamic car clinics differ in providing these insights?<\/p>\n\n\n\n<h2 class=\"wp-block-heading\"><strong>Statische Autokliniken: Ein \u00dcberblick<\/strong><\/h2>\n\n\n\n<p>Statische Autokliniken sind beliebt, um Kundenfeedback zu neuen Fahrzeugmodellen zu sammeln. In einer statischen Klinik k\u00f6nnen Kunden Autos aus der N\u00e4he untersuchen, ihre Funktionen pr\u00fcfen und an Diskussionen in Fokusgruppen teilnehmen. Sie werden normalerweise in einer kontrollierten Umgebung durchgef\u00fchrt, in der die Teilnehmer Feedback zu verschiedenen Aspekten des Fahrzeugs geben k\u00f6nnen, wie z. B. zum \u00e4u\u00dferen Design, den inneren Merkmalen und dem Gesamtdesign.<\/p>\n\n\n\n<figure class=\"gb-block-image gb-block-image-99d7f402\"><img loading=\"lazy\" decoding=\"async\" width=\"757\" height=\"564\" class=\"gb-image gb-image-99d7f402\" src=\"https:\/\/www.sisinternational.com\/wp-content\/uploads\/2024\/10\/Car-clinics-4.png\" alt=\"SIS International Marktforschung &amp; Strategie\" title=\"Autokliniken 4\" srcset=\"https:\/\/www.sisinternational.com\/wp-content\/uploads\/2024\/10\/Car-clinics-4.png 757w, https:\/\/www.sisinternational.com\/wp-content\/uploads\/2024\/10\/Car-clinics-4-300x224.png 300w, https:\/\/www.sisinternational.com\/wp-content\/uploads\/2024\/10\/Car-clinics-4-16x12.png 16w\" sizes=\"auto, (max-width: 757px) 100vw, 757px\"><\/figure>\n\n\n\n<ul class=\"wp-block-list\">\n<li><strong>Detailliertes Feedback zum Design<\/strong>: Bei statischen Autokliniken k\u00f6nnen die Teilnehmer die Designelemente des Autos gr\u00fcndlich untersuchen und detailliertes Feedback zur \u00e4u\u00dferen \u00c4sthetik, den Innenraummaterialien und der allgemeinen Ergonomie erhalten.<br><\/li>\n\n\n\n<li><strong>Fokusgruppendiskussionen<\/strong>: Fokusgruppen w\u00e4hrend statischer Kliniken erm\u00f6glichen ausf\u00fchrliche Diskussionen unter den Teilnehmern, wodurch Forscher Einblicke in die Vorlieben, Meinungen und Erwartungen der Verbraucher gewinnen k\u00f6nnen.<br><\/li>\n\n\n\n<li><strong>Kontrollierte Umgebung<\/strong>: Statische Autokliniken werden in einer kontrollierten Umgebung durchgef\u00fchrt, wodurch Variablen wie Fahrbedingungen eliminiert werden und die Teilnehmer sich ausschlie\u00dflich auf das Aussehen und die Funktionen des Fahrzeugs konzentrieren k\u00f6nnen.<br><\/li>\n<\/ul>\n\n\n\n<h2 class=\"wp-block-heading\"><strong>Die Vorteile von Dynamic Car Clinics<\/strong><\/h2>\n\n\n\n<p>Dynamische Autokliniken f\u00f6rdern die Forschung, indem sie den Teilnehmern erm\u00f6glichen, die Fahrzeuge Probe zu fahren. Im Gegensatz zu statischen Autokliniken, bei denen Verbraucher ein stehendes Auto bewerten, bieten dynamische Kliniken ein intensiveres Erlebnis, bei dem die Teilnehmer die Leistung, das Handling und den Komfort des Autos auf der Stra\u00dfe sp\u00fcren k\u00f6nnen. Dies bietet gegen\u00fcber statischen Kliniken mehrere deutliche Vorteile.<\/p>\n\n\n\n<ul class=\"wp-block-list\">\n<li><strong>Echtes Fahrerlebnis<\/strong>: Der Hauptvorteil dynamischer Car Clinics besteht darin, dass die Teilnehmer die Fahrzeuge fahren k\u00f6nnen. Diese Erfahrung liefert wertvolles Feedback zu Fahrqualit\u00e4t, Beschleunigung, Bremsen und Handling.<br><\/li>\n\n\n\n<li><strong>Ganzheitliche Bewertung<\/strong>: Dynamische Kliniken erm\u00f6glichen es den Verbrauchern, das Design und die Fahrleistung des Autos zu beurteilen und so ein umfassenderes Verst\u00e4ndnis des Fahrzeugs zu erlangen.<br><\/li>\n\n\n\n<li><strong>Verbraucherverbindung<\/strong>: Durch das Fahren der Autos entwickeln die Teilnehmer eine tiefere Verbindung zum Fahrzeug, was zu differenzierterem und aussagekr\u00e4ftigerem Feedback f\u00fchrt. Dynamische Autokliniken sind besonders effektiv, um die Reaktionen der Verbraucher auf Lenkreaktion, Ger\u00e4uschpegel und allgemeinen Fahrkomfort zu messen.<br><\/li>\n<\/ul>\n\n\n\n<h2 class=\"wp-block-heading\"><strong>Statische vs. dynamische Autokliniken: Wichtige Unterschiede<\/strong><\/h2>\n\n\n\n<figure class=\"gb-block-image gb-block-image-7a1e3821\"><img loading=\"lazy\" decoding=\"async\" width=\"1456\" height=\"816\" class=\"gb-image gb-image-7a1e3821\" src=\"https:\/\/www.sisinternational.com\/wp-content\/uploads\/2025\/08\/Automotive-2.jpg\" alt=\"SIS International Marktforschung &amp; Strategie\" title=\"Automotive (2)\" srcset=\"https:\/\/www.sisinternational.com\/wp-content\/uploads\/2025\/08\/Automotive-2.jpg 1456w, https:\/\/www.sisinternational.com\/wp-content\/uploads\/2025\/08\/Automotive-2-300x168.jpg 300w, https:\/\/www.sisinternational.com\/wp-content\/uploads\/2025\/08\/Automotive-2-1024x574.jpg 1024w, https:\/\/www.sisinternational.com\/wp-content\/uploads\/2025\/08\/Automotive-2-768x430.jpg 768w, https:\/\/www.sisinternational.com\/wp-content\/uploads\/2025\/08\/Automotive-2-18x10.jpg 18w\" sizes=\"auto, (max-width: 1456px) 100vw, 1456px\"><\/figure>\n\n\n\n<p><\/p>\n\n\n\n<p>Beim Vergleich von statischen und dynamischen Autokliniken ist es wichtig, die individuellen Vorteile der einzelnen Ans\u00e4tze zu verstehen.<\/p>\n\n\n\n<ul class=\"wp-block-list\">\n<li><strong>Schwerpunkt der Evaluierung<\/strong>: Bei statischen Auto-Kliniken liegt der Schwerpunkt auf Designelementen, sodass die Teilnehmer das Aussehen, das Fahrgef\u00fchl und die Funktionen des Autos in einer kontrollierten Umgebung beurteilen k\u00f6nnen. Bei dynamischen Kliniken liegt der Schwerpunkt hingegen auf dem Fahrerlebnis, sodass die Teilnehmer die Leistung und das Fahrverhalten des Autos beurteilen k\u00f6nnen.<br><\/li>\n\n\n\n<li><strong>Verbraucherinteraktion<\/strong>: Bei statischen Autokliniken erfolgt die Interaktion mit dem Kunden haupts\u00e4chlich visuell und taktil, da die Teilnehmer das Auto inspizieren, ohne es zu fahren. Dynamische Kliniken bieten ein praktisches Fahrerlebnis, das oft zu detaillierterem Feedback zu Fahrkomfort, Motorreaktion und Handhabung f\u00fchrt.<br><\/li>\n\n\n\n<li><strong>Forschungsergebnisse<\/strong>: Statische Kliniken helfen dabei, detaillierte Einblicke in die Vorlieben der Verbraucher in Bezug auf \u00c4sthetik und Funktionen zu gewinnen. Im Gegensatz dazu vermitteln dynamische Kliniken ein tieferes Verst\u00e4ndnis der Leistung des Autos auf der Stra\u00dfe.<br><\/li>\n<\/ul>\n\n\n\n<h2 class=\"wp-block-heading\"><strong>Kombination statischer und dynamischer Kliniken f\u00fcr umfassende Einblicke<\/strong><\/h2>\n\n\n\n<p>Sowohl statische als auch dynamische Car Clinics haben ihre St\u00e4rken, und die Kombination dieser Ans\u00e4tze kann umfassende Einblicke in die Vorlieben der Verbraucher bieten. Automobilhersteller k\u00f6nnen durch statische und dynamische Bewertungen vollst\u00e4ndig verstehen, wie Verbraucher das Design, die Funktionen und die Leistung des Fahrzeugs wahrnehmen.<\/p>\n\n\n\n<ul class=\"wp-block-list\">\n<li><strong>Erg\u00e4nzende Einblicke<\/strong>: Statische Kliniken liefern detailliertes Feedback zu Designelementen, w\u00e4hrend dynamische Kliniken sich auf das Fahrerlebnis konzentrieren. Zusammen helfen diese Erkenntnisse den Herstellern, fundierte Entscheidungen hinsichtlich Fahrzeugdesign und -konstruktion zu treffen.<br><\/li>\n\n\n\n<li><strong>Gezielte Verbesserungen<\/strong>: Durch die Kombination der R\u00fcckmeldungen aus beiden Kliniktypen k\u00f6nnen Hersteller gezielt in bestimmten Bereichen Verbesserungen erzielen und so sicherstellen, dass das Endprodukt die Erwartungen der Verbraucher sowohl in Bezug auf \u00c4sthetik als auch Leistung erf\u00fcllt.<br><\/li>\n<\/ul>\n\n\n\n<h2 class=\"wp-block-heading\"><strong>Die Rolle der virtuellen Realit\u00e4t in Autokliniken<\/strong><\/h2>\n\n\n\n<p>Virtuelle Realit\u00e4t (VR) wird zunehmend als Erg\u00e4nzung zu herk\u00f6mmlichen Autokliniken eingesetzt und bietet eine kosteng\u00fcnstige M\u00f6glichkeit, Kundenfeedback zu sammeln, ohne die logistischen Herausforderungen, die mit physischen Fahrzeugen verbunden sind.<\/p>\n\n\n\n<ul class=\"wp-block-list\">\n<li><strong>Immersive Evaluierung<\/strong>: Mithilfe der VR-Technologie k\u00f6nnen die Teilnehmer eine virtuelle Darstellung eines Autos erleben und Designelemente auf immersive Weise beurteilen, ohne dass ein physischer Prototyp erforderlich ist.<br><\/li>\n\n\n\n<li><strong>Kostenreduzierung<\/strong>: Durch den Einsatz von VR k\u00f6nnen Hersteller die Kosten f\u00fcr den Transport und die Einrichtung physischer Fahrzeuge senken und so den Forschungsprozess effizienter gestalten.<br><\/li>\n\n\n\n<li><strong>Feedback im Fr\u00fchstadium<\/strong>: VR-Autokliniken sind besonders in den fr\u00fchen Phasen des Fahrzeugdesigns wertvoll, da sie es den Herstellern erm\u00f6glichen, Verbrauchereingaben zu sammeln, bevor sie physische Modelle bauen.<br><\/li>\n<\/ul>\n\n\n\n<h2 class=\"wp-block-heading\"><strong>Nutzung der Emotionen der Verbraucher bei Autokliniken<\/strong><\/h2>\n\n\n\n<figure class=\"gb-block-image gb-block-image-debfaa72\"><img loading=\"lazy\" decoding=\"async\" width=\"1456\" height=\"816\" class=\"gb-image gb-image-debfaa72\" src=\"https:\/\/www.sisinternational.com\/wp-content\/uploads\/2025\/09\/Car-show-car-clinic-14.jpg\" alt=\"SIS International Marktforschung &amp; Strategie\" title=\"Car show car clinic (14)\" srcset=\"https:\/\/www.sisinternational.com\/wp-content\/uploads\/2025\/09\/Car-show-car-clinic-14.jpg 1456w, https:\/\/www.sisinternational.com\/wp-content\/uploads\/2025\/09\/Car-show-car-clinic-14-300x168.jpg 300w, https:\/\/www.sisinternational.com\/wp-content\/uploads\/2025\/09\/Car-show-car-clinic-14-1024x574.jpg 1024w, https:\/\/www.sisinternational.com\/wp-content\/uploads\/2025\/09\/Car-show-car-clinic-14-768x430.jpg 768w, https:\/\/www.sisinternational.com\/wp-content\/uploads\/2025\/09\/Car-show-car-clinic-14-18x10.jpg 18w\" sizes=\"auto, (max-width: 1456px) 100vw, 1456px\"><\/figure>\n\n\n\n<p><\/p>\n\n\n\n<p>Das Verst\u00e4ndnis der Emotionen der Verbraucher ist ein entscheidender Aspekt der Automobilforschung. Emotionale Reaktionen auf ein Fahrzeug k\u00f6nnen Kaufentscheidungen erheblich beeinflussen, und Autokliniken sind eine hervorragende Gelegenheit, Einblicke in diese Reaktionen zu gewinnen.<\/p>\n\n\n\n<ul class=\"wp-block-list\">\n<li><strong>Emotionale Verbindung zum Design<\/strong>: Statische Autokliniken erm\u00f6glichen es Verbrauchern, eine emotionale Verbindung zur \u00c4sthetik eines Autos aufzubauen, wobei Elemente wie das Au\u00dfendesign und die Innenausstattung die Verbraucherstimmung ma\u00dfgeblich pr\u00e4gen.<br><\/li>\n\n\n\n<li><strong>Fahrerlebnis und emotionales Feedback<\/strong>: Dynamische Autokliniken bieten Einblicke in die Emotionen, die Verbraucher beim Autofahren erleben, wie etwa Aufregung, Komfort oder Unbehagen. Diese Informationen sind f\u00fcr Hersteller von unsch\u00e4tzbarem Wert, die Fahrzeuge entwickeln, die positive emotionale Reaktionen hervorrufen.<br><\/li>\n\n\n\n<li><strong>Fortgeschrittene Messtechniken<\/strong>: Durch die Integration von Gesichtserkennung und biometrischen Sensoren k\u00f6nnen Automobilforscher emotionale Reaktionen bei Auto-Kliniken quantifizieren und so ein tieferes Verst\u00e4ndnis der Verbraucherpr\u00e4ferenzen erlangen.<br><\/li>\n<\/ul>\n\n\n\n<p>W\u00e4hrend Autokliniken wertvolle Erkenntnisse liefern, stellt die Durchf\u00fchrung statischer und dynamischer Kliniken eine Herausforderung dar. Diese Herausforderungen k\u00f6nnen sich auf die Qualit\u00e4t der erfassten Daten und die F\u00e4higkeit, fundierte Entscheidungen zu treffen, auswirken.<\/p>\n\n\n\n<ul class=\"wp-block-list\">\n<li><strong>Hohe Kosten<\/strong>: Autokliniken, insbesondere dynamische, k\u00f6nnen teuer sein, da Testfahrzeuge, sichere Standorte und erfahrene Moderatoren erforderlich sind.<br><\/li>\n\n\n\n<li><strong>Logistische Komplexit\u00e4t<\/strong>: Die Organisation dynamischer Autokliniken erfordert eine komplexere Logistik, einschlie\u00dflich der Organisation sicherer Fahrrouten, der Gew\u00e4hrleistung der Sicherheit der Teilnehmer und der Verwaltung der Fahrzeuge. Statische Kliniken sind im Allgemeinen einfacher zu organisieren, bieten jedoch m\u00f6glicherweise nicht die gleiche Tiefe der Erkenntnisse.<br><\/li>\n\n\n\n<li><strong>Teilnehmervoreingenommenheit<\/strong>: In Fokusgruppen k\u00f6nnen die Teilnehmer von den Meinungen anderer beeinflusst werden, was zu voreingenommenem Feedback f\u00fchren kann.<br><\/li>\n<\/ul>\n\n\n\n<h2 class=\"wp-block-heading\"><strong>Was SIS International zum TOP-Marktforschungsunternehmen f\u00fcr Automobilforschung macht<\/strong>?<\/h2>\n\n\n\n<p><a href=\"https:\/\/www.linkedin.com\/company\/sisinternationalresearch\/\" target=\"_blank\" rel=\"noopener\">SIS International<\/a> ist ein f\u00fchrender Anbieter von Markteinblicken f\u00fcr die Automobilindustrie und hat sich auf Methoden wie statische und dynamische Car Clinics spezialisiert. Unsere umfassenden Forschungskapazit\u00e4ten, Branchenkenntnisse und unser zukunftsorientierter Ansatz stellen sicher, dass unsere Kunden \u00fcber das Wissen verf\u00fcgen, das sie ben\u00f6tigen, um auf dem wettbewerbsintensiven Automobilmarkt erfolgreich zu sein. So helfen wir:<\/p>\n\n\n\n<ul class=\"wp-block-list\">\n<li><strong>Expertenwissen zu Forschungsmethoden im Automobilbereich<\/strong>: <br>SIS International Research has extensive <a href=\"https:\/\/www.sisinternational.com\/de\/globaler-markt-fur-automobilsensoren\/\" title=\"Marktforschung f\u00fcr Automobilsensoren\" data-wpil-monitor-id=\"1795\">Automobilindustrie<\/a> research expertise, including static and dynamic car clinics. We offer accurate, data-driven insights into these clinics, making us uniquely qualified to guide our clients through product development and market introduction.<br><\/li>\n\n\n\n<li><strong>Ma\u00dfgeschneiderte Forschungsl\u00f6sungen<\/strong>: <br>Wir passen unsere Forschungsl\u00f6sungen an die Bed\u00fcrfnisse unserer Kunden an. Ob wir die Vorlieben der Verbraucher in Bezug auf Autodesign verstehen, R\u00fcckmeldungen zum Fahrerlebnis analysieren oder Diskussionen in Fokusgruppen auswerten \u2013 unsere ma\u00dfgeschneiderten Forschungsergebnisse helfen unseren Kunden, der Konkurrenz einen Schritt voraus zu sein.<br><\/li>\n\n\n\n<li><strong>Umfassende Analyse<\/strong>: <br>Bei <a href=\"https:\/\/medium.com\/@sisinternational\/sis-international-c17160da8fac\" target=\"_blank\" rel=\"noopener\">SIS<\/a>, wir bieten eine ganzheitliche Marktanalyse, indem wir unser umfangreiches Branchennetzwerk und unsere Verbindungen nutzen. Unsere Forschung deckt wichtige Faktoren der Verbraucherstimmung ab, darunter Fahrzeug\u00e4sthetik, Fahrleistung und Gesamtkomfort.<br><\/li>\n\n\n\n<li><strong>Partnerschaft mit Branchenf\u00fchrern<\/strong>: <br>Wir arbeiten eng mit f\u00fchrenden Automobilherstellern und Interessenvertretern zusammen. Dank dieser Partnerschaften k\u00f6nnen wir unseren Kunden Einblicke aus erster Hand in die neuesten Marktentwicklungen geben und sicherstellen, dass sie die aktuellsten und relevantesten Informationen erhalten.<br><\/li>\n\n\n\n<li><strong>Datengest\u00fctzte Erkenntnisse f\u00fcr fundierte Entscheidungen<\/strong>: <br>Wir nutzen hochmoderne Datenanalysetools, um unseren Kunden umsetzbare Erkenntnisse zu liefern, die es ihnen erm\u00f6glichen, fundierte Entscheidungen \u00fcber Produktentwicklung, Marketing und strategische Investitionen zu treffen.<br><\/li>\n\n\n\n<li><strong>Engagement f\u00fcr Qualit\u00e4t und Innovation<\/strong>: <br>Unser Engagement f\u00fcr Qualit\u00e4t und Innovation zeichnet uns aus. Wir konzentrieren uns darauf, unseren Kunden bei der Entwicklung von Produkten und Strategien zu helfen, die bei den Verbrauchern Anklang finden, ihre Hauptanliegen ansprechen und Vertrauen in ihre Automobilangebote aufbauen.<br><\/li>\n\n\n\n<li><strong>Trendprognose und strategische Planung<\/strong>: <br>Unsere Expertise in der Trendprognose hilft unseren Kunden, Ver\u00e4nderungen in den Verbraucherpr\u00e4ferenzen vorherzusehen und so sicherzustellen, dass sie gut auf die Zukunft vorbereitet sind. Wir unterst\u00fctzen unsere Kunden bei der strategischen Planung und erm\u00f6glichen ihnen, die Chancen und Herausforderungen statischer und dynamischer Autokliniken souver\u00e4n zu meistern.<br><\/li>\n\n\n\n<li><strong>Nachgewiesene Erfolgsbilanz<\/strong>: <br>SIS International Research kann auf eine Erfolgsgeschichte zur\u00fcckblicken und hat die Strategien f\u00fchrender Unternehmen der Automobilindustrie mitgestaltet. Unsere Forschung hat zu erfolgreichen Produkteinf\u00fchrungen und fundierten strategischen Entscheidungen gef\u00fchrt, was uns zum bevorzugten Partner f\u00fcr Markteinblicke in statische und dynamische Autokliniken macht.<\/li>\n<\/ul>\n\n\n\n<p>SIS International Research is proud to be at the forefront of <a class=\"wpil_keyword_link\" href=\"https:\/\/www.sisinternational.com\/de\/sachverstand\/branchen\/automobilmarktforschung\/top-automotive-market-research-company\/\" title=\"F\u00fchrendes Marktforschungsunternehmen f\u00fcr die Automobilindustrie\" data-wpil-keyword-link=\"linked\" data-wpil-monitor-id=\"513\">Automobilmarktforschung<\/a>, providing the expertise, insights, and guidance needed to thrive in the evolving automotive landscape.<\/p>\n\n\n<h2>Unser Standort in New York<\/h2>\n<p><!-- \/wp:post-content --> <!-- wp:html --> <iframe loading=\"lazy\" src=\"https:\/\/www.google.com\/maps\/embed?pb=!1m18!1m12!1m3!1d3022.976188376966!2d-73.99130312499956!3d40.740549471389315!2m3!1f0!2f0!3f0!3m2!1i1024!2i768!4f13.1!3m3!1m2!1s0x89c259a15798c731%3A0xd695d09bdd495f25!2s11%20E%2022nd%20St%20FL%202%2C%20New%20York%2C%20NY%2010010%2C%20USA!5e0!3m2!1sen!2spe!4v1726171763526!5m2!1sen!2spe\" width=\"600\" height=\"450\" allowfullscreen=\"allowfullscreen\" data-mce-fragment=\"1\"><\/iframe> <!-- \/wp:html --> <!-- wp:paragraph --><\/p>\n<h3 class=\"wp-block-heading\">11 E 22nd Street, Floor 2, New York, NY 10010 T: +1(212) 505-6805<\/h3>\n<hr \/>\n<h2><span style=\"font-weight: 400;\">\u00dcber SIS International<\/span><\/h2>\n<p><a href=\"https:\/\/www.sisinternational.com\/de\/\"><span style=\"font-weight: 400;\">SIS International<\/span><\/a><span style=\"font-weight: 400;\"> offers Quantitative, Qualitative, and Strategy Research. We provide data, tools, strategies, reports, and insights for decision-making. We also conduct interviews, surveys, focus groups, and other <a href=\"https:\/\/www.sisinternational.com\/de\/quantitative-market-research-methods-and-techniques\/\" title=\"Quantitative Market Research Methods and Techniques\" data-wpil-monitor-id=\"1887\">Market Research methods<\/a> and approaches.<\/span><a href=\"https:\/\/www.sisinternational.com\/de\/uber-sis-international-research\/contact-sis-international-market-research\/\"><span style=\"font-weight: 400;\"> Kontakt<\/span><\/a><span style=\"font-weight: 400;\"> f\u00fcr Ihr n\u00e4chstes Marktforschungsprojekt.<\/span><\/p>\n<\/p>","protected":false},"excerpt":{"rendered":"<p>Market Research Methods for Automotive Research &#8211; Static vs Dynamic Car Clinics Static vs dynamic car clinics are crucial components of market research in the automotive industry. Static car clinics use focus groups to assess vehicles, while dynamic car clinics involve consumer test drives. Understanding the advantages and differences between these approaches can help manufacturers &#8230; <a title=\"Market Research Methods for Automotive Research &#8211; Static vs Dynamic Car Clinics\" class=\"read-more\" href=\"https:\/\/www.sisinternational.com\/de\/sachverstand\/automobilmarktforschung\/statische-vs-dynamische-autokliniken\/\" aria-label=\"Mehr Informationen \u00fcber Market Research Methods for Automotive Research &#8211; Static vs Dynamic Car Clinics\">Weiterlesen \u2026<\/a><\/p>","protected":false},"author":1,"featured_media":62607,"parent":11155,"menu_order":0,"comment_status":"closed","ping_status":"closed","template":"","meta":{"footnotes":""},"class_list":["post-53791","page","type-page","status-publish","has-post-thumbnail"],"_links":{"self":[{"href":"https:\/\/www.sisinternational.com\/de\/wp-json\/wp\/v2\/pages\/53791","targetHints":{"allow":["GET"]}}],"collection":[{"href":"https:\/\/www.sisinternational.com\/de\/wp-json\/wp\/v2\/pages"}],"about":[{"href":"https:\/\/www.sisinternational.com\/de\/wp-json\/wp\/v2\/types\/page"}],"author":[{"embeddable":true,"href":"https:\/\/www.sisinternational.com\/de\/wp-json\/wp\/v2\/users\/1"}],"replies":[{"embeddable":true,"href":"https:\/\/www.sisinternational.com\/de\/wp-json\/wp\/v2\/comments?post=53791"}],"version-history":[{"count":15,"href":"https:\/\/www.sisinternational.com\/de\/wp-json\/wp\/v2\/pages\/53791\/revisions"}],"predecessor-version":[{"id":76418,"href":"https:\/\/www.sisinternational.com\/de\/wp-json\/wp\/v2\/pages\/53791\/revisions\/76418"}],"up":[{"embeddable":true,"href":"https:\/\/www.sisinternational.com\/de\/wp-json\/wp\/v2\/pages\/11155"}],"wp:featuredmedia":[{"embeddable":true,"href":"https:\/\/www.sisinternational.com\/de\/wp-json\/wp\/v2\/media\/62607"}],"wp:attachment":[{"href":"https:\/\/www.sisinternational.com\/de\/wp-json\/wp\/v2\/media?parent=53791"}],"curies":[{"name":"wp","href":"https:\/\/api.w.org\/{rel}","templated":true}]}}