{"id":53736,"date":"2024-10-15T23:59:35","date_gmt":"2024-10-16T03:59:35","guid":{"rendered":"https:\/\/www.sisinternational.com\/?page_id=53736"},"modified":"2026-01-26T18:39:31","modified_gmt":"2026-01-26T23:39:31","slug":"vorteil-nyc-als-testmarkt-fur-reisen","status":"publish","type":"page","link":"https:\/\/www.sisinternational.com\/de\/sachverstand\/reise-tourismus\/vorteil-nyc-als-testmarkt-fur-reisen\/","title":{"rendered":"Der strategische Vorteil der Nutzung von NYC als Testmarkt f\u00fcr Reisen und Tourismus"},"content":{"rendered":"<h1 class=\"wp-block-heading\">Der strategische Vorteil der Nutzung von NYC als Testmarkt f\u00fcr Reisen und Tourismus<\/h1>\n\n\n\n<figure class=\"gb-block-image gb-block-image-c85d84e9\"><img decoding=\"async\" class=\"gb-image gb-image-c85d84e9\" src=\"https:\/\/www.sisinternational.com\/wp-content\/uploads\/2025\/09\/New-York-11.jpg\" alt=\"SIS International Marktforschung &amp; Strategie\" title=\"New York (11)\"><\/figure>\n\n\n\n<p><\/p>\n\n\n\n<h3 class=\"wp-block-heading\">Der umfangreiche und vielf\u00e4ltige Kundenstamm von NYC erm\u00f6glicht Reise- und Tourismusunternehmen umfassende Tests und liefert wertvolle Daten zur Leistungsf\u00e4higkeit von Produkten in einem Umfeld mit hohem Einsatz und hoher Sichtbarkeit.<\/h3>\n\n\n\n<p>Aufgrund seiner einzigartigen Markteigenschaften und seines vielf\u00e4ltigen Publikums bietet NYC als Testmarkt f\u00fcr Reisen und Tourismus beispiellose Vorteile. Als eine der meistbesuchten St\u00e4dte der Welt bietet New York City ein dynamisches Umfeld zum Testen neuer Reise- und Tourismusprodukte und stellt sicher, dass diese den Erwartungen einer breiten und vielf\u00e4ltigen Bev\u00f6lkerungsgruppe entsprechen.<\/p>\n\n\n\n<h2 class=\"wp-block-heading\">Vorteile der Nutzung von NYC als Testmarkt f\u00fcr Reisen und Tourismus<\/h2>\n\n\n<div class=\"wp-block-image\">\n<figure class=\"aligncenter is-resized\"><img decoding=\"async\" src=\"https:\/\/lh7-rt.googleusercontent.com\/docsz\/AD_4nXdrO__lUoay1eg8wgyObpmd9Ovlk0MkzaU8KA_9CD-7LVN17Esk8ndCYQRk7rGNgqKcVE9vCNhc7NIfm8nzOwvUAAM_VgUq4pWcT3slAij5fwTXVvrD8IoTsQXnhmZCnY2Wtcuquppaem4j4wYFVkFPNXs?key=P1kglV9NJ0lJjHxrPsPqcw\" alt=\"SIS International Marktforschung &amp; Strategie\" style=\"width:394px;height:auto\"><\/figure>\n<\/div>\n\n\n<p><\/p>\n\n\n\n<p>NYCs einzigartige Vielfalt, Innovation und globaler Einfluss machen es zu einem au\u00dfergew\u00f6hnlichen Testmarkt f\u00fcr Reise- und Tourismusunternehmen. Trotz der Herausforderungen, die das Arbeiten in einem so wettbewerbsintensiven und dynamischen Umfeld mit sich bringt, \u00fcberwiegen die strategischen Vorteile von Tests in NYC bei weitem die H\u00fcrden.<\/p>\n\n\n\n<h3 class=\"wp-block-heading\">1. NYCs einzigartige Demografie und Reisegewohnheiten<\/h3>\n\n\n\n<p>New York City \u2013 Die sch\u00f6nsten St\u00e4dte <span style=\"box-sizing: border-box; margin: 0px; padding: 0px;\">bietet einen beispiellosen Zugang zu einem breiten Spektrum an Bev\u00f6lkerungsgruppen als Testmarkt f\u00fcr Reisen und Tourismus<\/span>. Mit einer Bev\u00f6lkerung von \u00fcber 8 Millionen ist die Stadt ein Schmelztiegel der Kulturen, Ethnien und Altersgruppen. Diese Vielfalt spiegelt globale Tourismustrends wider und macht sie zu einem idealen Ort f\u00fcr Unternehmen, um Produkte und Dienstleistungen f\u00fcr internationale M\u00e4rkte zu testen.<\/p>\n\n\n\n<p>Dar\u00fcber hinaus profitiert NYC als Testmarkt f\u00fcr Reisen und Tourismus von seiner Rolle als weltweit f\u00fchrendes Reiseziel. Millionen von internationalen und inl\u00e4ndischen Touristen besuchen NYC jedes Jahr und liefern den Unternehmen einen st\u00e4ndigen Strom neuer Erkenntnisse. Diese Besucher haben unterschiedliche wirtschaftliche Hintergr\u00fcnde, von verm\u00f6genden Reisenden auf der Suche nach Luxuserlebnissen bis hin zu preisbewussten Reisenden auf der Suche nach g\u00fcnstigen Optionen. Dadurch k\u00f6nnen Unternehmen mit mehreren Reise- und Tourismusstrategien gleichzeitig experimentieren und ihren Ansatz an unterschiedliche Zielgruppen anpassen.<\/p>\n\n\n\n<p>Dar\u00fcber hinaus sind die Einwohner von NYC ein wichtiger Aspekt dieses Testmarktes. New Yorker sind h\u00e4ufig gesch\u00e4ftlich und privat unterwegs (im In- und Ausland), was NYC zu einer Stadt macht, in der globale Reisepr\u00e4ferenzen zusammenlaufen.&nbsp;<\/p>\n\n\n\n<h3 class=\"wp-block-heading\">2. Zugang zu wichtigen Verbrauchersegmenten in NYC<\/h3>\n\n\n\n<p>NYC ist ein Mikrokosmos nahezu jeder Zielgruppe der Reisebranche. F\u00fcr Unternehmen, die ihr Reiseangebot optimieren m\u00f6chten, bietet NYCs konzentrierter Verbrauchermix einen strategischen Vorteil, da er ein breites Spektrum an Vorlieben an einem Ort abdeckt. So k\u00f6nnen Marken die gro\u00dfe Bev\u00f6lkerungszahl aus Berufst\u00e4tigen, Touristen, Studenten und Familien ansprechen.&nbsp;<\/p>\n\n\n\n<p>Gleichzeitig ist New York ein beliebtes Reiseziel f\u00fcr Urlauber, vom Alleinreisenden bis zum Familienurlaub. Dies erm\u00f6glicht es Reiseunternehmen, alles auszuprobieren, von preisg\u00fcnstigen \u00dcbernachtungsm\u00f6glichkeiten bis hin zu familienfreundlichen Attraktionen. Die Stadt zieht auch viele Studenten an und bietet Unternehmen Zugang zu einem j\u00fcngeren, technisch versierten Segment, das bei der Planung seiner Reisen stark auf mobile Apps und digitale Plattformen angewiesen ist.&nbsp;<\/p>\n\n\n\n<p>Furthermore, New York&#8217;s international airports and robust transportation infrastructure facilitate the arrival of many international tourists. NYC as a test market for travel and tourism allows companies to interact with consumers from all over the world, gaining real-time feedback on global travel preferences. This direct access to international visitors helps businesses refine their global <a href=\"https:\/\/www.sisinternational.com\/de\/direktmarketing\/\" title=\"Was ist Direktmarketing?\"  data-wpil-monitor-id=\"6994\">Marketing Strategien<\/a> and understand how different nationalities respond to their products and services.<\/p>\n\n\n\n<h3 class=\"wp-block-heading\">3. Infrastruktur und Innovation in der Reise- und Tourismusbranche von NYC<\/h3>\n\n\n\n<figure class=\"gb-block-image gb-block-image-40277d61\"><img loading=\"lazy\" decoding=\"async\" width=\"1456\" height=\"816\" class=\"gb-image gb-image-40277d61\" src=\"https:\/\/www.sisinternational.com\/wp-content\/uploads\/2025\/08\/new-York-4.jpg\" alt=\"SIS International Marktforschung &amp; Strategie\" title=\"new York (4)\" srcset=\"https:\/\/www.sisinternational.com\/wp-content\/uploads\/2025\/08\/new-York-4.jpg 1456w, https:\/\/www.sisinternational.com\/wp-content\/uploads\/2025\/08\/new-York-4-300x168.jpg 300w, https:\/\/www.sisinternational.com\/wp-content\/uploads\/2025\/08\/new-York-4-1024x574.jpg 1024w, https:\/\/www.sisinternational.com\/wp-content\/uploads\/2025\/08\/new-York-4-768x430.jpg 768w, https:\/\/www.sisinternational.com\/wp-content\/uploads\/2025\/08\/new-York-4-18x10.jpg 18w\" sizes=\"auto, (max-width: 1456px) 100vw, 1456px\"><\/figure>\n\n\n\n<p><\/p>\n\n\n\n<p>Mit drei gro\u00dfen internationalen Flugh\u00e4fen \u2013 JFK, LaGuardia und Newark \u2013 ist NYC ein wichtiger Einstiegspunkt f\u00fcr Millionen von Reisenden weltweit. Diese Flugh\u00e4fen bef\u00f6rdern j\u00e4hrlich \u00fcber 100 Millionen Passagiere und bieten Unternehmen eine einzigartige Gelegenheit, das Verhalten, die Vorlieben und die Probleme der Reisenden gleich bei der Ankunft zu untersuchen. Das gut vernetzte Verkehrssystem von NYC, einschlie\u00dflich U-Bahn, Bussen und F\u00e4hren, sorgt daf\u00fcr, dass Besucher sich problemlos in der Stadt zurechtfinden, und macht sie zu einer idealen Umgebung zum Testen von Reise- und Transportdiensten.<\/p>\n\n\n\n<p>Dar\u00fcber hinaus profitiert NYC als Testmarkt f\u00fcr Reisen und Tourismus von den laufenden Investitionen der Stadt in Smart-City-Technologien. Innovative L\u00f6sungen wie kontaktlose Zahlungen, intelligente Tourismus-Apps und KI-gesteuerte Kundenservicesysteme werden zunehmend in das Reiseerlebnis integriert. Dies bietet Unternehmen eine zukunftsweisende Umgebung, um Spitzentechnologien zur Verbesserung des Kundenerlebnisses zu testen. Unternehmen k\u00f6nnen beispielsweise automatisierte Check-in-Dienste, Reiseaktualisierungen in Echtzeit und personalisierte Reiserouten testen und so wertvolle Daten von einem der technisch versiertesten und anspruchsvollsten Verbraucherkreise der Welt sammeln.<\/p>\n\n\n\n<p>Die Hotellerie der Stadt ist ebenso fortschrittlich und bietet eine gro\u00dfe Auswahl an Unterk\u00fcnften f\u00fcr jeden Reisenden. Von Luxushotels in Manhattan bis hin zu preisg\u00fcnstigen Optionen in Brooklyn \u2013 NYC als Testmarkt f\u00fcr Reisen und Tourismus bietet Unternehmen die M\u00f6glichkeit, mit Preisstrategien, Serviceangeboten und Marketingkampagnen zu experimentieren. Unternehmen aus der Hotellerie k\u00f6nnen die Auswirkungen von Treueprogrammen, umweltfreundlichen Initiativen und mobilen Buchungserlebnissen auf ihre Zielgruppen testen.<\/p>\n\n\n\n<h3 class=\"wp-block-heading\">4. Zugang zu Verbrauchern mit hohen Ausgaben<\/h3>\n\n\n\n<p>Durch Tests in NYC erhalten Unternehmen direkten Zugang zu dieser finanzkr\u00e4ftigen Bev\u00f6lkerungsgruppe und k\u00f6nnen so beurteilen, wie ihre hochwertigen Produkte und Dienstleistungen bei Verbrauchern ankommen, die mehr f\u00fcr Premium-Erlebnisse ausgeben. Dazu geh\u00f6rt die Beurteilung der Reaktionen der Verbraucher auf Luxushotels, gehobene Gastronomie, Premium-Reisepakete und exklusive Attraktionen.<\/p>\n\n\n\n<p>Dar\u00fcber hinaus k\u00f6nnen die Erkenntnisse aus Tests mit einkommensstarken Verbrauchern in NYC als Grundlage f\u00fcr umfassendere Marktstrategien dienen. Wenn Unternehmen beispielsweise die Vorlieben und Ausgabegewohnheiten der wohlhabenden Einwohner von NYC kennen, k\u00f6nnen sie gezielte Marketingkampagnen und Werbestrategien entwickeln, die auf einkommensstarke Verbraucher in anderen Gro\u00dfst\u00e4dten weltweit zugeschnitten sind.<\/p>\n\n\n\n<h2 class=\"wp-block-heading\">Herausforderungen und Chancen von NYC als Testmarkt f\u00fcr Reisen und Tourismus<\/h2>\n\n\n\n<figure class=\"gb-block-image gb-block-image-f85d4c3f\"><img decoding=\"async\" class=\"gb-image gb-image-f85d4c3f\" src=\"https:\/\/www.sisinternational.com\/wp-content\/uploads\/2025\/08\/new-York-5.jpg\" alt=\"SIS International Marktforschung &amp; Strategie\" title=\"new York (5)\"><\/figure>\n\n\n\n<p><\/p>\n\n\n\n<p>Obwohl New York als Testmarkt f\u00fcr Reisen und Tourismus zahlreiche Vorteile bietet, m\u00fcssen sich Unternehmen beim Testen ihrer Kampagnen in der Stadt der Herausforderungen und Chancen bewusst sein.<\/p>\n\n\n\n<h4 class=\"wp-block-heading\"><strong>Herausforderungen:<\/strong><\/h4>\n\n\n\n<ul class=\"wp-block-list\">\n<li><strong>Hohe Konkurrenz<\/strong>: NYCs <a href=\"https:\/\/www.statista.com\/outlook\/mmo\/travel-tourism\/worldwide\" target=\"_blank\" rel=\"noopener\">Reise- und Tourismusmarkt<\/a> Der Markt ist stark ges\u00e4ttigt und zahlreiche Marken buhlen um die Aufmerksamkeit der Verbraucher. Neue Produkte und Dienstleistungen k\u00f6nnen sich daher nur schwer von der Masse abheben.<\/li>\n\n\n\n<li><strong>Verbraucherm\u00fcdigkeit<\/strong>: Angesichts des st\u00e4ndigen Stroms neuer Angebote k\u00f6nnen Verbraucher in einem derart wettbewerbsintensiven Umfeld \u00fcberfordert sein oder z\u00f6gern, unbekannte Marken auszuprobieren.<\/li>\n\n\n\n<li><strong>Hohe Betriebskosten<\/strong>: Die Gesch\u00e4ftskosten in NYC sind deutlich h\u00f6her als in vielen anderen St\u00e4dten, einschlie\u00dflich Immobilien-, Marketing- und Betriebskosten. Dies kann insbesondere f\u00fcr kleinere Unternehmen eine Herausforderung darstellen.<\/li>\n\n\n\n<li><strong>H\u00f6here Verbrauchererwartungen<\/strong>: Touristen und Einheimische erwarten in NYC gleicherma\u00dfen erstklassigen Service, sogar von Billigmarken. Dies kann die Kosten f\u00fcr die Bereitstellung von Produkten und Dienstleistungen erh\u00f6hen, um diesen hohen Standards gerecht zu werden.<\/li>\n\n\n\n<li><strong>Schnell wechselnde Trends<\/strong>: Das hektische Umfeld von NYC f\u00fchrt dazu, dass sich die Vorlieben der Verbraucher schnell \u00e4ndern und was in einer Saison funktioniert, ist in der n\u00e4chsten vielleicht schon nicht mehr so effektiv. Unternehmen m\u00fcssen ihre Strategien daher st\u00e4ndig weiterentwickeln.<br><\/li>\n<\/ul>\n\n\n\n<h4 class=\"wp-block-heading\"><strong>Gelegenheiten:<\/strong><\/h4>\n\n\n\n<ul class=\"wp-block-list\">\n<li><strong>Marktf\u00e4higkeit im Wettbewerb unter Beweis stellen<\/strong>: Sich erfolgreich auf dem \u00fcberf\u00fcllten Markt von New York City hervorzutun, zeigt, dass ein Unternehmen auch in anderen, weniger wettbewerbsintensiven Regionen erfolgreich sein kann. Es ist ein starker Indikator f\u00fcr das gr\u00f6\u00dfere Potenzial eines Produkts oder einer Dienstleistung.<\/li>\n\n\n\n<li><strong>Betriebseffizienz<\/strong>: Durch die Kontrolle hoher Kosten und die Aufrechterhaltung der Qualit\u00e4t in NYC k\u00f6nnen Unternehmen ihre Preismodelle verfeinern und die Effizienz verbessern. Diese Optimierung kann zu einer h\u00f6heren Rentabilit\u00e4t bei der Expansion in g\u00fcnstigere M\u00e4rkte f\u00fchren.<\/li>\n\n\n\n<li><strong>Wertversprechen verbessern<\/strong>: Aufgrund des intensiven Wettbewerbs sind Unternehmen gezwungen, ihre Botschaften zu sch\u00e4rfen, das Kundenerlebnis zu verbessern und innovative Marketingstrategien zu entwickeln. Eine erfolgreiche Kampagne in NYC zeigt die F\u00e4higkeit einer Marke, ein einzigartiges, \u00fcberzeugendes Wertversprechen zu schaffen.<\/li>\n\n\n\n<li><strong>Agilit\u00e4t und Anpassungsf\u00e4higkeit<\/strong>: NYCs rasanter Wandel als Testmarkt f\u00fcr Reisen und Tourismus zwingt Unternehmen dazu, flexibel und reaktionsschnell zu sein. Diese F\u00e4higkeit, sich schnell auf der Grundlage von Kundenfeedback anzupassen, erh\u00f6ht die Widerstandsf\u00e4higkeit und Relevanz eines Unternehmens in der sich st\u00e4ndig weiterentwickelnden Reisebranche.<\/li>\n\n\n\n<li><strong>Hochwertige Erkenntnisse<\/strong>: Durch Tests in NYC erhalten Sie Zugang zu einem vielf\u00e4ltigen und anspruchsvollen Kundenstamm. Unternehmen k\u00f6nnen wertvolles Feedback sammeln, das ihnen bei der Entwicklung ihrer Strategien f\u00fcr lokale und globale M\u00e4rkte hilft.<br><\/li>\n<\/ul>\n\n\n\n<h2 class=\"wp-block-heading\">Wie SIS International Unternehmen dabei hilft, die Vorteile von NYC als Testmarkt f\u00fcr Reisen und Tourismus zu entdecken<\/h2>\n\n\n\n<p>Bei <a href=\"https:\/\/www.linkedin.com\/company\/sisinternationalresearch\/\" target=\"_blank\" rel=\"noopener\">SIS International<\/a>Wir verstehen die einzigartigen Herausforderungen und Chancen, die sich ergeben, wenn man NYC als Testmarkt f\u00fcr Reisen und Tourismus nutzt. Unser Fachwissen und unsere umfassenden Dienstleistungen sind darauf ausgerichtet, Unternehmen dabei zu helfen, sich in diesem komplexen Umfeld zurechtzufinden und seine Vorteile f\u00fcr optimale Ergebnisse zu nutzen.<\/p>\n\n\n<p>\n\n\n<\/p>\n<p style=\"padding-left: 40px;\"><strong>Marktforschungsexpertise<\/strong>:\u00a0<\/p>\n<p style=\"padding-left: 40px;\">\n\n\n\n<\/p>\n<p style=\"padding-left: 40px;\">Wir bieten umfassende Marktforschung und -analysen, die auf den Reise- und Tourismussektor in New York zugeschnitten sind. Unser Team f\u00fchrt detaillierte Studien zum Verbraucherverhalten, zu Markttrends und Wettbewerbsdynamiken durch, um Unternehmen bei der Entscheidungsfindung zu unterst\u00fctzen.<\/p>\n<p style=\"padding-left: 40px;\">\n\n\n\n<\/p>\n<p style=\"padding-left: 40px;\"><strong>Verbrauchereinblicke<\/strong>:\u00a0<\/p>\n<p style=\"padding-left: 40px;\">\n\n\n\n<\/p>\n<p style=\"padding-left: 40px;\">Mithilfe unserer fortschrittlichen Methoden und Tools gewinnen wir wertvolle Einblicke in verschiedene Verbrauchersegmente in NYC. Dazu geh\u00f6rt die Analyse von Vorlieben, Verhaltensweisen und Feedback, um Produkte und Dienstleistungen zu optimieren, die bei den Marktsegmenten Anklang finden.<\/p>\n<p style=\"padding-left: 40px;\">\n\n\n\n<\/p>\n<p style=\"padding-left: 40px;\"><strong>Strategische Beratung<\/strong>:\u00a0<\/p>\n<p style=\"padding-left: 40px;\">\n\n\n\n<\/p>\n<p style=\"padding-left: 40px;\">SIS bietet strategische Beratung, um Unternehmen beim Testen und Einf\u00fchren ihrer Reise- und Tourismusangebote in NYC zu unterst\u00fctzen. Wir helfen bei der Entwicklung effektiver Strategien, optimieren Marketingbem\u00fchungen und bew\u00e4ltigen alle Herausforderungen, die w\u00e4hrend der Testphase auftreten k\u00f6nnen.<\/p>\n<p style=\"padding-left: 40px;\">\n\n\n\n<\/p>\n<p style=\"padding-left: 40px;\"><strong>Datengesteuerte L\u00f6sungen<\/strong>:\u00a0<\/p>\n<p style=\"padding-left: 40px;\">\n\n\n\n<\/p>\n<p style=\"padding-left: 40px;\">Leveraging our extensive data collection and analysis capabilities, we provide <a href=\"https:\/\/www.sisinternational.com\/de\/b2b\/\" title=\"Cost-Effective and Actionable Insights to Drive Your Next Strategic Move\" data-wpil-monitor-id=\"1478\">actionable insights that drive<\/a> business decisions. Our data-driven approach ensures businesses can refine their strategies based on real-time feedback and market performance.<\/p>\n<p style=\"padding-left: 40px;\">\n\n\n\n<\/p>\n<p style=\"padding-left: 40px;\"><strong>Ma\u00dfgeschneiderte Berichte<\/strong>:\u00a0<\/p>\n<p style=\"padding-left: 40px;\">\n\n\n\n<\/p>\n<p style=\"padding-left: 40px;\">Wir liefern ma\u00dfgeschneiderte Berichte, in denen die wichtigsten Erkenntnisse und Empfehlungen f\u00fcr den NYC-Markt hervorgehoben werden. Diese Berichte bieten klare, umsetzbare Erkenntnisse, die die strategische Planung und Entscheidungsfindung unterst\u00fctzen.<\/p>\n<p style=\"padding-left: 40px;\">\n\n\n\n<\/p>\n<p style=\"padding-left: 40px;\"><strong>Lokale Expertise<\/strong>:\u00a0<\/p>\n<p style=\"padding-left: 40px;\">\n\n\n\n<\/p>\n<p style=\"padding-left: 40px;\">Dank unserer umfassenden Kenntnisse des NYC-Marktes bieten wir wertvolle lokale Einblicke und Verbindungen, die die Wirksamkeit Ihrer Testmarktbem\u00fchungen steigern k\u00f6nnen. Unsere regionale Expertise stellt sicher, dass Unternehmen die Komplexit\u00e4t der Reise- und Tourismuslandschaft von NYC sicher meistern k\u00f6nnen.<\/p>\n<p style=\"padding-left: 120px;\">\n\n\n<\/p>\n\n\n<h2 class=\"wp-block-heading\">\u00dcber SIS International<\/h2>\n\n\n\n<p><a href=\"https:\/\/www.sisinternational.com\/de\/\">SIS International<\/a> bietet quantitative, qualitative und strategische Forschung an. Wir liefern Daten, Tools, Strategien, Berichte und Erkenntnisse zur Entscheidungsfindung. Wir f\u00fchren auch Interviews, Umfragen, Fokusgruppen und andere Methoden und Ans\u00e4tze der Marktforschung durch. <a href=\"https:\/\/www.sisinternational.com\/de\/uber-sis-international-research\/contact-sis-international-market-research\/\">Kontakt<\/a> f\u00fcr Ihr n\u00e4chstes Marktforschungsprojekt.<\/p>","protected":false},"excerpt":{"rendered":"<p>The Strategic Advantage of Using NYC as a Test Market for Travel and Tourism NYC\u2019s vast and varied consumer base allows for comprehensive testing for travel and tourism businesses, offering valuable data on how products perform in a high-stakes, high-visibility setting. NYC offers unparalleled advantages as a test market for travel and tourism due to &#8230; <a title=\"Der strategische Vorteil der Nutzung von NYC als Testmarkt f\u00fcr Reisen und Tourismus\" class=\"read-more\" href=\"https:\/\/www.sisinternational.com\/de\/sachverstand\/reise-tourismus\/vorteil-nyc-als-testmarkt-fur-reisen\/\" aria-label=\"Mehr Informationen \u00fcber The Strategic Advantage of Using NYC as a Test Market for Travel and Tourism\">Weiterlesen \u2026<\/a><\/p>","protected":false},"author":1,"featured_media":0,"parent":14221,"menu_order":1,"comment_status":"closed","ping_status":"closed","template":"","meta":{"footnotes":""},"class_list":["post-53736","page","type-page","status-publish"],"_links":{"self":[{"href":"https:\/\/www.sisinternational.com\/de\/wp-json\/wp\/v2\/pages\/53736","targetHints":{"allow":["GET"]}}],"collection":[{"href":"https:\/\/www.sisinternational.com\/de\/wp-json\/wp\/v2\/pages"}],"about":[{"href":"https:\/\/www.sisinternational.com\/de\/wp-json\/wp\/v2\/types\/page"}],"author":[{"embeddable":true,"href":"https:\/\/www.sisinternational.com\/de\/wp-json\/wp\/v2\/users\/1"}],"replies":[{"embeddable":true,"href":"https:\/\/www.sisinternational.com\/de\/wp-json\/wp\/v2\/comments?post=53736"}],"version-history":[{"count":5,"href":"https:\/\/www.sisinternational.com\/de\/wp-json\/wp\/v2\/pages\/53736\/revisions"}],"predecessor-version":[{"id":80561,"href":"https:\/\/www.sisinternational.com\/de\/wp-json\/wp\/v2\/pages\/53736\/revisions\/80561"}],"up":[{"embeddable":true,"href":"https:\/\/www.sisinternational.com\/de\/wp-json\/wp\/v2\/pages\/14221"}],"wp:attachment":[{"href":"https:\/\/www.sisinternational.com\/de\/wp-json\/wp\/v2\/media?parent=53736"}],"curies":[{"name":"wp","href":"https:\/\/api.w.org\/{rel}","templated":true}]}}