{"id":53731,"date":"2024-10-19T01:37:22","date_gmt":"2024-10-19T05:37:22","guid":{"rendered":"https:\/\/www.sisinternational.com\/?page_id=53731"},"modified":"2026-01-24T17:49:52","modified_gmt":"2026-01-24T22:49:52","slug":"fokusgruppen-in-new-york-testen-produkte-fur-senioren","status":"publish","type":"page","link":"https:\/\/www.sisinternational.com\/de\/losungen\/schwerpunktgruppen\/fokusgruppen-in-new-york-testen-produkte-fur-senioren\/","title":{"rendered":"Nutzung von NYC-Fokusgruppen zum Testen von Produkten f\u00fcr Senioren \u00a0"},"content":{"rendered":"<h1 class=\"wp-block-heading\">Nutzung von NYC-Fokusgruppen zum Testen von Produkten f\u00fcr Senioren &nbsp;<\/h1>\n\n\n\n<figure class=\"gb-block-image gb-block-image-5f14cfdd\"><img loading=\"lazy\" decoding=\"async\" width=\"1456\" height=\"816\" class=\"gb-image gb-image-5f14cfdd\" src=\"https:\/\/www.sisinternational.com\/wp-content\/uploads\/2025\/08\/Eldersly-care-memory-care-6.jpg\" alt=\"SIS International Marktforschung &amp; Strategie\" title=\"Eldersly care memory care (6)\" srcset=\"https:\/\/www.sisinternational.com\/wp-content\/uploads\/2025\/08\/Eldersly-care-memory-care-6.jpg 1456w, https:\/\/www.sisinternational.com\/wp-content\/uploads\/2025\/08\/Eldersly-care-memory-care-6-300x168.jpg 300w, https:\/\/www.sisinternational.com\/wp-content\/uploads\/2025\/08\/Eldersly-care-memory-care-6-1024x574.jpg 1024w, https:\/\/www.sisinternational.com\/wp-content\/uploads\/2025\/08\/Eldersly-care-memory-care-6-768x430.jpg 768w, https:\/\/www.sisinternational.com\/wp-content\/uploads\/2025\/08\/Eldersly-care-memory-care-6-18x10.jpg 18w\" sizes=\"auto, (max-width: 1456px) 100vw, 1456px\"><\/figure>\n\n\n\n<p><\/p>\n\n\n\n<p>New York City ist einer der vielf\u00e4ltigsten M\u00e4rkte der Welt und damit ein idealer Ort, um Produkte mit verschiedenen Verbrauchersegmenten, darunter auch Senioren, zu testen. Angesichts der schnell wachsenden Seniorenbev\u00f6lkerung haben Unternehmen die einmalige Gelegenheit, Produkte zu entwickeln, die den sich entwickelnden Bed\u00fcrfnissen dieser Bev\u00f6lkerungsgruppe gerecht werden. Deshalb bietet der Einsatz von Fokusgruppen in NYC zum Testen von Produkten f\u00fcr Senioren direkte Einblicke in ihre Vorlieben, Herausforderungen und Erwartungen.&nbsp;<\/p>\n\n\n\n<h2 class=\"wp-block-heading\">Den Seniorenmarkt in NYC verstehen<\/h2>\n\n\n\n<p>Die \u00e4ltere Bev\u00f6lkerung New Yorks ist gro\u00df und vielf\u00e4ltig und stellt daher f\u00fcr Unternehmen eine wichtige demografische Gruppe dar, die sie bei der Produktentwicklung ber\u00fccksichtigen m\u00fcssen. <a href=\"https:\/\/www.miradorliving.com\/assisted-living\/new-york\/new-york\" target=\"_blank\" rel=\"noopener\">Senioren in NYC<\/a> haben oft ausgepr\u00e4gte Vorlieben, darunter einen Schwerpunkt auf Gesundheit, Wellness, Benutzerfreundlichkeit und Technologie, die zu ihrem Lebensstil passt. Dar\u00fcber hinaus sind viele Senioren technisch versierter als je zuvor und nutzen aktiv digitale Plattformen, Ger\u00e4te und Dienste. Diese Komplexit\u00e4t macht New York zu einem idealen Ort, um Erkenntnisse dar\u00fcber zu gewinnen, wie Senioren mit Produkten interagieren und welche Innovationen ihren Bed\u00fcrfnissen am besten gerecht werden.<\/p>\n\n\n\n<h2 class=\"wp-block-heading\">Also \u2026 welche Vorteile bietet die Nutzung von NYC-Fokusgruppen zum Testen von Produkten f\u00fcr Senioren?<\/h2>\n\n\n\n<p>Utilizing <a class=\"wpil_keyword_link\" href=\"https:\/\/www.sisinternational.com\/de\/losungen\/schwerpunktgruppen\/einrichtungen-fur-fokusgruppen-in-nyc\/\" title=\"Einrichtungen f\u00fcr Fokusgruppen in New York City\" data-wpil-keyword-link=\"linked\" data-wpil-monitor-id=\"199\">NYC focus groups<\/a> to test products for seniors offers several distinct advantages \u2013 and here\u2019s how focus groups can be particularly effective:<\/p>\n\n\n\n<h4 class=\"wp-block-heading\"><strong>Direktes Feedback zur Benutzerfreundlichkeit und zum Design des Produkts<\/strong><\/h4>\n\n\n\n<p>Fokusgruppen erm\u00f6glichen es Unternehmen, Feedback aus erster Hand von Senioren dar\u00fcber zu erhalten, wie einfach sie ein Produkt verwenden und navigieren k\u00f6nnen. Dieser direkte Input ist von unsch\u00e4tzbarem Wert, um Usability-Probleme zu identifizieren und Designverbesserungen vorzunehmen.&nbsp;<\/p>\n\n\n\n<h4 class=\"wp-block-heading\"><strong>Einblicke in die individuellen Bed\u00fcrfnisse und Vorlieben von Senioren<\/strong><\/h4>\n\n\n\n<p>Senioren haben spezielle Bed\u00fcrfnisse in Bezug auf Gesundheit, Komfort und Zug\u00e4nglichkeit, die sich von denen anderer Altersgruppen unterscheiden. Fokusgruppen bieten die M\u00f6glichkeit, diese Pr\u00e4ferenzen eingehend zu untersuchen. Senioren legen beispielsweise Wert auf einfache Handhabung, gr\u00f6\u00dfere Textgr\u00f6\u00dfen oder sprachaktivierte Funktionen.<\/p>\n\n\n\n<h4 class=\"wp-block-heading\"><strong>Testen von gesundheitsbezogenen Funktionen und Barrierefreiheitsfunktionen<\/strong><\/h4>\n\n\n\n<p>Gesundheitsbezogene Produkte und solche, die die Zug\u00e4nglichkeit verbessern, sind f\u00fcr Senioren von entscheidender Bedeutung. Fokusgruppen k\u00f6nnen beurteilen, wie gut diese Funktionen den Bed\u00fcrfnissen \u00e4lterer Benutzer entsprechen. Beispielsweise kann das Testen eines neuen Gesundheits\u00fcberwachungsger\u00e4ts oder einer Zug\u00e4nglichkeitsfunktion in einem Smart-Home-System zeigen, wie effektiv diese Produkte h\u00e4ufige Gesundheitsprobleme oder Mobilit\u00e4tsprobleme \u00e4lterer Menschen angehen.&nbsp;<\/p>\n\n\n\n<h2 class=\"wp-block-heading\">Produkttypen, die sich ideal f\u00fcr Senioren-Fokusgruppen eignen<\/h2>\n\n\n\n<p>When conducting NYC <a href=\"https:\/\/www.sisinternational.com\/de\/losungen\/schwerpunktgruppen\/focus-group-on-personal-care-products\/\" title=\"Focus Group on Personal Care Products\" data-wpil-monitor-id=\"887\">focus groups to test products<\/a> for seniors, certain products are particularly well-suited for this demographic. Understanding which products are most relevant can help businesses tailor their testing strategies to obtain the most valuable insights.&nbsp;<\/p>\n\n\n\n<h4 class=\"wp-block-heading\"><strong>Gesundheits- und Wellnessprodukte<\/strong><\/h4>\n\n\n\n<p>Produkte rund um Gesundheit und Wellness sind f\u00fcr Senioren von gro\u00dfer Bedeutung, da ihnen die Erhaltung ihrer Gesundheit und die Bew\u00e4ltigung von Krankheiten oft am wichtigsten sind. Diese Kategorie umfasst Artikel wie:<\/p>\n\n\n\n<ul class=\"wp-block-list\">\n<li><strong>Medizinische Ger\u00e4te<\/strong>: Blutdruckmessger\u00e4te, Blutzuckermessger\u00e4te und H\u00f6rger\u00e4te.<\/li>\n\n\n\n<li><strong>Fitnessger\u00e4te<\/strong>: Trainingsger\u00e4te f\u00fcr gelenkschonendes Training, Gleichgewichtshilfen und tragbare Fitness-Tracker.<\/li>\n\n\n\n<li><strong>Nahrungserg\u00e4nzungsmittel<\/strong>: Vitamine, Nahrungserg\u00e4nzungsmittel und spezielle Gesundheitsnahrung.<br><\/li>\n<\/ul>\n\n\n\n<p>Durch das Testen dieser Produkte mit Senioren k\u00f6nnen deren Pr\u00e4ferenzen hinsichtlich Benutzerfreundlichkeit, Wirksamkeit und Gesamtwert aufgedeckt werden.<\/p>\n\n\n\n<h4 class=\"wp-block-heading\"><strong>Technologie und Hilfsmittel<\/strong><\/h4>\n\n\n\n<p>F\u00fcr viele Senioren ist Technologie, die das t\u00e4gliche Leben unterst\u00fctzt und die Lebensqualit\u00e4t steigert, von entscheidender Bedeutung. Fokusgruppen k\u00f6nnen bei der Bewertung helfen:<\/p>\n\n\n\n<ul class=\"wp-block-list\">\n<li><strong>Smart-Home-Ger\u00e4te<\/strong>: Sprachgesteuerte Assistenten, intelligente Thermostate und Haussicherheitssysteme.<\/li>\n\n\n\n<li><strong>Assistierende Technologie<\/strong>: Ger\u00e4te f\u00fcr Seh- und H\u00f6rbehinderungen, Mobilit\u00e4tshilfen und adaptive Gadgets.<\/li>\n\n\n\n<li><strong>Kommunikationstools<\/strong>: Seniorenfreundliche Smartphones, Tablets mit vereinfachten Benutzeroberfl\u00e4chen und Telemedizinl\u00f6sungen.<br><\/li>\n<\/ul>\n\n\n\n<p><a href=\"https:\/\/www.insidehook.com\/culture\/senior-citizens-are-helping-companies-make-products-theyd-actually-want-to-use\" target=\"_blank\" rel=\"noopener\">Feedback einholen<\/a> an diesen Technologien tr\u00e4gt dazu bei, dass sie benutzerfreundlich sind und den spezifischen Anforderungen \u00e4lterer Benutzer gerecht werden.<\/p>\n\n\n\n<h4 class=\"wp-block-heading\"><strong>Lebensmittel, Getr\u00e4nke und Haushaltsgegenst\u00e4nde<\/strong><\/h4>\n\n\n\n<p>Produkte rund um Ern\u00e4hrung und Haushalt sind ebenfalls unverzichtbar. Senioren haben m\u00f6glicherweise besondere Bed\u00fcrfnisse oder Vorlieben in Bezug auf:<\/p>\n\n\n\n<ul class=\"wp-block-list\">\n<li><strong>Fertiggericht<\/strong>: Einfach zuzubereitende Mahlzeiten, di\u00e4tspezifische Optionen und Essenslieferdienste.<\/li>\n\n\n\n<li><strong>K\u00fcchenhelfer<\/strong>: Auf Benutzerfreundlichkeit ausgelegte Werkzeuge, wie ergonomisches Besteck und vereinfachte Kochger\u00e4te.<\/li>\n\n\n\n<li><strong>Haushaltshilfen<\/strong>: Reinigungsprodukte, Sicherheitsvorrichtungen und Organisationsl\u00f6sungen.<br><\/li>\n<\/ul>\n\n\n\n<p>New York City \u2013 Die sch\u00f6nsten St\u00e4dte <a href=\"https:\/\/www.sisinternational.com\/de\/losungen\/qualitative-quantitative-forschungslosungen\/zentrale-standorttests-vs-fokusgruppen\/\" title=\"Zentrale Standorttests vs. Fokusgruppen\" data-wpil-monitor-id=\"1588\">focus groups to test<\/a> products for seniors can provide insights into how these products fit seniors&#8217; lifestyles and any adjustments needed to improve usability.<\/p>\n\n\n\n<h2 class=\"gb-headline gb-headline-e8692b75 gb-headline-text\">Wie New York Diversity beim Testen von Produkten f\u00fcr Senioren hilft  <\/h2>\n\n\n<div class=\"wp-block-image\">\n<figure class=\"aligncenter is-resized\"><img decoding=\"async\" src=\"https:\/\/lh7-rt.googleusercontent.com\/docsz\/AD_4nXd3XfHHQnRK9pj7We-s5TA0OPtcKQAs1zs9gWnwmoNeu976Ee3tiE_jieopDISW2mKCDF-BGSqzWHPYGaMgheVaqQl5sehqVLD6D1_zzFEzFUVjVUDeqIC6qeE8g6x8AmIqwytlkjRpKScHbSjrwlBvcZWh?key=P1kglV9NJ0lJjHxrPsPqcw\" alt=\"Fokusgruppen in New York testen Produkte f\u00fcr Senioren \" style=\"width:392px;height:auto\"\/><\/figure>\n<\/div>\n\n\n<h4 class=\"wp-block-heading\"><strong>Kulturelle Vielfalt<\/strong><\/h4>\n\n\n\n<ul class=\"wp-block-list\">\n<li><strong>Unterschiedliche kulturelle Vorlieben verstehen<\/strong>: In New York leben Senioren mit unterschiedlichem kulturellen Hintergrund. Das Testen von Produkten in dieser Umgebung hilft Unternehmen, kulturelle Vorlieben und Praktiken zu verstehen, die die Akzeptanz und Verwendung von Produkten beeinflussen k\u00f6nnen.<\/li>\n\n\n\n<li><strong>Auf kulturelle Sensibilit\u00e4ten eingehen<\/strong>: Das Feedback einer kulturell vielf\u00e4ltigen \u00e4lteren Bev\u00f6lkerung kann dabei helfen, kulturelle Empfindlichkeiten zu erkennen und zu ber\u00fccksichtigen und so sicherzustellen, dass die Produkte respektvoll sind und alle Marktsegmente ansprechen.<br><\/li>\n<\/ul>\n\n\n\n<h4 class=\"wp-block-heading\"><strong>Wirtschaftliche Vielfalt<\/strong><\/h4>\n\n\n\n<ul class=\"wp-block-list\">\n<li><strong>Beurteilung der Erschwinglichkeit und des Werts von Produkten<\/strong>: Senioren in New York haben unterschiedliche wirtschaftliche Hintergr\u00fcnde. Fokusgruppen k\u00f6nnen Einblicke darin geben, wie unterschiedliche Preisstrategien und Wertangebote bei Senioren in unterschiedlichen finanziellen Situationen ankommen.<\/li>\n\n\n\n<li><strong>Barrierefreiheitsanforderungen ermitteln<\/strong>: Wirtschaftliche Vielfalt kann einen unterschiedlichen Ressourcenzugang offenbaren, der sich auf Produktbed\u00fcrfnisse und -pr\u00e4ferenzen auswirkt. Diese Informationen helfen bei der Entwicklung integrativer Produkte, die den unterschiedlichen wirtschaftlichen Realit\u00e4ten gerecht werden.<br><\/li>\n<\/ul>\n\n\n\n<h4 class=\"wp-block-heading\"><strong>Verschiedene Lebensstile<\/strong><\/h4>\n\n\n\n<ul class=\"wp-block-list\">\n<li><strong>Erfassung unterschiedlicher Lebensstile und Vorlieben<\/strong>: Senioren in New York haben unterschiedliche Lebensstile, von Stadtmenschen bis zu Rentnern mit unterschiedlichem Aktivit\u00e4tsniveau. Fokusgruppen k\u00f6nnen hervorheben, wie sich unterschiedliche Lebensstile auf die Produktnutzung und -pr\u00e4ferenzen auswirken.<\/li>\n\n\n\n<li><strong>Produkte an unterschiedliche Bed\u00fcrfnisse anpassen<\/strong>: Erkenntnisse aus einem breiten Spektrum von Lebensstilen erm\u00f6glichen es Unternehmen, Produkte an spezifische Bed\u00fcrfnisse anzupassen, wie etwa Mobilit\u00e4tshilfen f\u00fcr aktive Senioren oder benutzerfreundliche Technik f\u00fcr weniger technisch versierte Benutzer.<br><\/li>\n<\/ul>\n\n\n\n<h2 class=\"wp-block-heading\">Gestaltung effektiver NYC-Fokusgruppen zum Testen von Produkten f\u00fcr Senioren<\/h2>\n\n\n\n<figure class=\"gb-block-image gb-block-image-2b6d6861\"><img loading=\"lazy\" decoding=\"async\" width=\"1456\" height=\"816\" class=\"gb-image gb-image-2b6d6861\" src=\"https:\/\/www.sisinternational.com\/wp-content\/uploads\/2025\/08\/Eldersly-care-memory-care-3.jpg\" alt=\"SIS International Marktforschung &amp; Strategie\" title=\"Eldersly care memory care (3)\" srcset=\"https:\/\/www.sisinternational.com\/wp-content\/uploads\/2025\/08\/Eldersly-care-memory-care-3.jpg 1456w, https:\/\/www.sisinternational.com\/wp-content\/uploads\/2025\/08\/Eldersly-care-memory-care-3-300x168.jpg 300w, https:\/\/www.sisinternational.com\/wp-content\/uploads\/2025\/08\/Eldersly-care-memory-care-3-1024x574.jpg 1024w, https:\/\/www.sisinternational.com\/wp-content\/uploads\/2025\/08\/Eldersly-care-memory-care-3-768x430.jpg 768w, https:\/\/www.sisinternational.com\/wp-content\/uploads\/2025\/08\/Eldersly-care-memory-care-3-18x10.jpg 18w\" sizes=\"auto, (max-width: 1456px) 100vw, 1456px\"><\/figure>\n\n\n\n<p><\/p>\n\n\n\n<p>To gather valuable and actionable insights from senior participants in focus groups, it&#8217;s essential to design the study with their specific needs and preferences in mind. Effective <a href=\"https:\/\/www.sisinternational.com\/de\/losungen\/qualitative-quantitative-forschungslosungen\/padagogische-produkttests-fur-kinder-in-nyc\/\" title=\"P\u00e4dagogische Produkttests f\u00fcr Kinder in NYC\" data-wpil-monitor-id=\"1789\">NYC focus groups to test products<\/a> for seniors&#8217; design ensure meaningful feedback and a positive experience for senior participants.&nbsp;<\/p>\n\n\n\n<h4 class=\"wp-block-heading\"><strong>Teilnehmer rekrutieren: Kriterien und \u00dcberlegungen<\/strong><\/h4>\n\n\n\n<ul class=\"wp-block-list\">\n<li><strong>Auswahlkriterien<\/strong>: Legen Sie klare Kriterien f\u00fcr die Auswahl der Teilnehmer fest, wie z. B. Altersspanne, Gesundheitszustand und spezifische Interessen im Zusammenhang mit dem Produkt. Dadurch wird sichergestellt, dass die Fokusgruppe Senioren umfasst, die den Zielmarkt repr\u00e4sentieren.<\/li>\n\n\n\n<li><strong>Vielf\u00e4ltige Vertretung<\/strong>: Streben Sie nach Vielfalt in Bezug auf Ethnizit\u00e4t, sozio\u00f6konomischen Status und Lebensstil, um verschiedene Perspektiven zu sammeln. Die vielf\u00e4ltige Bev\u00f6lkerung von NYC bietet die M\u00f6glichkeit, vielf\u00e4ltige Einblicke zu gewinnen.<\/li>\n\n\n\n<li><strong>Anreize<\/strong>: Bieten Sie entsprechende Anreize, wie etwa Geschenkgutscheine oder eine Entsch\u00e4digung f\u00fcr Zeit und Reisekosten, um die Teilnahme zu f\u00f6rdern und ein positives Erlebnis zu gew\u00e4hrleisten.<br><\/li>\n<\/ul>\n\n\n\n<h4 class=\"wp-block-heading\"><strong>Anpassung des Formats f\u00fcr das Engagement der Senioren<\/strong><\/h4>\n\n\n\n<ul class=\"wp-block-list\">\n<li><strong>Barrierefreier Veranstaltungsort<\/strong>: W\u00e4hlen Sie einen Veranstaltungsort, der leicht zug\u00e4nglich ist und \u00fcber bequeme Sitzgelegenheiten und M\u00f6glichkeiten f\u00fcr Mobilit\u00e4tshilfen verf\u00fcgt. F\u00fcr \u00e4ltere Teilnehmer ist die Gew\u00e4hrleistung der physischen Zug\u00e4nglichkeit von entscheidender Bedeutung.<\/li>\n\n\n\n<li><strong>Vereinfachte Sprache<\/strong>: Verwenden Sie in allen Materialien und Diskussionen eine klare, unkomplizierte Sprache. Vermeiden Sie Fachjargon, der einigen Vorgesetzten unbekannt sein k\u00f6nnte.<\/li>\n\n\n\n<li><strong>Interaktive Methoden<\/strong>: Integrieren Sie interaktive Elemente wie praktische Produktdemonstrationen oder visuelle Hilfsmittel, um die Teilnehmer einzubinden und Feedback zu erleichtern.<br><\/li>\n<\/ul>\n\n\n\n<h4 class=\"wp-block-heading\"><strong>Sicherstellung der Zug\u00e4nglichkeit in Diskussion und Umgebung<\/strong><\/h4>\n\n\n\n<ul class=\"wp-block-list\">\n<li><strong>Technische Unterst\u00fctzung<\/strong>: Bieten Sie technische Unterst\u00fctzung f\u00fcr alle digitalen Tools oder Ger\u00e4te, die w\u00e4hrend der Fokusgruppe verwendet werden. Stellen Sie sicher, dass die Senioren mit der eingesetzten Technologie vertraut sind.<\/li>\n\n\n\n<li><strong>Moderationstechniken<\/strong>: Setzen Sie erfahrene Moderatoren ein, die im Umgang mit \u00e4lteren Teilnehmern geschult sind. Der Moderator sollte geduldig und aufmerksam sein und den \u00e4lteren Teilnehmern ausreichend Zeit geben, ihre Gedanken auszudr\u00fccken.<\/li>\n\n\n\n<li><strong>Feedback-Sammlung<\/strong>: Nutzen Sie Methoden, die unterschiedlichen Niveaus der technischen Vertrautheit Rechnung tragen. Erw\u00e4gen Sie beispielsweise, zus\u00e4tzlich zu digitalen Tools auch Papierumfragen oder Einzelinterviews einzusetzen.<br><\/li>\n<\/ul>\n\n\n\n<h2 class=\"wp-block-heading\">Auswertung der Ergebnisse<\/h2>\n\n\n\n<figure class=\"gb-block-image gb-block-image-f0b7edd4\"><img loading=\"lazy\" decoding=\"async\" width=\"1456\" height=\"816\" class=\"gb-image gb-image-f0b7edd4\" src=\"https:\/\/www.sisinternational.com\/wp-content\/uploads\/2025\/08\/Eldersly-care-memory-care-2.jpg\" alt=\"SIS International Marktforschung &amp; Strategie\" title=\"Eldersly care memory care (2)\" srcset=\"https:\/\/www.sisinternational.com\/wp-content\/uploads\/2025\/08\/Eldersly-care-memory-care-2.jpg 1456w, https:\/\/www.sisinternational.com\/wp-content\/uploads\/2025\/08\/Eldersly-care-memory-care-2-300x168.jpg 300w, https:\/\/www.sisinternational.com\/wp-content\/uploads\/2025\/08\/Eldersly-care-memory-care-2-1024x574.jpg 1024w, https:\/\/www.sisinternational.com\/wp-content\/uploads\/2025\/08\/Eldersly-care-memory-care-2-768x430.jpg 768w, https:\/\/www.sisinternational.com\/wp-content\/uploads\/2025\/08\/Eldersly-care-memory-care-2-18x10.jpg 18w\" sizes=\"auto, (max-width: 1456px) 100vw, 1456px\"><\/figure>\n\n\n\n<p><\/p>\n\n\n\n<p>Practical evaluation ensures that the feedback is used to enhance product development, marketing strategies, and overall consumer engagement \u2013 and here\u2019s how to approach the review of results from NYC <a href=\"https:\/\/www.sisinternational.com\/de\/losungen\/schwerpunktgruppen\/fokusgruppen-in-new-york-testen-produkte-der-generation-z\/\" title=\"Fokusgruppen in New York nutzen, um Produkte der Generation Z zu testen\" data-wpil-monitor-id=\"1874\">focus groups to test products<\/a> for seniors:<\/p>\n\n\n\n<h4 class=\"wp-block-heading\"><strong>Feedback von Vorgesetzten interpretieren<\/strong><\/h4>\n\n\n\n<ul class=\"wp-block-list\">\n<li><strong>Identifizierung zentraler Themen<\/strong>: \u00dcberpr\u00fcfen Sie das Feedback, um gemeinsame Themen und Muster zu identifizieren. Suchen Sie nach wiederkehrenden Problemen, Pr\u00e4ferenzen und Vorschl\u00e4gen, die zur Produktverbesserung beitragen k\u00f6nnen.<\/li>\n\n\n\n<li><strong>Segmentieren von Daten<\/strong>: Analysieren Sie die Daten, indem Sie sie nach verschiedenen Kriterien segmentieren, wie z. B. Alter, Gesundheitszustand und Lebensstil. Dies hilft zu verstehen, wie verschiedene Segmente der \u00e4lteren Bev\u00f6lkerung das Produkt wahrnehmen.<\/li>\n\n\n\n<li><strong>Bewertung der Benutzerfreundlichkeit und Akzeptanz<\/strong>: Bewerten Sie Feedback zur Benutzerfreundlichkeit und Akzeptanz des Produkts. Bestimmen Sie, wie gut das Produkt den spezifischen Bed\u00fcrfnissen und Vorlieben von Senioren entspricht, und identifizieren Sie Bereiche, die verbessert werden k\u00f6nnen.<br><\/li>\n<\/ul>\n\n\n\n<h4 class=\"wp-block-heading\"><strong>Wichtige Kennzahlen f\u00fcr eine auf Senioren ausgerichtete Produktentwicklung<\/strong><\/h4>\n\n\n\n<ul class=\"wp-block-list\">\n<li><strong>Benutzerfreundlichkeit<\/strong>: Messen Sie, wie einfach Senioren das Produkt nutzen k\u00f6nnen und ob es ihren Zug\u00e4nglichkeitsanforderungen entspricht. Verfolgen Sie alle gemeldeten Schwierigkeiten und Verbesserungsvorschl\u00e4ge.<\/li>\n\n\n\n<li><strong>Funktionsrelevanz<\/strong>: Bewerten Sie die Wichtigkeit verschiedener Funktionen aus der Sicht der Senioren. Bestimmen Sie, welche Funktionen am meisten gesch\u00e4tzt werden und welche m\u00f6glicherweise Anpassungen oder zus\u00e4tzliche Unterst\u00fctzung ben\u00f6tigen.<\/li>\n\n\n\n<li><strong>Gesamtzufriedenheit<\/strong>: Messen Sie die allgemeine Zufriedenheit mit dem Produkt, einschlie\u00dflich der Zufriedenheit mit Design, Funktionalit\u00e4t und Benutzerfreundlichkeit. Diese Kennzahl hilft dabei, den potenziellen Erfolg des Produkts auf dem Markt einzusch\u00e4tzen.<br><\/li>\n<\/ul>\n\n\n\n<h4 class=\"wp-block-heading\"><strong>Anpassen von Produktdesign und Marketing auf Grundlage von Erkenntnissen<\/strong><\/h4>\n\n\n\n<ul class=\"wp-block-list\">\n<li><strong>Design\u00e4nderungen<\/strong>: Nutzen Sie das Feedback, um notwendige Anpassungen am Produktdesign vorzunehmen und sicherzustellen, dass es den Vorlieben und Bed\u00fcrfnissen der Senioren entspricht. Dies k\u00f6nnte \u00c4nderungen in Gr\u00f6\u00dfe, Funktionalit\u00e4t oder Benutzerfreundlichkeit beinhalten.<\/li>\n\n\n\n<li><strong>Marketingstrategien<\/strong>: Passen Sie Marketingstrategien auf Grundlage der Erkenntnisse aus den Fokusgruppen an. Passen Sie Ihre Botschaften an, um die f\u00fcr Senioren attraktivsten Merkmale hervorzuheben und alle identifizierten Bedenken oder Hindernisse zu ber\u00fccksichtigen.<\/li>\n\n\n\n<li><strong>Laufende Feedbackschleife<\/strong>: Etablieren Sie eine kontinuierliche Feedback-Schleife mit erfahrenen Verbrauchern, um das Produkt zu verfeinern und auf sich \u00e4ndernde Bed\u00fcrfnisse und Vorlieben abgestimmt zu bleiben.<br><\/li>\n<\/ul>\n\n\n\n<h2 class=\"wp-block-heading\">\u00dcber SIS International<\/h2>\n\n\n\n<p><a href=\"https:\/\/www.sisinternational.com\/de\/\">SIS International<\/a> bietet quantitative, qualitative und strategische Forschung an. Wir liefern Daten, Tools, Strategien, Berichte und Erkenntnisse zur Entscheidungsfindung. Wir f\u00fchren auch Interviews, Umfragen, Fokusgruppen und andere Methoden und Ans\u00e4tze der Marktforschung durch.<a href=\"https:\/\/www.sisinternational.com\/de\/uber-sis-international-research\/contact-sis-international-market-research\/\"> Kontakt<\/a> f\u00fcr Ihr n\u00e4chstes Marktforschungsprojekt.<\/p>","protected":false},"excerpt":{"rendered":"<p>Leveraging NYC Focus Groups to Test Products for Seniors &nbsp; New York City is one of the most diverse markets in the world, making it an ideal location for testing products with various consumer segments, including seniors. With a rapidly growing senior population, businesses have a unique opportunity to develop products that cater to this &#8230; <a title=\"Nutzung von NYC-Fokusgruppen zum Testen von Produkten f\u00fcr Senioren \u00a0\" class=\"read-more\" href=\"https:\/\/www.sisinternational.com\/de\/losungen\/schwerpunktgruppen\/fokusgruppen-in-new-york-testen-produkte-fur-senioren\/\" aria-label=\"Mehr Informationen \u00fcber Leveraging NYC Focus Groups to Test Products for Seniors \u00a0\">Weiterlesen \u2026<\/a><\/p>","protected":false},"author":1,"featured_media":63799,"parent":16287,"menu_order":7,"comment_status":"closed","ping_status":"closed","template":"","meta":{"footnotes":""},"class_list":["post-53731","page","type-page","status-publish","has-post-thumbnail"],"_links":{"self":[{"href":"https:\/\/www.sisinternational.com\/de\/wp-json\/wp\/v2\/pages\/53731","targetHints":{"allow":["GET"]}}],"collection":[{"href":"https:\/\/www.sisinternational.com\/de\/wp-json\/wp\/v2\/pages"}],"about":[{"href":"https:\/\/www.sisinternational.com\/de\/wp-json\/wp\/v2\/types\/page"}],"author":[{"embeddable":true,"href":"https:\/\/www.sisinternational.com\/de\/wp-json\/wp\/v2\/users\/1"}],"replies":[{"embeddable":true,"href":"https:\/\/www.sisinternational.com\/de\/wp-json\/wp\/v2\/comments?post=53731"}],"version-history":[{"count":9,"href":"https:\/\/www.sisinternational.com\/de\/wp-json\/wp\/v2\/pages\/53731\/revisions"}],"predecessor-version":[{"id":76244,"href":"https:\/\/www.sisinternational.com\/de\/wp-json\/wp\/v2\/pages\/53731\/revisions\/76244"}],"up":[{"embeddable":true,"href":"https:\/\/www.sisinternational.com\/de\/wp-json\/wp\/v2\/pages\/16287"}],"wp:featuredmedia":[{"embeddable":true,"href":"https:\/\/www.sisinternational.com\/de\/wp-json\/wp\/v2\/media\/63799"}],"wp:attachment":[{"href":"https:\/\/www.sisinternational.com\/de\/wp-json\/wp\/v2\/media?parent=53731"}],"curies":[{"name":"wp","href":"https:\/\/api.w.org\/{rel}","templated":true}]}}