{"id":53729,"date":"2024-10-11T23:29:33","date_gmt":"2024-10-12T03:29:33","guid":{"rendered":"https:\/\/www.sisinternational.com\/?page_id=53729"},"modified":"2026-03-13T01:22:37","modified_gmt":"2026-03-13T05:22:37","slug":"zentrale-standorttests-vs-fokusgruppen","status":"publish","type":"page","link":"https:\/\/www.sisinternational.com\/de\/central-location-tests-clt-page\/zentrale-standorttests-vs-fokusgruppen\/","title":{"rendered":"Zentrale Standorttests vs. Fokusgruppen"},"content":{"rendered":"<h1 class=\"wp-block-heading\">Zentrale Standorttests vs. Fokusgruppen<\/h1>\n\n\n\n<figure class=\"gb-block-image gb-block-image-5142217d\"><img loading=\"lazy\" decoding=\"async\" width=\"1456\" height=\"816\" class=\"gb-image gb-image-5142217d\" src=\"https:\/\/www.sisinternational.com\/wp-content\/uploads\/2025\/08\/Food-taste-testing-3.jpg\" alt=\"SIS International Marktforschung &amp; Strategie\" title=\"Food taste testing (3)\" srcset=\"https:\/\/www.sisinternational.com\/wp-content\/uploads\/2025\/08\/Food-taste-testing-3.jpg 1456w, https:\/\/www.sisinternational.com\/wp-content\/uploads\/2025\/08\/Food-taste-testing-3-300x168.jpg 300w, https:\/\/www.sisinternational.com\/wp-content\/uploads\/2025\/08\/Food-taste-testing-3-1024x574.jpg 1024w, https:\/\/www.sisinternational.com\/wp-content\/uploads\/2025\/08\/Food-taste-testing-3-768x430.jpg 768w, https:\/\/www.sisinternational.com\/wp-content\/uploads\/2025\/08\/Food-taste-testing-3-18x10.jpg 18w\" sizes=\"auto, (max-width: 1456px) 100vw, 1456px\"><\/figure>\n\n\n\n<p><\/p>\n\n\n\n<h3 class=\"wp-block-heading\">Central Location Tests eignen sich ideal f\u00fcr kontrollierte Produkttests, w\u00e4hrend Fokusgruppen sich durch Diskussionen besonders gut dazu eignen, tiefgreifendes qualitatives Feedback zu erhalten. Das Verst\u00e4ndnis der Unterschiede kann Unternehmen dabei helfen, den richtigen Ansatz zu w\u00e4hlen, um die relevantesten Verbrauchereinblicke zu gewinnen.<\/h3>\n\n\n\n<p>Marktforschung ist f\u00fcr das Verst\u00e4ndnis der Verbraucherpr\u00e4ferenzen unerl\u00e4sslich. Zwei in diesem Bereich weit verbreitete Methoden sind zentrale Standorttests und Fokusgruppen. Beide Ans\u00e4tze bieten einzigartige Vorteile und Erkenntnisse und helfen Unternehmen dabei, ihre Produkte, Marketingstrategien und das allgemeine Engagement der Verbraucher zu optimieren.&nbsp;<\/p>\n\n\n\n<h2 class=\"gb-headline gb-headline-1f28aba3 gb-headline-text\">Zentrale Standorttests vs. Fokusgruppen<\/h2>\n\n\n\n<h3 class=\"wp-block-heading\">Was sind zentrale Standorttests?<\/h3>\n\n\n\n<p><strong><a href=\"https:\/\/www.sisinternational.com\/de\/losungen\/qualitative-quantitative-forschungslosungen\/tests-an-zentralen-standorten-in-new-york-city\/\" title=\"Zentrale Standorttests in New York City: Vorteile f\u00fcr Produkttests\"  data-wpil-monitor-id=\"1597\">Zentrale Standorttests<\/a><\/strong> (CLTs) sind eine kontrollierte Forschungsmethode, bei der Teilnehmer an einen bestimmten Ort eingeladen werden, um Produkte oder Dienstleistungen unter standardisierten Bedingungen zu bewerten. Normalerweise werden CLTs in einer neutralen Umgebung wie einer Testanlage durchgef\u00fchrt, wo Variablen wie Beleuchtung, Temperatur und Produktpr\u00e4sentation kontrolliert werden k\u00f6nnen, um konsistente Ergebnisse zu gew\u00e4hrleisten.&nbsp;<\/p>\n\n\n\n<p>Ein wesentlicher Vorteil zentraler Tests ist die M\u00f6glichkeit, in kurzer Zeit quantitatives Feedback von vielen Teilnehmern zu sammeln. Indem Unternehmen die Teilnehmer bitten, unmittelbar nach dem Testen eines Produkts Umfragen auszuf\u00fcllen oder Bewertungen abzugeben, k\u00f6nnen sie strukturierte, vergleichbare Daten sammeln, die sich gut f\u00fcr statistische Analysen eignen.&nbsp;<\/p>\n\n\n\n<h3 class=\"wp-block-heading\">Was sind Fokusgruppen?<\/h3>\n\n\n\n<p><a href=\"https:\/\/www.sisinternational.com\/de\/losungen\/schwerpunktgruppen\/einrichtungen-fur-fokusgruppen-in-nyc\/\"><strong>Schwerpunktgruppen<\/strong><\/a> sind eine qualitative Forschungsmethode, bei der eine kleine Gruppe von Teilnehmern an gef\u00fchrten Diskussionen teilnimmt, um tiefgreifende Einblicke in ihre Meinungen, Vorlieben und Verhaltensweisen in Bezug auf ein Produkt oder eine Dienstleistung zu erhalten. Im Gegensatz zu Central Location Tests sind Fokusgruppen darauf ausgelegt, offene Gespr\u00e4che zu f\u00f6rdern, sodass die Teilnehmer ihre Gedanken frei austauschen und auf die Meinungen der anderen reagieren k\u00f6nnen.&nbsp;<\/p>\n\n\n\n<p>Fokusgruppen sind wertvoll, wenn Unternehmen das \u201eWarum\u201c hinter dem Verbraucherverhalten erforschen m\u00f6chten. Sie werden h\u00e4ufig in den fr\u00fchen Phasen der Produktentwicklung eingesetzt, um Kundenbed\u00fcrfnisse, Einstellungen und emotionale Reaktionen zu verstehen. Der interaktive Charakter von Fokusgruppen erm\u00f6glicht die Erforschung komplexer Themen wie Markenwahrnehmung, Produktnutzbarkeit und Entscheidungsprozesse der Verbraucher, die in einer quantitativen Umfrage m\u00f6glicherweise nicht leicht erfasst werden k\u00f6nnen.&nbsp;<\/p>\n\n\n\n<h2 class=\"wp-block-heading\">Aber\u2026 Was sind die Hauptunterschiede zwischen Tests an zentralen Standorten und Fokusgruppen?<\/h2>\n\n\n\n<figure class=\"gb-block-image gb-block-image-15e32d98\"><img decoding=\"async\" class=\"gb-image gb-image-15e32d98\" src=\"https:\/\/www.sisinternational.com\/wp-content\/uploads\/2015\/06\/focus-groups.jpg\" alt=\"Schwerpunktgruppen\" title=\"Schwerpunktgruppen\"\/><\/figure>\n\n\n\n<p><\/p>\n\n\n\n<p>Zwar sind Tests an zentralen Standorten und Fokusgruppen wichtige Instrumente zur Gewinnung von Erkenntnissen \u00fcber die Verbraucher, doch unterscheiden sie sich erheblich hinsichtlich der Methodik und der Art der von ihnen erzeugten Daten.<\/p>\n\n\n\n<ul class=\"wp-block-list\">\n<li><strong>Methodik<\/strong>: Bei Central Location Tests steht die strukturierte, quantitative Datenerfassung im Mittelpunkt. Die Teilnehmer bewerten Produkte oder Dienstleistungen unter kontrollierten Bedingungen individuell durch Umfragen oder Bewertungen. Im Gegensatz dazu basieren Fokusgruppen auf qualitativen Daten und nutzen offene Diskussionen, um die Einstellungen, Motivationen und emotionalen Reaktionen der Verbraucher zu untersuchen. Der interaktive Charakter von Fokusgruppen erm\u00f6glicht es den Teilnehmern, die Ansichten der anderen auszutauschen und darauf zu reagieren, was zu tieferen Erkenntnissen f\u00fchren kann.<\/li>\n\n\n\n<li><strong>Feedback-Typ<\/strong>: Zentrale Standorttests liefern numerisches oder statistisches Feedback und sind daher ideal f\u00fcr Vergleiche und gro\u00df angelegte Analysen. Sie werden h\u00e4ufig verwendet, wenn Unternehmen objektive Daten ben\u00f6tigen, um \u00fcber die Leistung oder Pr\u00e4ferenz eines Produkts zu entscheiden. Fokusgruppen hingegen liefern reichhaltiges, narratives Feedback. Ziel ist es, die Erfahrungen, Wahrnehmungen und Argumente der Verbraucher zu verstehen, was f\u00fcr die Verfeinerung von Nachrichten\u00fcbermittlung, Markenbildung und Produktentwicklung wertvoll ist.<\/li>\n\n\n\n<li><strong>Gruppengr\u00f6\u00dfe und -format<\/strong>: Central Location Tests umfassen in der Regel zahlreiche Teilnehmer, manchmal Hunderte, was eine umfassende Datenerfassung erm\u00f6glicht. Fokusgruppen sind kleiner und umfassen in der Regel 6-12 Teilnehmer, was sie pers\u00f6nlicher macht und zu eingehenden Diskussionen anregt. Das Fokusgruppenformat f\u00f6rdert den interaktiven Dialog, w\u00e4hrend sich Central Location Tests auf individuelle Antworten konzentrieren.<\/li>\n<\/ul>\n\n\n\n<p><\/p>\n\n\n\n<h2 class=\"wp-block-heading has-text-align-center\">Zentrale Standorttests vs. Fokusgruppen<\/h2>\n\n\n\n<figure class=\"wp-block-table\"><table class=\"has-fixed-layout\"><tbody><tr><td><strong>Kriterien<\/strong><\/td><td><strong>Zentrale Standorttests (CLTs)<\/strong><\/td><td><strong>Schwerpunktgruppen<\/strong><\/td><\/tr><tr><td><strong>Methodik<\/strong><\/td><td>Strukturierte, quantitative Datenerfassung in kontrollierten Umgebungen.<\/td><td>Offene Diskussionen mit qualitativem Feedback, moderiert von einem Moderator.<\/td><\/tr><tr><td><strong>Feedback-Typ<\/strong><\/td><td>Vorwiegend quantitativ (Umfragen, Bewertungen etc.).<\/td><td>Qualitativ (ausf\u00fchrliche Meinungen, Emotionen und Diskussionen).<\/td><\/tr><tr><td><strong>Gruppengr\u00f6\u00dfe<\/strong><\/td><td>Normalerweise gro\u00df, mit vielen Teilnehmern f\u00fcr eine umfassendere Datenerfassung.<\/td><td>Kleine Gruppen (6\u201312 Teilnehmer), deren Schwerpunkt auf detaillierten Diskussionen liegt.<\/td><\/tr><tr><td><strong>Format<\/strong><\/td><td>Einzelne Produktbewertungen, oft im direkten Vergleich.<\/td><td>Gruppeninteraktion mit gemeinsamen Erkenntnissen und Antworten.<\/td><\/tr><tr><td><strong>Am besten f\u00fcr<\/strong><\/td><td>Messen der Produktleistung, Pr\u00e4ferenzen und Testen von Iterationen.<\/td><td>Die Motivationen, Einstellungen und emotionalen Reaktionen der Verbraucher verstehen.<\/td><\/tr><tr><td><strong>Datenausgabe<\/strong><\/td><td>Statistische Daten, die f\u00fcr einen umfassenden Vergleich und eine Analyse geeignet sind.<\/td><td>Narrative Einblicke, die das \u201eWarum\u201c hinter den Entscheidungen der Verbraucher erforschen.<\/td><\/tr><tr><td><strong>Anwendungsf\u00e4lle<\/strong><\/td><td>Lebensmittel, Getr\u00e4nke, Konsumg\u00fcter; Vergleichen von Produktvarianten.<\/td><td>Branding, Messaging, Produkterlebnis; tiefere Erforschung der Wahrnehmungen.<\/td><\/tr><\/tbody><\/table><\/figure>\n\n\n\n<h2 class=\"wp-block-heading\">Wann Sie zentrale Standorttests verwenden sollten<\/h2>\n\n\n\n<p>CLTs sind besonders effektiv, wenn Unternehmen standardisierte, quantitative Daten schnell und effizient erfassen m\u00fcssen. Sie eignen sich ideal f\u00fcr Szenarien, in denen es um die Produktleistung oder vergleichende Tests mehrerer Varianten unter kontrollierten Bedingungen geht. Beispielsweise werden CLTs in der Lebensmittel- und Getr\u00e4nkeindustrie h\u00e4ufig verwendet, um neue Geschmacksrichtungen, Verpackungen oder Produktformulierungen zu testen, sodass Unternehmen die Verbraucherpr\u00e4ferenzen genau einsch\u00e4tzen k\u00f6nnen.<\/p>\n\n\n\n<p>CLTs sind auch dann vorteilhaft, wenn Kosten und Logistik eine Rolle spielen. Da viele Teilnehmer an einem einzigen Standort beteiligt sind, k\u00f6nnen Unternehmen die Datenerfassung rationalisieren und die Zeit f\u00fcr die Ergebniserfassung verk\u00fcrzen. Diese Methode eignet sich f\u00fcr Branchen wie Konsumg\u00fcter, K\u00f6rperpflege und Haushaltsprodukte, in denen Verbraucher physische Produkte aus erster Hand bewerten m\u00fcssen.<\/p>\n\n\n\n<p>Dar\u00fcber hinaus sind CLTs hilfreich, wenn Unternehmen statistische Validit\u00e4t ihrer Ergebnisse ben\u00f6tigen. Durch die Kontrolle der Testumgebung und die Begrenzung externer Variablen k\u00f6nnen Unternehmen sicherstellen, dass die gesammelten Daten zuverl\u00e4ssig sind und f\u00fcr sichere Produktentscheidungen verwendet werden k\u00f6nnen.&nbsp;<\/p>\n\n\n\n<h2 class=\"wp-block-heading\">Zentrale Standorttests vs. Fokusgruppen: Wann werden Fokusgruppen eingesetzt?<\/h2>\n\n\n\n<figure class=\"gb-block-image gb-block-image-ae1a937a\"><img loading=\"lazy\" decoding=\"async\" width=\"1456\" height=\"816\" class=\"gb-image gb-image-ae1a937a\" src=\"https:\/\/www.sisinternational.com\/wp-content\/uploads\/2025\/09\/Focus-group-4-6.jpg\" alt=\"SIS International Marktforschung &amp; Strategie\" title=\"Focus group 4 (6)\" srcset=\"https:\/\/www.sisinternational.com\/wp-content\/uploads\/2025\/09\/Focus-group-4-6.jpg 1456w, https:\/\/www.sisinternational.com\/wp-content\/uploads\/2025\/09\/Focus-group-4-6-300x168.jpg 300w, https:\/\/www.sisinternational.com\/wp-content\/uploads\/2025\/09\/Focus-group-4-6-1024x574.jpg 1024w, https:\/\/www.sisinternational.com\/wp-content\/uploads\/2025\/09\/Focus-group-4-6-768x430.jpg 768w, https:\/\/www.sisinternational.com\/wp-content\/uploads\/2025\/09\/Focus-group-4-6-18x10.jpg 18w\" sizes=\"auto, (max-width: 1456px) 100vw, 1456px\"><\/figure>\n\n\n\n<p><\/p>\n\n\n\n<p>Fokusgruppen sind besonders dann sinnvoll, wenn Unternehmen die qualitativen Aspekte des Verbraucherverhaltens untersuchen m\u00fcssen, wie etwa Einstellungen, Motivationen und emotionale Reaktionen. Sie sind ideal, wenn das Ziel darin besteht, die Gr\u00fcnde f\u00fcr Verbraucherentscheidungen zu erforschen und nicht einfach nur Pr\u00e4ferenzen zu messen. Diese Methode wird h\u00e4ufig in den fr\u00fchen Phasen der Produktentwicklung oder der Gestaltung von Marketingkampagnen verwendet oder wenn Unternehmen die komplexen Wahrnehmungen der Verbraucher \u00fcber ihre Marke verstehen m\u00fcssen.<\/p>\n\n\n\n<p>Fokusgruppen sind in Situationen von Vorteil, in denen die Interaktion der Teilnehmer zu tieferen Erkenntnissen f\u00fchren kann. Beispielsweise haben Verbraucher oft differenzierte Vorlieben, die von ihrem Lebensstil, ihren Werten und ihren Erfahrungen in den Bereichen Mode, Gesundheitswesen oder Technologie beeinflusst werden. Die F\u00fclle der durch offene Diskussionen gesammelten Daten macht Fokusgruppen zu einem wirkungsvollen Instrument f\u00fcr Unternehmen, die ihre Produkte und Kommunikation an die W\u00fcnsche der Verbraucher anpassen m\u00f6chten.<\/p>\n\n\n\n<h2 class=\"wp-block-heading\">Kombination von zentralen Standorttests und Fokusgruppen \u2026 ist das m\u00f6glich?<\/h2>\n\n\n\n<p>Businesses can often achieve the best results by combining Central Location Tests and focus groups. This hybrid approach allows companies to leverage the strengths of both methodologies, offering a more comprehensive understanding of consumer preferences and behaviors. By conducting Central Location Tests first, businesses can gather quantitative data on product performance and then follow up with <a href=\"https:\/\/www.sisinternational.com\/de\/losungen\/schwerpunktgruppen\/fokusgruppen-in-new-york-testen-produkte-fur-senioren\/\" title=\"Nutzung von NYC-Fokusgruppen zum Testen von Produkten f\u00fcr Senioren \u00a0\"  data-wpil-monitor-id=\"1849\">Schwerpunktgruppen<\/a> to explore the underlying reasons behind consumers&#8217; choices during the tests.<\/p>\n\n\n\n<p>Zum Beispiel<span style=\"box-sizing: border-box; margin: 0px; padding: 0px;\">, k\u00f6nnte ein Unternehmen einen zentralen Standorttest in der Lebensmittel- und Getr\u00e4nkeindustrie durchf\u00fchren&nbsp;<\/span>um herauszufinden, welche neue Geschmacksrichtung die Verbraucher bevorzugen. Sp\u00e4ter k\u00f6nnen sie Fokusgruppen veranstalten, um zu diskutieren, warum die Teilnehmer eine Geschmacksrichtung einer anderen vorziehen, was Einblicke in Geschmacksvorlieben, Markenwahrnehmungen oder die Attraktivit\u00e4t der Verpackung bietet. Diese Kombination erm\u00f6glicht eine umfassende Datenerfassung und eingehende Analyse und stellt sicher, dass Unternehmen fundierte Entscheidungen treffen.<\/p>\n\n\n\n<h2 class=\"wp-block-heading\">Wie SIS International Unternehmen dabei hilft, die Herausforderungen von zentralen Standorttests im Vergleich zu Fokusgruppen zu meistern<\/h2>\n\n\n\n<p>SIS International bietet beispiellose Expertise bei der Durchf\u00fchrung von Central Location Tests und Fokusgruppen und unterst\u00fctzt Unternehmen in verschiedenen Branchen dabei, fundierte Entscheidungen auf der Grundlage umfassender Verbrauchereinblicke zu treffen. Mit jahrzehntelanger Erfahrung in der Marktforschung stellt SIS International sicher, dass jede Studie auf die spezifischen Bed\u00fcrfnisse des Kunden zugeschnitten ist, unabh\u00e4ngig davon, ob der Schwerpunkt auf Produktentwicklung, Markenbildung oder Verbraucherverhalten liegt.<\/p>\n\n\n<p>\n\n\n<\/p>\n<p style=\"padding-left: 40px;\"><strong>Ma\u00dfgeschneiderte Forschungsl\u00f6sungen<br \/><br \/><\/strong><a href=\"https:\/\/www.linkedin.com\/company\/sisinternationalresearch\/\" target=\"_blank\" rel=\"noopener\">SIS International<\/a> passt Central Location Tests und Fokusgruppen an die spezifischen Bed\u00fcrfnisse jedes Unternehmens an und stellt sicher, dass die gewonnenen Erkenntnisse direkt auf die Unternehmensziele abgestimmt sind.<\/p>\n<p style=\"padding-left: 40px;\">\n\n\n\n<\/p>\n<p style=\"padding-left: 40px;\"><strong>Globale Reichweite und Standardisierung<\/strong><strong><br \/><\/strong><strong><br \/><\/strong>Mit einem globalen Netzwerk aus Forschungseinrichtungen erm\u00f6glicht SIS International Unternehmen die Durchf\u00fchrung zentraler Standorttests in mehreren Regionen und gew\u00e4hrleistet so konsistente und zuverl\u00e4ssige Daten, die international verglichen und analysiert werden k\u00f6nnen.<\/p>\n<p style=\"padding-left: 40px;\">\n\n\n\n<\/p>\n<p style=\"padding-left: 40px;\"><strong>Umfassende Verbrauchereinblicke<\/strong><strong><br \/><\/strong><strong><br \/><\/strong>Durch die Kombination quantitativer Daten aus zentralen Standorttests mit qualitativen Erkenntnissen aus Fokusgruppen bietet SIS International Unternehmen einen ganzheitlichen \u00dcberblick \u00fcber die Vorlieben, Verhaltensweisen und Motivationen der Verbraucher und erm\u00f6glicht so fundierte Entscheidungen.<\/p>\n<p style=\"padding-left: 40px;\">\n\n\n\n<\/p>\n<p style=\"padding-left: 40px;\"><strong>Kompetente Moderatoren und vielf\u00e4ltige Teilnehmer<\/strong><strong><br \/><\/strong><strong><br \/><\/strong>Die Fokusgruppen von SIS International werden von erfahrenen Moderatoren geleitet, die eingehende Diskussionen erm\u00f6glichen. Ihre F\u00e4higkeit, einen vielf\u00e4ltigen Teilnehmerpool zu rekrutieren, stellt sicher, dass Unternehmen Erkenntnisse aus einem breiten Spektrum ihres Zielmarktes erhalten, was zu genauerem und repr\u00e4sentativerem Feedback f\u00fchrt.<\/p>\n<p style=\"padding-left: 40px;\">\n\n\n\n<\/p>\n<p style=\"padding-left: 40px;\"><strong>Umsetzbare und datengesteuerte Entscheidungen<\/strong><strong><br \/><\/strong><strong><br \/><\/strong>Dank der Expertise von SIS International in beiden Methoden k\u00f6nnen Unternehmen ihre Produkt-, Marketing- und Markenstrategien mit verwertbaren Daten validieren. Die Kombination aus quantitativen und qualitativen Erkenntnissen gibt Unternehmen die Sicherheit, fundierte Entscheidungen zu treffen, die durch echtes Verbraucherfeedback gest\u00fctzt werden.<\/p>\n<p style=\"padding-left: 40px;\">\n\n\n\n<\/p>\n<p style=\"padding-left: 40px;\"><strong>Effizienz und Wirtschaftlichkeit<br \/><br \/><\/strong>Der optimierte Forschungsansatz von SIS International hilft Unternehmen, kosteneffizient und zeitnah wichtige Erkenntnisse zu gewinnen. Dies verk\u00fcrzt die Markteinf\u00fchrungszeit neuer Produkte und erm\u00f6glicht eine schnellere Iteration von Strategien auf der Grundlage von Kundenfeedback.<\/p>\n<p>\n\n\n<\/p>\n\n\n<h2 class=\"wp-block-heading\">\u00dcber SIS International<\/h2>\n\n\n\n<p><a href=\"https:\/\/www.sisinternational.com\/de\/\">SIS International<\/a> bietet quantitative, qualitative und strategische Forschung an. Wir liefern Daten, Tools, Strategien, Berichte und Erkenntnisse zur Entscheidungsfindung. Wir f\u00fchren auch Interviews, Umfragen, Fokusgruppen und andere Methoden und Ans\u00e4tze der Marktforschung durch.<a href=\"https:\/\/www.sisinternational.com\/de\/uber-sis-international-research\/contact-sis-international-market-research\/\"> Kontakt<\/a> f\u00fcr Ihr n\u00e4chstes Marktforschungsprojekt.<\/p>","protected":false},"excerpt":{"rendered":"<p>Central Location Tests vs Focus Groups Central Location Tests are ideal for controlled product testing, while focus groups excel in uncovering in-depth qualitative feedback through discussions. Understanding the differences can help businesses choose the right approach to gather the most relevant consumer insights. Market research is essential for understanding consumer preferences, and two widely used &#8230; <a title=\"Zentrale Standorttests vs. Fokusgruppen\" class=\"read-more\" href=\"https:\/\/www.sisinternational.com\/de\/central-location-tests-clt-page\/zentrale-standorttests-vs-fokusgruppen\/\" aria-label=\"Mehr Informationen \u00fcber Central Location Tests vs Focus Groups\">Weiterlesen \u2026<\/a><\/p>","protected":false},"author":1,"featured_media":64706,"parent":84538,"menu_order":54,"comment_status":"closed","ping_status":"closed","template":"","meta":{"footnotes":""},"class_list":["post-53729","page","type-page","status-publish","has-post-thumbnail"],"_links":{"self":[{"href":"https:\/\/www.sisinternational.com\/de\/wp-json\/wp\/v2\/pages\/53729","targetHints":{"allow":["GET"]}}],"collection":[{"href":"https:\/\/www.sisinternational.com\/de\/wp-json\/wp\/v2\/pages"}],"about":[{"href":"https:\/\/www.sisinternational.com\/de\/wp-json\/wp\/v2\/types\/page"}],"author":[{"embeddable":true,"href":"https:\/\/www.sisinternational.com\/de\/wp-json\/wp\/v2\/users\/1"}],"replies":[{"embeddable":true,"href":"https:\/\/www.sisinternational.com\/de\/wp-json\/wp\/v2\/comments?post=53729"}],"version-history":[{"count":9,"href":"https:\/\/www.sisinternational.com\/de\/wp-json\/wp\/v2\/pages\/53729\/revisions"}],"predecessor-version":[{"id":76217,"href":"https:\/\/www.sisinternational.com\/de\/wp-json\/wp\/v2\/pages\/53729\/revisions\/76217"}],"up":[{"embeddable":true,"href":"https:\/\/www.sisinternational.com\/de\/wp-json\/wp\/v2\/pages\/84538"}],"wp:featuredmedia":[{"embeddable":true,"href":"https:\/\/www.sisinternational.com\/de\/wp-json\/wp\/v2\/media\/64706"}],"wp:attachment":[{"href":"https:\/\/www.sisinternational.com\/de\/wp-json\/wp\/v2\/media?parent=53729"}],"curies":[{"name":"wp","href":"https:\/\/api.w.org\/{rel}","templated":true}]}}