{"id":53727,"date":"2024-10-12T23:34:08","date_gmt":"2024-10-13T03:34:08","guid":{"rendered":"https:\/\/www.sisinternational.com\/?page_id=53727"},"modified":"2026-01-25T19:39:08","modified_gmt":"2026-01-26T00:39:08","slug":"fokusgruppen-zum-thema-alkohol","status":"publish","type":"page","link":"https:\/\/www.sisinternational.com\/de\/losungen\/schwerpunktgruppen\/fokusgruppen-zum-thema-alkohol\/","title":{"rendered":"Fokusgruppen zum Thema Alkohol: Alkoholische und alkoholfreie Getr\u00e4nke\u00a0"},"content":{"rendered":"<h1 class=\"wp-block-heading\">Fokusgruppen zum Thema Alkohol: Alkoholische und alkoholfreie Getr\u00e4nke&nbsp;<\/h1>\n\n\n\n<figure class=\"gb-block-image gb-block-image-2805c10c\"><img loading=\"lazy\" decoding=\"async\" width=\"1456\" height=\"816\" class=\"gb-image gb-image-2805c10c\" src=\"https:\/\/www.sisinternational.com\/wp-content\/uploads\/2025\/08\/Wine-5.jpg\" alt=\"SIS International Marktforschung &amp; Strategie\" title=\"Wine (5)\" srcset=\"https:\/\/www.sisinternational.com\/wp-content\/uploads\/2025\/08\/Wine-5.jpg 1456w, https:\/\/www.sisinternational.com\/wp-content\/uploads\/2025\/08\/Wine-5-300x168.jpg 300w, https:\/\/www.sisinternational.com\/wp-content\/uploads\/2025\/08\/Wine-5-1024x574.jpg 1024w, https:\/\/www.sisinternational.com\/wp-content\/uploads\/2025\/08\/Wine-5-768x430.jpg 768w, https:\/\/www.sisinternational.com\/wp-content\/uploads\/2025\/08\/Wine-5-18x10.jpg 18w\" sizes=\"auto, (max-width: 1456px) 100vw, 1456px\"><\/figure>\n\n\n\n<p><\/p>\n\n\n\n<p>Da sich Vorlieben und Trends \u00e4ndern, m\u00fcssen Marken auf die W\u00fcnsche ihrer Kunden eingehen \u2013 und Fokusgruppen zum Thema Alkohol sind ein wirksames Instrument, um tiefgreifende Einblicke in die Vorlieben, Motivationen und Wahrnehmungen der Verbraucher zu gewinnen. Durch diese Diskussionen k\u00f6nnen Alkoholmarken ihre Zielgruppe besser verstehen, aufkommende Trends erkunden und fundierte Entscheidungen treffen, die den Marktanforderungen entsprechen.&nbsp;<\/p>\n\n\n\n<h2 class=\"wp-block-heading\">Verbraucherpr\u00e4ferenzen beim Alkoholkonsum verstehen<\/h2>\n\n\n\n<p>Fokusgruppen zum Thema Alkohol liefern detaillierte Einblicke in die Vorlieben der Verbraucher. Durch die Zusammenf\u00fchrung unterschiedlicher Teilnehmer liefern diese Sitzungen Alkoholmarken wertvolles Feedback zu Geschmack, Verpackung und Gesamterlebnis.&nbsp;<\/p>\n\n\n\n<p>In verschiedenen Regionen gibt es unterschiedliche Vorlieben, wenn es um den Alkoholkonsum geht. In den USA beispielsweise erfreuen sich Craft-Biere und Premium-Spirituosen zunehmender Beliebtheit, w\u00e4hrend in Europa eher Wein und traditionelle alkoholische Getr\u00e4nke gefragt sind. Fokusgruppen zum Thema Alkohol erm\u00f6glichen es Marken daher, ihre Produkte auf diese regionalen Unterschiede abzustimmen und so sicherzustellen, dass sie den Anforderungen der lokalen Verbraucher entsprechen.<\/p>\n\n\n\n<p>Dar\u00fcber hinaus sind diese Fokusgruppen f\u00fcr die Erkennung neuer Trends unverzichtbar. Da sich der Geschmack der Verbraucher weiterentwickelt, m\u00fcssen Marken an der Spitze bleiben, indem sie sich an neue Vorlieben anpassen, sei es durch alkoholarme Optionen oder einzigartige Geschmackskombinationen. Dieses dynamische Feedback von Fokusgruppen zum Thema Alkohol erm\u00f6glicht es Unternehmen, innovativ zu sein und auf dem sich st\u00e4ndig ver\u00e4ndernden Getr\u00e4nkemarkt wettbewerbsf\u00e4hig zu bleiben.<\/p>\n\n\n\n<h2 class=\"wp-block-heading\">Die Bedeutung von Fokusgruppen in der Alkoholmarktforschung<\/h2>\n\n\n\n<figure class=\"gb-block-image gb-block-image-54971659\"><img loading=\"lazy\" decoding=\"async\" width=\"1456\" height=\"816\" class=\"gb-image gb-image-54971659\" src=\"https:\/\/www.sisinternational.com\/wp-content\/uploads\/2025\/08\/Alcoholic-beverage-2.jpg\" alt=\"SIS International Marktforschung &amp; Strategie\" title=\"Alcoholic beverage (2)\" srcset=\"https:\/\/www.sisinternational.com\/wp-content\/uploads\/2025\/08\/Alcoholic-beverage-2.jpg 1456w, https:\/\/www.sisinternational.com\/wp-content\/uploads\/2025\/08\/Alcoholic-beverage-2-300x168.jpg 300w, https:\/\/www.sisinternational.com\/wp-content\/uploads\/2025\/08\/Alcoholic-beverage-2-1024x574.jpg 1024w, https:\/\/www.sisinternational.com\/wp-content\/uploads\/2025\/08\/Alcoholic-beverage-2-768x430.jpg 768w, https:\/\/www.sisinternational.com\/wp-content\/uploads\/2025\/08\/Alcoholic-beverage-2-18x10.jpg 18w\" sizes=\"auto, (max-width: 1456px) 100vw, 1456px\"><\/figure>\n\n\n\n<p><\/p>\n\n\n\n<p><a href=\"https:\/\/www.sisinternational.com\/de\/losungen\/schwerpunktgruppen\/einrichtungen-fur-fokusgruppen-in-nyc\/\">Schwerpunktgruppen<\/a> zum Thema Alkohol sind im Alkoholmarkt von unsch\u00e4tzbarem Wert, da sie tiefe, qualitative Einblicke bieten, die anderen Forschungsmethoden wie Umfragen oder Analysen oft entgehen. Quantitative Daten k\u00f6nnen zwar allgemeine Verbrauchertrends aufzeigen, erkl\u00e4ren aber nicht immer das \u201eWarum\u201c hinter diesen Trends. Fokusgruppen zum Thema Alkohol erm\u00f6glichen es Marken, die Motivationen, Einstellungen und emotionalen Treiber zu erforschen, die Kaufentscheidungen beeinflussen, und helfen Marken so, ihren Zielmarkt besser zu verstehen.<\/p>\n\n\n\n<p>In einer typischen Fokusgruppe k\u00f6nnen die Teilnehmer beispielsweise detailliertes Feedback dazu geben, was ihnen am Geschmack, der Verpackung oder der Marke eines bestimmten Produkts gef\u00e4llt oder nicht gef\u00e4llt. Diese direkte Interaktion hilft dabei, nuancierte Vorlieben aufzudecken, die mit anderen Methoden m\u00f6glicherweise nur schwer zu erfassen sind. Dar\u00fcber hinaus erm\u00f6glichen Fokusgruppen interaktive Diskussionen, sodass die Teilnehmer auf den Ideen der anderen aufbauen k\u00f6nnen, was h\u00e4ufig zu tieferen Erkenntnissen f\u00fchrt.<\/p>\n\n\n\n<p>Ein weiterer wichtiger Vorteil von<strong> <\/strong>Fokusgruppen zum Thema Alkohol bieten die M\u00f6glichkeit, die Reaktionen der Verbraucher auf neue oder experimentelle Produkte zu messen, bevor diese auf den Markt kommen. Marken k\u00f6nnen Getr\u00e4nkeprototypen, neue Geschmacksrichtungen oder Verpackungskonzepte vorstellen, um aus erster Hand zu sehen, wie die Verbraucher reagieren. Dieses fr\u00fche Feedback ist entscheidend, um kostspielige Fehler zu vermeiden und sicherzustellen, dass die Produkte bei den Verbrauchern gut ankommen.<\/p>\n\n\n\n<p>Dar\u00fcber hinaus, <a href=\"https:\/\/www.sisinternational.com\/de\/sachverstand\/branchen\/industrielle-fokusgruppen\/\" title=\"Industrielle Fokusgruppen\"  data-wpil-monitor-id=\"5847\">Fokusgruppen zum Thema Alkohol<\/a> are particularly useful for exploring emerging trends in the industry, such as the rise of low-alcohol, no-alcohol, and craft beverages. These niche markets are rapidly growing, and focus groups provide a platform to understand the specific preferences of consumers driving these trends. Insights from such discussions can guide product development, branding, and marketing strategies, ensuring that brands stay ahead of the curve.<\/p>\n\n\n\n<h2 class=\"wp-block-heading\">Wichtige Erkenntnisse aus Fokusgruppen zum Thema Alkohol<\/h2>\n\n\n\n<p>Fokusgruppen zum Thema Alkohol liefern zahlreiche Erkenntnisse, die Produktangebote und Marketingstrategien in der Alkoholindustrie beeinflussen k\u00f6nnen. Hier sind einige der wichtigsten Bereiche, in denen Fokusgruppen Marken zu einem tieferen Verst\u00e4ndnis verhelfen:<\/p>\n\n\n\n<ul class=\"wp-block-list\">\n<li><strong>Verbraucherpr\u00e4ferenzen:<\/strong> Marken k\u00f6nnen herausfinden, ob Verbraucher einen s\u00fc\u00dferen oder bittereren Geschmack bevorzugen, welches Verpackungsdesign ihnen ins Auge f\u00e4llt oder wie sie \u00fcber die Nachhaltigkeit des Produkts denken. Diese Erkenntnisse erm\u00f6glichen es Marken, ihr Produktangebot an die W\u00fcnsche der Verbraucher anzupassen.<\/li>\n\n\n\n<li><strong>Markentreue und Wechselverhalten:<\/strong> Durch Fokusgruppen zum Thema Alkohol k\u00f6nnen Marken die Gr\u00fcnde f\u00fcr die Kundentreue oder die Gr\u00fcnde f\u00fcr den Wechsel zu Konkurrenzprodukten herausfinden. Wenn Marken verstehen, warum Verbraucher einer bestimmten Marke treu bleiben \u2013 sei es aufgrund des Geschmacks, des Marketings oder der wahrgenommenen Qualit\u00e4t \u2013 k\u00f6nnen sie ihre Beziehungen zu bestehenden Kunden st\u00e4rken.&nbsp;<\/li>\n\n\n\n<li><strong>Trends im Alkoholkonsum:<\/strong> Recent shifts towards low-alcohol and no-alcohol beverages, craft spirits, or health-conscious options can be explored in detail. For example, participants in focus groups on <a href=\"https:\/\/www.sisinternational.com\/de\/mystery-shopping-for-alcoholic-beverages\/\" title=\"Mystery Shopping for Alcoholic Beverages\"  data-wpil-monitor-id=\"874\">alcohol may express growing interest in beverages<\/a> that align with their lifestyle choices, such as gluten-free or organic options.&nbsp;<\/li>\n\n\n\n<li><strong>Kulturelle und demografische Unterschiede:<\/strong> <a href=\"https:\/\/www.sisinternational.com\/de\/buchrezension-der-kulturcode\/\" title=\"Buchrezension: \u201eDer Kulturcode\u201c\"  data-wpil-monitor-id=\"4415\">Focus groups on alcohol allow brands<\/a> to segment their audience based on age, gender, location, or lifestyle, revealing specific preferences in each segment. For example, younger consumers may prioritize trendy packaging, while older consumers focus on the quality of ingredients.&nbsp;<br><\/li>\n<\/ul>\n\n\n\n<h2 class=\"wp-block-heading\">Einblicke in Produktentwicklung und Branding<\/h2>\n\n\n\n<figure class=\"gb-block-image gb-block-image-4c435353\"><img loading=\"lazy\" decoding=\"async\" width=\"1456\" height=\"816\" class=\"gb-image gb-image-4c435353\" src=\"https:\/\/www.sisinternational.com\/wp-content\/uploads\/2025\/08\/Ready-to-Drink-RTD-Beverage-5.jpg\" alt=\"SIS International Marktforschung &amp; Strategie\" title=\"Ready to Drink (RTD) Beverage (5)\" srcset=\"https:\/\/www.sisinternational.com\/wp-content\/uploads\/2025\/08\/Ready-to-Drink-RTD-Beverage-5.jpg 1456w, https:\/\/www.sisinternational.com\/wp-content\/uploads\/2025\/08\/Ready-to-Drink-RTD-Beverage-5-300x168.jpg 300w, https:\/\/www.sisinternational.com\/wp-content\/uploads\/2025\/08\/Ready-to-Drink-RTD-Beverage-5-1024x574.jpg 1024w, https:\/\/www.sisinternational.com\/wp-content\/uploads\/2025\/08\/Ready-to-Drink-RTD-Beverage-5-768x430.jpg 768w, https:\/\/www.sisinternational.com\/wp-content\/uploads\/2025\/08\/Ready-to-Drink-RTD-Beverage-5-18x10.jpg 18w\" sizes=\"auto, (max-width: 1456px) 100vw, 1456px\"><\/figure>\n\n\n\n<p><br>Fokusgruppen zum Thema Alkohol verfeinern Produktentwicklung und Markenstrategien. Durch die direkte Ansprache der Zielkunden k\u00f6nnen Unternehmen unmittelbares Feedback zu Aspekten wie Geschmack, Verpackung und Pr\u00e4sentation sammeln, was f\u00fcr die Feinabstimmung vor der Markteinf\u00fchrung eines Produkts auf dem breiteren Markt von entscheidender Bedeutung ist.<\/p>\n\n\n\n<p>Verbraucher, die an Fokusgruppen zum Thema Alkohol teilnehmen, geben reale Einblicke darin, wie Markenelemente wie Logos, Slogans und Farbschemata mit ihren Vorstellungen von Qualit\u00e4t und Wert \u00fcbereinstimmen. Dieses Feedback hilft Marken, eine st\u00e4rkere Verbindung zu ihrer Zielgruppe aufzubauen und sicherzustellen, dass ihre Botschaften und ihre visuelle Identit\u00e4t den Erwartungen der Verbraucher entsprechen.<\/p>\n\n\n\n<p>Dar\u00fcber hinaus sind diese Fokusgruppen eine effektive Methode, um den Erfolg von Verpackungsdesigns zu beurteilen. Ob ein Produkt als Premiumprodukt, umweltfreundlich oder f\u00fcr den Massenmarkt positioniert ist, das Feedback zu Etikett, Materialien und Gesamtpr\u00e4sentation kann \u00fcber die Akzeptanz eines Produkts auf einem wettbewerbsintensiven Markt entscheiden.&nbsp;<\/p>\n\n\n\n<h2 class=\"wp-block-heading\">Fokusgruppen: Alkoholische und alkoholfreie Getr\u00e4nke<\/h2>\n\n\n\n<p>Da immer mehr Verbraucher nach ges\u00fcnderen Alternativen suchen, spielen Fokusgruppen eine wichtige Rolle bei der Orientierung von Marken, wenn sie in neue Produktkategorien vordringen, darunter alkoholarme und alkoholfreie Optionen. Durch die Nutzung dieser Fokusgruppen k\u00f6nnen Marken die Motivationen hinter den Entscheidungen der Verbraucher besser verstehen, z. B. eine Vorliebe f\u00fcr M\u00e4\u00dfigung oder gesundheitsbewusste Entscheidungen.<\/p>\n\n\n\n<p>In diesen Sitzungen teilen die Teilnehmer ihre Erwartungen und Pr\u00e4ferenzen f\u00fcr <a href=\"https:\/\/www.sisinternational.com\/de\/sachverstand\/branchen\/marktforschung-fur-alkoholische-getranke\/\">alkoholisch<\/a> und alkoholfreie Angebote. Fokusgruppen zum Thema Alkohol erm\u00f6glichen es Unternehmen, innovative Geschmacksrichtungen zu testen, die Attraktivit\u00e4t alkoholfreier Getr\u00e4nke einzusch\u00e4tzen und zu untersuchen, wie gut diese Alternativen in soziale Umgebungen passen, die traditionell von alkoholischen Getr\u00e4nken dominiert werden.&nbsp;<\/p>\n\n\n\n<p>Dar\u00fcber hinaus helfen Fokusgruppen zum Thema Alkohol den Marken dabei, herauszufinden, wie sie diese neuen Produkte vermarkten k\u00f6nnen. Sie bieten Einblicke in eine effektive Botschaft, die die Vorteile alkoholfreier Getr\u00e4nke, wie etwa gesundheitliche Vorteile, hervorhebt, ohne die traditionellen Konsumenten alkoholischer Produkte zu verprellen.&nbsp;<\/p>\n\n\n\n<h2 class=\"wp-block-heading\">Regulatorische Aspekte und Verbrauchersicherheit<\/h2>\n\n\n\n<p>Ein Schl\u00fcsselbereich sind die Kennzeichnung und die gesundheitsbezogenen Warnhinweise im Zusammenhang mit Alkohol. Fokusgruppen geben Aufschluss dar\u00fcber, wie gut Verbraucher die vorgeschriebenen Kennzeichnungen in Bezug auf Alkoholgehalt, Konsumgrenzen und potenzielle Gesundheitsrisiken verstehen und darauf reagieren. Dieses Feedback ist f\u00fcr Alkoholmarken von entscheidender Bedeutung, um die gesetzlichen Anforderungen zu erf\u00fcllen und gleichzeitig ein positives Markenimage aufrechtzuerhalten.<\/p>\n\n\n\n<p>Dar\u00fcber hinaus ist die Verbrauchersicherheit in der Alkoholindustrie ein wachsendes Anliegen, insbesondere angesichts des zunehmenden Bewusstseins f\u00fcr verantwortungsvollen Alkoholkonsum. Fokusgruppen zum Thema Alkohol erm\u00f6glichen es Marken, zu beurteilen, wie Verbraucher auf Sicherheitskampagnen, Warnungen vor \u00fcberm\u00e4\u00dfigem Konsum und Bem\u00fchungen zur F\u00f6rderung des ma\u00dfvollen Konsums reagieren. Diese Informationen helfen Unternehmen dabei, die Einhaltung gesetzlicher Vorschriften mit Marketingstrategien in Einklang zu bringen, die den Zielen der \u00f6ffentlichen Gesundheit entsprechen.<\/p>\n\n\n\n<h2 class=\"wp-block-heading\">So testen Sie alkoholische und alkoholfreie Getr\u00e4nke in Fokusgruppen in New York<\/h2>\n\n\n\n<figure class=\"gb-block-image gb-block-image-4f43a58b\"><img loading=\"lazy\" decoding=\"async\" width=\"1456\" height=\"816\" class=\"gb-image gb-image-4f43a58b\" src=\"https:\/\/www.sisinternational.com\/wp-content\/uploads\/2025\/08\/Alcoholic-beverage-2.jpg\" alt=\"SIS International Marktforschung &amp; Strategie\" title=\"Alcoholic beverage (2)\" srcset=\"https:\/\/www.sisinternational.com\/wp-content\/uploads\/2025\/08\/Alcoholic-beverage-2.jpg 1456w, https:\/\/www.sisinternational.com\/wp-content\/uploads\/2025\/08\/Alcoholic-beverage-2-300x168.jpg 300w, https:\/\/www.sisinternational.com\/wp-content\/uploads\/2025\/08\/Alcoholic-beverage-2-1024x574.jpg 1024w, https:\/\/www.sisinternational.com\/wp-content\/uploads\/2025\/08\/Alcoholic-beverage-2-768x430.jpg 768w, https:\/\/www.sisinternational.com\/wp-content\/uploads\/2025\/08\/Alcoholic-beverage-2-18x10.jpg 18w\" sizes=\"auto, (max-width: 1456px) 100vw, 1456px\"><\/figure>\n\n\n\n<p><br>New York\u2019s diverse consumer base makes it an ideal location for testing <a href=\"https:\/\/www.sisinternational.com\/de\/losungen\/qualitative-quantitative-forschungslosungen\/zentrale-standorttests-vs-fokusgruppen\/\" title=\"Zentrale Standorttests vs. Fokusgruppen\"  data-wpil-monitor-id=\"1600\">alcoholic and non-alcoholic beverages through focus<\/a> groups. It allows businesses to gather valuable insights on taste preferences, packaging appeal, marketing effectiveness, and product perception. Therefore, conducting focus groups in such a dynamic market enables companies to tailor their beverage offerings to meet local and national consumer expectations \u2013 and here\u2019s how businesses can effectively test their beverages in New York focus groups:<\/p>\n\n\n\n<h4 class=\"wp-block-heading\"><strong>1. Nutzen Sie die vielf\u00e4ltige Bev\u00f6lkerung New Yorks<\/strong><\/h4>\n\n\n\n<p>Die Bev\u00f6lkerung New Yorks bietet verschiedene demografische und Lifestyle-Segmente, die Getr\u00e4nkehersteller ansprechen k\u00f6nnen. New York bietet einen Querschnitt nahezu aller Verbraucherprofile, von gesundheitsbewussten Verbrauchern, die an alkoholfreien Getr\u00e4nken interessiert sind, bis hin zu Verbrauchern mit einer Vorliebe f\u00fcr Craft-Biere oder Premium-Spirituosen. Durch die Organisation von Fokusgruppen, die auf bestimmte Gruppen abzielen \u2013 wie Millennials, Gen Z oder wohlhabende Berufst\u00e4tige \u2013 k\u00f6nnen Marken detaillierte Einblicke in die Reaktion verschiedener demografischer Gruppen auf ihre Produkte gewinnen.<\/p>\n\n\n\n<h4 class=\"wp-block-heading\"><strong>2. Geschmacksprofile und Geschmacksvorlieben bewerten<\/strong><\/h4>\n\n\n\n<p>Das Testen des Geschmacks von Getr\u00e4nken ist f\u00fcr den Erfolg alkoholischer und alkoholfreier Produkte von entscheidender Bedeutung. Fokusgruppen bieten einen idealen Rahmen f\u00fcr Geschmackstests, bei denen die Teilnehmer verschiedene Geschmacksrichtungen oder Rezepturen in einer kontrollierten Umgebung vergleichen k\u00f6nnen. Bei alkoholischen Getr\u00e4nken k\u00f6nnen Marken die Vorlieben f\u00fcr verschiedene Getr\u00e4nkearten \u2013 wie Craft-Bier, Wein oder Spirituosen \u2013 untersuchen und feststellen, wie gut ihr Produkt im Vergleich zur Konkurrenz abschneidet. Bei alkoholfreien Getr\u00e4nken k\u00f6nnen Unternehmen neue Rezepturen f\u00fcr Energydrinks, S\u00e4fte oder Wellnessgetr\u00e4nke testen, um zu sehen, wie die Geschmacksrichtungen bei der Zielgruppe ankommen.&nbsp;<\/p>\n\n\n\n<h4 class=\"wp-block-heading\"><strong>3. Testen Sie Verpackungsdesign und Markenattraktivit\u00e4t<\/strong><\/h4>\n\n\n\n<p>Unternehmen k\u00f6nnen den Teilnehmern verschiedene Etikettendesigns, Flaschenformen und Verpackungsmaterialien pr\u00e4sentieren und Feedback dazu sammeln, was ihnen am besten gef\u00e4llt. Dies ist besonders wichtig f\u00fcr Marken, die umweltbewusste Verbraucher ansprechen m\u00f6chten, da Fokusgruppen aufzeigen k\u00f6nnen, ob nachhaltige Verpackungsoptionen einen erheblichen Einfluss auf Kaufentscheidungen haben. Indem sie verstehen, welche visuellen Elemente die New Yorker ansprechen, k\u00f6nnen Marken Verpackungen entwickeln, die in den Regalen auf einem hart umk\u00e4mpften Markt hervorstechen.<\/p>\n\n\n\n<h4 class=\"wp-block-heading\"><strong>4. Reaktionen auf Marketing und Produktpositionierung messen<\/strong><\/h4>\n\n\n\n<p>Neben dem Testen der Getr\u00e4nke selbst k\u00f6nnen Unternehmen Fokusgruppen nutzen, um zu beurteilen, wie gut ihre Marketingbotschaften mit den Erwartungen der Verbraucher \u00fcbereinstimmen. Marken k\u00f6nnen den Teilnehmern verschiedene Werbekonzepte, Slogans und Werbekampagnen pr\u00e4sentieren und sehen, welche Ideen am besten ankommen. Bei alkoholischen Getr\u00e4nken k\u00f6nnen Marken testen, wie ihr Produkt positioniert ist \u2013 ob als hochwertiges, handwerklich hergestelltes Produkt oder als erschwingliche Option f\u00fcr jeden Tag. Bei alkoholfreien Getr\u00e4nken k\u00f6nnen gesundheitsbewusste Botschaften, energiesteigernde Behauptungen oder eine Ausrichtung auf den Lebensstil im Mittelpunkt stehen.&nbsp;<\/p>\n\n\n\n<h4 class=\"wp-block-heading\"><strong>5. Einhaltung der Alkoholvorschriften<\/strong><\/h4>\n\n\n\n<p>Beim Testen alkoholischer Getr\u00e4nke in New Yorker Fokusgruppen ist es wichtig, die lokalen und bundesstaatlichen Vorschriften zum Alkoholkonsum und zur Alkoholwerbung einzuhalten. Dazu geh\u00f6rt, sicherzustellen, dass die Teilnehmer das gesetzliche Mindestalter f\u00fcr den Alkoholkonsum erreicht haben und dass jede Fokusgruppe, in der alkoholische Getr\u00e4nke verwendet werden, die Sicherheits- und gesetzlichen Richtlinien einh\u00e4lt. Alkoholfreie Getr\u00e4nke bieten dagegen mehr Flexibilit\u00e4t, erfordern aber dennoch Aufmerksamkeit hinsichtlich gesundheitsbezogener Angaben und der Einhaltung von Lebensmittel- und Getr\u00e4nkesicherheitsstandards.<\/p>\n\n\n\n<h2 class=\"wp-block-heading\">Wie die Fokusgruppen von SIS International zum Thema Alkohol Unternehmen helfen<\/h2>\n\n\n\n<p><a href=\"https:\/\/www.linkedin.com\/company\/sisinternationalresearch\/\" target=\"_blank\" rel=\"noopener\">SIS International<\/a>Die Fokusgruppen von zum Thema Alkohol bieten Unternehmen ein wirksames Instrument, um tiefe Einblicke in das Verbraucherverhalten, Produktpr\u00e4ferenzen und Markttrends zu gewinnen. Diese Fokusgruppen erm\u00f6glichen es Unternehmen, direkt mit ihren Zielgruppen in Kontakt zu treten und wertvolles Feedback zu sammeln, das ihnen bei der Gestaltung ihrer Gesch\u00e4ftsstrategien hilft.<\/p>\n\n\n<p>\n\n\n<\/p>\n<p style=\"padding-left: 40px;\"><strong>Detaillierte Einblicke in die Verbraucher<br \/><br \/><\/strong>Die Fokusgruppen von SIS International zum Thema Alkohol bieten Unternehmen umfassende Einblicke in die Vorlieben, Verhaltensweisen und Einstellungen der Verbraucher. So k\u00f6nnen Unternehmen ihre Produkte und Marketingstrategien besser an die Anforderungen ihrer Zielgruppe anpassen.<\/p>\n<p style=\"padding-left: 40px;\">\n\n\n\n<\/p>\n<p style=\"padding-left: 40px;\"><strong>Minimierte Risiken bei der Produkteinf\u00fchrung<\/strong><strong><br \/><\/strong><strong><br \/><\/strong>Durch das Testen neuer alkoholischer und alkoholfreier Produkte in Fokusgruppen k\u00f6nnen Unternehmen ihr Angebot vor der Markteinf\u00fchrung verfeinern. Dies reduziert das Risiko eines Produktversagens und sorgt f\u00fcr eine bessere Marktanpassung.<\/p>\n<p style=\"padding-left: 40px;\">\n\n\n\n<\/p>\n<p style=\"padding-left: 40px;\"><strong>Ma\u00dfgeschneiderte regionale Analyse<\/strong><strong><br \/><\/strong><strong><br \/><\/strong>Die globale Expertise von SIS International stellt sicher, dass die Fokusgruppen so konzipiert werden, dass regionale Unterschiede ber\u00fccksichtigt werden. So k\u00f6nnen Unternehmen lokale Vorlieben, kulturelle Einfl\u00fcsse und gesetzliche Anforderungen verstehen und darauf reagieren.<\/p>\n<p style=\"padding-left: 40px;\">\n\n\n\n<\/p>\n<p style=\"padding-left: 40px;\"><strong>Effektive Markenpositionierung<\/strong><strong><br \/><\/strong><strong><br \/><\/strong>Mit der Anleitung von SIS k\u00f6nnen Unternehmen ihre Markenstrategien testen und optimieren und so sicherstellen, dass ihre Produkte bei den Verbrauchern Anklang finden und sich auf einem \u00fcberf\u00fcllten Markt hervorheben.<\/p>\n<p style=\"padding-left: 40px;\">\n\n\n\n<\/p>\n<p style=\"padding-left: 40px;\"><strong>Umsetzbares Feedback zu Marketingkampagnen<\/strong><strong><br \/><\/strong><strong><br \/><\/strong>Fokusgruppen bieten sofortiges und relevantes Feedback zu Werbung, Verpackung und Werbematerialien und erm\u00f6glichen Unternehmen so die Feinabstimmung ihrer Kampagnen f\u00fcr maximale Effektivit\u00e4t.<\/p>\n<p style=\"padding-left: 40px;\">\n\n\n\n<\/p>\n<p style=\"padding-left: 40px;\"><strong>Strategische Innovationsberatung<br \/><br \/><\/strong>Die Fachkompetenz von SIS International hilft Unternehmen dabei, Trends immer einen Schritt voraus zu sein, indem das Unternehmen neue Verbraucherbed\u00fcrfnisse und -pr\u00e4ferenzen erkennt und Innovationen bei alkoholischen und alkoholfreien Getr\u00e4nken f\u00f6rdert.<\/p>\n<p style=\"padding-left: 40px;\">\n\n\n<\/p>\n\n\n<h2 class=\"wp-block-heading\">\u00dcber SIS International<\/h2>\n\n\n\n<p><a href=\"https:\/\/www.sisinternational.com\/de\/\">SIS International<\/a> bietet quantitative, qualitative und strategische Forschung an. Wir liefern Daten, Tools, Strategien, Berichte und Erkenntnisse zur Entscheidungsfindung. Wir f\u00fchren auch Interviews, Umfragen, Fokusgruppen und andere Methoden und Ans\u00e4tze der Marktforschung durch.<a href=\"https:\/\/www.sisinternational.com\/de\/uber-sis-international-research\/contact-sis-international-market-research\/\"> Kontakt<\/a> f\u00fcr Ihr n\u00e4chstes Marktforschungsprojekt.<\/p>","protected":false},"excerpt":{"rendered":"<p>Focus Groups on Alcohol: Alcoholic and Non-Alcoholic Beverages&nbsp; As preferences and trends shift, brands need to stay attuned to what their customers want \u2013 and focus groups on alcohol provide a powerful tool to gain in-depth insights into consumer preferences, motivations, and perceptions. Through these discussions, alcohol brands can better understand their target audience, explore &#8230; <a title=\"Fokusgruppen zum Thema Alkohol: Alkoholische und alkoholfreie Getr\u00e4nke\u00a0\" class=\"read-more\" href=\"https:\/\/www.sisinternational.com\/de\/losungen\/schwerpunktgruppen\/fokusgruppen-zum-thema-alkohol\/\" aria-label=\"Mehr Informationen \u00fcber Focus Groups on Alcohol: Alcoholic and Non-Alcoholic Beverages\u00a0\">Weiterlesen \u2026<\/a><\/p>","protected":false},"author":1,"featured_media":63246,"parent":16287,"menu_order":5,"comment_status":"closed","ping_status":"closed","template":"","meta":{"footnotes":""},"class_list":["post-53727","page","type-page","status-publish","has-post-thumbnail"],"_links":{"self":[{"href":"https:\/\/www.sisinternational.com\/de\/wp-json\/wp\/v2\/pages\/53727","targetHints":{"allow":["GET"]}}],"collection":[{"href":"https:\/\/www.sisinternational.com\/de\/wp-json\/wp\/v2\/pages"}],"about":[{"href":"https:\/\/www.sisinternational.com\/de\/wp-json\/wp\/v2\/types\/page"}],"author":[{"embeddable":true,"href":"https:\/\/www.sisinternational.com\/de\/wp-json\/wp\/v2\/users\/1"}],"replies":[{"embeddable":true,"href":"https:\/\/www.sisinternational.com\/de\/wp-json\/wp\/v2\/comments?post=53727"}],"version-history":[{"count":9,"href":"https:\/\/www.sisinternational.com\/de\/wp-json\/wp\/v2\/pages\/53727\/revisions"}],"predecessor-version":[{"id":79531,"href":"https:\/\/www.sisinternational.com\/de\/wp-json\/wp\/v2\/pages\/53727\/revisions\/79531"}],"up":[{"embeddable":true,"href":"https:\/\/www.sisinternational.com\/de\/wp-json\/wp\/v2\/pages\/16287"}],"wp:featuredmedia":[{"embeddable":true,"href":"https:\/\/www.sisinternational.com\/de\/wp-json\/wp\/v2\/media\/63246"}],"wp:attachment":[{"href":"https:\/\/www.sisinternational.com\/de\/wp-json\/wp\/v2\/media?parent=53727"}],"curies":[{"name":"wp","href":"https:\/\/api.w.org\/{rel}","templated":true}]}}