{"id":53558,"date":"2024-10-10T23:22:10","date_gmt":"2024-10-11T03:22:10","guid":{"rendered":"https:\/\/www.sisinternational.com\/?page_id=53558"},"modified":"2026-03-12T20:08:05","modified_gmt":"2026-03-13T00:08:05","slug":"kundenbasiertes-markenwertmodell-marktforschung","status":"publish","type":"page","link":"https:\/\/www.sisinternational.com\/de\/losungen\/branding-und-kundenforschungslosungen\/kundenbasiertes-markenwertmodell-marktforschung\/","title":{"rendered":"Marktforschung mit kundenbasiertem Markenwertmodell"},"content":{"rendered":"<h1 class=\"wp-block-heading\">Marktforschung mit kundenbasiertem Markenwertmodell<\/h1>\n\n\n\n<figure class=\"gb-block-image gb-block-image-18432a91\"><img loading=\"lazy\" decoding=\"async\" width=\"1456\" height=\"816\" class=\"gb-image gb-image-18432a91\" src=\"https:\/\/www.sisinternational.com\/wp-content\/uploads\/2025\/08\/Retail-18.jpg\" alt=\"SIS International Marktforschung &amp; Strategie\" title=\"Retail (18)\" srcset=\"https:\/\/www.sisinternational.com\/wp-content\/uploads\/2025\/08\/Retail-18.jpg 1456w, https:\/\/www.sisinternational.com\/wp-content\/uploads\/2025\/08\/Retail-18-300x168.jpg 300w, https:\/\/www.sisinternational.com\/wp-content\/uploads\/2025\/08\/Retail-18-1024x574.jpg 1024w, https:\/\/www.sisinternational.com\/wp-content\/uploads\/2025\/08\/Retail-18-768x430.jpg 768w, https:\/\/www.sisinternational.com\/wp-content\/uploads\/2025\/08\/Retail-18-18x10.jpg 18w\" sizes=\"auto, (max-width: 1456px) 100vw, 1456px\"><\/figure>\n\n\n\n<p><\/p>\n\n\n\n<p>Wie k\u00f6nnen Marken sicherstellen, dass sie bei ihren Kunden wirklich gut ankommen? Der Erfolg einer Marke h\u00e4ngt davon ab, wie gut sie bei ihren Kunden ankommt. Mithilfe der Marktforschung mit dem kundenorientierten Markenwertmodell (CBBE) k\u00f6nnen Unternehmen die Schl\u00fcsselfaktoren verstehen, die die Markenwahrnehmung und -treue pr\u00e4gen. Durch die Konzentration auf Kundeneinblicke hilft das CBBE-Modell Marken dabei, datengesteuerte Entscheidungen zu treffen, die ihren Wettbewerbsvorteil steigern und langfristigen Erfolg f\u00f6rdern.<\/p>\n\n\n\n<h2 class=\"wp-block-heading\">Was ist das kundenbasierte Markenwertmodell?<\/h2>\n\n\n\n<p>The CBBE model <a href=\"https:\/\/www.sisinternational.com\/de\/reifenmarkenmonitor-usa-deutschland-brasilien\/\" title=\"Reifenmarkenforschung in den USA, Deutschland und Brasilien\"  data-wpil-monitor-id=\"6612\">market<\/a> research is a framework developed by marketing expert Kevin Keller to assess brand equity from customers&#8217; perspectives. It focuses on understanding how customers perceive a brand, their emotional connections to it, and the brand&#8217;s overall strength in their minds.&nbsp;<\/p>\n\n\n\n<p>Das CBBE-Modell ist um vier Hauptkomponenten herum aufgebaut: Markenbekanntheit, Markenassoziationen, wahrgenommene Qualit\u00e4t und Markentreue. Jede Komponente ist entscheidend daf\u00fcr, wie Kunden eine Marke sehen und wie bereit sie sind, sich mit ihr zu besch\u00e4ftigen. So gibt beispielsweise die Markenbekanntheit an, wie vertraut Verbraucher mit der Marke sind, w\u00e4hrend sich Markenassoziationen auf die Eigenschaften und Werte beziehen, die Verbraucher mit der Marke verbinden. Die wahrgenommene Qualit\u00e4t ist die Art und Weise, wie Kunden die Qualit\u00e4t der Produkte oder Dienstleistungen der Marke beurteilen, und die Markentreue erfasst das Engagement der Kunden f\u00fcr die Marke.<\/p>\n\n\n\n<h2 class=\"wp-block-heading\">Also \u2026 was ist Marktforschung auf der Grundlage des kundenbasierten Markenwertmodells?<\/h2>\n\n\n\n<p>CBBE model market <a href=\"https:\/\/www.sisinternational.com\/de\/sachverstand\/branchen\/markenmarktforschung\/\" title=\"Markenmarktforschung\"  data-wpil-monitor-id=\"6746\">Forschung<\/a> is a systematic approach to understanding how customers perceive and emotionally connect with a brand. It helps businesses measure their brand equity by focusing on four key elements: brand awareness, brand associations, perceived quality, and brand loyalty. Therefore, through effective market research using the CBBE model, companies can better understand what drives consumer behavior. This enables them to craft targeted strategies that resonate deeply with their audience and foster a thriving brand.<\/p>\n\n\n\n<h2 class=\"wp-block-heading\">Warum ben\u00f6tigen Unternehmen Marktforschung auf der Grundlage kundenbasierter Markenwertmodelle?<\/h2>\n\n\n\n<p>Companies face challenges such as increased competition, changing consumer behaviors, and the need to differentiate themselves effectively. CBBE model <a href=\"https:\/\/www.sisinternational.com\/de\/sachverstand\/branchen\/marktforschung-fur-strukturierte-verkabelung\/\" title=\"Marktforschung f\u00fcr strukturierte Verkabelung\"  data-wpil-monitor-id=\"5741\">market research provides businesses with a structured<\/a> approach to understanding the emotional and rational factors influencing customer loyalty, brand awareness, and overall brand perception. By leveraging insights from CBBE market research, businesses can identify opportunities to enhance brand loyalty, build stronger customer relationships, and differentiate their brand from competitors.&nbsp;<\/p>\n\n\n\n<p>The CBBE model also helps companies understand customer expectations, allowing them to create targeted marketing strategies that resonate with their audience and foster brand growth. Finally, CBBE model <a href=\"https:\/\/www.sisinternational.com\/de\/sachverstand\/branchen\/marktforschung-fur-elektrowerkzeuge\/\" title=\"Marktforschung f\u00fcr Elektrowerkzeuge\"  data-wpil-monitor-id=\"4062\">market research is a powerful<\/a> tool for businesses to strengthen their brand equity and gain a competitive edge.<\/p>\n\n\n\n<h2 class=\"wp-block-heading\">Vorteile der Verwendung des kundenbasierten Markenwertmodells Marktforschung<\/h2>\n\n\n\n<p>Understanding the benefits of CBBE model market research is crucial for companies aiming to <a href=\"https:\/\/www.sisinternational.com\/de\/schaffung-einer-globalen-marke-fur-china\/\" title=\"Aufbau chinesischer Marken\"  data-wpil-monitor-id=\"3649\">build a strong and competitive brand<\/a>. By leveraging the CBBE model, businesses can gain valuable insights into customer perceptions and create targeted strategies that foster brand loyalty, improve marketing efficiency, and drive growth.<\/p>\n\n\n\n<p><\/p>\n\n\n\n<figure class=\"gb-block-image gb-block-image-2b3067f8\"><img loading=\"lazy\" decoding=\"async\" width=\"1024\" height=\"579\" class=\"gb-image gb-image-2b3067f8\" src=\"https:\/\/www.sisinternational.com\/wp-content\/uploads\/2024\/11\/Customer-brand-equity-model-1024x579.png\" alt=\"SIS International Marktforschung &amp; Strategie\" title=\"Kundenmarkenwertmodell\" srcset=\"https:\/\/www.sisinternational.com\/wp-content\/uploads\/2024\/11\/Customer-brand-equity-model-1024x579.png 1024w, https:\/\/www.sisinternational.com\/wp-content\/uploads\/2024\/11\/Customer-brand-equity-model-300x170.png 300w, https:\/\/www.sisinternational.com\/wp-content\/uploads\/2024\/11\/Customer-brand-equity-model-768x434.png 768w, https:\/\/www.sisinternational.com\/wp-content\/uploads\/2024\/11\/Customer-brand-equity-model-1536x869.png 1536w, https:\/\/www.sisinternational.com\/wp-content\/uploads\/2024\/11\/Customer-brand-equity-model-2048x1158.png 2048w, https:\/\/www.sisinternational.com\/wp-content\/uploads\/2024\/11\/Customer-brand-equity-model-18x10.png 18w\" sizes=\"auto, (max-width: 1024px) 100vw, 1024px\"><\/figure>\n\n\n\n<p><\/p>\n\n\n\n<ul class=\"wp-block-list\">\n<li><strong>Verbesserte Markenpositionierung<\/strong>: Es bietet Einblicke in die Bed\u00fcrfnisse und Vorlieben der Kunden und erm\u00f6glicht Unternehmen die Entwicklung gezielter Strategien, die st\u00e4rkere Verbindungen zu ihrem Publikum aufbauen.<\/li>\n\n\n\n<li><strong>Erh\u00f6hte Markentreue<\/strong>: Dieser Service hilft Unternehmen, die Markentreue zu erh\u00f6hen, indem sie die Kundenwahrnehmung verstehen und Strategien entwickeln, die ihren Erwartungen entsprechen.<\/li>\n\n\n\n<li><strong>Verbesserte Kundenzufriedenheit<\/strong>: Indem Unternehmen effektiver auf die Kundenbed\u00fcrfnisse eingehen, k\u00f6nnen sie die allgemeine Kundenzufriedenheit steigern und so eine langfristige Kundenbindung erreichen.<\/li>\n\n\n\n<li><strong>Umsetzbare Erkenntnisse<\/strong>: Das CBBE-Modell liefert umsetzbare Erkenntnisse, die Unternehmen dabei helfen, Verbesserungsbereiche zu identifizieren und die St\u00e4rken ihrer Marke zu nutzen.<\/li>\n\n\n\n<li><strong>Wettbewerbsvorteil<\/strong>: Durch das Verst\u00e4ndnis der wichtigsten Treiber des Markenwerts k\u00f6nnen Unternehmen einen Wettbewerbsvorteil in ihrer Branche erlangen und sich von der Konkurrenz abheben.<\/li>\n\n\n\n<li><strong>Effektive Marketingstrategien<\/strong>: Es erm\u00f6glicht die Erstellung effektiverer Marketingkampagnen, die bei der Zielgruppe gro\u00dfen Anklang finden und so zu mehr Engagement und Konversionen f\u00fchren.<br><\/li>\n<\/ul>\n\n\n<div class=\"gb-container gb-container-938cdc8f\">\n\n<h2 class=\"wp-block-heading\">Wer ben\u00f6tigt kundenbasierte Marktforschung zum Markenwertmodell?<\/h2>\n\n<\/div>\n\n\n<figure class=\"gb-block-image gb-block-image-1768847c\"><img loading=\"lazy\" decoding=\"async\" width=\"1456\" height=\"816\" class=\"gb-image gb-image-1768847c\" src=\"https:\/\/www.sisinternational.com\/wp-content\/uploads\/2025\/08\/Retail-26.jpg\" alt=\"SIS International Marktforschung &amp; Strategie\" title=\"Retail (26)\" srcset=\"https:\/\/www.sisinternational.com\/wp-content\/uploads\/2025\/08\/Retail-26.jpg 1456w, https:\/\/www.sisinternational.com\/wp-content\/uploads\/2025\/08\/Retail-26-300x168.jpg 300w, https:\/\/www.sisinternational.com\/wp-content\/uploads\/2025\/08\/Retail-26-1024x574.jpg 1024w, https:\/\/www.sisinternational.com\/wp-content\/uploads\/2025\/08\/Retail-26-768x430.jpg 768w, https:\/\/www.sisinternational.com\/wp-content\/uploads\/2025\/08\/Retail-26-18x10.jpg 18w\" sizes=\"auto, (max-width: 1456px) 100vw, 1456px\"><\/figure>\n\n\n\n<p><br>Die Marktforschung nach dem CBBE-Modell ist f\u00fcr Unternehmen jeder Gr\u00f6\u00dfe unverzichtbar, die eine starke Verbindung zu ihren Kunden aufbauen und sich auf einem \u00fcberf\u00fcllten Markt differenzieren m\u00f6chten. Dieses Modell ist besonders wertvoll f\u00fcr Unternehmen, die neue M\u00e4rkte erschlie\u00dfen, neue Produkte auf den Markt bringen oder ihre Markenpositionierung verbessern m\u00f6chten. Es hilft Unternehmen, die Wahrnehmung der Verbraucher zu verstehen, die Markentreue einzusch\u00e4tzen und M\u00f6glichkeiten zur Steigerung des Markenwerts zu erkennen. Unabh\u00e4ngig davon, ob ein Unternehmen versucht, sich in einer neuen Region zu etablieren oder seine Marktpr\u00e4senz zu st\u00e4rken, liefert die Marktforschung nach dem CBBE-Modell die entscheidenden Erkenntnisse, die f\u00fcr die Entwicklung effektiver Strategien erforderlich sind, die zu einem erfolgreichen Markteintritt und Kundenbindung f\u00fchren.<\/p>\n\n\n\n<p>For instance, companies entering a new region can use customer-based brand equity model <a href=\"https:\/\/www.sisinternational.com\/de\/losungen\/qualitative-quantitative-forschungslosungen\/enhancing-product-appeal-through-consumer-choice-modeling\/\" title=\"Consumer Choice Modeling\"  data-wpil-monitor-id=\"1197\">Marktforschung<\/a> to identify key factors that matter to local consumers, ensuring that their brand message aligns with local expectations. Similarly, businesses launching new products can benefit from understanding customer perceptions to effectively position their offerings in the marketplace. Yet, any company aiming to strengthen its <a href=\"https:\/\/www.sisinternational.com\/de\/thin-slicing-im-marketing-eine-uberprufung-von-blink\/\" title=\"Thin-Slicing im Marketing: Buchbesprechung von \u201eBlink\u201c\"  data-wpil-monitor-id=\"1619\">brand equity<\/a> and build lasting customer relationships will find significant value in CBBE model market research.&nbsp;<\/p>\n\n\n\n<h2 class=\"wp-block-heading\">So funktioniert Marktforschung mit dem kundenbasierten Markenwertmodell<\/h2>\n\n\n\n<p>Bei der Marktforschung mit CBBE-Modellen werden in der Regel quantitative und qualitative Methoden kombiniert, um umfassende Erkenntnisse zu gewinnen. Zu den wichtigsten Werkzeugen der CBBE-Modellforschung geh\u00f6ren Umfragen, Fokusgruppen und Stimmungsanalysen, die alle darauf ausgelegt sind, die Wahrnehmung der Marke durch die Kunden, ihre Assoziationen und ihre Loyalit\u00e4t zu erfassen.<\/p>\n\n\n\n<ul class=\"wp-block-list\">\n<li><strong>Umfragen<\/strong>: Umfragen sammeln Kundendaten und liefern messbare Einblicke in Markenbekanntheit, wahrgenommene Qualit\u00e4t und Loyalit\u00e4t. Die Fragen sind so zugeschnitten, dass sie verschiedene Aspekte des CBBE-Modells bewerten, beispielsweise wie gut Kunden die Marke kennen und wie zufrieden sie mit ihren Angeboten sind.<\/li>\n\n\n\n<li><strong>Schwerpunktgruppen<\/strong>: Fokusgruppen liefern tiefere, qualitative Einblicke, indem sie Kunden in Diskussionen \u00fcber ihre Gef\u00fchle gegen\u00fcber der Marke einbeziehen. Diese Sitzungen helfen dabei, emotionale Verbindungen, Assoziationen und Wahrnehmungen aufzudecken, die allein aus Umfragedaten m\u00f6glicherweise nicht ersichtlich sind.<\/li>\n\n\n\n<li><strong>Stimmungsanalyse<\/strong>: Stimmungsanalysen, die h\u00e4ufig durch Social-Media-Monitoring und Bewertungsanalysen durchgef\u00fchrt werden, helfen Unternehmen, die Emotionen und Meinungen der Kunden gegen\u00fcber der Marke online zu verstehen. Dieses Tool bietet eine Echtzeitansicht der Kundenwahrnehmung und hilft dabei, sowohl positive als auch negative Markenassoziationen zu identifizieren.<br><\/li>\n<\/ul>\n\n\n\n<h2 class=\"wp-block-heading\">Marktf\u00fchrer<\/h2>\n\n\n\n<figure class=\"gb-block-image gb-block-image-9752bcdf\"><img loading=\"lazy\" decoding=\"async\" width=\"1456\" height=\"816\" class=\"gb-image gb-image-9752bcdf\" src=\"https:\/\/www.sisinternational.com\/wp-content\/uploads\/2025\/09\/Research-2.jpg\" alt=\"SIS International Marktforschung &amp; Strategie\" title=\"Research (2)\" srcset=\"https:\/\/www.sisinternational.com\/wp-content\/uploads\/2025\/09\/Research-2.jpg 1456w, https:\/\/www.sisinternational.com\/wp-content\/uploads\/2025\/09\/Research-2-300x168.jpg 300w, https:\/\/www.sisinternational.com\/wp-content\/uploads\/2025\/09\/Research-2-1024x574.jpg 1024w, https:\/\/www.sisinternational.com\/wp-content\/uploads\/2025\/09\/Research-2-768x430.jpg 768w, https:\/\/www.sisinternational.com\/wp-content\/uploads\/2025\/09\/Research-2-18x10.jpg 18w\" sizes=\"auto, (max-width: 1456px) 100vw, 1456px\"><\/figure>\n\n\n\n<p><br>One key <a href=\"https:\/\/www.sisinternational.com\/de\/sachverstand\/branchen\/marktforschung-fur-automobilbeleuchtung\/wie-wichtig-ist-adas-fur-autofahrer\/\" title=\"Wie wichtig ist ADAS f\u00fcr Autofahrer\"  data-wpil-monitor-id=\"1878\">driver is the growing importance<\/a> of customer-centric strategies in today&#8217;s competitive market. Companies must understand what their customers want and value to create meaningful connections. Another significant driver is the need for differentiation\u2014brands need to stand out from their competition, and CBBE model market research provides the insights required to craft unique brand messages.&nbsp;<\/p>\n\n\n\n<p>Und schlie\u00dflich ist die zunehmende Konzentration auf emotionale Bindungen bei Verbraucherentscheidungen ein starker Treiber. Marken, die die emotionalen Aspekte von Kundenbeziehungen erfolgreich nutzen, k\u00f6nnen eher Loyalit\u00e4t f\u00f6rdern und langfristigen Wert schaffen.&nbsp;<\/p>\n\n\n\n<h2 class=\"wp-block-heading\">Marktbeschr\u00e4nkungen<\/h2>\n\n\n\n<p>Die Marktforschung mit dem CBBE-Modell bietet zwar zahlreiche Vorteile, bringt aber auch gewisse Herausforderungen oder Einschr\u00e4nkungen mit sich. Eine der Haupteinschr\u00e4nkungen sind die Kosten. Die Durchf\u00fchrung einer umfassenden Marktforschung mit dem CBBE-Modell erfordert erhebliche finanzielle Investitionen, was f\u00fcr kleinere Unternehmen ein Hindernis darstellen kann.&nbsp;<\/p>\n\n\n\n<p>Another major restraint is data privacy. With the increasing focus on consumer privacy and data protection regulations, companies must be careful in gathering and handling customer information for customer-based <a href=\"https:\/\/www.sisinternational.com\/de\/was-ist-offentlichkeitsarbeit\/\" title=\"\u00d6ffentlichkeitsarbeit und Marktforschung\"  data-wpil-monitor-id=\"2246\">brand equity model market research<\/a>. Additionally, there is the need for expertise required for nuanced analysis\u2014interpreting the insights from CBBE research requires a deep understanding of both the brand and consumer behavior, which can be resource-intensive.&nbsp;<\/p>\n\n\n\n<h2 class=\"wp-block-heading\">Wie die Marktforschung von SIS International zum kundenbasierten Markenwert Unternehmen hilft&nbsp;<\/h2>\n\n\n\n<p><a href=\"https:\/\/www.linkedin.com\/company\/sisinternationalresearch\/\" target=\"_blank\" rel=\"noopener\">SIS International<\/a> bietet ein umfassendes CBBE-Modell <a href=\"https:\/\/www.linkedin.com\/pulse\/how-market-research-enables-growth-ruth-stanat-phekf\/\" target=\"_blank\" rel=\"noopener\">Marktforschung<\/a> Dienstleistungen, die Unternehmen dabei helfen, den Wert ihrer Marke zu verstehen und zu steigern.<\/p>\n\n\n\n<ul class=\"wp-block-list\">\n<li><strong>Verbesserte strategische Planung:<\/strong> Mithilfe der Marktforschungserkenntnisse des CBBE-Modells k\u00f6nnen Unternehmen ihre Strategien verfeinern, um sie an die Bed\u00fcrfnisse und Erwartungen der Kunden anzupassen.<\/li>\n\n\n\n<li><strong>Erh\u00f6hte Einnahmen:<\/strong> Wenn Unternehmen die Wahrnehmung ihrer Kunden verstehen, k\u00f6nnen sie Produkte und Marketingkampagnen entwickeln, die Anklang finden und so zu h\u00f6heren Ums\u00e4tzen f\u00fchren.<\/li>\n\n\n\n<li><strong>Risikominderung:<\/strong> Durch fr\u00fchzeitiges Erkennen von Schw\u00e4chen in der Markenwahrnehmung k\u00f6nnen Risiken gemindert werden, bevor sie sich auf das Endergebnis auswirken.<\/li>\n\n\n\n<li><a href=\"https:\/\/www.sisinternational.com\/de\/sachverstand\/branchen\/baumarkt-marktforschung\/\" title=\"Marktforschung f\u00fcr Baum\u00e4rkte und Heimwerkerbedarf\" data-wpil-monitor-id=\"7063\">Improved Marketing Efficiency: CBBE model market research<\/a> provides targeted insights, enabling businesses to focus their marketing efforts where they will have the greatest impact and increase efficiency.<\/li>\n\n\n\n<li><strong>Beschleunigtes Wachstum und Innovation:<\/strong> Durch das Verst\u00e4ndnis der Kundenbed\u00fcrfnisse k\u00f6nnen Unternehmen effektiver Innovationen hervorbringen und das Wachstum vorantreiben.<\/li>\n\n\n\n<li><strong>Verbesserter ROI:<\/strong> Investing in CBBE model market research leads to better decision-making and higher returns on marketing investments. Work together to provide Customer-based <a href=\"https:\/\/www.sisinternational.com\/de\/stellen-sie-sicher-dass-sich-ihre-botschaft-an-die-kunden-erinnert\/\" title=\"Marktforschung zur Markenaktivierung\" data-wpil-monitor-id=\"2267\">brand equity model market research<\/a>.<br><\/li>\n<\/ul>\n\n\n\n<h2 class=\"wp-block-heading\">\u00dcber SIS International<\/h2>\n\n\n\n<p><a href=\"https:\/\/www.sisinternational.com\/de\/\">SIS International<\/a> bietet quantitative, qualitative und strategische Forschung an. Wir liefern Daten, Tools, Strategien, Berichte und Erkenntnisse zur Entscheidungsfindung. Wir f\u00fchren auch Interviews, Umfragen, Fokusgruppen und andere Methoden und Ans\u00e4tze der Marktforschung durch. <a href=\"https:\/\/www.sisinternational.com\/de\/uber-sis-international-research\/contact-sis-international-market-research\/\">Kontakt<\/a> f\u00fcr Ihr n\u00e4chstes Marktforschungsprojekt.<\/p>","protected":false},"excerpt":{"rendered":"<p>Customer-Based Brand Equity Model Market Research How can brands ensure they truly resonate with their customers? The success of any brand hinges on how well it resonates with its customers \u2013 customer-based brand equity (CBBE) model market research enables companies to understand the key factors that shape brand perception and loyalty. By focusing on customer &#8230; <a title=\"Marktforschung mit kundenbasiertem Markenwertmodell\" class=\"read-more\" href=\"https:\/\/www.sisinternational.com\/de\/losungen\/branding-und-kundenforschungslosungen\/kundenbasiertes-markenwertmodell-marktforschung\/\" aria-label=\"Mehr Informationen \u00fcber Customer-Based Brand Equity Model Market Research\">Weiterlesen \u2026<\/a><\/p>","protected":false},"author":1,"featured_media":62493,"parent":14650,"menu_order":470,"comment_status":"closed","ping_status":"closed","template":"","meta":{"footnotes":""},"class_list":["post-53558","page","type-page","status-publish","has-post-thumbnail"],"_links":{"self":[{"href":"https:\/\/www.sisinternational.com\/de\/wp-json\/wp\/v2\/pages\/53558","targetHints":{"allow":["GET"]}}],"collection":[{"href":"https:\/\/www.sisinternational.com\/de\/wp-json\/wp\/v2\/pages"}],"about":[{"href":"https:\/\/www.sisinternational.com\/de\/wp-json\/wp\/v2\/types\/page"}],"author":[{"embeddable":true,"href":"https:\/\/www.sisinternational.com\/de\/wp-json\/wp\/v2\/users\/1"}],"replies":[{"embeddable":true,"href":"https:\/\/www.sisinternational.com\/de\/wp-json\/wp\/v2\/comments?post=53558"}],"version-history":[{"count":16,"href":"https:\/\/www.sisinternational.com\/de\/wp-json\/wp\/v2\/pages\/53558\/revisions"}],"predecessor-version":[{"id":80627,"href":"https:\/\/www.sisinternational.com\/de\/wp-json\/wp\/v2\/pages\/53558\/revisions\/80627"}],"up":[{"embeddable":true,"href":"https:\/\/www.sisinternational.com\/de\/wp-json\/wp\/v2\/pages\/14650"}],"wp:featuredmedia":[{"embeddable":true,"href":"https:\/\/www.sisinternational.com\/de\/wp-json\/wp\/v2\/media\/62493"}],"wp:attachment":[{"href":"https:\/\/www.sisinternational.com\/de\/wp-json\/wp\/v2\/media?parent=53558"}],"curies":[{"name":"wp","href":"https:\/\/api.w.org\/{rel}","templated":true}]}}