{"id":52472,"date":"2024-07-11T17:17:18","date_gmt":"2024-07-11T21:17:18","guid":{"rendered":"https:\/\/www.sisinternational.com\/?page_id=52472"},"modified":"2026-01-26T14:21:48","modified_gmt":"2026-01-26T19:21:48","slug":"us-veteranen-marktforschung-2","status":"publish","type":"page","link":"https:\/\/www.sisinternational.com\/de\/sachverstand\/us-veteranen-marktforschung-2\/","title":{"rendered":"Marktforschung f\u00fcr US-Veteranen"},"content":{"rendered":"<div class=\"gb-container gb-container-b0a9a72b\">\n\n<h1 class=\"gb-headline gb-headline-fc5ecae9 gb-headline-text\">Marktforschung f\u00fcr US-Veteranen<\/h1>\n\n<\/div>\n\n\n<figure class=\"gb-block-image gb-block-image-d2ad1d66\"><img loading=\"lazy\" decoding=\"async\" width=\"1456\" height=\"816\" class=\"gb-image gb-image-d2ad1d66\" src=\"https:\/\/www.sisinternational.com\/wp-content\/uploads\/2025\/08\/US-Veteran-4.jpg\" alt=\"SIS International Marktforschung &amp; Strategie\" title=\"US Veteran (4)\" srcset=\"https:\/\/www.sisinternational.com\/wp-content\/uploads\/2025\/08\/US-Veteran-4.jpg 1456w, https:\/\/www.sisinternational.com\/wp-content\/uploads\/2025\/08\/US-Veteran-4-300x168.jpg 300w, https:\/\/www.sisinternational.com\/wp-content\/uploads\/2025\/08\/US-Veteran-4-1024x574.jpg 1024w, https:\/\/www.sisinternational.com\/wp-content\/uploads\/2025\/08\/US-Veteran-4-768x430.jpg 768w, https:\/\/www.sisinternational.com\/wp-content\/uploads\/2025\/08\/US-Veteran-4-18x10.jpg 18w\" sizes=\"auto, (max-width: 1456px) 100vw, 1456px\"><\/figure>\n\n\n\n<hr class=\"wp-block-separator has-alpha-channel-opacity is-style-dots\"\/>\n\n\n\n<p>How can businesses effectively engage with the US veteran community? Understanding the unique characteristics and needs of this demographic is essential for brands aiming to make a meaningful impact. That\u2019s why conducting thorough US veteran market research enables businesses to tap into this valuable demographic, ensuring their offerings meet the specific needs and preferences of veterans.<\/p>\n\n\n\n<h2 class=\"wp-block-heading\">Was ist Marktforschung f\u00fcr US-Veteranen? Warum ist sie wichtig?<\/h2>\n\n\n\n<p><a class=\"wpil_keyword_link\" href=\"https:\/\/www.sisinternational.com\/de\/us-veteranen-marktforschung-2\/\"   title=\"Marktforschung f\u00fcr US-Veteranen\" data-wpil-keyword-link=\"linked\"  data-wpil-monitor-id=\"236\">US veteran market research<\/a> focuses on understanding the specific needs, preferences, and behaviors of the veteran community in the United States. It provides businesses with the insights needed to develop products and services that resonate with veterans, ensuring that marketing strategies are tailored to meet the unique demands of this demographic.<\/p>\n\n\n\n<p><a href=\"https:\/\/www.sisinternational.com\/de\/welt-autismus-tag\/\" title=\"Marktforschungsstudien zum Thema Autismus\"  data-wpil-monitor-id=\"2109\">Market research addresses healthcare<\/a> needs, employment opportunities, and consumer behavior. For example, understanding veterans\u2019 challenges when transitioning to civilian life can help businesses create supportive products and services, such as job training programs or mental health resources. Additionally, identifying spending habits and preferences can guide companies in developing marketing campaigns that appeal to veterans\u2019 values and lifestyles.<\/p>\n\n\n\n<p>Die Marktforschung f\u00fcr US-Veteranen umfasst auch die Analyse der Auswirkungen staatlicher Richtlinien und Unterst\u00fctzungsprogramme auf die Veteranengemeinschaft. Indem Unternehmen \u00fcber \u00c4nderungen bei den Leistungen und Diensten f\u00fcr Veteranen auf dem Laufenden bleiben, k\u00f6nnen sie sich besser auf die sich entwickelnden Bed\u00fcrfnisse dieses Marktes einstellen. Durch umfassende Marktforschung im Bereich der US-Veteranenmarktforschung k\u00f6nnen Unternehmen einen Wettbewerbsvorteil erlangen, indem sie Angebote entwickeln, die bei Veteranen und ihren Familien wirklich Anklang finden.<\/p>\n\n\n\n<h2 class=\"wp-block-heading\">Welche zus\u00e4tzlichen Vorteile bietet die Marktforschung zu US-Veteranen?<\/h2>\n\n\n\n<figure class=\"gb-block-image gb-block-image-f9ff4061\"><img loading=\"lazy\" decoding=\"async\" width=\"1456\" height=\"816\" class=\"gb-image gb-image-f9ff4061\" src=\"https:\/\/www.sisinternational.com\/wp-content\/uploads\/2025\/08\/US-Veteran-6.jpg\" alt=\"SIS International Marktforschung &amp; Strategie\" title=\"US Veteran (6)\" srcset=\"https:\/\/www.sisinternational.com\/wp-content\/uploads\/2025\/08\/US-Veteran-6.jpg 1456w, https:\/\/www.sisinternational.com\/wp-content\/uploads\/2025\/08\/US-Veteran-6-300x168.jpg 300w, https:\/\/www.sisinternational.com\/wp-content\/uploads\/2025\/08\/US-Veteran-6-1024x574.jpg 1024w, https:\/\/www.sisinternational.com\/wp-content\/uploads\/2025\/08\/US-Veteran-6-768x430.jpg 768w, https:\/\/www.sisinternational.com\/wp-content\/uploads\/2025\/08\/US-Veteran-6-18x10.jpg 18w\" sizes=\"auto, (max-width: 1456px) 100vw, 1456px\"><\/figure>\n\n\n\n<p><\/p>\n\n\n\n<p>Unternehmen ben\u00f6tigen Marktforschung zu US-Veteranen, um diese vielf\u00e4ltige und einflussreiche Bev\u00f6lkerungsgruppe effektiv anzusprechen. Veteranen, darunter Hispanoamerikaner und AANHPI (Asian American, Native Hawaiian und Pacific Islander), bringen einzigartige Perspektiven und Bed\u00fcrfnisse mit, die verstanden werden m\u00fcssen, um ma\u00dfgeschneiderte Produkte und Dienstleistungen zu entwickeln. Unternehmen wie USAA, das spezialisierte Bankl\u00f6sungen f\u00fcr Veteranen anbietet, sind ein Beispiel f\u00fcr den Erfolg, der durch gezielte Marktforschung erzielt werden kann.<\/p>\n\n\n\n<p>Ein wichtiger Grund, warum Unternehmen Marktforschung zu US-Veteranen ben\u00f6tigen, ist die Ber\u00fccksichtigung der besonderen finanziellen Bed\u00fcrfnisse von Veteranen. Wenn Finanzinstitute beispielsweise die Pr\u00e4ferenzen von Veteranensegmenten, wie etwa weiblichen Veteranen, kennen, k\u00f6nnen sie umfassendere Bankl\u00f6sungen entwickeln. USAA hat diesen Markt erfolgreich bedient, indem es personalisierte Dienstleistungen und Produkte anbietet, die den spezifischen finanziellen Anforderungen von Veteranen und ihren Familien gerecht werden.<\/p>\n\n\n\n<p>Ein weiterer wichtiger Aspekt ist die Gesundheitsversorgung. Veteranen haben aufgrund ihrer Diensterfahrungen oft besondere Gesundheitsbed\u00fcrfnisse. Durch Marktforschung in den USA k\u00f6nnen Unternehmen gesundheitsbezogene Produkte und Dienstleistungen entwickeln, die sich mit Problemen wie PTBS, k\u00f6rperlicher Rehabilitation und psychischer Gesundheit befassen. Dies verbessert die Lebensqualit\u00e4t der Veteranen und positioniert Unternehmen als unterst\u00fctzend und verst\u00e4ndnisvoll gegen\u00fcber den Herausforderungen der Veteranengemeinschaft.<\/p>\n\n\n\n<p>Dar\u00fcber hinaus sind Besch\u00e4ftigung und Bildung entscheidende Bereiche, in denen Veteranen Unterst\u00fctzung ben\u00f6tigen. Marktforschung hilft Unternehmen dabei, die Hindernisse zu identifizieren, die Veteranen daran hindern, eine zivile Besch\u00e4ftigung zu finden oder eine weiterf\u00fchrende Ausbildung zu absolvieren. Unternehmen k\u00f6nnen dann gezielte Programme und Partnerschaften entwickeln, die Berufsausbildung, Bildungschancen und Karriereunterst\u00fctzung bieten, die auf Veteranen zugeschnitten sind, darunter auch Hispanoamerikaner und AANHPI-Veteranen.<\/p>\n\n\n\n<h2 class=\"wp-block-heading\">Wann sollte eine Marktforschung zu US-Veteranen durchgef\u00fchrt werden?<\/h2>\n\n\n\n<p>Ein wichtiger Moment sind gro\u00dfe \u00dcberg\u00e4nge, wie zum Beispiel der \u00dcbergang von Veteranen vom Milit\u00e4r ins Zivilleben. In dieser Zeit bieten sich Unternehmen die M\u00f6glichkeit, Unterst\u00fctzungsleistungen anzubieten, wie zum Beispiel Hilfe bei der Arbeitsvermittlung oder Finanzplanung, die auf die spezifischen Bed\u00fcrfnisse von Veteranen zugeschnitten sind.<\/p>\n\n\n\n<p>Ein weiterer wichtiger Zeitpunkt f\u00fcr Marktforschung ist die Entwicklung neuer Produkte oder Dienstleistungen, die auf Veteranen ausgerichtet sind. Ob es sich um Innovationen im Gesundheitswesen, Bankl\u00f6sungen wie die von USAA oder Bildungsprogramme handelt: Wenn man die Vorlieben und Probleme von Veteranen kennt, stellt man sicher, dass die Angebote relevant und wertvoll sind.<\/p>\n\n\n\n<p>Dar\u00fcber hinaus sollten Unternehmen in Erw\u00e4gung ziehen, an nationalen Feiertagen wie dem Veterans Day oder dem Memorial Day Marktforschung zu betreiben. Diese Anl\u00e4sse st\u00e4rken das Bewusstsein und die Wertsch\u00e4tzung f\u00fcr Veteranen und sind daher gute Gelegenheiten, um Einblicke in die Gef\u00fchle, das Verbraucherverhalten und die Vorlieben von Veteranen zu gewinnen. Mit diesem Wissen k\u00f6nnen Unternehmen rechtzeitig Marketingkampagnen oder Werbeaktionen starten, die bei Veteranen und ihren Familien Anklang finden.<\/p>\n\n\n\n<h2 class=\"wp-block-heading\">Wer ben\u00f6tigt Marktforschung zu US-Veteranen?<\/h2>\n\n\n\n<figure class=\"gb-block-image gb-block-image-78c3ad57\"><img loading=\"lazy\" decoding=\"async\" width=\"1456\" height=\"816\" class=\"gb-image gb-image-78c3ad57\" src=\"https:\/\/www.sisinternational.com\/wp-content\/uploads\/2025\/08\/US-Veteran-7.jpg\" alt=\"SIS International Marktforschung &amp; Strategie\" title=\"US Veteran (7)\" srcset=\"https:\/\/www.sisinternational.com\/wp-content\/uploads\/2025\/08\/US-Veteran-7.jpg 1456w, https:\/\/www.sisinternational.com\/wp-content\/uploads\/2025\/08\/US-Veteran-7-300x168.jpg 300w, https:\/\/www.sisinternational.com\/wp-content\/uploads\/2025\/08\/US-Veteran-7-1024x574.jpg 1024w, https:\/\/www.sisinternational.com\/wp-content\/uploads\/2025\/08\/US-Veteran-7-768x430.jpg 768w, https:\/\/www.sisinternational.com\/wp-content\/uploads\/2025\/08\/US-Veteran-7-18x10.jpg 18w\" sizes=\"auto, (max-width: 1456px) 100vw, 1456px\"><\/figure>\n\n\n\n<p><\/p>\n\n\n\n<p>Verschiedene Interessengruppen, darunter Unternehmen, Regierungsbeh\u00f6rden, gemeinn\u00fctzige Organisationen und Bildungseinrichtungen, k\u00f6nnen von der Marktforschung zu US-Veteranen profitieren. Jede dieser Organisationen ist von entscheidender Bedeutung f\u00fcr die Unterst\u00fctzung und Einbindung der Veteranengemeinschaft.<\/p>\n\n\n<p>\n\n\n<\/p>\n<h4 class=\"wp-block-heading\" style=\"padding-left: 40px;\">Unternehmen<\/h4>\n<p style=\"padding-left: 40px;\">\n\n\n\n<\/p>\n<p style=\"padding-left: 40px;\">Unternehmen, insbesondere in den Bereichen Gesundheitswesen, Finanzen, Einzelhandel und Bildung, k\u00f6nnen die Marktforschung zu US-Veteranen nutzen, um ma\u00dfgeschneiderte Produkte und Dienstleistungen zu entwickeln. So k\u00f6nnen Gesundheitsdienstleister beispielsweise ihre Dienstleistungen verbessern, indem sie die Gesundheitsbed\u00fcrfnisse von Veteranen verstehen, w\u00e4hrend Einzelh\u00e4ndler Produkte entwickeln k\u00f6nnen, die auf die Vorlieben von Veteranen zugeschnitten sind.<\/p>\n<p style=\"padding-left: 40px;\">\n\n\n\n<\/p>\n<h4 class=\"wp-block-heading\" style=\"padding-left: 40px;\">Regierungsbeh\u00f6rden<\/h4>\n<p style=\"padding-left: 40px;\">\n\n\n\n<\/p>\n<p style=\"padding-left: 40px;\">Government agencies responsible for <a href=\"https:\/\/www.sisinternational.com\/de\/sachverstand\/branchen\/marktforschung-der-bundesregierung\/\" title=\"Marktforschung der Bundesregierung\"  data-wpil-monitor-id=\"5764\">veteran affairs can use market research<\/a> to improve service delivery and policy-making. Understanding veterans\u2019 needs and challenges helps agencies allocate resources more effectively and develop programs that address key issues such as healthcare, housing, and employment.<\/p>\n<p style=\"padding-left: 40px;\">\n\n\n\n<\/p>\n<h4 class=\"wp-block-heading\" style=\"padding-left: 40px;\">Bildungsinstitutionen<\/h4>\n<p style=\"padding-left: 40px;\">\n\n\n\n<\/p>\n<p style=\"padding-left: 40px;\">Educational institutions can use <a href=\"https:\/\/www.sisinternational.com\/de\/sachverstand\/branchen\/marktforschung-im-hochschulbereich\/\" title=\"Marktforschung im Hochschulbereich\"  data-wpil-monitor-id=\"5922\">US veteran market research<\/a> to enhance educational opportunities for veterans transitioning to civilian life. By understanding veterans\u2019 educational aspirations, challenges, and preferences, institutions can tailor their programs and support services to facilitate successful academic and career transitions for veterans.<\/p>\n<p>\n\n\n<\/p>\n\n\n<h2 class=\"wp-block-heading\">Unser aktueller Markt\u00fcberblick und unsere Empfehlungen<\/h2>\n\n\n\n<p>At SIS International, we believe there are&nbsp;significant opportunities in sectors such as healthcare, where veterans require specialized care and support. Businesses can address critical issues like mental health, physical rehabilitation, and chronic disease management by focusing on innovative healthcare solutions and partnerships. This approach improves veterans\u2019 quality of life and positions companies as leaders in providing compassionate and effective healthcare services.<\/p>\n\n\n\n<p>Dar\u00fcber hinaus sind Bildungs- und Besch\u00e4ftigungsinitiativen von entscheidender Bedeutung, um den \u00dcbergang von Veteranen ins Zivilleben zu unterst\u00fctzen. Unsere Markt\u00fcbersicht identifiziert L\u00fccken und Chancen in diesen Bereichen und empfiehlt ma\u00dfgeschneiderte Programme, die Berufsausbildung, Karriereberatung und akademische Unterst\u00fctzung bieten. Durch Investitionen in diese Initiativen k\u00f6nnen Unternehmen und Organisationen Veteranen dabei unterst\u00fctzen, in ihrer Karriere nach dem Milit\u00e4rdienst erfolgreich zu sein.<\/p>\n\n\n\n<h2 class=\"wp-block-heading\">Schl\u00fcsselindustrien im US-Veteranenmarkt<\/h2>\n\n\n\n<p>Der US-Veteranenmarkt umfasst verschiedene Branchen, in denen Veteranen bedeutende Beitr\u00e4ge leisten und besondere Bed\u00fcrfnisse haben. Das Verst\u00e4ndnis dieser Schl\u00fcsselbranchen ist f\u00fcr Unternehmen, die diese Bev\u00f6lkerungsgruppe effektiv ansprechen und relevante Produkte und Dienstleistungen anbieten m\u00f6chten, von entscheidender Bedeutung.<\/p>\n\n\n<p>\n\n\n<\/p>\n<h4 class=\"wp-block-heading\" style=\"padding-left: 40px;\">Gesundheitswesen<\/h4>\n<p style=\"padding-left: 40px;\">\n\n\n\n<\/p>\n<p style=\"padding-left: 40px;\">Das Gesundheitswesen ist eine wichtige Branche, in der Veteranen spezielle Dienstleistungen ben\u00f6tigen. Veteranen stehen h\u00e4ufig vor besonderen Herausforderungen im Gesundheitswesen im Zusammenhang mit dienstbedingten Verletzungen, psychischen Problemen wie PTBS und dem Zugang zu qualitativ hochwertiger Pflege. Anbieter, die auf die Gesundheitsversorgung von Veteranen spezialisiert sind, wie VA-Krankenh\u00e4user und Privatkliniken, spielen eine wichtige Rolle bei der Erf\u00fcllung dieser Bed\u00fcrfnisse.<\/p>\n<p style=\"padding-left: 40px;\">\n\n\n\n<\/p>\n<h4 class=\"wp-block-heading\" style=\"padding-left: 40px;\">Verteidigung und Luft- und Raumfahrt<\/h4>\n<p style=\"padding-left: 40px;\">\n\n\n\n<\/p>\n<p style=\"padding-left: 40px;\">Die Verteidigungs- und Luftfahrtindustrie besch\u00e4ftigt aufgrund ihrer Spezialkenntnisse und Ausbildung viele Veteranen. Unternehmen in diesem Sektor profitieren von der Erfahrung und dem Fachwissen der Veteranen in den Bereichen Luftfahrt, Ingenieurwesen, Logistik und Cybersicherheit.<\/p>\n<p style=\"padding-left: 40px;\">\n\n\n\n<\/p>\n<h4 class=\"wp-block-heading\" style=\"padding-left: 40px;\">Schul-und Berufsbildung<\/h4>\n<p style=\"padding-left: 40px;\">\n\n\n\n<\/p>\n<p style=\"padding-left: 40px;\">Bildungs- und Ausbildungsprogramme sind f\u00fcr Veteranen, die in eine zivile Karriere wechseln, von wesentlicher Bedeutung. Institutionen, die Berufsausbildung, Zertifizierungsprogramme und akademische Abschl\u00fcsse anbieten, die auf die Bed\u00fcrfnisse von Veteranen zugeschnitten sind, sind f\u00fcr die Unterst\u00fctzung ihrer Karriereziele und ihrer beruflichen Entwicklung von wesentlicher Bedeutung.<\/p>\n<p style=\"padding-left: 40px;\">\n\n\n\n<\/p>\n<h4 class=\"wp-block-heading\" style=\"padding-left: 40px;\">Einzelhandel und Konsumg\u00fcter<\/h4>\n<p style=\"padding-left: 40px;\">\n\n\n\n<\/p>\n<p style=\"padding-left: 40px;\">Auch der Einzelhandel und die Konsumg\u00fcterbranche gehen auf die Vorlieben und das Kaufverhalten von Veteranen ein. Unternehmen, die Rabatte, Sonderangebote und Produkte anbieten, die speziell f\u00fcr Veteranen entwickelt wurden, k\u00f6nnen eine starke Kundenbindung aufbauen und ihren Marktanteil in dieser Bev\u00f6lkerungsgruppe steigern.<\/p>\n<p>\n\n\n<\/p>\n\n\n<h2 class=\"wp-block-heading\">Chancen auf dem US-Veteranenmarkt<\/h2>\n\n\n\n<p>Der US-Veteranenmarkt bietet Unternehmen zahlreiche M\u00f6glichkeiten, Innovationen zu entwickeln, zu wachsen und Mehrwert f\u00fcr Veteranen zu schaffen. Durch die Nutzung von Erkenntnissen aus der US-Veteranenmarktforschung k\u00f6nnen Unternehmen diese Chancen erkennen und nutzen, um wirkungsvolle Strategien und Initiativen zu entwickeln.<\/p>\n\n\n<p>\n\n\n<\/p>\n<h4 class=\"wp-block-heading\" style=\"padding-left: 40px;\">Innovation bei Gesundheitsl\u00f6sungen<\/h4>\n<p style=\"padding-left: 40px;\">\n\n\n\n<\/p>\n<p style=\"padding-left: 40px;\">Fortschritte in der Telemedizin, in der psychischen Gesundheitsversorgung und in Rehabilitationstechnologien k\u00f6nnen den Zugang von Veteranen zu hochwertiger Pflege erheblich verbessern. Unternehmen, die in diese Bereiche investieren, k\u00f6nnen Innovationen vorantreiben und gleichzeitig kritische Herausforderungen im Gesundheitswesen der Veteranengemeinschaft angehen.<\/p>\n<p style=\"padding-left: 40px;\">\n\n\n\n<\/p>\n<h4 class=\"wp-block-heading\" style=\"padding-left: 40px;\">Bildungs- und Trainingsprogramme<\/h4>\n<p style=\"padding-left: 40px;\">\n\n\n\n<\/p>\n<p style=\"padding-left: 40px;\">Bildungseinrichtungen und Ausbildungsanbieter haben die M\u00f6glichkeit, ihr Angebot zu erweitern, um den vielf\u00e4ltigen Bildungsbed\u00fcrfnissen von Veteranen gerecht zu werden. Programme, die flexible Zeiteinteilung, berufsorientierte Lehrpl\u00e4ne und auf Veteranen zugeschnittene Unterst\u00fctzungsdienste bieten, k\u00f6nnen deren \u00dcbergang ins Zivilleben und die Integration ins Berufsleben erleichtern.<\/p>\n<p style=\"padding-left: 40px;\">\n\n\n\n<\/p>\n<h4 class=\"wp-block-heading\" style=\"padding-left: 40px;\">Ausbau der Finanzdienstleistungen<\/h4>\n<p style=\"padding-left: 40px;\">\n\n\n\n<\/p>\n<p style=\"padding-left: 40px;\">Finanzinstitute wie USAA haben die M\u00f6glichkeit, ihr Produkt- und Dienstleistungsangebot zu erweitern, um den finanziellen Bed\u00fcrfnissen von Veteranen besser gerecht zu werden. Dazu geh\u00f6ren innovative Bankl\u00f6sungen, Dienstleistungen zur Altersvorsorge und Versicherungsprodukte, die umfassenden Schutz und Mitgliedervorteile bieten, die auf die individuellen Umst\u00e4nde der Veteranen zugeschnitten sind.<\/p>\n<p style=\"padding-left: 40px;\">\n\n\n\n<\/p>\n<h4 class=\"wp-block-heading\" style=\"padding-left: 40px;\">\u00d6ffentliche Auftr\u00e4ge<\/h4>\n<p style=\"padding-left: 40px;\">\n\n\n\n<\/p>\n<p style=\"padding-left: 40px;\">Regierungsauftr\u00e4ge bleiben eine bedeutende Chance f\u00fcr Unternehmen, die mit Bundesbeh\u00f6rden zusammenarbeiten m\u00f6chten, wobei Veteranenunternehmen und Subunternehmer bevorzugt werden. Das Verst\u00e4ndnis der regulatorischen Rahmenbedingungen und Zertifizierungsanforderungen kann Unternehmen dabei helfen, sich in diesem wettbewerbsintensiven Marktsegment erfolgreich zu behaupten.<\/p>\n<p style=\"padding-left: 40px;\">\n\n\n\n<\/p>\n<h4 class=\"wp-block-heading\" style=\"padding-left: 40px;\">Initiativen f\u00fcr Vielfalt und Inklusion<\/h4>\n<p style=\"padding-left: 40px;\">\n\n\n\n<\/p>\n<p style=\"padding-left: 40px;\">Unternehmen k\u00f6nnen Initiativen f\u00fcr Vielfalt und Inklusion f\u00f6rdern, indem sie aktiv Veteranen anwerben, einstellen und unterst\u00fctzen. Veteranen bringen wertvolle F\u00e4higkeiten, F\u00fchrungsqualit\u00e4ten und eine starke Arbeitsmoral mit und tragen so zum Erfolg und zur Innovation des Unternehmens bei.<\/p>\n<p>\n\n\n<\/p>\n\n\n<h2 class=\"wp-block-heading\">Wie die Marktforschung von SIS International zum US-Veteranenmarkt Unternehmen hilft<\/h2>\n\n\n\n<p>Bei&nbsp;<a href=\"https:\/\/www.linkedin.com\/company\/sisinternationalresearch\/\" target=\"_blank\" rel=\"noreferrer noopener\">SIS International<\/a>, unsere Marktforschung zum US-Veteranenmarkt liefert wertvolle Erkenntnisse und strategische Empfehlungen, die Unternehmen zum Erfolg verhelfen. Mit unserem umfassenden Ansatz unterst\u00fctzen wir Organisationen dabei, ihr Engagement f\u00fcr Veteranen in verschiedenen Sektoren zu verst\u00e4rken.<\/p>\n\n\n<p>\n\n\n<\/p>\n<h4 class=\"wp-block-heading\" style=\"padding-left: 40px;\">Verbesserte strategische Planung<\/h4>\n<p style=\"padding-left: 40px;\">\n\n\n\n<\/p>\n<p style=\"padding-left: 40px;\">Unser <a href=\"https:\/\/www.sisinternational.com\/de\/sachverstand\/branchen\/was-ist-bohr-und-extraktionsausrustung\/\" title=\"Marktforschung f\u00fcr Bohr- und F\u00f6rderausr\u00fcstung\" data-wpil-monitor-id=\"3179\">market research equips<\/a> businesses with detailed insights into veterans\u2019 preferences, behaviors, and market trends. This enables organizations to develop informed strategic plans that align with veterans\u2019 needs and expectations, ensuring relevance and effectiveness in their offerings.<\/p>\n<p style=\"padding-left: 40px;\">\n\n\n\n<\/p>\n<h4 class=\"wp-block-heading\" style=\"padding-left: 40px;\">Erh\u00f6hter Umsatz<\/h4>\n<p style=\"padding-left: 40px;\">\n\n\n\n<\/p>\n<p style=\"padding-left: 40px;\">Wenn Unternehmen die besonderen Bed\u00fcrfnisse und Kaufgewohnheiten von Veteranen verstehen, k\u00f6nnen sie ihre Produkte und Dienstleistungen besser an die Nachfrage anpassen. Dieser gezielte Ansatz steigert die Kundenzufriedenheit und -treue unter Veteranen und erh\u00f6ht so Umsatz und Marktanteil.<\/p>\n<p style=\"padding-left: 40px;\">\n\n\n\n<\/p>\n<h4 class=\"wp-block-heading\" style=\"padding-left: 40px;\">Risikominderung<\/h4>\n<p style=\"padding-left: 40px;\">\n\n\n\n<\/p>\n<p style=\"padding-left: 40px;\"><a href=\"https:\/\/twitter.com\/SISIntlResearch\" target=\"_blank\" rel=\"noreferrer noopener\">SIS<\/a>\u00a0identifiziert potenzielle Herausforderungen wie Konjunkturschwankungen oder regulatorische \u00c4nderungen und erm\u00f6glicht Organisationen, ihre Strategien und Abl\u00e4ufe proaktiv anzupassen.<\/p>\n<p style=\"padding-left: 40px;\">\n\n\n\n<\/p>\n<h4 class=\"wp-block-heading\" style=\"padding-left: 40px;\">Verbesserte Marketingeffizienz<\/h4>\n<p style=\"padding-left: 40px;\">\n\n\n\n<\/p>\n<p style=\"padding-left: 40px;\">Wir bieten Einblicke in die effektivsten Kommunikationskan\u00e4le, Messaging-Strategien und Werbetaktiken, die beim erfahrenen Publikum Anklang finden und so die Marketingeffizienz und den ROI optimieren.<\/p>\n<p style=\"padding-left: 40px;\">\n\n\n\n<\/p>\n<h4 class=\"wp-block-heading\" style=\"padding-left: 40px;\">Beschleunigtes Wachstum und Innovation<\/h4>\n<p style=\"padding-left: 40px;\">\n\n\n\n<\/p>\n<p style=\"padding-left: 40px;\">Unsere Forschung identifiziert neue Trends, technologische Fortschritte und unerf\u00fcllte Bed\u00fcrfnisse innerhalb der Veteranengemeinschaft und erm\u00f6glicht Unternehmen, Innovationen hervorzubringen und neue Produkte oder Dienstleistungen einzuf\u00fchren, die das Wachstum vorantreiben und Innovationen f\u00f6rdern.<\/p>\n<p style=\"padding-left: 40px;\">\n\n\n\n<\/p>\n<h4 class=\"wp-block-heading\" style=\"padding-left: 40px;\">Verbesserter ROI<\/h4>\n<p style=\"padding-left: 40px;\">\n\n\n\n<\/p>\n<p style=\"padding-left: 40px;\">Wir stellen sicher, dass Organisationen in Strategien und Initiativen investieren, die auf die Pr\u00e4ferenzen und Marktchancen der Veteranen abgestimmt sind, und so den Gesamt-ROI verbessern.<\/p>\n<p style=\"padding-left: 40px;\">\n\n\n\n<\/p>\n<h4 class=\"wp-block-heading\" style=\"padding-left: 40px;\"><strong>Verbesserte Kundenbindung<\/strong>:<\/h4>\n<p style=\"padding-left: 40px;\">\n\n\n\n<\/p>\n<p style=\"padding-left: 40px;\">Unternehmen k\u00f6nnen durch die Pflege sinnvoller Kontakte zu Veteranen langfristige Beziehungen aufbauen, die auf Vertrauen und gegenseitigem Respekt basieren.<\/p>\n<p style=\"padding-left: 40px;\">\n\n\n\n<\/p>\n<h4 class=\"wp-block-heading\" style=\"padding-left: 40px;\"><strong>Strategische Partnerschaft<\/strong>:<\/h4>\n<p style=\"padding-left: 40px;\">\n\n\n\n<\/p>\n<p style=\"padding-left: 40px;\">Unsere Erkenntnisse erleichtern Partnerschaften mit Regierungsbeh\u00f6rden, gemeinn\u00fctzigen Organisationen und anderen Interessengruppen, deren Schwerpunkt auf der Unterst\u00fctzung und Interessenvertretung von Veteranen liegt.<\/p>\n<p>\n\n\n<\/p>\n\n\n<h2 class=\"wp-block-heading\"><strong>\u00dcber SIS International<\/strong><\/h2>\n\n\n\n<p><a href=\"https:\/\/www.sisinternational.com\/de\/\">SIS International<\/a>&nbsp;bietet quantitative, qualitative und strategische Forschung an. Wir liefern Daten, Tools, Strategien, Berichte und Erkenntnisse zur Entscheidungsfindung. Wir f\u00fchren auch Interviews, Umfragen, Fokusgruppen und andere Methoden und Ans\u00e4tze der Marktforschung durch.<a href=\"https:\/\/www.sisinternational.com\/de\/uber-sis-international-research\/contact-sis-international-market-research\/\">&nbsp;Kontakt<\/a>&nbsp;f\u00fcr Ihr n\u00e4chstes Marktforschungsprojekt.<\/p>\n\n\n\n<p><\/p>","protected":false},"excerpt":{"rendered":"<p>US Veteran Market Research How can businesses effectively engage with the US veteran community? Understanding the unique characteristics and needs of this demographic is essential for brands aiming to make a meaningful impact. That\u2019s why conducting thorough US veteran market research enables businesses to tap into this valuable demographic, ensuring their offerings meet the specific &#8230; <a title=\"Marktforschung f\u00fcr US-Veteranen\" class=\"read-more\" href=\"https:\/\/www.sisinternational.com\/de\/sachverstand\/us-veteranen-marktforschung-2\/\" aria-label=\"Mehr Informationen \u00fcber US Veteran Market Research\">Weiterlesen \u2026<\/a><\/p>","protected":false},"author":1,"featured_media":63608,"parent":14514,"menu_order":468,"comment_status":"closed","ping_status":"closed","template":"","meta":{"footnotes":""},"class_list":["post-52472","page","type-page","status-publish","has-post-thumbnail"],"_links":{"self":[{"href":"https:\/\/www.sisinternational.com\/de\/wp-json\/wp\/v2\/pages\/52472","targetHints":{"allow":["GET"]}}],"collection":[{"href":"https:\/\/www.sisinternational.com\/de\/wp-json\/wp\/v2\/pages"}],"about":[{"href":"https:\/\/www.sisinternational.com\/de\/wp-json\/wp\/v2\/types\/page"}],"author":[{"embeddable":true,"href":"https:\/\/www.sisinternational.com\/de\/wp-json\/wp\/v2\/users\/1"}],"replies":[{"embeddable":true,"href":"https:\/\/www.sisinternational.com\/de\/wp-json\/wp\/v2\/comments?post=52472"}],"version-history":[{"count":11,"href":"https:\/\/www.sisinternational.com\/de\/wp-json\/wp\/v2\/pages\/52472\/revisions"}],"predecessor-version":[{"id":79594,"href":"https:\/\/www.sisinternational.com\/de\/wp-json\/wp\/v2\/pages\/52472\/revisions\/79594"}],"up":[{"embeddable":true,"href":"https:\/\/www.sisinternational.com\/de\/wp-json\/wp\/v2\/pages\/14514"}],"wp:featuredmedia":[{"embeddable":true,"href":"https:\/\/www.sisinternational.com\/de\/wp-json\/wp\/v2\/media\/63608"}],"wp:attachment":[{"href":"https:\/\/www.sisinternational.com\/de\/wp-json\/wp\/v2\/media?parent=52472"}],"curies":[{"name":"wp","href":"https:\/\/api.w.org\/{rel}","templated":true}]}}