{"id":48040,"date":"2024-05-07T15:01:15","date_gmt":"2024-05-07T19:01:15","guid":{"rendered":"https:\/\/www.sisinternational.com\/?page_id=48040"},"modified":"2026-01-26T18:21:39","modified_gmt":"2026-01-26T23:21:39","slug":"marktforschung-fur-reiseleiterunternehmen","status":"publish","type":"page","link":"https:\/\/www.sisinternational.com\/de\/losungen\/reise-tourismus-und-gastgewerbeberatung\/marktforschung-fur-reiseleiterunternehmen\/","title":{"rendered":"Marktforschung f\u00fcr Reiseleiterunternehmen"},"content":{"rendered":"<h1 class=\"wp-block-heading\">Marktforschung f\u00fcr Reiseleiterunternehmen<\/h1>\n\n\n\n<figure class=\"gb-block-image gb-block-image-4460355e\"><img loading=\"lazy\" decoding=\"async\" width=\"1456\" height=\"816\" class=\"gb-image gb-image-4460355e\" src=\"https:\/\/www.sisinternational.com\/wp-content\/uploads\/2025\/08\/Tourism-3.jpg\" alt=\"SIS International Marktforschung &amp; Strategie\" title=\"Tourism (3)\" srcset=\"https:\/\/www.sisinternational.com\/wp-content\/uploads\/2025\/08\/Tourism-3.jpg 1456w, https:\/\/www.sisinternational.com\/wp-content\/uploads\/2025\/08\/Tourism-3-300x168.jpg 300w, https:\/\/www.sisinternational.com\/wp-content\/uploads\/2025\/08\/Tourism-3-1024x574.jpg 1024w, https:\/\/www.sisinternational.com\/wp-content\/uploads\/2025\/08\/Tourism-3-768x430.jpg 768w, https:\/\/www.sisinternational.com\/wp-content\/uploads\/2025\/08\/Tourism-3-18x10.jpg 18w\" sizes=\"auto, (max-width: 1456px) 100vw, 1456px\"><\/figure>\n\n\n\n<p><\/p>\n\n\n\n<hr class=\"wp-block-separator has-alpha-channel-opacity is-style-dots\"\/>\n\n\n\n<p>Die Marktforschung f\u00fcr Reiseleiter f\u00fchrt Unternehmen durch Markttrends, Verbrauchererwartungen und Wettbewerbsumfelder. Von der Entdeckung von Nischen-Reiseinteressen bis hin zur Nutzung der Leistungsf\u00e4higkeit digitaler Plattformen erm\u00f6glicht diese Forschung Reiseveranstaltern, authentische Erlebnisse zu kuratieren, die Herzen erobern und Reiselust wecken.<\/p>\n\n\n\n<h2 class=\"wp-block-heading\">Was ist Marktforschung f\u00fcr Reiseleiterunternehmen?<\/h2>\n\n\n\n<p>Im Rahmen der Marktforschung f\u00fcr Reiseleiterunternehmen werden Verbraucherpr\u00e4ferenzen, Markttrends, Strategien der Wettbewerber und regulatorische Rahmenbedingungen analysiert, um Reiseleiterunternehmen dabei zu helfen, in einem \u00e4u\u00dferst wettbewerbsintensiven Umfeld erfolgreich zu sein.<\/p>\n\n\n\n<p>Mithilfe dieser Informationen k\u00f6nnen Unternehmen ihre Angebote an die sich ver\u00e4ndernden Kundenanforderungen anpassen, unerschlossene Marktsegmente identifizieren und sich von der Konkurrenz abheben. Dar\u00fcber hinaus bietet Marktforschung eine solide Grundlage f\u00fcr strategische Entscheidungen, minimiert Risiken und maximiert die Kapitalrendite.<\/p>\n\n\n\n<p>Es bietet Unternehmen viele Vorteile, beispielsweise:<\/p>\n\n\n\n<ul class=\"wp-block-list\">\n<li><strong>Informierte Entscheidungsfindung:<\/strong> Durch das Verst\u00e4ndnis von Markttrends und Verbraucherpr\u00e4ferenzen k\u00f6nnen Reiseleiterunternehmen fundierte Entscheidungen hinsichtlich der Produktentwicklung, Marketingstrategien und Gesch\u00e4ftsexpansion treffen.<\/li>\n\n\n\n<li><strong>Wettbewerbsvorteil:<\/strong> Durch Einblicke in die Strategien der Konkurrenz und Branchen-Benchmarks k\u00f6nnen Unternehmen Marktl\u00fccken erkennen und sich als Marktf\u00fchrer in ihrer Nische positionieren.<\/li>\n\n\n\n<li><strong>Risikominderung:<\/strong> Marktforschung tr\u00e4gt dazu bei, die mit der Einf\u00fchrung neuer Touren oder dem Eintritt in unbekannte M\u00e4rkte verbundenen Risiken zu mindern, indem sie datengesteuerte Erkenntnisse und Prognosen liefert.<\/li>\n\n\n\n<li><strong>Kundenzufriedenheit:<\/strong> Indem Reiseleiterunternehmen ihre Dienstleistungen an die Bed\u00fcrfnisse und Vorlieben ihrer Kunden anpassen, k\u00f6nnen sie deren Zufriedenheit und Treue steigern, was zu Folgeauftr\u00e4gen und positiver Mundpropaganda f\u00fchrt.<\/li>\n\n\n\n<li><strong>Optimierte Marketingbem\u00fchungen:<\/strong> Durch das Verst\u00e4ndnis der Zielgruppendemografie und effektiver Marketingkan\u00e4le k\u00f6nnen Unternehmen ihre Ressourcen effizient zuweisen und die Wirkung ihrer Marketingkampagnen maximieren.<\/li>\n\n\n\n<li><strong>Gesch\u00e4ftswachstum:<\/strong> The overarching benefit of <a href=\"https:\/\/www.sisinternational.com\/de\/biokraftstoffe-in-der-luftfahrtindustrie\/\" title=\"Marktforschung zur Nachhaltigkeit bei Fluggesellschaften\"  data-wpil-monitor-id=\"6851\">market research is sustained<\/a> business growth. Tour guide companies can thrive in an ever-evolving industry landscape by staying ahead of market trends and adapting to changing consumer demands.<\/li>\n<\/ul>\n\n\n\n<h2 class=\"wp-block-heading\">Wer nutzt die Marktforschung von Reiseleiterunternehmen?<\/h2>\n\n\n\n<p>Tour Guide Companies rely on Tour guide <a href=\"https:\/\/www.sisinternational.com\/de\/abdeckung\/marktforschung-asien\/market-research-in-china-2\/umfrage-marktforschungsunternehmen-china\/\" title=\"Umfrage Marktforschungsunternehmen in China\"  data-wpil-monitor-id=\"2381\">company market research<\/a> to understand consumer preferences, identify market opportunities, and tailor their offerings to meet customer demands. Tour guide companies can maintain a competitive edge and drive business growth by staying abreast of industry trends and competitor <a href=\"https:\/\/www.sisinternational.com\/de\/grosforschung-fur-kleine-unternehmen\/\" title=\"Gro\u00dfforschung f\u00fcr kleine Unternehmen\"  data-wpil-monitor-id=\"2343\">strategies<\/a>.<\/p>\n\n\n\n<p>Tourism Boards and Destination Management Organizations (DMOs) use tour guide <a href=\"https:\/\/www.sisinternational.com\/de\/abdeckung\/die-amerikaner\/usa-berichterstattung\/marktforschungsunternehmen-atlanta\/\" title=\"Marktforschungsunternehmen in Atlanta\"  data-wpil-monitor-id=\"6406\">company market research<\/a> to assess the attractiveness of their destinations, understand visitor demographics, and develop strategic marketing initiatives to promote tourism growth. Insights from market research help these organizations allocate resources effectively and enhance the overall visitor experience.<\/p>\n\n\n\n<p>Travel Agencies and <a href=\"https:\/\/www.sisinternational.com\/de\/veroffentlichungen\/einblicke-in-die-flugreise-neue-konzepte-fur-die-flugzeugkabine\/\" title=\"Marktforschung f\u00fcr Flugreisen: Die Flugzeugkabine neu denken\"  data-wpil-monitor-id=\"6506\">Tour Operators leverage tour guide company market research<\/a> to identify emerging travel trends, destination preferences, and consumer behavior patterns. This information enables them to curate compelling travel packages, forge partnerships with tour guide companies, and deliver personalized experiences that resonate with their target audience.<\/p>\n\n\n\n<p>Hospitality Industry benefits from <a href=\"https:\/\/www.sisinternational.com\/de\/sachverstand\/branchen\/marktforschung-fur-krankenhausverwalter\/\" title=\"Marktforschung f\u00fcr Krankenhausverwalter\"  data-wpil-monitor-id=\"6273\">Marktforschung f\u00fcr Reiseleiterunternehmen<\/a> insights to understand the preferences and expectations of tourists. By aligning their services with customer preferences and market trends, hospitality businesses can enhance guest satisfaction and differentiate themselves in a competitive market.<\/p>\n\n\n\n<h2 class=\"wp-block-heading\">Wann sollte eine Marktforschung f\u00fcr Reiseleiter durchgef\u00fchrt werden?<\/h2>\n\n\n\n<p>Tour guide companies should consider conducting market research at various stages of their business lifecycle to inform strategic decision-making and drive growth. Here are some critical scenarios which conducting market research is particularly beneficial:<\/p>\n\n\n\n<ul class=\"wp-block-list\">\n<li><strong>Markteintritt:<\/strong> Conducting comprehensive <a href=\"https:\/\/www.sisinternational.com\/de\/eintritt-in-den-osteuropaischen-markt\/\" title=\"Markteintrittsforschung f\u00fcr Osteuropa\"  data-wpil-monitor-id=\"2643\">Marktforschung f\u00fcr Reiseleiterunternehmen<\/a> is essential before entering a new market or launching a new tour. This includes assessing market demand, competitor analysis, regulatory requirements, and cultural considerations specific to the target market.<\/li>\n\n\n\n<li><strong>Produktentwicklung:<\/strong> Die Marktforschung von Reiseleiterunternehmen ist w\u00e4hrend der Produktentwicklung von entscheidender Bedeutung, um Kundenpr\u00e4ferenzen zu verstehen, aufkommende Trends zu erkennen und Feedback zu potenziellen Reiseangeboten zu sammeln. Indem Unternehmen ihre Zielkunden in den Entwicklungsprozess einbeziehen, k\u00f6nnen sie sicherstellen, dass ihre Produkte den Marktanforderungen und Verbrauchererwartungen entsprechen.<\/li>\n\n\n\n<li><strong>Saisonale Trends:<\/strong> Tour guide companies may need to conduct ongoing <a href=\"https:\/\/www.sisinternational.com\/de\/sachverstand\/lebenslaufe\/markenforschung\/\" title=\"Markenforschungsunternehmen\"  data-wpil-monitor-id=\"6307\">Marktforschung<\/a> to stay abreast of seasonal trends and fluctuations in demand. Companies can adapt their strategies accordingly and capitalize on opportunities by monitoring changes in consumer preferences, travel patterns, and external factors such as economic conditions or geopolitical events.<\/li>\n<\/ul>\n\n\n\n<h2 class=\"wp-block-heading\">Erwartete Ergebnisse der Marktforschung von SIS f\u00fcr Reiseleiterunternehmen<\/h2>\n\n\n\n<p>When tour guide companies partner with SIS International <a href=\"https:\/\/www.sisinternational.com\/de\/tools-for-ai-market-research\/\" title=\"Tools for AI Market Research\"  data-wpil-monitor-id=\"1301\">Research for market<\/a> research services, they can expect a range of valuable outcomes that drive business success:<\/p>\n\n\n\n<ul class=\"wp-block-list\">\n<li><strong>Detaillierte Markteinblicke:<\/strong> SIS f\u00fchrt umfassende Marktanalysen durch und bietet Reiseleiterunternehmen detaillierte Einblicke in Markttrends, Verbraucherverhalten, Wettbewerbsstrategien und regulatorische Rahmenbedingungen. Diese Einblicke erm\u00f6glichen es den Unternehmen, fundierte Entscheidungen zu treffen und neue Chancen zu nutzen.<\/li>\n\n\n\n<li><strong>Ma\u00dfgeschneiderte L\u00f6sungen:<\/strong> Our team tailors its market <a href=\"https:\/\/www.sisinternational.com\/de\/losungen\/ai-marktforschung-und-strategieberatung\/objekterkennung-ki-marktforschung\/\" title=\"Marktforschung zur Objekterkennung mit KI\"  data-wpil-monitor-id=\"2393\">research services to meet tour guide companies&#8217;<\/a> specific needs and objectives. Whether conducting consumer surveys, focus groups, or competitive intelligence studies, SIS delivers customized solutions that address clients&#8217; unique challenges and goals.<\/li>\n\n\n\n<li><strong>Umsetzbare Empfehlungen:<\/strong> SIS liefert nicht nur Daten und Erkenntnisse, sondern auch umsetzbare Empfehlungen, die strategische Entscheidungen unterst\u00fctzen. Wir geben unseren Kunden die Erkenntnisse und die Anleitung, die sie brauchen, um ihr Unternehmenswachstum voranzutreiben.<\/li>\n\n\n\n<li><strong>Verbesserter Wettbewerbsvorteil:<\/strong> <a href=\"https:\/\/www.sisinternational.com\/de\/verbesserung-der-marktdurchdringung-durch-einen-umfassenden-marketingplan\/\" title=\"Verbesserung der Marktdurchdringung durch einen umfassenden Marketingplan\"  data-wpil-monitor-id=\"6549\">Tour guide companies<\/a> can gain a competitive advantage by leveraging SIS&#8217;s market research expertise. With a deeper understanding of market dynamics and consumer preferences, companies can differentiate themselves from competitors, attract more customers, and strengthen their market position.<\/li>\n\n\n\n<li><strong>Risikominderung:<\/strong> <a href=\"https:\/\/www.sisinternational.com\/de\/washington-und-der-prasidententag\/\" title=\"Feiertagsmarketing am Pr\u00e4sidententag\"  data-wpil-monitor-id=\"4478\">SIS helps tour guide companies<\/a> mitigate risks associated with market entry, product development, and strategic expansion. By conducting thorough market analysis and providing insights into potential challenges and opportunities, our experts empower clients to make informed decisions that minimize risks and maximize returns on investment.<\/li>\n\n\n\n<li><strong>Langfristiges Wachstum und Erfolg:<\/strong> Eine Partnerschaft mit SIS International Research f\u00fchrt Reiseleiterunternehmen zu langfristigem Wachstum und Erfolg. Durch die Nutzung umsetzbarer Erkenntnisse, ma\u00dfgeschneiderter L\u00f6sungen und fachkundiger Beratung k\u00f6nnen Unternehmen die Komplexit\u00e4t des Marktes sicher meistern, Innovationen vorantreiben und ihre Gesch\u00e4ftsziele erreichen.<\/li>\n<\/ul>\n\n\n\n<h2 class=\"wp-block-heading\">Gelegenheiten<\/h2>\n\n\n\n<p>Reiseleiterunternehmen k\u00f6nnen Marktforschung nutzen, um verschiedene Chancen zu nutzen und das Gesch\u00e4ftswachstum voranzutreiben. Hier sind einige wichtige Faktoren, die Sie ber\u00fccksichtigen sollten:<\/p>\n\n\n\n<ul class=\"wp-block-list\">\n<li><strong>Diversifizierung des Tourangebots:<\/strong> Durch Marktforschung k\u00f6nnen Nischenm\u00e4rkte, neue Trends und unerf\u00fcllte Kundenbed\u00fcrfnisse aufgedeckt werden, sodass Reiseleiterunternehmen ihr Reiseangebot diversifizieren k\u00f6nnen.<\/li>\n\n\n\n<li><strong>Gezielte Marketingkampagnen:<\/strong> Durch das Verst\u00e4ndnis der Demografie, Vorlieben und des Verhaltens der Verbraucher k\u00f6nnen Reiseleiterunternehmen gezielte Marketingkampagnen entwickeln, die bei ihrer Zielgruppe Anklang finden.<\/li>\n\n\n\n<li><strong>Partnerschaftsm\u00f6glichkeiten:<\/strong> Durch Marktforschung k\u00f6nnen potenzielle Partnerschaftsm\u00f6glichkeiten mit anderen Unternehmen im Tourismus-\u00d6kosystem, wie etwa Hotels, Transportanbietern und Attraktionen, aufgedeckt werden.<\/li>\n\n\n\n<li><strong>Verbessertes Kundenerlebnis:<\/strong> Durch Marktforschung k\u00f6nnen Reiseleiterunternehmen Kundenfeedback sammeln, um die Qualit\u00e4t ihrer Dienstleistungen kontinuierlich zu verbessern und das allgemeine Kundenerlebnis zu steigern.<\/li>\n\n\n\n<li><strong>Innovation und Differenzierung:<\/strong> Marktforschung f\u00f6rdert Innovationen, indem sie neue Trends, Technologien und Verbraucherpr\u00e4ferenzen identifiziert. Reiseleiterunternehmen k\u00f6nnen diese Erkenntnisse nutzen, um ihre Angebote zu erneuern, sich von der Konkurrenz abzuheben und in einer sich schnell entwickelnden Branche immer einen Schritt voraus zu sein.<\/li>\n<\/ul>\n\n\n\n<h2 class=\"wp-block-heading\">Herausforderungen der Marktforschung f\u00fcr Reiseleiterunternehmen<\/h2>\n\n\n\n<figure class=\"gb-block-image gb-block-image-76e246fa\"><img loading=\"lazy\" decoding=\"async\" width=\"1456\" height=\"816\" class=\"gb-image gb-image-76e246fa\" src=\"https:\/\/www.sisinternational.com\/wp-content\/uploads\/2025\/08\/Tourism-16.jpg\" alt=\"SIS International Marktforschung &amp; Strategie\" title=\"Tourism (16)\" srcset=\"https:\/\/www.sisinternational.com\/wp-content\/uploads\/2025\/08\/Tourism-16.jpg 1456w, https:\/\/www.sisinternational.com\/wp-content\/uploads\/2025\/08\/Tourism-16-300x168.jpg 300w, https:\/\/www.sisinternational.com\/wp-content\/uploads\/2025\/08\/Tourism-16-1024x574.jpg 1024w, https:\/\/www.sisinternational.com\/wp-content\/uploads\/2025\/08\/Tourism-16-768x430.jpg 768w, https:\/\/www.sisinternational.com\/wp-content\/uploads\/2025\/08\/Tourism-16-18x10.jpg 18w\" sizes=\"auto, (max-width: 1456px) 100vw, 1456px\"><\/figure>\n\n\n\n<p><\/p>\n\n\n\n<p>Marktforschung bietet zwar viele Vorteile, doch Reiseleiterunternehmen k\u00f6nnen auf besondere Herausforderungen sto\u00dfen. Hier sind einige wichtige Faktoren, die Sie ber\u00fccksichtigen sollten:<\/p>\n\n\n\n<ul class=\"wp-block-list\">\n<li><strong>Komplexit\u00e4t der Datenerfassung:<\/strong> Aufgrund von Saisonalit\u00e4t, kulturellen Unterschieden und Sprachbarrieren kann das Sammeln genauer und zuverl\u00e4ssiger Daten in der Tourismusbranche eine Herausforderung sein. Reiseleiterunternehmen ben\u00f6tigen m\u00f6glicherweise Hilfe beim Erreichen der Zielgruppe, der Gewinnung repr\u00e4sentativer Stichproben und der Sicherstellung der Datenqualit\u00e4t.<\/li>\n\n\n\n<li><strong>Wettbewerbsintelligenz:<\/strong> Der Zugriff auf Informationen und Erkenntnisse \u00fcber die Konkurrenz kann eine Herausforderung sein, insbesondere in stark wettbewerbsorientierten M\u00e4rkten. Reiseleiterunternehmen ben\u00f6tigen m\u00f6glicherweise Hilfe bei der Erfassung relevanter Daten zu Strategien, Preisdynamik und Marktpositionierung der Konkurrenz. Dies erschwert ihnen die M\u00f6glichkeit, ihre Leistung zu vergleichen und Wettbewerbsbedrohungen zu erkennen.<\/li>\n\n\n\n<li><strong>Datenschutz und Sicherheit:<\/strong> Da Datenschutz und -sicherheit immer mehr im Vordergrund stehen, m\u00fcssen Reiseleiterunternehmen dem Schutz von Kundendaten h\u00f6chste Priorit\u00e4t einr\u00e4umen und die Einhaltung von Datenschutzbestimmungen wie der DSGVO und dem CCPA sicherstellen. Dazu geh\u00f6rt die Implementierung robuster Datensicherheitsma\u00dfnahmen, die Einholung der Zustimmung zur Datenerfassung und der Schutz vertraulicher Informationen vor unbefugtem Zugriff oder Verst\u00f6\u00dfen.<\/li>\n\n\n\n<li><strong>Markttrends interpretieren:<\/strong> Reiseleiterunternehmen haben m\u00f6glicherweise Schwierigkeiten, aus komplexen Datens\u00e4tzen umsetzbare Erkenntnisse zu gewinnen. Dies kann zu suboptimalen Entscheidungen und verpassten Wachstumschancen f\u00fchren.<\/li>\n<\/ul>\n\n\n\n<h2 class=\"wp-block-heading\">Attraktivit\u00e4t der Branche: SWOT-Analyse des Marktes f\u00fcr Reiseleiterunternehmen<\/h2>\n\n\n\n<p>Durch die Durchf\u00fchrung einer SWOT-Analyse k\u00f6nnen Reiseleiterunternehmen die St\u00e4rken, Schw\u00e4chen, Chancen und Risiken des Marktes bewerten. Hier ist eine Aufschl\u00fcsselung:<\/p>\n\n\n\n<p><strong>St\u00e4rken<\/strong><\/p>\n\n\n\n<ul class=\"wp-block-list\">\n<li><strong>Personalisierter Kundenservice:<\/strong> Reiseleiterunternehmen bieten in der Regel personalisierte Erlebnisse und ma\u00dfgeschneiderte Dienstleistungen an, was die Kundenzufriedenheit und -treue erh\u00f6ht.<\/li>\n\n\n\n<li><strong>Lokale Expertise:<\/strong> Reiseleiter verf\u00fcgen \u00fcber umfassende Kenntnisse der \u00f6rtlichen Sehensw\u00fcrdigkeiten, der Kultur und der Geschichte und k\u00f6nnen Touristen wertvolle Einblicke gew\u00e4hren.<\/li>\n\n\n\n<li><strong>Flexibilit\u00e4t und Anpassung:<\/strong> Reiseleitungsunternehmen k\u00f6nnen ihr Angebot an die unterschiedlichen Kundenpr\u00e4ferenzen anpassen und auf Sonderw\u00fcnsche eingehen.<\/li>\n<\/ul>\n\n\n\n<p><strong>Schw\u00e4chen<\/strong><\/p>\n\n\n\n<ul class=\"wp-block-list\">\n<li><strong>Saisonale Nachfrage:<\/strong> Aufgrund saisonaler Schwankungen im Tourismus kann es bei der Nachfrage nach Reiseleiterdiensten zu Schwankungen kommen.<\/li>\n\n\n\n<li><strong>Abh\u00e4ngigkeit von externen Faktoren:<\/strong> Reiseleiterunternehmen sind anf\u00e4llig gegen\u00fcber externen Faktoren wie Wetterbedingungen, Konjunkturabschw\u00fcngen und geopolitischen Ereignissen.<\/li>\n\n\n\n<li><strong>Eingeschr\u00e4nkte Skalierbarkeit:<\/strong> Die Skalierbarkeit von Reiseleiterdiensten kann durch Faktoren wie Personalverf\u00fcgbarkeit, Sprachkenntnisse und Infrastruktureinschr\u00e4nkungen eingeschr\u00e4nkt sein.<\/li>\n<\/ul>\n\n\n\n<p><strong>Gelegenheiten<\/strong><\/p>\n\n\n\n<ul class=\"wp-block-list\">\n<li><strong>Technische Innovation:<\/strong> Durch die Nutzung technologischer Fortschritte wie mobiler Apps sowie virtueller und erweiterter Realit\u00e4t k\u00f6nnen Sie das Kundenerlebnis verbessern und das Tourangebot differenzieren.<\/li>\n\n\n\n<li><strong>Schwellenl\u00e4nder:<\/strong> Die Expansion in Schwellenm\u00e4rkte oder die gezielte Ausrichtung auf Nischensegmente wie \u00d6kotourismus, Abenteuerreisen oder Kulturtourismus bietet Chancen f\u00fcr Wachstum und Diversifizierung.<\/li>\n\n\n\n<li><strong>Strategische Partnerschaft:<\/strong> Durch die Zusammenarbeit mit anderen Unternehmen im Tourismus-\u00d6kosystem, etwa Hotels, Fluggesellschaften und Reiseb\u00fcros, k\u00f6nnen Synergien entstehen und die Marktreichweite erweitert werden.<\/li>\n<\/ul>\n\n\n\n<p><strong>Bedrohungen<\/strong><\/p>\n\n\n\n<ul class=\"wp-block-list\">\n<li><strong>Wettbewerb:<\/strong> Die Konkurrenz durch konkurrierende Reisef\u00fchrerunternehmen, Online-Reiseb\u00fcros und alternative Tourismusanbieter bedroht Marktanteile und Rentabilit\u00e4t.<\/li>\n\n\n\n<li><strong>Regulatorische \u00c4nderungen:<\/strong> \u00c4nderungen gesetzlicher Anforderungen, beispielsweise von Lizenzbestimmungen oder Sicherheitsnormen, k\u00f6nnen f\u00fcr Reiseleiterunternehmen h\u00f6here Compliance-Kosten und betriebliche Herausforderungen mit sich bringen.<\/li>\n\n\n\n<li><strong>Disintermediation:<\/strong> Die Disintermediation durch Online-Buchungen und Peer-to-Peer-Sharing-Plattformen kann zu einer Unterbrechung traditioneller Vertriebskan\u00e4le und zu einer Verringerung der Gewinnmargen f\u00fchren.<\/li>\n<\/ul>\n\n\n\n<h2 class=\"wp-block-heading\">Wie die Marktforschung von SIS International f\u00fcr Reiseleiterunternehmen Unternehmen hilft<\/h2>\n\n\n\n<p><a href=\"https:\/\/www.sisinternational.com\/de\/maifeiertag\/\" title=\"Marktforschung zum 1. Mai\"  data-wpil-monitor-id=\"2560\">SIS International provides tour guide companies<\/a> with a range of tailored market research solutions designed to drive business success:<\/p>\n\n\n\n<ul class=\"wp-block-list\">\n<li><strong>Risikominderung:<\/strong> Die Dienstleistungen von SIS helfen Reiseleiterunternehmen, die mit Markteintritt, Produktentwicklung und strategischer Expansion verbundenen Risiken zu minimieren. Indem wir Einblicke in die Marktdynamik, die Strategien der Wettbewerber und das regulatorische Umfeld gew\u00e4hren, versetzen wir unsere Kunden in die Lage, fundierte Entscheidungen zu treffen, die Risiken minimieren und die Kapitalrendite maximieren.<\/li>\n\n\n\n<li><strong>Einsparma\u00dfnahmen:<\/strong> SIS&#8217;s efficient and cost-effective market <a href=\"https:\/\/www.sisinternational.com\/de\/sachverstand\/branchen\/marktforschung-zu-naturlichen-ressourcen\/\" title=\"Marktforschung f\u00fcr nat\u00fcrliche Ressourcen\"  data-wpil-monitor-id=\"4752\">research methodologies help tour guide companies<\/a> save time and resources while maximizing the impact of their research initiatives. With SIS&#8217;s expertise and global network of researchers, clients can achieve their research objectives efficiently and affordably without compromising quality.<\/li>\n\n\n\n<li><strong>Innovation und Differenzierung:<\/strong> Wir f\u00f6rdern Innovation und Differenzierung, indem wir Reiseleiterunternehmen umsetzbare Erkenntnisse und strategische Beratung bieten. SIS stattet Kunden mit den erforderlichen Tools und Kenntnissen aus, um der Konkurrenz einen Schritt voraus zu sein und Innovationen in der Branche voranzutreiben.<\/li>\n\n\n\n<li><strong>ROI-Maximierung:<\/strong> Die Marktforschungsdienstleistungen von SIS sind darauf ausgerichtet, den Return on Investment f\u00fcr Reiseleiterunternehmen zu maximieren. Durch die Bereitstellung greifbarer Ergebnisse, umsetzbarer Empfehlungen und messbarer Ergebnisse erm\u00f6glicht SIS seinen Kunden, ihre Gesch\u00e4ftsziele zu erreichen, die Rentabilit\u00e4t zu steigern und langfristigen Erfolg auf dem dynamischen Tourismusmarkt zu erzielen.<\/li>\n<\/ul>\n\n\n\n<p><\/p>","protected":false},"excerpt":{"rendered":"<p>Die Marktforschung f\u00fcr Reiseleiterunternehmen unterst\u00fctzt Reiseleiterunternehmen durch die Analyse von Verbraucherpr\u00e4ferenzen, Markttrends, Wettbewerbern und Vorschriften.<\/p>","protected":false},"author":1,"featured_media":63741,"parent":44644,"menu_order":47,"comment_status":"closed","ping_status":"closed","template":"","meta":{"footnotes":""},"class_list":["post-48040","page","type-page","status-publish","has-post-thumbnail"],"_links":{"self":[{"href":"https:\/\/www.sisinternational.com\/de\/wp-json\/wp\/v2\/pages\/48040","targetHints":{"allow":["GET"]}}],"collection":[{"href":"https:\/\/www.sisinternational.com\/de\/wp-json\/wp\/v2\/pages"}],"about":[{"href":"https:\/\/www.sisinternational.com\/de\/wp-json\/wp\/v2\/types\/page"}],"author":[{"embeddable":true,"href":"https:\/\/www.sisinternational.com\/de\/wp-json\/wp\/v2\/users\/1"}],"replies":[{"embeddable":true,"href":"https:\/\/www.sisinternational.com\/de\/wp-json\/wp\/v2\/comments?post=48040"}],"version-history":[{"count":23,"href":"https:\/\/www.sisinternational.com\/de\/wp-json\/wp\/v2\/pages\/48040\/revisions"}],"predecessor-version":[{"id":80427,"href":"https:\/\/www.sisinternational.com\/de\/wp-json\/wp\/v2\/pages\/48040\/revisions\/80427"}],"up":[{"embeddable":true,"href":"https:\/\/www.sisinternational.com\/de\/wp-json\/wp\/v2\/pages\/44644"}],"wp:featuredmedia":[{"embeddable":true,"href":"https:\/\/www.sisinternational.com\/de\/wp-json\/wp\/v2\/media\/63741"}],"wp:attachment":[{"href":"https:\/\/www.sisinternational.com\/de\/wp-json\/wp\/v2\/media?parent=48040"}],"curies":[{"name":"wp","href":"https:\/\/api.w.org\/{rel}","templated":true}]}}