{"id":47946,"date":"2024-05-06T14:14:31","date_gmt":"2024-05-06T18:14:31","guid":{"rendered":"https:\/\/www.sisinternational.com\/?page_id=47946"},"modified":"2026-01-26T17:06:13","modified_gmt":"2026-01-26T22:06:13","slug":"concierge-service-beratung","status":"publish","type":"page","link":"https:\/\/www.sisinternational.com\/de\/losungen\/reise-tourismus-und-gastgewerbeberatung\/concierge-service-beratung\/","title":{"rendered":"Concierge-Dienstleistungen Beratung"},"content":{"rendered":"<h1 class=\"wp-block-heading\">Concierge-Dienstleistungen Beratung<\/h1>\n\n\n\n<figure class=\"gb-block-image gb-block-image-44f634b9\"><img loading=\"lazy\" decoding=\"async\" width=\"1456\" height=\"816\" class=\"gb-image gb-image-44f634b9\" src=\"https:\/\/www.sisinternational.com\/wp-content\/uploads\/2025\/10\/Concierge-1.jpg\" alt=\"SIS International Marktforschung &amp; Strategie\" title=\"Concierge (1)\" srcset=\"https:\/\/www.sisinternational.com\/wp-content\/uploads\/2025\/10\/Concierge-1.jpg 1456w, https:\/\/www.sisinternational.com\/wp-content\/uploads\/2025\/10\/Concierge-1-300x168.jpg 300w, https:\/\/www.sisinternational.com\/wp-content\/uploads\/2025\/10\/Concierge-1-1024x574.jpg 1024w, https:\/\/www.sisinternational.com\/wp-content\/uploads\/2025\/10\/Concierge-1-768x430.jpg 768w, https:\/\/www.sisinternational.com\/wp-content\/uploads\/2025\/10\/Concierge-1-18x10.jpg 18w\" sizes=\"auto, (max-width: 1456px) 100vw, 1456px\"><\/figure>\n\n\n\n<p><\/p>\n\n\n\n<hr class=\"wp-block-separator has-alpha-channel-opacity is-style-dots\"\/>\n\n\n\n<p>Haben Sie sich schon einmal gefragt, wie f\u00fchrende Unternehmen die Erwartungen ihrer Kunden konsequent \u00fcbertreffen und gleichzeitig ihre Betriebsabl\u00e4ufe optimieren? Die Antwort liegt in einem strategischen Ansatz, der pers\u00f6nlichen Service mit betrieblicher Effizienz verbindet: Concierge-Services-Beratung. Diese dynamische L\u00f6sung revolutioniert die Art und Weise, wie Unternehmen mit ihrer Kundschaft interagieren, und legt die Messlatte f\u00fcr Servicequalit\u00e4t h\u00f6her.<\/p>\n\n\n\n<h2 class=\"wp-block-heading\">Was ist Concierge-Service-Beratung?<\/h2>\n\n\n\n<p>Die Beratung zu Concierge-Services umfasst die strategische Implementierung personalisierter Kundenservice-L\u00f6sungen, um das Kundenerlebnis zu verbessern und Betriebsabl\u00e4ufe zu optimieren. Sie bietet eine einzigartige Gelegenheit, einen personalisierten Kontaktpunkt bereitzustellen, der bei den Kunden gro\u00dfen Anklang findet. Durch die Nutzung der Expertise von Concierge-Service-Beratern k\u00f6nnen Unternehmen ihre Abl\u00e4ufe optimieren, die Kundenzufriedenheit steigern und sich einen Wettbewerbsvorteil in ihren jeweiligen Branchen verschaffen.<\/p>\n\n\n\n<p>Dar\u00fcber hinaus bietet die Concierge-Service-Beratung viele Vorteile f\u00fcr Unternehmen, die ihr Serviceangebot verbessern und ihre Betriebseffizienz optimieren m\u00f6chten:<\/p>\n\n\n\n<ul class=\"wp-block-list\">\n<li><strong>Verbesserte Kundenzufriedenheit:<\/strong> Durch die Bereitstellung pers\u00f6nlicher Unterst\u00fctzung und die Antizipation von Kundenbed\u00fcrfnissen k\u00f6nnen Unternehmen stabilere Beziehungen zu ihrer Kundschaft aufbauen, was zu einer h\u00f6heren Zufriedenheit und st\u00e4rkeren Loyalit\u00e4t f\u00fchrt.<\/li>\n\n\n\n<li><strong>Verbesserte Betriebseffizienz:<\/strong> Concierge-Dienste rationalisieren Prozesse und optimieren Arbeitsabl\u00e4ufe, sodass Unternehmen effizienter arbeiten und Ressourcen effektiver zuweisen k\u00f6nnen.<\/li>\n\n\n\n<li><strong>Differenzierung und Markentreue:<\/strong> Durch das Anbieten einzigartiger und unvergesslicher Erlebnisse k\u00f6nnen sich Unternehmen von der Konkurrenz abheben und einen treuen Kundenstamm aufbauen, der immer wieder zu ihnen kommt.<\/li>\n\n\n\n<li><strong>Erh\u00f6hte Umsatzm\u00f6glichkeiten:<\/strong> Zufriedene Kunden geben tendenziell mehr aus und empfehlen das Unternehmen weiter, was zu h\u00f6heren Ums\u00e4tzen und Umsatzwachstum f\u00fchrt.<\/li>\n\n\n\n<li><strong>Zeitersparnis:<\/strong> Durch das Outsourcing von Concierge-Diensten k\u00f6nnen sich Unternehmen auf ihre Kernaktivit\u00e4ten konzentrieren, w\u00e4hrend der Kundendienst in kompetenten H\u00e4nden liegt, was Zeit und Ressourcen spart.<\/li>\n<\/ul>\n\n\n\n<h2 class=\"wp-block-heading\">Wann sollte eine Concierge-Services-Beratung durchgef\u00fchrt werden?<\/h2>\n\n\n\n<p>Die Durchf\u00fchrung einer Concierge-Service-Beratung ist in folgenden F\u00e4llen besonders vorteilhaft:<\/p>\n\n\n\n<ul class=\"wp-block-list\">\n<li><strong>Einf\u00fchrung eines neuen Dienstes oder Produkts:<\/strong> Die Einf\u00fchrung einer neuen Dienstleistung oder eines neuen Produkts bietet die M\u00f6glichkeit, ein unvergessliches Kundenerlebnis zu schaffen und bei der Kundschaft Begeisterung zu wecken.<\/li>\n\n\n\n<li><strong>Expansion in neue M\u00e4rkte:<\/strong> F\u00fcr den Eintritt in neue M\u00e4rkte ist ein tiefes Verst\u00e4ndnis der Kundenpr\u00e4ferenzen und -erwartungen erforderlich. Daher ist die Beratung im Bereich Concierge-Services von unsch\u00e4tzbarem Wert, um Angebote an die lokale Bev\u00f6lkerungsstruktur anzupassen.<\/li>\n\n\n\n<li><strong>Verbesserung der Kundenbindung:<\/strong> Die Konzentration auf bestehende Kunden ist f\u00fcr den langfristigen Erfolg von entscheidender Bedeutung, und die Beratung zu Concierge-Services kann Unternehmen dabei helfen, ihre treue Kundschaft zu behalten, indem sie deren Erwartungen \u00fcbertrifft und dauerhafte Beziehungen aufbaut.<\/li>\n<\/ul>\n\n\n\n<p>Bevor Unternehmen jedoch eine Beratung zu Concierge-Diensten in Anspruch nehmen, sollten sie sich folgende Fragen stellen:<\/p>\n\n\n\n<ul class=\"wp-block-list\">\n<li><strong>Wie sind die spezifischen demografischen Merkmale und Vorlieben unserer Kunden?<\/strong>&nbsp;Um die Concierge-Dienste an ihre Bed\u00fcrfnisse und Erwartungen anzupassen, ist es entscheidend, die Zielgruppe zu verstehen.<\/li>\n\n\n\n<li><strong>Was sind die kritischen Schwachstellen bei unserer aktuellen Servicebereitstellung?<\/strong> Identifying areas for improvement allows businesses to address <a href=\"https:\/\/www.sisinternational.com\/de\/verbesserung-der-kundenbeziehungen\/\" title=\"So steigern Sie die Kundenzufriedenheit und begeistern unzufriedene Kunden\"  data-wpil-monitor-id=\"8344\">customer concerns and enhance overall satisfaction<\/a>.<\/li>\n\n\n\n<li><strong>Wie k\u00f6nnen Concierge-Services unser bestehendes Angebot erg\u00e4nzen?<\/strong> Durch die nahtlose Integration von Concierge-Diensten in bestehende Betriebsabl\u00e4ufe wird ein stimmiges und ganzheitliches Kundenerlebnis gew\u00e4hrleistet.<\/li>\n<\/ul>\n\n\n\n<h2 class=\"wp-block-heading\">Unser aktueller Markt\u00fcberblick und unsere Empfehlungen<\/h2>\n\n\n\n<p>At SIS International, we believe that the concierge services <a href=\"https:\/\/www.sisinternational.com\/de\/losungen\/sis-globales-wachstum\/wachstumsberatung\/\" title=\"Wachstumsberatung\"  data-wpil-monitor-id=\"6404\">consulting market is experiencing significant growth<\/a> and evolution driven by several key factors. Firstly, the rising demand for personalized customer experiences across industries has fueled the adoption of concierge services as a strategic differentiator. Businesses increasingly recognize the value of going above and beyond to meet customer needs and preferences, driving the need for specialized consulting services.<\/p>\n\n\n\n<p>Dar\u00fcber hinaus wird der Wettbewerb auf dem Markt f\u00fcr Concierge-Services-Beratung immer gr\u00f6\u00dfer, da neue Akteure in den Wettbewerb eintreten und bestehende Unternehmen ihr Angebot diversifizieren. Dieser Wettbewerbszuwachs zwingt Unternehmen zu Innovationen und Differenzierung, indem sie einzigartige L\u00f6sungen anbieten, die auf bestimmte Branchen und Kundensegmente zugeschnitten sind.<\/p>\n\n\n\n<h2 class=\"wp-block-heading\">Erwartete Ergebnisse der Concierge Services-Beratung von SIS<\/h2>\n\n\n\n<figure class=\"gb-block-image gb-block-image-e29c7a0a\"><img loading=\"lazy\" decoding=\"async\" width=\"1456\" height=\"816\" class=\"gb-image gb-image-e29c7a0a\" src=\"https:\/\/www.sisinternational.com\/wp-content\/uploads\/2025\/10\/Concierge-2.jpg\" srcset=\"https:\/\/www.sisinternational.com\/wp-content\/uploads\/2025\/10\/Concierge-2.jpg 1456w, https:\/\/www.sisinternational.com\/wp-content\/uploads\/2025\/10\/Concierge-2-300x168.jpg 300w, https:\/\/www.sisinternational.com\/wp-content\/uploads\/2025\/10\/Concierge-2-1024x574.jpg 1024w, https:\/\/www.sisinternational.com\/wp-content\/uploads\/2025\/10\/Concierge-2-768x430.jpg 768w, https:\/\/www.sisinternational.com\/wp-content\/uploads\/2025\/10\/Concierge-2-18x10.jpg 18w\" sizes=\"auto, (max-width: 1456px) 100vw, 1456px\" alt=\"SIS International Marktforschung &amp; Strategie\"><\/figure>\n\n\n\n<p><\/p>\n\n\n\n<p>Bei SIS International erwarten wir von unseren Beratungsauftr\u00e4gen im Bereich Concierge-Services mehrere wichtige Ergebnisse:<\/p>\n\n\n\n<ul class=\"wp-block-list\">\n<li><strong>Reduziertes Risiko:<\/strong> Durch die Nutzung unseres Fachwissens und unserer Branchenkenntnisse k\u00f6nnen Unternehmen potenzielle Risiken im Zusammenhang mit der Implementierung von Concierge-Diensten mindern und eine reibungslose und erfolgreiche Integration in ihren Betrieb sicherstellen.<\/li>\n\n\n\n<li><strong>Umsatzsteigerung:<\/strong> Unser strategischer Ansatz zur Concierge-Services-Beratung unterst\u00fctzt Unternehmen dabei, umsatzgenerierende M\u00f6glichkeiten zu erkennen und ihr Serviceangebot zu optimieren, um die Rentabilit\u00e4t zu maximieren.<\/li>\n\n\n\n<li><strong>Einsparma\u00dfnahmen:<\/strong> Durch Prozessoptimierung und Ressourcenzuweisung k\u00f6nnen Unternehmen Kosten einsparen und ihre Betriebseffizienz steigern, was letztlich zu einer Verbesserung ihres Gesch\u00e4ftsergebnisses f\u00fchrt.<\/li>\n\n\n\n<li><strong>Zeiteffizienz:<\/strong> Unsere optimierten Methoden und Best Practices erm\u00f6glichen es Unternehmen, Zeit und Ressourcen zu sparen, sodass sie sich auf Kernaktivit\u00e4ten und strategische Initiativen konzentrieren k\u00f6nnen.<\/li>\n\n\n\n<li><strong>Beschleunigtes Wachstum und Innovation:<\/strong> Durch die Einf\u00fchrung innovativer Ans\u00e4tze im Kundenservice und -erlebnis k\u00f6nnen sich Unternehmen von der Konkurrenz abheben und Wachstum und Innovation in ihren jeweiligen Branchen vorantreiben.<\/li>\n\n\n\n<li><strong>Verbesserter ROI:<\/strong> Unsere datengesteuerten Erkenntnisse und umsetzbaren Empfehlungen stellen sicher, dass Unternehmen mit ihren Concierge-Service-Initiativen einen positiven Return on Investment erzielen und so greifbare Ergebnisse und langfristigen Mehrwert erzielen.<\/li>\n<\/ul>\n\n\n\n<h2 class=\"wp-block-heading\">F\u00fchrende Akteure auf dem Markt f\u00fcr Concierge-Services-Beratung<\/h2>\n\n\n\n<p>In der sich rasch entwickelnden Landschaft der Concierge-Service-Beratung haben sich mehrere wichtige Akteure als Branchenf\u00fchrer herauskristallisiert. Dazu geh\u00f6ren:<\/p>\n\n\n\n<ul class=\"wp-block-list\">\n<li><strong>Im Wesentlichen:<\/strong> Quintessentially ist f\u00fcr seinen luxuri\u00f6sen Concierge-Service f\u00fcr verm\u00f6gende Privat- und Firmenkunden bekannt und bietet eine breite Palette personalisierter L\u00f6sungen, von der Reisevorbereitung bis zur Veranstaltungsplanung.<\/li>\n\n\n\n<li><strong>Johannes Paul:<\/strong> Mit globaler Pr\u00e4senz und dem Schwerpunkt, au\u00dfergew\u00f6hnliche Kundenerlebnisse zu bieten, bietet John Paul Concierge-Dienste f\u00fcr Unternehmen in verschiedenen Branchen an, darunter Gastgewerbe, Finanzen und Luxus-Einzelhandel.<\/li>\n\n\n\n<li><strong>Ten Lifestyle Gruppe:<\/strong> Die Ten Lifestyle Group ist auf Lifestyle-Management und Concierge-Dienste spezialisiert und bietet ma\u00dfgeschneiderte L\u00f6sungen, die auf die individuellen Bed\u00fcrfnisse und Vorlieben ihrer Kunden zugeschnitten sind, von personalisierten Reiseerlebnissen bis hin zum exklusiven Zugang zu Veranstaltungen.<\/li>\n\n\n\n<li><strong>Les Concierges-Gruppe:<\/strong> Als einer der Pioniere in der Concierge-Servicebranche bietet die Les Concierges Group umfassende Beratungsdienste f\u00fcr Unternehmen an, die ihr Kundenserviceangebot verbessern und das allgemeine Kundenerlebnis steigern m\u00f6chten.<\/li>\n<\/ul>\n\n\n\n<h2 class=\"wp-block-heading\">Marktf\u00fchrer<\/h2>\n\n\n\n<p>Das Wachstum des Marktes f\u00fcr Concierge-Dienste wird von mehreren Faktoren vorangetrieben:<\/p>\n\n\n\n<ul class=\"wp-block-list\">\n<li><strong>Steigende Nachfrage der Verbraucher nach Personalisierung:<\/strong> Today&#8217;s consumers expect personalized experiences tailored to their preferences and needs. Concierge services enable businesses to meet these demands by offering <a href=\"https:\/\/www.sisinternational.com\/de\/financial-services-consulting\/financial-services-customer-satisfaction\/\" title=\"Financial Services Customer Satisfaction\"  data-wpil-monitor-id=\"8342\">customized solutions that enhance customer satisfaction<\/a> and loyalty.<\/li>\n\n\n\n<li><strong>Zunehmender Wettbewerb und Bedarf an Differenzierung:<\/strong> Unternehmen suchen st\u00e4ndig nach M\u00f6glichkeiten, sich in hart umk\u00e4mpften M\u00e4rkten hervorzuheben. Concierge-Dienste bieten Unternehmen eine einzigartige Gelegenheit, sich durch das Angebot personalisierter und wertsch\u00f6pfender Dienste von der Konkurrenz abzuheben.<\/li>\n\n\n\n<li><strong>Technologische Fortschritte:<\/strong> Der rasante technologische Fortschritt, darunter KI, maschinelles Lernen und Datenanalyse, ver\u00e4ndert die Landschaft der Concierge-Dienste. Diese technologischen Innovationen erm\u00f6glichen es Unternehmen, effizientere und personalisiertere Dienste anzubieten, was die Nachfrage nach Concierge-Diensten steigert.<\/li>\n\n\n\n<li><strong>Wachstum bei verm\u00f6genden Privatpersonen:<\/strong> Die steigende Zahl verm\u00f6gender Privatpersonen und wohlhabender Verbraucher hat zu einer steigenden Nachfrage nach luxuri\u00f6sen Concierge-Diensten gef\u00fchrt. Concierge-Dienstleistungsunternehmen sind gut positioniert, um von diesem Trend zu profitieren, indem sie spezialisierte Dienstleistungen anbieten, die auf die Bed\u00fcrfnisse wohlhabender Kunden zugeschnitten sind.<\/li>\n<\/ul>\n\n\n\n<h2 class=\"wp-block-heading\">Marktbeschr\u00e4nkungen<\/h2>\n\n\n\n<p>Despite the growth <a href=\"https:\/\/www.sisinternational.com\/de\/losungen\/strategieberatung\/marktchancenforschung\/\" title=\"Marktchancenforschung\"  data-wpil-monitor-id=\"8345\">opportunities in the concierge services market<\/a>, several challenges and restraints must be addressed:<\/p>\n\n\n\n<ul class=\"wp-block-list\">\n<li><strong>Kostenbedenken:<\/strong> Die Implementierung von Concierge-Diensten kann kostspielig sein, insbesondere f\u00fcr kleine und mittlere Unternehmen mit begrenztem Budget. Die anf\u00e4nglichen Investitionen f\u00fcr Beratungsdienste, Technologieinfrastruktur und Personal k\u00f6nnen einige Unternehmen von der Einf\u00fchrung von Concierge-Diensten abhalten.<\/li>\n\n\n\n<li><strong>Datenschutz und Sicherheit:<\/strong> Concierge-Dienstleister stehen vor gro\u00dfen Herausforderungen, wenn es um den Umgang mit sensiblen Kundeninformationen und pers\u00f6nlichen Daten geht. Die Einhaltung von Datenschutzbestimmungen und die Implementierung robuster Sicherheitsma\u00dfnahmen zum Schutz der Kundeninformationen ist unerl\u00e4sslich, kann jedoch ressourcenintensiv sein.<\/li>\n\n\n\n<li><strong>Begrenzte Marktbekanntheit:<\/strong> Trotz der steigenden Nachfrage nach personalisierten Diensten sind sich manche Unternehmen der Vorteile von Concierge-Diensten m\u00f6glicherweise nicht bewusst. F\u00fcr das Marktwachstum ist es entscheidend, potenzielle Kunden \u00fcber den Wert von Concierge-Diensten zu informieren und Missverst\u00e4ndnisse hinsichtlich Kosten und Komplexit\u00e4t auszur\u00e4umen.<\/li>\n\n\n\n<li><strong>Wettbewerb und Differenzierung:<\/strong> Da der Markt f\u00fcr Concierge-Dienste immer ges\u00e4ttigter wird, versch\u00e4rft sich der Wettbewerb zwischen Beratungsunternehmen. Sich von der Konkurrenz abzuheben und Dienstleistungen zu differenzieren wird immer schwieriger und erfordert kontinuierliche Innovation und ein tiefes Verst\u00e4ndnis der Kundenbed\u00fcrfnisse.<\/li>\n<\/ul>\n\n\n\n<h2 class=\"wp-block-heading\">Attraktivit\u00e4t der Branche: Porters F\u00fcnf-Kr\u00e4fte-Analyse des Concierge-Service-Marktes<\/h2>\n\n\n\n<p>Porters F\u00fcnf-Kr\u00e4fte-Analyse bietet einen Rahmen zur Beurteilung der Attraktivit\u00e4t einer Branche durch die Untersuchung von f\u00fcnf Schl\u00fcsselfaktoren:<\/p>\n\n\n\n<ul class=\"wp-block-list\">\n<li><strong>Bedrohung durch neue Marktteilnehmer:<\/strong> Die Bedrohung durch neue Marktteilnehmer auf dem Concierge-Dienstleistungsmarkt ist relativ gering, was haupts\u00e4chlich an den hohen Markteintrittsbarrieren liegt. Zu diesen Barrieren geh\u00f6ren die Notwendigkeit von Fachkenntnissen, etablierten Netzwerken und Beziehungen sowie erhebliche Vorabinvestitionen in Technologie und Infrastruktur. Infolgedessen profitieren bestehende Beratungsunternehmen von einem gewissen Wettbewerbsvorteil und einer Marktdominanz.<\/li>\n\n\n\n<li><strong>Bargaining Power of <a href=\"https:\/\/www.sisinternational.com\/de\/losungen\/qualitative-quantitative-forschungslosungen\/buyer-persona-marktforschung\/\" title=\"L\u00f6sungen und Methoden zur Buyer Persona-Marktforschung\"  data-wpil-monitor-id=\"8343\">K\u00e4ufer<\/a>:<\/strong> Die Verhandlungsmacht der K\u00e4ufer auf dem Markt f\u00fcr Concierge-Dienste variiert je nach Faktoren wie Branchennachfrage, Wettbewerb und dem Grad der Differenzierung zwischen Beratungsunternehmen. W\u00e4hrend K\u00e4ufer bei der Aushandlung von Preisen und Servicebedingungen einen gewissen Einfluss haben, f\u00fchrt die stark personalisierte Natur von Concierge-Diensten oft zu einem ausgeglicheneren Machtgef\u00fcge, wobei Beratungsunternehmen f\u00fcr ihr Fachwissen und ihre Dienste Premiumpreise verlangen k\u00f6nnen.<\/li>\n\n\n\n<li><strong>Verhandlungsmacht der Lieferanten:<\/strong> Die Verhandlungsmacht der Anbieter auf dem Markt f\u00fcr Concierge-Dienste ist relativ gering, da Beratungsunternehmen in der Regel auf interne Ressourcen und Fachwissen und nicht auf externe Anbieter zur\u00fcckgreifen. Anbieter von Technologiel\u00f6sungen und Softwareplattformen k\u00f6nnen jedoch einen gewissen Einfluss auf Beratungsunternehmen aus\u00fcben, insbesondere in Bezug auf Preisgestaltung und Servicequalit\u00e4t.<\/li>\n\n\n\n<li><strong>Bedrohung durch Ersatzprodukte:<\/strong> Die Gefahr von Substitutionsprodukten im Markt f\u00fcr Concierge-Dienste ist moderat, da Unternehmen sich m\u00f6glicherweise f\u00fcr die Entwicklung eigener Kapazit\u00e4ten entscheiden oder auf alternative L\u00f6sungen wie Self-Service-Plattformen oder traditionelle Kundendienstmodelle zur\u00fcckgreifen. Das einzigartige Wertversprechen von Concierge-Diensten, darunter pers\u00f6nliche Unterst\u00fctzung, Fachwissen und Komfort, mindert das Substitutionsrisiko jedoch bis zu einem gewissen Grad.<\/li>\n\n\n\n<li><strong>Konkurrenzkampf:<\/strong> Der Wettbewerb auf dem Markt f\u00fcr Concierge-Dienste ist hart, was auf Faktoren wie Markts\u00e4ttigung, die Pr\u00e4senz etablierter Akteure sowie laufende Innovations- und Differenzierungsbem\u00fchungen zur\u00fcckzuf\u00fchren ist. Beratungsunternehmen konkurrieren um Marktanteile und Kunden, indem sie einzigartige Wertangebote, Fachkompetenz und \u00fcberlegene Servicequalit\u00e4t anbieten.<\/li>\n<\/ul>\n\n\n\n<h2 class=\"wp-block-heading\">Wie die Dienstleistungen von SIS International Unternehmen helfen<\/h2>\n\n\n\n<p>At SIS International, we believe that our consulting goes beyond traditional assistance to offer comprehensive solutions that drive tangible business outcomes. Our <a href=\"https:\/\/www.sisinternational.com\/de\/losungen\/fintech-strategieberatung-forschung\/human-capital-management-finanzdienstleistungen-marktforschung-beratung\/\" title=\"Human Capital Management Financial Services Market Research and Consulting\"  data-wpil-monitor-id=\"8340\">market research and consulting services<\/a> are designed to help businesses reduce risk, boost revenue, save money, save time, accelerate growth and innovation, and maximize ROI. Here&#8217;s how our services benefit businesses:<\/p>\n\n\n\n<ul class=\"wp-block-list\">\n<li><strong>Risikominderung:<\/strong> Durch umfassende Marktanalysen und strategische Planung unterst\u00fctzen wir Unternehmen bei der Identifizierung potenzieller Risiken und Herausforderungen im Zusammenhang mit der Implementierung von Concierge-Diensten.<\/li>\n\n\n\n<li><strong>Umsatzsteigerung:<\/strong> <a href=\"https:\/\/www.sisinternational.com\/de\/ostern-und-der-unvermeidliche-schokoladenhase\/\" title=\"Ostermarktforschung\"  data-wpil-monitor-id=\"8337\">SIS data-driven insights and market<\/a> intelligence empower businesses to identify new revenue opportunities and optimize their service offerings to meet customer needs and preferences.<\/li>\n\n\n\n<li><strong>Geld sparen:<\/strong> Unsere kosteneffektiven L\u00f6sungen und effizienten Methoden erm\u00f6glichen es Unternehmen, ihre Ziele zu erreichen, ohne zu viel auszugeben oder Ressourcen zu verschwenden.<\/li>\n\n\n\n<li><strong>Zeit sparen:<\/strong> In der heutigen schnelllebigen Gesch\u00e4ftswelt ist Zeit eine kostbare Ressource. Unsere Concierge-Dienste sind darauf ausgelegt, Unternehmen dabei zu helfen, Zeit zu sparen und ihre Produktivit\u00e4t zu steigern.<\/li>\n\n\n\n<li><strong>Accelerating <\/strong><a href=\"https:\/\/www.sisinternational.com\/de\/losungen\/internationale-unternehmenswachstumsmarktforschung\/\" title=\"Internationale Marktforschung zum Unternehmenswachstum\"  data-wpil-monitor-id=\"8335\">Growth and Innovation: SIS International&#8217;s<\/a> strategic guidance and innovative solutions empower businesses to drive growth and innovation in their respective industries.<\/li>\n\n\n\n<li><strong>Maximierung des ROI:<\/strong> Unser Ziel ist es, Unternehmen dabei zu helfen, den Return on Investment ihrer Concierge-Service-Initiativen zu maximieren.<\/li>\n<\/ul>\n\n\n\n<h2 class=\"wp-block-heading\">\u00dcber SIS International Concierge Services Consulting<\/h2>\n\n\n\n<p>SIS International\u2019s Concierge Services Consulting specializes in providing tailored strategic solutions to businesses worldwide. Our expert consultants offer comprehensive advisory services in market entry, business expansion, strategic planning, and organizational development. We partner with clients, from market analysis to implementation support, to drive <a href=\"https:\/\/www.sisinternational.com\/de\/entwicklung-eines-nachhaltigen-wettbewerbsvorteils\/\" title=\"Entwicklung eines nachhaltigen Wettbewerbsvorteils\"  data-wpil-monitor-id=\"8341\">sustainable growth and competitive advantage<\/a>. Contact us to explore how our consulting expertise can empower your business.<\/p>\n\n\n\n<p><\/p>","protected":false},"excerpt":{"rendered":"<p>Beratung zu Concierge-Services: Implementiert personalisierte Kundendienstl\u00f6sungen, um Erfahrungen zu verbessern und Prozesse zu optimieren.<\/p>","protected":false},"author":1,"featured_media":70897,"parent":44644,"menu_order":36,"comment_status":"closed","ping_status":"closed","template":"","meta":{"footnotes":""},"class_list":["post-47946","page","type-page","status-publish","has-post-thumbnail"],"_links":{"self":[{"href":"https:\/\/www.sisinternational.com\/de\/wp-json\/wp\/v2\/pages\/47946","targetHints":{"allow":["GET"]}}],"collection":[{"href":"https:\/\/www.sisinternational.com\/de\/wp-json\/wp\/v2\/pages"}],"about":[{"href":"https:\/\/www.sisinternational.com\/de\/wp-json\/wp\/v2\/types\/page"}],"author":[{"embeddable":true,"href":"https:\/\/www.sisinternational.com\/de\/wp-json\/wp\/v2\/users\/1"}],"replies":[{"embeddable":true,"href":"https:\/\/www.sisinternational.com\/de\/wp-json\/wp\/v2\/comments?post=47946"}],"version-history":[{"count":12,"href":"https:\/\/www.sisinternational.com\/de\/wp-json\/wp\/v2\/pages\/47946\/revisions"}],"predecessor-version":[{"id":81397,"href":"https:\/\/www.sisinternational.com\/de\/wp-json\/wp\/v2\/pages\/47946\/revisions\/81397"}],"up":[{"embeddable":true,"href":"https:\/\/www.sisinternational.com\/de\/wp-json\/wp\/v2\/pages\/44644"}],"wp:featuredmedia":[{"embeddable":true,"href":"https:\/\/www.sisinternational.com\/de\/wp-json\/wp\/v2\/media\/70897"}],"wp:attachment":[{"href":"https:\/\/www.sisinternational.com\/de\/wp-json\/wp\/v2\/media?parent=47946"}],"curies":[{"name":"wp","href":"https:\/\/api.w.org\/{rel}","templated":true}]}}