{"id":47891,"date":"2024-05-04T11:36:44","date_gmt":"2024-05-04T15:36:44","guid":{"rendered":"https:\/\/www.sisinternational.com\/?page_id=47891"},"modified":"2026-01-27T15:25:28","modified_gmt":"2026-01-27T20:25:28","slug":"bademodenmarktforschung","status":"publish","type":"page","link":"https:\/\/www.sisinternational.com\/de\/sachverstand\/bademodenmarktforschung\/","title":{"rendered":"Marktforschung f\u00fcr Bademode"},"content":{"rendered":"<h1 class=\"wp-block-heading\">Marktforschung f\u00fcr Bademode<\/h1>\n\n\n\n<figure class=\"gb-block-image gb-block-image-94fe54c0\"><img loading=\"lazy\" decoding=\"async\" width=\"1456\" height=\"816\" class=\"gb-image gb-image-94fe54c0\" src=\"https:\/\/www.sisinternational.com\/wp-content\/uploads\/2025\/08\/Swimwear-3.jpg\" alt=\"SIS International Marktforschung &amp; Strategie\" title=\"Swimwear (3)\" srcset=\"https:\/\/www.sisinternational.com\/wp-content\/uploads\/2025\/08\/Swimwear-3.jpg 1456w, https:\/\/www.sisinternational.com\/wp-content\/uploads\/2025\/08\/Swimwear-3-300x168.jpg 300w, https:\/\/www.sisinternational.com\/wp-content\/uploads\/2025\/08\/Swimwear-3-1024x574.jpg 1024w, https:\/\/www.sisinternational.com\/wp-content\/uploads\/2025\/08\/Swimwear-3-768x430.jpg 768w, https:\/\/www.sisinternational.com\/wp-content\/uploads\/2025\/08\/Swimwear-3-18x10.jpg 18w\" sizes=\"auto, (max-width: 1456px) 100vw, 1456px\"><\/figure>\n\n\n\n<p><\/p>\n\n\n\n<hr class=\"wp-block-separator has-alpha-channel-opacity is-style-dots\"\/>\n\n\n\n<p>Bademode ist nicht nur Mode; sie spiegelt Lebensstil, Kultur und Selbstdarstellung wider. In der heutigen Welt, in der Strandurlaub, Poolpartys und Wassersport wichtige Freizeitaktivit\u00e4ten sind, spielt der Bademodenmarkt eine entscheidende Rolle in der Modebranche \u2026 Aber was treibt diesen Markt an und wie nutzen Unternehmen die Marktforschung im Bereich Bademode, um die Wellen der Trends und Verbraucherpr\u00e4ferenzen zu meistern?<\/p>\n\n\n\n<h2 class=\"wp-block-heading\">Was ist Marktforschung f\u00fcr Bademode?<\/h2>\n\n\n\n<p>Die Marktforschung f\u00fcr Bademode untersucht das Verbraucherverhalten, Branchentrends, Wettbewerbsstrategien und Marktdynamiken im Bademodensektor. Diese Forschung umfasst verschiedene Aspekte, darunter Produktdesign, Materialien, Vertriebskan\u00e4le, Preisstrategien und Marketinginitiativen.<\/p>\n\n\n\n<h2 class=\"wp-block-heading\">Why Is Swimwear Market Research Critical Today?<\/h2>\n\n\n\n<p>Durch das Verst\u00e4ndnis von Markttrends, Verbraucherverhalten und Wettbewerbsstrategien k\u00f6nnen Unternehmen Chancen erkennen, Risiken minimieren und ihre Angebote so anpassen, dass sie bei ihrer Zielgruppe Anklang finden. Dar\u00fcber hinaus liefert die Marktforschung im Bereich Bademode wertvolle Einblicke in aufkommende Trends, technologische Fortschritte und regulatorische \u00c4nderungen, sodass Unternehmen ihre Strategien entsprechend anpassen und einen Wettbewerbsvorteil aufrechterhalten k\u00f6nnen.<\/p>\n\n\n\n<p>In jedem Fall bietet die Marktforschung im Bereich Bademode Unternehmen, die in dieser dynamischen Branche erfolgreich sein wollen, mehrere Vorteile:<\/p>\n\n\n\n<ul class=\"wp-block-list\">\n<li><strong>Verbrauchereinblicke:<\/strong> Das Verst\u00e4ndnis von Verbraucherpr\u00e4ferenzen, Kaufverhalten und Lifestyle-Trends hilft Unternehmen dabei, Bademodenkollektionen zu entwerfen, die bei ihrer Zielgruppe Anklang finden.<\/li>\n\n\n\n<li><strong>Wettbewerbsanalyse:<\/strong> Durch eine gr\u00fcndliche Marktforschung im Bereich Bademode hinsichtlich der Angebote, Preisstrategien, Marketingtaktiken und Vertriebskan\u00e4le der Konkurrenz k\u00f6nnen Unternehmen Marktl\u00fccken erkennen und sich von der Konkurrenz abheben.<\/li>\n\n\n\n<li><strong>Produktentwicklung:<\/strong> Mithilfe der Erkenntnisse aus der Marktforschung zu Bademode k\u00f6nnen Unternehmen ihr Produktdesign verfeinern, die Funktionalit\u00e4t verbessern, die Qualit\u00e4t steigern und innovative Funktionen integrieren, um die Nachfrage der Verbraucher zu erf\u00fcllen und auf dem Markt relevant zu bleiben.<\/li>\n\n\n\n<li><strong>Marktsegmentierung:<\/strong> Durch die Segmentierung des Bademodenmarktes nach Alter, Geschlecht, Lebensstil, geografischer Lage und Preissensibilit\u00e4t k\u00f6nnen Unternehmen ihre Marketingbotschaften, Vertriebsstrategien und Produktsortimente auf unterschiedliche Verbrauchersegmente zuschneiden.<\/li>\n<\/ul>\n\n\n\n<h2 class=\"wp-block-heading\">Expected outcomes<\/h2>\n\n\n\n<figure class=\"gb-block-image gb-block-image-66fc8278\"><img loading=\"lazy\" decoding=\"async\" width=\"1456\" height=\"816\" class=\"gb-image gb-image-66fc8278\" src=\"https:\/\/www.sisinternational.com\/wp-content\/uploads\/2025\/08\/Swimwear-1.jpg\" alt=\"SIS International Marktforschung &amp; Strategie\" title=\"Swimwear (1)\" srcset=\"https:\/\/www.sisinternational.com\/wp-content\/uploads\/2025\/08\/Swimwear-1.jpg 1456w, https:\/\/www.sisinternational.com\/wp-content\/uploads\/2025\/08\/Swimwear-1-300x168.jpg 300w, https:\/\/www.sisinternational.com\/wp-content\/uploads\/2025\/08\/Swimwear-1-1024x574.jpg 1024w, https:\/\/www.sisinternational.com\/wp-content\/uploads\/2025\/08\/Swimwear-1-768x430.jpg 768w, https:\/\/www.sisinternational.com\/wp-content\/uploads\/2025\/08\/Swimwear-1-18x10.jpg 18w\" sizes=\"auto, (max-width: 1456px) 100vw, 1456px\"><\/figure>\n\n\n\n<p><\/p>\n\n\n\n<p>Durch eine gr\u00fcndliche Marktforschung im Bereich Bademode k\u00f6nnen Unternehmen mit den folgenden Ergebnissen rechnen:<\/p>\n\n\n\n<ul class=\"wp-block-list\">\n<li><strong>M\u00f6glichkeiten zur Marktexpansion:<\/strong> Die Marktforschung im Bereich Bademode hilft Unternehmen dabei, unerschlossene Marktsegmente, aufkommende Trends und Nischenchancen f\u00fcr Wachstum zu identifizieren. Durch die Analyse von Marktl\u00fccken und Verbraucherbed\u00fcrfnissen k\u00f6nnen Unternehmen gezielte Strategien entwickeln, um in neue M\u00e4rkte einzudringen, ihr Produktportfolio zu erweitern und Marktanteile zu gewinnen.<\/li>\n\n\n\n<li><strong>Wettbewerbsvorteil:<\/strong> Ein tiefes Verst\u00e4ndnis der St\u00e4rken, Schw\u00e4chen und Strategien der Konkurrenz verschafft Unternehmen einen Wettbewerbsvorteil. Durch Benchmarking mit Branchenf\u00fchrern, Beobachtung der Aktivit\u00e4ten der Konkurrenz und Identifizierung von Differenzierungsbereichen k\u00f6nnen sich Unternehmen effektiv auf dem Markt positionieren und ihr einzigartiges Wertversprechen nutzen.<\/li>\n\n\n\n<li><strong>Risikominderung:<\/strong> Die Marktforschung im Bereich Bademode erm\u00f6glicht es Unternehmen, Marktver\u00e4nderungen, Branchenst\u00f6rungen und regulatorische \u00c4nderungen vorherzusehen und so Risiken und Unsicherheiten zu mindern. Unternehmen k\u00f6nnen volatile Marktbedingungen meistern und angesichts widriger Umst\u00e4nde widerstandsf\u00e4hig bleiben, indem sie sich \u00fcber Marktentwicklungen auf dem Laufenden halten und potenzielle Herausforderungen proaktiv angehen.<\/li>\n\n\n\n<li><strong>Optimierter Marketing-ROI:<\/strong> Targeted marketing campaigns informed by <a href=\"https:\/\/www.sisinternational.com\/de\/sachverstand\/branchen\/marktforschung-im-hochschulbereich\/\" title=\"Marktforschung im Hochschulbereich\"  data-wpil-monitor-id=\"5942\">market research data result in higher<\/a> ROI and increased effectiveness. Businesses can optimize marketing spend, enhance brand engagement, and drive conversion rates by tailoring messaging, channels, and offers to specific consumer segments.<\/li>\n<\/ul>\n\n\n\n<h2 class=\"wp-block-heading\">Schl\u00fcsselfiguren<\/h2>\n\n\n\n<p>Der Bademodenmarkt besteht aus verschiedenen Akteuren, darunter etablierte Marken, aufstrebende Designer, Einzelh\u00e4ndler, Hersteller und Online-Plattformen. Einige der Hauptakteure der Branche sind:<\/p>\n\n\n\n<ul class=\"wp-block-list\">\n<li><strong>F\u00fchrende Marken:<\/strong> Bekannte Bademodenmarken wie Speedo, Nike, Adidas, Victoria&#039;s Secret und Lululemon dominieren den Markt mit umfangreichen Produktangeboten, hoher Markenbekanntheit und weitverzweigten Vertriebsnetzen.<\/li>\n\n\n\n<li><strong>Aufstrebende Designer:<\/strong> Up-and-coming designers and independent <a href=\"https:\/\/www.sisinternational.com\/de\/schockwerbung-und-schockmarketing\/\" title=\"Schockvertising und Schockmarketing\"  data-wpil-monitor-id=\"10514\">brands<\/a> bring fresh perspectives and innovative designs to the swimwear market, catering to niche consumer segments and driving trends in fashion and style.<\/li>\n\n\n\n<li><strong>Einzelh\u00e4ndler:<\/strong> Bademodenh\u00e4ndler, sowohl station\u00e4re als auch Onlineh\u00e4ndler, spielen eine entscheidende Rolle beim Vertrieb von Bademodenprodukten an Verbraucher. Zu den wichtigsten Einzelh\u00e4ndlern z\u00e4hlen Kaufh\u00e4user, Fachboutiquen, E-Commerce-Plattformen und Strandbekleidungsgesch\u00e4fte.<\/li>\n<\/ul>\n\n\n\n<h2 class=\"wp-block-heading\">Growing Segments<\/h2>\n\n\n\n<p>Im Bademodenmarkt verzeichnen mehrere Segmente ein deutliches Wachstum, das durch ver\u00e4nderte Verbraucherpr\u00e4ferenzen, sich entwickelnde Modetrends und technologische Fortschritte angetrieben wird. Zu den am st\u00e4rksten wachsenden Segmenten geh\u00f6ren:<\/p>\n\n\n\n<ul class=\"wp-block-list\">\n<li><strong>Athleisure-Bademode:<\/strong> Mit der steigenden Popularit\u00e4t von Athleisure-Kleidung steigt auch die Nachfrage nach Bademode, die Funktionalit\u00e4t und Stil vereint. Athleisure-Bademode zeichnet sich durch leistungsorientierte Designs aus, wie feuchtigkeitsableitende Stoffe, Kompressionsfunktionen und st\u00fctzende Strukturen, wodurch sie f\u00fcr Wasseraktivit\u00e4ten und einen aktiven Lebensstil geeignet ist.<\/li>\n\n\n\n<li><strong>Nachhaltige Bademode:<\/strong> Da das Umweltbewusstsein der Verbraucher w\u00e4chst, steigt die Nachfrage nach nachhaltiger Bademode aus umweltfreundlichen Materialien wie recyceltem Kunststoff, Bio-Baumwolle und regeneriertem Nylon.<\/li>\n\n\n\n<li><strong>Inklusive Bademode:<\/strong> Die Body-Positivity-Bewegung hat die Nachfrage nach inklusiver Bademode angekurbelt, die verschiedenen K\u00f6rpertypen, Gr\u00f6\u00dfen und Formen gerecht wird. Marken, die Inklusivit\u00e4t f\u00f6rdern, indem sie erweiterte Gr\u00f6\u00dfenbereiche, anpassbare Passformen und schmeichelhafte Silhouetten anbieten, kommen bei Verbrauchern gut an, die Bademode suchen, die Individualit\u00e4t und Vielfalt feiert.<\/li>\n\n\n\n<li><strong>Anpassbare Bademode:<\/strong> Personalisierung und Individualisierung treiben Innovationen auf dem Bademodenmarkt voran. Marken bieten Individualisierungsoptionen wie Mix-and-Match-Einzelteile, wendbare Designs sowie individuell anpassbare Tr\u00e4ger und Verschl\u00fcsse. Verbraucher sch\u00e4tzen die M\u00f6glichkeit, ihre Bademode nach ihren W\u00fcnschen zu gestalten und so ihren einzigartigen Stil und ihre Pers\u00f6nlichkeit zum Ausdruck zu bringen.<\/li>\n\n\n\n<li><strong>Technisch unterst\u00fctzte Bademode:<\/strong> Technologische Fortschritte ver\u00e4ndern die Bademodenbranche und f\u00fchren Hightech-Stoffe, UV-Schutz, Schnelltrocknungsm\u00f6glichkeiten und intelligente Funktionen wie eingebettete Sensoren und tragbare Technologie ein. Technisch ausgestattete Bademode verbessert Komfort, Leistung und Funktionalit\u00e4t und spricht technisch versierte Verbraucher an, die nach innovativen L\u00f6sungen suchen.<\/li>\n<\/ul>\n\n\n\n<h2 class=\"wp-block-heading\">Marktf\u00fchrer<\/h2>\n\n\n\n<p>Der Bademodenmarkt wird von mehreren Schl\u00fcsselfaktoren beeinflusst, die sein Wachstum und seine Entwicklung pr\u00e4gen. Zu diesen Faktoren geh\u00f6ren:<\/p>\n\n\n\n<ul class=\"wp-block-list\">\n<li><strong>Ver\u00e4nderter Lebensstil der Verbraucher:<\/strong> Ver\u00e4nderungen im Lebensstil der Verbraucher, darunter eine zunehmende Teilnahme an Wassersportarten wie Schwimmen, Surfen und Strandurlaub, treiben die Nachfrage nach Badebekleidung an. Da Gesundheit, Fitness und Freizeitaktivit\u00e4ten f\u00fcr immer mehr Menschen an erster Stelle stehen, steigt die Nachfrage nach funktionaler und modischer Badebekleidung.<\/li>\n\n\n\n<li><strong>Modetrends und Einfl\u00fcsse:<\/strong> Fashion trends play a significant role in driving demand for swimwear. Influences from runway shows, <a href=\"https:\/\/www.sisinternational.com\/de\/losungen\/branding-und-kundenforschungslosungen\/was-ist-influencer-marketing\/\" title=\"Was ist Influencer-Marketing? Social-Media-Marketing?\"  data-wpil-monitor-id=\"10523\">social media influencers<\/a>, celebrity endorsements, and fashion magazines shape consumer preferences and drive the adoption of new styles, colors, and designs in swimwear.<\/li>\n\n\n\n<li><strong>Steigendes verf\u00fcgbares Einkommen:<\/strong> Da das verf\u00fcgbare Einkommen weltweit steigt, haben Verbraucher mehr Kaufkraft, die sie f\u00fcr Freizeitaktivit\u00e4ten wie Reisen, Strandurlaub und Freizeitschwimmen ausgeben k\u00f6nnen. Erh\u00f6hte Ausgaben f\u00fcr Lifestyle-Erlebnisse erh\u00f6hen die Nachfrage nach Bademode, insbesondere von Premium- und Designermarken.<\/li>\n\n\n\n<li><strong>Innovationen in der Gewebetechnologie:<\/strong> Fortschritte in der Stofftechnologie, darunter die Entwicklung leistungssteigernder Materialien wie chlorbest\u00e4ndige Stoffe, UV-Schutz und schnelltrocknende Materialien, treiben Innovationen im Bademodendesign voran. Verbraucher suchen Bademode, die bequem, haltbar und funktional ist, was die Nachfrage nach technologisch fortschrittlichen Produkten ankurbelt.<\/li>\n\n\n\n<li><strong>Wachsendes Bewusstsein f\u00fcr Gesundheit und Wellness:<\/strong> Das wachsende Bewusstsein f\u00fcr die gesundheitlichen und Wellness-Vorteile des Schwimmens und anderer Wassersportarten tr\u00e4gt zur Expansion des Bademodenmarktes bei. Verbraucher betrachten Schwimmen zunehmend als eine Form der k\u00f6rperlichen Bet\u00e4tigung, der Entspannung und des Stressabbaus, was die Nachfrage nach Bademode ankurbelt, die f\u00fcr einen aktiven Lebensstil geeignet ist.<\/li>\n<\/ul>\n\n\n\n<h2 class=\"wp-block-heading\">Marktbeschr\u00e4nkungen<\/h2>\n\n\n\n<p>Trotz der vielversprechenden Wachstumsaussichten steht der Bademodenmarkt auch vor mehreren Herausforderungen und Einschr\u00e4nkungen, die seine Entwicklung beeintr\u00e4chtigen k\u00f6nnen. Dazu geh\u00f6ren:<\/p>\n\n\n\n<ul class=\"wp-block-list\">\n<li><strong>Saisonale Nachfrage:<\/strong> Der Bademodenmarkt ist stark saisonabh\u00e4ngig. Die Nachfrage ist in den w\u00e4rmeren Monaten am h\u00f6chsten und in den k\u00e4lteren Jahreszeiten r\u00fcckl\u00e4ufig. Diese Saisonalit\u00e4t stellt Einzelh\u00e4ndler und Hersteller von Bademode vor Herausforderungen, da sie Lagerbest\u00e4nde, Produktionspl\u00e4ne und Marketingbem\u00fchungen an die schwankenden Nachfragemuster anpassen m\u00fcssen.<\/li>\n\n\n\n<li><strong>Preissensibilit\u00e4t:<\/strong> Die Preissensibilit\u00e4t der Verbraucher, insbesondere in wirtschaftlich schwierigen Zeiten, kann den Bademodenmarkt bremsen. Obwohl eine Nachfrage nach hochwertiger Bademode besteht, legen die Verbraucher m\u00f6glicherweise Wert auf Erschwinglichkeit, was den Druck auf die Gewinnmargen der Unternehmen erh\u00f6ht.<\/li>\n\n\n\n<li><strong>Wechselnde Modetrends:<\/strong> Die rasanten Ver\u00e4nderungen der Modetrends stellen Bademodenmarken und -h\u00e4ndler vor Herausforderungen. Um den sich entwickelnden Verbraucherpr\u00e4ferenzen und Modetrends immer einen Schritt voraus zu sein, sind kontinuierliche Innovation, Designflexibilit\u00e4t und eine schnelle Anpassung an sich \u00e4ndernde Marktanforderungen erforderlich.<\/li>\n\n\n\n<li><strong>Umweltsorgen:<\/strong> Das zunehmende Bewusstsein f\u00fcr Umweltprobleme wie die Verschmutzung durch Plastik und die Umweltauswirkungen der Textilproduktion hat zu einer wachsenden Nachfrage der Verbraucher nach nachhaltiger und umweltfreundlicher Bademode gef\u00fchrt.<\/li>\n\n\n\n<li><strong>Einhaltung gesetzlicher Vorschriften:<\/strong> Die Einhaltung von Vorschriften und Standards in Bezug auf Produktsicherheit, Kennzeichnung und Herstellungsverfahren kann f\u00fcr Bademodenunternehmen eine Herausforderung darstellen. Die Compliance-Anforderungen sind je nach Region und Rechtsraum unterschiedlich, was das Lieferkettenmanagement komplexer macht und die Betriebskosten f\u00fcr Unternehmen, die in mehreren M\u00e4rkten t\u00e4tig sind, erh\u00f6ht.<\/li>\n<\/ul>\n\n\n\n<h2 class=\"wp-block-heading\">Gelegenheiten<\/h2>\n\n\n\n<p>Auf dem dynamischen Bademodenmarkt gibt es f\u00fcr Unternehmen zahlreiche M\u00f6glichkeiten, vom Wachstum zu profitieren und es voranzutreiben. Laut Marktforschung im Bademodenbereich sind einige der wichtigsten M\u00f6glichkeiten:<\/p>\n\n\n\n<ul class=\"wp-block-list\">\n<li><strong>Innovative Designs und Materialien:<\/strong> Da Verbraucher zunehmend nach einzigartigen und innovativen Bademodenstilen suchen, gibt es f\u00fcr Unternehmen immer mehr M\u00f6glichkeiten, sich durch kreative Designs und die Verwendung moderner Materialien von der Konkurrenz abzuheben. Die Verwendung nachhaltiger Stoffe, UV-Schutz und Schnelltrocknungstechnologie kann Verbraucher ansprechen, die bei ihrer Bademode Wert auf Stil und Funktionalit\u00e4t legen.<\/li>\n\n\n\n<li><strong>Expansion in neue M\u00e4rkte:<\/strong> The global nature of the swimwear <a href=\"https:\/\/www.sisinternational.com\/de\/erweiterung-der-marktreichweite-durch-eine-vielschichtige-marketingstrategie\/\" title=\"Erweiterung der Marktreichweite durch eine vielschichtige Marketingstrategie\"  data-wpil-monitor-id=\"10509\">market presents opportunities for businesses to expand<\/a> into new geographic regions and untapped market segments. Emerging markets in Asia-Pacific, Latin America, and Africa offer significant growth potential, driven by rising disposable incomes, changing lifestyles, and increasing participation in leisure activities such as swimming and beach tourism.<\/li>\n\n\n\n<li><strong>Anpassung und Personalisierung:<\/strong> Personalization is becoming increasingly important in the swimwear market as <a href=\"https:\/\/www.sisinternational.com\/de\/kundenzufriedenheitsanalyse\/\" title=\"8 M\u00f6glichkeiten zur Steigerung der Kundenzufriedenheit im Einzelhandel\"  data-wpil-monitor-id=\"10511\">consumers<\/a> seek products that reflect their preferences and body types. Customizable swimwear options, such as mix-and-match styles, adjustable fits, and personalized sizing, can enhance the customer experience and foster brand loyalty.<\/li>\n\n\n\n<li><strong>Nachhaltige Praktiken:<\/strong> Die steigende Nachfrage nach nachhaltiger und ethisch produzierter Bademode bietet Unternehmen die M\u00f6glichkeit, sich von der Konkurrenz abzuheben und umweltbewusste Verbraucher anzusprechen.<\/li>\n<\/ul>\n\n\n\n<h2 class=\"wp-block-heading\">Porter&#8217;s Five Forces<\/h2>\n\n\n\n<figure class=\"gb-block-image gb-block-image-1f2093e8\"><img loading=\"lazy\" decoding=\"async\" width=\"1456\" height=\"816\" class=\"gb-image gb-image-1f2093e8\" src=\"https:\/\/www.sisinternational.com\/wp-content\/uploads\/2025\/08\/Swimwear-4.jpg\" alt=\"SIS International Marktforschung &amp; Strategie\" title=\"Swimwear (4)\" srcset=\"https:\/\/www.sisinternational.com\/wp-content\/uploads\/2025\/08\/Swimwear-4.jpg 1456w, https:\/\/www.sisinternational.com\/wp-content\/uploads\/2025\/08\/Swimwear-4-300x168.jpg 300w, https:\/\/www.sisinternational.com\/wp-content\/uploads\/2025\/08\/Swimwear-4-1024x574.jpg 1024w, https:\/\/www.sisinternational.com\/wp-content\/uploads\/2025\/08\/Swimwear-4-768x430.jpg 768w, https:\/\/www.sisinternational.com\/wp-content\/uploads\/2025\/08\/Swimwear-4-18x10.jpg 18w\" sizes=\"auto, (max-width: 1456px) 100vw, 1456px\"><\/figure>\n\n\n\n<p><\/p>\n\n\n\n<p>Porters F\u00fcnf-Kr\u00e4fte-Modell bietet eine umfassende Analyse der Wettbewerbskr\u00e4fte, die den Bademodenmarkt pr\u00e4gen:<\/p>\n\n\n\n<ul class=\"wp-block-list\">\n<li><strong>Bedrohung durch neue Marktteilnehmer:<\/strong> Der Bademodenmarkt ist einer m\u00e4\u00dfigen Bedrohung durch neue Marktteilnehmer ausgesetzt. Zwar gibt es Markteintrittsbarrieren wie Markenbekanntheit, Skaleneffekte und Vertriebsnetze, aber der Aufstieg von E-Commerce-Plattformen hat die Markteintrittsbarrieren f\u00fcr neue Marktteilnehmer gesenkt.<\/li>\n\n\n\n<li><strong>Verhandlungsmacht der Lieferanten:<\/strong> Die Verhandlungsmacht der Lieferanten auf dem Bademodenmarkt variiert je nach Faktoren wie Rohstoffverf\u00fcgbarkeit, Lieferantenkonzentration und Wechselkosten. Lieferanten von Stoffen, Komponenten und Fertigungsdienstleistungen k\u00f6nnen eine mittlere bis hohe Verhandlungsmacht haben, insbesondere wenn sie \u00fcber einzigartige oder spezialisierte F\u00e4higkeiten verf\u00fcgen.<\/li>\n\n\n\n<li><strong>Verhandlungsmacht der K\u00e4ufer:<\/strong> Die Verhandlungsmacht der K\u00e4ufer auf dem Bademodenmarkt ist relativ hoch, was auf Faktoren wie Preissensibilit\u00e4t, gro\u00dfe Auswahl und einfache Wechselm\u00f6glichkeiten zwischen Marken zur\u00fcckzuf\u00fchren ist. Verbraucher haben Zugriff auf eine gro\u00dfe Auswahl an Bademoden verschiedener Marken und k\u00f6nnen so Preise, Qualit\u00e4t und Stil vergleichen.<\/li>\n\n\n\n<li><strong>Bedrohung durch Ersatzprodukte:<\/strong> Die Gefahr von Ersatzprodukten auf dem Bademodenmarkt ist m\u00e4\u00dfig. Obwohl Bademode speziell zum Schwimmen, Sonnenbaden und f\u00fcr Wassersportarten dient, entscheiden sich Verbraucher m\u00f6glicherweise f\u00fcr alternative Bekleidung wie Sportbekleidung, Freizeitkleidung oder Strandbekleidung.<\/li>\n\n\n\n<li><strong>Wettberbsintensit\u00e4t:<\/strong> Der Wettbewerb auf dem Bademodenmarkt ist hart, angetrieben von zahlreichen Wettbewerbern, Preiswettbewerb und st\u00e4ndiger Innovation. Etablierte Marken, aufstrebende Akteure und Eigenmarken wetteifern durch aggressives Marketing, Produktdifferenzierung und Werbestrategien um Marktanteile.<\/li>\n<\/ul>\n\n\n\n<h2 class=\"wp-block-heading\">SIS International bietet eine Reihe von Marktforschungsdienstleistungen an, die auf die spezifischen Bed\u00fcrfnisse von Bademodenunternehmen zugeschnitten sind:<\/h2>\n\n\n\n<ul class=\"wp-block-list\">\n<li><strong>Detaillierte Marktanalyse:<\/strong> <a href=\"https:\/\/www.sisinternational.com\/de\/maifeiertag\/\" title=\"Marktforschung zum 1. Mai\"  data-wpil-monitor-id=\"7366\">SIS conducts comprehensive swimwear market research<\/a>, including consumer trends, competitor analysis, and market segmentation. By leveraging advanced research methodologies and data analytics, we provide valuable insights into consumer preferences, market dynamics, and emerging trends within the swimwear industry.<\/li>\n\n\n\n<li><strong>Einblicke der Kunden:<\/strong> <a href=\"https:\/\/www.sisinternational.com\/de\/sis-stellt-plattform-fur-datenwissenschaft-und-quantitative-analyse-vor\/\" title=\"SIS stellt Plattform f\u00fcr Data Science und quantitative Analytik vor\"  data-wpil-monitor-id=\"10516\">SIS<\/a> International helps swimwear businesses gain a deeper understanding of their target audience through qualitative and quantitative research methods. By conducting surveys, focus groups, and in-depth interviews, SIS uncovers valuable customer insights related to purchasing behavior, brand perception, and product preferences, enabling businesses to effectively tailor their marketing strategies and product offerings to meet customer needs.<\/li>\n\n\n\n<li><strong>Wettbewerbsintelligenz:<\/strong> Wir bieten Bademodenunternehmen Competitive Intelligence-Dienste an und liefern umsetzbare Einblicke in die Strategien, Produktinnovationen und Marktpositionierung der Konkurrenz. Durch Wettbewerbsbenchmarking, SWOT-Analyse und Marktbenchmarking-Studien helfen unsere Experten Unternehmen, Wettbewerbsbedrohungen und -chancen zu identifizieren und erm\u00f6glichen ihnen die Entwicklung von Strategien, um sich auf dem Markt zu differenzieren.<\/li>\n\n\n\n<li><a href=\"https:\/\/www.sisinternational.com\/de\/sachverstand\/lebenslaufe\/marktforschung-fur-korperpflegeprodukte\/\" title=\"Marktforschung f\u00fcr K\u00f6rperpflegeprodukte\"  data-wpil-monitor-id=\"10506\"><strong>Markteintrittsstrategien:<\/strong> SIS assists swimwear businesses in developing market entry strategies for new markets or product<\/a> launches. By conducting feasibility studies, <a href=\"https:\/\/www.sisinternational.com\/de\/abdeckung\/marktforschung-asien\/einschatzung-der-marktchancen-in-asien\/\" title=\"Einsch\u00e4tzung der Marktchancen in Asien\"  data-wpil-monitor-id=\"10519\">market opportunity assessments<\/a>, and risk analysis, our team helps businesses identify market entry barriers, evaluate market potential, and develop entry strategies that minimize risk and maximize opportunities for success.<\/li>\n\n\n\n<li><strong>Markenstrategie und -positionierung:<\/strong> SIS International helps swimwear businesses strengthen their brand identity and positioning through brand audits, perception studies, and <a href=\"https:\/\/www.sisinternational.com\/de\/sachverstand\/markentracking-marktforschung\/\" title=\"Marken-Tracking-Marktforschung\"  data-wpil-monitor-id=\"10521\">brand tracking research<\/a>. By assessing brand awareness, brand image, and brand loyalty, SIS provides actionable recommendations to enhance brand equity, differentiate from competitors, and resonate effectively with target consumers.<\/li>\n\n\n\n<li><strong>ROI-Optimierung:<\/strong> Die Marktforschungsdienste f\u00fcr Bademode von SIS International helfen Bademodenunternehmen, ihren ROI zu optimieren, indem sie datengesteuerte Erkenntnisse und umsetzbare Empfehlungen liefern. Durch gr\u00fcndliche Datenanalyse, Trendprognosen und Leistungsmessung helfen wir Unternehmen, M\u00f6glichkeiten zur Kostensenkung, Umsatzsteigerung und Effizienzsteigerung zu erkennen und so letztendlich die Gewinne zu steigern.<\/li>\n<\/ul>\n\n\n\n<p><\/p>","protected":false},"excerpt":{"rendered":"<p>Die Marktforschung im Bereich Bademode untersucht das Verbraucherverhalten, Branchentrends, Strategien der Wettbewerber und die Marktdynamik im Bademodensektor.<\/p>","protected":false},"author":1,"featured_media":63729,"parent":14514,"menu_order":457,"comment_status":"closed","ping_status":"closed","template":"","meta":{"footnotes":""},"class_list":["post-47891","page","type-page","status-publish","has-post-thumbnail"],"_links":{"self":[{"href":"https:\/\/www.sisinternational.com\/de\/wp-json\/wp\/v2\/pages\/47891","targetHints":{"allow":["GET"]}}],"collection":[{"href":"https:\/\/www.sisinternational.com\/de\/wp-json\/wp\/v2\/pages"}],"about":[{"href":"https:\/\/www.sisinternational.com\/de\/wp-json\/wp\/v2\/types\/page"}],"author":[{"embeddable":true,"href":"https:\/\/www.sisinternational.com\/de\/wp-json\/wp\/v2\/users\/1"}],"replies":[{"embeddable":true,"href":"https:\/\/www.sisinternational.com\/de\/wp-json\/wp\/v2\/comments?post=47891"}],"version-history":[{"count":11,"href":"https:\/\/www.sisinternational.com\/de\/wp-json\/wp\/v2\/pages\/47891\/revisions"}],"predecessor-version":[{"id":81727,"href":"https:\/\/www.sisinternational.com\/de\/wp-json\/wp\/v2\/pages\/47891\/revisions\/81727"}],"up":[{"embeddable":true,"href":"https:\/\/www.sisinternational.com\/de\/wp-json\/wp\/v2\/pages\/14514"}],"wp:featuredmedia":[{"embeddable":true,"href":"https:\/\/www.sisinternational.com\/de\/wp-json\/wp\/v2\/media\/63729"}],"wp:attachment":[{"href":"https:\/\/www.sisinternational.com\/de\/wp-json\/wp\/v2\/media?parent=47891"}],"curies":[{"name":"wp","href":"https:\/\/api.w.org\/{rel}","templated":true}]}}