{"id":47839,"date":"2024-05-02T17:09:09","date_gmt":"2024-05-02T21:09:09","guid":{"rendered":"https:\/\/www.sisinternational.com\/?page_id=47839"},"modified":"2026-01-26T18:12:44","modified_gmt":"2026-01-26T23:12:44","slug":"hotel-restaurant-marketing-beratung","status":"publish","type":"page","link":"https:\/\/www.sisinternational.com\/de\/losungen\/reise-tourismus-und-gastgewerbeberatung\/hotel-restaurant-marketing-beratung\/","title":{"rendered":"Hotel Restaurant Marketing Beratung"},"content":{"rendered":"<h1 class=\"wp-block-heading\">Hotel Restaurant Marketing Beratung<\/h1>\n\n\n\n<figure class=\"gb-block-image gb-block-image-5464fbab\"><img loading=\"lazy\" decoding=\"async\" width=\"1456\" height=\"816\" class=\"gb-image gb-image-5464fbab\" src=\"https:\/\/www.sisinternational.com\/wp-content\/uploads\/2025\/08\/Chinese-restaurant-4.jpg\" alt=\"SIS International Marktforschung &amp; Strategie\" title=\"Chinese restaurant (4)\" srcset=\"https:\/\/www.sisinternational.com\/wp-content\/uploads\/2025\/08\/Chinese-restaurant-4.jpg 1456w, https:\/\/www.sisinternational.com\/wp-content\/uploads\/2025\/08\/Chinese-restaurant-4-300x168.jpg 300w, https:\/\/www.sisinternational.com\/wp-content\/uploads\/2025\/08\/Chinese-restaurant-4-1024x574.jpg 1024w, https:\/\/www.sisinternational.com\/wp-content\/uploads\/2025\/08\/Chinese-restaurant-4-768x430.jpg 768w, https:\/\/www.sisinternational.com\/wp-content\/uploads\/2025\/08\/Chinese-restaurant-4-18x10.jpg 18w\" sizes=\"auto, (max-width: 1456px) 100vw, 1456px\"><\/figure>\n\n\n\n<p><\/p>\n\n\n\n<hr class=\"wp-block-separator has-alpha-channel-opacity is-style-dots\"\/>\n\n\n\n<p>In der heutigen, hart umk\u00e4mpften Gastronomiebranche ist die Marketingberatung f\u00fcr Hotel- und Restaurantbetriebe zu einem Luxus und einer Notwendigkeit geworden, wenn sie sich von der Masse abheben und erfolgreich sein wollen. Wie kann diese Beratung also das Erfolgspotenzial in diesem dynamischen Umfeld freisetzen?<\/p>\n\n\n\n<h2 class=\"wp-block-heading\">Hotel Restaurant Marketing Beratung<\/h2>\n\n\n\n<p>Hotel restaurant marketing consulting involves strategic planning, implementation, and analysis of marketing initiatives tailored to hotel dining establishments. Through market research, data analysis, and creative marketing strategies, <a href=\"https:\/\/www.sisinternational.com\/de\/losungen\/reise-tourismus-und-gastgewerbeberatung\/beratung-zur-neupositionierung-von-hotels\/\" title=\"Beratung zur Neupositionierung von Hotels\"  data-wpil-monitor-id=\"2968\">hotel restaurant marketing consultants<\/a> help clients navigate the industry&#8217;s complexities and achieve their business objectives efficiently and effectively.<\/p>\n\n\n\n<h2 class=\"wp-block-heading\">Warum brauchen Unternehmen eine Marketingberatung f\u00fcr Hotel- und Restaurantg\u00e4ste?<\/h2>\n\n\n\n<p><a href=\"https:\/\/www.sisinternational.com\/de\/losungen\/reise-tourismus-und-gastgewerbeberatung\/hotel-der-zukunft-beratung\/\" title=\"Hotel der Zukunft Beratung\"  data-wpil-monitor-id=\"3007\">Hotel restaurant marketing consulting<\/a> brings specialized knowledge and expertise in the hospitality and food and beverage sectors. Therefore, with the help of consultants, hotel restaurants can develop comprehensive marketing plans that align with their business goals and target audience.<\/p>\n\n\n\n<p>Dar\u00fcber hinaus konzentriert sich diese Beratung auf die Erzielung messbarer Ergebnisse. Durch die Analyse von Daten, die Verfolgung wichtiger Leistungsindikatoren und die Optimierung der Marketingbem\u00fchungen wird sichergestellt, dass jeder ausgegebene Marketingdollar einen maximalen ROI f\u00fcr das Unternehmen generiert.<\/p>\n\n\n\n<p>However, hotel <a href=\"https:\/\/www.sisinternational.com\/de\/losungen\/reise-tourismus-und-gastgewerbeberatung\/marketingberatung-fur-dachrestaurants\/\" title=\"Marketingberatung f\u00fcr Dachrestaurants\"  data-wpil-monitor-id=\"4527\">restaurant marketing consulting<\/a> offers additional benefits to businesses looking to elevate their dining establishments, including:<\/p>\n\n\n\n<ul class=\"wp-block-list\">\n<li><strong>Strategische Markenpositionierung:<\/strong> Consultants assist <a href=\"https:\/\/www.sisinternational.com\/de\/losungen\/reise-tourismus-und-gastgewerbeberatung\/hotelstrategieberatung\/\" title=\"Hotelstrategieberatung\"  data-wpil-monitor-id=\"2911\">hotel restaurants<\/a> in developing a unique brand identity and positioning strategy that resonates with their target audience.<\/li>\n\n\n\n<li><strong>Integrierte Marketingkampagnen:<\/strong> Eine Marketingberatung f\u00fcr Hotelrestaurants kann Hotelrestaurants dabei unterst\u00fctzen, stimmige Marketingkampagnen \u00fcber verschiedene Kan\u00e4le hinweg zu erstellen, darunter digitale Werbung, Social Media, E-Mail und traditionelle Werbung.<\/li>\n\n\n\n<li><strong>Verbessertes Kundenerlebnis:<\/strong> Der Schwerpunkt dieser Beratung liegt auf der Verbesserung des gesamten Speiseerlebnisses der G\u00e4ste vom Betreten des Restaurants bis zu ihrem Verlassen.<\/li>\n\n\n\n<li><strong>Datengesteuerte Entscheidungsfindung:<\/strong> Marketingberater f\u00fcr Hotelrestaurants nutzen Datenanalysetools, um die Leistung von Marketingkampagnen zu verfolgen, die Kundenzufriedenheit zu messen und Verbesserungsbereiche zu identifizieren.<\/li>\n\n\n\n<li><strong>H\u00f6here Ums\u00e4tze und Rentabilit\u00e4t:<\/strong> Die Beratung zielt darauf ab, das Umsatzwachstum voranzutreiben und die Rentabilit\u00e4t des Unternehmens zu steigern. Durch die Umsetzung effektiver Marketingstrategien, die Gewinnung weiterer G\u00e4ste und die Maximierung der Kundenausgaben k\u00f6nnen Restaurants nachhaltigen finanziellen Erfolg erzielen.<\/li>\n<\/ul>\n\n\n\n<h2 class=\"wp-block-heading\">Fragen, die Sie stellen sollten, bevor Sie eine Marketingberatung f\u00fcr Hotels und Restaurants durchf\u00fchren<\/h2>\n\n\n\n<figure class=\"gb-block-image gb-block-image-21d82e98\"><img loading=\"lazy\" decoding=\"async\" width=\"1456\" height=\"816\" class=\"gb-image gb-image-21d82e98\" src=\"https:\/\/www.sisinternational.com\/wp-content\/uploads\/2025\/08\/Chinese-restaurant-1.jpg\" alt=\"SIS International Marktforschung &amp; Strategie\" title=\"Chinese restaurant (1)\" srcset=\"https:\/\/www.sisinternational.com\/wp-content\/uploads\/2025\/08\/Chinese-restaurant-1.jpg 1456w, https:\/\/www.sisinternational.com\/wp-content\/uploads\/2025\/08\/Chinese-restaurant-1-300x168.jpg 300w, https:\/\/www.sisinternational.com\/wp-content\/uploads\/2025\/08\/Chinese-restaurant-1-1024x574.jpg 1024w, https:\/\/www.sisinternational.com\/wp-content\/uploads\/2025\/08\/Chinese-restaurant-1-768x430.jpg 768w, https:\/\/www.sisinternational.com\/wp-content\/uploads\/2025\/08\/Chinese-restaurant-1-18x10.jpg 18w\" sizes=\"auto, (max-width: 1456px) 100vw, 1456px\"><\/figure>\n\n\n\n<p><\/p>\n\n\n\n<p>Bevor Sie mit der Marketingberatung f\u00fcr Hotel- und Restaurantbetriebe beginnen, ist es wichtig, die richtigen Fragen zu stellen, um eine erfolgreiche Partnerschaft sicherzustellen:<\/p>\n\n\n\n<ul class=\"wp-block-list\">\n<li><strong>Was sind unsere Gesch\u00e4ftsziele? <\/strong>Es ist entscheidend, die \u00fcbergeordneten Ziele und Vorgaben des Hotelrestaurants zu kl\u00e4ren. Wollen Sie den Umsatz steigern, G\u00e4ste anziehen, die Kundenzufriedenheit verbessern oder die Bekanntheit Ihrer Marke steigern? Das Verst\u00e4ndnis dieser Ziele wird den Beratungsprozess leiten und dabei helfen, Strategien an die Gesch\u00e4ftspriorit\u00e4ten anzupassen.<\/li>\n\n\n\n<li><strong>Wer ist unsere Zielgruppe? <\/strong>What are the demographics, psychographics, and preferences of your ideal customers? Understanding the target audience enables <a href=\"https:\/\/www.sisinternational.com\/de\/abdeckung\/die-amerikaner\/marktforschung-in-lateinamerika-2\/markteintrittsberatung-brasilien\/\" title=\"Markteintrittsberatung in Brasilien\"  data-wpil-monitor-id=\"4151\">consultants to tailor marketing<\/a> strategies that resonate with potential guests and drive engagement.<\/li>\n\n\n\n<li><strong>Was unterscheidet uns von der Konkurrenz? <\/strong>Was unterscheidet Ihr Restaurant von der Konkurrenz? Berater k\u00f6nnen Ihnen dabei helfen, diese Alleinstellungsmerkmale herauszuarbeiten und Strategien zu entwickeln, um sie in Marketingkampagnen effektiv einzusetzen.<\/li>\n\n\n\n<li><strong>Was sind unsere aktuellen Marketingbem\u00fchungen? <\/strong>Welche Marketingkan\u00e4le werden derzeit genutzt (z. B. soziale Medien, E-Mail, Print)? Wie erfolgreich sind diese Bem\u00fchungen, die Zielgruppe zu erreichen und anzusprechen? Berater k\u00f6nnen eine umfassende Analyse durchf\u00fchren, um Bereiche zu identifizieren, die verbessert und optimiert werden k\u00f6nnen.<\/li>\n\n\n\n<li><strong>Wie hoch sind unser Budget und unsere Ressourcen? <\/strong>Welche finanziellen Ressourcen und welches Humankapital k\u00f6nnen f\u00fcr Marketingma\u00dfnahmen bereitgestellt werden? Berater k\u00f6nnen Strategien entwickeln, die den ROI maximieren und gleichzeitig die Budgetbeschr\u00e4nkungen einhalten.<\/li>\n<\/ul>\n\n\n\n<h2 class=\"wp-block-heading\">Erwartete Ergebnisse der Hotel- und Restaurant-Marketingberatung von SIS<\/h2>\n\n\n\n<p>Durch die Zusammenarbeit mit SIS International im Bereich der Marketingberatung f\u00fcr Hotel- und Restaurantbetriebe k\u00f6nnen Unternehmen mit mehreren wichtigen Ergebnissen rechnen:<\/p>\n\n\n\n<ul class=\"wp-block-list\">\n<li><strong>Erh\u00f6hte Markenbekanntheit:<\/strong> SIS hilft Hotelrestaurants dabei, die Sichtbarkeit und Bekanntheit ihrer Marke bei den Zielgruppen zu steigern. Durch strategische Marketinginitiativen, darunter digitale Werbung, Social-Media-Kampagnen und gezielte Werbeaktionen, k\u00f6nnen Restaurants ihre Reichweite erweitern und mehr G\u00e4ste anziehen.<\/li>\n\n\n\n<li><strong>Verbessertes Kundenengagement:<\/strong> SIS-Berater konzentrieren sich auf die Optimierung von Kundenbindungsstrategien, um sinnvolle Interaktionen mit G\u00e4sten zu f\u00f6rdern. Hotelrestaurants k\u00f6nnen durch die Implementierung personalisierter Marketingkampagnen, Treueprogramme und G\u00e4ste-Feedback-Mechanismen st\u00e4rkere Kundenbeziehungen aufbauen und die allgemeine Zufriedenheit steigern.<\/li>\n\n\n\n<li><strong>H\u00f6here Umsatzgenerierung:<\/strong> Eines der Hauptziele der Marketingberatung f\u00fcr Hotelrestaurants ist die Steigerung des Umsatzwachstums. SIS International entwickelt datengesteuerte Marketingstrategien, um den Kundenverkehr zu steigern, die Anzahl der Tischreservierungen zu erh\u00f6hen und die Ausgaben der Kunden zu maximieren. Dadurch k\u00f6nnen Restaurants sp\u00fcrbare Umsatz- und Rentabilit\u00e4tsverbesserungen erzielen.<\/li>\n\n\n\n<li><strong>Verbesserte Online-Pr\u00e4senz:<\/strong> Im heutigen digitalen Zeitalter ist eine starke Online-Pr\u00e4senz f\u00fcr den Erfolg von Hotelrestaurants unerl\u00e4sslich. SIS hilft Restaurants dabei, durch Website-Optimierung, Suchmaschinenmarketing und Social-Media-Management eine wirkungsvolle Online-Pr\u00e4senz aufzubauen und aufrechtzuerhalten. Dadurch wird sichergestellt, dass Restaurants f\u00fcr potenzielle G\u00e4ste leicht zu finden und erreichbar sind.<\/li>\n\n\n\n<li><strong>Optimierte Betriebseffizienz:<\/strong> SIS International bewertet die Betriebsabl\u00e4ufe und die Effizienz von Hotelrestaurants, um Verbesserungsbereiche zu identifizieren. Durch die Rationalisierung von Arbeitsabl\u00e4ufen, die Optimierung des Men\u00fcangebots und die Umsetzung kosteneffizienter Strategien k\u00f6nnen Restaurants ihre Betriebseffizienz und Ressourcennutzung verbessern.<\/li>\n<\/ul>\n\n\n\n<h2 class=\"wp-block-heading\">Gelegenheiten<\/h2>\n\n\n\n<ul class=\"wp-block-list\">\n<li><strong>Spezialisierung auf Nischenm\u00e4rkte:<\/strong> Beratungsfirmen k\u00f6nnen Chancen nutzen, indem sie sich auf Nischenm\u00e4rkte innerhalb der Hotel- und Restaurantbranche spezialisieren. Dies k\u00f6nnte die Konzentration auf bestimmte K\u00fcchenarten, Zielgruppen oder geografische Regionen umfassen, sodass die Firmen Fachwissen entwickeln und Kunden gewinnen k\u00f6nnen, die spezialisierte Dienstleistungen suchen.<\/li>\n\n\n\n<li><strong>Integration von Technologie:<\/strong> Da die Gastronomiebranche immer st\u00e4rker auf Technologie angewiesen ist, haben Beratungsfirmen zunehmend die M\u00f6glichkeit, technologiebasierte L\u00f6sungen anzubieten. Dazu k\u00f6nnten Dienstleistungen wie die Implementierung von Customer-Relationship-Management-Systemen (CRM), die Entwicklung mobiler Apps f\u00fcr Restaurantreservierungen oder die Nutzung von Datenanalysen f\u00fcr personalisierte Marketingkampagnen geh\u00f6ren.<\/li>\n\n\n\n<li><strong>Expansion in Schwellenm\u00e4rkte:<\/strong> As the hospitality industry continues to expand globally, there are opportunities for <a href=\"https:\/\/www.sisinternational.com\/de\/losungen\/ai-marktforschung-und-strategieberatung\/ki-marketing-beratung\/\" title=\"KI-Marketingberatung\"  data-wpil-monitor-id=\"5033\">consulting firms to expand into emerging markets<\/a>. This could involve offering consulting services to <a href=\"https:\/\/www.sisinternational.com\/de\/losungen\/sis-globales-wachstum\/wachstumsberatung\/\" title=\"Wachstumsberatung\"  data-wpil-monitor-id=\"6402\">hotel restaurants<\/a> in developing countries or regions experiencing rapid tourism growth with a growing demand for marketing expertise.<\/li>\n\n\n\n<li><strong>Partnerschaften und Kooperationen:<\/strong> Die Zusammenarbeit mit anderen Unternehmen im Gastgewerbe, wie etwa Hotelmanagementunternehmen, Lebensmittel- und Getr\u00e4nkelieferanten oder Technologieanbietern, kann neue M\u00f6glichkeiten f\u00fcr Beratungsunternehmen schaffen. Durch die Bildung strategischer Partnerschaften k\u00f6nnen Beratungsunternehmen umfassende L\u00f6sungen anbieten und auf neue Kundennetzwerke zugreifen.<\/li>\n\n\n\n<li><strong>Fokus auf nachhaltige Praktiken:<\/strong> With increasing consumer awareness and concern for environmental sustainability, there is a growing demand for <a href=\"https:\/\/www.sisinternational.com\/de\/losungen\/qualitative-quantitative-forschungslosungen\/demand-forecasting-best-practices\/\" title=\"Demand Forecasting Best Practices\"  data-wpil-monitor-id=\"1651\">consulting services that help hotel restaurants<\/a> adopt sustainable practices. Consulting firms can capitalize on this trend by offering expertise in sustainable sourcing, waste reduction, and green marketing strategies.<\/li>\n<\/ul>\n\n\n\n<h2 class=\"wp-block-heading\">Herausforderungen<\/h2>\n\n\n\n<ul class=\"wp-block-list\">\n<li><strong>Saisonale Nachfrageschwankungen:<\/strong> In Hotelrestaurants kommt es aufgrund saisonaler Reisemuster h\u00e4ufig zu Nachfrageschwankungen. In der Hochsaison sind die G\u00e4stezahlen h\u00f6her und die Nachfrage nach Speisen h\u00f6her, w\u00e4hrend in der Nebensaison weniger G\u00e4ste und weniger Umsatz zu erwarten sind.<\/li>\n\n\n\n<li><strong>Konkurrenz durch externe Gastronomiebetriebe:<\/strong> Hotelrestaurants stehen in Konkurrenz zu eigenst\u00e4ndigen Restaurants, Caf\u00e9s, Essenslieferdiensten und anderen gastronomischen Einrichtungen in der Umgebung. Dieser Wettbewerb kann sich auf die Kundentreue und die Umsatzgenerierung auswirken, insbesondere wenn sich das Hotelrestaurant effektiv von der Konkurrenz abheben muss.<\/li>\n\n\n\n<li><strong>Hohe Betriebskosten:<\/strong> Der Betrieb eines Hotelrestaurants ist mit erheblichen Betriebskosten verbunden, darunter Personalkosten, Lebensmittel- und Getr\u00e4nkebeschaffung, Nebenkosten und Instandhaltung. Die Verwaltung dieser Kosten bei gleichzeitiger Aufrechterhaltung der Rentabilit\u00e4t kann eine Herausforderung sein, insbesondere in Zeiten geringer Auslastung oder eines wirtschaftlichen Abschwungs.<\/li>\n\n\n\n<li><strong>Anpassung an ver\u00e4nderte Verbraucherpr\u00e4ferenzen:<\/strong> Hotelrestaurants m\u00fcssen sich st\u00e4ndig weiterentwickeln, um den sich \u00e4ndernden Kundenvorlieben gerecht zu werden, darunter Ern\u00e4hrungstrends, kulinarische Vorlieben und Vorlieben f\u00fcr Erlebnisgastronomie. Wenn man sich nicht an diese Vorlieben anpasst, kann dies zu geringerer Kundenzufriedenheit und Umsatzverlusten f\u00fchren.<\/li>\n\n\n\n<li><strong>Verwaltung der Online-Reputation:<\/strong> Online-Bewertungen und soziale Medien spielen eine wichtige Rolle bei der Gestaltung des Rufs von Hotelrestaurants. Negative Bewertungen oder negative Reaktionen in sozialen Medien k\u00f6nnen dem Ruf des Restaurants schaden und potenzielle Kunden abschrecken, was die Bedeutung proaktiver Reputationsmanagementstrategien unterstreicht.<\/li>\n<\/ul>\n\n\n\n<h2 class=\"wp-block-heading\">Wie die Hotel- und Restaurant-Marketingberatung von SIS International Unternehmen hilft<\/h2>\n\n\n\n<p>SIS International&#8217;s hotel restaurant marketing consulting services are designed to provide comprehensive support for hospitality businesses. Through <a href=\"https:\/\/www.sisinternational.com\/de\/sachverstand\/branchen\/marktforschung-fur-behinderte\/\" title=\"Disability Market Consulting\"  data-wpil-monitor-id=\"6801\">market research and consulting<\/a>, our experts aid businesses in reducing risk, boosting revenue, saving money and time, accelerating growth and innovation, and ultimately increasing ROI.<\/p>\n\n\n\n<ul class=\"wp-block-list\">\n<li><strong>Risikominderung:<\/strong> SIS International f\u00fchrt gr\u00fcndliche Marktforschung durch, um potenzielle Risiken und Herausforderungen zu identifizieren und es Unternehmen zu erm\u00f6glichen, wirksam Strategien zur Minderung dieser Risiken umzusetzen.<\/li>\n\n\n\n<li><strong>Umsatzsteigerung:<\/strong> Durch die Analyse von Markttrends und Verbraucherpr\u00e4ferenzen unterst\u00fctzt SIS International Unternehmen bei der Entwicklung gezielter Marketingstrategien, die mehr Kunden anziehen und das Umsatzwachstum f\u00f6rdern.<\/li>\n\n\n\n<li><strong>Einsparma\u00dfnahmen:<\/strong> Wir erm\u00f6glichen Unternehmen, unn\u00f6tige Ausgaben zu minimieren und ihre Rentabilit\u00e4t durch effiziente Ressourcenzuweisung und strategische Entscheidungsfindung auf Grundlage von Markterkenntnissen zu maximieren.<\/li>\n\n\n\n<li><strong>Zeitersparnis:<\/strong> Durch die Nutzung seines Fachwissens und seiner Branchenkenntnisse optimiert SIS Prozesse und Entscheidungsprozesse und erm\u00f6glicht es Unternehmen, ihre Ziele effizienter zu erreichen.<\/li>\n\n\n\n<li><strong>Wachstum und Innovation:<\/strong> SIS International erkennt neue Trends und Chancen auf dem Markt und erm\u00f6glicht Unternehmen, innovativ zu sein und der Konkurrenz immer einen Schritt voraus zu sein.<\/li>\n\n\n\n<li><strong>ROI-Verbesserung:<\/strong> Durch die Abstimmung der Marketingbem\u00fchungen auf Gesch\u00e4ftsziele und Verbraucherbed\u00fcrfnisse unterst\u00fctzt SIS International Unternehmen bei der Optimierung ihrer Kapitalrendite.<\/li>\n<\/ul>\n\n\n\n<h2 class=\"wp-block-heading\">\u00dcber SIS International Hotel Restaurant Marketing Consulting<\/h2>\n\n\n\n<p>SIS International Hotel Restaurant Marketing Consulting ist auf die Bereitstellung ma\u00dfgeschneiderter strategischer L\u00f6sungen f\u00fcr Unternehmen weltweit spezialisiert. Unsere fachkundigen Berater bieten umfassende Beratungsdienste f\u00fcr Markteintritt, Gesch\u00e4ftserweiterung, strategische Planung und Organisationsentwicklung. Wir arbeiten mit unseren Kunden von der Marktanalyse bis zur Implementierungsunterst\u00fctzung zusammen, um nachhaltiges Wachstum und Wettbewerbsvorteile zu erzielen. Kontaktieren Sie uns, um herauszufinden, wie unsere Beratungskompetenz Ihr Unternehmen st\u00e4rken kann.<\/p>\n\n\n\n<p><\/p>\n\n\n\n<p><\/p>","protected":false},"excerpt":{"rendered":"<p>Die Marketingberatung f\u00fcr Hotelrestaurants erstellt und analysiert strategische Marketingpl\u00e4ne, die auf gastronomische Hotelbetriebe zugeschnitten sind.<\/p>","protected":false},"author":1,"featured_media":64035,"parent":44644,"menu_order":27,"comment_status":"closed","ping_status":"closed","template":"","meta":{"footnotes":""},"class_list":["post-47839","page","type-page","status-publish","has-post-thumbnail"],"_links":{"self":[{"href":"https:\/\/www.sisinternational.com\/de\/wp-json\/wp\/v2\/pages\/47839","targetHints":{"allow":["GET"]}}],"collection":[{"href":"https:\/\/www.sisinternational.com\/de\/wp-json\/wp\/v2\/pages"}],"about":[{"href":"https:\/\/www.sisinternational.com\/de\/wp-json\/wp\/v2\/types\/page"}],"author":[{"embeddable":true,"href":"https:\/\/www.sisinternational.com\/de\/wp-json\/wp\/v2\/users\/1"}],"replies":[{"embeddable":true,"href":"https:\/\/www.sisinternational.com\/de\/wp-json\/wp\/v2\/comments?post=47839"}],"version-history":[{"count":16,"href":"https:\/\/www.sisinternational.com\/de\/wp-json\/wp\/v2\/pages\/47839\/revisions"}],"predecessor-version":[{"id":80377,"href":"https:\/\/www.sisinternational.com\/de\/wp-json\/wp\/v2\/pages\/47839\/revisions\/80377"}],"up":[{"embeddable":true,"href":"https:\/\/www.sisinternational.com\/de\/wp-json\/wp\/v2\/pages\/44644"}],"wp:featuredmedia":[{"embeddable":true,"href":"https:\/\/www.sisinternational.com\/de\/wp-json\/wp\/v2\/media\/64035"}],"wp:attachment":[{"href":"https:\/\/www.sisinternational.com\/de\/wp-json\/wp\/v2\/media?parent=47839"}],"curies":[{"name":"wp","href":"https:\/\/api.w.org\/{rel}","templated":true}]}}