{"id":47728,"date":"2024-04-20T17:17:44","date_gmt":"2024-04-20T21:17:44","guid":{"rendered":"https:\/\/www.sisinternational.com\/?page_id=47728"},"modified":"2026-01-24T18:55:08","modified_gmt":"2026-01-24T23:55:08","slug":"marktforschung-fur-regenbekleidung","status":"publish","type":"page","link":"https:\/\/www.sisinternational.com\/de\/sachverstand\/marktforschung-fur-regenbekleidung\/","title":{"rendered":"Marktforschung f\u00fcr Regenbekleidung"},"content":{"rendered":"<h1 class=\"wp-block-heading\">Marktforschung f\u00fcr Regenbekleidung<\/h1>\n\n\n\n<figure class=\"gb-block-image gb-block-image-53a2688e\"><img loading=\"lazy\" decoding=\"async\" width=\"1456\" height=\"816\" class=\"gb-image gb-image-53a2688e\" src=\"https:\/\/www.sisinternational.com\/wp-content\/uploads\/2025\/08\/Rainwear-2.jpg\" alt=\"SIS International Marktforschung &amp; Strategie\" title=\"Rainwear (2)\" srcset=\"https:\/\/www.sisinternational.com\/wp-content\/uploads\/2025\/08\/Rainwear-2.jpg 1456w, https:\/\/www.sisinternational.com\/wp-content\/uploads\/2025\/08\/Rainwear-2-300x168.jpg 300w, https:\/\/www.sisinternational.com\/wp-content\/uploads\/2025\/08\/Rainwear-2-1024x574.jpg 1024w, https:\/\/www.sisinternational.com\/wp-content\/uploads\/2025\/08\/Rainwear-2-768x430.jpg 768w, https:\/\/www.sisinternational.com\/wp-content\/uploads\/2025\/08\/Rainwear-2-18x10.jpg 18w\" sizes=\"auto, (max-width: 1456px) 100vw, 1456px\"><\/figure>\n\n\n\n<p><\/p>\n\n\n\n<hr class=\"wp-block-separator has-alpha-channel-opacity is-style-dots\"\/>\n\n\n\n<p>Rainwear market research is a valuable tool for apparel industry stakeholders to understand market dynamics, identify growth opportunities, and develop strategies for competing effectively in the rainwear market.<\/p>\n\n\n\n<h2 class=\"wp-block-heading\">Was ist Marktforschung f\u00fcr Regenbekleidung?<\/h2>\n\n\n\n<p>Da der Klimawandel zu unvorhersehbareren Wetterlagen f\u00fchrt, steigt die Nachfrage nach hochwertiger Regenbekleidung. Marktforschung f\u00fcr Regenbekleidung bietet Einblicke in Stofftechnologien, Designpr\u00e4ferenzen und Wettbewerbslandschaften und erm\u00f6glicht es Unternehmen, innovative und stilvolle Regenbekleidungsl\u00f6sungen zu entwickeln, die den sich entwickelnden Bed\u00fcrfnissen der Verbraucher gerecht werden.<\/p>\n\n\n\n<p>Rainwear <a href=\"https:\/\/www.sisinternational.com\/de\/sachverstand\/branchen\/modemarktforschung\/\" title=\"Marktforschung f\u00fcr Mode und Bekleidung\"  data-wpil-monitor-id=\"6938\">apparel market research<\/a> studies the global rainwear industry, focusing on market trends, consumer preferences, competitive landscape, and technological advancements. This research is essential for manufacturers, retailers, and other stakeholders in the apparel industry looking to understand market dynamics and develop strategies to meet consumer needs.<\/p>\n\n\n\n<h2 class=\"wp-block-heading\">Warum ist es wichtig?<\/h2>\n\n\n\n<p>Rainwear apparel market research provides valuable insights that can help companies develop innovative products, optimize pricing strategies, and create targeted marketing campaigns that effectively reach their target audience. <\/p>\n\n\n\n<p>Dar\u00fcber hinaus hilft diese Marktforschung den Unternehmen, das Wettbewerbsumfeld zu verstehen. Unternehmen k\u00f6nnen ihre Alleinstellungsmerkmale identifizieren und sich auf dem Markt differenzieren, was f\u00fcr die Entwicklung effektiver Marketingstrategien, die die St\u00e4rken ihrer Produkte hervorheben und Kunden anziehen, von entscheidender Bedeutung ist.<\/p>\n\n\n\n<h2 class=\"wp-block-heading\">Critical factors<\/h2>\n\n\n\n<p>Um eine effektive Marktforschung f\u00fcr Regenbekleidung durchf\u00fchren zu k\u00f6nnen, m\u00fcssen mehrere entscheidende Erfolgsfaktoren ber\u00fccksichtigt werden, die zu einer aufschlussreichen Analyse und umsetzbaren Empfehlungen beitragen. Zu diesen Faktoren geh\u00f6ren:<\/p>\n\n\n\n<ul class=\"wp-block-list\">\n<li><strong>Verbrauchereinblicke:<\/strong> F\u00fcr eine erfolgreiche Marktforschung im Bereich Regenbekleidung ist es unerl\u00e4sslich, die Vorlieben, Verhaltensweisen und Kauftreiber der Verbraucher zu verstehen. Marken m\u00fcssen durch Umfragen, Fokusgruppen und Beobachtungsstudien umfassende Erkenntnisse \u00fcber die Verbraucher gewinnen, um Pr\u00e4ferenzen in Bezug auf Design, Funktionalit\u00e4t, Materialpr\u00e4ferenzen und Preissensibilit\u00e4t aufzudecken.<\/li>\n\n\n\n<li><strong>Wettbewerbsanalyse:<\/strong> Eine gr\u00fcndliche Analyse der Wettbewerber auf dem Markt f\u00fcr Regenbekleidung liefert wertvolle Einblicke in Produktangebote, Preisstrategien, Vertriebskan\u00e4le und Marketingtaktiken. Durch Benchmarking mit Wettbewerbern k\u00f6nnen Marken Marktl\u00fccken identifizieren, ihre Angebote differenzieren und \u00fcberzeugende Wertangebote entwickeln, um Kunden anzuziehen.<\/li>\n\n\n\n<li><strong>Trendidentifikation:<\/strong> Staying attuned to fashion trends, technological advancements, and sustainability initiatives is critical for successful <a href=\"https:\/\/www.sisinternational.com\/de\/nachhaltige-landwirtschaft-2-2\/\" title=\"Marktforschung f\u00fcr nachhaltige Landwirtschaft\"  data-wpil-monitor-id=\"2433\">Marktforschung f\u00fcr Regenbekleidung<\/a>. Brands must monitor trends in color palettes, fabric innovations, eco-friendly materials, and design aesthetics to align their product offerings with evolving consumer preferences and market demands.<\/li>\n\n\n\n<li><strong>Optimierung der Lieferkette:<\/strong> Um sicherzustellen, dass Regenbekleidung p\u00fcnktlich beim Endverbraucher eintrifft, ist eine Optimierung der Lieferkette unerl\u00e4sslich. Marken m\u00fcssen eng mit Lieferanten, Herstellern und Logistikpartnern zusammenarbeiten, um Produktionsprozesse zu optimieren, Lieferzeiten zu minimieren und die Qualit\u00e4t und Konsistenz der Produkte zu verbessern.<\/li>\n\n\n\n<li><strong>Markenreputationsmanagement:<\/strong> Im wettbewerbsintensiven Markt f\u00fcr Regenbekleidung ist die Aufrechterhaltung eines positiven Markenrufs von gr\u00f6\u00dfter Bedeutung. Marken m\u00fcssen Produktqualit\u00e4t, hervorragenden Kundenservice und ethische Gesch\u00e4ftspraktiken in den Vordergrund stellen, um Vertrauen und Loyalit\u00e4t bei den Verbrauchern aufzubauen. Die proaktive Bearbeitung von Kundenfeedback, die umgehende L\u00f6sung von Problemen und eine transparente Kommunikation tragen zur F\u00f6rderung eines starken Markenrufs bei.<\/li>\n<\/ul>\n\n\n\n<h2 class=\"wp-block-heading\">The Results You Can Expect from SIS International<\/h2>\n\n\n\n<p>Die Beauftragung von SIS International mit der Marktforschung im Bereich Regenbekleidung f\u00fchrt zu mehreren erwarteten Ergebnissen und erm\u00f6glicht es den Marken, fundierte Entscheidungen zu treffen und das Gesch\u00e4ftswachstum voranzutreiben.<\/p>\n\n\n\n<figure class=\"gb-block-image gb-block-image-142614f7\"><img loading=\"lazy\" decoding=\"async\" width=\"1456\" height=\"816\" class=\"gb-image gb-image-142614f7\" src=\"https:\/\/www.sisinternational.com\/wp-content\/uploads\/2025\/08\/Rainwear-6.jpg\" alt=\"SIS International Marktforschung &amp; Strategie\" title=\"Rainwear 6\" srcset=\"https:\/\/www.sisinternational.com\/wp-content\/uploads\/2025\/08\/Rainwear-6.jpg 1456w, https:\/\/www.sisinternational.com\/wp-content\/uploads\/2025\/08\/Rainwear-6-300x168.jpg 300w, https:\/\/www.sisinternational.com\/wp-content\/uploads\/2025\/08\/Rainwear-6-1024x574.jpg 1024w, https:\/\/www.sisinternational.com\/wp-content\/uploads\/2025\/08\/Rainwear-6-768x430.jpg 768w, https:\/\/www.sisinternational.com\/wp-content\/uploads\/2025\/08\/Rainwear-6-18x10.jpg 18w\" sizes=\"auto, (max-width: 1456px) 100vw, 1456px\"><\/figure>\n\n\n\n<ul class=\"wp-block-list\">\n<li><strong>Umfassende Markteinblicke:<\/strong> SIS liefert umfassende Markteinblicke in Verbraucherpr\u00e4ferenzen, Markttrends, Wettbewerbsumfeld und neue Chancen auf dem Markt f\u00fcr Regenbekleidung. Durch sorgf\u00e4ltige Datenerfassung und -analyse vermitteln wir unseren Kunden ein tiefes Verst\u00e4ndnis der Marktdynamik und umsetzbare Empfehlungen f\u00fcr die strategische Planung.<\/li>\n\n\n\n<li><strong>Identifizierung von Nischensegmenten:<\/strong> SIS International identifiziert Nischensegmente im Markt f\u00fcr Regenbekleidung und erm\u00f6glicht es Marken, gezielt auf bestimmte Verbraucherdemografien, Vorlieben und unerf\u00fcllte Bed\u00fcrfnisse einzugehen. Durch das Aufdecken von Nischenchancen k\u00f6nnen Marken ihre Produktangebote, Marketingbotschaften und Vertriebskan\u00e4le anpassen, um Nischenverbrauchersegmente effektiv zu erreichen und anzusprechen.<\/li>\n\n\n\n<li><strong>Anleitung zur Produktentwicklung:<\/strong> SIS-Experten nutzen Verbrauchereinblicke und Markttrends und bieten Produktentwicklungsberatung, um Marken bei der Konzeption, Gestaltung und Markteinf\u00fchrung innovativer Regenbekleidungsprodukte zu unterst\u00fctzen. Von der Materialauswahl bis zur Design\u00e4sthetik bieten wir Empfehlungen, die bei den Zielkunden Anklang finden und Marken auf dem Markt differenzieren.<\/li>\n\n\n\n<li><strong>Wettbewerbsvergleich:<\/strong> SIS f\u00fchrt Wettbewerbs-Benchmarking-Analysen durch, um die Leistung von Marken im Vergleich zu Wettbewerbern auf dem Markt f\u00fcr Regenbekleidung zu bewerten. Durch Benchmarking von Produktangeboten, Preisstrategien, Marketinginitiativen und Kundenerfahrungen hilft SIS Marken dabei, Verbesserungsbereiche zu identifizieren, St\u00e4rken zu nutzen und einen Wettbewerbsvorteil zu erlangen.<\/li>\n\n\n\n<li><strong>Markteintrittsstrategien:<\/strong> Marken, die in den Markt f\u00fcr Regenbekleidung einsteigen oder ihre Pr\u00e4senz dort ausbauen m\u00f6chten, bietet SIS International strategische Beratung zu Markteintrittsstrategien, einschlie\u00dflich Marktpositionierung, Auswahl der Vertriebskan\u00e4le und Werbetaktiken.<\/li>\n<\/ul>\n\n\n\n<h2 class=\"wp-block-heading\">Schl\u00fcsselfiguren<\/h2>\n\n\n\n<p>Im wettbewerbsintensiven Marktumfeld f\u00fcr Regenbekleidung dominieren mehrere wichtige Akteure mit ihren innovativen Produkten, ihrer starken Markenpr\u00e4senz und ihren ausgedehnten Vertriebsnetzen.<\/p>\n\n\n\n<ul class=\"wp-block-list\">\n<li><strong>Die Nordwand:<\/strong> The North Face ist f\u00fcr seine Outdoor-Bekleidung und -Ausr\u00fcstung bekannt und bietet eine breite Palette an Regenbekleidung f\u00fcr Outdoor-Enthusiasten und urbane Abenteurer. Mit einem Fokus auf Leistung, Haltbarkeit und Stil,<\/li>\n\n\n\n<li><strong>Columbia Sportbekleidung:<\/strong> Columbia Sportswear ist eine weltweit f\u00fchrende Marke, die sich auf Outdoor-Bekleidung spezialisiert hat, darunter Regenjacken, Regenhosen und Regenstiefel. Mit einem Engagement f\u00fcr Qualit\u00e4t, Funktionalit\u00e4t und Nachhaltigkeit ist Columbia Sportswear auf verschiedene Outdoor-Aktivit\u00e4ten und Wetterbedingungen spezialisiert und hat sich das Vertrauen von Outdoor-Fans weltweit verdient.<\/li>\n\n\n\n<li><strong>Patagonien:<\/strong> Patagonia ist f\u00fcr seinen umweltbewussten Ansatz bei Outdoor-Bekleidung und -Ausr\u00fcstung bekannt. Die Marke bietet eine Auswahl an Regenbekleidung aus recycelten Materialien und unter Anwendung nachhaltiger Herstellungsverfahren. Mit einem Fokus auf Haltbarkeit, Leistung und ethischer Beschaffung spricht Patagonia umweltbewusste Verbraucher an, die nach qualitativ hochwertiger Regenbekleidung suchen.<\/li>\n<\/ul>\n\n\n\n<h2 class=\"wp-block-heading\">Gelegenheiten<\/h2>\n\n\n\n<p>Trotz der Herausforderungen, die sich durch ver\u00e4nderte Verbraucherpr\u00e4ferenzen und Marktdynamik ergeben, gibt es f\u00fcr Unternehmen, die auf dem Markt f\u00fcr Regenbekleidung t\u00e4tig sind, mehrere Chancen. Zu diesen Chancen geh\u00f6ren:<\/p>\n\n\n\n<ul class=\"wp-block-list\">\n<li><strong>Expansion in Nischensegmente:<\/strong> Businesses can capitalize on niche segments within the rainwear apparel market by targeting specific demographics, geographic regions, or consumer preferences. <\/li>\n\n\n\n<li><strong>Innovation in Design und Technologie:<\/strong> Unternehmen haben zahlreiche M\u00f6glichkeiten, in Design und Technologie zu innovieren und differenzierte Regenbekleidung zu entwickeln, die den sich wandelnden Bed\u00fcrfnissen und Vorlieben der Verbraucher entspricht. Investitionen in Forschung und Entwicklung zur Entwicklung eigener Technologien, nachhaltiger Materialien und funktionaler Designs k\u00f6nnen Unternehmen als Marktf\u00fchrer positionieren und anspruchsvolle Verbraucher ansprechen, die nach innovativen L\u00f6sungen suchen.<\/li>\n\n\n\n<li><strong>Anpassung und Personalisierung:<\/strong> Unternehmen k\u00f6nnen Anpassungs- und Personalisierungsstrategien nutzen, um die Kundenbindung und -treue im Markt f\u00fcr Regenbekleidung zu verbessern. Durch das Anbieten von Anpassungsoptionen wie Farbauswahl, Gr\u00f6\u00dfenanpassungen oder personalisierten Stickereien k\u00f6nnen Verbraucher einzigartige, ma\u00dfgeschneiderte Regenbekleidung erstellen, die ihren individuellen Stil und ihre Vorlieben widerspiegelt.<\/li>\n\n\n\n<li><strong>Kooperationen und Partnerschaften:<\/strong> Die Zusammenarbeit mit anderen Marken, Designern oder Influencern bietet Unternehmen die M\u00f6glichkeit, die Markenbekanntheit zu steigern, neue Kundensegmente zu erreichen und die Nachfrage nach Regenbekleidung anzukurbeln. Strategische Partnerschaften mit Outdoor-Enthusiasten, Sportlern oder Nachhaltigkeitsbef\u00fcrwortern k\u00f6nnen bei den Zielgruppen f\u00fcr Begeisterung, Glaubw\u00fcrdigkeit und Markenaffinit\u00e4t sorgen.<\/li>\n<\/ul>\n\n\n\n<h2 class=\"wp-block-heading\">The SIS Advantage<\/h2>\n\n\n\n<p>SIS International f\u00fchrt eingehende Marktforschung und -analyse durch, um Unternehmen umsetzbare Erkenntnisse \u00fcber Verbraucherpr\u00e4ferenzen, Markttrends, Wettbewerbsumfeld und neue Chancen auf dem Markt f\u00fcr Regenbekleidung zu liefern. Durch die Nutzung einer Kombination aus qualitativen und quantitativen Forschungsmethoden liefern wir robuste, datengesteuerte Erkenntnisse, die strategische Entscheidungen unterst\u00fctzen und das Gesch\u00e4ftswachstum vorantreiben.<\/p>\n\n\n\n<ul class=\"wp-block-list\">\n<li><strong>Strategische Planung und Beratung:<\/strong> SIS offers strategic planning and consulting services to assist businesses in developing and executing effective <a href=\"https:\/\/www.sisinternational.com\/de\/guerilla-marketing\/\" title=\"Was ist Guerilla-Marketing?\"  data-wpil-monitor-id=\"1831\">strategies for success in the rainwear apparel<\/a> market. From market entry strategies to product development roadmaps, our experts provide strategic guidance tailored to each client&#8217;s unique goals, challenges, and market dynamics.<\/li>\n\n\n\n<li><strong>Wettbewerbsintelligenz:<\/strong> SIS International conducts competitive intelligence assessments to help businesses gain a deep understanding of their competitors&#8217; strengths, weaknesses, strategies, and market positioning. <\/li>\n\n\n\n<li><strong>Unterst\u00fctzung bei der internationalen Expansion:<\/strong> Unternehmen, die ihre Pr\u00e4senz auf internationalen M\u00e4rkten ausbauen m\u00f6chten, bietet SIS International umfassende Unterst\u00fctzung, darunter Markteintrittsbewertungen, Lokalisierungsstrategien, Beratung zur Einhaltung gesetzlicher Vorschriften und Partneridentifizierung. Mit unserem globalen Expertennetzwerk und unserer Kenntnis der lokalen M\u00e4rkte erm\u00f6glichen wir eine reibungslose internationale Expansion.<\/li>\n<\/ul>\n\n\n\n<p><\/p>","protected":false},"excerpt":{"rendered":"<p>Die Marktforschung f\u00fcr Regenbekleidung untersucht die globale Regenbekleidungsindustrie und konzentriert sich dabei auf Trends, Vorlieben und technische Fortschritte.<\/p>","protected":false},"author":1,"featured_media":64847,"parent":14514,"menu_order":455,"comment_status":"closed","ping_status":"closed","template":"","meta":{"footnotes":""},"class_list":["post-47728","page","type-page","status-publish","has-post-thumbnail"],"_links":{"self":[{"href":"https:\/\/www.sisinternational.com\/de\/wp-json\/wp\/v2\/pages\/47728","targetHints":{"allow":["GET"]}}],"collection":[{"href":"https:\/\/www.sisinternational.com\/de\/wp-json\/wp\/v2\/pages"}],"about":[{"href":"https:\/\/www.sisinternational.com\/de\/wp-json\/wp\/v2\/types\/page"}],"author":[{"embeddable":true,"href":"https:\/\/www.sisinternational.com\/de\/wp-json\/wp\/v2\/users\/1"}],"replies":[{"embeddable":true,"href":"https:\/\/www.sisinternational.com\/de\/wp-json\/wp\/v2\/comments?post=47728"}],"version-history":[{"count":10,"href":"https:\/\/www.sisinternational.com\/de\/wp-json\/wp\/v2\/pages\/47728\/revisions"}],"predecessor-version":[{"id":80504,"href":"https:\/\/www.sisinternational.com\/de\/wp-json\/wp\/v2\/pages\/47728\/revisions\/80504"}],"up":[{"embeddable":true,"href":"https:\/\/www.sisinternational.com\/de\/wp-json\/wp\/v2\/pages\/14514"}],"wp:featuredmedia":[{"embeddable":true,"href":"https:\/\/www.sisinternational.com\/de\/wp-json\/wp\/v2\/media\/64847"}],"wp:attachment":[{"href":"https:\/\/www.sisinternational.com\/de\/wp-json\/wp\/v2\/media?parent=47728"}],"curies":[{"name":"wp","href":"https:\/\/api.w.org\/{rel}","templated":true}]}}