{"id":47723,"date":"2024-04-20T17:19:48","date_gmt":"2024-04-20T21:19:48","guid":{"rendered":"https:\/\/www.sisinternational.com\/?page_id=47723"},"modified":"2026-01-24T17:23:45","modified_gmt":"2026-01-24T22:23:45","slug":"internationale-unternehmenswachstumsmarktforschung","status":"publish","type":"page","link":"https:\/\/www.sisinternational.com\/de\/losungen\/internationale-unternehmenswachstumsmarktforschung\/","title":{"rendered":"Internationale Marktforschung zum Unternehmenswachstum"},"content":{"rendered":"<h1 class=\"wp-block-heading\">Internationale Marktforschung zum Unternehmenswachstum<\/h1>\n\n\n\n<figure class=\"gb-block-image gb-block-image-471f9c14\"><img loading=\"lazy\" decoding=\"async\" width=\"1024\" height=\"574\" class=\"gb-image gb-image-471f9c14\" src=\"https:\/\/www.sisinternational.com\/wp-content\/uploads\/2025\/08\/Global-1-1024x574.jpg\" alt=\"SIS International Marktforschung &amp; Strategie\" title=\"Global (1)\" srcset=\"https:\/\/www.sisinternational.com\/wp-content\/uploads\/2025\/08\/Global-1-1024x574.jpg 1024w, https:\/\/www.sisinternational.com\/wp-content\/uploads\/2025\/08\/Global-1-300x168.jpg 300w, https:\/\/www.sisinternational.com\/wp-content\/uploads\/2025\/08\/Global-1-768x430.jpg 768w, https:\/\/www.sisinternational.com\/wp-content\/uploads\/2025\/08\/Global-1-18x10.jpg 18w, https:\/\/www.sisinternational.com\/wp-content\/uploads\/2025\/08\/Global-1.jpg 1456w\" sizes=\"auto, (max-width: 1024px) 100vw, 1024px\"><\/figure>\n\n\n\n<p><\/p>\n\n\n\n<hr class=\"wp-block-separator has-alpha-channel-opacity is-style-dots\"\/>\n\n\n\n<p>Die internationale Marktforschung f\u00fcr Unternehmenswachstum umfasst die Analyse des Verbraucherverhaltens und der Verbraucherpr\u00e4ferenzen in Zielm\u00e4rkten. Dabei werden Daten zur Verbraucherdemografie, zu Kaufgewohnheiten und zu Pr\u00e4ferenzen f\u00fcr Produkte und Dienstleistungen gesammelt, um Angebote an die lokalen Bed\u00fcrfnisse anzupassen.<\/p>\n\n\n\n<p>Internationales Unternehmenswachstum ist f\u00fcr Unternehmen, die neue M\u00e4rkte erschlie\u00dfen m\u00f6chten, ein anspruchsvolles, aber lohnendes Unterfangen. Aus diesem Grund bietet die Marktforschung zum Thema internationales Unternehmenswachstum eine umfassende Analyse globaler Markttrends, Wettbewerbslandschaften und kultureller Nuancen und liefert Unternehmen die strategischen Erkenntnisse, die sie ben\u00f6tigen, um auf vielf\u00e4ltigen internationalen M\u00e4rkten erfolgreich zu sein.<\/p>\n\n\n\n<h2 class=\"wp-block-heading\">Was ist internationale Unternehmenswachstumsmarktforschung?<\/h2>\n\n\n\n<p>Die internationale Marktforschung zum Unternehmenswachstum hilft Unternehmen, Expansions- und Wachstumschancen auf internationalen M\u00e4rkten zu verstehen und zu bewerten. Sie beginnt mit der Analyse von Markttrends, Wettbewerbslandschaften, regulatorischen Rahmenbedingungen und Verbraucherpr\u00e4ferenzen in verschiedenen L\u00e4ndern, um tragf\u00e4hige Wachstumsstrategien zu identifizieren. Diese Informationen helfen Unternehmen dabei, M\u00e4rkte zu priorisieren, die das gr\u00f6\u00dfte Wachstums- und Rentabilit\u00e4tspotenzial bieten.<\/p>\n\n\n\n<h2 class=\"wp-block-heading\">Warum ben\u00f6tigen Unternehmen internationale Marktforschung zum Unternehmenswachstum?<\/h2>\n\n\n\n<p>Internationale Marktforschung zum Unternehmenswachstum ist f\u00fcr Unternehmen, die ihre Gesch\u00e4ftst\u00e4tigkeit \u00fcber die Landesgrenzen hinaus ausweiten, von entscheidender Bedeutung. Durch die Analyse globaler Markttrends und die Identifizierung neuer M\u00f6glichkeiten k\u00f6nnen Unternehmen strategische Wachstumspl\u00e4ne entwickeln, die das Potenzial internationaler M\u00e4rkte nutzen.<\/p>\n\n\n\n<p>Dar\u00fcber hinaus hilft diese Marktforschung Unternehmen, die kulturellen, wirtschaftlichen und regulatorischen Unterschiede auf internationalen M\u00e4rkten zu verstehen. Dieses Wissen ist entscheidend f\u00fcr die Entwicklung ma\u00dfgeschneiderter Strategien, die Risiken mindern und einen erfolgreichen Markteintritt und eine erfolgreiche Markterweiterung gew\u00e4hrleisten.<\/p>\n\n\n\n<p>Additionally, as businesses expand internationally, they need to stay ahead of competitors and adapt to changing market dynamics. International corporate growth <a href=\"https:\/\/www.sisinternational.com\/de\/nachhaltigkeitsstrategien-fur-unternehmen-eine-fallstudie-von-siemens\/\" title=\"Nachhaltigkeitsstrategien f\u00fcr Unternehmen: Eine Siemens-Fallstudie\"  data-wpil-monitor-id=\"1737\">market research provides insights into competitor strategies<\/a>, market trends, and customer preferences, helping businesses stay agile and responsive in global markets.<\/p>\n\n\n\n<h2 class=\"wp-block-heading\">Wer nutzt internationale Marktforschung zum Unternehmenswachstum?<\/h2>\n\n\n\n<figure class=\"gb-block-image gb-block-image-86f32a7a\"><img loading=\"lazy\" decoding=\"async\" width=\"1456\" height=\"816\" class=\"gb-image gb-image-86f32a7a\" src=\"https:\/\/www.sisinternational.com\/wp-content\/uploads\/2025\/08\/Global-8.jpg\" alt=\"SIS International Marktforschung &amp; Strategie\" title=\"Global (8)\" srcset=\"https:\/\/www.sisinternational.com\/wp-content\/uploads\/2025\/08\/Global-8.jpg 1456w, https:\/\/www.sisinternational.com\/wp-content\/uploads\/2025\/08\/Global-8-300x168.jpg 300w, https:\/\/www.sisinternational.com\/wp-content\/uploads\/2025\/08\/Global-8-1024x574.jpg 1024w, https:\/\/www.sisinternational.com\/wp-content\/uploads\/2025\/08\/Global-8-768x430.jpg 768w, https:\/\/www.sisinternational.com\/wp-content\/uploads\/2025\/08\/Global-8-18x10.jpg 18w\" sizes=\"auto, (max-width: 1456px) 100vw, 1456px\"><\/figure>\n\n\n\n<p><\/p>\n\n\n\n<p>Unternehmensleiter und Entscheidungstr\u00e4ger verlassen sich auf Marktforschung, um neue M\u00e4rkte zu identifizieren, Marktpotenziale einzusch\u00e4tzen und fundierte Entscheidungen \u00fcber die internationale Expansion zu treffen. Durch die Analyse von Marktdaten k\u00f6nnen F\u00fchrungskr\u00e4fte Wachstumschancen erkennen und Strategien entwickeln, um erfolgreich in neue M\u00e4rkte einzutreten.<\/p>\n\n\n\n<p>Business development teams use <a href=\"https:\/\/www.sisinternational.com\/de\/widerstandsfahigkeit-von-unternehmen-coronavirus\/\" title=\"Business Resilience Marktforschung in Covid\"  data-wpil-monitor-id=\"7283\">internationale Unternehmenswachstumsmarktforschung<\/a> to identify potential partners, assess competitive landscapes, and develop market entry strategies. By understanding market dynamics, they can identify the best opportunities for growth and create partnerships that support their international expansion efforts.<\/p>\n\n\n\n<p>Investoren und Finanzinstitute nutzen internationale Marktforschung zum Unternehmenswachstum, um den potenziellen Return on Investment (ROI) internationaler Expansionsm\u00f6glichkeiten zu bewerten. Investoren k\u00f6nnen die mit internationalem Wachstum verbundenen Risiken und Chancen bewerten und fundierte Entscheidungen dar\u00fcber treffen, wo Kapital eingesetzt werden soll.<\/p>\n\n\n\n<h2 class=\"wp-block-heading\">Chancen im internationalen Unternehmenswachstumsmarkt<\/h2>\n\n\n\n<p>Der internationale Wachstumsmarkt f\u00fcr Unternehmen bietet zahlreiche M\u00f6glichkeiten f\u00fcr die Ausweitung ihrer globalen Pr\u00e4senz, die Erschlie\u00dfung neuer M\u00e4rkte und die F\u00f6rderung eines nachhaltigen Wachstums.<\/p>\n\n\n\n<ul class=\"wp-block-list\">\n<li><strong>Zugang zu Schwellenm\u00e4rkten:<\/strong> Durch die internationale Expansion erhalten Unternehmen Zugang zu Schwellenm\u00e4rkten mit ungenutztem Wachstums- und Rentabilit\u00e4tspotenzial. M\u00e4rkte in Asien, Lateinamerika und Afrika bieten riesige Verbraucherpopulationen und wachsende Mittelschichtsegmente und bieten Unternehmen lukrative M\u00f6glichkeiten, ihre Produkte und Dienstleistungen einzuf\u00fchren.<\/li>\n\n\n\n<li><strong>Diversifizierung der Einnahmequellen:<\/strong> Durch die internationale Expansion k\u00f6nnen Unternehmen ihre Einnahmequellen diversifizieren und die Abh\u00e4ngigkeit von einem einzelnen Markt oder einer geografischen Region verringern. Durch die T\u00e4tigkeit auf mehreren M\u00e4rkten k\u00f6nnen Unternehmen die mit Konjunkturschwankungen, regulatorischen \u00c4nderungen und Wettbewerbsdruck verbundenen Risiken mindern und gleichzeitig von unterschiedlichen Verbraucherpr\u00e4ferenzen und Nachfragetrends profitieren.<\/li>\n\n\n\n<li><strong>Strategische Partnerschaften und Kooperationen:<\/strong> Die internationale Expansion \u00f6ffnet T\u00fcren f\u00fcr strategische Partnerschaften und Kooperationen mit lokalen Unternehmen, H\u00e4ndlern und Lieferanten. Kooperationen erleichtern den Markteintritt, verbessern die Marktdurchdringung und nutzen lokales Fachwissen und Netzwerke, sodass Unternehmen ihr Wachstum beschleunigen und sich einen Wettbewerbsvorteil auf neuen M\u00e4rkten verschaffen k\u00f6nnen.<\/li>\n\n\n\n<li><strong>Zugang zu Talent- und Innovationszentren:<\/strong> Durch die internationale Expansion k\u00f6nnen Unternehmen auf globale Talentpools und Innovationszentren zur\u00fcckgreifen und so Kreativit\u00e4t, Vielfalt und interkulturelle Zusammenarbeit f\u00f6rdern. Durch die Pr\u00e4senz in wichtigen Technologieclustern und talentreichen Regionen k\u00f6nnen Unternehmen Innovationen vorantreiben, Top-Talente anziehen und in sich schnell entwickelnden Branchen der Konkurrenz einen Schritt voraus sein.<\/li>\n<\/ul>\n\n\n\n<h2 class=\"wp-block-heading\">Challenges of the International Corporate Growth Market<\/h2>\n\n\n\n<p>Trotz der vielversprechenden M\u00f6glichkeiten stehen Unternehmen bei der internationalen Expansion vor mehreren Herausforderungen, deren Bew\u00e4ltigung sorgf\u00e4ltige Planung, strategische Weitsicht und operative Agilit\u00e4t erfordert.<\/p>\n\n\n\n<ul class=\"wp-block-list\">\n<li><strong>Kulturelle und sprachliche Barrieren:<\/strong> Kulturelle Unterschiede und Sprachbarrieren stellen f\u00fcr Unternehmen, die auf unterschiedlichen internationalen M\u00e4rkten t\u00e4tig sind, eine Herausforderung dar. Das Verst\u00e4ndnis der lokalen Br\u00e4uche, Traditionen und Kommunikationsnormen ist unerl\u00e4sslich, um Vertrauen aufzubauen, sinnvolle Beziehungen zu pflegen und bei den Zielgruppen wirksam Anklang zu finden.<\/li>\n\n\n\n<li><strong>Einhaltung gesetzlicher Vorschriften und rechtliche Risiken:<\/strong> Um die Einhaltung gesetzlicher Vorschriften und rechtlicher Risiken auf internationalen M\u00e4rkten zu gew\u00e4hrleisten, m\u00fcssen Unternehmen \u00fcber lokale Gesetze, Vorschriften und Gesch\u00e4ftspraktiken auf dem Laufenden bleiben. Die Einhaltung von Handelsvorschriften, Steuergesetzen und Rechten des geistigen Eigentums ist von gr\u00f6\u00dfter Bedeutung, um Rechtsstreitigkeiten, Geldbu\u00dfen und Reputationssch\u00e4den in ausl\u00e4ndischen Rechtsr\u00e4umen zu vermeiden.<\/li>\n\n\n\n<li><strong>Logistik- und Lieferkettenkomplexit\u00e4t:<\/strong> Die Verwaltung komplexer Logistik- und Lieferkettenvorg\u00e4nge \u00fcber Grenzen hinweg bringt logistische Herausforderungen mit sich, darunter Transport, Zollabfertigung und Bestandsverwaltung. Unternehmen m\u00fcssen Lieferkettenprozesse optimieren, St\u00f6rungen minimieren und eine p\u00fcnktliche Lieferung von Waren und Dienstleistungen sicherstellen, um die Kundennachfrage zu erf\u00fcllen und ihren Wettbewerbsvorteil zu wahren.<\/li>\n\n\n\n<li><strong>Markteintritts- und Expansionskosten:<\/strong> Die internationale Expansion bringt erhebliche Anfangsinvestitionen und laufende Betriebskosten mit sich, darunter Marktforschung, Markteintrittsstrategien, Infrastrukturentwicklung und Talentakquise. Um die Kosten effektiv zu verwalten und gleichzeitig die Kapitalrendite zu maximieren, m\u00fcssen Unternehmen robuste Finanzmodelle, Risikominderungsstrategien und Notfallpl\u00e4ne entwickeln.<\/li>\n<\/ul>\n\n\n\n<h2 class=\"wp-block-heading\">Wie die Dienstleistungen von SIS International Unternehmen helfen<\/h2>\n\n\n\n<figure class=\"gb-block-image gb-block-image-e12d54c5\"><img loading=\"lazy\" decoding=\"async\" width=\"1456\" height=\"816\" class=\"gb-image gb-image-e12d54c5\" src=\"https:\/\/www.sisinternational.com\/wp-content\/uploads\/2025\/09\/Quantitative-research-1d4-3.jpg\" alt=\"SIS International Marktforschung &amp; Strategie\" title=\"Quantitative research (1d4) (3)\" srcset=\"https:\/\/www.sisinternational.com\/wp-content\/uploads\/2025\/09\/Quantitative-research-1d4-3.jpg 1456w, https:\/\/www.sisinternational.com\/wp-content\/uploads\/2025\/09\/Quantitative-research-1d4-3-300x168.jpg 300w, https:\/\/www.sisinternational.com\/wp-content\/uploads\/2025\/09\/Quantitative-research-1d4-3-1024x574.jpg 1024w, https:\/\/www.sisinternational.com\/wp-content\/uploads\/2025\/09\/Quantitative-research-1d4-3-768x430.jpg 768w, https:\/\/www.sisinternational.com\/wp-content\/uploads\/2025\/09\/Quantitative-research-1d4-3-18x10.jpg 18w\" sizes=\"auto, (max-width: 1456px) 100vw, 1456px\"><\/figure>\n\n\n\n<p><\/p>\n\n\n\n<p>In der komplexen Landschaft des internationalen Unternehmenswachstums bietet SIS International eine umfassende Palette von Dienstleistungen an, die Unternehmen dabei unterst\u00fctzen, ihre Expansionsziele zu erreichen und nachhaltiges Wachstum auf den globalen M\u00e4rkten voranzutreiben.<\/p>\n\n\n\n<ul class=\"wp-block-list\">\n<li><strong>Strategische Marktforschung und -analyse:<\/strong> SIS conducts international corporate growth market research to provide businesses with actionable insights into international markets, including market trends, competitive landscapes, and consumer preferences. By leveraging robust data analytics and research methodologies, we enable clients to make informed decisions and develop targeted <a href=\"https:\/\/www.sisinternational.com\/de\/entwicklung-internationaler-informationsdatenbanken-mein-artikel-von-1990\/\" title=\"Entwicklung internationaler Informationsdatenbanken: Ruth Stanat im Jahr 1990\"  data-wpil-monitor-id=\"2202\">strategies<\/a> that resonate with diverse international audiences.<\/li>\n\n\n\n<li><strong>Ma\u00dfgeschneiderte Markteintrittsstrategien:<\/strong> SIS International liefert ma\u00dfgeschneiderte Markteintrittsstrategien, die auf die individuellen Bed\u00fcrfnisse und Ziele von Kunden zugeschnitten sind, die eine internationale Expansion anstreben. Ob es um die Identifizierung von Zielm\u00e4rkten, die Bewertung des Marktpotenzials oder die Bewertung von Markteintrittsbarrieren geht: SIS arbeitet eng mit Kunden zusammen, um ma\u00dfgeschneiderte Ans\u00e4tze zu entwickeln, die Markteintrittsprozesse optimieren und den Erfolg maximieren.<\/li>\n\n\n\n<li><strong>Globales Netzwerk und Fachwissen:<\/strong> Mit einem globalen Netzwerk aus Fachleuten und Branchenexperten bietet SIS seinen Kunden Zugang zu beispiellosem Fachwissen und lokalen Marktkenntnissen in verschiedenen internationalen M\u00e4rkten. Durch strategische Partnerschaften und gemeinsame Engagements helfen wir unseren Kunden, kulturelle Nuancen, regulatorische Rahmenbedingungen und Gesch\u00e4ftspraktiken zu meistern, um den Erfolg internationaler Unternehmenswachstumsinitiativen voranzutreiben.<\/li>\n\n\n\n<li><strong>Risikominimierung und Compliance-Unterst\u00fctzung:<\/strong> SIS unterst\u00fctzt Kunden bei der Bew\u00e4ltigung der regulatorischen Compliance, rechtlicher Risiken und geopolitischer Herausforderungen, die mit der internationalen Expansion verbunden sind. Durch die Durchf\u00fchrung gr\u00fcndlicher Due-Diligence- und Risikobewertungen mindern wir potenzielle Risiken und stellen die Einhaltung lokaler Gesetze und Vorschriften sicher, wodurch die Interessen und der Ruf unserer Kunden in ausl\u00e4ndischen Rechtsr\u00e4umen gesch\u00fctzt werden.<\/li>\n\n\n\n<li><strong>Kontinuierlicher Support und Leistungs\u00fcberwachung:<\/strong> SIS International bietet \u00fcber den gesamten Lebenszyklus der Kundenauftr\u00e4ge hinweg st\u00e4ndige Unterst\u00fctzung und Leistungs\u00fcberwachung und stellt sicher, dass Unternehmen fortlaufend Anleitung, Feedback und Optimierungsm\u00f6glichkeiten erhalten.<\/li>\n<\/ul>\n\n\n\n<h2 class=\"wp-block-heading\">Unser Standort in New York<\/h2>\n\n\n\n<p>\n\n\n\n<iframe loading=\"lazy\" src=\"https:\/\/www.google.com\/maps\/embed?pb=!1m18!1m12!1m3!1d3022.976188376966!2d-73.99130312499956!3d40.740549471389315!2m3!1f0!2f0!3f0!3m2!1i1024!2i768!4f13.1!3m3!1m2!1s0x89c259a15798c731%3A0xd695d09bdd495f25!2s11%20E%2022nd%20St%20FL%202%2C%20New%20York%2C%20NY%2010010%2C%20USA!5e0!3m2!1sen!2spe!4v1726171763526!5m2!1sen!2spe\" width=\"600\" height=\"450\" allowfullscreen=\"allowfullscreen\" data-mce-fragment=\"1\"><\/iframe>\n\n\n\n<\/p>\n\n\n\n<h3 class=\"wp-block-heading\">11 E 22nd Street, Floor 2, New York, NY 10010 T: +1(212) 505-6805<\/h3>\n\n\n\n<hr class=\"wp-block-separator has-alpha-channel-opacity\"\/>\n\n\n\n<h2 class=\"wp-block-heading\"><span style=\"font-weight: 400;\">\u00dcber SIS International<\/span><\/h2>\n\n\n\n<p><a href=\"https:\/\/www.sisinternational.com\/de\/\"><span style=\"font-weight: 400;\">SIS International<\/span><\/a><span style=\"font-weight: 400;\"> bietet quantitative, qualitative und strategische Forschung an. Wir liefern Daten, Tools, Strategien, Berichte und Erkenntnisse zur Entscheidungsfindung. Wir f\u00fchren auch Interviews, Umfragen, Fokusgruppen und andere Methoden und Ans\u00e4tze der Marktforschung durch.<\/span><a href=\"https:\/\/www.sisinternational.com\/de\/uber-sis-international-research\/contact-sis-international-market-research\/\"><span style=\"font-weight: 400;\"> Kontakt<\/span><\/a><span style=\"font-weight: 400;\"> f\u00fcr Ihr n\u00e4chstes Marktforschungsprojekt.<\/span><\/p>\n\n\n\n<p><\/p>","protected":false},"excerpt":{"rendered":"<p>Internationale Marktforschung zum Unternehmenswachstum hilft Unternehmen, Expansions- und Wachstumsm\u00f6glichkeiten weltweit zu verstehen und zu bewerten.<\/p>","protected":false},"author":1,"featured_media":62409,"parent":14457,"menu_order":42,"comment_status":"closed","ping_status":"closed","template":"","meta":{"footnotes":""},"class_list":["post-47723","page","type-page","status-publish","has-post-thumbnail"],"_links":{"self":[{"href":"https:\/\/www.sisinternational.com\/de\/wp-json\/wp\/v2\/pages\/47723","targetHints":{"allow":["GET"]}}],"collection":[{"href":"https:\/\/www.sisinternational.com\/de\/wp-json\/wp\/v2\/pages"}],"about":[{"href":"https:\/\/www.sisinternational.com\/de\/wp-json\/wp\/v2\/types\/page"}],"author":[{"embeddable":true,"href":"https:\/\/www.sisinternational.com\/de\/wp-json\/wp\/v2\/users\/1"}],"replies":[{"embeddable":true,"href":"https:\/\/www.sisinternational.com\/de\/wp-json\/wp\/v2\/comments?post=47723"}],"version-history":[{"count":10,"href":"https:\/\/www.sisinternational.com\/de\/wp-json\/wp\/v2\/pages\/47723\/revisions"}],"predecessor-version":[{"id":80933,"href":"https:\/\/www.sisinternational.com\/de\/wp-json\/wp\/v2\/pages\/47723\/revisions\/80933"}],"up":[{"embeddable":true,"href":"https:\/\/www.sisinternational.com\/de\/wp-json\/wp\/v2\/pages\/14457"}],"wp:featuredmedia":[{"embeddable":true,"href":"https:\/\/www.sisinternational.com\/de\/wp-json\/wp\/v2\/media\/62409"}],"wp:attachment":[{"href":"https:\/\/www.sisinternational.com\/de\/wp-json\/wp\/v2\/media?parent=47723"}],"curies":[{"name":"wp","href":"https:\/\/api.w.org\/{rel}","templated":true}]}}