{"id":47688,"date":"2024-04-20T14:50:56","date_gmt":"2024-04-20T18:50:56","guid":{"rendered":"https:\/\/www.sisinternational.com\/?page_id=47688"},"modified":"2026-03-25T01:11:38","modified_gmt":"2026-03-25T05:11:38","slug":"balanced-scorecard-marktforschung","status":"publish","type":"page","link":"https:\/\/www.sisinternational.com\/de\/losungen\/strategieberatung\/balanced-scorecard-marktforschung\/","title":{"rendered":"Balanced Scorecard Marktforschung"},"content":{"rendered":"<h1 class=\"wp-block-heading\">Balanced Scorecard Marktforschung<\/h1>\n\n\n\n<figure class=\"gb-block-image gb-block-image-567db959\"><img loading=\"lazy\" decoding=\"async\" width=\"1456\" height=\"816\" class=\"gb-image gb-image-567db959\" src=\"https:\/\/www.sisinternational.com\/wp-content\/uploads\/2025\/09\/Quantitative-research-3.jpg\" alt=\"SIS International Marktforschung &amp; Strategie\" title=\"Quantitative research (3)\" srcset=\"https:\/\/www.sisinternational.com\/wp-content\/uploads\/2025\/09\/Quantitative-research-3.jpg 1456w, https:\/\/www.sisinternational.com\/wp-content\/uploads\/2025\/09\/Quantitative-research-3-300x168.jpg 300w, https:\/\/www.sisinternational.com\/wp-content\/uploads\/2025\/09\/Quantitative-research-3-1024x574.jpg 1024w, https:\/\/www.sisinternational.com\/wp-content\/uploads\/2025\/09\/Quantitative-research-3-768x430.jpg 768w, https:\/\/www.sisinternational.com\/wp-content\/uploads\/2025\/09\/Quantitative-research-3-18x10.jpg 18w\" sizes=\"auto, (max-width: 1456px) 100vw, 1456px\"><\/figure>\n\n\n\n<p><\/p>\n\n\n\n<hr class=\"wp-block-separator has-alpha-channel-opacity is-style-dots\"\/>\n\n\n\n<p>Ein Hauptziel der Balanced Scorecard-Marktforschung besteht darin, Organisationen dabei zu helfen, die Vorteile und Best Practices der Implementierung des Balanced Scorecard-Frameworks zu verstehen. Diese Informationen helfen anderen Organisationen dabei, die Machbarkeit und die potenziellen Vorteile der Einf\u00fchrung des Balanced Scorecard-Frameworks einzusch\u00e4tzen.<\/p>\n\n\n\n<p>Die Balanced Scorecard (BSC) hat sich als wichtiges strategisches Managementinstrument herausgestellt, das es Unternehmen erm\u00f6glicht, ihre Aktivit\u00e4ten an ihrer Vision und Strategie auszurichten. Da Unternehmen nach mehr Leistung und Verantwortlichkeit streben, steigt die Nachfrage nach Balanced Scorecard-L\u00f6sungen. Aus diesem Grund bietet die Marktforschung zur Balanced Scorecard wertvolle Einblicke in Branchentrends, bew\u00e4hrte Verfahren und technologische Fortschritte und erm\u00f6glicht es Unternehmen, ihre strategischen Planungs- und Leistungsmanagementprozesse zu verbessern.<\/p>\n\n\n\n<h2 class=\"wp-block-heading\">Was ist Balanced Scorecard-Marktforschung und warum ist sie wichtig?<\/h2>\n\n\n\n<p>Die Marktforschung zur Balanced Scorecard unterst\u00fctzt Unternehmen dabei, das Balanced Scorecard-Framework f\u00fcr strategisches Management und Leistungsmessung zu verstehen und zu implementieren.<\/p>\n\n\n\n<p>This market <a href=\"https:\/\/www.sisinternational.com\/de\/losungen\/ai-marktforschung-und-strategieberatung\/computer-vision-ki-marktforschung\/\" title=\"Marktforschung f\u00fcr Computer Vision-KI\"  data-wpil-monitor-id=\"6899\">Forschung<\/a> offers businesses a strategic framework for translating their vision into tangible objectives and key performance indicators (KPIs). Companies can tailor their <a href=\"https:\/\/www.sisinternational.com\/de\/fintech-trends-2025\/\" title=\"FinTech Trends\"  data-wpil-monitor-id=\"10380\">strategies by analyzing market trends<\/a> and competitor performance to capitalize on emerging opportunities and mitigate potential threats.<\/p>\n\n\n\n<p>Dar\u00fcber hinaus bietet die Balanced Scorecard-Marktforschung einen umfassenden \u00dcberblick \u00fcber die Leistungsf\u00e4higkeit eines Unternehmens in verschiedenen Dimensionen wie Finanzen, Kunden, interne Prozesse sowie Lernen und Wachstum. Ebenso liefert die Balanced Scorecard-Marktforschung Unternehmen die erforderlichen Erkenntnisse, um den Fortschritt im Hinblick auf ihre Ziele zu messen und ihre Strategien entsprechend anzupassen.<\/p>\n\n\n\n<h2 class=\"wp-block-heading\">Erwartete Ergebnisse der Balanced Scorecard-Marktforschung von SIS International<\/h2>\n\n\n\n<p>Wenn Unternehmen mit SIS International eine Balanced Scorecard-Marktforschung durchf\u00fchren, k\u00f6nnen sie mit mehreren Ergebnissen rechnen, die zu ihrer strategischen Entscheidungsfindung und Leistungssteigerung beitragen:<\/p>\n\n\n\n<ul class=\"wp-block-list\">\n<li><strong>Umfassende Brancheneinblicke:<\/strong> Die Marktforschungskompetenz von SIS International gew\u00e4hrleistet, dass Unternehmen umfassende Einblicke in Branchentrends, Wettbewerbsstrategien, Kundenpr\u00e4ferenzen und Chancen auf neuen M\u00e4rkten erhalten. Dieses ganzheitliche Verst\u00e4ndnis erm\u00f6glicht es Unternehmen, fundierte Entscheidungen zu treffen und der Konkurrenz einen Schritt voraus zu sein.<\/li>\n\n\n\n<li><strong>Umsetzbare Leistungsmetriken:<\/strong> SIS International liefert umsetzbare Leistungskennzahlen, die auf die spezifischen Bed\u00fcrfnisse und Ziele jedes Kunden zugeschnitten sind. Durch die Analyse der wichtigsten Leistungsindikatoren (KPIs) aus den Bereichen Finanzen, Kunden, interne Prozesse sowie Lern- und Wachstumsperspektive k\u00f6nnen Unternehmen St\u00e4rken, Schw\u00e4chen und Verbesserungsm\u00f6glichkeiten identifizieren.<\/li>\n\n\n\n<li><strong>Strategische Empfehlungen:<\/strong> Through rigorous <a href=\"https:\/\/www.sisinternational.com\/de\/losungen\/qualitative-quantitative-forschungslosungen\/chaid-analyse-marktforschung\/\" title=\"CHAID Analyse Marktforschung\"  data-wpil-monitor-id=\"10391\">analysis and interpretation of market<\/a> data, SIS provides strategic recommendations that align with the organization&#8217;s goals and priorities. These recommendations guide decision-making processes, inform resource allocation, and support the <a href=\"https:\/\/www.sisinternational.com\/de\/losungen\/strategieberatung\/strategieentwicklung-umsetzungsberatung\/\" title=\"Strategieentwicklung und Umsetzungsberatung\"  data-wpil-monitor-id=\"10393\">development of effective strategies<\/a> for sustainable growth.<\/li>\n\n\n\n<li><strong>Benchmarking und Vergleichsanalyse:<\/strong> SIS bietet Benchmarking- und Vergleichsanalysedienste an, mit denen Unternehmen ihre Leistung im Vergleich zu Branchenkollegen und branchenf\u00fchrenden Unternehmen bewerten k\u00f6nnen. Mit diesem Benchmarking k\u00f6nnen Organisationen L\u00fccken identifizieren, realistische Ziele festlegen und den Fortschritt bei der Erreichung strategischer Ziele messen.<\/li>\n\n\n\n<li><strong>Kultur der kontinuierlichen Verbesserung:<\/strong> SIS International&#8217;s emphasis on constant improvement fosters a culture of <a href=\"https:\/\/www.sisinternational.com\/de\/sis-bringt-neue-digitale-forschungslosungen-auf-den-markt\/\" title=\"SIS f\u00fchrt neue Digital Research-L\u00f6sungen ein\"  data-wpil-monitor-id=\"10383\">Innovation<\/a>, agility, and adaptability within client organizations. By leveraging <a href=\"https:\/\/www.sisinternational.com\/de\/sis-fallstudie-zu-store-insights-weltweit\/\" title=\"Einblicke in die Kundenerfahrung im Gesch\u00e4ft \u2013 Fallstudie zur Marktforschung\"  data-wpil-monitor-id=\"10388\">insights from market research<\/a>, businesses can iterate on their strategies, refine their processes, and drive continuous performance improvements over time.<\/li>\n\n\n\n<li><strong>Messbarer ROI:<\/strong> Die Balanced Scorecard-Marktforschung von SIS International liefert einen quantifizierbaren Return on Investment (ROI), indem sie Unternehmen erm\u00f6glicht, ihre Ressourcen zu optimieren, Risiken zu minimieren und Wachstumschancen zu nutzen. Die greifbaren Ergebnisse der Forschung lassen sich in reale Gesch\u00e4ftsergebnisse umsetzen und f\u00f6rdern so eine nachhaltige Wertsch\u00f6pfung f\u00fcr die Kunden.<\/li>\n<\/ul>\n\n\n\n<h2 class=\"wp-block-heading\">Gelegenheiten<\/h2>\n\n\n\n<figure class=\"gb-block-image gb-block-image-bc0ed26f\"><img loading=\"lazy\" decoding=\"async\" width=\"1456\" height=\"816\" class=\"gb-image gb-image-bc0ed26f\" src=\"https:\/\/www.sisinternational.com\/wp-content\/uploads\/2025\/09\/Quantitative-research-4.jpg\" alt=\"SIS International Marktforschung &amp; Strategie\" title=\"Quantitative research (4)\" srcset=\"https:\/\/www.sisinternational.com\/wp-content\/uploads\/2025\/09\/Quantitative-research-4.jpg 1456w, https:\/\/www.sisinternational.com\/wp-content\/uploads\/2025\/09\/Quantitative-research-4-300x168.jpg 300w, https:\/\/www.sisinternational.com\/wp-content\/uploads\/2025\/09\/Quantitative-research-4-1024x574.jpg 1024w, https:\/\/www.sisinternational.com\/wp-content\/uploads\/2025\/09\/Quantitative-research-4-768x430.jpg 768w, https:\/\/www.sisinternational.com\/wp-content\/uploads\/2025\/09\/Quantitative-research-4-18x10.jpg 18w\" sizes=\"auto, (max-width: 1456px) 100vw, 1456px\"><\/figure>\n\n\n\n<p><\/p>\n\n\n\n<p>Balanced Scorecard-Frameworks bieten Unternehmen zahlreiche M\u00f6glichkeiten, ihre Leistung zu verbessern, die strategische Ausrichtung voranzutreiben und nachhaltiges Wachstum zu erzielen. Einige wichtige M\u00f6glichkeiten bei der Verwendung von Balanced Scorecards sind:<\/p>\n\n\n\n<ul class=\"wp-block-list\">\n<li><strong>St\u00e4ndige Verbesserung:<\/strong> Die Balanced Scorecard f\u00f6rdert eine Kultur der kontinuierlichen Verbesserung, indem sie regelm\u00e4\u00dfige Leistungs\u00fcberwachung, Analyse und Feedback f\u00f6rdert. Unternehmen k\u00f6nnen Ineffizienzen, Engp\u00e4sse und Optimierungsm\u00f6glichkeiten identifizieren, was im Laufe der Zeit zu schrittweisen Verbesserungen von Prozessen, Produkten und Dienstleistungen f\u00fchrt.<\/li>\n\n\n\n<li><strong>Risikomanagement:<\/strong> Balanced Scorecards erleichtern das Risikomanagement, indem sie potenzielle Risiken und Schwachstellen in verschiedenen Gesch\u00e4ftsbereichen identifizieren. Durch die \u00dcberwachung von Fr\u00fchindikatoren und Fr\u00fchwarnzeichen k\u00f6nnen Unternehmen Risiken vorhersehen und eind\u00e4mmen, bevor sie eskalieren. So sind sie vor St\u00f6rungen gesch\u00fctzt und k\u00f6nnen ihre Widerstandsf\u00e4higkeit sicherstellen.<\/li>\n\n\n\n<li><strong>Kundenzufriedenheit und -treue:<\/strong> By incorporating customer-centric metrics into the balanced scorecard, businesses can track and <a href=\"https:\/\/www.sisinternational.com\/de\/verbesserung-der-kundenbeziehungen\/\" title=\"So steigern Sie die Kundenzufriedenheit und begeistern unzufriedene Kunden\"  data-wpil-monitor-id=\"10374\">improve customer satisfaction<\/a>, loyalty, and retention. Understanding customer needs and preferences enables organizations to deliver superior products, services, and experiences that differentiate them from competitors.<\/li>\n\n\n\n<li><strong>Den Stakeholdern den Wert demonstrieren:<\/strong> Balanced Scorecards bieten einen strukturierten Rahmen f\u00fcr die Kommunikation von Leistungsergebnissen und die Demonstration des Werts gegen\u00fcber Stakeholdern wie Investoren, Aktion\u00e4ren, Kunden und Mitarbeitern. Klare und pr\u00e4gnante Leistungsberichte erh\u00f6hen die Transparenz, Glaubw\u00fcrdigkeit und das Vertrauen in die F\u00e4higkeit des Unternehmens, Ergebnisse zu liefern.<\/li>\n<\/ul>\n\n\n\n<h2 class=\"wp-block-heading\">Herausforderungen<\/h2>\n\n\n\n<p>Balanced Scorecard-Systeme bieten zwar zahlreiche Vorteile, doch bei der Implementierung und Verwaltung stehen Unternehmen vor Herausforderungen. Zu diesen Herausforderungen geh\u00f6ren:<\/p>\n\n\n\n<ul class=\"wp-block-list\">\n<li><strong>Komplexit\u00e4t und Anpassung:<\/strong> Die Entwicklung und Implementierung einer Balanced Scorecard, die auf die spezifischen Bed\u00fcrfnisse und Ziele des Unternehmens zugeschnitten ist, kann komplex und zeitaufw\u00e4ndig sein. Unternehmen m\u00fcssen Ressourcen in die Definition relevanter Kennzahlen, die Festlegung von Zielen und die Ausrichtung der Scorecard an strategischen Priorit\u00e4ten investieren.<\/li>\n\n\n\n<li><strong>Datenverf\u00fcgbarkeit und -qualit\u00e4t:<\/strong> Es kann eine Herausforderung sein, genaue und zuverl\u00e4ssige Daten f\u00fcr die Balanced Scorecard zu erhalten. Unternehmen k\u00f6nnen auf Probleme im Zusammenhang mit Datensilos, inkonsistenten Datenquellen und Datenqualit\u00e4tsproblemen sto\u00dfen, die zu Diskrepanzen und Ungenauigkeiten bei der Leistungsmessung f\u00fchren.<\/li>\n\n\n\n<li><strong>Widerstand zur Aenderung:<\/strong> Introducing a balanced scorecard often requires a cultural shift within the organization, which may be met with resistance from employees accustomed to traditional performance management approaches. Overcoming resistance requires effective <a href=\"https:\/\/www.sisinternational.com\/de\/losungen\/fintech-strategieberatung-forschung\/finanzdienstleistungs-change-management-marktforschungsstrategieberatung\/\" title=\"Financial Service Change Management Marktforschung und Strategieberatung\"  data-wpil-monitor-id=\"10387\">change management strategies<\/a>, communication, and leadership support.<\/li>\n\n\n\n<li><strong>Integration mit bestehenden Systemen:<\/strong> Die Integration der Balanced Scorecard in vorhandene Systeme wie ERP-, CRM- und BI-Plattformen kann aufgrund von Kompatibilit\u00e4tsproblemen und technischen Einschr\u00e4nkungen eine Herausforderung darstellen. Unternehmen ben\u00f6tigen m\u00f6glicherweise ma\u00dfgeschneiderte L\u00f6sungen oder Tools von Drittanbietern, um eine nahtlose Integration und einen reibungslosen Datenfluss zu gew\u00e4hrleisten.<\/li>\n<\/ul>\n\n\n\n<h2 class=\"wp-block-heading\">Wie die Dienstleistungen von SIS International Unternehmen bei der Implementierung einer Balanced Scorecard unterst\u00fctzen<\/h2>\n\n\n\n<p>SIS International bietet eine umfassende Palette von Dienstleistungen zur Unterst\u00fctzung von Unternehmen in allen Phasen der Implementierung und Verwaltung einer Balanced Scorecard. Mithilfe seiner Expertise in Marktforschung, strategischer Beratung und Datenanalyse unterst\u00fctzt SIS seine Kunden dabei, den Wert ihrer Balanced Scorecard-Initiativen zu maximieren.<\/p>\n\n\n\n<ul class=\"wp-block-list\">\n<li><strong>Ma\u00dfgeschneiderte Marktforschung:<\/strong> SIS conducts customized balanced scorecard market research to provide businesses with actionable insights into industry trends, competitor strategies, customer preferences, and market dynamics. This research forms the foundation for designing <a href=\"https:\/\/www.sisinternational.com\/de\/die-globale-luftfahrtindustrie\/\" title=\"Luftfahrtmarktforschung\"  data-wpil-monitor-id=\"1765\">balanced scorecards<\/a> aligned with the organization&#8217;s strategic objectives and market realities.<\/li>\n\n\n\n<li><strong>Strategische Beratung:<\/strong> Wir bieten Beratungsdienste an, die Unternehmen dabei helfen, ihre strategischen Ziele zu definieren, Leistungsmesswerte zu entwickeln und Balanced Scorecard-Frameworks zu entwerfen, die Ausrichtung und Verantwortlichkeit f\u00f6rdern. Unsere erfahrenen Berater arbeiten mit Kunden zusammen, um strategische Priorit\u00e4ten durch Balanced Scorecard-Marktforschung in umsetzbare Initiativen und KPIs umzusetzen.<\/li>\n\n\n\n<li><a href=\"https:\/\/www.sisinternational.com\/de\/sis-stellt-plattform-fur-datenwissenschaft-und-quantitative-analyse-vor\/\" title=\"SIS stellt Plattform f\u00fcr Data Science und quantitative Analytik vor\"  data-wpil-monitor-id=\"10385\">Data Analytics and Performance Measurement: SIS<\/a> International leverages advanced data analytics techniques to analyze performance data, identify trends, and derive actionable insights from balanced scorecard metrics. Our internal analytics capabilities enable businesses to track performance, measure progress, and make data-driven decisions that drive business outcomes.<\/li>\n\n\n\n<li><strong>Unterst\u00fctzung beim \u00c4nderungsmanagement:<\/strong> SIS bietet Change-Management-Unterst\u00fctzung, um Unternehmen dabei zu helfen, die organisatorischen Ver\u00e4nderungen zu bew\u00e4ltigen, die mit der Implementierung einer Balanced Scorecard einhergehen. Unsere Experten entwickeln Kommunikationspl\u00e4ne, f\u00fchren Aktivit\u00e4ten zur Einbindung der Interessengruppen durch und organisieren Schulungen, um die Akzeptanz und Akzeptanz in der Organisation sicherzustellen.<\/li>\n\n\n\n<li><strong>Benchmarking und Best Practices:<\/strong> SIS International bietet Benchmarking-Dienste an, mit denen Unternehmen ihre Leistung mit der von Branchenkollegen und Best Practices vergleichen k\u00f6nnen. Durch das Benchmarking von Leistungskennzahlen erhalten Unternehmen wertvolle Einblicke in ihre relative Leistung, k\u00f6nnen Verbesserungsbereiche identifizieren und realistische Ziele f\u00fcr eine kontinuierliche Verbesserung festlegen.<\/li>\n<\/ul>","protected":false},"excerpt":{"rendered":"<p>Die Marktforschung zur Balanced Scorecard kann Unternehmen beim strategischen Management und bei der Leistungsmessung helfen.<\/p>","protected":false},"author":1,"featured_media":67017,"parent":14567,"menu_order":41,"comment_status":"closed","ping_status":"closed","template":"","meta":{"footnotes":""},"class_list":["post-47688","page","type-page","status-publish","has-post-thumbnail"],"_links":{"self":[{"href":"https:\/\/www.sisinternational.com\/de\/wp-json\/wp\/v2\/pages\/47688","targetHints":{"allow":["GET"]}}],"collection":[{"href":"https:\/\/www.sisinternational.com\/de\/wp-json\/wp\/v2\/pages"}],"about":[{"href":"https:\/\/www.sisinternational.com\/de\/wp-json\/wp\/v2\/types\/page"}],"author":[{"embeddable":true,"href":"https:\/\/www.sisinternational.com\/de\/wp-json\/wp\/v2\/users\/1"}],"replies":[{"embeddable":true,"href":"https:\/\/www.sisinternational.com\/de\/wp-json\/wp\/v2\/comments?post=47688"}],"version-history":[{"count":8,"href":"https:\/\/www.sisinternational.com\/de\/wp-json\/wp\/v2\/pages\/47688\/revisions"}],"predecessor-version":[{"id":81711,"href":"https:\/\/www.sisinternational.com\/de\/wp-json\/wp\/v2\/pages\/47688\/revisions\/81711"}],"up":[{"embeddable":true,"href":"https:\/\/www.sisinternational.com\/de\/wp-json\/wp\/v2\/pages\/14567"}],"wp:featuredmedia":[{"embeddable":true,"href":"https:\/\/www.sisinternational.com\/de\/wp-json\/wp\/v2\/media\/67017"}],"wp:attachment":[{"href":"https:\/\/www.sisinternational.com\/de\/wp-json\/wp\/v2\/media?parent=47688"}],"curies":[{"name":"wp","href":"https:\/\/api.w.org\/{rel}","templated":true}]}}