{"id":47686,"date":"2024-04-20T14:55:10","date_gmt":"2024-04-20T18:55:10","guid":{"rendered":"https:\/\/www.sisinternational.com\/?page_id=47686"},"modified":"2026-01-27T15:22:27","modified_gmt":"2026-01-27T20:22:27","slug":"marktforschung-fur-arbeitsplattengerate","status":"publish","type":"page","link":"https:\/\/www.sisinternational.com\/de\/sachverstand\/marktforschung-fur-arbeitsplattengerate\/","title":{"rendered":"Marktforschung f\u00fcr Arbeitsplattenger\u00e4te"},"content":{"rendered":"<h1 class=\"wp-block-heading\">Marktforschung f\u00fcr Arbeitsplattenger\u00e4te<\/h1>\n\n\n\n<figure class=\"gb-block-image gb-block-image-958b621e\"><img loading=\"lazy\" decoding=\"async\" width=\"1456\" height=\"816\" class=\"gb-image gb-image-958b621e\" src=\"https:\/\/www.sisinternational.com\/wp-content\/uploads\/2025\/10\/Countertop-2.jpg\" alt=\"SIS International Marktforschung &amp; Strategie\" title=\"Countertop (2)\" srcset=\"https:\/\/www.sisinternational.com\/wp-content\/uploads\/2025\/10\/Countertop-2.jpg 1456w, https:\/\/www.sisinternational.com\/wp-content\/uploads\/2025\/10\/Countertop-2-300x168.jpg 300w, https:\/\/www.sisinternational.com\/wp-content\/uploads\/2025\/10\/Countertop-2-1024x574.jpg 1024w, https:\/\/www.sisinternational.com\/wp-content\/uploads\/2025\/10\/Countertop-2-768x430.jpg 768w, https:\/\/www.sisinternational.com\/wp-content\/uploads\/2025\/10\/Countertop-2-18x10.jpg 18w\" sizes=\"auto, (max-width: 1456px) 100vw, 1456px\"><\/figure>\n\n\n\n<hr class=\"wp-block-separator has-alpha-channel-opacity is-style-dots\"\/>\n\n\n\n<p><\/p>\n\n\n\n<p>Die Marktforschung zu Arbeitsplattenger\u00e4ten hilft Unternehmen, die Marktdynamik zu verstehen, Wachstumschancen zu erkennen und Strategien zu entwickeln, um erfolgreich auf dem Markt zu konkurrieren.<\/p>\n\n\n\n<p>M\u00f6chten Sie von der wachsenden Nachfrage nach Thekenger\u00e4ten in der Gastronomie profitieren? Die Marktforschung zu Thekenger\u00e4ten liefert wichtige Einblicke in Markttrends, Verbraucherpr\u00e4ferenzen und Wettbewerbsstrategien und bietet Unternehmen einen Leitfaden, um sich in diesem dynamischen Umfeld zurechtzufinden.<\/p>\n\n\n\n<h2 class=\"wp-block-heading\">Was ist Marktforschung f\u00fcr Arbeitsplattenger\u00e4te?<\/h2>\n\n\n\n<p>Countertop <a href=\"https:\/\/www.sisinternational.com\/de\/sachverstand\/branchen\/was-ist-bohr-und-extraktionsausrustung\/\" title=\"Marktforschung f\u00fcr Bohr- und F\u00f6rderausr\u00fcstung\"  data-wpil-monitor-id=\"3157\">equipment market research<\/a> helps businesses understand the market landscape, trends, and opportunities for countertop equipment used in commercial kitchens, food service establishments, and other settings. This research is essential for manufacturers, distributors, and other stakeholders in the foodservice industry looking to develop or expand their countertop equipment offerings.<\/p>\n\n\n\n<p>Es sammelt Daten zur Marktgr\u00f6\u00dfe, zu Wachstumsraten und zu den wichtigsten Wachstumstreibern, wie etwa sich \u00e4ndernde Verbraucherpr\u00e4ferenzen und regulatorische Entwicklungen. Diese Informationen helfen den Beteiligten, den aktuellen Zustand des Marktes zu verstehen und zuk\u00fcnftige Trends vorherzusehen.<\/p>\n\n\n\n<h2 class=\"wp-block-heading\">Warum ben\u00f6tigen Unternehmen Marktforschung zu Arbeitsplattenger\u00e4ten?<\/h2>\n\n\n\n<p>Die Marktforschung zu Arbeitsplattenger\u00e4ten hilft Unternehmen, Markttrends, Kundenpr\u00e4ferenzen und Angebote der Konkurrenz zu verstehen. Sie kann wertvolle Einblicke in die Marktnachfrage, Preisstrategien und neue Technologien liefern, sodass Unternehmen Wettbewerbsstrategien entwickeln und ihre Rentabilit\u00e4t maximieren k\u00f6nnen.<\/p>\n\n\n\n<p>Dar\u00fcber hinaus erhalten Unternehmen durch Marktforschung f\u00fcr Arbeitsplattenger\u00e4te Einblicke in gesetzliche Anforderungen und Industriestandards. Sie hilft Unternehmen auch dabei, neue Trends und Technologien zu erkennen und so innovative Produkte und Dienstleistungen zu entwickeln, die den Kundenbed\u00fcrfnissen entsprechen.<\/p>\n\n\n\n<h2 class=\"wp-block-heading\">Wer nutzt die Marktforschung f\u00fcr Arbeitsplattenger\u00e4te?<\/h2>\n\n\n\n<p>Hersteller von Arbeitsplattenger\u00e4ten verlassen sich auf Marktforschung, um Marktbed\u00fcrfnisse zu identifizieren, neue Produkte zu entwickeln und bestehende zu verbessern. Durch die Analyse von Markttrends und Kundenpr\u00e4ferenzen k\u00f6nnen Hersteller strategische Entscheidungen \u00fcber Produktdesign, Funktionen und Preise treffen.<\/p>\n\n\n\n<p>Retailers and distributors use <a href=\"https:\/\/www.sisinternational.com\/de\/asiatischer-einzelhandelsmarkt\/\" title=\"Asiatische Einzelhandelsmarktforschung\"  data-wpil-monitor-id=\"2676\">Marktforschung f\u00fcr Arbeitsplattenger\u00e4te<\/a> to assess demand for countertop equipment, identify popular brands and models, and optimize their inventory management strategies. By understanding market dynamics, retailers and distributors can make informed decisions about product selection, pricing, and promotion.<\/p>\n\n\n\n<p>Betreiber von Gastronomiebetrieben nutzen Marktforschung, um verschiedene Optionen f\u00fcr Arbeitsplattenausstattung zu bewerten, Branchentrends zu verstehen und Kaufentscheidungen zu treffen, die ihren Gesch\u00e4ftsanforderungen entsprechen. Mit Marktdaten k\u00f6nnen sie Ger\u00e4te ausw\u00e4hlen, die die Effizienz verbessern, Kosten senken und das Kundenerlebnis verbessern.<\/p>\n\n\n\n<p>Industry associations and trade organizations rely on <a href=\"https:\/\/www.sisinternational.com\/de\/das-eu-emissionshandelssystem-verstehen-ein-sis-bericht\/\" title=\"Marktforschung zum Emissionshandel\"  data-wpil-monitor-id=\"1729\">Marktforschung f\u00fcr Arbeitsplattenger\u00e4te<\/a> to provide valuable insights to their members and stakeholders. Through <a href=\"https:\/\/www.sisinternational.com\/de\/taylor-universitat\/\" title=\"Marktforschungsstudie zum Universit\u00e4tscurriculum\"  data-wpil-monitor-id=\"7256\">market research studies<\/a>, these organizations can identify industry trends, highlight best practices, and advocate for policies that support the growth of the countertop equipment market.<\/p>\n\n\n\n<h2 class=\"wp-block-heading\">Wann sollte eine Marktforschung f\u00fcr Arbeitsplattenger\u00e4te durchgef\u00fchrt werden?<\/h2>\n\n\n\n<figure class=\"gb-block-image gb-block-image-dc035c6d\"><img loading=\"lazy\" decoding=\"async\" width=\"1456\" height=\"816\" class=\"gb-image gb-image-dc035c6d\" src=\"https:\/\/www.sisinternational.com\/wp-content\/uploads\/2025\/10\/Countertop-4.jpg\" alt=\"SIS International Marktforschung &amp; Strategie\" title=\"Countertop (4)\" srcset=\"https:\/\/www.sisinternational.com\/wp-content\/uploads\/2025\/10\/Countertop-4.jpg 1456w, https:\/\/www.sisinternational.com\/wp-content\/uploads\/2025\/10\/Countertop-4-300x168.jpg 300w, https:\/\/www.sisinternational.com\/wp-content\/uploads\/2025\/10\/Countertop-4-1024x574.jpg 1024w, https:\/\/www.sisinternational.com\/wp-content\/uploads\/2025\/10\/Countertop-4-768x430.jpg 768w, https:\/\/www.sisinternational.com\/wp-content\/uploads\/2025\/10\/Countertop-4-18x10.jpg 18w\" sizes=\"auto, (max-width: 1456px) 100vw, 1456px\"><\/figure>\n\n\n\n<p><\/p>\n\n\n\n<p>Marktforschung f\u00fcr Arbeitsplattenger\u00e4te sollte strategisch durchgef\u00fchrt werden, um Entscheidungen zu treffen und das Unternehmenswachstum voranzutreiben. Hier sind einige kritische Szenarien, in denen Unternehmen \u00fcber die Durchf\u00fchrung von Marktforschung nachdenken sollten:<\/p>\n\n\n\n<ul class=\"wp-block-list\">\n<li><strong>Markteintritt oder -erweiterung:<\/strong> Bevor Unternehmen in einen neuen Markt eintreten oder in neue geografische Regionen expandieren, sollten sie eine gr\u00fcndliche Marktforschung durchf\u00fchren, um Marktnachfrage, Wettbewerb, beh\u00f6rdliche Anforderungen und Verbraucherpr\u00e4ferenzen zu bewerten. Das Verst\u00e4ndnis der Bed\u00fcrfnisse und Pr\u00e4ferenzen des Zielmarktes ist f\u00fcr die Entwicklung effektiver Markteintrittsstrategien und die wettbewerbsf\u00e4hige Positionierung von Produkten\/Dienstleistungen von entscheidender Bedeutung.<\/li>\n\n\n\n<li><strong>Produktentwicklung:<\/strong> Bei der Entwicklung neuer Produkte f\u00fcr Arbeitsplattenger\u00e4te oder der Markteinf\u00fchrung von Produkterweiterungen sollten Unternehmen Marktforschung betreiben, um Konzepte zu validieren, die Marktnachfrage einzusch\u00e4tzen, Produktmerkmale zu ermitteln, die bei der Zielgruppe Anklang finden, und potenzielle Preisstrategien zu bewerten.<\/li>\n\n\n\n<li><strong>Wettbewerbsanalyse:<\/strong> Unternehmen sollten regelm\u00e4\u00dfig Wettbewerbsanalysen durchf\u00fchren, um die Aktivit\u00e4ten der Konkurrenz zu \u00fcberwachen, Markttrends zu verfolgen und neue Bedrohungen und Chancen zu erkennen. Durch Benchmarking mit der Konkurrenz k\u00f6nnen Unternehmen ihre Marktpositionierung, Preisstrategien, Produktangebote und Werbetaktiken bewerten, sodass sie ihren Ansatz verfeinern und einen Wettbewerbsvorteil aufrechterhalten k\u00f6nnen.<\/li>\n\n\n\n<li><strong>Strategische Planung:<\/strong> Marktforschung ist f\u00fcr die strategische Planung und Entscheidungsfindung von Unternehmen von entscheidender Bedeutung. Durch die Analyse von Markttrends, Verbraucherverhalten und Branchendynamik k\u00f6nnen Unternehmen Wachstumschancen erkennen, Marktrisiken einsch\u00e4tzen und strategische Initiativen entwickeln, um von neuen Trends zu profitieren oder potenzielle Bedrohungen zu mildern.<\/li>\n<\/ul>\n\n\n\n<h2 class=\"wp-block-heading\">Erwartete Ergebnisse der Marktforschung von SIS International zu Arbeitsplattenger\u00e4ten<\/h2>\n\n\n\n<p>When businesses engage SIS International for <a href=\"https:\/\/www.sisinternational.com\/de\/widerstandsfahigkeit-von-unternehmen-coronavirus\/\" title=\"Business Resilience Marktforschung in Covid\"  data-wpil-monitor-id=\"7291\">Marktforschung f\u00fcr Arbeitsplattenger\u00e4te<\/a> services, they can expect to achieve the following outcomes:<\/p>\n\n\n\n<ul class=\"wp-block-list\">\n<li><strong>Umfassende Markteinblicke:<\/strong> SIS f\u00fchrt gr\u00fcndliche Marktforschung zu Arbeitsplattenausr\u00fcstung durch, um Unternehmen umfassende Einblicke in den Markt f\u00fcr Arbeitsplattenausr\u00fcstung zu geben. Wir bieten detaillierte Berichte zu Marktgr\u00f6\u00dfe, Wachstumstrends, Schl\u00fcsselfaktoren, Herausforderungen und neuen Chancen.<\/li>\n\n\n\n<li><strong>Wettbewerbsintelligenz:<\/strong> Wir f\u00fchren eine Wettbewerbsanalyse durch, um die Wettbewerbslandschaft in der Branche f\u00fcr Arbeitsplattenger\u00e4te zu bewerten. Kunden erhalten Einblicke in die Strategien, Produktangebote, Preistaktiken, Vertriebskan\u00e4le und Marktpositionierung der Wettbewerber.<\/li>\n\n\n\n<li><strong>Kundenverst\u00e4ndnis:<\/strong> Die Berater von SIS International nutzen qualitative und quantitative Forschungsmethoden, um Unternehmen dabei zu helfen, die Vorlieben, Bed\u00fcrfnisse und das Kaufverhalten ihrer Kunden besser zu verstehen. Die Kunden erhalten Einblicke in die Demografie, Kaufkriterien, Markenwahrnehmung und Zufriedenheitsniveaus ihrer Kunden.<\/li>\n\n\n\n<li><strong>Anleitung zur Produktentwicklung:<\/strong> SIS unterst\u00fctzt Unternehmen bei der Identifizierung von M\u00f6glichkeiten zur Produktentwicklung oder -verbesserung auf der Grundlage von Marktanforderungen und Kundenpr\u00e4ferenzen. Unsere Kunden erhalten Empfehlungen zu Produktmerkmalen, Designverbesserungen und Preisstrategien, um den sich entwickelnden Marktanforderungen gerecht zu werden.<\/li>\n\n\n\n<li><strong>Markteintrittsstrategien:<\/strong> SIS International provides market entry <a href=\"https:\/\/www.sisinternational.com\/de\/hartford-connecticut-stadtentwicklung\/\" title=\"Marktforschung in Hartford, Connecticut\"  data-wpil-monitor-id=\"7317\">strategies based on thorough market research<\/a> and analysis for businesses looking to enter new markets or expand their geographic footprint.<\/li>\n\n\n\n<li><strong>Risikominderung:<\/strong> SIS International unterst\u00fctzt Unternehmen bei der Identifizierung und Minderung von Risiken, die mit Markteintritt, Produktentwicklung und Wettbewerbsherausforderungen verbunden sind. Kunden erhalten Einblicke in potenzielle Marktbarrieren, regulatorische H\u00fcrden und Bedrohungen durch Wettbewerber und k\u00f6nnen so ein proaktives Risikomanagement durchf\u00fchren.<\/li>\n\n\n\n<li><strong>Langfristige Partnerschaften:<\/strong> SIS International strebt langfristige Kundenpartnerschaften an, indem es hochwertige Forschungsdienstleistungen, umsetzbare Erkenntnisse und einen au\u00dfergew\u00f6hnlichen Kundenservice bietet. Wir bieten kontinuierliche Unterst\u00fctzung, Zusammenarbeit und Fachwissen, um nachhaltiges Wachstum und Erfolg auf dem Markt f\u00fcr Arbeitsplattenger\u00e4te voranzutreiben.<\/li>\n<\/ul>\n\n\n\n<h2 class=\"wp-block-heading\">Technologien und Werkzeuge, die in der Marktforschung f\u00fcr Arbeitsplattenger\u00e4te eingesetzt werden<\/h2>\n\n\n\n<p>Bei der Durchf\u00fchrung umfassender Marktforschung f\u00fcr Arbeitsplattenger\u00e4te verwendet SIS International verschiedene fortschrittliche Technologien und Tools, um Daten effektiv zu sammeln, zu analysieren und zu interpretieren. Zu diesen Technologien und Tools geh\u00f6ren:<\/p>\n\n\n\n<ul class=\"wp-block-list\">\n<li><strong>Datenanalyseplattformen:<\/strong> SIS International verwendet hochentwickelte Datenanalyseplattformen, um gro\u00dfe Mengen an Marktdaten zu analysieren, darunter Verkaufszahlen, demografische Daten der Verbraucher und Wettbewerbsinformationen. Diese Plattformen nutzen fortschrittliche Algorithmen und maschinelle Lerntechniken, um aussagekr\u00e4ftige Erkenntnisse und Trends auf dem Markt f\u00fcr Arbeitsplattenger\u00e4te aufzudecken.<\/li>\n\n\n\n<li><strong>Online-Umfragen:<\/strong> Online-Umfragen sind ein wertvolles Instrument zur Erfassung quantitativer Daten von einem gro\u00dfen und vielf\u00e4ltigen Publikum aus Gastronomiebetreibern, K\u00f6chen und Branchenexperten. SIS International nutzt Online-Umfrageplattformen wie Qualtrics, um Umfragen zu entwerfen, zu verteilen und zu analysieren, die auf bestimmte Forschungsziele zugeschnitten sind und Erkenntnisse \u00fcber Marktpr\u00e4ferenzen, Kaufverhalten und Markenwahrnehmung sammeln.<\/li>\n\n\n\n<li><strong>Schwerpunktgruppen:<\/strong> Fokusgruppen erm\u00f6glichen es, tiefer in die Einstellungen, Vorlieben und Wahrnehmungen der Verbraucher in Bezug auf K\u00fcchenger\u00e4te einzutauchen. SIS International f\u00fchrt Fokusgruppensitzungen mit wichtigen Interessenvertretern durch, darunter Restaurantbesitzer, K\u00f6che und K\u00fcchenmanager, um qualitatives Feedback zu Produktmerkmalen, Funktionalit\u00e4t und Benutzerfreundlichkeit zu sammeln.<\/li>\n\n\n\n<li><strong>Tiefgr\u00fcndige Interviews:<\/strong> Durch ausf\u00fchrliche Interviews erh\u00e4lt SIS International tiefere Einblicke von Branchenexperten, Vordenkern und wichtigen Entscheidungstr\u00e4gern auf dem Markt f\u00fcr Arbeitsplattenausr\u00fcstung. Durch strukturierte Interviews erkundet SIS International aufkommende Trends, Marktherausforderungen und Innovationsm\u00f6glichkeiten und unterst\u00fctzt so die strategischen Entscheidungen der Kunden.<\/li>\n\n\n\n<li><strong>Tools zur Wettbewerbsanalyse:<\/strong> SIS International nutzt Tools zur Wettbewerbsanalyse, um die St\u00e4rken, Schw\u00e4chen und Strategien der wichtigsten Akteure auf dem Markt f\u00fcr Arbeitsplattenausr\u00fcstung zu ermitteln. Diese Tools sammeln Daten zu Produktangeboten, Preisen, Vertriebskan\u00e4len und Marketinginitiativen der Konkurrenz und erm\u00f6glichen es den Kunden, ihre Leistung zu vergleichen und Bereiche zu identifizieren, in denen sie sich von der Konkurrenz abheben k\u00f6nnen.<\/li>\n<\/ul>\n\n\n\n<h2 class=\"wp-block-heading\">Gelegenheiten<\/h2>\n\n\n\n<p>Im dynamischen Markt f\u00fcr Arbeitsplattenger\u00e4te gibt es f\u00fcr Unternehmen zahlreiche M\u00f6glichkeiten, von neuen Trends, Verbraucherpr\u00e4ferenzen und Branchenentwicklungen zu profitieren. Zu diesen M\u00f6glichkeiten geh\u00f6ren:<\/p>\n\n\n\n<ul class=\"wp-block-list\">\n<li><strong>Nachfrage nach energieeffizienter Ausr\u00fcstung:<\/strong> Da Nachhaltigkeit und Energieeffizienz im Gastronomiebereich immer mehr im Mittelpunkt stehen, steigt die Nachfrage nach Thekenger\u00e4ten mit Energiesparfunktionen und umweltfreundlichem Design. Unternehmen, die energieeffiziente Ger\u00e4te entwickeln und vermarkten, k\u00f6nnen sich einen Wettbewerbsvorteil verschaffen und umweltbewusste Verbraucher und Unternehmen ansprechen.<\/li>\n\n\n\n<li><strong>Innovative Produktmerkmale:<\/strong> Unternehmen haben eine gro\u00dfe Chance, sich durch die Einf\u00fchrung innovativer Produktmerkmale und -funktionen von der Konkurrenz abzuheben. Dazu geh\u00f6ren Fortschritte in der Kochtechnologie wie Induktionskochen, pr\u00e4zise Temperaturregelung und Multifunktionsfunktionen, die die Effizienz, Vielseitigkeit und Lebensmittelqualit\u00e4t verbessern.<\/li>\n\n\n\n<li><strong>Fokus auf Gesundheit und Wellness:<\/strong> Da Verbraucher bei der Auswahl ihrer Speisen immer mehr Wert auf Gesundheit und Wohlbefinden legen, erm\u00f6glicht eine steigende Nachfrage nach K\u00fcchenger\u00e4ten ges\u00fcndere Kochmethoden und Men\u00fcoptionen. Unternehmen, die Ger\u00e4te mit Funktionen wie fettarmes Kochen, \u00f6lfreies Frittieren und Portionskontrolle entwickeln, k\u00f6nnen von diesem Trend profitieren und gesundheitsbewusste Verbraucher ansprechen, darunter auch solche, die spezielle Di\u00e4ten oder di\u00e4tetische Einschr\u00e4nkungen einhalten.<\/li>\n\n\n\n<li><strong>Expansion in neue M\u00e4rkte:<\/strong> Der Markt f\u00fcr K\u00fcchenger\u00e4te bietet Unternehmen die M\u00f6glichkeit, in neue geografische M\u00e4rkte und Branchensegmente zu expandieren. Dazu geh\u00f6rt die Ausrichtung auf Schwellenm\u00e4rkte mit wachsenden Gastronomiesektoren, wie etwa im asiatisch-pazifischen Raum und Lateinamerika, sowie auf Nischensegmente wie Food Trucks, Convenience Stores und Mikrok\u00fcchen.<\/li>\n\n\n\n<li><strong>Integration intelligenter Technologie:<\/strong> Integrating smart technology, IoT (<a href=\"https:\/\/www.sisinternational.com\/de\/losungen\/sis-blockchain-consulting\/blockchain-internet-der-dinge\/\" title=\"Blockchain und das Internet der Dinge\"  data-wpil-monitor-id=\"6339\">Internet der Dinge<\/a>), and connectivity features into countertop equipment presents opportunities for businesses to enhance functionality, efficiency, and user experience. Smart equipment can enable remote monitoring and control, predictive maintenance, and data-driven insights, empowering businesses to optimize operations, minimize downtime, and maximize productivity.<\/li>\n<\/ul>\n\n\n\n<p>Wie die Dienstleistungen von SIS International Unternehmen helfenSIS International bietet Marktforschung und Strategieberatung an, die auf die Bed\u00fcrfnisse von Unternehmen zugeschnitten sind, die auf dem Markt f\u00fcr Arbeitsplattenausr\u00fcstung t\u00e4tig sind. Diese Dienstleistungen bieten wertvolle Einblicke, strategische Anleitung und umsetzbare Empfehlungen, die Unternehmen dabei helfen, Herausforderungen zu meistern und Chancen zu nutzen.<\/p>\n\n\n\n<ul class=\"wp-block-list\">\n<li><strong>Marktforschung und -analyse:<\/strong> SIS f\u00fchrt umfassende Marktforschung und -analyse durch, um Unternehmen dabei zu helfen, Marktdynamik, Trends und Wettbewerbslandschaft gr\u00fcndlich zu verstehen. SIS International bietet Einblicke in Kundenpr\u00e4ferenzen, Branchentrends und neue Chancen durch qualitative und quantitative Forschungsmethoden, darunter Umfragen, Interviews, Fokusgruppen und Datenanalysen.<\/li>\n\n\n\n<li><strong>Beratung zur Einhaltung gesetzlicher Vorschriften:<\/strong> SIS International bietet Beratungsdienste zur Einhaltung gesetzlicher Vorschriften an, um Unternehmen dabei zu helfen, sich in den komplexen gesetzlichen Anforderungen und Normen auf dem Markt f\u00fcr Arbeitsplattenger\u00e4te zurechtzufinden. Wir unterst\u00fctzen Unternehmen dabei, relevante Vorschriften, Zertifizierungen und Normen zu verstehen und einzuhalten, wodurch regulatorische Risiken gemindert und der Marktzugang sichergestellt wird.<\/li>\n\n\n\n<li><strong>Optimierung der Lieferkette:<\/strong> SIS bietet Dienstleistungen zur Lieferkettenoptimierung an, um Unternehmen dabei zu helfen, die Effizienz, Belastbarkeit und Agilit\u00e4t ihrer Lieferketten zu verbessern. Durch Lieferkettenmapping, Risikobewertung, Lieferantenbewertung und Optimierungsstrategien helfen wir Unternehmen dabei, M\u00f6glichkeiten zur Rationalisierung der Betriebsabl\u00e4ufe, zur Kostensenkung und zur Minderung von Lieferkettenrisiken zu erkennen.<\/li>\n\n\n\n<li><strong>Produktentwicklung und Innovation:<\/strong> SIS International unterst\u00fctzt Unternehmen bei der Produktentwicklung und Innovation, indem wir Einblicke in Kundenbed\u00fcrfnisse, Markttrends und technologische Fortschritte geben. Durch Konzepttests, Produkttests und Innovationsworkshops helfen wir Unternehmen bei der Konzeption, Entwicklung und Markteinf\u00fchrung innovativer L\u00f6sungen f\u00fcr Arbeitsplattenger\u00e4te, die den Marktanforderungen entsprechen und sich von der Konkurrenz abheben.<\/li>\n\n\n\n<li><strong>Markteintrittsstrategie:<\/strong> SIS unterst\u00fctzt Unternehmen bei der Entwicklung von Markteintrittsstrategien f\u00fcr neue geografische M\u00e4rkte, Branchensegmente und Kundensegmente. Durch Marktdurchf\u00fchrbarkeitsstudien, Marktgr\u00f6\u00dfenbestimmung, Wettbewerbsanalysen und Markteintrittsplanung helfen unsere Spezialisten Unternehmen dabei, Zielm\u00e4rkte zu identifizieren, Marktpotenziale einzusch\u00e4tzen und Strategien zu entwickeln, um in den Markt f\u00fcr Arbeitsplattenger\u00e4te einzudringen und ihre Pr\u00e4senz dort auszubauen.<\/li>\n<\/ul>","protected":false},"excerpt":{"rendered":"<p>Die Marktforschung f\u00fcr Arbeitsplattenger\u00e4te analysiert die M\u00e4rkte f\u00fcr Arbeitsplattenger\u00e4te, die in Gro\u00dfk\u00fcchen und Gastronomiebetrieben verwendet werden.<\/p>","protected":false},"author":1,"featured_media":70877,"parent":14514,"menu_order":454,"comment_status":"closed","ping_status":"closed","template":"","meta":{"footnotes":""},"class_list":["post-47686","page","type-page","status-publish","has-post-thumbnail"],"_links":{"self":[{"href":"https:\/\/www.sisinternational.com\/de\/wp-json\/wp\/v2\/pages\/47686","targetHints":{"allow":["GET"]}}],"collection":[{"href":"https:\/\/www.sisinternational.com\/de\/wp-json\/wp\/v2\/pages"}],"about":[{"href":"https:\/\/www.sisinternational.com\/de\/wp-json\/wp\/v2\/types\/page"}],"author":[{"embeddable":true,"href":"https:\/\/www.sisinternational.com\/de\/wp-json\/wp\/v2\/users\/1"}],"replies":[{"embeddable":true,"href":"https:\/\/www.sisinternational.com\/de\/wp-json\/wp\/v2\/comments?post=47686"}],"version-history":[{"count":14,"href":"https:\/\/www.sisinternational.com\/de\/wp-json\/wp\/v2\/pages\/47686\/revisions"}],"predecessor-version":[{"id":80964,"href":"https:\/\/www.sisinternational.com\/de\/wp-json\/wp\/v2\/pages\/47686\/revisions\/80964"}],"up":[{"embeddable":true,"href":"https:\/\/www.sisinternational.com\/de\/wp-json\/wp\/v2\/pages\/14514"}],"wp:featuredmedia":[{"embeddable":true,"href":"https:\/\/www.sisinternational.com\/de\/wp-json\/wp\/v2\/media\/70877"}],"wp:attachment":[{"href":"https:\/\/www.sisinternational.com\/de\/wp-json\/wp\/v2\/media?parent=47686"}],"curies":[{"name":"wp","href":"https:\/\/api.w.org\/{rel}","templated":true}]}}