{"id":47681,"date":"2024-04-19T00:04:53","date_gmt":"2024-04-19T04:04:53","guid":{"rendered":"https:\/\/www.sisinternational.com\/?page_id=47681"},"modified":"2026-01-26T18:57:30","modified_gmt":"2026-01-26T23:57:30","slug":"marktforschung-fur-hubschrauber","status":"publish","type":"page","link":"https:\/\/www.sisinternational.com\/de\/sachverstand\/marktforschung-fur-hubschrauber\/","title":{"rendered":"Hubschrauber-Marktforschung"},"content":{"rendered":"<h1 class=\"wp-block-heading\">Hubschrauber-Marktforschung<\/h1>\n\n\n\n<figure class=\"gb-block-image gb-block-image-016b2cfc\"><img loading=\"lazy\" decoding=\"async\" width=\"1456\" height=\"816\" class=\"gb-image gb-image-016b2cfc\" src=\"https:\/\/www.sisinternational.com\/wp-content\/uploads\/2025\/08\/Helicopter-4.jpg\" alt=\"SIS International Marktforschung &amp; Strategie\" title=\"Helicopter (4)\" srcset=\"https:\/\/www.sisinternational.com\/wp-content\/uploads\/2025\/08\/Helicopter-4.jpg 1456w, https:\/\/www.sisinternational.com\/wp-content\/uploads\/2025\/08\/Helicopter-4-300x168.jpg 300w, https:\/\/www.sisinternational.com\/wp-content\/uploads\/2025\/08\/Helicopter-4-1024x574.jpg 1024w, https:\/\/www.sisinternational.com\/wp-content\/uploads\/2025\/08\/Helicopter-4-768x430.jpg 768w, https:\/\/www.sisinternational.com\/wp-content\/uploads\/2025\/08\/Helicopter-4-18x10.jpg 18w\" sizes=\"auto, (max-width: 1456px) 100vw, 1456px\"><\/figure>\n\n\n\n<p><\/p>\n\n\n\n<hr class=\"wp-block-separator has-alpha-channel-opacity is-style-dots\"\/>\n\n\n\n<p>Die Marktforschung zum Thema Hubschrauber ist eine n\u00fctzliche Informationsquelle f\u00fcr Branchenteilnehmer. Sie hilft ihnen, die Marktdynamik zu verstehen, Chancen und Risiken zu erkennen und fundierte Entscheidungen zu treffen, die das Gesch\u00e4ftswachstum und die Innovation f\u00f6rdern.<\/p>\n\n\n\n<h2 class=\"wp-block-heading\">What Is Helicopter Market Research? Why Is It Important?<\/h2>\n\n\n\n<p>Die Hubschraubermarktforschung untersucht die globale Hubschrauberindustrie, einschlie\u00dflich Markttrends, Wettbewerbslandschaft, regulatorischem Umfeld und technologischem Fortschritt. Diese Forschung ist f\u00fcr Hubschrauberhersteller, -betreiber und andere Branchenteilnehmer von entscheidender Bedeutung, die die Marktdynamik verstehen und fundierte Entscheidungen treffen m\u00f6chten.<\/p>\n\n\n\n<p>It is essential for businesses operating in or entering the aviation industry. With helicopter market research, businesses can gain valuable insights into market demand, pricing strategies, and emerging technologies, enabling them to develop competitive strategies and maximize profitability.<\/p>\n\n\n\n<p>Furthermore, this market <a href=\"https:\/\/www.sisinternational.com\/de\/sachverstand\/branchen\/marktforschung-zur-verkehrssicherheit\/\" title=\"Marktforschung zur Verkehrssicherheit\"  data-wpil-monitor-id=\"4748\">Forschung<\/a> gives businesses insights into regulatory requirements and safety standards. This proactive approach to regulatory compliance minimizes risks and enhances businesses&#8217; reputation as responsible and reliable helicopter providers. Moreover, helicopter market research helps businesses identify emerging trends and technologies, enabling them to develop innovative products and services that meet customer needs.<\/p>\n\n\n\n<h2 class=\"wp-block-heading\">Wer nutzt Helikopter-Marktforschung<\/h2>\n\n\n\n<p>Hubschrauberhersteller verlassen sich auf Marktforschung, um Chancen zu erkennen, neue Produkte zu entwickeln und bestehende Modelle zu verfeinern, um den Kundenbed\u00fcrfnissen gerecht zu werden. Durch die Analyse von Markttrends und Kundenpr\u00e4ferenzen k\u00f6nnen Hersteller ihr Produktportfolio und ihre Produktionsprozesse strategisch planen.<\/p>\n\n\n\n<p>Airlines and <a href=\"https:\/\/www.sisinternational.com\/de\/biokraftstoffe-in-der-luftfahrtindustrie\/\" title=\"Marktforschung zur Nachhaltigkeit bei Fluggesellschaften\"  data-wpil-monitor-id=\"6846\">helicopter operators use this market research<\/a> to assess demand for helicopter services, identify routes or services with growth potential, and optimize their fleet management strategies. By understanding market dynamics, operators can make informed decisions about fleet expansion, route planning, and service offerings.<\/p>\n\n\n\n<p>Government agencies and military organizations utilize <a href=\"https:\/\/www.sisinternational.com\/de\/sachverstand\/branchen\/marktforschung-der-bundesregierung\/\" title=\"Marktforschung der Bundesregierung\"  data-wpil-monitor-id=\"5766\">Marktforschung f\u00fcr Hubschrauber<\/a> to assess the capabilities of different helicopter models, evaluate potential suppliers, and make procurement decisions. It helps these organizations acquire helicopters that meet their operational requirements and budget constraints.<\/p>\n\n\n\n<p>Finanzinstitute und Investoren nutzen Marktforschung zum Thema Helikopter, um die finanzielle Gesundheit von Helikopterherstellern und -betreibern zu beurteilen, Investitionsm\u00f6glichkeiten zu identifizieren und die mit Investitionen in die Helikopterindustrie verbundenen Risiken einzusch\u00e4tzen. Marktforschung hilft diesen Interessengruppen, fundierte Entscheidungen \u00fcber Finanzierungen, Akquisitionen und Desinvestitionen zu treffen.<\/p>\n\n\n\n<p>Anbieter von Wartungs-, Reparatur- und \u00dcberholungsdienstleistungen (MRO) verlassen sich auf Marktforschung, um die Marktnachfrage nach ihren Dienstleistungen zu verstehen, potenzielle Kunden zu identifizieren und wettbewerbsf\u00e4hige Preisstrategien zu entwickeln. MRO-Anbieter k\u00f6nnen ihr Serviceangebot optimieren und ihren Kundenstamm erweitern, indem sie Markttrends analysieren.<\/p>\n\n\n\n<h2 class=\"wp-block-heading\">Schl\u00fcsselfiguren<\/h2>\n\n\n\n<p>Der Helikoptermarkt wird von mehreren wichtigen Akteuren gepr\u00e4gt, die ma\u00dfgeblich zur Dynamik der Branche beitragen. Hier sind einige der f\u00fchrenden Akteure:<\/p>\n\n\n\n<ul class=\"wp-block-list\">\n<li><strong>Airbus Helicopters:<\/strong> Airbus Helicopters, eine Division der Airbus Group, ist einer der weltweit f\u00fchrenden Hubschrauberhersteller. Bekannt f\u00fcr sein vielf\u00e4ltiges Angebot an Hubschraubern f\u00fcr verschiedene Segmente, darunter zivile und milit\u00e4rische,<\/li>\n\n\n\n<li><strong>Bell-Hubschrauber:<\/strong> Bell Helicopter ist ein f\u00fchrender Akteur auf dem Helikoptermarkt, der f\u00fcr seine innovativen Drehfl\u00fcglerl\u00f6sungen bekannt ist.<\/li>\n\n\n\n<li><strong>Sikorsky Flugzeugbau GmbH:<\/strong> Sikorsky Aircraft Corporation, eine Tochtergesellschaft der Lockheed Martin Corporation, ist ein wichtiger Akteur auf dem globalen Helikoptermarkt und bekannt f\u00fcr seine Tradition der Innovation und technischen Spitzenleistung.<\/li>\n<\/ul>\n\n\n\n<h2 class=\"wp-block-heading\">Benefits of Hiring SIS for Helicopter Market Research<\/h2>\n\n\n\n<figure class=\"gb-block-image gb-block-image-2cb42030\"><img loading=\"lazy\" decoding=\"async\" width=\"1456\" height=\"816\" class=\"gb-image gb-image-2cb42030\" src=\"https:\/\/www.sisinternational.com\/wp-content\/uploads\/2025\/08\/Helicopter-6.jpg\" alt=\"SIS International Marktforschung &amp; Strategie\" title=\"Helicopter (6)\" srcset=\"https:\/\/www.sisinternational.com\/wp-content\/uploads\/2025\/08\/Helicopter-6.jpg 1456w, https:\/\/www.sisinternational.com\/wp-content\/uploads\/2025\/08\/Helicopter-6-300x168.jpg 300w, https:\/\/www.sisinternational.com\/wp-content\/uploads\/2025\/08\/Helicopter-6-1024x574.jpg 1024w, https:\/\/www.sisinternational.com\/wp-content\/uploads\/2025\/08\/Helicopter-6-768x430.jpg 768w, https:\/\/www.sisinternational.com\/wp-content\/uploads\/2025\/08\/Helicopter-6-18x10.jpg 18w\" sizes=\"auto, (max-width: 1456px) 100vw, 1456px\"><\/figure>\n\n\n\n<p><\/p>\n\n\n\n<p>Die Marktforschungsdienste f\u00fcr Hubschrauber von SIS International liefern umsetzbare Erkenntnisse und strategische Empfehlungen, die auf die spezifischen Bed\u00fcrfnisse von Unternehmen in der Luftfahrtbranche zugeschnitten sind. Hier sind die erwarteten Ergebnisse:<\/p>\n\n\n\n<ul class=\"wp-block-list\">\n<li><strong>Detaillierte Marktanalyse:<\/strong> SIS International provides comprehensive market analysis reports that offer insights into key market trends, growth drivers, challenges, and opportunities shaping the helicopter industry. Our <a href=\"https:\/\/www.sisinternational.com\/de\/die-globale-luftfahrtindustrie\/\" title=\"Luftfahrtmarktforschung\"  data-wpil-monitor-id=\"1769\">research encompasses market<\/a> size and segmentation, competitive landscapes, regulatory environments, and emerging technologies, enabling businesses to make informed strategic decisions and capitalize on market opportunities.<\/li>\n\n\n\n<li><strong>Einblicke der Kunden:<\/strong> Our research uncovers valuable customer insights by analyzing <a href=\"https:\/\/www.sisinternational.com\/de\/sachverstand\/branchen\/marktforschung-zur-kauferabsicht\/\" title=\"Marktforschung zur K\u00e4uferabsicht\"  data-wpil-monitor-id=\"7170\">helicopter<\/a> buyers&#8217; and operators&#8217; purchasing behaviors, preferences, and pain points. <\/li>\n\n\n\n<li><strong>Wettbewerbsintelligenz:<\/strong> SIS International f\u00fchrt eine gr\u00fcndliche Wettbewerbsanalyse durch, um die Strategien, St\u00e4rken, Schw\u00e4chen und Marktpositionen der Wettbewerber in der Helikopterbranche zu ermitteln. Unsere Forschung liefert Unternehmen umsetzbare Erkenntnisse \u00fcber die Preisstrategien, Produktinnovationen, Vertriebskan\u00e4le und Marketingtaktiken der Wettbewerber, sodass sie sich differenzieren, Wettbewerbsbedrohungen vorhersehen und einen Wettbewerbsvorteil auf dem Markt erlangen k\u00f6nnen.<\/li>\n\n\n\n<li><strong>Markteintrittsstrategien:<\/strong> SIS International offers customized market entry strategies backed by data-driven insights and analysis for businesses seeking to enter new markets or expand existing operations. Our <a href=\"https:\/\/www.sisinternational.com\/de\/tv-und-printwerbung-wird-durch-virale-videos-und-neue-soziale-medien-ersetzt\/\" title=\"Virale Video-Marktforschung\"  data-wpil-monitor-id=\"1815\">researchers help companies identify market<\/a> entry barriers, assess market demand, evaluate regulatory requirements, and develop tailored market entry strategies to minimize risks and maximize opportunities for success in new markets.<\/li>\n\n\n\n<li><strong>Einblicke in Technologie und Innovation:<\/strong> SIS verfolgt die technologischen Fortschritte und Innovationen, die die Helikopterindustrie pr\u00e4gen, und bietet Unternehmen Einblicke in neue Technologien wie elektrische Antriebssysteme, autonome Flugf\u00e4higkeiten und fortschrittliche Avionik.<\/li>\n<\/ul>\n\n\n\n<h2 class=\"wp-block-heading\">Gelegenheiten<\/h2>\n\n\n\n<p>Im dynamischen Umfeld des Helikoptermarktes gibt es f\u00fcr Unternehmen zahlreiche M\u00f6glichkeiten, von neuen Trends, technologischen Fortschritten und sich entwickelnden Kundenbed\u00fcrfnissen zu profitieren. Hier sind einige der wichtigsten M\u00f6glichkeiten:<\/p>\n\n\n\n<ul class=\"wp-block-list\">\n<li><strong>Urbane Luftmobilit\u00e4t (UAM):<\/strong> Der Anstieg der urbanen Luftmobilit\u00e4t bietet erhebliche Gesch\u00e4ftsm\u00f6glichkeiten auf dem Helikoptermarkt. W\u00e4hrend St\u00e4dte mit Staus und Transportproblemen zu k\u00e4mpfen haben, bieten Helikopter und vertikal startende und landende Flugzeuge (VTOL) eine praktikable L\u00f6sung f\u00fcr den st\u00e4dtischen Verkehr und verbinden Stadtzentren mit Vororten, Flugh\u00e4fen und anderen Zielen.<\/li>\n\n\n\n<li><strong>Luftgest\u00fctzte Logistik und Notfalldienste:<\/strong> Hubschrauber sind f\u00fcr Luftlogistik, Rettungsdienste (EMS), Such- und Rettungsdienste (SAR) und Brandbek\u00e4mpfungsma\u00dfnahmen unverzichtbar. Unternehmen k\u00f6nnen die Nachfrage nach Hubschrauberdiensten in diesen Sektoren nutzen, indem sie spezielle L\u00f6sungen anbieten, die auf die spezifischen Missionsanforderungen zugeschnitten sind.<\/li>\n\n\n\n<li><strong>Tourismus- und VIP-Transport:<\/strong> Hubschrauber bieten beispiellose Flexibilit\u00e4t und Komfort f\u00fcr den Tourismus und den VIP-Transport und erm\u00f6glichen anspruchsvollen Kunden Rundfl\u00fcge, luxuri\u00f6se Charterdienste und exklusive Reiseerlebnisse. Unternehmen k\u00f6nnen die wachsende Nachfrage nach Hubschraubertouren, Rundfl\u00fcgen und VIP-Transportdiensten in beliebten Touristenzielen, Stadtzentren und Luxusresorts bedienen.<\/li>\n\n\n\n<li><strong>Integration unbemannter Luftsysteme (UAS):<\/strong> Integrating unmanned aerial systems (UAS) or drones into helicopter operations presents new business opportunities in the aviation industry. Businesses can explore the development of hybrid manned-unmanned platforms, autonomous aerial vehicles, and <a href=\"https:\/\/www.sisinternational.com\/de\/sachverstand\/branchen\/drohnen-marktforschung\/\" title=\"Drohnen-Marktforschung\"  data-wpil-monitor-id=\"5978\">drone delivery solutions to address diverse market<\/a> needs, including surveillance, reconnaissance, cargo transport, and aerial photography.<\/li>\n<\/ul>\n\n\n\n<h2 class=\"wp-block-heading\">The SIS Advantage<\/h2>\n\n\n\n<p>SIS offers comprehensive helicopter <a href=\"https:\/\/www.sisinternational.com\/de\/losungen\/innovation\/designdenken\/\" title=\"Design Thinking Marktforschung\"  data-wpil-monitor-id=\"6699\">market research services designed<\/a> to assist businesses in navigating the complexities of the rotorcraft industry and achieving their strategic objectives. Here&#8217;s how our tailored research solutions can benefit businesses:<\/p>\n\n\n\n<ul class=\"wp-block-list\">\n<li><strong>Detaillierte Marktanalyse:<\/strong> Unsere Marktforschung f\u00fcr Hubschrauber bietet Unternehmen detaillierte Einblicke in Markttrends, Dynamiken und das Wettbewerbsumfeld. Wir helfen Unternehmen, Wachstumschancen zu erkennen, Wettbewerbsbedrohungen einzusch\u00e4tzen und fundierte strategische Entscheidungen auf der Grundlage von Marktgr\u00f6\u00dfe, Wachstumstreibern, Schl\u00fcsselakteuren und aufkommenden Trends zu treffen.<\/li>\n\n\n\n<li><strong>Unterst\u00fctzung bei der strategischen Planung:<\/strong> Unsere Marktforschungsdienstleistungen unterst\u00fctzen Unternehmen bei der strategischen Planung und Entscheidungsfindung. Durch die Bereitstellung zeitnaher und genauer Marktinformationen erm\u00f6glichen wir es Unternehmen, Marktl\u00fccken zu identifizieren, Markteintrittsstrategien zu bewerten und solide Gesch\u00e4ftspl\u00e4ne zu entwickeln, um Chancen zu nutzen und Risiken effektiv zu mindern.<\/li>\n\n\n\n<li><strong>Technologie- und Innovationsbewertung:<\/strong> Wir f\u00fchren Technologie- und Innovationsbewertungen durch, damit Unternehmen \u00fcber die neuesten Fortschritte in der Drehfl\u00fcglertechnologie auf dem Laufenden bleiben. Wir unterst\u00fctzen Unternehmen bei der Bewertung neuer Technologien wie elektrischen Antriebssystemen, autonomen Flugf\u00e4higkeiten und fortschrittlichen Materialien, identifizieren Innovationsm\u00f6glichkeiten, bewerten Technologierisiken und treiben Innovationsinitiativen voran, um einen Wettbewerbsvorteil auf dem Markt zu erhalten.<\/li>\n\n\n\n<li><strong>Regulierungs- und Compliance-Analyse:<\/strong> Unsere Marktforschung f\u00fcr Hubschrauber umfasst Regulierungs- und Compliance-Analysen, um Unternehmen dabei zu helfen, sich in der komplexen Regulierungslandschaft f\u00fcr den Betrieb von Drehfl\u00fcglern zurechtzufinden. Indem wir regulatorische \u00c4nderungen \u00fcberwachen, Compliance-Anforderungen bewerten und regulatorische Leitlinien bereitstellen, unterst\u00fctzen wir Unternehmen dabei, die Einhaltung von Vorschriften sicherzustellen, rechtliche Risiken zu mindern und die Betriebsintegrit\u00e4t aufrechtzuerhalten.<\/li>\n\n\n\n<li><strong>Risikobewertung und -management:<\/strong> Wir f\u00fchren Risikobewertungs- und Managementstudien durch, um Unternehmen dabei zu helfen, mit dem Hubschrauberbetrieb verbundene Risiken zu identifizieren und zu mindern. Durch die Bewertung von Betriebsrisiken, Marktunsicherheiten und externen Bedrohungen erm\u00f6glichen wir Unternehmen die Entwicklung von Risikominderungsstrategien, Notfallpl\u00e4nen und Resilienzrahmen, um ihre Operationen und Investitionen auf dem Hubschraubermarkt zu sch\u00fctzen.<\/li>\n<\/ul>\n\n\n\n<p><\/p>","protected":false},"excerpt":{"rendered":"<p>Die Hubschraubermarktforschung untersucht die weltweite Helikopterindustrie und analysiert Trends, Wettbewerb, Vorschriften und technische Fortschritte.<\/p>","protected":false},"author":1,"featured_media":63565,"parent":14514,"menu_order":451,"comment_status":"closed","ping_status":"closed","template":"","meta":{"footnotes":""},"class_list":["post-47681","page","type-page","status-publish","has-post-thumbnail"],"_links":{"self":[{"href":"https:\/\/www.sisinternational.com\/de\/wp-json\/wp\/v2\/pages\/47681","targetHints":{"allow":["GET"]}}],"collection":[{"href":"https:\/\/www.sisinternational.com\/de\/wp-json\/wp\/v2\/pages"}],"about":[{"href":"https:\/\/www.sisinternational.com\/de\/wp-json\/wp\/v2\/types\/page"}],"author":[{"embeddable":true,"href":"https:\/\/www.sisinternational.com\/de\/wp-json\/wp\/v2\/users\/1"}],"replies":[{"embeddable":true,"href":"https:\/\/www.sisinternational.com\/de\/wp-json\/wp\/v2\/comments?post=47681"}],"version-history":[{"count":14,"href":"https:\/\/www.sisinternational.com\/de\/wp-json\/wp\/v2\/pages\/47681\/revisions"}],"predecessor-version":[{"id":80734,"href":"https:\/\/www.sisinternational.com\/de\/wp-json\/wp\/v2\/pages\/47681\/revisions\/80734"}],"up":[{"embeddable":true,"href":"https:\/\/www.sisinternational.com\/de\/wp-json\/wp\/v2\/pages\/14514"}],"wp:featuredmedia":[{"embeddable":true,"href":"https:\/\/www.sisinternational.com\/de\/wp-json\/wp\/v2\/media\/63565"}],"wp:attachment":[{"href":"https:\/\/www.sisinternational.com\/de\/wp-json\/wp\/v2\/media?parent=47681"}],"curies":[{"name":"wp","href":"https:\/\/api.w.org\/{rel}","templated":true}]}}