{"id":47679,"date":"2024-04-20T14:42:17","date_gmt":"2024-04-20T18:42:17","guid":{"rendered":"https:\/\/www.sisinternational.com\/?page_id=47679"},"modified":"2026-01-27T15:20:15","modified_gmt":"2026-01-27T20:20:15","slug":"store-check-marktforschung","status":"publish","type":"page","link":"https:\/\/www.sisinternational.com\/de\/losungen\/store-check-marktforschung\/","title":{"rendered":"Store Check Marktforschung"},"content":{"rendered":"<h1 class=\"wp-block-heading\">Store Check Marktforschung<\/h1>\n\n\n\n<figure class=\"gb-block-image gb-block-image-d8e024d7\"><img loading=\"lazy\" decoding=\"async\" width=\"1456\" height=\"816\" class=\"gb-image gb-image-d8e024d7\" src=\"https:\/\/www.sisinternational.com\/wp-content\/uploads\/2025\/08\/Retail-7.jpg\" alt=\"SIS International Marktforschung &amp; Strategie\" title=\"Retail (7)\" srcset=\"https:\/\/www.sisinternational.com\/wp-content\/uploads\/2025\/08\/Retail-7.jpg 1456w, https:\/\/www.sisinternational.com\/wp-content\/uploads\/2025\/08\/Retail-7-300x168.jpg 300w, https:\/\/www.sisinternational.com\/wp-content\/uploads\/2025\/08\/Retail-7-1024x574.jpg 1024w, https:\/\/www.sisinternational.com\/wp-content\/uploads\/2025\/08\/Retail-7-768x430.jpg 768w, https:\/\/www.sisinternational.com\/wp-content\/uploads\/2025\/08\/Retail-7-18x10.jpg 18w\" sizes=\"auto, (max-width: 1456px) 100vw, 1456px\"><\/figure>\n\n\n\n<p><\/p>\n\n\n\n<hr class=\"wp-block-separator has-alpha-channel-opacity is-style-dots\"\/>\n\n\n\n<p>Eines der Hauptziele der Marktforschung durch Store Check ist die \u00dcberwachung der Produktverf\u00fcgbarkeit und -sichtbarkeit in den Gesch\u00e4ften. Die Forscher besuchen Einzelhandelsgesch\u00e4fte, um zu pr\u00fcfen, ob die Produkte des Unternehmens vorr\u00e4tig, richtig ausgestellt und richtig bepreist sind. Diese Informationen helfen Unternehmen, L\u00fccken in ihren Vertriebskan\u00e4len zu identifizieren und Probleme zu beheben, die sich auf den Umsatz auswirken k\u00f6nnten.<\/p>\n\n\n\n<p>In the fiercely competitive retail landscape, the key to success lies not just in what&#8217;s on the shelves, but in how it&#8217;s positioned and perceived by consumers. Store check <a href=\"https:\/\/www.sisinternational.com\/de\/was-ist-offentlichkeitsarbeit\/\" title=\"\u00d6ffentlichkeitsarbeit und Marktforschung\"  data-wpil-monitor-id=\"2258\">market research offers retailers and brands<\/a> an in-depth understanding of their products&#8217; visibility, availability, and presentation in stores. This strategic approach goes beyond traditional market research, providing actionable insights that drive sales, enhance brand perception, and secure a competitive edge in the market.<\/p>\n\n\n\n<h2 class=\"wp-block-heading\">Was ist Store-Check-Marktforschung?<\/h2>\n\n\n\n<p><a href=\"https:\/\/www.sisinternational.com\/de\/losungen\/branding-und-kundenforschungslosungen\/ladenlayout-forschung\/\" title=\"Ladenlayout-Forschung\"  data-wpil-monitor-id=\"6483\">Store check market research<\/a> is a systematic process businesses use to gather data on product availability, placement, pricing, and promotional activity in retail stores. This type of research is essential for companies looking to understand how their products perform in the retail environment and how they compare to competitors.<\/p>\n\n\n\n<h2 class=\"wp-block-heading\">Warum ben\u00f6tigen Unternehmen Store-Check-Marktforschung?<\/h2>\n\n\n\n<p>Unternehmen k\u00f6nnen durch Filialinspektionen Echtzeitdaten zur Produktverf\u00fcgbarkeit, Regalplatzierung und Positionierung der Konkurrenz sammeln. Diese Informationen sind von unsch\u00e4tzbarem Wert, um die Produktplatzierung zu optimieren und sicherzustellen, dass die Produkte f\u00fcr die Verbraucher sichtbar sind, was letztlich den Umsatz steigert.<\/p>\n\n\n\n<p>Dar\u00fcber hinaus erhalten Unternehmen durch Marktforschung Einblicke in das Verhalten und die Vorlieben der Verbraucher. Indem sie beobachten, wie Verbraucher im Gesch\u00e4ft mit Produkten interagieren, k\u00f6nnen Unternehmen Trends und Muster erkennen, die ihre Produktentwicklung und Marketingstrategien beeinflussen. Dieses Verst\u00e4ndnis hilft Unternehmen dabei, ihre Angebote an die Bed\u00fcrfnisse und Vorlieben der Verbraucher anzupassen und so die Kundenzufriedenheit und -treue zu erh\u00f6hen.<\/p>\n\n\n\n<p>Dar\u00fcber hinaus erhalten Unternehmen durch diese Marktforschung Informationen \u00fcber Produkte und Preise der Konkurrenz und k\u00f6nnen so fundierte Entscheidungen \u00fcber Preise und Werbeaktionen treffen. Diese Wettbewerbsinformationen sind unerl\u00e4sslich, um im Einzelhandel einen Wettbewerbsvorteil zu erhalten und Verkaufschancen zu maximieren.<\/p>\n\n\n\n<h2 class=\"wp-block-heading\">Wer nutzt Store Check Marktforschung<\/h2>\n\n\n\n<figure class=\"gb-block-image gb-block-image-01897285\"><img loading=\"lazy\" decoding=\"async\" width=\"1456\" height=\"816\" class=\"gb-image gb-image-01897285\" src=\"https:\/\/www.sisinternational.com\/wp-content\/uploads\/2025\/08\/Retail-5.jpg\" alt=\"SIS International Marktforschung &amp; Strategie\" title=\"Retail (5)\" srcset=\"https:\/\/www.sisinternational.com\/wp-content\/uploads\/2025\/08\/Retail-5.jpg 1456w, https:\/\/www.sisinternational.com\/wp-content\/uploads\/2025\/08\/Retail-5-300x168.jpg 300w, https:\/\/www.sisinternational.com\/wp-content\/uploads\/2025\/08\/Retail-5-1024x574.jpg 1024w, https:\/\/www.sisinternational.com\/wp-content\/uploads\/2025\/08\/Retail-5-768x430.jpg 768w, https:\/\/www.sisinternational.com\/wp-content\/uploads\/2025\/08\/Retail-5-18x10.jpg 18w\" sizes=\"auto, (max-width: 1456px) 100vw, 1456px\"><\/figure>\n\n\n\n<p><\/p>\n\n\n\n<p><a href=\"https:\/\/www.sisinternational.com\/de\/koreanische-pop-marktforschung-k-pop\/\" title=\"Koreanische Pop-Marktforschung | K-Pop\"  data-wpil-monitor-id=\"2629\">Consumer goods companies utilize store check market<\/a> research to ensure that their products are adequately stocked and displayed in retail stores. By conducting regular store checks, these companies can identify issues such as out-of-stock situations, poor product placement, or competitor interference, allowing them to take corrective action and improve their products&#8217; visibility and availability.<\/p>\n\n\n\n<p>Einzelh\u00e4ndler nutzen Marktforschung, um die Leistung ihrer Gesch\u00e4fte zu \u00fcberwachen und sie mit der Konkurrenz zu vergleichen. Diese Informationen helfen Einzelh\u00e4ndlern, ihre Ladengestaltung, Preisstrategien und Produktsortimente zu optimieren, um die Kundennachfrage besser zu erf\u00fcllen und die Gesamtleistung des Gesch\u00e4fts zu verbessern.<\/p>\n\n\n\n<p>Marketing and sales teams within consumer goods companies rely on <a href=\"https:\/\/www.sisinternational.com\/de\/weinmarktforschung\/\" title=\"Weinmarktforschung: Gewinnermittlung im Inlandsweinhandel\"  data-wpil-monitor-id=\"2513\">Store-Check Marktforschung<\/a> to gather insights into consumer behavior and preferences. By observing how consumers interact with products in-store, these teams can identify opportunities to improve product packaging, messaging, and promotions to drive sales.<\/p>\n\n\n\n<p>Merchandising-Teams nutzen diese Marktanalyse, um sicherzustellen, dass die Produkte gem\u00e4\u00df Planogrammen und Werberichtlinien pr\u00e4sentiert werden. Durch regelm\u00e4\u00dfige Kontrollen k\u00f6nnen Merchandising-Teams Abweichungen von diesen Richtlinien erkennen und korrigieren und so sicherstellen, dass die Produkte so pr\u00e4sentiert werden, dass sie f\u00fcr die Kunden maximal attraktiv sind.<\/p>\n\n\n\n<p>Competitive Intelligence-Teams nutzen die Marktforschung von Store Checks, um die Aktivit\u00e4ten und Strategien der Konkurrenz zu \u00fcberwachen. Indem sie die Gesch\u00e4fte der Konkurrenz besuchen und deren Produktpr\u00e4sentationen, Preisstrategien und Werbeaktionen beobachten, k\u00f6nnen diese Teams wertvolle Erkenntnisse gewinnen, die ihre Strategie beeinflussen und ihnen helfen, wettbewerbsf\u00e4hig zu bleiben.<\/p>\n\n\n\n<h2 class=\"wp-block-heading\">Wann sollte eine Store-Check-Marktforschung durchgef\u00fchrt werden?<\/h2>\n\n\n\n<p>Determining the timing for conducting store check market research is crucial for maximizing its effectiveness. Here are some critical instances when businesses should consider conducting <a href=\"https:\/\/www.sisinternational.com\/de\/widerstandsfahigkeit-von-unternehmen-coronavirus\/\" title=\"Business Resilience Marktforschung in Covid\"  data-wpil-monitor-id=\"7296\">Store-Check Marktforschung<\/a>:<\/p>\n\n\n\n<ul class=\"wp-block-list\">\n<li><strong>Saisonale Kampagnen:<\/strong> W\u00e4hrend der Haupteinkaufssaison oder bei Sonderaktionen, wie z. B. an Feiertagen oder im Schulanfangsverkauf, k\u00f6nnen Unternehmen Marktforschung betreiben, um die Umsetzung ihrer Werbestrategien in Einzelhandelsgesch\u00e4ften zu \u00fcberwachen. Auf diese Weise k\u00f6nnen Unternehmen sicherstellen, dass Werbematerialien gut sichtbar ausgestellt werden und Produkte schnell verf\u00fcgbar sind, um der gestiegenen Nachfrage gerecht zu werden.<\/li>\n\n\n\n<li><strong>Wettbewerbsanalyse:<\/strong> Unternehmen k\u00f6nnen Marktforschung betreiben, um Informationen \u00fcber die Produkte, Preisstrategien und Werbeaktivit\u00e4ten der Konkurrenz in Einzelhandelsgesch\u00e4ften zu sammeln. Durch regelm\u00e4\u00dfiges \u00dcberwachen der Pr\u00e4senz und der Gesch\u00e4ftsleistung der Konkurrenz k\u00f6nnen Unternehmen M\u00f6glichkeiten erkennen, sich von der Konkurrenz abzuheben und einen Wettbewerbsvorteil zu erlangen.<\/li>\n\n\n\n<li><strong>Merchandising-\u00c4nderungen:<\/strong> Bei \u00c4nderungen der Merchandising-Strategien, wie z. B. neuen Regalaufteilungen, Produktsortimenten oder Beschilderungen, k\u00f6nnen Unternehmen Store-Check-Marktforschung durchf\u00fchren, um die Auswirkungen dieser \u00c4nderungen auf die Produktsichtbarkeit und den Umsatz zu beurteilen. Dies hilft Unternehmen, die Wirksamkeit ihrer Merchandising-Initiativen zu bewerten und bei Bedarf Anpassungen vorzunehmen.<\/li>\n\n\n\n<li><strong>Regelm\u00e4\u00dfige Leistungs\u00fcberwachung:<\/strong> Unternehmen k\u00f6nnen die Leistung ihrer Produkte in Einzelhandelsgesch\u00e4ften im Laufe der Zeit \u00fcberwachen. Durch die Verfolgung wichtiger Kennzahlen wie Regalanteil, Lagerbest\u00e4nde und Werbeaktivit\u00e4ten k\u00f6nnen Unternehmen Trends, Muster und Verbesserungsm\u00f6glichkeiten in ihren Einzelhandelsstrategien erkennen.<\/li>\n<\/ul>\n\n\n\n<h2 class=\"wp-block-heading\">Erwartete Ergebnisse der Marktforschungsl\u00f6sungen Store Check von SIS International<\/h2>\n\n\n\n<p>Engaging SIS International for store check market research delivers several valuable business outcomes \u2013 and here are the expected results from SIS International&#8217;s <a href=\"https:\/\/www.sisinternational.com\/de\/marktforschung-fur-intelligente-mobilitat\/\" title=\"Marktforschung f\u00fcr intelligente Mobilit\u00e4t\"  data-wpil-monitor-id=\"6860\">market research solutions<\/a>:<\/p>\n\n\n\n<ul class=\"wp-block-list\">\n<li><strong>Umfassende Dateneinblicke:<\/strong> SIS International bietet umfassende Dateneinblicke und verschafft Unternehmen ein detailliertes Verst\u00e4ndnis von Produktplatzierung, Verf\u00fcgbarkeit und Sichtbarkeit im Einzelhandel. SIS International erm\u00f6glicht es Unternehmen, umsetzbare Einblicke in ihre Einzelhandelsleistung und Wettbewerbsposition zu gewinnen, indem es Daten zu Regalanteilen, Lagerbest\u00e4nden und Werbeaktivit\u00e4ten erfasst.<\/li>\n\n\n\n<li><strong>Umsetzbare Empfehlungen:<\/strong> SIS bietet umsetzbare Empfehlungen auf Grundlage von Marktforschungsergebnissen und unterst\u00fctzt Unternehmen bei der Entwicklung von Strategien zur Optimierung ihres Einzelhandelsgesch\u00e4fts und zur F\u00f6rderung des Gesch\u00e4ftswachstums. Ob es um die Anpassung von Produktsortimenten, die Verfeinerung von Merchandising-Strategien oder die Verbesserung von Werbeaktivit\u00e4ten geht \u2013 SIS International bietet ma\u00dfgeschneiderte Empfehlungen, die Unternehmen dabei helfen, ihre Einzelhandelsleistung zu verbessern und Verkaufschancen zu maximieren.<\/li>\n\n\n\n<li><strong>Wettbewerbsintelligenz:<\/strong> SIS International erm\u00f6glicht es Unternehmen, ihre Leistung mit der ihrer Konkurrenten zu vergleichen und Bereiche mit Chancen oder Schwachstellen zu identifizieren. Durch die Analyse der Produktplatzierungen, Preisstrategien und Werbetaktiken der Konkurrenz liefern wir Unternehmen wertvolle Erkenntnisse, mit denen sie ihre Wettbewerbsposition verbessern und sich auf dem Markt differenzieren k\u00f6nnen.<\/li>\n\n\n\n<li><strong>Analyse der Markttrends:<\/strong> SIS International conducts market trends analysis as part of <a href=\"https:\/\/www.sisinternational.com\/de\/sachverstand\/branchen\/trendtracking-marktforschung\/\" title=\"Trend Tracking Marktforschung\"  data-wpil-monitor-id=\"5460\">Store-Check Marktforschung<\/a>, enabling businesses to stay abreast of evolving consumer preferences, retail trends, and competitive dynamics. By monitoring changes in product demand, emerging retail formats, and shifting consumer behaviors, SIS International helps businesses anticipate market trends, capitalize on opportunities, and mitigate risks in the dynamic retail landscape.<\/li>\n<\/ul>\n\n\n\n<h2 class=\"wp-block-heading\">In dieser Marktforschung genutzte Technologien und Tools<\/h2>\n\n\n\n<p>Bei der Store-Check-Marktforschung werden verschiedene Technologien und Tools eingesetzt, um Daten zu sammeln und Einzelhandelsumgebungen effektiv zu analysieren. Hier sind einige der wichtigsten Technologien und Tools, die h\u00e4ufig verwendet werden:<\/p>\n\n\n\n<ul class=\"wp-block-list\">\n<li><strong>Bilderkennungstechnologie:<\/strong> Bilderkennungstechnologie erm\u00f6glicht eine automatisierte visuelle Datenanalyse, die bei Ladenkontrollen erfasst werden, wie z. B. Produktdisplays, Beschilderungen und Regallayouts. Durch den Einsatz von Algorithmen des maschinellen Lernens k\u00f6nnen Bilderkennungstools Produkte identifizieren und kategorisieren, Regalanteile messen und die Wirksamkeit von Werbeaktionen mit hoher Genauigkeit und Geschwindigkeit bewerten.<\/li>\n\n\n\n<li><strong>K\u00fcnstliche Intelligenz (KI) und maschinelles Lernen:<\/strong> AI and machine learning technologies are increasingly being applied in store check <a href=\"https:\/\/www.sisinternational.com\/de\/automatisierung-in-der-marktforschung\/\" title=\"Automatisierung in der Marktforschung\"  data-wpil-monitor-id=\"2533\">market research to automate<\/a> data analysis, uncover actionable insights, and predict future retail trends. These technologies can analyze large volumes of data, detect patterns, and generate predictive models to inform strategic decision-making and drive business growth.<\/li>\n\n\n\n<li><strong>Dashboard- und Berichtstools:<\/strong> Dashboard- und Berichtstools bieten intuitive Schnittstellen zur Visualisierung und Interpretation von Store-Check-Daten, darunter Diagramme, Grafiken und Heatmaps. Mit diesen Tools k\u00f6nnen Unternehmen wichtige Leistungsindikatoren verfolgen, Trends im Zeitverlauf \u00fcberwachen und Erkenntnisse klar und pr\u00e4zise mit Stakeholdern teilen.<\/li>\n\n\n\n<li><strong>Augmented Reality (AR) und Virtual Reality (VR):<\/strong> AR- und VR-Technologien entwickeln sich zu innovativen Tools f\u00fcr die Durchf\u00fchrung virtueller Ladenpr\u00fcfungen und Simulationen. Indem sie Benutzer in virtuelle Einzelhandelsumgebungen eintauchen lassen, erm\u00f6glichen AR- und VR-L\u00f6sungen Unternehmen, Produktplatzierungen, Ladenlayouts und Kundeninteraktionen in einer simulierten Umgebung zu erkunden und so strategische Entscheidungen und Experimente ohne physische Anwesenheit zu erleichtern.<\/li>\n<\/ul>\n\n\n\n<h2 class=\"wp-block-heading\">Gelegenheiten<\/h2>\n\n\n\n<p><a href=\"https:\/\/www.sisinternational.com\/de\/sachverstand\/branchen\/baumarkt-marktforschung\/\" title=\"Marktforschung f\u00fcr Baum\u00e4rkte und Heimwerkerbedarf\"  data-wpil-monitor-id=\"5916\">Store check market research<\/a> presents several opportunities for businesses to gain valuable insights and improve their retail performance. Here are some of the key opportunities:<\/p>\n\n\n\n<ul class=\"wp-block-list\">\n<li><strong>\u00dcberwachung der Aktivit\u00e4ten der Wettbewerber:<\/strong> Diese Marktforschung erm\u00f6glicht es Unternehmen, die Aktivit\u00e4ten der Konkurrenz im Einzelhandel zu \u00fcberwachen, einschlie\u00dflich Produkteinf\u00fchrungen, Preisstrategien und Werbekampagnen. Durch das Sammeln von Informationen \u00fcber die Leistung der Konkurrenz und die Einzelhandelsaktivit\u00e4ten k\u00f6nnen Unternehmen Wettbewerbsbedrohungen und M\u00f6glichkeiten zur Differenzierung erkennen.<\/li>\n\n\n\n<li><strong>Markttrends erkennen:<\/strong> Store check market <a href=\"https:\/\/www.sisinternational.com\/de\/fmcg-markt-in-vietnam\/\" title=\"FMCG-Markt in Vietnam\"  data-wpil-monitor-id=\"2452\">Forschung<\/a> provides businesses with insights into emerging market trends, consumer preferences, and purchasing behaviors. By analyzing data collected from retail stores, companies can identify shifts in product demand, seasonal patterns, and regional variations, allowing them to adapt their product offerings and marketing strategies accordingly.<\/li>\n\n\n\n<li><strong>Information zur Produktentwicklung:<\/strong> Durch die Beobachtung der Interaktion von Verbrauchern mit Produkten im Einzelhandel k\u00f6nnen Unternehmen Feedback und Erkenntnisse sammeln, die ihre Entscheidungen zur Produktentwicklung beeinflussen. Marktforschung hilft Unternehmen, Verbraucherpr\u00e4ferenzen, Produktleistung und unerf\u00fcllte Bed\u00fcrfnisse zu verstehen und so innovative Produkte zu entwickeln.<\/li>\n\n\n\n<li><strong>Verbesserung der Bestandsverwaltung:<\/strong> Mithilfe von Store-Check-Marktforschung k\u00f6nnen Unternehmen ihr Bestandsmanagement optimieren, indem sie Einblick in Lagerbest\u00e4nde, Lagerbestandsl\u00fccken und Lagerumschlagsraten in Einzelhandelsgesch\u00e4ften geben. Durch die Identifizierung von Bestandsl\u00fccken und Ineffizienzen k\u00f6nnen Unternehmen Strategien zur Bestandsauff\u00fcllung implementieren, Lagerbest\u00e4nde minimieren und Verkaufschancen maximieren.<\/li>\n\n\n\n<li><strong>Verbesserung des Kundenerlebnisses:<\/strong> Mithilfe von Marktforschung k\u00f6nnen Unternehmen das Kundenerlebnis in Einzelhandelsgesch\u00e4ften bewerten, einschlie\u00dflich Ladengestaltung, Beschilderung und Mitarbeiterinteraktionen. Unternehmen k\u00f6nnen die Kundenzufriedenheit, Loyalit\u00e4t und Bindung verbessern, indem sie Schwachstellen und M\u00f6glichkeiten zur Verbesserung der Customer Journey identifizieren.<\/li>\n\n\n\n<li><strong>Steigerung der Verkaufsleistung:<\/strong> Es hilft Unternehmen, die Verkaufsleistung zu steigern und Gesch\u00e4ftsziele im Einzelhandelsumfeld zu erreichen. Durch die Optimierung der Produktplatzierung, des Einzelhandelsgesch\u00e4fts und des Kundenerlebnisses k\u00f6nnen Unternehmen Verkaufsvolumen, Marktanteil und Rentabilit\u00e4t steigern.<\/li>\n<\/ul>\n\n\n\n<h2 class=\"wp-block-heading\">Wie die Marktforschungsl\u00f6sungen Store Check von SIS International Unternehmen helfen<\/h2>\n\n\n\n<p><a href=\"https:\/\/www.sisinternational.com\/de\/maifeiertag\/\" title=\"Marktforschung zum 1. Mai\"  data-wpil-monitor-id=\"2582\">SIS International offers tailored store check market<\/a> research solutions designed to address businesses&#8217; challenges and unlock opportunities in the retail landscape. Here&#8217;s how SIS International&#8217;s solutions help companies overcome these challenges:<\/p>\n\n\n\n<ul class=\"wp-block-list\">\n<li><strong>Kompetenz und Erfahrung:<\/strong> Mit jahrzehntelanger Erfahrung in der Marktforschung und einem Team aus qualifizierten Fachleuten bietet SIS International Unternehmen fachkundige Beratung und Unterst\u00fctzung w\u00e4hrend des gesamten Store-Check-Prozesses. Von der Entwicklung von Forschungsmethoden bis hin zur Interpretation von Ergebnissen und der Umsetzung von Empfehlungen nutzt SIS International sein Fachwissen, um umsetzbare Erkenntnisse zu liefern, die den Gesch\u00e4ftserfolg vorantreiben.<\/li>\n\n\n\n<li><strong>Ma\u00dfgeschneiderter Ansatz:<\/strong> SIS International ist sich bewusst, dass jedes Unternehmen einzigartige Bed\u00fcrfnisse und Ziele hat. Daher bietet das Unternehmen ma\u00dfgeschneiderte Marktforschungsl\u00f6sungen, die auf die Anforderungen jedes Kunden zugeschnitten sind. Ob es nun um die Durchf\u00fchrung von Filialpr\u00fcfungen, die \u00dcberwachung der Aktivit\u00e4ten von Wettbewerbern oder die Bewertung der Einzelhandelsleistung geht: SIS International entwickelt Forschungspl\u00e4ne, die auf die Ziele der Kunden abgestimmt sind und aussagekr\u00e4ftige Ergebnisse liefern.<\/li>\n\n\n\n<li><strong>Fortgeschrittene Technologie:<\/strong> SIS nutzt fortschrittliche Technologie und digitale Tools, um die Datenerfassungs-, Analyse- und Berichtsprozesse in der Store-Check-Marktforschung zu optimieren. Von mobilen Datenerfassungs-Apps bis hin zu Bilderkennungssoftware nutzt SIS International modernste Technologien, um die Effizienz, Genauigkeit und Skalierbarkeit der Datenerfassung zu verbessern.<\/li>\n\n\n\n<li><strong>Globale Reichweite:<\/strong> Mit einem weltweiten Netzwerk von Au\u00dfendienstmitarbeitern und Forschungspartnern bietet SIS International eine umfassende Abdeckung und Reichweite f\u00fcr Marktforschungsprojekte. Unabh\u00e4ngig davon, ob Unternehmen auf lokalen, regionalen oder internationalen M\u00e4rkten t\u00e4tig sind, kann SIS in unterschiedlichen Einzelhandelsumgebungen Forschung betreiben und Erkenntnisse liefern, die geografische Grenzen \u00fcberschreiten.<\/li>\n\n\n\n<li><strong>Umsetzbare Erkenntnisse:<\/strong> \u00dcber die Datenerfassung hinaus liefert SIS umsetzbare Erkenntnisse und Empfehlungen, die es Unternehmen erm\u00f6glichen, fundierte Entscheidungen zu treffen und greifbare Ergebnisse zu erzielen. Indem SIS International Forschungsergebnisse in strategische Empfehlungen umsetzt, hilft es Unternehmen, ihre Einzelhandelsstrategien zu optimieren, ihre Leistung zu verbessern und ihre Gesch\u00e4ftsziele zu erreichen.<\/li>\n<\/ul>\n\n\n\n<p><\/p>","protected":false},"excerpt":{"rendered":"<p>Die Marktforschung im Rahmen des Store Check ist ein Verfahren zur Erhebung von Daten \u00fcber Produktverf\u00fcgbarkeit, Preisgestaltung, Platzierung und Verkaufsf\u00f6rderung in Gesch\u00e4ften.<\/p>","protected":false},"author":1,"featured_media":62510,"parent":14457,"menu_order":40,"comment_status":"closed","ping_status":"closed","template":"","meta":{"footnotes":""},"class_list":["post-47679","page","type-page","status-publish","has-post-thumbnail"],"_links":{"self":[{"href":"https:\/\/www.sisinternational.com\/de\/wp-json\/wp\/v2\/pages\/47679","targetHints":{"allow":["GET"]}}],"collection":[{"href":"https:\/\/www.sisinternational.com\/de\/wp-json\/wp\/v2\/pages"}],"about":[{"href":"https:\/\/www.sisinternational.com\/de\/wp-json\/wp\/v2\/types\/page"}],"author":[{"embeddable":true,"href":"https:\/\/www.sisinternational.com\/de\/wp-json\/wp\/v2\/users\/1"}],"replies":[{"embeddable":true,"href":"https:\/\/www.sisinternational.com\/de\/wp-json\/wp\/v2\/comments?post=47679"}],"version-history":[{"count":16,"href":"https:\/\/www.sisinternational.com\/de\/wp-json\/wp\/v2\/pages\/47679\/revisions"}],"predecessor-version":[{"id":80943,"href":"https:\/\/www.sisinternational.com\/de\/wp-json\/wp\/v2\/pages\/47679\/revisions\/80943"}],"up":[{"embeddable":true,"href":"https:\/\/www.sisinternational.com\/de\/wp-json\/wp\/v2\/pages\/14457"}],"wp:featuredmedia":[{"embeddable":true,"href":"https:\/\/www.sisinternational.com\/de\/wp-json\/wp\/v2\/media\/62510"}],"wp:attachment":[{"href":"https:\/\/www.sisinternational.com\/de\/wp-json\/wp\/v2\/media?parent=47679"}],"curies":[{"name":"wp","href":"https:\/\/api.w.org\/{rel}","templated":true}]}}