{"id":47641,"date":"2024-04-18T23:02:21","date_gmt":"2024-04-19T03:02:21","guid":{"rendered":"https:\/\/www.sisinternational.com\/?page_id=47641"},"modified":"2025-10-09T02:04:37","modified_gmt":"2025-10-09T06:04:37","slug":"ki-als-service-beratung","status":"publish","type":"page","link":"https:\/\/www.sisinternational.com\/de\/losungen\/ai-marktforschung-und-strategieberatung\/ki-als-service-beratung\/","title":{"rendered":"AI-as-a-Service-Beratung"},"content":{"rendered":"<h1 class=\"wp-block-heading\">AI-as-a-Service-Beratung<\/h1>\n\n\n\n<figure class=\"gb-block-image gb-block-image-821ddc4c\"><img loading=\"lazy\" decoding=\"async\" width=\"1456\" height=\"816\" class=\"gb-image gb-image-821ddc4c\" src=\"https:\/\/www.sisinternational.com\/wp-content\/uploads\/2025\/08\/AI-12.jpg\" alt=\"SIS International Marktforschung &amp; Strategie\" title=\"AI (12)\" srcset=\"https:\/\/www.sisinternational.com\/wp-content\/uploads\/2025\/08\/AI-12.jpg 1456w, https:\/\/www.sisinternational.com\/wp-content\/uploads\/2025\/08\/AI-12-300x168.jpg 300w, https:\/\/www.sisinternational.com\/wp-content\/uploads\/2025\/08\/AI-12-1024x574.jpg 1024w, https:\/\/www.sisinternational.com\/wp-content\/uploads\/2025\/08\/AI-12-768x430.jpg 768w, https:\/\/www.sisinternational.com\/wp-content\/uploads\/2025\/08\/AI-12-18x10.jpg 18w\" sizes=\"auto, (max-width: 1456px) 100vw, 1456px\"><\/figure>\n\n\n\n<h1 class=\"wp-block-heading p1\"><\/h1>\n\n\n\n<h3 class=\"wp-block-heading p1\">AI-as-a-Service (AIaaS)-Beratung ist ein leistungsstarker Service f\u00fcr Unternehmen, die die Leistungsf\u00e4higkeit von KI nutzen m\u00f6chten, um Innovation und Wachstum voranzutreiben. AIaaS-Beratung bietet nicht nur Zugang zu KI-Technologien und -Expertise, sondern hilft Unternehmen auch bei der Entwicklung von KI-L\u00f6sungen, die einen greifbaren Gesch\u00e4ftswert und Wettbewerbsvorteile bieten.<\/h3>\n\n\n\n<p class=\"p1\">Are you ready to revolutionize your business with AI but need help figuring out where to start? AI-as-a-service consulting emerges as a beacon of innovation, offering companies access to cutting-edge artificial intelligence technologies without the complexities of in-house development.&nbsp;<\/p>\n\n\n\n<h2 class=\"wp-block-heading\">Was ist AI-as-a-Service-Beratung?<\/h2>\n\n\n\n<p>AIaaS <a href=\"https:\/\/www.sisinternational.com\/de\/losungen\/reise-tourismus-und-gastgewerbeberatung\/beratung-zu-intelligenter-hoteltechnologie\/\" title=\"Beratung zu intelligenter Hoteltechnologie\"  data-wpil-monitor-id=\"10397\">consulting provides access to AI technologies<\/a> and expertise on a subscription or pay-as-you-go basis. This type of consulting helps companies leverage AI capabilities without the need for large upfront investments in infrastructure or hiring specialized AI talent.<\/p>\n\n\n\n<p>It helps businesses identify opportunities to use AI to improve their operations, products, or services. So, consultants work closely with clients to understand their business challenges and objectives, and then develop AI solutions that address these needs. This could include using machine learning algorithms to analyze data, <a href=\"https:\/\/www.sisinternational.com\/de\/losungen\/ai-marktforschung-und-strategieberatung\/verarbeitung-naturlicher-sprache-ki-marktforschung\/\" title=\"Marktforschung zur Verarbeitung nat\u00fcrlicher Sprache\"  data-wpil-monitor-id=\"10378\">natural language processing<\/a> to automate customer interactions, or computer vision to improve visual recognition tasks.<\/p>\n\n\n\n<p>Mit AI-as-a-Service-Beratung k\u00f6nnen Unternehmen Einblicke in die spezifischen KI-Anwendungen gewinnen, die ihren Zielen entsprechen, und so fundierte Entscheidungen zur Implementierung treffen. Da KI weiterhin Branchen revolutioniert, m\u00fcssen Unternehmen zudem immer einen Schritt voraus sein, um wettbewerbsf\u00e4hig zu bleiben. AI-as-a-Service-Beratung vermittelt Unternehmen das Wissen und die Expertise, die sie ben\u00f6tigen, um KI-L\u00f6sungen einzuf\u00fchren, die ihnen einen Wettbewerbsvorteil verschaffen.<\/p>\n\n\n\n<h2 class=\"wp-block-heading\">Who Uses This Kind&nbsp; of Consulting<\/h2>\n\n\n\n<figure class=\"gb-block-image gb-block-image-e62a1c01\"><img loading=\"lazy\" decoding=\"async\" width=\"1456\" height=\"816\" class=\"gb-image gb-image-e62a1c01\" src=\"https:\/\/www.sisinternational.com\/wp-content\/uploads\/2025\/08\/AI-2-1.jpg\" alt=\"SIS International Marktforschung &amp; Strategie\" title=\"AI 2 (1)\" srcset=\"https:\/\/www.sisinternational.com\/wp-content\/uploads\/2025\/08\/AI-2-1.jpg 1456w, https:\/\/www.sisinternational.com\/wp-content\/uploads\/2025\/08\/AI-2-1-300x168.jpg 300w, https:\/\/www.sisinternational.com\/wp-content\/uploads\/2025\/08\/AI-2-1-1024x574.jpg 1024w, https:\/\/www.sisinternational.com\/wp-content\/uploads\/2025\/08\/AI-2-1-768x430.jpg 768w, https:\/\/www.sisinternational.com\/wp-content\/uploads\/2025\/08\/AI-2-1-18x10.jpg 18w\" sizes=\"auto, (max-width: 1456px) 100vw, 1456px\"><\/figure>\n\n\n\n<p><\/p>\n\n\n\n<p><strong>IT and technology departments<\/strong> within these businesses use these consulting services to understand the technical requirements of AI implementation, evaluate different AI technologies, and develop a roadmap for successful AI integration.<\/p>\n\n\n\n<p><strong>Data scientists and AI <\/strong><a href=\"https:\/\/www.sisinternational.com\/de\/losungen\/fintech-strategieberatung-forschung\/vertrieb-ingenieurwesen-finanzdienstleistungen-beratung\/\" title=\"Vertrieb Engineering Finanzdienstleistungen Beratung\"  data-wpil-monitor-id=\"10384\">engineers are key users of consulting services<\/a>, as they work closely with AI consultants to develop and deploy AI solutions.<\/p>\n\n\n\n<p><strong>Executives and decision-makers<\/strong> rely on AI-as-a-Service consulting to understand AI&#8217;s potential impact on their business operations, identify opportunities for AI adoption, and develop strategies for successful AI implementation.<\/p>\n\n\n\n<p><strong>Startups und kleine Unternehmen<\/strong> often lack the resources and expertise to develop AI solutions internally, making them prime users of AI consulting services.<\/p>\n\n\n\n<h2 class=\"wp-block-heading\">Challenges when Conducting AI-as-a-Service Consulting<\/h2>\n\n\n\n<p>Um die Komplexit\u00e4t der KI-as-a-Service-Beratung zu meistern, m\u00fcssen mehrere kritische Erfolgsfaktoren sorgf\u00e4ltig beachtet werden, die jeweils zur Gesamteffektivit\u00e4t und zum Ergebnis des Engagements beitragen:<\/p>\n\n\n\n<ul class=\"wp-block-list\">\n<li><strong>Klare Gesch\u00e4ftsziele:<\/strong> F\u00fcr den Erfolg eines AI-as-a-Service-Beratungsauftrags ist die Festlegung klarer und erreichbarer Gesch\u00e4ftsziele von gr\u00f6\u00dfter Bedeutung. Ohne ein genaues Verst\u00e4ndnis dessen, was das Unternehmen durch die KI-Integration erreichen m\u00f6chte, wird es schwierig, KI-L\u00f6sungen an strategischen Zielen auszurichten und ihre Auswirkungen effektiv zu messen.<\/li>\n\n\n\n<li><strong>Robuste Datenstrategie:<\/strong> Eine robuste Datenstrategie bildet die Grundlage f\u00fcr erfolgreiche KI-Implementierungen. Dazu geh\u00f6rt die Sicherstellung von Datenqualit\u00e4t, Zug\u00e4nglichkeit und Relevanz sowie die Implementierung robuster Datenverwaltungspraktiken zur Wahrung der Datenintegrit\u00e4t und Compliance.<\/li>\n\n\n\n<li><strong>Domain-Know-how:<\/strong> Die Zusammenarbeit mit AI-as-a-Service-Beratern mit Fachkenntnissen, die f\u00fcr die Branche und den Gesch\u00e4ftskontext des Unternehmens relevant sind, ist unerl\u00e4sslich. Fachexperten k\u00f6nnen wertvolle Einblicke in branchenspezifische Herausforderungen, beh\u00f6rdliche Anforderungen und Best Practices geben und so gezieltere und effektivere KI-L\u00f6sungen erm\u00f6glichen.<\/li>\n\n\n\n<li><strong>Agiles Projektmanagement:<\/strong> Durch die Einf\u00fchrung agiler Projektmanagementmethoden k\u00f6nnen sich Unternehmen schnell an ver\u00e4nderte Anforderungen anpassen, Initiativen auf der Grundlage des Gesch\u00e4ftswerts priorisieren und KI-L\u00f6sungen iterativ bereitstellen, um auf sich entwickelnde Bed\u00fcrfnisse und R\u00fcckmeldungen einzugehen.<\/li>\n\n\n\n<li><strong>Kontinuierliche Evaluierung und Optimierung:<\/strong> Continuous evaluation and optimization of AI models and solutions are essential to ensure their ongoing relevance, effectiveness, and alignment with evolving <a href=\"https:\/\/www.sisinternational.com\/de\/veroffentlichungen\/skalierbare-geschaftsmarktforschung-7-moglichkeiten-zum-aufbau-eines-skalierbaren-geschafts\/\" title=\"Marktforschung f\u00fcr skalierbare Unternehmen: 7 M\u00f6glichkeiten zum Aufbau eines skalierbaren Unternehmens\"  data-wpil-monitor-id=\"10389\">business objectives and market<\/a> dynamics.<\/li>\n<\/ul>\n\n\n\n<h2 class=\"wp-block-heading\">The benefits of working with SIS International<\/h2>\n\n\n\n<figure class=\"gb-block-image gb-block-image-063f531b\"><img loading=\"lazy\" decoding=\"async\" width=\"1456\" height=\"816\" class=\"gb-image gb-image-063f531b\" src=\"https:\/\/www.sisinternational.com\/wp-content\/uploads\/2025\/08\/AI-10.jpg\" alt=\"SIS International Marktforschung &amp; Strategie\" title=\"AI (10)\" srcset=\"https:\/\/www.sisinternational.com\/wp-content\/uploads\/2025\/08\/AI-10.jpg 1456w, https:\/\/www.sisinternational.com\/wp-content\/uploads\/2025\/08\/AI-10-300x168.jpg 300w, https:\/\/www.sisinternational.com\/wp-content\/uploads\/2025\/08\/AI-10-1024x574.jpg 1024w, https:\/\/www.sisinternational.com\/wp-content\/uploads\/2025\/08\/AI-10-768x430.jpg 768w, https:\/\/www.sisinternational.com\/wp-content\/uploads\/2025\/08\/AI-10-18x10.jpg 18w\" sizes=\"auto, (max-width: 1456px) 100vw, 1456px\"><\/figure>\n\n\n\n<h2 class=\"wp-block-heading\"><figure><span style=\"font-family: inherit; font-style: inherit; background-color: rgb(255, 255, 255);\">\u00a0<\/span><\/figure><\/h2>\n\n\n\n<p>SIS liefert ma\u00dfgeschneiderte L\u00f6sungen f\u00fcr die individuellen Bed\u00fcrfnisse und Herausforderungen von Unternehmen in verschiedenen Branchen. Durch die Zusammenarbeit mit SIS International k\u00f6nnen Unternehmen mehrere wichtige Ergebnisse erwarten:<\/p>\n\n\n\n<ul class=\"wp-block-list\">\n<li><strong>Verbesserte Betriebseffizienz:<\/strong> SIS International&#8217;s expertise in developing custom AI algorithms and predictive analytics models enables organizations to optimize resource allocation, minimize waste, and improve productivity.<\/li>\n\n\n\n<li><strong>Datengesteuerte Entscheidungsfindung:<\/strong> SIS International erm\u00f6glicht es Organisationen, die Macht der Daten f\u00fcr fundierte Entscheidungen durch erweiterte Analysen und pr\u00e4diktive Erkenntnisse zu nutzen. KI-Technologien helfen Unternehmen dabei, tiefere Einblicke in Markttrends, Kundenverhalten und Wettbewerbsdynamik zu gewinnen, sodass sie strategische Entscheidungen mit Zuversicht und Agilit\u00e4t treffen k\u00f6nnen.<\/li>\n\n\n\n<li><strong>Risikominimierung und Compliance:<\/strong> SIS International helps organizations mitigate risks and ensure compliance with regulatory requirements through AI-powered risk assessment, fraud detection, and compliance monitoring solutions.<\/li>\n\n\n\n<li><strong>Innovation und Wettbewerbsvorteile:<\/strong> By partnering with SIS International, organizations gain access to cutting-edge AI technologies and expertise, enabling them to innovate faster, stay ahead of competitors, and seize new market opportunities.<\/li>\n\n\n\n<li><strong>Messbare Auswirkungen auf das Gesch\u00e4ft:<\/strong> SIS ist bestrebt, seinen Kunden konkrete Gesch\u00e4ftsergebnisse und einen messbaren ROI zu liefern. Durch strenge Leistungsverfolgung, -\u00fcberwachung und -bewertung stellen wir sicher, dass KI-L\u00f6sungen auf die Gesch\u00e4ftsziele abgestimmt sind und einen messbaren Wert in Form von Kosteneinsparungen, Umsatzwachstum und operativer Exzellenz liefern.<\/li>\n<\/ul>\n\n\n\n<h2 class=\"wp-block-heading\">Technologies Used in AI-as-a-Service Consulting<\/h2>\n\n\n\n<p>Im Bereich der KI-as-a-Service-Beratung unterst\u00fctzen viele hochmoderne Technologien und Tools Unternehmen dabei, KI-Funktionen effektiv zu nutzen. Hier sind einige der wichtigsten Technologien und Tools, die in der Branche eingesetzt werden:<\/p>\n\n\n\n<p><strong>Frameworks f\u00fcr maschinelles Lernen:<\/strong> Machine-Learning-Frameworks wie TensorFlow oder PyTorch bilden die Grundlage f\u00fcr die Entwicklung und Bereitstellung von KI-Modellen. Diese Frameworks bieten Bibliotheken und APIs zum Erstellen von Machine-Learning-Algorithmen, von \u00fcberwachtem und un\u00fcberwachtem bis hin zu best\u00e4rkendem Lernen.<\/p>\n\n\n\n<p><strong>Tools zur Datenvisualisierung:<\/strong> Data visualization tools such as Tableau and Power BI enable organizations to explore and communicate insights derived from AI models effectively. By <a href=\"https:\/\/www.sisinternational.com\/de\/sachverstand\/branchen\/beratung-zur-datenvisualisierung\/\" title=\"Datenvisualisierungsberatung\"  data-wpil-monitor-id=\"10394\">visualizing complex data<\/a> sets in intuitive formats, these tools facilitate decision-making and enhance data-driven storytelling.<\/p>\n\n\n\n<p><strong>AI-as-a-Service-APIs:<\/strong> AI-as-a-Service-APIs bieten vorgefertigte KI-Funktionen, die sich problemlos in vorhandene Anwendungen und Arbeitsabl\u00e4ufe integrieren lassen. APIs wie Google Cloud Vision API und Microsoft Azure Cognitive Services bieten Funktionen wie Bilderkennung, Sprach-zu-Text-Konvertierung und Sprach\u00fcbersetzung und beschleunigen so die Einf\u00fchrung und Innovation von KI.<\/p>\n\n\n\n<h2 class=\"wp-block-heading\">AI-as-a-Service Beratungsm\u00f6glichkeiten<\/h2>\n\n\n\n<figure class=\"wp-block-image\"><img decoding=\"async\" src=\"https:\/\/www.sisinternational.com\/wp-content\/uploads\/2019\/11\/Artificial-Intelligence-Market-Research.jpg\" alt=\"Marktforschung f\u00fcr k\u00fcnstliche Intelligenz\" class=\"wp-image-33887\"\/><\/figure>\n\n\n\n<p><\/p>\n\n\n\n<p>Die Einf\u00fchrung von AI-as-a-Service-Beratung bietet Unternehmen aller Branchen zahlreiche M\u00f6glichkeiten, Innovationen zu schaffen, Abl\u00e4ufe zu optimieren und sich einen Wettbewerbsvorteil zu verschaffen. Einige der wichtigsten M\u00f6glichkeiten sind:<\/p>\n\n\n\n<ul class=\"wp-block-list\">\n<li><strong>Erh\u00f6hte Effizienz und Produktivit\u00e4t:<\/strong> AI-driven automation and optimization solutions streamline processes, reduce manual effort, and improve operational efficiency. Through the automation of repetitive tasks, analyzing complex data sets, and optimizing resource allocation, businesses can enhance productivity, minimize costs, and focus on value-added activities.<\/li>\n\n\n\n<li><strong>Risikominimierung und Compliance:<\/strong> AI-as-a-Service-Beratung bietet Unternehmen erweiterte Funktionen zur Risikobewertung, Betrugserkennung und Compliance-\u00dcberwachung. Durch den Einsatz von KI-Technologien wie maschinellem Lernen und Anomalieerkennung k\u00f6nnen Unternehmen potenzielle Risiken identifizieren, betr\u00fcgerische Aktivit\u00e4ten aufdecken und die Einhaltung gesetzlicher Vorschriften sicherstellen, um ihren Ruf und ihre finanzielle Integrit\u00e4t zu sch\u00fctzen.<\/li>\n\n\n\n<li><strong>Innovation und Differenzierung:<\/strong> AI enables businesses to innovate faster, experiment with new ideas, and <a href=\"https:\/\/www.sisinternational.com\/de\/losungen\/branding-und-kundenforschungslosungen\/markendifferenzierung-marktforschung\/\" title=\"Marktforschung zur Markendifferenzierung\"  data-wpil-monitor-id=\"10396\">differentiate themselves in the market<\/a>. With this consulting, organizations can explore novel AI applications, develop custom solutions, and stay ahead of competitors by delivering unique <a href=\"https:\/\/www.sisinternational.com\/de\/what-is-a-value-proposition-canvas-the-game-changing-framework-that-prevents-product-failures\/\" title=\"What Is a Value Proposition Canvas? &#091;The Game-Changing Framework That Prevents Product Failures&#093;\"  data-wpil-monitor-id=\"10386\">value propositions and innovative products<\/a> and services.<\/li>\n<\/ul>\n\n\n\n<h2 class=\"wp-block-heading\"><strong>Wie die AI-as-a-Service-Beratung von SIS International Unternehmen hilft&nbsp;<\/strong><\/h2>\n\n\n\n<p>SIS International bietet umfassende AI-as-a-Service-L\u00f6sungen an, die darauf ausgelegt sind, die Herausforderungen von Unternehmen bei der Einf\u00fchrung und effektiven Nutzung von KI-Technologien zu bew\u00e4ltigen. So helfen die L\u00f6sungen von SIS International Unternehmen bei der Bew\u00e4ltigung wichtiger Herausforderungen:<\/p>\n\n\n\n<ul class=\"wp-block-list\">\n<li><strong>Datenqualit\u00e4tssicherung:<\/strong> <a href=\"https:\/\/www.linkedin.com\/company\/sisinternationalresearch\/\" target=\"_blank\" rel=\"noopener\">SIS<\/a> provides data quality assurance services to ensure the accuracy, completeness, and reliability of data used for AI model training. Through data cleansing, normalization, and validation techniques, we help businesses improve data quality and accessibility, enhancing the effectiveness of AI solutions.<\/li>\n\n\n\n<li><strong>Talenterweiterung:<\/strong> SIS augments businesses&#8217; talent pool with skilled AI experts and data scientists with domain expertise and experience developing and deploying AI solutions. When you partner with SIS International, you can access on-demand AI talent and expertise, overcoming the talent gap and accelerating AI adoption.<\/li>\n\n\n\n<li><strong>Sicherheit und Compliance:<\/strong> SIS International implementiert robuste Sicherheitsma\u00dfnahmen und Compliance-Frameworks, um vertrauliche Unternehmensdaten zu sch\u00fctzen und Sicherheitsrisiken im Zusammenhang mit dem Einsatz von KI zu minimieren. Durch Verschl\u00fcsselung, Zugriffskontrollen und regelm\u00e4\u00dfige Sicherheits\u00fcberpr\u00fcfungen hilft SIS International Unternehmen, sich vor Datenlecks und Cyberbedrohungen zu sch\u00fctzen.<\/li>\n\n\n\n<li><strong>Strategien zur Minderung von Vorurteilen:<\/strong> SIS International employs bias mitigation strategies and fairness-aware algorithms to address algorithmic bias and fairness issues in AI models. We help businesses ensure equitable outcomes and mitigate risks related to discrimination and bias.<\/li>\n<\/ul>\n\n\n\n<div class=\"is-root-container is-desktop-preview is-layout-flow wp-block-post-content block-editor-block-list__layout\" spellcheck=\"false\">\n<div id=\"block-8365776f-985b-4c8b-a275-40df748019a6\" class=\"block-editor-block-list__block wp-block is-selected wp-block-freeform\" tabindex=\"0\" role=\"document\" aria-label=\"Block: Klassisch\" data-block=\"8365776f-985b-4c8b-a275-40df748019a6\" data-type=\"core\/freeform\" data-title=\"Classic\">\n<div id=\"editor-8365776f-985b-4c8b-a275-40df748019a6\" class=\"wp-block-freeform block-library-rich-text__tinymce mce-content-body html5-captions mce-edit-focus\" contenteditable=\"true\">\n<h2>Unser Standort in New York<\/h2>\n<p><iframe loading=\"lazy\" src=\"https:\/\/www.google.com\/maps\/embed?pb=!1m18!1m12!1m3!1d3022.976188376966!2d-73.99130312499956!3d40.740549471389315!2m3!1f0!2f0!3f0!3m2!1i1024!2i768!4f13.1!3m3!1m2!1s0x89c259a15798c731%3A0xd695d09bdd495f25!2s11%20E%2022nd%20St%20FL%202%2C%20New%20York%2C%20NY%2010010%2C%20USA!5e0!3m2!1sen!2spe!4v1726171763526!5m2!1sen!2spe\" width=\"600\" height=\"450\" allowfullscreen=\"allowfullscreen\" data-mce-fragment=\"1\"><\/iframe><\/p>\n<h3 class=\"wp-block-heading\">11 E 22nd Street, Floor 2, New York, NY 10010 T: +1(212) 505-6805<\/h3>\n<hr>\n<h2><span style=\"font-weight: 400;\">\u00dcber SIS International<\/span><\/h2>\n<p><a href=\"https:\/\/www.sisinternational.com\/de\/\"><span style=\"font-weight: 400;\">SIS International<\/span><\/a><span style=\"font-weight: 400;\">&nbsp;offers Quantitative, Qualitative, and Strategy Research. We provide data, tools, strategies, reports, and insights for decision-making. We also conduct interviews, surveys, focus groups, and other <a href=\"https:\/\/www.sisinternational.com\/de\/quantitative-market-research-methods-and-techniques\/\" title=\"Quantitative Market Research Methods and Techniques\" data-wpil-monitor-id=\"10373\">Market Research methods<\/a> and approaches.<\/span><a href=\"https:\/\/www.sisinternational.com\/de\/uber-sis-international-research\/contact-sis-international-market-research\/\"><span style=\"font-weight: 400;\">&nbsp;Kontakt<\/span><\/a><span style=\"font-weight: 400;\">&nbsp;f\u00fcr Ihr n\u00e4chstes Marktforschungsprojekt.<\/span><\/p>\n<hr><\/div>\n<\/div>\n<\/div>\n\n\n\n<div data-grammarly-part=\"highlights\">\n<div>\n<div>\n<div>\n<div class=\"Jupcl lUmQf inSdx GpjRg\" data-key=\"1000295-3|0-0\" data-grammarly-part=\"highlight\" data-highlight-format=\"enclosing\" data-highlight-color-name=\"blue\">&nbsp;<\/div>\n<\/div>\n<\/div>\n<\/div>\n<\/div>\n\n\n\n<p><\/p>","protected":false},"excerpt":{"rendered":"<p>AIaaS-Beratung bietet Unternehmen Zugriff auf KI-Technologien und Fachwissen auf Abonnement- oder Pay-as-you-go-Basis.<\/p>","protected":false},"author":1,"featured_media":62604,"parent":44406,"menu_order":79,"comment_status":"closed","ping_status":"closed","template":"","meta":{"footnotes":""},"class_list":["post-47641","page","type-page","status-publish","has-post-thumbnail"],"_links":{"self":[{"href":"https:\/\/www.sisinternational.com\/de\/wp-json\/wp\/v2\/pages\/47641","targetHints":{"allow":["GET"]}}],"collection":[{"href":"https:\/\/www.sisinternational.com\/de\/wp-json\/wp\/v2\/pages"}],"about":[{"href":"https:\/\/www.sisinternational.com\/de\/wp-json\/wp\/v2\/types\/page"}],"author":[{"embeddable":true,"href":"https:\/\/www.sisinternational.com\/de\/wp-json\/wp\/v2\/users\/1"}],"replies":[{"embeddable":true,"href":"https:\/\/www.sisinternational.com\/de\/wp-json\/wp\/v2\/comments?post=47641"}],"version-history":[{"count":12,"href":"https:\/\/www.sisinternational.com\/de\/wp-json\/wp\/v2\/pages\/47641\/revisions"}],"predecessor-version":[{"id":81713,"href":"https:\/\/www.sisinternational.com\/de\/wp-json\/wp\/v2\/pages\/47641\/revisions\/81713"}],"up":[{"embeddable":true,"href":"https:\/\/www.sisinternational.com\/de\/wp-json\/wp\/v2\/pages\/44406"}],"wp:featuredmedia":[{"embeddable":true,"href":"https:\/\/www.sisinternational.com\/de\/wp-json\/wp\/v2\/media\/62604"}],"wp:attachment":[{"href":"https:\/\/www.sisinternational.com\/de\/wp-json\/wp\/v2\/media?parent=47641"}],"curies":[{"name":"wp","href":"https:\/\/api.w.org\/{rel}","templated":true}]}}