{"id":47637,"date":"2024-04-18T23:09:26","date_gmt":"2024-04-19T03:09:26","guid":{"rendered":"https:\/\/www.sisinternational.com\/?page_id=47637"},"modified":"2026-01-26T18:45:43","modified_gmt":"2026-01-26T23:45:43","slug":"marktforschung-zur-umsatzumwandlung","status":"publish","type":"page","link":"https:\/\/www.sisinternational.com\/de\/losungen\/marktforschung-zur-umsatzumwandlung\/","title":{"rendered":"Marktforschung zur Umsatzumwandlung"},"content":{"rendered":"<h1 class=\"wp-block-heading\">Marktforschung zur Umsatzumwandlung<\/h1>\n\n\n\n<figure class=\"gb-block-image gb-block-image-702717a5\"><img loading=\"lazy\" decoding=\"async\" width=\"1456\" height=\"816\" class=\"gb-image gb-image-702717a5\" src=\"https:\/\/www.sisinternational.com\/wp-content\/uploads\/2025\/08\/Retail-8.jpg\" alt=\"SIS International Marktforschung &amp; Strategie\" title=\"Retail (8)\" srcset=\"https:\/\/www.sisinternational.com\/wp-content\/uploads\/2025\/08\/Retail-8.jpg 1456w, https:\/\/www.sisinternational.com\/wp-content\/uploads\/2025\/08\/Retail-8-300x168.jpg 300w, https:\/\/www.sisinternational.com\/wp-content\/uploads\/2025\/08\/Retail-8-1024x574.jpg 1024w, https:\/\/www.sisinternational.com\/wp-content\/uploads\/2025\/08\/Retail-8-768x430.jpg 768w, https:\/\/www.sisinternational.com\/wp-content\/uploads\/2025\/08\/Retail-8-18x10.jpg 18w\" sizes=\"auto, (max-width: 1456px) 100vw, 1456px\"><\/figure>\n\n\n\n<p><\/p>\n\n\n\n<hr class=\"wp-block-separator has-alpha-channel-opacity is-style-dots\"\/>\n\n\n\n<p>Mithilfe von Marktforschung zur Verkaufsumwandlung k\u00f6nnen Unternehmen ihre Leistung mit Branchenstandards und Wettbewerbern vergleichen. Durch den Vergleich von Umwandlungsraten und Verkaufsprozessen mit denen der Konkurrenz k\u00f6nnen Unternehmen Bereiche identifizieren, in denen sie im R\u00fcckstand sind, und Strategien zur Verbesserung ihrer Wettbewerbsposition implementieren.<\/p>\n\n\n\n<p>Have you ever wondered what separates high-performing sales strategies from the rest? Enter <a href=\"https:\/\/www.sisinternational.com\/de\/sachverstand\/branchen\/point-sale-marktforschung\/\" title=\"Point of Sale-Marktforschung\"  data-wpil-monitor-id=\"4903\">Marktforschung zur Umsatzumwandlung<\/a>, the secret weapon of successful businesses aiming to optimize their sales processes. This strategic approach goes beyond traditional sales tactics, focusing on understanding consumer behavior, identifying pain points, and fine-tuning strategies to convert leads into loyal customers effectively.<\/p>\n\n\n\n<h2 class=\"wp-block-heading\">Was ist Marktforschung zur Verkaufskonversion?<\/h2>\n\n\n\n<p>Sales conversion market <a href=\"https:\/\/www.sisinternational.com\/de\/sachverstand\/branchen\/marktforschung-zur-kauferabsicht\/\" title=\"Marktforschung zur K\u00e4uferabsicht\"  data-wpil-monitor-id=\"6262\">Forschung<\/a> aims to understand the factors that influence the conversion of potential customers into actual buyers. This type of research helps businesses identify barriers to conversion, optimize their sales processes, and improve their overall sales performance. It includes analyzing factors such as pricing, product selection, website usability, and customer services.<\/p>\n\n\n\n<h2 class=\"wp-block-heading\">Warum ben\u00f6tigen Unternehmen Marktforschung zur Verkaufsumwandlung?<\/h2>\n\n\n\n<p>Durch die Analyse von Kundenverhalten, Pr\u00e4ferenzen und Kaufmustern k\u00f6nnen Unternehmen Verbesserungsbereiche identifizieren und gezielte Strategien zur Steigerung der Konversionsraten implementieren. Wenn Unternehmen die Faktoren verstehen, die Kaufentscheidungen beeinflussen, k\u00f6nnen sie ihre Botschaften, Preise und Produktangebote besser an die Bed\u00fcrfnisse und Erwartungen der Kunden anpassen, was zu h\u00f6heren Konversionsraten und h\u00f6heren Ums\u00e4tzen f\u00fchrt.<\/p>\n\n\n\n<p>By continuously monitoring and analyzing customer behavior, preferences, and market trends, companies can stay ahead of the competition and position themselves for long-term success. From identifying new sales opportunities to optimizing existing processes, <a href=\"https:\/\/www.sisinternational.com\/de\/weinmarktforschung\/\" title=\"Weinmarktforschung: Gewinnermittlung im Inlandsweinhandel\"  data-wpil-monitor-id=\"2494\">Marktforschung zur Umsatzumwandlung<\/a> is a powerful tool that can drive growth and profitability for businesses of all sizes. However, it presents many other benefits for businesses, including:<\/p>\n\n\n\n<ul class=\"wp-block-list\">\n<li><strong>Verbesserte Verkaufsleistung:<\/strong> Es steigert die Verkaufsleistung und f\u00f6rdert das Umsatzwachstum. Wenn Unternehmen die Faktoren verstehen, die Kaufentscheidungen und Verbraucherverhalten beeinflussen, k\u00f6nnen sie ihren Verkaufsansatz so anpassen, dass er bei ihrer Zielgruppe ankommt. Das erh\u00f6ht letztlich die Konversionsraten und steigert den Umsatz.<br><strong>Verbesserte Kundenzufriedenheit:<\/strong> Mithilfe dieser Marktforschung k\u00f6nnen Unternehmen die Bed\u00fcrfnisse, Vorlieben und Schwachstellen ihrer Kunden w\u00e4hrend des gesamten Kaufprozesses besser verstehen.<\/li>\n\n\n\n<li><strong>Optimierte Verkaufsstrategien:<\/strong> Unternehmen k\u00f6nnen ihre Verkaufsstrategien mit umsetzbaren Erkenntnissen aus der Marktforschung f\u00fcr maximale Effektivit\u00e4t optimieren.<\/li>\n\n\n\n<li><strong>Wettbewerbsvorteil:<\/strong> Durch diese Marktforschung erhalten Unternehmen ein tieferes Verst\u00e4ndnis f\u00fcr die St\u00e4rken und Schw\u00e4chen ihrer Konkurrenten und k\u00f6nnen so Differenzierungsm\u00f6glichkeiten erkennen und Marktl\u00fccken ausnutzen.<\/li>\n\n\n\n<li><strong>Langfristiges Wachstum und Nachhaltigkeit:<\/strong> Unternehmen k\u00f6nnen langfristiges Wachstum und Nachhaltigkeit erreichen, indem sie das Verbraucherverhalten und Ver\u00e4nderungen der Marktdynamik kontinuierlich beobachten und sich an diese anpassen.<\/li>\n<\/ul>\n\n\n\n<h2 class=\"wp-block-heading\">Wer nutzt Marktforschung zur Verkaufsumwandlung?<\/h2>\n\n\n\n<figure class=\"gb-block-image gb-block-image-af696455\"><img loading=\"lazy\" decoding=\"async\" width=\"1456\" height=\"816\" class=\"gb-image gb-image-af696455\" src=\"https:\/\/www.sisinternational.com\/wp-content\/uploads\/2025\/09\/Focus-group-26.jpg\" alt=\"SIS International Marktforschung &amp; Strategie\" title=\"Focus group (26)\" srcset=\"https:\/\/www.sisinternational.com\/wp-content\/uploads\/2025\/09\/Focus-group-26.jpg 1456w, https:\/\/www.sisinternational.com\/wp-content\/uploads\/2025\/09\/Focus-group-26-300x168.jpg 300w, https:\/\/www.sisinternational.com\/wp-content\/uploads\/2025\/09\/Focus-group-26-1024x574.jpg 1024w, https:\/\/www.sisinternational.com\/wp-content\/uploads\/2025\/09\/Focus-group-26-768x430.jpg 768w, https:\/\/www.sisinternational.com\/wp-content\/uploads\/2025\/09\/Focus-group-26-18x10.jpg 18w\" sizes=\"auto, (max-width: 1456px) 100vw, 1456px\"><\/figure>\n\n\n\n<p><\/p>\n\n\n\n<p>Unternehmen aus den unterschiedlichsten Branchen nutzen die Marktforschung, um Einblicke in die Entscheidungsprozesse ihrer Kunden zu gewinnen, ihre Vertriebskan\u00e4le zu optimieren und die Interaktion mit ihren Kunden zu verbessern, um so die Konversionsrate zu steigern.<\/p>\n\n\n\n<p>Sales and marketing teams are primary users of <a href=\"https:\/\/www.sisinternational.com\/de\/sachverstand\/branchen\/feinkostmarktforschung\/\" title=\"Feinkost-Marktforschung\"  data-wpil-monitor-id=\"4608\">sales conversion research<\/a>, utilizing it to identify key touchpoints in the sales process, understand customer objections, and tailor their messaging and strategies to improve conversion rates.<\/p>\n\n\n\n<p>Produktentwicklungsteams nutzen die Forschung, um Feedback zu bestehenden Produkten und Dienstleistungen zu sammeln, Verbesserungsbereiche zu identifizieren und neue Angebote zu entwickeln, die besser auf die Bed\u00fcrfnisse und Vorlieben der Kunden abgestimmt sind.<\/p>\n\n\n\n<p>Kundensupport- und Serviceteams nutzen Marktforschung, um h\u00e4ufige Probleme und Einw\u00e4nde von Kunden zu identifizieren. So k\u00f6nnen sie gezielteren und wirksameren Support bieten.<\/p>\n\n\n\n<p>Digitale Vermarkter nutzen diese Marktforschung, um ihre digitalen Marketingkampagnen zu optimieren, einschlie\u00dflich bezahlter Werbung, E-Mail-Marketing und Social-Media-Marketing.<\/p>\n\n\n\n<p><a href=\"https:\/\/www.sisinternational.com\/de\/sachverstand\/branchen\/e-commerce-marktforschung\/\" title=\"E-Commerce Marktforschung\"  data-wpil-monitor-id=\"6783\">E-commerce platforms leverage sales conversion market research<\/a> to optimize their online shopping experience, including website design, product listings, and checkout process.<\/p>\n\n\n\n<h2 class=\"wp-block-heading\">Wann sollte eine Marktforschung zur Verkaufsumwandlung durchgef\u00fchrt werden?<\/h2>\n\n\n\n<p>Die Bestimmung des optimalen Zeitpunkts f\u00fcr die Durchf\u00fchrung von Marktforschung zur Verkaufsumwandlung ist entscheidend, um ihre Wirksamkeit und Auswirkung auf die Verkaufsleistung zu maximieren. Durch die strategische Planung von Forschungsinitiativen in wichtigen Phasen des Verkaufsprozesses k\u00f6nnen Unternehmen umsetzbare Erkenntnisse gewinnen, Verbesserungsm\u00f6glichkeiten identifizieren und bessere Ergebnisse erzielen.<\/p>\n\n\n\n<ul class=\"wp-block-list\">\n<li><strong>Vorab- oder Produkteinf\u00fchrung:<\/strong> Durch die Durchf\u00fchrung von Marktforschung vor der Markteinf\u00fchrung eines neuen Produkts oder einer neuen Dienstleistung k\u00f6nnen Unternehmen die Marktnachfrage einsch\u00e4tzen, m\u00f6gliche Hindernisse f\u00fcr die Umstellung identifizieren und ihre Verkaufsstrategien optimieren.<\/li>\n\n\n\n<li><strong>Auswertung nach der Markteinf\u00fchrung:<\/strong> Nach der Einf\u00fchrung eines Produkts oder einer Dienstleistung ist eine kontinuierliche Marktforschung von entscheidender Bedeutung, um seine Leistung zu bewerten und Verbesserungsbereiche zu identifizieren.<\/li>\n\n\n\n<li><strong>Saisonale oder Werbekampagnen:<\/strong> Die Marktforschung zur Verkaufsumwandlung ist besonders w\u00e4hrend saisonaler Kampagnen oder Werbekampagnen wertvoll, wie etwa bei Verkaufsaktionen zu den Feiertagen oder zeitlich begrenzten Angeboten.<\/li>\n\n\n\n<li><strong>Wettbewerbsvergleich:<\/strong> Durch den Vergleich der Verkaufsumwandlungskennzahlen mit denen der Konkurrenz k\u00f6nnen wertvolle Benchmarking-Erkenntnisse gewonnen und Verbesserungsbereiche identifiziert werden.<\/li>\n\n\n\n<li><strong>Kontinuierliche \u00dcberwachung und Anpassung:<\/strong> Marktforschung sollte ein fortlaufender Prozess sein, bei dem Unternehmen kontinuierlich Verkaufsentwicklung, Kundenfeedback und Markttrends \u00fcberwachen.<\/li>\n<\/ul>\n\n\n\n<h2 class=\"wp-block-heading\">Erwartete Ergebnisse der Marktforschung von SIS International zur Umsatzumwandlung<\/h2>\n\n\n\n<p>Eine Partnerschaft mit SIS International f\u00fcr Marktforschung zur Umsatzumwandlung verspricht eine Reihe wirkungsvoller Ergebnisse, die zu erheblichen Verbesserungen der Verkaufsleistung und des gesamten Gesch\u00e4ftserfolgs f\u00fchren k\u00f6nnen. Durch die Nutzung der Expertise und Ressourcen von SIS International k\u00f6nnen Unternehmen greifbare Ergebnisse erwarten, die sich in h\u00f6heren Ums\u00e4tzen, verbesserter Kundenzufriedenheit und nachhaltigem Wachstum niederschlagen.<\/p>\n\n\n\n<ul class=\"wp-block-list\">\n<li><strong>H\u00f6here Konversionsraten:<\/strong> One of the primary expected results from SIS International&#8217;s <a href=\"https:\/\/www.sisinternational.com\/de\/sachverstand\/primare-kundenspezifische-forschung-2\/\" title=\"Prim\u00e4re Marktforschung\"  data-wpil-monitor-id=\"7010\">Marktforschung zur Umsatzumwandlung<\/a> is an increase in conversion rates across various sales channels. By identifying barriers to conversion, optimizing sales processes, and refining messaging and positioning strategies, businesses can expect to see a measurable improvement in their ability to convert leads into customers, ultimately driving revenue growth and profitability.<\/li>\n\n\n\n<li><strong>Verbessertes Kundenverst\u00e4ndnis:<\/strong> Die Forschungsinitiativen von SIS International vermitteln Unternehmen ein tieferes Verst\u00e4ndnis ihrer Zielgruppe, einschlie\u00dflich ihrer Vorlieben, Motivationen und Schwachstellen. Durch Einblicke in das Verbraucherverhalten und die Entscheidungsprozesse k\u00f6nnen Unternehmen ihre Verkaufsstrategien besser anpassen, um die Kundenbed\u00fcrfnisse zu erf\u00fcllen, die Kundenzufriedenheit zu verbessern und st\u00e4rkere Beziehungen zu ihrer Kundschaft aufzubauen.<\/li>\n\n\n\n<li><strong>Verbesserte Verkaufsstrategien und -taktiken:<\/strong> Durch gr\u00fcndliche Analyse von Verkaufsumwandlungsdaten und Markttrends hilft SIS International Unternehmen dabei, Optimierungs- und Verbesserungsm\u00f6glichkeiten f\u00fcr ihre Verkaufsstrategien und -taktiken zu erkennen. Ob es nun um die Verfeinerung der Produktpositionierung, die Anpassung der Preisstrategien oder die Verbesserung der Verkaufsbotschaft geht, Unternehmen k\u00f6nnen davon ausgehen, dass sie strategische Initiativen umsetzen k\u00f6nnen, die zu besseren Ergebnissen f\u00fchren und sie im Vergleich zu ihren Marktkonkurrenten \u00fcbertreffen.<\/li>\n\n\n\n<li><strong>Verbesserte Wettbewerbsf\u00e4higkeit:<\/strong> Unternehmen k\u00f6nnen sich einen Wettbewerbsvorteil in ihren jeweiligen Branchen verschaffen, indem sie die Erkenntnisse aus der Marktforschung von SIS International zur Umsatzumwandlung nutzen. Indem sie Markttrends voraus sind, die Verbraucherpr\u00e4ferenzen verstehen und ihre Verkaufsstrategien entsprechend anpassen, k\u00f6nnen sich Unternehmen als Branchenf\u00fchrer positionieren und gr\u00f6\u00dfere Marktanteile gewinnen, was zu nachhaltigem Wachstum und Erfolg f\u00fchrt.<\/li>\n<\/ul>\n\n\n\n<h2 class=\"wp-block-heading\">Gelegenheiten<\/h2>\n\n\n\n<p>Die Erkundung der M\u00f6glichkeiten der Marktforschung zur Verkaufsumwandlung er\u00f6ffnet Unternehmen zahlreiche M\u00f6glichkeiten, ihre Verkaufsstrategien zu optimieren, die Kundenzufriedenheit zu erh\u00f6hen und das Umsatzwachstum voranzutreiben, darunter:<\/p>\n\n\n\n<ul class=\"wp-block-list\">\n<li><strong>Personalisierte Kundenerlebnisse:<\/strong> Durch die Nutzung dieser Marktforschung k\u00f6nnen Unternehmen personalisierte Kundenerlebnisse bieten, die bei ihrer Zielgruppe Anklang finden und h\u00f6here Konversionsraten erzielen. Durch das Verst\u00e4ndnis der individuellen Kundenpr\u00e4ferenzen, Verhaltensmuster und Kaufgewohnheiten k\u00f6nnen Unternehmen ihren Verkaufsansatz anpassen, um relevante Nachrichten, Angebote und L\u00f6sungen bereitzustellen, die den individuellen Bed\u00fcrfnissen und Vorlieben jedes Kunden entsprechen.<\/li>\n\n\n\n<li><strong>Kontinuierliche Verbesserung und Innovation:<\/strong> Die Durchf\u00fchrung einer Marktanalyse zur Umsatzumwandlung f\u00f6rdert eine Kultur der st\u00e4ndigen Verbesserung und Innovation innerhalb von Organisationen. Durch regelm\u00e4\u00dfiges \u00dcberwachen der Verkaufsleistung, Analysieren von Kundenfeedback und Benchmarking anhand der Best Practices der Branche k\u00f6nnen Unternehmen M\u00f6glichkeiten f\u00fcr Innovation, Experimente und Differenzierung identifizieren und so kontinuierliche Verbesserungen der Verkaufseffektivit\u00e4t und Marktwettbewerbsf\u00e4higkeit erzielen.<\/li>\n\n\n\n<li><strong>Strategische Wachstumschancen:<\/strong> Durch Marktforschung werden strategische Wachstumschancen aufgedeckt, die es Unternehmen erm\u00f6glichen, ihre Marktreichweite zu erweitern, neue Marktsegmente zu erschlie\u00dfen und von neuen Trends zu profitieren. Durch die Identifizierung unerschlossener Kundensegmente, Nischenm\u00e4rkte oder unterversorgter Bed\u00fcrfnisse k\u00f6nnen Unternehmen gezielte Verkaufsstrategien und -initiativen entwickeln, die Wachstum, Rentabilit\u00e4t und langfristigen Erfolg f\u00f6rdern.<\/li>\n<\/ul>\n\n\n\n<h2 class=\"wp-block-heading\">Wie die Marktforschung von SIS International zur Umsatzumwandlung Unternehmen hilft<\/h2>\n\n\n\n<p>Die Marktforschungsdienste von SIS International zur Umsatzumwandlung bieten Unternehmen umfassende Einblicke, strategische Beratung und umsetzbare Empfehlungen, um ihre Verkaufsstrategien zu optimieren, das Umsatzwachstum voranzutreiben und gr\u00f6\u00dferen Erfolg auf dem Markt zu erzielen. Durch die Nutzung unseres Fachwissens, unserer Ressourcen und bew\u00e4hrten Methoden k\u00f6nnen Unternehmen das volle Potenzial ihrer Verkaufsbem\u00fchungen aussch\u00f6pfen und Wachstumschancen nutzen.<\/p>\n\n\n\n<p><strong>Ganzheitlicher Forschungsansatz:<\/strong> SIS takes a holistic approach to <a href=\"https:\/\/www.sisinternational.com\/de\/abdeckung\/die-amerikaner\/marktforschung-kanada\/marktforschung-nova-scotia-kanada\/\" title=\"Marktforschung in Nova Scotia\"  data-wpil-monitor-id=\"4623\">sales<\/a> conversion market research, integrating qualitative and quantitative methodologies to provide a comprehensive understanding of consumer behavior, market dynamics, and sales performance. Combining primary research, secondary data analysis, and industry expertise, we deliver insights that drive informed decision-making and strategic planning.<\/p>\n\n\n\n<p><strong>Ma\u00dfgeschneiderte L\u00f6sungen:<\/strong> SIS International ist sich dar\u00fcber im Klaren, dass jedes Unternehmen mit einzigartigen Herausforderungen, Zielen und Marktdynamiken konfrontiert ist. Daher bietet SIS International ma\u00dfgeschneiderte Forschungsl\u00f6sungen an, die auf die spezifischen Bed\u00fcrfnisse und Ziele jedes Kunden zugeschnitten sind.<\/p>\n\n\n\n<p><strong>Fachwissen und Brancheneinblicke:<\/strong> Dank langj\u00e4hriger Erfahrung und Expertise in verschiedenen Branchen bringt SIS wertvolle Branchenkenntnisse und Best Practices in jeden Forschungsauftrag ein. Unsere Experten sind stets auf dem Laufenden \u00fcber Markttrends, neue Technologien und Wettbewerbsdynamiken und bieten Kunden strategische Beratung und Empfehlungen, die Innovation, Differenzierung und Wettbewerbsvorteile auf dem Markt f\u00f6rdern.<\/p>\n\n\n\n<p><strong>Kooperationspartnerschaft:<\/strong> SIS International legt Wert auf die Zusammenarbeit und Partnerschaft mit Kunden und arbeitet eng mit Stakeholdern zusammen, um deren Ziele, Herausforderungen und Priorit\u00e4ten zu verstehen. Durch offene Kommunikation, regelm\u00e4\u00dfige Updates und gemeinsame Probleml\u00f6sung stellt SIS die \u00dcbereinstimmung zwischen Forschungsergebnissen und Gesch\u00e4ftszielen sicher und f\u00f6rdert eine f\u00fcr beide Seiten vorteilhafte Partnerschaft, die Erfolg und langfristiges Wachstum f\u00f6rdert.<\/p>\n\n\n<h2>Unser Standort in New York<\/h2>\n<p><!-- \/wp:post-content --> <!-- wp:html --> <iframe loading=\"lazy\" src=\"https:\/\/www.google.com\/maps\/embed?pb=!1m18!1m12!1m3!1d3022.976188376966!2d-73.99130312499956!3d40.740549471389315!2m3!1f0!2f0!3f0!3m2!1i1024!2i768!4f13.1!3m3!1m2!1s0x89c259a15798c731%3A0xd695d09bdd495f25!2s11%20E%2022nd%20St%20FL%202%2C%20New%20York%2C%20NY%2010010%2C%20USA!5e0!3m2!1sen!2spe!4v1726171763526!5m2!1sen!2spe\" width=\"600\" height=\"450\" allowfullscreen=\"allowfullscreen\" data-mce-fragment=\"1\"><\/iframe> <!-- \/wp:html --> <!-- wp:paragraph --><\/p>\n<h3 class=\"wp-block-heading\">11 E 22nd Street, Floor 2, New York, NY 10010 T: +1(212) 505-6805<\/h3>\n<hr \/>\n<h2><span style=\"font-weight: 400;\">\u00dcber SIS International<\/span><\/h2>\n<p><a href=\"https:\/\/www.sisinternational.com\/de\/\"><span style=\"font-weight: 400;\">SIS International<\/span><\/a><span style=\"font-weight: 400;\"> bietet quantitative, qualitative und strategische Forschung an. Wir liefern Daten, Tools, Strategien, Berichte und Erkenntnisse zur Entscheidungsfindung. Wir f\u00fchren auch Interviews, Umfragen, Fokusgruppen und andere Methoden und Ans\u00e4tze der Marktforschung durch.<\/span><a href=\"https:\/\/www.sisinternational.com\/de\/uber-sis-international-research\/contact-sis-international-market-research\/\"><span style=\"font-weight: 400;\"> Kontakt<\/span><\/a><span style=\"font-weight: 400;\"> f\u00fcr Ihr n\u00e4chstes Marktforschungsprojekt.<\/span><\/p>\n<\/p>","protected":false},"excerpt":{"rendered":"<p>Die Marktforschung zur Absatzkonversion zielt darauf ab, die Faktoren zu verstehen, die die Umwandlung von potenziellen Kunden in tats\u00e4chliche K\u00e4ufer beeinflussen.<\/p>","protected":false},"author":1,"featured_media":62510,"parent":14457,"menu_order":39,"comment_status":"closed","ping_status":"closed","template":"","meta":{"footnotes":""},"class_list":["post-47637","page","type-page","status-publish","has-post-thumbnail"],"_links":{"self":[{"href":"https:\/\/www.sisinternational.com\/de\/wp-json\/wp\/v2\/pages\/47637","targetHints":{"allow":["GET"]}}],"collection":[{"href":"https:\/\/www.sisinternational.com\/de\/wp-json\/wp\/v2\/pages"}],"about":[{"href":"https:\/\/www.sisinternational.com\/de\/wp-json\/wp\/v2\/types\/page"}],"author":[{"embeddable":true,"href":"https:\/\/www.sisinternational.com\/de\/wp-json\/wp\/v2\/users\/1"}],"replies":[{"embeddable":true,"href":"https:\/\/www.sisinternational.com\/de\/wp-json\/wp\/v2\/comments?post=47637"}],"version-history":[{"count":13,"href":"https:\/\/www.sisinternational.com\/de\/wp-json\/wp\/v2\/pages\/47637\/revisions"}],"predecessor-version":[{"id":80578,"href":"https:\/\/www.sisinternational.com\/de\/wp-json\/wp\/v2\/pages\/47637\/revisions\/80578"}],"up":[{"embeddable":true,"href":"https:\/\/www.sisinternational.com\/de\/wp-json\/wp\/v2\/pages\/14457"}],"wp:featuredmedia":[{"embeddable":true,"href":"https:\/\/www.sisinternational.com\/de\/wp-json\/wp\/v2\/media\/62510"}],"wp:attachment":[{"href":"https:\/\/www.sisinternational.com\/de\/wp-json\/wp\/v2\/media?parent=47637"}],"curies":[{"name":"wp","href":"https:\/\/api.w.org\/{rel}","templated":true}]}}