{"id":47554,"date":"2024-04-15T17:36:04","date_gmt":"2024-04-15T21:36:04","guid":{"rendered":"https:\/\/www.sisinternational.com\/?page_id=47554"},"modified":"2026-01-27T15:22:28","modified_gmt":"2026-01-27T20:22:28","slug":"nasal-product-market-research","status":"publish","type":"page","link":"https:\/\/www.sisinternational.com\/de\/expertise\/nasal-product-market-research\/","title":{"rendered":"Marktforschung f\u00fcr Nasenprodukte"},"content":{"rendered":"<h1 class=\"wp-block-heading\">Marktforschung f\u00fcr nasale Produkte<\/h1>\n\n\n\n<figure class=\"gb-block-image gb-block-image-9ff15c6d\"><img loading=\"lazy\" decoding=\"async\" width=\"1456\" height=\"816\" class=\"gb-image gb-image-9ff15c6d\" src=\"https:\/\/www.sisinternational.com\/wp-content\/uploads\/2025\/08\/Nasal-product-2.jpg\" alt=\"SIS International Market Research &amp; Strategy\" title=\"Nasal product (2)\" srcset=\"https:\/\/www.sisinternational.com\/wp-content\/uploads\/2025\/08\/Nasal-product-2.jpg 1456w, https:\/\/www.sisinternational.com\/wp-content\/uploads\/2025\/08\/Nasal-product-2-300x168.jpg 300w, https:\/\/www.sisinternational.com\/wp-content\/uploads\/2025\/08\/Nasal-product-2-1024x574.jpg 1024w, https:\/\/www.sisinternational.com\/wp-content\/uploads\/2025\/08\/Nasal-product-2-768x430.jpg 768w, https:\/\/www.sisinternational.com\/wp-content\/uploads\/2025\/08\/Nasal-product-2-18x10.jpg 18w\" sizes=\"auto, (max-width: 1456px) 100vw, 1456px\"><\/figure>\n\n\n\n<hr class=\"wp-block-separator has-alpha-channel-opacity is-style-dots\"\/>\n\n\n\n<p>In einer Welt, in der die Gesundheit der Atemwege von gr\u00f6\u00dfter Bedeutung ist, spielt der Markt f\u00fcr Nasenprodukte eine entscheidende Rolle bei der Behandlung von verstopfter Nase, Allergien und anderen Atemwegserkrankungen. Dar\u00fcber hinaus unterstreicht die zunehmende Verbreitung von Atemwegserkrankungen und das wachsende Bewusstsein der Verbraucher hinsichtlich der Nasengesundheit die Bedeutung einer umfassenden Marktforschung f\u00fcr Nasenprodukte.<\/p>\n\n\n\n<h2 class=\"wp-block-heading\">What Is Nasal product market research?<\/h2>\n\n\n\n<p>Nasal product market research encompasses various facets, including market size, growth trends, competitive landscape, regulatory environment, consumer preferences, and technological advancements. By delving into these aspects, nasal <a href=\"https:\/\/www.sisinternational.com\/de\/b2b-product-positioning-market-research\/\" title=\"B2B Produktpositionierung Marktforschung\"  data-wpil-monitor-id=\"1462\">product market research<\/a> enables stakeholders to make informed decisions, devise effective strategies, and capitalize on emerging opportunities in the nasal health sector.<\/p>\n\n\n\n<h2 class=\"wp-block-heading\">Warum ist es wichtig?<\/h2>\n\n\n\n<p>Nasal <a href=\"https:\/\/www.sisinternational.com\/de\/labeling-nutritional-products-asia\/\" title=\"Kennzeichnung und Ern\u00e4hrungsprodukte in Asien Marktforschung\"  data-wpil-monitor-id=\"2480\">product market research<\/a> gives businesses a deep understanding of the market landscape, including key players, market dynamics, and emerging trends. By gaining insights into consumer behavior, preferences, and unmet needs, businesses can tailor their product offerings to better serve market demand.<\/p>\n\n\n\n<p>Dar\u00fcber hinaus, <a href=\"https:\/\/www.sisinternational.com\/de\/hartford-connecticuts-city-development\/\" title=\"Marktforschung in Hartford, Connecticut\"  data-wpil-monitor-id=\"7318\">market research helps businesses assess competitor strategies<\/a>, product positioning, pricing dynamics, and distribution channels, enabling them to develop competitive advantages and stay ahead in the market. Likewise, nasal <a href=\"https:\/\/www.sisinternational.com\/de\/expertise\/industries\/product-superiority-market-research\/\" title=\"Marktforschung zur Produkt\u00fcberlegenheit\"  data-wpil-monitor-id=\"5781\">product market research<\/a> provides valuable insights into evolving consumer needs, technological advancements, and regulatory requirements, guiding businesses in developing innovative products that address unmet needs and offer superior value propositions.<\/p>\n\n\n\n<p>Es bringt jedoch noch einige weitere Vorteile mit sich, beispielsweise:<\/p>\n\n\n\n<ul class=\"wp-block-list\">\n<li><strong>Wettbewerbsanalyse:<\/strong> Mithilfe der Marktforschung zu Nasenprodukten k\u00f6nnen Unternehmen die Wettbewerbslandschaft analysieren, indem sie wichtige Wettbewerber, ihre St\u00e4rken und Schw\u00e4chen sowie ihre Strategien identifizieren.<\/li>\n\n\n\n<li><a href=\"https:\/\/www.sisinternational.com\/de\/tv-and-print-advertising-give-way-to-viral-videos-and-emerging-social-media\/\" title=\"Virale Video-Marktforschung\"  data-wpil-monitor-id=\"1819\">Market Validation: Conducting research<\/a> helps validate business ideas and concepts before investing resources into product development and marketing.<\/li>\n\n\n\n<li><strong>Risikominderung:<\/strong> Mithilfe der Marktforschung zu Nasenprodukten k\u00f6nnen Unternehmen potenzielle Risiken und Herausforderungen auf dem Markt f\u00fcr Nasenprodukte erkennen und mindern.<\/li>\n<\/ul>\n\n\n\n<h2 class=\"wp-block-heading\">When to Conduct Nasal Product Market Research?<\/h2>\n\n\n\n<p>Determining the right timing for conducting nasal product market research is crucial for maximizing its effectiveness. Typically, businesses should consider conducting <a href=\"https:\/\/www.sisinternational.com\/de\/solutions\/branding-and-customer-research-solutions\/lifecycle-management\/\" title=\"Lebenszyklus-Marktforschung\"  data-wpil-monitor-id=\"2962\">market research at various product lifecycle<\/a> stages and during key decision-making processes.<\/p>\n\n\n\n<ul class=\"wp-block-list\">\n<li><strong>Markteintritt:<\/strong> Bevor Unternehmen in den Markt f\u00fcr Nasenprodukte einsteigen, hilft ihnen eine gr\u00fcndliche Marktforschung dabei, Marktdynamik, Verbraucherpr\u00e4ferenzen, Strategien der Wettbewerber und beh\u00f6rdliche Vorschriften zu verstehen. Diese anf\u00e4ngliche Forschungsphase legt den Grundstein f\u00fcr fundierte Entscheidungen und reduziert das mit dem Markteintritt verbundene Risiko.<\/li>\n\n\n\n<li><strong>Produktentwicklung:<\/strong> W\u00e4hrend der Produktentwicklungsphase sollten Unternehmen Untersuchungen durchf\u00fchren, um Erkenntnisse \u00fcber die Bed\u00fcrfnisse, Vorlieben und Schwachstellen der Verbraucher zu gewinnen. Das Verst\u00e4ndnis der Verbraucheranforderungen erm\u00f6glicht es Unternehmen, Nasenprodukte zu entwickeln, die die Marktbed\u00fcrfnisse effektiv erf\u00fcllen und sich von der Konkurrenz abheben.<\/li>\n\n\n\n<li><strong>Startplanung:<\/strong> Vor der Markteinf\u00fchrung eines neuen Nasenprodukts sollten Unternehmen Marktforschung betreiben, um die Marktreife zu bewerten, die Aktivit\u00e4ten der Konkurrenz einzusch\u00e4tzen, Zielmarktsegmente zu identifizieren und wirksame Marketingstrategien zu entwickeln. Diese Forschung stellt sicher, dass Unternehmen gut vorbereitet sind, um Marktchancen zu nutzen und erfolgreiche Produkteinf\u00fchrungen voranzutreiben.<\/li>\n<\/ul>\n\n\n\n<h2 class=\"wp-block-heading\">Gelegenheiten<\/h2>\n\n\n\n<p>Im dynamischen Markt f\u00fcr Nasenpflegeprodukte gibt es zahlreiche M\u00f6glichkeiten f\u00fcr Unternehmen, die Markttrends und Verbraucherw\u00fcnsche nutzen m\u00f6chten. Hier sind einige wichtige M\u00f6glichkeiten, die Sie in Betracht ziehen sollten:<\/p>\n\n\n\n<ul class=\"wp-block-list\">\n<li><strong>Schwellenl\u00e4nder:<\/strong> Da die Weltbev\u00f6lkerung w\u00e4chst und das Gesundheitsbewusstsein zunimmt, bieten Schwellenm\u00e4rkte Herstellern von Nasenprodukten lukrative M\u00f6glichkeiten. In der Region Asien-Pazifik und Lateinamerika kommt es zu einer raschen Urbanisierung und steigenden verf\u00fcgbaren Einkommen, was die Nachfrage nach hochwertigen Gesundheitsprodukten, darunter auch Nasenheilmitteln, ankurbelt.<\/li>\n\n\n\n<li><strong>Technologische Fortschritte:<\/strong> Schnelle technologische Fortschritte wie 3D-Druck und digitale Gesundheitsl\u00f6sungen revolutionieren die Branche der Nasenprodukte. Innovationen bei Arzneimittelverabreichungssystemen wie Nasensprays und Inhalatoren bieten verbesserte Wirksamkeit, Komfort und Patienten-Compliance.<\/li>\n\n\n\n<li><strong>Personalisierte Medizin:<\/strong> Mit dem wachsenden Trend zur personalisierten Gesundheitsf\u00fcrsorge haben Hersteller von Nasenprodukten die M\u00f6glichkeit, ihr Angebot an die individuellen Bed\u00fcrfnisse ihrer Patienten anzupassen. Unternehmen k\u00f6nnen ma\u00dfgeschneiderte Nasenbehandlungen mit \u00fcberlegener Wirksamkeit und minimalen Nebenwirkungen entwickeln, indem sie genetische Tests, Biomarker und Patientendatenanalysen nutzen.<\/li>\n\n\n\n<li><strong>Kooperationspartnerschaften:<\/strong> Collaboration with healthcare providers, pharmaceutical companies, and research institutions presents opportunities for <a href=\"https:\/\/www.sisinternational.com\/de\/solutions\/ai-market-research-and-strategy-consulting\/facial-recognition-market-research\/\" title=\"Marktforschung zur Gesichtserkennung\"  data-wpil-monitor-id=\"2028\">nasal product<\/a> manufacturers to expand their product portfolio and enter new markets. Strategic partnerships facilitate access to proprietary technologies, clinical expertise, and regulatory resources, accelerating product development and commercialization.<\/li>\n<\/ul>\n\n\n\n<h2 class=\"wp-block-heading\">Herausforderungen<\/h2>\n\n\n\n<figure class=\"gb-block-image gb-block-image-e0c703c4\"><img loading=\"lazy\" decoding=\"async\" width=\"1456\" height=\"816\" class=\"gb-image gb-image-e0c703c4\" src=\"https:\/\/www.sisinternational.com\/wp-content\/uploads\/2025\/08\/Nasal-product-1.jpg\" alt=\"SIS International Market Research &amp; Strategy\" title=\"Nasal product (1)\" srcset=\"https:\/\/www.sisinternational.com\/wp-content\/uploads\/2025\/08\/Nasal-product-1.jpg 1456w, https:\/\/www.sisinternational.com\/wp-content\/uploads\/2025\/08\/Nasal-product-1-300x168.jpg 300w, https:\/\/www.sisinternational.com\/wp-content\/uploads\/2025\/08\/Nasal-product-1-1024x574.jpg 1024w, https:\/\/www.sisinternational.com\/wp-content\/uploads\/2025\/08\/Nasal-product-1-768x430.jpg 768w, https:\/\/www.sisinternational.com\/wp-content\/uploads\/2025\/08\/Nasal-product-1-18x10.jpg 18w\" sizes=\"auto, (max-width: 1456px) 100vw, 1456px\"><\/figure>\n\n\n\n<p><\/p>\n\n\n\n<p>Trotz der vielversprechenden M\u00f6glichkeiten auf dem Markt f\u00fcr Nasenprodukte m\u00fcssen Unternehmen auch verschiedene Herausforderungen meistern, um nachhaltiges Wachstum und Rentabilit\u00e4t sicherzustellen. Hier sind einige wichtige Herausforderungen, die es zu ber\u00fccksichtigen gilt:<\/p>\n\n\n\n<ul class=\"wp-block-list\">\n<li><strong>Einhaltung gesetzlicher Vorschriften:<\/strong> Die Einhaltung strenger gesetzlicher Vorschriften stellt f\u00fcr Hersteller von Nasensprays eine gro\u00dfe Herausforderung dar. Die Branche unterliegt strengen Vorschriften hinsichtlich Produktsicherheit, Wirksamkeit, Kennzeichnung und Herstellungsverfahren.<\/li>\n\n\n\n<li><strong>Preisdruck:<\/strong> Intense competition and generic alternatives exert downward pressure on product prices, impacting profit margins for nasal product manufacturers. Price-sensitive consumers may opt for lower-cost alternatives, undermining the <a href=\"https:\/\/www.sisinternational.com\/de\/what-is-a-value-proposition-canvas-the-game-changing-framework-that-prevents-product-failures\/\" title=\"What Is a Value Proposition Canvas? &#091;The Game-Changing Framework That Prevents Product Failures&#093;\"  data-wpil-monitor-id=\"1461\">value proposition of premium products<\/a>.<\/li>\n\n\n\n<li><strong>Produktunterscheidung:<\/strong> Die Entwicklung differenzierter Nasenprodukte, die einzigartige Vorteile bieten und unerf\u00fcllte Verbraucherbed\u00fcrfnisse ansprechen, ist f\u00fcr den Markterfolg von entscheidender Bedeutung. Um jedoch eine sinnvolle Produktdifferenzierung zu erreichen, sind erhebliche Investitionen in Forschung und Entwicklung, klinische Studien und Innovation erforderlich.<\/li>\n\n\n\n<li><strong>Unterbrechungen in der Lieferkette:<\/strong> Die Branche der Nasenprodukte ist anf\u00e4llig f\u00fcr Lieferkettenunterbrechungen, darunter Rohstoffknappheit, Transportengp\u00e4sse und geopolitische Unsicherheiten. Diese St\u00f6rungen k\u00f6nnen zu Produktionsverz\u00f6gerungen, erh\u00f6hten Kosten und Lagerengp\u00e4ssen f\u00fchren, was sich auf den Gesch\u00e4ftsbetrieb und die Kundenzufriedenheit auswirkt.<\/li>\n<\/ul>\n\n\n\n<h2 class=\"wp-block-heading\">Porter&#8217;s Five Forces<\/h2>\n\n\n\n<p>Porters F\u00fcnf-Kr\u00e4fte-Analyse bietet einen umfassenden Rahmen zur Bewertung der Attraktivit\u00e4t und Wettbewerbsintensit\u00e4t der Branche f\u00fcr Nasenprodukte. Hier ist ein kurzer \u00dcberblick \u00fcber jede Kraft:<\/p>\n\n\n\n<ul class=\"wp-block-list\">\n<li><strong>Bedrohung durch neue Marktteilnehmer:<\/strong> Die Gefahr durch Neueinsteiger auf dem Markt f\u00fcr Nasensprays ist relativ gering, da es hohe Markteintrittsbarrieren gibt. Dazu z\u00e4hlen strenge gesetzliche Anforderungen, erhebliche Kapitalinvestitionen und die Notwendigkeit spezieller Fachkenntnisse in der pharmazeutischen Forschung und Entwicklung.<\/li>\n\n\n\n<li><strong>Verhandlungsmacht der Lieferanten:<\/strong> Lieferanten von Rohstoffen, pharmazeutischen Wirkstoffen (APIs) und Verpackungsmaterialien verf\u00fcgen in der Branche der Nasensprays \u00fcber eine m\u00e4\u00dfige Verhandlungsmacht. Zwar k\u00f6nnen mehrere Lieferanten verf\u00fcgbar sein, aber Qualit\u00e4t, Zuverl\u00e4ssigkeit und Kosten der Materialien k\u00f6nnen sich auf die Produktionskosten und die Produktqualit\u00e4t auswirken.<\/li>\n\n\n\n<li><strong>Verhandlungsmacht der K\u00e4ufer:<\/strong> K\u00e4ufer, darunter Verbraucher, Apotheken und Gesundheitsdienstleister, verf\u00fcgen auf dem Markt f\u00fcr Nasenprodukte \u00fcber eine mittlere bis hohe Verhandlungsmacht. Sie haben Zugang zu einer breiten Produktpalette und k\u00f6nnen den Anbieter problemlos aufgrund von Preis, Markenreputation und Produktwirksamkeit wechseln.<\/li>\n\n\n\n<li><strong>Bedrohung durch Ersatzprodukte:<\/strong> Die Bedrohung durch Ersatzprodukte wie orale Medikamente, alternative Verabreichungssysteme und nat\u00fcrliche Heilmittel stellt eine moderate Herausforderung f\u00fcr die Nasenproduktindustrie dar. Verbraucher entscheiden sich m\u00f6glicherweise aufgrund von Bequemlichkeit, Wirksamkeit und wahrgenommenen Nebenwirkungen f\u00fcr alternative Behandlungen.<\/li>\n\n\n\n<li><strong>Konkurrenzkampf:<\/strong> Auf dem Markt f\u00fcr Nasensprays herrscht ein starker Konkurrenzkampf, da zahlreiche Akteure um Marktanteile konkurrieren. Etablierte Marken, generische Alternativen und neue Marktteilnehmer wetteifern um die Aufmerksamkeit der Verbraucher und Regalfl\u00e4che, was zu Preiswettbewerb, Produktinnovation und Marketinginvestitionen f\u00fchrt.<\/li>\n<\/ul>\n\n\n\n<h2 class=\"wp-block-heading\">The SIS Advantage<\/h2>\n\n\n\n<p>SIS bietet umfassende Marktforschungs- und Beratungsdienste, die auf die speziellen Bed\u00fcrfnisse von Unternehmen in der Nasenproduktbranche zugeschnitten sind. So kann SIS International Unternehmen dabei helfen, die komplexe Marktdynamik zu meistern und ihre strategischen Ziele zu erreichen:<\/p>\n\n\n\n<ul class=\"wp-block-list\">\n<li><strong>Marktintelligenz:<\/strong> SIS International conducts in-depth market research to provide clients with valuable insights into market trends, consumer preferences, competitive landscape, and regulatory developments. <\/li>\n\n\n\n<li><strong>Wettbewerbsanalyse:<\/strong> SIS International conducts a thorough competitive analysis to identify key competitors, assess their strengths and weaknesses, and uncover untapped market opportunities. <\/li>\n\n\n\n<li><strong>Strategische Beratung:<\/strong> SIS International bietet strategische Beratungsdienste an, um Kunden bei der Entwicklung von Markteintrittsstrategien, der Erweiterung ihres Produktportfolios und der Optimierung ihres Markteinf\u00fchrungsansatzes zu unterst\u00fctzen. Auf der Grundlage von Branchenkenntnissen und Markteinblicken arbeitet SIS mit Kunden zusammen, um Wachstumschancen zu identifizieren, Risiken zu minimieren und den Return on Investment zu maximieren.<\/li>\n\n\n\n<li><strong>Regulatorische Unterst\u00fctzung:<\/strong> SIS bietet regulatorische Unterst\u00fctzung und Compliance-Services, um Kunden dabei zu helfen, sich in komplexen regulatorischen Rahmenbedingungen zurechtzufinden und die erforderlichen Genehmigungen f\u00fcr Produktentwicklung, Herstellung und Vermarktung zu erhalten. Wir sorgen daf\u00fcr, dass unsere Kunden die Vorschriften einhalten und regulatorische Risiken minimieren, indem wir uns \u00fcber sich entwickelnde Vorschriften und Industriestandards auf dem Laufenden halten.<\/li>\n<\/ul>\n\n\n\n<p><\/p>","protected":false},"excerpt":{"rendered":"<p>Die Marktforschung f\u00fcr Nasenprodukte untersucht Gr\u00f6\u00dfe, Wachstumstrends, Wettbewerb, Vorschriften, Verbraucherpr\u00e4ferenzen und technologische Fortschritte.<\/p>","protected":false},"author":1,"featured_media":63996,"parent":14514,"menu_order":448,"comment_status":"closed","ping_status":"closed","template":"","meta":{"footnotes":""},"class_list":["post-47554","page","type-page","status-publish","has-post-thumbnail"],"_links":{"self":[{"href":"https:\/\/www.sisinternational.com\/de\/wp-json\/wp\/v2\/pages\/47554","targetHints":{"allow":["GET"]}}],"collection":[{"href":"https:\/\/www.sisinternational.com\/de\/wp-json\/wp\/v2\/pages"}],"about":[{"href":"https:\/\/www.sisinternational.com\/de\/wp-json\/wp\/v2\/types\/page"}],"author":[{"embeddable":true,"href":"https:\/\/www.sisinternational.com\/de\/wp-json\/wp\/v2\/users\/1"}],"replies":[{"embeddable":true,"href":"https:\/\/www.sisinternational.com\/de\/wp-json\/wp\/v2\/comments?post=47554"}],"version-history":[{"count":13,"href":"https:\/\/www.sisinternational.com\/de\/wp-json\/wp\/v2\/pages\/47554\/revisions"}],"predecessor-version":[{"id":80965,"href":"https:\/\/www.sisinternational.com\/de\/wp-json\/wp\/v2\/pages\/47554\/revisions\/80965"}],"up":[{"embeddable":true,"href":"https:\/\/www.sisinternational.com\/de\/wp-json\/wp\/v2\/pages\/14514"}],"wp:featuredmedia":[{"embeddable":true,"href":"https:\/\/www.sisinternational.com\/de\/wp-json\/wp\/v2\/media\/63996"}],"wp:attachment":[{"href":"https:\/\/www.sisinternational.com\/de\/wp-json\/wp\/v2\/media?parent=47554"}],"curies":[{"name":"wp","href":"https:\/\/api.w.org\/{rel}","templated":true}]}}