{"id":47551,"date":"2024-04-15T17:44:45","date_gmt":"2024-04-15T21:44:45","guid":{"rendered":"https:\/\/www.sisinternational.com\/?page_id=47551"},"modified":"2026-03-25T00:48:41","modified_gmt":"2026-03-25T04:48:41","slug":"b2b2c-marktforschung","status":"publish","type":"page","link":"https:\/\/www.sisinternational.com\/de\/losungen\/b2b-marktforschung\/b2b2c-marktforschung\/","title":{"rendered":"B2B2C-Marktforschung"},"content":{"rendered":"<h1 class=\"wp-block-heading\">B2B2C-Marktforschung<\/h1>\n\n\n\n<figure class=\"gb-block-image gb-block-image-8585a4f8\"><img loading=\"lazy\" decoding=\"async\" width=\"1456\" height=\"816\" class=\"gb-image gb-image-8585a4f8\" src=\"https:\/\/www.sisinternational.com\/wp-content\/uploads\/2025\/08\/B2Bjpg-6.jpg\" alt=\"SIS International Marktforschung &amp; Strategie\" title=\"B2Bjpg (6)\" srcset=\"https:\/\/www.sisinternational.com\/wp-content\/uploads\/2025\/08\/B2Bjpg-6.jpg 1456w, https:\/\/www.sisinternational.com\/wp-content\/uploads\/2025\/08\/B2Bjpg-6-300x168.jpg 300w, https:\/\/www.sisinternational.com\/wp-content\/uploads\/2025\/08\/B2Bjpg-6-1024x574.jpg 1024w, https:\/\/www.sisinternational.com\/wp-content\/uploads\/2025\/08\/B2Bjpg-6-768x430.jpg 768w, https:\/\/www.sisinternational.com\/wp-content\/uploads\/2025\/08\/B2Bjpg-6-18x10.jpg 18w\" sizes=\"auto, (max-width: 1456px) 100vw, 1456px\"><\/figure>\n\n\n\n<hr class=\"wp-block-separator has-alpha-channel-opacity is-style-dots\"\/>\n\n\n\n<p>Da in vielen Branchen die Grenzen zwischen traditionellen B2B- und B2C-Modellen verschwimmen, ist eine umfassende Forschung f\u00fcr die Beteiligten entlang der gesamten Wertsch\u00f6pfungskette unabdingbar.<\/p>\n\n\n\n<p>In der heutigen, sich rasch entwickelnden Gesch\u00e4ftslandschaft hat die B2B2C-Marktforschung erheblich an Bedeutung gewonnen. Aber was genau beinhaltet sie und warum ist es f\u00fcr Unternehmen so wichtig, sich mit diesem Bereich zu befassen?<\/p>\n\n\n\n<h2 class=\"wp-block-heading\">Was ist B2B2C-Marktforschung?<\/h2>\n\n\n\n<p>B2B2C-Marktforschung analysiert die Dynamik von Business-to-Business-to-Consumer-Transaktionen. Dabei geht es darum, die Beziehungen und Interaktionen zwischen Unternehmen zu verstehen, die Endverbrauchern \u00fcber Zwischenkan\u00e4le Waren oder Dienstleistungen anbieten. Diese Art der Forschung geht \u00fcber traditionelle B2B- oder B2C-Modelle hinaus und konzentriert sich auf die Vernetzung und Zusammenarbeit zwischen mehreren Beteiligten in der Wertsch\u00f6pfungskette.<\/p>\n\n\n\n<h2 class=\"wp-block-heading\">Warum brauchen Unternehmen B2B2C-Marktforschung?<\/h2>\n\n\n\n<p>B2B2C-Marktforschung erm\u00f6glicht es Unternehmen, ihre Zielm\u00e4rkte besser zu verstehen, neue Einnahmequellen zu identifizieren und strategische Partnerschaften zu schmieden, die das Wachstum vorantreiben. Unternehmen k\u00f6nnen ungenutzte Chancen aufdecken, Risiken mindern und ihre Markteinf\u00fchrungsstrategien optimieren, indem sie die gesamte Wertsch\u00f6pfungskette und Customer Journey analysieren. Dar\u00fcber hinaus erm\u00f6glicht B2B2C-Forschung Unternehmen, nahtlose und personalisierte Erlebnisse zu bieten, die bei Endverbrauchern Anklang finden und gleichzeitig die Bed\u00fcrfnisse ihrer B2B-Partner erf\u00fcllen.<\/p>\n\n\n\n<p>In jedem Fall bietet es f\u00fcr Unternehmen mehrere Vorteile, darunter:<\/p>\n\n\n\n<ul class=\"wp-block-list\">\n<li><strong>Ganzheitliche Erkenntnisse:<\/strong> Durch die Untersuchung der gesamten Wertsch\u00f6pfungskette erhalten Unternehmen umfassende Einblicke in die Marktdynamik, das Verbraucherverhalten und das Wettbewerbsumfeld und k\u00f6nnen so fundiertere Entscheidungen treffen.<\/li>\n\n\n\n<li><strong>Strategische Partnerschaft:<\/strong> B2B2C-Marktforschung hilft Unternehmen dabei, potenzielle Partner und Mitarbeiter innerhalb des \u00d6kosystems zu identifizieren und strategische Allianzen zu f\u00f6rdern, die gegenseitiges Wachstum und Innovation vorantreiben.<\/li>\n\n\n\n<li><strong>Verbessertes Kundenerlebnis:<\/strong> Understanding the end-to-end customer journey allows businesses to deliver personalized and seamless experiences that resonate with <a href=\"https:\/\/www.sisinternational.com\/de\/kundenzufriedenheitsanalyse\/\" title=\"8 M\u00f6glichkeiten zur Steigerung der Kundenzufriedenheit im Einzelhandel\"  data-wpil-monitor-id=\"10366\">consumers<\/a>, fostering loyalty and advocacy.<\/li>\n\n\n\n<li><strong>Innovationsm\u00f6glichkeiten:<\/strong> Durch die Erkennung unerf\u00fcllter Bed\u00fcrfnisse und neuer Trends k\u00f6nnen Unternehmen Innovations- und Differenzierungsm\u00f6glichkeiten erkennen und so in einem sich rasch entwickelnden Markt ihre Nase vorn behalten.<\/li>\n\n\n\n<li><strong>Risikominderung:<\/strong> Mithilfe von B2B2C-Marktforschung k\u00f6nnen Unternehmen potenzielle Risiken und Herausforderungen innerhalb des \u00d6kosystems vorhersehen, sodass sie Risiken proaktiv mindern und ihre Strategien anpassen k\u00f6nnen.<\/li>\n<\/ul>\n\n\n\n<h2 class=\"wp-block-heading\">Wer nutzt B2B2C-Marktforschung?<\/h2>\n\n\n\n<p>Hersteller nutzen B2B2C-Marktforschung, um die Marktnachfrage zu verstehen, Produktionsprozesse zu optimieren und Partnerschaften mit Distributoren und Einzelh\u00e4ndlern aufzubauen. Distributoren und Einzelh\u00e4ndler nutzen B2B2C-Erkenntnisse auch, um ihre Produktsortimente, Preisstrategien und Vertriebskan\u00e4le zu optimieren und so den sich entwickelnden Bed\u00fcrfnissen der Endverbraucher gerecht zu werden.<\/p>\n\n\n\n<p>Moreover, Service Providers use B2B2C market research to tailor their offerings to meet the specific needs of businesses and end consumers alike. Similarly, Investors and Stakeholders rely on B2B2C insights to <a href=\"https:\/\/www.sisinternational.com\/de\/abdeckung\/marktforschung-asien\/einschatzung-der-marktchancen-in-asien\/\" title=\"Einsch\u00e4tzung der Marktchancen in Asien\"  data-wpil-monitor-id=\"10368\">assess market opportunities<\/a>, evaluate the viability of business models, and make informed investment decisions.<\/p>\n\n\n\n<h2 class=\"wp-block-heading\">Kritische Erfolgsfaktoren<\/h2>\n\n\n\n<p>Before diving into the critical success factors, it&#8217;s essential to understand that a <a href=\"https:\/\/www.sisinternational.com\/de\/schlusselfaktoren-fur-den-erfolg-in-der-automobilmarktforschung\/\" title=\"Erfolgsfaktoren in der Automobilmarktforschung\"  data-wpil-monitor-id=\"10381\">successful B2B2C approach relies on several key<\/a> factors. Here are some critical success factors for implementing a successful B2B2C strategy:<\/p>\n\n\n\n<ul class=\"wp-block-list\">\n<li><strong>Ausrichtung des Wertversprechens:<\/strong> Es ist von entscheidender Bedeutung, sicherzustellen, dass das Wertangebot sowohl f\u00fcr B2B-Partner als auch f\u00fcr Endverbraucher mit ihren jeweiligen Bed\u00fcrfnissen und Erwartungen \u00fcbereinstimmt. Diese \u00dcbereinstimmung erh\u00f6ht die Attraktivit\u00e4t des Angebots und f\u00f6rdert Vertrauen und Loyalit\u00e4t bei allen Beteiligten.<\/li>\n\n\n\n<li><strong>Nahtlose Integration:<\/strong> Eine effektive Integration der B2B- und B2C-Komponenten des Gesch\u00e4ftsmodells ist unerl\u00e4sslich. Dazu geh\u00f6ren nahtlose Kommunikationskan\u00e4le, reibungslose Datenaustauschprozesse sowie ein einheitliches Branding und Messaging \u00fcber alle Kontaktpunkte hinweg.<\/li>\n\n\n\n<li><strong>Fokus auf das Kundenerlebnis:<\/strong> Ein au\u00dfergew\u00f6hnliches Kundenerlebnis ist von gr\u00f6\u00dfter Bedeutung. Von der ersten Kontaktaufnahme mit B2B-Partnern bis zur abschlie\u00dfenden Interaktion mit Endverbrauchern sollte jeder Kontaktpunkt optimiert werden, um Komfort, Zuverl\u00e4ssigkeit und Zufriedenheit zu gew\u00e4hrleisten.<\/li>\n\n\n\n<li><strong>Skalierbarkeit und Flexibilit\u00e4t:<\/strong> The B2B2C model should be designed with scalability and flexibility in mind to accommodate <a href=\"https:\/\/www.sisinternational.com\/de\/global-beverage-market\/\" title=\"Global Beverage Market: Market Dynamics, Growth Projections &amp; Consumer Insights\"  data-wpil-monitor-id=\"10370\">growth and adapt to evolving market dynamics<\/a>. This includes scalable infrastructure, agile processes, and adaptable product\/service offerings.<\/li>\n\n\n\n<li><strong>Datengesteuerte Entscheidungsfindung:<\/strong> Um die Leistung zu optimieren und Verbesserungsm\u00f6glichkeiten zu identifizieren, ist es wichtig, Datenanalysen und -einblicke zu nutzen, um Entscheidungsprozesse voranzutreiben. Dazu m\u00fcssen relevante Daten aus B2B- und B2C-Kan\u00e4len gesammelt, analysiert und entsprechend genutzt werden.<\/li>\n<\/ul>\n\n\n\n<h2 class=\"wp-block-heading\">Markttreiber und Trends<\/h2>\n\n\n\n<figure class=\"gb-block-image gb-block-image-48487a41\"><img loading=\"lazy\" decoding=\"async\" width=\"1456\" height=\"816\" class=\"gb-image gb-image-48487a41\" src=\"https:\/\/www.sisinternational.com\/wp-content\/uploads\/2025\/08\/B2Bjpg-2.jpg\" alt=\"SIS International Marktforschung &amp; Strategie\" title=\"B2Bjpg (2)\" srcset=\"https:\/\/www.sisinternational.com\/wp-content\/uploads\/2025\/08\/B2Bjpg-2.jpg 1456w, https:\/\/www.sisinternational.com\/wp-content\/uploads\/2025\/08\/B2Bjpg-2-300x168.jpg 300w, https:\/\/www.sisinternational.com\/wp-content\/uploads\/2025\/08\/B2Bjpg-2-1024x574.jpg 1024w, https:\/\/www.sisinternational.com\/wp-content\/uploads\/2025\/08\/B2Bjpg-2-768x430.jpg 768w, https:\/\/www.sisinternational.com\/wp-content\/uploads\/2025\/08\/B2Bjpg-2-18x10.jpg 18w\" sizes=\"auto, (max-width: 1456px) 100vw, 1456px\"><\/figure>\n\n\n\n<p><\/p>\n\n\n\n<p>In der B2B2C-Marktforschung ist das Verst\u00e4ndnis der vorherrschenden Treiber und Trends entscheidend, um wettbewerbsf\u00e4hig und relevant zu bleiben. Einige wichtige Treiber und Trends in diesem Bereich sind:<\/p>\n\n\n\n<ul class=\"wp-block-list\">\n<li><strong>Digitale Transformation:<\/strong> Die zunehmende Digitalisierung von Gesch\u00e4ftsprozessen und Verbraucherinteraktionen treibt die Einf\u00fchrung von B2B2C-Modellen voran. Unternehmen nutzen digitale Plattformen und Technologien, um Transaktionen zu rationalisieren, das Kundenerlebnis zu verbessern und die Effizienz zu steigern.<\/li>\n\n\n\n<li><strong>Personalisierung:<\/strong> Da Verbraucher nach personalisierteren Produkten und Dienstleistungen suchen, konzentrieren sich B2B2C-Unternehmen auf individuelle Anpassung und ma\u00dfgeschneiderte Erlebnisse. Dieser Trend wird durch Fortschritte in den Bereichen Datenanalyse, KI und maschinelles Lernen vorangetrieben, die es Unternehmen erm\u00f6glichen, gezielte Angebote basierend auf individuellen Vorlieben und Verhaltensweisen bereitzustellen.<\/li>\n\n\n\n<li><strong>E-Commerce-Wachstum:<\/strong> Die Verbreitung von E-Commerce-Plattformen und Online-Marktpl\u00e4tzen ver\u00e4ndert die B2B2C-Dynamik. Unternehmen nutzen die Bequemlichkeit und Zug\u00e4nglichkeit von Online-Kan\u00e4len, um sowohl B2B-Partner als auch Endverbraucher direkt zu erreichen und dabei traditionelle Vertriebskan\u00e4le zu umgehen.<\/li>\n<\/ul>\n\n\n\n<h2 class=\"wp-block-heading\">F\u00fchrende Segmente<\/h2>\n\n\n\n<p>Innerhalb des B2B2C-Marktes kristallisieren sich aufgrund ihrer einzigartigen Merkmale und ihres Wachstumspotenzials bestimmte Segmente als Marktf\u00fchrer heraus. Zu den f\u00fchrenden Segmenten z\u00e4hlen:<\/p>\n\n\n\n<ul class=\"wp-block-list\">\n<li><strong>Technologie:<\/strong> Technologiegetriebene Branchen wie Software as a Service (SaaS), digitale Plattformen und Telekommunikation stehen an der Spitze der B2B2C-Innovation. Diese Segmente nutzen digitale L\u00f6sungen, um nahtlose Interaktionen zwischen Unternehmen und Endverbrauchern zu erm\u00f6glichen.<\/li>\n\n\n\n<li><strong>Gesundheitspflege:<\/strong> Im Gesundheitssektor werden zunehmend B2B2C-Modelle eingesetzt, insbesondere in den Bereichen Telemedizin, Patientenfern\u00fcberwachung und Arzneimittelvertrieb. In diesem Segment steht die patientenzentrierte Versorgung im Vordergrund und die Technologie wird genutzt, um den Zugang und die Benutzerfreundlichkeit zu verbessern.<\/li>\n\n\n\n<li><strong>Konsumg\u00fcter:<\/strong> Konsumg\u00fcterunternehmen erkunden B2B2C-Strategien, um engere Beziehungen zu Einzelh\u00e4ndlern und Endverbrauchern aufzubauen. Von Lebensmitteln und Getr\u00e4nken bis hin zu Mode und Kosmetik nutzen diese Segmente E-Commerce-Plattformen und Direktkan\u00e4le zum Verbraucher, um Umsatz und Engagement zu steigern.<\/li>\n<\/ul>\n\n\n\n<h2 class=\"wp-block-heading\">Erwartete Ergebnisse der B2B2C-Marktforschungsdienste von SIS<\/h2>\n\n\n\n<p>SIS International bietet umfassende B2B2C-Marktforschungsdienste an, die auf die individuellen Bed\u00fcrfnisse und Ziele von Unternehmen zugeschnitten sind. Einige der von unseren Diensten erwarteten Ergebnisse sind:<\/p>\n\n\n\n<ul class=\"wp-block-list\">\n<li><strong>Insightful <\/strong><a href=\"https:\/\/www.sisinternational.com\/de\/tv-und-printwerbung-wird-durch-virale-videos-und-neue-soziale-medien-ersetzt\/\" title=\"Virale Video-Marktforschung\"  data-wpil-monitor-id=\"1821\">Market Analysis: Our research<\/a> provides in-depth insights into market dynamics, trends, and competitive landscape, enabling businesses to make informed strategic decisions and capitalize on emerging opportunities.<\/li>\n\n\n\n<li><strong>Kundensegmentierung:<\/strong> Durch ausgefeilte Segmentierungsanalysen helfen wir Unternehmen, ihre B2B-Zielpartner und Endverbraucher zu identifizieren und zu verstehen. Diese Segmentierung erm\u00f6glicht personalisiertes Marketing und Produkt-\/Dienstleistungsangebote, die auf spezifische Bed\u00fcrfnisse und Vorlieben zugeschnitten sind.<\/li>\n\n\n\n<li><strong>Wettbewerbsintelligenz:<\/strong> <a href=\"https:\/\/www.sisinternational.com\/de\/losungen\/branding-und-kundenforschungslosungen\/produkttests-marktforschung\/sis-internationals-geschmackstest-fur-lebensmittel\/\" title=\"Was SIS International Research zum TOP-Marktforschungsunternehmen f\u00fcr Lebensmittelgeschmackstests in New York City macht\"  data-wpil-monitor-id=\"10371\">SIS International conducts thorough competitive intelligence research<\/a> to assess competitor strategies, strengths, and weaknesses. This knowledge empowers businesses to differentiate themselves in the market and gain a competitive edge.<\/li>\n\n\n\n<li><strong>Strategische Empfehlungen:<\/strong> Based on our research findings, we deliver <a href=\"https:\/\/www.sisinternational.com\/de\/b2b\/\" title=\"Cost-Effective and Actionable Insights to Drive Your Next Strategic Move\"  data-wpil-monitor-id=\"10377\">actionable recommendations and strategic insights<\/a> to help businesses optimize their B2B2C strategies, enhance customer experiences, and drive growth and profitability.<\/li>\n<\/ul>\n\n\n\n<h2 class=\"wp-block-heading\">Chancen im B2B2C-Bereich f\u00fcr Unternehmen<\/h2>\n\n\n\n<p>Der B2B2C-Markt bietet Unternehmen zahlreiche M\u00f6glichkeiten, Innovationen zu entwickeln, ihre Reichweite zu erweitern und ihr Wachstum voranzutreiben. Einige der wichtigsten M\u00f6glichkeiten sind:<\/p>\n\n\n\n<ul class=\"wp-block-list\">\n<li><strong>Vertikale Integration:<\/strong> Unternehmen k\u00f6nnen von der vertikalen Integration profitieren, indem sie ihre Wertsch\u00f6pfungskette auf B2B- und B2C-Segmente ausweiten. Durch die Kontrolle der gesamten Lieferkette und Vertriebskan\u00e4le k\u00f6nnen Unternehmen ihre Effizienz optimieren, Kosten senken und das Kundenerlebnis verbessern.<\/li>\n\n\n\n<li><strong>Partnerschaftliche Zusammenarbeit:<\/strong> Durch die Zusammenarbeit mit strategischen Partnern wie Lieferanten, H\u00e4ndlern und erg\u00e4nzenden Unternehmen k\u00f6nnen Unternehmen neue M\u00e4rkte erschlie\u00dfen, Ressourcen teilen und Synergien nutzen. Durch die Bildung strategischer Allianzen k\u00f6nnen Unternehmen ihr Wertversprechen verbessern und ein breiteres Publikum an B2B-Partnern und Endverbrauchern erreichen.<\/li>\n\n\n\n<li><strong>Kundenzentrierung:<\/strong> Durch die Priorisierung der Kundenorientierung k\u00f6nnen Unternehmen personalisierte Erlebnisse bieten und die sich entwickelnden Bed\u00fcrfnisse und Vorlieben von B2B-Partnern und Endverbrauchern erf\u00fcllen.<\/li>\n<\/ul>\n\n\n\n<h2 class=\"wp-block-heading\">Wie die L\u00f6sungen von SIS International Unternehmen helfen<\/h2>\n\n\n\n<ul class=\"wp-block-list\">\n<li><strong>Ma\u00dfgeschneiderte Marktforschung:<\/strong> SIS International offers tailored <a href=\"https:\/\/www.sisinternational.com\/de\/marktforschung-fur-intelligente-mobilitat\/\" title=\"Marktforschung f\u00fcr intelligente Mobilit\u00e4t\"  data-wpil-monitor-id=\"6862\">market research solutions<\/a> designed to meet the specific needs of businesses operating in the B2B2C space. Through comprehensive data collection and analysis, our team helps clients gain deep insights into market dynamics, customer behavior, and competitive landscapes.<\/li>\n\n\n\n<li><strong>Strategische Erkenntnisse und Empfehlungen:<\/strong> Mit einem Team aus erfahrenen Analysten und Beratern liefert SIS strategische Erkenntnisse und umsetzbare Empfehlungen, die Unternehmen bei der Entscheidungsfindung unterst\u00fctzen. Durch die Nutzung von Marktinformationen und Branchenexpertise helfen wir unseren Kunden, Wachstumschancen zu erkennen, Risiken zu minimieren und ihre Marktpositionierung zu optimieren.<\/li>\n\n\n\n<li><strong>Globale Reichweite und lokale Expertise:<\/strong> Operating in key markets worldwide, SIS International provides clients access to a <a href=\"https:\/\/www.sisinternational.com\/de\/billigflieger-in-der-luftfahrtindustrie\/\" title=\"Marktforschung f\u00fcr Billigflieger\"  data-wpil-monitor-id=\"10364\">global network of research<\/a> professionals and local experts. This enables businesses to gain insights into diverse markets, cultural nuances, and regulatory environments, facilitating successful <a href=\"https:\/\/www.sisinternational.com\/de\/b2b-markteintrittsstrategien\/\" title=\"B2B-Markteintrittsstrategien\"  data-wpil-monitor-id=\"10375\">market entry and expansion strategies<\/a>.<\/li>\n\n\n\n<li><strong>Kontinuierliche Unterst\u00fctzung und Zusammenarbeit:<\/strong> SIS International bietet kontinuierliche Unterst\u00fctzung und Zusammenarbeit w\u00e4hrend des gesamten Forschungsprozesses, vom Projektbeginn bis zur Umsetzung. Durch die F\u00f6rderung einer offenen Kommunikation und Zusammenarbeit mit Kunden stellt SIS sicher, dass Forschungsziele effektiv erreicht und strategische Initiativen erfolgreich umgesetzt werden.<\/li>\n<\/ul>\n\n\n\n<p><\/p>","protected":false},"excerpt":{"rendered":"<p>Die B2B2C-Marktforschung untersucht die Interaktionen zwischen Unternehmen, die Waren oder Dienstleistungen \u00fcber Zwischenkan\u00e4le an Endverbraucher liefern.<\/p>","protected":false},"author":1,"featured_media":62384,"parent":11292,"menu_order":38,"comment_status":"closed","ping_status":"closed","template":"","meta":{"footnotes":""},"class_list":["post-47551","page","type-page","status-publish","has-post-thumbnail"],"_links":{"self":[{"href":"https:\/\/www.sisinternational.com\/de\/wp-json\/wp\/v2\/pages\/47551","targetHints":{"allow":["GET"]}}],"collection":[{"href":"https:\/\/www.sisinternational.com\/de\/wp-json\/wp\/v2\/pages"}],"about":[{"href":"https:\/\/www.sisinternational.com\/de\/wp-json\/wp\/v2\/types\/page"}],"author":[{"embeddable":true,"href":"https:\/\/www.sisinternational.com\/de\/wp-json\/wp\/v2\/users\/1"}],"replies":[{"embeddable":true,"href":"https:\/\/www.sisinternational.com\/de\/wp-json\/wp\/v2\/comments?post=47551"}],"version-history":[{"count":10,"href":"https:\/\/www.sisinternational.com\/de\/wp-json\/wp\/v2\/pages\/47551\/revisions"}],"predecessor-version":[{"id":81710,"href":"https:\/\/www.sisinternational.com\/de\/wp-json\/wp\/v2\/pages\/47551\/revisions\/81710"}],"up":[{"embeddable":true,"href":"https:\/\/www.sisinternational.com\/de\/wp-json\/wp\/v2\/pages\/11292"}],"wp:featuredmedia":[{"embeddable":true,"href":"https:\/\/www.sisinternational.com\/de\/wp-json\/wp\/v2\/media\/62384"}],"wp:attachment":[{"href":"https:\/\/www.sisinternational.com\/de\/wp-json\/wp\/v2\/media?parent=47551"}],"curies":[{"name":"wp","href":"https:\/\/api.w.org\/{rel}","templated":true}]}}