{"id":47530,"date":"2024-04-15T15:03:02","date_gmt":"2024-04-15T19:03:02","guid":{"rendered":"https:\/\/www.sisinternational.com\/?page_id=47530"},"modified":"2026-01-26T18:57:30","modified_gmt":"2026-01-26T23:57:30","slug":"marktforschung-zu-sicherheitsgurten","status":"publish","type":"page","link":"https:\/\/www.sisinternational.com\/de\/sachverstand\/marktforschung-zu-sicherheitsgurten\/","title":{"rendered":"Marktforschung f\u00fcr Sicherheitsgurte"},"content":{"rendered":"<h1 class=\"wp-block-heading\">Marktforschung f\u00fcr Sicherheitsgurte<\/h1>\n\n\n\n<figure class=\"gb-block-image gb-block-image-7d90505e\"><img loading=\"lazy\" decoding=\"async\" width=\"1456\" height=\"816\" class=\"gb-image gb-image-7d90505e\" src=\"https:\/\/www.sisinternational.com\/wp-content\/uploads\/2025\/08\/Seatbelt-4.jpg\" alt=\"SIS International Marktforschung &amp; Strategie\" title=\"Seatbelt (4)\" srcset=\"https:\/\/www.sisinternational.com\/wp-content\/uploads\/2025\/08\/Seatbelt-4.jpg 1456w, https:\/\/www.sisinternational.com\/wp-content\/uploads\/2025\/08\/Seatbelt-4-300x168.jpg 300w, https:\/\/www.sisinternational.com\/wp-content\/uploads\/2025\/08\/Seatbelt-4-1024x574.jpg 1024w, https:\/\/www.sisinternational.com\/wp-content\/uploads\/2025\/08\/Seatbelt-4-768x430.jpg 768w, https:\/\/www.sisinternational.com\/wp-content\/uploads\/2025\/08\/Seatbelt-4-18x10.jpg 18w\" sizes=\"auto, (max-width: 1456px) 100vw, 1456px\"><\/figure>\n\n\n\n<p><\/p>\n\n\n\n<hr class=\"wp-block-separator has-alpha-channel-opacity is-style-dots\"\/>\n\n\n\n<h3 class=\"wp-block-heading\">Da die Automobilindustrie weiterhin nach sichereren Transportl\u00f6sungen sucht, ist die Nutzung der Marktforschung zu Sicherheitsgurten f\u00fcr Hersteller, Aufsichtsbeh\u00f6rden und Verbraucher, die die Zahl der Verkehrsunf\u00e4lle senken und eine sicherere Fahrt f\u00fcr alle gew\u00e4hrleisten m\u00f6chten, von entscheidender Bedeutung.<\/h3>\n\n\n\n<p>In a world where safety is paramount, seat belts guard against the dangers of the road\u2026 But what lies beyond the surface of this seemingly simple device? How does seat belt market research unravel the intricate web of safety, innovation, and consumer behavior?<\/p>\n\n\n\n<h2 class=\"wp-block-heading\">Was ist Marktforschung f\u00fcr Sicherheitsgurte?<\/h2>\n\n\n\n<p>Die Marktforschung zu Sicherheitsgurten untersucht Sicherheitsgurtsysteme, Design, Technologie, Vorschriften, Verbraucherpr\u00e4ferenzen und Marktdynamik. Durch eine gr\u00fcndliche Analyse von Branchentrends, Wettbewerbsumfeld und Verbrauchereinblicken liefert die Marktforschung zu Sicherheitsgurten Herstellern, Regulierungsbeh\u00f6rden, politischen Entscheidungstr\u00e4gern und anderen Interessengruppen wertvolle Informationen.<\/p>\n\n\n\n<h2 class=\"wp-block-heading\">So&#8230; Why is Seat Belt Market Research so Important Today?<\/h2>\n\n\n\n<p>Hersteller von Sicherheitsgurten m\u00fcssen weltweit strenge Sicherheitsstandards und -vorschriften einhalten, die von Regierungsbeh\u00f6rden auferlegt werden. Marktforschung hilft Unternehmen, \u00fcber regulatorische \u00c4nderungen auf dem Laufenden zu bleiben, k\u00fcnftige Vorschriften vorherzusehen und die Einhaltung der Sicherheitsanforderungen sicherzustellen, um kostspielige Strafen und Reputationssch\u00e4den zu vermeiden.<\/p>\n\n\n\n<p>Dar\u00fcber hinaus erhalten Unternehmen durch Marktforschung wertvolle Einblicke in Verbraucherpr\u00e4ferenzen, Komfortniveaus, \u00e4sthetische Vorlieben und die Bereitschaft, neue Sicherheitsfunktionen einzuf\u00fchren, sodass sie ihre Produkte an die Marktnachfrage anpassen k\u00f6nnen. Dar\u00fcber hinaus werden Wettbewerbsstrategien identifiziert, M\u00f6glichkeiten zur Produktdifferenzierung bewertet und Marktl\u00fccken und Nischen genutzt, um einen Wettbewerbsvorteil zu erlangen.<\/p>\n\n\n\n<p>Es bietet Unternehmen jedoch noch viele weitere Vorteile, darunter:<\/p>\n\n\n\n<ul class=\"wp-block-list\">\n<li><strong>Risikominderung:<\/strong> Durch das Verst\u00e4ndnis der regulatorischen Anforderungen, Markttrends und des Wettbewerbsdrucks k\u00f6nnen Unternehmen die mit Nichteinhaltung, Marktvolatilit\u00e4t und Wettbewerbsbedrohungen verbundenen Risiken mindern.<\/li>\n\n\n\n<li><strong>Verbesserte Produktentwicklung:<\/strong> Consumer insights from <a href=\"https:\/\/www.sisinternational.com\/de\/losungen\/innovation\/designdenken\/\" title=\"Design Thinking Marktforschung\"  data-wpil-monitor-id=\"7003\">market research enable businesses to design<\/a> seat belt systems that align with consumer needs, preferences, and expectations.<\/li>\n\n\n\n<li><strong>Marktdifferenzierung:<\/strong> Durch Wettbewerbsanalysen und Technologie-Scouting k\u00f6nnen Unternehmen Alleinstellungsmerkmale und M\u00f6glichkeiten zur Produktdifferenzierung identifizieren.<\/li>\n\n\n\n<li><strong>Strategische Planung:<\/strong> Die Marktforschung f\u00fcr Sicherheitsgurte bietet Unternehmen eine solide Grundlage f\u00fcr strategische Planung und Zielsetzung.<\/li>\n<\/ul>\n\n\n\n<h2 class=\"wp-block-heading\">Who Demands Seat Belt Market Research?<\/h2>\n\n\n\n<figure class=\"gb-block-image gb-block-image-28f27444\"><img loading=\"lazy\" decoding=\"async\" width=\"1456\" height=\"816\" class=\"gb-image gb-image-28f27444\" src=\"https:\/\/www.sisinternational.com\/wp-content\/uploads\/2025\/08\/Seatbelt-3.jpg\" alt=\"SIS International Marktforschung &amp; Strategie\" title=\"Seatbelt (3)\" srcset=\"https:\/\/www.sisinternational.com\/wp-content\/uploads\/2025\/08\/Seatbelt-3.jpg 1456w, https:\/\/www.sisinternational.com\/wp-content\/uploads\/2025\/08\/Seatbelt-3-300x168.jpg 300w, https:\/\/www.sisinternational.com\/wp-content\/uploads\/2025\/08\/Seatbelt-3-1024x574.jpg 1024w, https:\/\/www.sisinternational.com\/wp-content\/uploads\/2025\/08\/Seatbelt-3-768x430.jpg 768w, https:\/\/www.sisinternational.com\/wp-content\/uploads\/2025\/08\/Seatbelt-3-18x10.jpg 18w\" sizes=\"auto, (max-width: 1456px) 100vw, 1456px\"><\/figure>\n\n\n\n<p><\/p>\n\n\n\n<p>Seat Belt Manufacturers utilize seat belt market research to understand industry trends, consumer preferences, and technological advancements. This enables them to design and produce innovative seat belt systems that enhance safety and comfort for vehicle occupants.<\/p>\n\n\n\n<p>Automobilhersteller (Original Equipment Manufacturers, OEMs) integrieren Sicherheitsgurtsysteme in ihre Fahrzeuge, um Sicherheitsvorschriften einzuhalten und die Erwartungen der Verbraucher an die Fahrzeugsicherheit zu erf\u00fcllen. Marktforschung hilft OEMs, \u00fcber die neuesten Fortschritte in der Sicherheitsgurttechnologie auf dem Laufenden zu bleiben und sicherzustellen, dass ihre Fahrzeuge optimale Sicherheitsfunktionen bieten.<\/p>\n\n\n\n<p>Government Regulators rely on seat belt <a href=\"https:\/\/www.sisinternational.com\/de\/sachverstand\/branchen\/marktforschung-zur-verkehrssicherheit\/\" title=\"Marktforschung zur Verkehrssicherheit\"  data-wpil-monitor-id=\"4738\">market research to develop and enforce safety<\/a> standards and regulations related to seat belt usage and design. By staying informed about industry trends and emerging technologies, regulators can update safety standards to reflect advancements in seat belt technology and enhance overall vehicle safety.<\/p>\n\n\n\n<p>Automobilindustrie <a href=\"https:\/\/www.sisinternational.com\/de\/sachverstand\/branchen\/marktforschung-zur-lieferantenvielfalt\/\" title=\"Marktforschung zur Lieferantenvielfalt\"  data-wpil-monitor-id=\"5793\">Suppliers use seat belt market research<\/a> to understand market demand, identify growth opportunities, and optimize their product offerings to meet the needs of seat belt manufacturers and OEMs.<\/p>\n\n\n\n<h2 class=\"wp-block-heading\">When to Conduct this Research?<\/h2>\n\n\n\n<p>Seat belt market research should be conducted strategically at various product lifecycle stages and in response to specific business needs. Here are key instances when businesses should consider conducting <a href=\"https:\/\/www.sisinternational.com\/de\/abdeckung\/die-amerikaner\/usa-berichterstattung\/marktforschung-in-key-west-florida\/\" title=\"Marktforschung in Key West, Florida\"  data-wpil-monitor-id=\"7171\">Marktforschung zu Sicherheitsgurten<\/a>:<\/p>\n\n\n\n<ul class=\"wp-block-list\">\n<li><strong>Produktentwicklung:<\/strong> Bevor Unternehmen neue Sicherheitsgurtsysteme oder -funktionen entwerfen und entwickeln, sollten sie Marktforschung betreiben, um die Vorlieben der Verbraucher, Sicherheitsvorschriften und neuen Technologien zu verstehen. Dadurch wird sichergestellt, dass das Produkt den Marktanforderungen und gesetzlichen Vorschriften entspricht.<\/li>\n\n\n\n<li><strong>Markteintritt:<\/strong> When considering entering new markets or expanding their existing market presence, businesses should conduct market research to assess market size, competitive landscape, and consumer preferences. This helps companies identify viable market entry strategies and potential barriers to entry.<\/li>\n\n\n\n<li><strong>Einhaltung gesetzlicher Vorschriften:<\/strong> Angesichts der strengen Sicherheitsvorschriften f\u00fcr die Automobilindustrie sollten Unternehmen Marktforschung betreiben, um \u00fcber regulatorische \u00c4nderungen, Sicherheitsstandards und Konformit\u00e4tsanforderungen auf dem Laufenden zu bleiben. Marktforschung stellt sicher, dass Unternehmen die relevanten Vorschriften einhalten und kostspielige Strafen vermeiden.<\/li>\n<\/ul>\n\n\n\n<h2 class=\"wp-block-heading\">Marktf\u00fchrer<\/h2>\n\n\n\n<p>Das Verst\u00e4ndnis der wichtigsten Treiber und Trends, die den Sicherheitsgurtmarkt pr\u00e4gen, ist f\u00fcr Unternehmen von entscheidender Bedeutung, um Chancen zu nutzen und Risiken zu minimieren. Einige wichtige Markttreiber und Trends sind:<\/p>\n\n\n\n<ul class=\"wp-block-list\">\n<li><strong>Fokus auf Fahrzeugsicherheit:<\/strong> Das zunehmende Bewusstsein f\u00fcr die Verkehrssicherheit und strenge gesetzliche Vorschriften weltweit f\u00fchren zu einer steigenden Nachfrage nach modernen Sicherheitsgurtsystemen zur Verbesserung der Fahrzeugsicherheit und des Insassenschutzes.<\/li>\n\n\n\n<li><strong>Technologische Fortschritte:<\/strong> Rapid advancements in automotive technology, including integrating sensors, smart fabrics, and advanced materials, enable the development of next-generation seat belt systems with enhanced functionality, comfort, and performance.<\/li>\n\n\n\n<li><strong>Steigende Fahrzeugproduktion:<\/strong> Das stetige Wachstum der weltweiten Fahrzeugproduktion, insbesondere in den Schwellenm\u00e4rkten wie dem asiatisch-pazifischen Raum und Lateinamerika, treibt die Nachfrage nach Sicherheitsgurten als wesentliche Sicherheitskomponenten in Neufahrzeugen an.<\/li>\n\n\n\n<li><strong>Umstellung auf Elektro- und autonome Fahrzeuge:<\/strong> Die zunehmende Verbreitung von Elektrofahrzeugen (EVs) und autonomen Fahrzeugen (AVs) bietet Sicherheitsgurtherstellern die M\u00f6glichkeit, spezielle Sicherheitsgurtsysteme zu entwickeln, die auf die besonderen Anforderungen dieser Plattformen zugeschnitten sind.<\/li>\n\n\n\n<li><strong>Schwerpunkt auf Komfort und Bequemlichkeit:<\/strong> Die Vorliebe der Verbraucher f\u00fcr komfortable und benutzerfreundliche Sicherheitsgurtsysteme f\u00fchrt zu Innovationen im Sicherheitsgurtdesign, wie etwa verstellbaren R\u00fcckhaltesystemen, ergonomischem Design und integrierten Technologien, die das Benutzererlebnis verbessern, ohne die Sicherheit zu beeintr\u00e4chtigen.<\/li>\n<\/ul>\n\n\n\n<h2 class=\"wp-block-heading\">Leading Segments in this Industry<\/h2>\n\n\n\n<figure class=\"gb-block-image gb-block-image-a34fb75e\"><img loading=\"lazy\" decoding=\"async\" width=\"1456\" height=\"816\" class=\"gb-image gb-image-a34fb75e\" src=\"https:\/\/www.sisinternational.com\/wp-content\/uploads\/2025\/08\/Seatbelt-2.jpg\" alt=\"SIS International Marktforschung &amp; Strategie\" title=\"Seatbelt (2)\" srcset=\"https:\/\/www.sisinternational.com\/wp-content\/uploads\/2025\/08\/Seatbelt-2.jpg 1456w, https:\/\/www.sisinternational.com\/wp-content\/uploads\/2025\/08\/Seatbelt-2-300x168.jpg 300w, https:\/\/www.sisinternational.com\/wp-content\/uploads\/2025\/08\/Seatbelt-2-1024x574.jpg 1024w, https:\/\/www.sisinternational.com\/wp-content\/uploads\/2025\/08\/Seatbelt-2-768x430.jpg 768w, https:\/\/www.sisinternational.com\/wp-content\/uploads\/2025\/08\/Seatbelt-2-18x10.jpg 18w\" sizes=\"auto, (max-width: 1456px) 100vw, 1456px\"><\/figure>\n\n\n\n<p><\/p>\n\n\n\n<p>Der Sicherheitsgurtmarkt ist in verschiedene Segmente gegliedert, je nach Fahrzeugtyp, Endverbraucherbranche und geografischer Region. Zu den f\u00fchrenden Segmenten des Sicherheitsgurtmarkts geh\u00f6ren:<\/p>\n\n\n\n<ul class=\"wp-block-list\">\n<li><strong>Personenkraftwagen:<\/strong> Aufgrund der hohen Fahrzeugproduktionszahlen und der zunehmenden Bedeutung von Fahrzeugsicherheit und Insassenschutz stellen Personenkraftwagen einen bedeutenden Teil des Sicherheitsgurtmarktes dar.<\/li>\n\n\n\n<li><strong>Nutzfahrzeuge:<\/strong> Nutzfahrzeuge, darunter Lastwagen, Busse und gewerbliche Flotten, stellen ein weiteres wichtiges Segment im Sicherheitsgurtmarkt dar. Die Nachfrage nach Sicherheitsgurtsystemen in Nutzfahrzeugen wird durch gesetzliche Vorschriften, Flottensicherheitsinitiativen und die Notwendigkeit, Fahrer und Passagiere zu sch\u00fctzen, angetrieben.<\/li>\n\n\n\n<li><strong>Schwere Nutzfahrzeuge:<\/strong> Schwerlastfahrzeuge, darunter Baumaschinen, Landmaschinen und Bergbaufahrzeuge, erfordern spezielle Sicherheitsgurtsysteme, um rauen Umgebungen standzuhalten und Fahrer und Insassen maximalen Schutz zu bieten.<\/li>\n\n\n\n<li><strong>Verbrauchermarkt:<\/strong> Das Aftermarket-Segment des Sicherheitsgurtmarktes umfasst Ersatzsicherheitsgurtsysteme, Nachr\u00fcsts\u00e4tze und Zubeh\u00f6r f\u00fcr Fahrzeugbesitzer, die abgenutzte Sicherheitsgurte aufr\u00fcsten oder ersetzen, Sicherheitsvorschriften einhalten oder ihr Fahrzeug individuell gestalten m\u00f6chten.<\/li>\n\n\n\n<li><strong>Geografische Regionen:<\/strong> Geographical regions also serve as key segments within the seat belt market, with variations in market size, growth rates, regulatory landscape, and consumer preferences across areas such as North America, Europe, Asia-Pacific, and Latin America.<\/li>\n<\/ul>\n\n\n\n<h2 class=\"wp-block-heading\">Why IS SIS International a World Leader in the Automotive Industry Research?<\/h2>\n\n\n\n<p><a href=\"https:\/\/www.sisinternational.com\/de\/ostern-und-der-unvermeidliche-schokoladenhase\/\" title=\"Ostermarktforschung\"  data-wpil-monitor-id=\"3613\">SIS International offers comprehensive seat belt market<\/a> research services to provide actionable insights and strategic recommendations to clients in the automotive safety industry. Here are some expected results from SIS&#8217;s seat belt market research:<\/p>\n\n\n\n<ul class=\"wp-block-list\">\n<li><strong>Marktanalyse:<\/strong> SIS f\u00fchrt eingehende Marktanalysen durch, um den aktuellen Stand des Sicherheitsgurtmarktes zu bewerten, einschlie\u00dflich Marktgr\u00f6\u00dfe, Wachstumstrends, Wettbewerbslandschaft, regulatorischem Umfeld und technologischem Fortschritt. Kunden erhalten wertvolle Einblicke in die Marktdynamik, die es ihnen erm\u00f6glichen, Chancen und Risiken innerhalb der Branche zu erkennen.<\/li>\n\n\n\n<li><strong>Verbrauchereinblicke:<\/strong> SIS nutzt verschiedene Forschungsmethoden, darunter Umfragen, Fokusgruppen und Interviews, um Erkenntnisse \u00fcber Verbraucherpr\u00e4ferenzen, Einstellungen und Kaufverhalten in Bezug auf Sicherheitsgurtsysteme zu gewinnen. Die Kunden erhalten ein tieferes Verst\u00e4ndnis der Bed\u00fcrfnisse und Vorlieben der Verbraucher und k\u00f6nnen so gezielte Marketingstrategien und Produktangebote entwickeln.<\/li>\n\n\n\n<li><strong>Wettbewerbsintelligenz:<\/strong> SIS f\u00fchrt Wettbewerbsanalysen durch, um die Strategien, St\u00e4rken, Schw\u00e4chen und Marktpositionierung der wichtigsten Akteure in der Sicherheitsgurtbranche zu analysieren. Kunden erhalten umsetzbare Einblicke in die Aktivit\u00e4ten der Konkurrenz, sodass sie ihre Leistung vergleichen, Wettbewerbsbedrohungen identifizieren und effektive Strategien entwickeln k\u00f6nnen, um einen Wettbewerbsvorteil zu erlangen.<\/li>\n\n\n\n<li><strong>Technikfolgen-Absch\u00e4tzung:<\/strong> SIS bewertet neue Technologien, Innovationen und Trends, die die Zukunft von Sicherheitsgurtsystemen pr\u00e4gen, darunter intelligente Sicherheitsgurte, aktive Sicherheitssysteme und fortschrittliche Materialien. Kunden erhalten Einblicke in die neuesten technologischen Entwicklungen, sodass sie immer einen Schritt voraus sind und Innovationen in ihrem Produktangebot vorantreiben k\u00f6nnen.<\/li>\n\n\n\n<li><strong>Einhaltung gesetzlicher Vorschriften:<\/strong> SIS bietet Untersuchungen zur Einhaltung gesetzlicher Vorschriften an, um Kunden dabei zu helfen, sich in der komplexen regulatorischen Landschaft zurechtzufinden, die weltweit Sicherheitsnormen und -anforderungen f\u00fcr Sicherheitsgurte regelt. Kunden erhalten Anleitungen, wie sie die Einhaltung relevanter Vorschriften und Normen sicherstellen, regulatorische Risiken mindern und die Qualit\u00e4t und Sicherheit ihrer Produkte aufrechterhalten k\u00f6nnen.<\/li>\n<\/ul>\n\n\n\n<h2 class=\"wp-block-heading\">Gelegenheiten<\/h2>\n\n\n\n<p>In der sich rasch entwickelnden Automobilsicherheitslandschaft k\u00f6nnen Unternehmen, die im Sicherheitsgurtmarkt t\u00e4tig sind, mehrere M\u00f6glichkeiten nutzen, um Wachstum und Innovation voranzutreiben. Hier sind einige wichtige M\u00f6glichkeiten:<\/p>\n\n\n\n<ul class=\"wp-block-list\">\n<li><strong>Steigende Nachfrage nach erweiterten Sicherheitsfunktionen:<\/strong> Mit dem zunehmenden Bewusstsein f\u00fcr Fahrzeugsicherheit und den Vorschriften zur Verwendung von Sicherheitsgurten steigt die Nachfrage nach modernen Sicherheitsgurtsystemen mit innovativen Sicherheitsfunktionen wie Gurtstraffern, Lastbegrenzern und Sicherheitsgurtwarnfunktionen.<\/li>\n\n\n\n<li><strong>Integration intelligenter Technologien:<\/strong> Die Entstehung intelligenter Technologien wie sensorgest\u00fctzter Sicherheitsgurtsysteme, Technologien f\u00fcr vernetzte Fahrzeuge und k\u00fcnstlicher Intelligenz bietet Unternehmen die M\u00f6glichkeit, ihre Sicherheitsgurtprodukte zu erneuern und sich von der Konkurrenz abzuheben.<\/li>\n\n\n\n<li><strong>Expansion in Schwellenm\u00e4rkte:<\/strong> Da die Automobilm\u00e4rkte in den Schwellenl\u00e4ndern wachsen, k\u00f6nnen Unternehmen ihre Pr\u00e4senz und Marktanteile in Regionen mit zunehmender Fahrzeugproduktion und -akzeptanz ausbauen.<\/li>\n\n\n\n<li><strong>Fokus auf Nachhaltigkeit und umweltfreundliche Materialien:<\/strong> With growing environmental consciousness and regulatory mandates for sustainable manufacturing practices, rising demand for seat belt products made from eco-friendly materials and recyclable components is rising.<\/li>\n\n\n\n<li><strong>Expansion in angrenzende M\u00e4rkte:<\/strong> \u00dcber die traditionellen Automobilanwendungen hinaus k\u00f6nnen Hersteller von Sicherheitsgurten M\u00f6glichkeiten zur Expansion in angrenzende M\u00e4rkte wie die Luftfahrt, die Schifffahrt und die Industriesicherheit erkunden.<\/li>\n<\/ul>\n\n\n\n<h2 class=\"wp-block-heading\"><strong>What Makes SIS International Research the Top Market Research Firm in Seat Belt Market Research<\/strong><\/h2>\n\n\n\n<p>As a leader in seat belt market research, SIS International offers a unique combination of industry expertise, tailored insights, and data-driven strategies that empower brands to excel in automotive safety. With a deep understanding of the seat belt industry\u2019s complexities, we deliver actionable insights that help our clients innovate, adapt, and grow in a competitive landscape. Here are seven key reasons why SIS International is the top <a href=\"https:\/\/www.sisinternational.com\/de\/losungen\/qualitative-quantitative-forschungslosungen\/discrete-choice-in-market-research\/\" title=\"Discrete Choice in Market Research\"  data-wpil-monitor-id=\"926\">choice for seat belt market research<\/a>:<\/p>\n\n\n<p>\n\n\n<\/p>\n<p style=\"padding-left: 40px;\"><strong>1. Industry-Specific Expertise<\/strong><br \/><a href=\"https:\/\/www.linkedin.com\/company\/sisinternationalresearch\/\" target=\"_blank\" rel=\"noopener\"><span style=\"font-weight: 400;\">SIS International<\/span><\/a> provides unparalleled knowledge in automotive safety and seat belt market research, equipping clients with the insights needed to stay ahead in this highly specialized sector. Our expert team understands the nuances of seat belt innovations and the industry standards, ensuring that each insight is relevant and actionable.<\/p>\n<p style=\"padding-left: 40px;\">\n\n\n\n<\/p>\n<p style=\"padding-left: 40px;\"><strong>2. Customized Research Solutions<\/strong><br \/>We prioritize client needs by offering custom research solutions that align with specific business goals. Whether it\u2019s competitive analysis, consumer preferences, or regulatory impacts, SIS International tailors each project to provide the most relevant seat belt market insights for our clients.<\/p>\n<p style=\"padding-left: 40px;\">\n\n\n\n<\/p>\n<p style=\"padding-left: 40px;\"><strong>3. Comprehensive Market Analysis<\/strong><br \/>Our seat belt market research goes beyond the basics, delivering in-depth analysis on trends, consumer behaviors, technological developments, and regional dynamics. This 360-degree view enables clients to make well-informed strategic decisions in a rapidly evolving market.<\/p>\n<p style=\"padding-left: 40px;\">\n\n\n\n<\/p>\n<p style=\"padding-left: 40px;\"><strong>4. Data-Driven Insights for Innovation<\/strong><br \/>By leveraging advanced data collection methods, SIS International identifies key trends and technological advancements within the seat belt market. Our research supports product innovation, helping brands meet both regulatory and consumer expectations while pushing the envelope in automotive safety.<\/p>\n<p style=\"padding-left: 40px;\">\n\n\n\n<\/p>\n<p style=\"padding-left: 40px;\"><strong>5. Global Reach with Localized Understanding<\/strong><br \/>Our global presence ensures a broad understanding of regional trends and compliance requirements, which is essential for brands operating across multiple markets. SIS International&#8217;s research provides targeted insights into high-growth regions, such as Asia-Pacific and North America, allowing clients to strategize effectively.<\/p>\n<p style=\"padding-left: 40px;\">\n\n\n\n<\/p>\n<p style=\"padding-left: 40px;\"><strong>6. Expertise in Consumer Behavior and Safety Priorities<\/strong><br \/><a href=\"https:\/\/twitter.com\/SISIntlResearch\" target=\"_blank\" rel=\"noopener\"><span style=\"font-weight: 400;\">SIS<\/span><\/a> dives deeply into consumer behavior, providing detailed profiles of seat belt buyers&#8217; preferences and safety expectations. This consumer-centric approach empowers brands to create products that resonate with their target audience.<\/p>\n<p style=\"padding-left: 40px;\">\n\n\n\n<\/p>\n<p style=\"padding-left: 40px;\"><strong>7. Trusted Partnership with Leading Brands<\/strong><br \/>SIS International is a trusted partner to leading automotive brands worldwide. Our reputation for quality and reliability in seat belt <a href=\"https:\/\/www.linkedin.com\/pulse\/how-market-research-enables-growth-ruth-stanat-phekf\/\" target=\"_blank\" rel=\"noopener\"><span style=\"font-weight: 400;\">Marktforschung<\/span><\/a> has made us the go-to firm for clients seeking dependable, high-impact insights to drive their growth and market share.<\/p>\n<p>\n\n\n<h2>Unser Standort in New York<\/h2>\n<p><!-- \/wp:post-content --> <!-- wp:html --> <iframe loading=\"lazy\" src=\"https:\/\/www.google.com\/maps\/embed?pb=!1m18!1m12!1m3!1d3022.976188376966!2d-73.99130312499956!3d40.740549471389315!2m3!1f0!2f0!3f0!3m2!1i1024!2i768!4f13.1!3m3!1m2!1s0x89c259a15798c731%3A0xd695d09bdd495f25!2s11%20E%2022nd%20St%20FL%202%2C%20New%20York%2C%20NY%2010010%2C%20USA!5e0!3m2!1sen!2spe!4v1726171763526!5m2!1sen!2spe\" width=\"600\" height=\"450\" allowfullscreen=\"allowfullscreen\" data-mce-fragment=\"1\"><\/iframe> <!-- \/wp:html --> <!-- wp:paragraph --><\/p>\n<h3 class=\"wp-block-heading\">11 E 22nd Street, Floor 2, New York, NY 10010 T: +1(212) 505-6805<\/h3>\n<hr \/>\n<h2><span style=\"font-weight: 400;\">\u00dcber SIS International<\/span><\/h2>\n<p><a href=\"https:\/\/www.sisinternational.com\/de\/\"><span style=\"font-weight: 400;\">SIS International<\/span><\/a><span style=\"font-weight: 400;\"> bietet quantitative, qualitative und strategische Forschung an. Wir liefern Daten, Tools, Strategien, Berichte und Erkenntnisse zur Entscheidungsfindung. Wir f\u00fchren auch Interviews, Umfragen, Fokusgruppen und andere Methoden und Ans\u00e4tze der Marktforschung durch.<\/span><a href=\"https:\/\/www.sisinternational.com\/de\/uber-sis-international-research\/contact-sis-international-market-research\/\"><span style=\"font-weight: 400;\"> Kontakt<\/span><\/a><span style=\"font-weight: 400;\"> f\u00fcr Ihr n\u00e4chstes Marktforschungsprojekt.<\/span><\/p>\n<\/p>","protected":false},"excerpt":{"rendered":"<p>Die Marktforschung zu Sicherheitsgurten untersucht Sicherheitsgurtsysteme, Design, Technologie, Vorschriften, Verbraucherpr\u00e4ferenzen und Marktdynamik.<\/p>","protected":false},"author":1,"featured_media":64522,"parent":14514,"menu_order":445,"comment_status":"closed","ping_status":"closed","template":"","meta":{"footnotes":""},"class_list":["post-47530","page","type-page","status-publish","has-post-thumbnail"],"_links":{"self":[{"href":"https:\/\/www.sisinternational.com\/de\/wp-json\/wp\/v2\/pages\/47530","targetHints":{"allow":["GET"]}}],"collection":[{"href":"https:\/\/www.sisinternational.com\/de\/wp-json\/wp\/v2\/pages"}],"about":[{"href":"https:\/\/www.sisinternational.com\/de\/wp-json\/wp\/v2\/types\/page"}],"author":[{"embeddable":true,"href":"https:\/\/www.sisinternational.com\/de\/wp-json\/wp\/v2\/users\/1"}],"replies":[{"embeddable":true,"href":"https:\/\/www.sisinternational.com\/de\/wp-json\/wp\/v2\/comments?post=47530"}],"version-history":[{"count":17,"href":"https:\/\/www.sisinternational.com\/de\/wp-json\/wp\/v2\/pages\/47530\/revisions"}],"predecessor-version":[{"id":80733,"href":"https:\/\/www.sisinternational.com\/de\/wp-json\/wp\/v2\/pages\/47530\/revisions\/80733"}],"up":[{"embeddable":true,"href":"https:\/\/www.sisinternational.com\/de\/wp-json\/wp\/v2\/pages\/14514"}],"wp:featuredmedia":[{"embeddable":true,"href":"https:\/\/www.sisinternational.com\/de\/wp-json\/wp\/v2\/media\/64522"}],"wp:attachment":[{"href":"https:\/\/www.sisinternational.com\/de\/wp-json\/wp\/v2\/media?parent=47530"}],"curies":[{"name":"wp","href":"https:\/\/api.w.org\/{rel}","templated":true}]}}