{"id":47523,"date":"2024-04-15T15:08:36","date_gmt":"2024-04-15T19:08:36","guid":{"rendered":"https:\/\/www.sisinternational.com\/?page_id=47523"},"modified":"2026-01-26T17:06:15","modified_gmt":"2026-01-26T22:06:15","slug":"asien-zahlungsberatung","status":"publish","type":"page","link":"https:\/\/www.sisinternational.com\/de\/abdeckung\/marktforschung-asien\/asien-zahlungsberatung\/","title":{"rendered":"Asien Zahlungsberatung"},"content":{"rendered":"<h1 class=\"wp-block-heading\">Asien Zahlungsberatung<\/h1>\n\n\n\n<figure class=\"gb-block-image gb-block-image-46320632\"><img loading=\"lazy\" decoding=\"async\" width=\"1456\" height=\"816\" class=\"gb-image gb-image-46320632\" src=\"https:\/\/www.sisinternational.com\/wp-content\/uploads\/2025\/08\/Multicultural-Advertising-Services-for-a-Famous-Peer-to-Peer-Payments-Technology-Company.jpg\" alt=\"SIS International Marktforschung &amp; Strategie\" title=\"Multikulturelle Werbedienste f\u00fcr ein bekanntes Unternehmen im Bereich Peer-to-Peer-Zahlungstechnologie\" srcset=\"https:\/\/www.sisinternational.com\/wp-content\/uploads\/2025\/08\/Multicultural-Advertising-Services-for-a-Famous-Peer-to-Peer-Payments-Technology-Company.jpg 1456w, https:\/\/www.sisinternational.com\/wp-content\/uploads\/2025\/08\/Multicultural-Advertising-Services-for-a-Famous-Peer-to-Peer-Payments-Technology-Company-300x168.jpg 300w, https:\/\/www.sisinternational.com\/wp-content\/uploads\/2025\/08\/Multicultural-Advertising-Services-for-a-Famous-Peer-to-Peer-Payments-Technology-Company-1024x574.jpg 1024w, https:\/\/www.sisinternational.com\/wp-content\/uploads\/2025\/08\/Multicultural-Advertising-Services-for-a-Famous-Peer-to-Peer-Payments-Technology-Company-768x430.jpg 768w, https:\/\/www.sisinternational.com\/wp-content\/uploads\/2025\/08\/Multicultural-Advertising-Services-for-a-Famous-Peer-to-Peer-Payments-Technology-Company-18x10.jpg 18w\" sizes=\"auto, (max-width: 1456px) 100vw, 1456px\"><\/figure>\n\n\n\n<hr class=\"wp-block-separator has-alpha-channel-opacity is-style-dots\"\/>\n\n\n\n<h3 class=\"wp-block-heading\">Mit der richtigen Beratung k\u00f6nnen sich Unternehmen in der vielf\u00e4ltigen Finanzlandschaft zurechtfinden, ihre Angebote an den Bed\u00fcrfnissen der Verbraucher ausrichten und von neuen Zahlungstechnologien profitieren, die die Branche neu gestalten.<\/h3>\n\n\n\n<p>Dank unserer umfassenden Expertise in Bezug auf lokale M\u00e4rkte, regulatorische Rahmenbedingungen und technologische Fortschritte k\u00f6nnen wir Unternehmen mit unserer Beratung zu asiatischen Zahlungsstr\u00f6men dabei unterst\u00fctzen, ihre Zahlungsstrategien zu optimieren, das Kundenerlebnis zu verbessern und das volle Potenzial der dynamischen und sich rasch entwickelnden asiatischen Zahlungslandschaft auszusch\u00f6pfen.<\/p>\n\n\n\n<h2 class=\"wp-block-heading\">Was ist Asia Payments Consulting?<\/h2>\n\n\n\n<p>Asia Payments Consulting hilft Unternehmen, die sich entwickelnde Zahlungslandschaft in Asien zu verstehen und sich daran anzupassen. Es umfasst Einblicke in digitale Zahlungssysteme, Verbraucherpr\u00e4ferenzen und regulatorische Rahmenbedingungen in verschiedenen L\u00e4ndern der Region.<\/p>\n\n\n\n<h2 class=\"wp-block-heading\">Warum ist Asia Payments Consulting heute wichtig?<\/h2>\n\n\n\n<p><a href=\"https:\/\/www.sisinternational.com\/de\/abdeckung\/marktforschung-asien\/asien-e-commerce-beratung\/\" title=\"Asien eCommerce Beratung\"  data-wpil-monitor-id=\"3912\">Asia payments consulting<\/a> stands at the forefront of this transformative landscape, offering strategic guidance and tailored solutions to businesses navigating the complexities of payment ecosystems across the region.<\/p>\n\n\n\n<p>Von mobilen Zahlungen und Blockchain-Technologie bis hin zu k\u00fcnstlicher Intelligenz und Biometrie \u2013 wer wettbewerbsf\u00e4hig bleiben will, muss diese Fortschritte annehmen und nutzen. Asiatische Beratungsfirmen f\u00fcr Zahlungsverkehr bieten Einblicke in neue Trends und Technologien und helfen Unternehmen, immer einen Schritt voraus zu sein und neue Chancen zu nutzen.<\/p>\n\n\n\n<p>Dar\u00fcber hinaus bieten asiatische Beratungsfirmen f\u00fcr Zahlungsverkehr lokales Fachwissen und Marktkenntnisse, sodass Unternehmen ihre Strategien an spezifische M\u00e4rkte anpassen und neue Gebiete effektiv erschlie\u00dfen k\u00f6nnen. Diese Beratung ist auf die Identifizierung von Ineffizienzen, die Implementierung von Best Practices und die Nutzung von Technologien zur Verbesserung der Betriebsleistung spezialisiert. Durch die Optimierung von Zahlungsprozessen k\u00f6nnen Unternehmen Kosten senken, Fehler minimieren und die Skalierbarkeit verbessern.<\/p>\n\n\n\n<p>Es bringt jedoch noch viele weitere Vorteile mit sich, darunter:<\/p>\n\n\n\n<ul class=\"wp-block-list\">\n<li><strong>Strategische Anleitung:<\/strong> Asia Payments Consulting bietet strategische Beratung, die auf die individuellen Bed\u00fcrfnisse und Ziele jedes Kunden zugeschnitten ist.<\/li>\n\n\n\n<li><strong>Einhaltung gesetzlicher Vorschriften:<\/strong> Diese Beratung unterst\u00fctzt Kunden bei der Einhaltung relevanter Vorschriften, stellt sicher, dass sie im Rahmen des Gesetzes handeln und kostspielige Strafen vermeiden.<\/li>\n\n\n\n<li><strong>Technologieintegration:<\/strong> Durch Beratung bleiben Unternehmen an der Spitze, indem sie die Einf\u00fchrung und Integration hochmoderner Technologien begleiten, die Innovationen vorantreiben und das Kundenerlebnis verbessern.<\/li>\n\n\n\n<li><strong>Betriebseffizienz:<\/strong> Die Optimierung von Zahlungsprozessen und die Verbesserung der betrieblichen Effizienz sind f\u00fcr Unternehmen, die sich einen Wettbewerbsvorteil verschaffen m\u00f6chten, von entscheidender Bedeutung. Asiatische Beratungsunternehmen f\u00fcr Zahlungsverkehr identifizieren Ineffizienzen, optimieren Arbeitsabl\u00e4ufe und implementieren Best Practices, um die betriebliche Leistung zu verbessern und Kosteneinsparungen zu erzielen.<\/li>\n<\/ul>\n\n\n\n<h2 class=\"wp-block-heading\">Wer nutzt unsere Beratungsdienste f\u00fcr Zahlungen in Asien?<\/h2>\n\n\n\n<p>Financial Institutions rely on this consulting to navigate regulatory requirements, optimize operational processes, and capitalize on emerging trends and technologies in the payment industry. Fintech Startups also turn to <a href=\"https:\/\/www.sisinternational.com\/de\/losungen\/fintech-strategieberatung-forschung\/fintech-go-to-market-beratung\/\" title=\"FinTech Go-To-Market Beratung\"  data-wpil-monitor-id=\"5877\">Asia payments consulting<\/a> for strategic guidance on market entry strategies, product development, and technology adoption. These firms help fintech startups navigate regulatory hurdles, forge strategic partnerships, and gain a competitive edge in the rapidly evolving landscape.<\/p>\n\n\n\n<p>Dar\u00fcber hinaus ben\u00f6tigen E-Commerce-Unternehmen spezielles Fachwissen, um ihre Zahlungsm\u00f6glichkeiten zu verbessern, das Kundenerlebnis zu optimieren und die Konversionsraten zu steigern. Asiatische Zahlungsberatungsfirmen bieten Einblicke in Zahlungstrends, Betrugspr\u00e4ventionsstrategien und grenz\u00fcberschreitende Zahlungsl\u00f6sungen, die auf den E-Commerce-Sektor zugeschnitten sind.<\/p>\n\n\n\n<p>Dar\u00fcber hinaus nutzen Einzelh\u00e4ndler und H\u00e4ndler die Beratung zu asiatischen Zahlungsmethoden, um ihre Zahlungsprozesse zu optimieren, Transaktionskosten zu senken und die Kundenzufriedenheit zu steigern. Diese Unternehmen helfen Einzelh\u00e4ndlern bei der Implementierung von Omnichannel-Zahlungsl\u00f6sungen, Treueprogrammen und mobilen Zahlungsoptionen, um im digitalen Zeitalter wettbewerbsf\u00e4hig zu bleiben.<\/p>\n\n\n\n<h2 class=\"wp-block-heading\">Erwartete Ergebnisse unserer Beratungsdienste f\u00fcr asiatische Zahlungen<\/h2>\n\n\n\n<p>Die Beratungsdienste von SIS International f\u00fcr asiatische Zahlungen liefern Unternehmen in der Region eine Reihe erwarteter Ergebnisse. Hier ist ein genauerer Blick auf die Schl\u00fcsselfaktoren:<\/p>\n\n\n\n<ul class=\"wp-block-list\">\n<li><strong>Verbesserte Einhaltung gesetzlicher Vorschriften:<\/strong> Die Erfahrung von SIS International bei der Navigation durch die komplexe Regulierungslandschaft Asiens stellt sicher, dass die Kunden die relevanten Vorschriften einhalten, das Risiko von Bu\u00dfgeldern und Strafen minimiert und gleichzeitig das Vertrauen und die Glaubw\u00fcrdigkeit bei den Regulierungsbeh\u00f6rden gef\u00f6rdert werden.<\/li>\n\n\n\n<li><strong>Verbesserte Marktdurchdringung:<\/strong> Durch die Bereitstellung umsetzbarer Markteinblicke und strategischer Beratung erm\u00f6glicht SIS seinen Kunden, effektiv in neue M\u00e4rkte einzudringen, Wachstumschancen zu erkennen und sich einen Wettbewerbsvorteil gegen\u00fcber der Konkurrenz zu verschaffen.<\/li>\n\n\n\n<li><strong>H\u00f6here Betriebseffizienz:<\/strong> Durch Prozessoptimierung und Technologieintegration helfen wir unseren Kunden, ihre Zahlungsvorg\u00e4nge zu rationalisieren, Kosten zu senken und die Gesamteffizienz zu steigern, wodurch Rentabilit\u00e4t und Skalierbarkeit verbessert werden.<\/li>\n\n\n\n<li><strong>Bessere Kundenerlebnisse:<\/strong> Der Fokus von SIS International auf der Verbesserung des Kundenerlebnisses stellt sicher, dass die Kunden nahtlose, reibungslose Zahlungserlebnisse bieten, die die Kundenzufriedenheit, Loyalit\u00e4t und Bindung f\u00f6rdern.<\/li>\n\n\n\n<li><strong>Innovative L\u00f6sungen:<\/strong> SIS International nutzt modernste Technologien und bew\u00e4hrte Verfahren, um innovative Zahlungsl\u00f6sungen zu entwickeln, die den sich wandelnden Bed\u00fcrfnissen und Vorlieben der Verbraucher gerecht werden und so den Kunden eine Vorreiterrolle in der sich rasch ver\u00e4ndernden Zahlungslandschaft sichern.<\/li>\n<\/ul>\n\n\n\n<h2 class=\"wp-block-heading\">Gelegenheiten<\/h2>\n\n\n\n<figure class=\"wp-block-image\"><img decoding=\"async\" src=\"https:\/\/www.sisinternational.com\/wp-content\/uploads\/2018\/11\/Payment-Technology-Market-Research.jpg\" alt=\"SIS International Marktforschung &amp; Strategie\" class=\"wp-image-28331\"><\/figure>\n\n\n\n<p><\/p>\n\n\n\n<p>Die asiatische Zahlungsberatungslandschaft bietet viele M\u00f6glichkeiten f\u00fcr Unternehmen, die auf dem dynamischen Markt der Region erfolgreich sein wollen. Zu den wichtigsten Faktoren, die diese M\u00f6glichkeiten vorantreiben, geh\u00f6ren:<\/p>\n\n\n\n<ul class=\"wp-block-list\">\n<li><strong>Expandierender E-Commerce-Markt:<\/strong> Der boomende E-Commerce-Markt in Asien bietet Unternehmen hervorragende M\u00f6glichkeiten, ihre Zahlungsm\u00f6glichkeiten zu verbessern und einen gr\u00f6\u00dferen Anteil an Online-Transaktionen abzudecken.<\/li>\n\n\n\n<li><strong>Grenz\u00fcberschreitende Expansion:<\/strong> As businesses globalize, there is a growing demand for <a href=\"https:\/\/www.sisinternational.com\/de\/losungen\/fintech-strategieberatung-forschung\/beratung-zu-zahlungstresoren\/\" title=\"Beratung zu Zahlungsvaulting\"  data-wpil-monitor-id=\"4804\">consulting services that support cross-border payment<\/a> operations and expansion into new markets.<\/li>\n\n\n\n<li><strong>Verbessertes Kundenerlebnis:<\/strong> In einem zunehmend wettbewerbsorientierten Markt verbessern Unternehmen das Kundenerlebnis, um die Loyalit\u00e4t und Bindung ihrer Kunden zu f\u00f6rdern.<\/li>\n<\/ul>\n\n\n\n<h2 class=\"wp-block-heading\">Herausforderungen<\/h2>\n\n\n\n<p>Die asiatische Zahlungsberatungsbranche bietet zwar zahlreiche Gesch\u00e4ftsm\u00f6glichkeiten, bringt aber auch Herausforderungen mit sich, die effektiv gemeistert werden m\u00fcssen. Einige der wichtigsten Herausforderungen sind:<\/p>\n\n\n\n<ul class=\"wp-block-list\">\n<li><strong>Regulatorische Komplexit\u00e4t:<\/strong> Die Regulierungslandschaft Asiens ist stark fragmentiert, wobei jedes Land seine eigenen Vorschriften f\u00fcr die Zahlungsbranche hat. F\u00fcr Unternehmen, die in mehreren L\u00e4ndern t\u00e4tig sind, kann es eine Herausforderung sein, sich in diesem komplexen Regulierungsumfeld zurechtzufinden.<\/li>\n\n\n\n<li><strong>Sicherheitsbedenken:<\/strong> Angesichts der zunehmenden Verbreitung von Cyberbedrohungen und Datenlecks ist Sicherheit f\u00fcr Unternehmen in der Zahlungsbranche ein wichtiges Anliegen. Um die Sicherheit und Integrit\u00e4t von Zahlungstransaktionen zu gew\u00e4hrleisten, sind robuste Cybersicherheitsma\u00dfnahmen, die Einhaltung von Branchenstandards wie PCI DSS sowie eine kontinuierliche \u00dcberwachung und Risikobewertung erforderlich.<\/li>\n\n\n\n<li><strong>Marktfragmentierung:<\/strong> <a href=\"https:\/\/www.sisinternational.com\/de\/die-stimme-der-indischen-verbraucher\/\" title=\"Die Stimme der indischen Verbraucher\"  data-wpil-monitor-id=\"2438\">Asia&#8217;s<\/a> diverse markets present unique challenges for businesses seeking to expand their regional payment operations regarding consumer preferences, cultural norms, and infrastructure development, which can complicate market entry and localization efforts.<\/li>\n<\/ul>\n\n\n\n<h2 class=\"wp-block-heading\">SWOT-Analyse<\/h2>\n\n\n\n<figure class=\"wp-block-image\"><img decoding=\"async\" src=\"https:\/\/www.sisinternational.com\/wp-content\/uploads\/2019\/03\/China-Payment-Tech-Market-Research-FinTech.jpg\" alt=\"Marktforschung f\u00fcr Zahlungstechnologie in China \u2013 FinTech\" class=\"wp-image-31110\"\/><\/figure>\n\n\n\n<p><\/p>\n\n\n\n<p>Eine SWOT-Analyse bietet einen umfassenden \u00dcberblick \u00fcber die St\u00e4rken, Schw\u00e4chen, Chancen und Risiken einer Branche in der asiatischen Zahlungsberatungsbranche:<\/p>\n\n\n\n<h3 class=\"wp-block-heading\"><strong>St\u00e4rken<\/strong><\/h3>\n\n\n\n<ul class=\"wp-block-list\">\n<li><strong>Wachsender Bedarf:<\/strong> Der asiatisch-pazifische Raum erlebt ein rasantes Wirtschaftswachstum, was zu einer erh\u00f6hten Nachfrage nach Beratungsleistungen in verschiedenen Branchen, darunter auch im Zahlungsverkehr, f\u00fchrt.<\/li>\n\n\n\n<li><strong>Technische Innovation:<\/strong> Die Region ist eine Brutst\u00e4tte f\u00fcr technologische Innovationen und bietet Beratungsunternehmen im Zahlungsverkehr die M\u00f6glichkeit, Spitzentechnologien zu nutzen, um Innovation und Effizienz voranzutreiben.<\/li>\n\n\n\n<li><strong>Strategischer Ort:<\/strong> Asien ist eine Drehscheibe f\u00fcr globale Gesch\u00e4ftsaktivit\u00e4ten und bietet Beratungsfirmen Zugang zu einem breiten Spektrum an Kunden und M\u00e4rkten.<\/li>\n<\/ul>\n\n\n\n<h3 class=\"wp-block-heading\"><strong>Schw\u00e4chen<\/strong><\/h3>\n\n\n\n<ul class=\"wp-block-list\">\n<li><strong>Regulatorische Komplexit\u00e4t:<\/strong> Das fragmentierte regulatorische Umfeld in Asien stellt f\u00fcr Beratungsunternehmen im Zahlungsverkehr eine Herausforderung dar, da es erhebliche Ressourcen und Fachkenntnisse erfordert, um die Einhaltung der Vorschriften in mehreren Rechtsr\u00e4umen sicherzustellen.<\/li>\n\n\n\n<li><strong>Intensiver Wettbewerb:<\/strong> Die Zahlungsberatungsbranche in Asien ist hart umk\u00e4mpft, zahlreiche Akteure wetteifern um Marktanteile. Sich in einem so \u00fcberf\u00fcllten Markt von der Konkurrenz abzuheben, kann eine Herausforderung sein.<\/li>\n\n\n\n<li><strong>Talentsuche:<\/strong> F\u00fcr Beratungsunternehmen in Asien kann es eine Herausforderung sein, Spitzenkr\u00e4fte mit der n\u00f6tigen Expertise im Zahlungsverkehr und in der Technologie zu gewinnen und zu halten, insbesondere angesichts des zunehmenden Wettbewerbs um qualifizierte Fachkr\u00e4fte.<\/li>\n<\/ul>\n\n\n\n<h3 class=\"wp-block-heading\"><strong>Gelegenheiten<\/strong><\/h3>\n\n\n\n<ul class=\"wp-block-list\">\n<li><strong>Digitale Transformation:<\/strong> Die digitale Transformation von Unternehmen und Volkswirtschaften in Asien bietet Beratungsunternehmen im Zahlungsverkehr erhebliche Chancen, ihre Kunden bei der Einf\u00fchrung digitaler Zahlungsl\u00f6sungen und der Verbesserung ihrer digitalen F\u00e4higkeiten zu unterst\u00fctzen.<\/li>\n\n\n\n<li><strong>E-Commerce-Wachstum:<\/strong> The booming e-commerce market in <a href=\"https:\/\/www.sisinternational.com\/de\/losungen\/sis-globales-wachstum\/wachstumsberatung\/\" title=\"Wachstumsberatung\"  data-wpil-monitor-id=\"6401\">Asia offers opportunities for payments consulting<\/a> firms to provide specialized services to online retailers, including payment gateway integration, fraud prevention, and cross-border payment solutions.<\/li>\n\n\n\n<li><strong>Schwellenl\u00e4nder:<\/strong> Das schnelle Wachstum aufstrebender asiatischer M\u00e4rkte wie Indien, Indonesien und Vietnam bietet Beratungsunternehmen im Zahlungsverkehr ungenutzte M\u00f6glichkeiten, ihren Kundenstamm zu erweitern und auf neuen M\u00e4rkten pr\u00e4sent zu sein.<\/li>\n<\/ul>\n\n\n\n<h3 class=\"wp-block-heading\"><strong>Bedrohungen<\/strong><\/h3>\n\n\n\n<ul class=\"wp-block-list\">\n<li><strong>Regulatorische Risiken:<\/strong> \u00c4nderungen von Vorschriften oder Compliance-Anforderungen k\u00f6nnen f\u00fcr Beratungsunternehmen im Zahlungsverkehr ein Risiko darstellen und von ihnen eine schnelle Anpassung erfordern, um eine fortlaufende Einhaltung der Vorschriften zu gew\u00e4hrleisten und m\u00f6gliche St\u00f6rungen ihres Betriebs zu minimieren.<\/li>\n\n\n\n<li><strong>Bedrohungen der Cybersicherheit:<\/strong> Die zunehmende Verbreitung von Cyberbedrohungen und Datenschutzverletzungen stellt ein Risiko f\u00fcr Zahlungsberatungsunternehmen und ihre Kunden dar und unterstreicht die Bedeutung robuster Cybersicherheitsma\u00dfnahmen und Risikomanagementpraktiken.<\/li>\n\n\n\n<li><strong>Disruptive Technologien:<\/strong> Disruptive Technologien wie Blockchain und Kryptow\u00e4hrungen haben das Potenzial, die Zahlungslandschaft in Asien neu zu gestalten und bringen sowohl Chancen als auch Bedrohungen f\u00fcr traditionelle Zahlungsmethoden und in der Branche t\u00e4tige Beratungsunternehmen mit sich.<\/li>\n<\/ul>\n\n\n\n<h2 class=\"wp-block-heading\">Wie SIS International Asia Payments Consulting Unternehmen hilft<\/h2>\n\n\n\n<p>Die Beratungsdienste von SIS International f\u00fcr asiatische Zahlungen sind auf die besonderen Herausforderungen und Chancen ausgerichtet, denen sich Unternehmen gegen\u00fcbersehen, die in der dynamischen Zahlungslandschaft der Region t\u00e4tig sind. So kann SIS Unternehmen helfen:<\/p>\n\n\n\n<ul class=\"wp-block-list\">\n<li><strong>Strategische Beratung:<\/strong> <a href=\"https:\/\/medium.com\/@sisinternational\/sis-international-c17160da8fac\" target=\"_blank\" rel=\"noopener\"><span style=\"font-weight: 400;\">SIS<\/span><\/a> bietet strategische Beratungsdienste, die auf die Bed\u00fcrfnisse und Ziele jedes Kunden zugeschnitten sind. Wir unterst\u00fctzen Unternehmen bei der Entwicklung und Umsetzung effektiver Strategien zur F\u00f6rderung von Wachstum, Innovation und Wettbewerbsvorteilen im Zahlungsmarkt im asiatisch-pazifischen Raum, indem wir auf umfassende Branchenkenntnisse und Markteinblicke zur\u00fcckgreifen.<\/li>\n\n\n\n<li><strong>Einhaltung gesetzlicher Vorschriften:<\/strong> Dank umfassender Kenntnisse der asiatischen Regulierungslandschaft unterst\u00fctzt SIS International Unternehmen dabei, komplexe regulatorische Anforderungen zu erf\u00fcllen und die Einhaltung relevanter Gesetze und Standards sicherzustellen. Von regulatorischen Bewertungen bis hin zu Compliance-Audits und Risikomanagementstrategien unterst\u00fctzt SIS International seine Kunden dabei, regulatorische Risiken zu mindern und das Vertrauen und die Glaubw\u00fcrdigkeit der Regulierungsbeh\u00f6rden aufrechtzuerhalten.<\/li>\n\n\n\n<li><strong>Technologieintegration:<\/strong> SIS unterst\u00fctzt Unternehmen dabei, modernste Technologien zu nutzen, um ihre Zahlungsm\u00f6glichkeiten zu verbessern und Innovationen voranzutreiben. Ob es um die Implementierung mobiler Zahlungsl\u00f6sungen, die Einf\u00fchrung von Blockchain-Technologie oder die Verbesserung von Cybersicherheitsma\u00dfnahmen geht, unser Team bietet fachkundige Beratung und Unterst\u00fctzung, damit unsere Kunden immer einen Schritt voraus sind.<\/li>\n\n\n\n<li><strong>Marktintelligenz:<\/strong> SIS International bietet wertvolle Marktinformationen und Einblicke, die Unternehmen dabei helfen, fundierte Entscheidungen zu treffen und neue Chancen im Zahlungsmarkt Asien-Pazifik zu nutzen. Von der Analyse des Verbraucherverhaltens bis hin zum Benchmarking der Konkurrenz und der Trendprognose stattet SIS seine Kunden mit dem Wissen und den Tools aus, die sie ben\u00f6tigen, um in einer sich schnell entwickelnden Landschaft erfolgreich zu sein.<\/li>\n\n\n\n<li><strong>Betriebsoptimierung:<\/strong>&nbsp;<a href=\"https:\/\/www.linkedin.com\/company\/sisinternationalresearch\/\" target=\"_blank\" rel=\"noopener\"><span style=\"font-weight: 400;\">SIS International<\/span><\/a> unterst\u00fctzt Unternehmen bei der Optimierung ihrer Zahlungsprozesse und der Steigerung der betrieblichen Effizienz. Wir helfen unseren Kunden, Kosten zu senken, Fehler zu minimieren und die Leistung zu verbessern, indem wir Ineffizienzen identifizieren, Arbeitsabl\u00e4ufe optimieren und Best Practices implementieren.<\/li>\n<\/ul>\n\n\n\n<h2 class=\"wp-block-heading\">\u00dcber SIS International Asia Payments Consulting<\/h2>\n\n\n\n<p>SIS International Asia Payments Consulting ist auf die Bereitstellung ma\u00dfgeschneiderter strategischer L\u00f6sungen f\u00fcr Unternehmen weltweit spezialisiert. Unsere fachkundigen Berater bieten umfassende Beratungsdienste f\u00fcr Markteintritt, Gesch\u00e4ftserweiterung, strategische Planung und Organisationsentwicklung. Wir arbeiten mit unseren Kunden von der Marktanalyse bis zur Implementierungsunterst\u00fctzung zusammen, um nachhaltiges Wachstum und Wettbewerbsvorteile zu erzielen. <a href=\"https:\/\/www.sisinternational.com\/de\/uber-sis-international-research\/contact-sis-international-market-research\/\"><span style=\"font-weight: 400;\">Kontakt<\/span><\/a> um herauszufinden, wie unsere Beratungskompetenz Ihr Unternehmen st\u00e4rken kann.<\/p>\n\n\n\n<p><\/p>","protected":false},"excerpt":{"rendered":"<p>Asiatische Beratungsfirmen f\u00fcr den Zahlungsverkehr bieten Einblicke in neue Trends und Technologien, damit Unternehmen immer einen Schritt voraus sind.<\/p>","protected":false},"author":1,"featured_media":64890,"parent":14508,"menu_order":95,"comment_status":"closed","ping_status":"closed","template":"","meta":{"footnotes":""},"class_list":["post-47523","page","type-page","status-publish","has-post-thumbnail"],"_links":{"self":[{"href":"https:\/\/www.sisinternational.com\/de\/wp-json\/wp\/v2\/pages\/47523","targetHints":{"allow":["GET"]}}],"collection":[{"href":"https:\/\/www.sisinternational.com\/de\/wp-json\/wp\/v2\/pages"}],"about":[{"href":"https:\/\/www.sisinternational.com\/de\/wp-json\/wp\/v2\/types\/page"}],"author":[{"embeddable":true,"href":"https:\/\/www.sisinternational.com\/de\/wp-json\/wp\/v2\/users\/1"}],"replies":[{"embeddable":true,"href":"https:\/\/www.sisinternational.com\/de\/wp-json\/wp\/v2\/comments?post=47523"}],"version-history":[{"count":16,"href":"https:\/\/www.sisinternational.com\/de\/wp-json\/wp\/v2\/pages\/47523\/revisions"}],"predecessor-version":[{"id":79984,"href":"https:\/\/www.sisinternational.com\/de\/wp-json\/wp\/v2\/pages\/47523\/revisions\/79984"}],"up":[{"embeddable":true,"href":"https:\/\/www.sisinternational.com\/de\/wp-json\/wp\/v2\/pages\/14508"}],"wp:featuredmedia":[{"embeddable":true,"href":"https:\/\/www.sisinternational.com\/de\/wp-json\/wp\/v2\/media\/64890"}],"wp:attachment":[{"href":"https:\/\/www.sisinternational.com\/de\/wp-json\/wp\/v2\/media?parent=47523"}],"curies":[{"name":"wp","href":"https:\/\/api.w.org\/{rel}","templated":true}]}}