{"id":47521,"date":"2024-04-15T14:53:19","date_gmt":"2024-04-15T18:53:19","guid":{"rendered":"https:\/\/www.sisinternational.com\/?page_id=47521"},"modified":"2026-01-27T15:19:56","modified_gmt":"2026-01-27T20:19:56","slug":"perfusionsmarktforschung","status":"publish","type":"page","link":"https:\/\/www.sisinternational.com\/de\/sachverstand\/perfusionsmarktforschung\/","title":{"rendered":"Perfusion-Marktforschung"},"content":{"rendered":"<h1 class=\"wp-block-heading\">Perfusion-Marktforschung<\/h1>\n\n\n\n<figure class=\"gb-block-image gb-block-image-cb61f6c3\"><img loading=\"lazy\" decoding=\"async\" width=\"1456\" height=\"816\" class=\"gb-image gb-image-cb61f6c3\" src=\"https:\/\/www.sisinternational.com\/wp-content\/uploads\/2025\/08\/Perfusion-3.jpg\" alt=\"SIS International Marktforschung &amp; Strategie\" title=\"Perfusion (3)\" srcset=\"https:\/\/www.sisinternational.com\/wp-content\/uploads\/2025\/08\/Perfusion-3.jpg 1456w, https:\/\/www.sisinternational.com\/wp-content\/uploads\/2025\/08\/Perfusion-3-300x168.jpg 300w, https:\/\/www.sisinternational.com\/wp-content\/uploads\/2025\/08\/Perfusion-3-1024x574.jpg 1024w, https:\/\/www.sisinternational.com\/wp-content\/uploads\/2025\/08\/Perfusion-3-768x430.jpg 768w, https:\/\/www.sisinternational.com\/wp-content\/uploads\/2025\/08\/Perfusion-3-18x10.jpg 18w\" sizes=\"auto, (max-width: 1456px) 100vw, 1456px\"><\/figure>\n\n\n\n<hr class=\"wp-block-separator has-alpha-channel-opacity is-style-dots\"\/>\n\n\n\n<p>Durch die eingehende Untersuchung von Markttrends, technologischen Innovationen und Arbeitsmarktdynamiken erm\u00f6glicht die Marktforschung zur Perfusion Unternehmen, ihre Strategien zu optimieren, die Behandlungsergebnisse der Patienten zu verbessern und Spitzenleistungen in der Perfusionsversorgung voranzutreiben, wodurch die Herzchirurgie und Intensivpflege vorangebracht werden.<\/p>\n\n\n\n<h2 class=\"wp-block-heading\">What Is Perfusion market research?<\/h2>\n\n\n\n<p>Die Marktforschung im Bereich Perfusion bietet wertvolle Einblicke in neue Trends, technologische Fortschritte und die Dynamik der Belegschaft und liefert einen Leitfaden zur Optimierung der Patientenversorgung und der betrieblichen Effizienz. Da Gesundheitssysteme nach Spitzenleistungen in der Herzchirurgie und Intensivpflege streben, ist die Nutzung dieser Forschung f\u00fcr Anbieter und Akteure der Branche, die bessere Ergebnisse erzielen und Innovationen im Bereich der Perfusionsdienste vorantreiben m\u00f6chten, unerl\u00e4sslich.<\/p>\n\n\n\n<p>Unter Perfusion versteht man die Versorgung von Geweben und Organen mit sauerstoffhaltigem Blut und N\u00e4hrstoffen. Dies wird in der Regel k\u00fcnstlich erreicht, beispielsweise durch den Einsatz einer Herz-Lungen-Maschine bei Herzoperationen oder durch L\u00f6sungen zur Organkonservierung bei Transplantationen. Perfusionssysteme spielen eine entscheidende Rolle bei der Aufrechterhaltung der Funktion und Lebensf\u00e4higkeit von Organen au\u00dferhalb des K\u00f6rpers, erm\u00f6glichen komplexe chirurgische Eingriffe und verl\u00e4ngern das Zeitfenster f\u00fcr eine erfolgreiche Organtransplantation.<\/p>\n\n\n\n<h2 class=\"wp-block-heading\">Warum ist es wichtig?<\/h2>\n\n\n\n<p>Perfusion <a href=\"https:\/\/www.sisinternational.com\/de\/sachverstand\/branchen\/deep-learning-marktforschung\/\" title=\"Deep Learning Marktforschung\"  data-wpil-monitor-id=\"6121\">market research provides businesses with a deep<\/a> understanding of market dynamics, including industry trends, competitive landscape, and regulatory environment. By analyzing market data and trends, businesses can identify growth opportunities, assess market potential, and develop targeted strategies to capitalize on emerging trends and market shifts.<\/p>\n\n\n\n<p>Dar\u00fcber hinaus ist Marktforschung f\u00fcr die Produktentwicklung von entscheidender Bedeutung. Sie bietet Einblicke in Kundenbed\u00fcrfnisse, -pr\u00e4ferenzen und unerf\u00fcllte Anforderungen. Auf diese Weise k\u00f6nnen Unternehmen innovative Produkte entwickeln, die auf spezifische Marktanforderungen eingehen, sich von der Konkurrenz abheben und den sich entwickelnden Bed\u00fcrfnissen von Gesundheitsdienstleistern und Patienten gerecht werden.<\/p>\n\n\n\n<p>Die Durchf\u00fchrung von Perfusionsmarktforschung bietet Unternehmen im Gesundheitswesen zahlreiche Vorteile. Hier sind einige der wichtigsten Vorteile:<\/p>\n\n\n\n<ul class=\"wp-block-list\">\n<li><strong>Chancen erkennen:<\/strong> Mithilfe der Perfusionsmarktforschung k\u00f6nnen Unternehmen neue Marktchancen, Nischensegmente und unerf\u00fcllte Bed\u00fcrfnisse innerhalb der Perfusionsbranche identifizieren. Mit diesem Wissen k\u00f6nnen Unternehmen ihre Angebote an spezifische Marktanforderungen anpassen und sich einen Wettbewerbsvorteil verschaffen.<\/li>\n\n\n\n<li><strong>Risikominderung:<\/strong> Das Verst\u00e4ndnis von Markttrends und Wettbewerbskr\u00e4ften erm\u00f6glicht es Unternehmen, potenzielle Risiken und Herausforderungen vorherzusehen. Durch fr\u00fchzeitiges Erkennen und Mindern von Risiken k\u00f6nnen Unternehmen ihre Investitionen sch\u00fctzen, finanzielle Verluste minimieren und langfristig nachhaltig bleiben.<\/li>\n\n\n\n<li><strong>Kundenverst\u00e4ndnis:<\/strong> Durch diese Marktforschung erhalten Unternehmen tiefere Einblicke in die Bed\u00fcrfnisse, Vorlieben und das Verhalten ihrer Zielkunden. Auf diese Weise k\u00f6nnen sie Produkte und Dienstleistungen entwickeln, die bei ihrer Zielgruppe Anklang finden und so die Kundenzufriedenheit und -treue erh\u00f6hen.<\/li>\n\n\n\n<li><strong>Strategische Planung:<\/strong> Die Marktforschung im Bereich Perfusion bildet die Grundlage f\u00fcr strategische Planung und Entscheidungsfindung. Mit datengest\u00fctzten Erkenntnissen k\u00f6nnen Unternehmen klare Ziele formulieren, Ressourcen effektiv zuweisen und umsetzbare Strategien entwickeln, um ihre Gesch\u00e4ftsziele zu erreichen.<\/li>\n<\/ul>\n\n\n\n<h2 class=\"wp-block-heading\">Who Uses\u00a0Perfusion market research<\/h2>\n\n\n\n<figure class=\"gb-block-image gb-block-image-98c6308a\"><img loading=\"lazy\" decoding=\"async\" width=\"1456\" height=\"816\" class=\"gb-image gb-image-98c6308a\" src=\"https:\/\/www.sisinternational.com\/wp-content\/uploads\/2025\/08\/Perfusion-4.jpg\" alt=\"SIS International Marktforschung &amp; Strategie\" title=\"Perfusion (4)\" srcset=\"https:\/\/www.sisinternational.com\/wp-content\/uploads\/2025\/08\/Perfusion-4.jpg 1456w, https:\/\/www.sisinternational.com\/wp-content\/uploads\/2025\/08\/Perfusion-4-300x168.jpg 300w, https:\/\/www.sisinternational.com\/wp-content\/uploads\/2025\/08\/Perfusion-4-1024x574.jpg 1024w, https:\/\/www.sisinternational.com\/wp-content\/uploads\/2025\/08\/Perfusion-4-768x430.jpg 768w, https:\/\/www.sisinternational.com\/wp-content\/uploads\/2025\/08\/Perfusion-4-18x10.jpg 18w\" sizes=\"auto, (max-width: 1456px) 100vw, 1456px\"><\/figure>\n\n\n\n<p><\/p>\n\n\n\n<p>Medical Device Manufacturers involved in developing and manufacturing perfusion systems, organ preservation solutions, and related <a href=\"https:\/\/www.sisinternational.com\/de\/sachverstand\/branchen\/marktforschung-fur-medizinische-gerate\/\" title=\"Marktforschung f\u00fcr medizinische Ger\u00e4te\"  data-wpil-monitor-id=\"3173\">medical devices use market research<\/a> to understand market demand, identify emerging trends, and innovate new products that meet the needs of healthcare providers and patients.<\/p>\n\n\n\n<p>Pharmaceutical Companies conducting research and development in organ transplantation, cardiovascular diseases, and critical <a href=\"https:\/\/www.sisinternational.com\/de\/sachverstand\/branchen\/marktforschung-fur-heimtierpflege\/\" title=\"Marktforschung f\u00fcr Heimtierpflege\"  data-wpil-monitor-id=\"6323\">care medicine leverage perfusion market research<\/a> to identify potential areas for drug development, clinical trials, and therapeutic interventions.<\/p>\n\n\n\n<p><a href=\"https:\/\/www.sisinternational.com\/de\/organherstellung-mit-3d-druckern\/\" title=\"Marktforschung zur Organherstellung und zum 3D-Druck\"  data-wpil-monitor-id=\"6893\">Healthcare Providers rely on perfusion market research<\/a> to stay informed about the latest advancements in perfusion technology, surgical techniques, and treatment protocols. This enables them to make informed decisions regarding adopting new perfusion systems, training programs for medical staff, and patient care protocols.<\/p>\n\n\n\n<p>Investors and Financial Institutions interested in the <a href=\"https:\/\/www.sisinternational.com\/de\/cybersicherheit-im-gesundheitswesen\/\" title=\"Marktforschung zur Cybersicherheit im Gesundheitswesen\"  data-wpil-monitor-id=\"7271\">healthcare sector use perfusion market research<\/a> to evaluate investment opportunities, assess market potential, and make informed decisions regarding funding, mergers, acquisitions, and strategic partnerships.<\/p>\n\n\n\n<h2 class=\"wp-block-heading\">Marktf\u00fchrer<\/h2>\n\n\n\n<p>Das Verst\u00e4ndnis der Treiber und Trends, die den Perfusionsmarkt pr\u00e4gen, ist f\u00fcr Unternehmen von entscheidender Bedeutung, um wettbewerbsf\u00e4hig zu bleiben und neue Chancen zu nutzen. Hier sind einige wichtige Markttreiber und Trends:<\/p>\n\n\n\n<ul class=\"wp-block-list\">\n<li><strong>Technologische Fortschritte:<\/strong> Schnelle Fortschritte in der Perfusionstechnologie, wie etwa die Entwicklung von Perfusionssystemen der n\u00e4chsten Generation, L\u00f6sungen zur Organerhaltung und \u00dcberwachungsger\u00e4ten, treiben Innovationen voran und erweitern die M\u00f6glichkeiten der Perfusionstherapie.<\/li>\n\n\n\n<li><strong>Steigende Organtransplantationsraten:<\/strong> Die zunehmende Verbreitung chronischer Krankheiten und Fortschritte bei Transplantationstechniken und Organbeschaffungspraktiken haben die Organtransplantationsraten weltweit erh\u00f6ht. Dieser Trend treibt die Nachfrage nach Perfusionssystemen und L\u00f6sungen zur Organkonservierung an, die die Organlebensf\u00e4higkeit optimieren, die Transplantationsergebnisse verbessern und den Spenderpool erweitern.<\/li>\n\n\n\n<li><strong>Fokus auf Pr\u00e4zisionsmedizin:<\/strong> Der Wandel hin zur Pr\u00e4zisionsmedizin und personalisierten Gesundheitsf\u00fcrsorge beeinflusst die Entwicklung von Perfusionstechnologien, die auf die individuellen Bed\u00fcrfnisse und Eigenschaften der Patienten zugeschnitten sind.<\/li>\n\n\n\n<li><strong>Globalisierung des Gesundheitswesens:<\/strong> Die Globalisierung der Gesundheitsdienstleistungen und die zunehmende Nutzung von Telemedizin- und Fern\u00fcberwachungstechnologien schaffen neue M\u00f6glichkeiten f\u00fcr die Marktexpansion und Zusammenarbeit in der Perfusionsbranche.<\/li>\n<\/ul>\n\n\n\n<h2 class=\"wp-block-heading\">Growing Segments<\/h2>\n\n\n\n<p>Innerhalb des Perfusionsmarktes treiben mehrere Schl\u00fcsselsegmente Wachstum und Innovation voran. Zu diesen f\u00fchrenden Segmenten geh\u00f6ren:<\/p>\n\n\n\n<ul class=\"wp-block-list\">\n<li><strong>Herzdurchblutung:<\/strong> Unter Herzperfusion versteht man die Versorgung des Herzmuskels mit sauerstoffhaltigem Blut w\u00e4hrend Herzoperationen, insbesondere bei Koronararterien-Bypassoperationen (CABG). Herzperfusionssysteme, darunter Herz-Lungen-Maschinen und kardiopulmonale Bypass-Kreisl\u00e4ufe (CPB), spielen eine entscheidende Rolle bei der Aufrechterhaltung der Herzfunktion und des Kreislaufs w\u00e4hrend chirurgischer Eingriffe und erm\u00f6glichen Chirurgen die Durchf\u00fchrung komplexer Herzoperationen mit optimalen Patientenergebnissen.<\/li>\n\n\n\n<li><strong>Orgelkonservierung:<\/strong> L\u00f6sungen und Techniken zur Organkonservierung sind f\u00fcr die Erhaltung der Organlebensf\u00e4higkeit w\u00e4hrend der Beschaffung, des Transports und der Transplantation unerl\u00e4sslich. Systeme zur Organkonservierung, wie hypothermische und normothermische Perfusionsger\u00e4te, erm\u00f6glichen die Konservierung von Organen au\u00dferhalb des K\u00f6rpers unter kontrollierten Bedingungen, wodurch ihre Konservierungszeit verl\u00e4ngert und die Erfolgsrate von Transplantationen verbessert wird.<\/li>\n\n\n\n<li><strong>Zellkultur und Tissue Engineering:<\/strong> Perfusionssysteme werden auch in der Zellkultur und im Tissue Engineering eingesetzt, um physiologische Bedingungen zu simulieren und das Wachstum, die Differenzierung und die Reifung von Zellen und Gewebe zu erleichtern. Perfusionsbioreaktoren, Perfusionskammern f\u00fcr Zellkulturen und mikrofluidische Perfusionsplattformen erm\u00f6glichen es Forschern, das Verhalten von Zellen zu untersuchen, Tissue-Engineering-Konstrukte zu entwickeln und die Entdeckung neuer Therapeutika und L\u00f6sungen f\u00fcr die regenerative Medizin zu beschleunigen.<\/li>\n\n\n\n<li><strong>Forschung und Entwicklung:<\/strong> Forschung und Entwicklung in der Perfusionstechnologie sind ein Schl\u00fcsselsegment, das Innovation und Fortschritt vorantreibt. Akademische Institutionen, Forschungslabors und Biotechnologieunternehmen entwickeln neuartige Perfusionssysteme, Biomaterialien und Bioengineering-Techniken, um bisher unerf\u00fcllte Bed\u00fcrfnisse in den Bereichen Organtransplantation, Geweberegeneration, Arzneimittelforschung und Krankheitsmodellierung zu erf\u00fcllen.<\/li>\n<\/ul>\n\n\n\n<h2 class=\"wp-block-heading\">erwartete Ergebnisse<\/h2>\n\n\n\n<p>SIS International <a href=\"https:\/\/www.sisinternational.com\/de\/tv-und-printwerbung-wird-durch-virale-videos-und-neue-soziale-medien-ersetzt\/\" title=\"Virale Video-Marktforschung\"  data-wpil-monitor-id=\"1830\">Research delivers comprehensive perfusion market<\/a> research services tailored to clients&#8217; specific needs and objectives in the healthcare industry. Here are some expected results from SIS&#8217;s perfusion market research:<\/p>\n\n\n\n<ul class=\"wp-block-list\">\n<li><strong>Detaillierte Markteinblicke:<\/strong> SIS conducts thorough market analysis to provide clients with actionable insights into the perfusion market landscape, including market size, growth trends, competitive dynamics, and regulatory developments. <\/li>\n\n\n\n<li><strong>Identifizierung von Wachstumschancen:<\/strong> Through detailed market segmentation and trend analysis, SIS identifies key growth opportunities within the perfusion market, including emerging technologies, niche segments, and untapped geographic regions. <\/li>\n\n\n\n<li><strong>Wettbewerbsvergleich:<\/strong> SIS conducts comprehensive competitive analysis to benchmark clients against industry peers and identify competitive strengths, weaknesses, opportunities, and threats. <\/li>\n\n\n\n<li><strong>Einblicke der Kunden:<\/strong> SIS engages with key stakeholders, including healthcare professionals, patients, regulatory authorities, and industry experts, to gather valuable customer insights and feedback. <\/li>\n\n\n\n<li><strong>Strategische Empfehlungen:<\/strong> Based on <a href=\"https:\/\/www.sisinternational.com\/de\/losungen\/ai-marktforschung-und-strategieberatung\/marktforschung-zur-gesichtserkennung\/\" title=\"Marktforschung zur Gesichtserkennung\"  data-wpil-monitor-id=\"2031\">research findings and market<\/a> insights, SIS provides clients with actionable recommendations and strategic guidance to support decision-making and drive business growth. Whether entering new markets, launching new products, or optimizing existing strategies, SIS equips clients with the knowledge and tools they need to succeed in the competitive perfusion market.<\/li>\n<\/ul>\n\n\n\n<h2 class=\"wp-block-heading\">Gelegenheiten<\/h2>\n\n\n\n<p>In der dynamischen Perfusionslandschaft k\u00f6nnen Unternehmen zahlreiche M\u00f6glichkeiten nutzen, um Wachstum, Innovation und Marktexpansion voranzutreiben. Hier sind einige wichtige Chancen der Perfusion f\u00fcr Unternehmen:<\/p>\n\n\n\n<ul class=\"wp-block-list\">\n<li><strong>Expansion in Schwellenm\u00e4rkte:<\/strong> Angesichts der zunehmenden Verbreitung chronischer Krankheiten und der steigenden Nachfrage nach Organtransplantationen k\u00f6nnen Unternehmen Chancen nutzen, ihre Pr\u00e4senz in Regionen wie dem Asien-Pazifik-Raum, Lateinamerika und dem Nahen Osten auszubauen.<\/li>\n\n\n\n<li><strong>Personalisierte Medizin:<\/strong> Der Wandel hin zu personalisierter Medizin und Pr\u00e4zisionsmedizin bietet Unternehmen die M\u00f6glichkeit, ma\u00dfgeschneiderte Perfusionsl\u00f6sungen zu entwickeln, die auf die individuellen Bed\u00fcrfnisse und Merkmale der Patienten zugeschnitten sind. Unternehmen k\u00f6nnen Behandlungsergebnisse optimieren, unerw\u00fcnschte Ereignisse minimieren und die Zufriedenheit und Compliance der Patienten verbessern, indem sie genomisches Profiling, biomarkerbasiertes Monitoring und Datenanalyse in die Perfusionstherapie integrieren.<\/li>\n\n\n\n<li><strong>Zusammenarbeit und Partnerschaften:<\/strong> Durch die Zusammenarbeit mit Gesundheitsdienstleistern, Forschungseinrichtungen und Aufsichtsbeh\u00f6rden k\u00f6nnen Unternehmen die Produktentwicklung beschleunigen, auf klinisches Fachwissen zugreifen und beh\u00f6rdliche Vorschriften effizienter bew\u00e4ltigen.<\/li>\n\n\n\n<li><strong>Telemedizin und Fern\u00fcberwachung:<\/strong> Durch die Einf\u00fchrung von Telemedizin- und Fern\u00fcberwachungstechnologien bieten Unternehmen die M\u00f6glichkeit, den Patientenzugang zur Perfusionstherapie zu verbessern, die Gesundheitsversorgung zu optimieren und die Fernberatung und -\u00fcberwachung zu erleichtern.<\/li>\n<\/ul>\n\n\n\n<h2 class=\"wp-block-heading\">The SIS Advantage<\/h2>\n\n\n\n<p>SIS International bietet verschiedene Dienstleistungen an, die speziell auf die Bed\u00fcrfnisse von Unternehmen im Perfusionsmarkt zugeschnitten sind. So k\u00f6nnen Unternehmen von den Dienstleistungen von SIS International profitieren:<\/p>\n\n\n\n<ul class=\"wp-block-list\">\n<li><strong>Marktforschung und -analyse:<\/strong> SIS bietet umfassende Marktforschungs- und Analysedienste an, die Unternehmen dabei helfen, die Marktdynamik zu verstehen, Wachstumschancen zu erkennen und fundierte strategische Entscheidungen zu treffen. Mithilfe von Prim\u00e4r- und Sekund\u00e4rforschungsmethoden gewinnen unsere Berater Einblicke in Markttrends, Wettbewerbsumfeld, Kundenpr\u00e4ferenzen und regulatorische Entwicklungen, sodass Unternehmen immer einen Schritt voraus sind und neue Chancen nutzen k\u00f6nnen.<\/li>\n\n\n\n<li><strong>Wettbewerbsintelligenz:<\/strong> SIS International f\u00fchrt eingehende Wettbewerbsanalysen durch, um Unternehmen dabei zu helfen, ihre Leistung zu vergleichen, die Strategien der Konkurrenz zu bewerten und Bereiche zu identifizieren, in denen sie sich von der Konkurrenz abheben k\u00f6nnen. Durch die Analyse der Positionierung, der Produktangebote, der Preisstrategien und des Marktanteils der Konkurrenz liefert SIS Unternehmen umsetzbare Erkenntnisse, mit denen sie ihren Wettbewerbsvorteil steigern, ihre Marktposition st\u00e4rken und Wettbewerbsbedrohungen vorwegnehmen k\u00f6nnen.<\/li>\n\n\n\n<li><strong>Strategische Beratungsleistungen:<\/strong> Wir bieten strategische Beratungsdienste an, um Unternehmen bei der Entwicklung und Umsetzung effektiver Gesch\u00e4ftsstrategien, der Erschlie\u00dfung neuer M\u00e4rkte und der Erweiterung ihres Produktportfolios zu unterst\u00fctzen. Auf der Grundlage von Branchenkenntnissen, Markteinblicken und Best Practices arbeitet SIS mit Unternehmen zusammen, um strategische Roadmaps zu formulieren, Investitionsm\u00f6glichkeiten zu bewerten und regulatorische Herausforderungen zu meistern, damit sie nachhaltiges Wachstum erzielen und den Wert f\u00fcr die Aktion\u00e4re maximieren k\u00f6nnen.<\/li>\n\n\n\n<li><strong>F\u00f6rderung von Partnerschaften und Zusammenarbeit:<\/strong> SIS International f\u00f6rdert Partnerschaften, Kooperationen und strategische Allianzen zwischen Unternehmen, Gesundheitsdienstleistern, Forschungseinrichtungen und Aufsichtsbeh\u00f6rden. Durch Nutzung seines umfangreichen Netzwerks und seiner Branchenbeziehungen verbindet SIS Unternehmen mit potenziellen Partnern, f\u00f6rdert Kooperationsm\u00f6glichkeiten und erleichtert den Wissensaustausch und Technologietransfer, wodurch Innovation und Markteinf\u00fchrung beschleunigt werden.<\/li>\n<\/ul>\n\n\n\n<p><\/p>","protected":false},"excerpt":{"rendered":"<p>Durch Perfusionsmarktforschung werden die Behandlungsergebnisse der Patienten sowie die Perfusionsdienste verbessert und so die Herzchirurgie und Intensivpflege vorangebracht.<\/p>","protected":false},"author":1,"featured_media":64304,"parent":14514,"menu_order":444,"comment_status":"closed","ping_status":"closed","template":"","meta":{"footnotes":""},"class_list":["post-47521","page","type-page","status-publish","has-post-thumbnail"],"_links":{"self":[{"href":"https:\/\/www.sisinternational.com\/de\/wp-json\/wp\/v2\/pages\/47521","targetHints":{"allow":["GET"]}}],"collection":[{"href":"https:\/\/www.sisinternational.com\/de\/wp-json\/wp\/v2\/pages"}],"about":[{"href":"https:\/\/www.sisinternational.com\/de\/wp-json\/wp\/v2\/types\/page"}],"author":[{"embeddable":true,"href":"https:\/\/www.sisinternational.com\/de\/wp-json\/wp\/v2\/users\/1"}],"replies":[{"embeddable":true,"href":"https:\/\/www.sisinternational.com\/de\/wp-json\/wp\/v2\/comments?post=47521"}],"version-history":[{"count":13,"href":"https:\/\/www.sisinternational.com\/de\/wp-json\/wp\/v2\/pages\/47521\/revisions"}],"predecessor-version":[{"id":80921,"href":"https:\/\/www.sisinternational.com\/de\/wp-json\/wp\/v2\/pages\/47521\/revisions\/80921"}],"up":[{"embeddable":true,"href":"https:\/\/www.sisinternational.com\/de\/wp-json\/wp\/v2\/pages\/14514"}],"wp:featuredmedia":[{"embeddable":true,"href":"https:\/\/www.sisinternational.com\/de\/wp-json\/wp\/v2\/media\/64304"}],"wp:attachment":[{"href":"https:\/\/www.sisinternational.com\/de\/wp-json\/wp\/v2\/media?parent=47521"}],"curies":[{"name":"wp","href":"https:\/\/api.w.org\/{rel}","templated":true}]}}