{"id":47517,"date":"2024-04-15T15:12:40","date_gmt":"2024-04-15T19:12:40","guid":{"rendered":"https:\/\/www.sisinternational.com\/?page_id=47517"},"modified":"2026-01-24T18:55:10","modified_gmt":"2026-01-24T23:55:10","slug":"asien-e-commerce-beratung","status":"publish","type":"page","link":"https:\/\/www.sisinternational.com\/de\/abdeckung\/marktforschung-asien\/asien-e-commerce-beratung\/","title":{"rendered":"Asien eCommerce Beratung"},"content":{"rendered":"<h1 class=\"wp-block-heading\">Asien eCommerce Beratung<\/h1>\n\n\n\n<figure class=\"gb-block-image gb-block-image-9e1d27c8\"><img loading=\"lazy\" decoding=\"async\" width=\"1456\" height=\"816\" class=\"gb-image gb-image-9e1d27c8\" src=\"https:\/\/www.sisinternational.com\/wp-content\/uploads\/2025\/08\/ecommerce-e-commerce-4.jpg\" alt=\"SIS International Marktforschung &amp; Strategie\" title=\"ecommerce e-commerce (4)\" srcset=\"https:\/\/www.sisinternational.com\/wp-content\/uploads\/2025\/08\/ecommerce-e-commerce-4.jpg 1456w, https:\/\/www.sisinternational.com\/wp-content\/uploads\/2025\/08\/ecommerce-e-commerce-4-300x168.jpg 300w, https:\/\/www.sisinternational.com\/wp-content\/uploads\/2025\/08\/ecommerce-e-commerce-4-1024x574.jpg 1024w, https:\/\/www.sisinternational.com\/wp-content\/uploads\/2025\/08\/ecommerce-e-commerce-4-768x430.jpg 768w, https:\/\/www.sisinternational.com\/wp-content\/uploads\/2025\/08\/ecommerce-e-commerce-4-18x10.jpg 18w\" sizes=\"auto, (max-width: 1456px) 100vw, 1456px\"><\/figure>\n\n\n\n<hr class=\"wp-block-separator has-alpha-channel-opacity is-style-dots\"\/>\n\n\n\n<p>Asia eCommerce Consulting bildet die Br\u00fccke zwischen Ambition und Umsetzung und bietet ma\u00dfgeschneiderte Strategien und Erkenntnisse, um die Komplexit\u00e4t dieses vielf\u00e4ltigen und sich schnell entwickelnden \u00d6kosystems zu meistern.<\/p>\n\n\n\n<h2 class=\"wp-block-heading\">What Is Asia eCommerce consulting?<\/h2>\n\n\n\n<p>Asia eCommerce Consulting hilft Unternehmen dabei, ihre Onlinepr\u00e4senz auf dem asiatischen Markt aufzubauen und zu optimieren. Von Marktforschung und Verbrauchereinblicken bis hin zu digitalen Marketingstrategien und Betriebsoptimierung bietet Asia eCommerce Consulting Unternehmen die Beratung und Expertise, die sie brauchen, um in der wettbewerbsintensiven asiatischen eCommerce-Landschaft erfolgreich zu sein.<\/p>\n\n\n\n<h2 class=\"wp-block-heading\">Warum ist es wichtig?\u00a0<\/h2>\n\n\n\n<p>Asia eCommerce Consulting bietet fundiertes Wissen und Expertise in den verschiedenen M\u00e4rkten Asiens, darunter China, Indien, S\u00fcdostasien und Japan. Es hilft Unternehmen, die Nuancen jedes Marktes zu verstehen, einschlie\u00dflich kultureller Unterschiede, regulatorischer Rahmenbedingungen und Wettbewerbsdynamik, sodass Unternehmen ihre Strategien und Ans\u00e4tze an die spezifischen Marktbedingungen anpassen k\u00f6nnen.<\/p>\n\n\n\n<p>Dar\u00fcber hinaus bietet es Einblicke und Analysen, die Unternehmen dabei helfen, ein tieferes Verst\u00e4ndnis f\u00fcr das Verhalten, die Vorlieben und die Kaufgewohnheiten asiatischer Verbraucher zu erlangen. Durch die Gewinnung von Einblicken in Einkaufspr\u00e4ferenzen, Zahlungsmethoden und mobile Nutzungsmuster k\u00f6nnen Unternehmen gezielte Marketingstrategien und Produktangebote entwickeln, die bei asiatischen Verbrauchern Anklang finden.<\/p>\n\n\n\n<p>Dar\u00fcber hinaus bietet diese Beratung Unternehmen strategische Anleitung und Unterst\u00fctzung in jeder Phase ihres E-Commerce-Weges, vom Markteintritt und der Plattformauswahl bis hin zu digitalem Marketing und Kundenakquise. Sie bietet aber noch viele weitere Vorteile, darunter:<\/p>\n\n\n\n<ul class=\"wp-block-list\">\n<li><strong>Optimiertes digitales Marketing:<\/strong> Diese Beratung unterst\u00fctzt Unternehmen bei der Entwicklung und Umsetzung gezielter digitaler Marketingstrategien und nutzt dabei Plattformen wie Suchmaschinen, soziale Medien und E-Commerce-Marktpl\u00e4tze, um asiatische Verbraucher effektiv zu erreichen und anzusprechen.<\/li>\n\n\n\n<li><strong>Verbessertes Kundenerlebnis:<\/strong> Asia eCommerce-Berater arbeiten mit Unternehmen zusammen, um deren Customer Journey zu optimieren, von der Website-Navigation und Produktsuche bis hin zum Checkout und der Unterst\u00fctzung nach dem Kauf.<\/li>\n\n\n\n<li><strong>Datengesteuerte Entscheidungsfindung:<\/strong> Berater helfen Unternehmen dabei, die Leistungsf\u00e4higkeit von Datenanalysen und -erkenntnissen zu nutzen, um die Leistung zu verfolgen, den ROI zu messen und Strategien f\u00fcr den Erfolg auf dem asiatischen E-Commerce-Markt zu optimieren.<\/li>\n<\/ul>\n\n\n\n<h2 class=\"wp-block-heading\">Who Uses Asia eCommerce consulting<\/h2>\n\n\n\n<p>Globale Marken und multinationale Konzerne, die ihre Pr\u00e4senz auf dem asiatischen E-Commerce-Markt ausbauen m\u00f6chten, verlassen sich auf die Beratung von Asia E-Commerce, um die Komplexit\u00e4t lokaler M\u00e4rkte zu meistern, die Verbraucherpr\u00e4ferenzen zu verstehen und ma\u00dfgeschneiderte Erfolgsstrategien zu entwickeln.<\/p>\n\n\n\n<p>Ebenso ben\u00f6tigen kleine und mittlere Unternehmen (KMU) oft mehr Ressourcen und Fachwissen, um sich selbstst\u00e4ndig auf dem Markt zurechtzufinden. Daher nehmen sie Beratung f\u00fcr asiatischen E-Commerce in Anspruch, um strategische Beratung, Markteinblicke und operative Unterst\u00fctzung zu erhalten. Dies hilft ihnen, Markteintrittsbarrieren zu \u00fcberwinden und in der wettbewerbsintensiven asiatischen E-Commerce-Landschaft erfolgreich zu sein.<\/p>\n\n\n\n<p>Dar\u00fcber hinaus verlassen sich E-Commerce-Plattformen und -Marktpl\u00e4tze auf die asiatische E-Commerce-Beratung, um ihr Angebot zu erweitern, das Benutzererlebnis zu optimieren und das Wachstum auf dem hart umk\u00e4mpften E-Commerce-Markt voranzutreiben.<\/p>\n\n\n\n<h2 class=\"wp-block-heading\">Factors to Consider<\/h2>\n\n\n\n<figure class=\"gb-block-image gb-block-image-84dc1250\"><img loading=\"lazy\" decoding=\"async\" width=\"1456\" height=\"816\" class=\"gb-image gb-image-84dc1250\" src=\"https:\/\/www.sisinternational.com\/wp-content\/uploads\/2025\/08\/ecommerce-e-commerce-2.jpg\" alt=\"SIS International Marktforschung &amp; Strategie\" title=\"ecommerce e-commerce (2)\" srcset=\"https:\/\/www.sisinternational.com\/wp-content\/uploads\/2025\/08\/ecommerce-e-commerce-2.jpg 1456w, https:\/\/www.sisinternational.com\/wp-content\/uploads\/2025\/08\/ecommerce-e-commerce-2-300x168.jpg 300w, https:\/\/www.sisinternational.com\/wp-content\/uploads\/2025\/08\/ecommerce-e-commerce-2-1024x574.jpg 1024w, https:\/\/www.sisinternational.com\/wp-content\/uploads\/2025\/08\/ecommerce-e-commerce-2-768x430.jpg 768w, https:\/\/www.sisinternational.com\/wp-content\/uploads\/2025\/08\/ecommerce-e-commerce-2-18x10.jpg 18w\" sizes=\"auto, (max-width: 1456px) 100vw, 1456px\"><\/figure>\n\n\n\n<p><\/p>\n\n\n\n<p>Um eine erfolgreiche E-Commerce-Strategie f\u00fcr Asien umzusetzen, m\u00fcssen Unternehmen mehrere kritische Erfolgsfaktoren ber\u00fccksichtigen, um die Komplexit\u00e4t des Marktes effektiv zu meistern. Hier sind einige wichtige Faktoren, die Sie ber\u00fccksichtigen sollten:<\/p>\n\n\n\n<ul class=\"wp-block-list\">\n<li><strong>Lokalisierter Ansatz:<\/strong> Adopting a localized approach is essential for success in <a href=\"https:\/\/www.sisinternational.com\/de\/wie-man-recherchen-fur-japanische-kulturangelegenheiten-anstellt\/\" title=\"So gestalten Sie Recherchen f\u00fcr Japan: Kultur ist wichtig!\"  data-wpil-monitor-id=\"9535\">Asia&#8217;s diverse and culturally<\/a> distinct markets. Businesses must tailor their eCommerce strategies, product offerings, and marketing campaigns to meet local consumers&#8217; unique needs and preferences.<\/li>\n\n\n\n<li><strong>Omni-Channel-Pr\u00e4senz:<\/strong> Dabei werden mehrere Vertriebskan\u00e4le, darunter Online-Marktpl\u00e4tze, Social-Media-Plattformen, mobile Apps und station\u00e4re Gesch\u00e4fte integriert, um \u00fcber verschiedene Kontaktpunkte hinweg ein nahtloses Einkaufserlebnis f\u00fcr die Kunden zu schaffen.<\/li>\n\n\n\n<li><strong>Mobile Optimierung:<\/strong> Hierzu geh\u00f6rt die Gestaltung mobilfreundlicher Websites, die Optimierung des Bezahlvorgangs f\u00fcr Mobilbenutzer sowie die Nutzung mobiler Apps und Messaging-Plattformen, um mit Kunden auch unterwegs in Kontakt zu treten.<\/li>\n\n\n\n<li><strong>Effizienz der Lieferkette:<\/strong> Unternehmen m\u00fcssen ihre Lieferkettenprozesse, einschlie\u00dflich Bestandsverwaltung, Lagerhaltung und Auftragsabwicklung, optimieren, um eine p\u00fcnktliche Lieferung und Produktverf\u00fcgbarkeit sicherzustellen.<\/li>\n\n\n\n<li><strong>Exzellentes Kundenerlebnis:<\/strong> Unternehmen m\u00fcssen Kundenservice, Personalisierung und Support nach dem Kauf priorisieren, um Vertrauen, Loyalit\u00e4t und Zuspruch bei asiatischen Verbrauchern aufzubauen. Durch Investitionen in ein hervorragendes Kundenerlebnis k\u00f6nnen sich Unternehmen von der Konkurrenz abheben, Wiederholungsk\u00e4ufe f\u00f6rdern und langfristige Beziehungen zu Kunden in der dynamischen und vielf\u00e4ltigen E-Commerce-Landschaft Asiens aufbauen.<\/li>\n<\/ul>\n\n\n\n<h2 class=\"wp-block-heading\">Key Drivers<\/h2>\n\n\n\n<p>Das Verst\u00e4ndnis der wichtigsten Treiber und Trends, die den asiatischen E-Commerce-Markt pr\u00e4gen, ist f\u00fcr Unternehmen unerl\u00e4sslich, um der Entwicklung einen Schritt voraus zu sein und neue Chancen zu nutzen. Hier sind einige der wichtigsten Treiber und Trends, die die asiatische E-Commerce-Landschaft beeinflussen:<\/p>\n\n\n\n<ul class=\"wp-block-list\">\n<li><strong>Schnelle Digitalisierung:<\/strong> Die schnelle Digitalisierung der Volkswirtschaften in Asien hat das Wachstum des elektronischen Handels vorangetrieben. Die zunehmende Verbreitung des Internets, die Nutzung von Smartphones und Online-Zahlungsm\u00f6glichkeiten f\u00fchren zu mehr Engagement und Online-Ausgaben der Verbraucher.<\/li>\n\n\n\n<li><strong>Aufstieg des mobilen Handels:<\/strong> Der mobile Handel erlebt in Asien ein explosives Wachstum, das durch die Verbreitung von Smartphones und mobiler Internetverbindung angetrieben wird. Da Verbraucher zunehmend ihre Mobilger\u00e4te zum Einkaufen verwenden, m\u00fcssen Unternehmen der mobilen Optimierung Priorit\u00e4t einr\u00e4umen und mobilfreundliche Erfahrungen entwickeln, um vom wachsenden Trend des mobilen Handels in Asien zu profitieren.<\/li>\n\n\n\n<li><strong>Grenz\u00fcberschreitender E-Commerce:<\/strong> Cross-border eCommerce is gaining momentum in <a href=\"https:\/\/www.sisinternational.com\/de\/die-stimme-der-indischen-verbraucher\/\" title=\"Die Stimme der indischen Verbraucher\"  data-wpil-monitor-id=\"2442\">Asia as consumers<\/a> seek access to a broader range of products and brands worldwide. With the rise of online marketplaces and international shipping options, businesses can tap into new <a href=\"https:\/\/www.sisinternational.com\/de\/billigflieger-in-der-luftfahrtindustrie\/\" title=\"Marktforschung f\u00fcr Billigflieger\"  data-wpil-monitor-id=\"9536\">markets and reach global<\/a> customers in Asia and beyond.<\/li>\n\n\n\n<li><strong>Sozialer Handel:<\/strong> Social Commerce ver\u00e4ndert die E-Commerce-Landschaft in Asien, wobei Social-Media-Plattformen zunehmend die Kaufentscheidungen der Verbraucher beeinflussen. Plattformen wie WeChat und Facebook haben Funktionen eingef\u00fchrt, die es Benutzern erm\u00f6glichen, nahtlos in ihren sozialen Netzwerken einzukaufen, wodurch die Grenzen zwischen sozialen Netzwerken und E-Commerce verschwimmen.<\/li>\n<\/ul>\n\n\n\n<h2 class=\"wp-block-heading\">Growing Segments<\/h2>\n\n\n\n<p>Innerhalb des asiatischen E-Commerce-Marktes verzeichnen mehrere Segmente ein signifikantes Wachstum und treiben die allgemeine Expansion der Branche voran. Hier sind einige der f\u00fchrenden Segmente:<\/p>\n\n\n\n<ul class=\"wp-block-list\">\n<li><strong>Mode und Bekleidung:<\/strong> Mit dem Aufstieg von Fast Fashion, Online-Marktpl\u00e4tzen und Influencer-Marketing nutzen asiatische Verbraucher beim Kauf von Kleidung, Schuhen und Accessoires zunehmend Online-Kan\u00e4le.<\/li>\n\n\n\n<li><strong>Elektronik und Gadgets:<\/strong> Asiatische Verbraucher kaufen Elektronik und Gadgets zunehmend online, da sie von der Bequemlichkeit, der Produktvielfalt und den wettbewerbsf\u00e4higen Preisen \u00fcberzeugt sind. Infolgedessen verzeichnen E-Commerce-Plattformen und Einzelh\u00e4ndler, die auf Elektronik und Gadgets spezialisiert sind, ein starkes Wachstum und erweitern ihr Produktangebot, um den vielf\u00e4ltigen Bed\u00fcrfnissen asiatischer Verbraucher gerecht zu werden.<\/li>\n\n\n\n<li><strong>Beauty and <\/strong><a href=\"https:\/\/www.sisinternational.com\/de\/umfassende-marketingstrategie-fur-ein-amerikanisches-online-unternehmen-fur-privatfinanzen\/\" title=\"Umfassende Marketingstrategie f\u00fcr ein amerikanisches Online-Unternehmen f\u00fcr Privatfinanzen\"  data-wpil-monitor-id=\"9538\">Personal Care: Online<\/a> beauty retailers and cosmetics brands are capitalizing on the growing demand for beauty and personal care products in Asia, leveraging digital marketing, influencer partnerships, and innovative product offerings to attract and retain customers in this highly competitive segment.<\/li>\n\n\n\n<li><strong>Gesundheit und Wellness:<\/strong> Online-H\u00e4ndler, die auf Nahrungserg\u00e4nzungsmittel, Fitnessger\u00e4te und Wellnessprodukte spezialisiert sind, verzeichnen eine steigende Nachfrage von Verbrauchern, die ihr k\u00f6rperliches und geistiges Wohlbefinden verbessern m\u00f6chten. Infolgedessen zieht das Gesundheits- und Wellnesssegment Investitionen von E-Commerce-Plattformen, Gesundheitsunternehmen und Startups an, die vom wachsenden Trend zur Selbstpflege und Wellness in Asien profitieren m\u00f6chten.<\/li>\n<\/ul>\n\n\n\n<h2 class=\"wp-block-heading\">Porter\u2019s Five Forces<\/h2>\n\n\n\n<p>Eine Analyse der f\u00fcnf Kr\u00e4fte nach Porter gibt Einblick in die Wettbewerbsdynamik und Attraktivit\u00e4t der asiatischen E-Commerce-Branche. Hier ist ein \u00dcberblick \u00fcber jede Kraft:<\/p>\n\n\n\n<ul class=\"wp-block-list\">\n<li><strong>Bedrohung durch neue Marktteilnehmer:<\/strong> Der asiatische E-Commerce-Markt ist einer m\u00e4\u00dfigen Bedrohung durch neue Marktteilnehmer ausgesetzt, da die Markteintrittsbarrieren relativ niedrig sind. Dazu z\u00e4hlen der einfache Zugang zu Technologie, niedrige Startkosten und die Verf\u00fcgbarkeit von E-Commerce-Plattformen von Drittanbietern.<\/li>\n\n\n\n<li><strong>Verhandlungsmacht der K\u00e4ufer:<\/strong> Die Verhandlungsmacht der K\u00e4ufer auf dem asiatischen E-Commerce-Markt ist hoch, was auf die gro\u00dfe Auswahl, die Preistransparenz und die M\u00f6glichkeit, problemlos zwischen Wettbewerbern zu wechseln, zur\u00fcckzuf\u00fchren ist.<\/li>\n\n\n\n<li><strong>Verhandlungsmacht der Lieferanten:<\/strong> Die Verhandlungsmacht der Lieferanten im asiatischen E-Commerce-Markt variiert je nach Branche und Produktkategorie. W\u00e4hrend Lieferanten von Massenprodukten aufgrund des intensiven Wettbewerbs und Preisdrucks m\u00f6glicherweise nur eine begrenzte Verhandlungsmacht haben, k\u00f6nnen Lieferanten einzigartiger oder spezialisierter Produkte eine h\u00f6here Verhandlungsmacht haben, vor allem wenn sie \u00fcber knappe Ressourcen verf\u00fcgen oder \u00fcber propriet\u00e4re Technologien verf\u00fcgen.<\/li>\n\n\n\n<li><strong>Bedrohung durch Ersatzprodukte oder -dienstleistungen:<\/strong> Die Gefahr von Ersatzprodukten oder -dienstleistungen auf dem asiatischen E-Commerce-Markt ist moderat, da traditionelle Einzelh\u00e4ndler und Offline-Kan\u00e4le als brauchbare Alternativen f\u00fcr den Verbraucher dienen. Die Bequemlichkeit, Zug\u00e4nglichkeit und wettbewerbsf\u00e4higen Preise von E-Commerce-Plattformen mildern die Gefahr von Ersatzprodukten jedoch bis zu einem gewissen Grad, insbesondere in st\u00e4dtischen Gebieten mit hoher Internetdurchdringung.<\/li>\n\n\n\n<li><strong>Wettberbsintensit\u00e4t:<\/strong> Competitive rivalry in the Asia eCommerce market is intense and characterized by many players competing for market share and customer loyalty. Domestic and international eCommerce platforms, online marketplaces, and brick-and-mortar <a href=\"https:\/\/www.sisinternational.com\/de\/kundenzufriedenheitsanalyse\/\" title=\"8 M\u00f6glichkeiten zur Steigerung der Kundenzufriedenheit im Einzelhandel\"  data-wpil-monitor-id=\"9537\">retailers vie for consumers<\/a>&#8216; attention and spending, driving innovation, price competition, and strategic alliances in the dynamic and rapidly evolving industry.<\/li>\n<\/ul>\n\n\n\n<h2 class=\"wp-block-heading\">The Benefits of Working with SIS<\/h2>\n\n\n\n<p>SIS International bietet umfassende Beratungsdienste f\u00fcr den asiatischen E-Commerce an, um Unternehmen dabei zu helfen, die Komplexit\u00e4t der E-Commerce-Landschaft zu meistern und Wachstumschancen in der Region zu nutzen. So k\u00f6nnen Unternehmen von unseren Beratungsdiensten profitieren:<\/p>\n\n\n\n<ul class=\"wp-block-list\">\n<li><a href=\"https:\/\/www.sisinternational.com\/de\/ostern-und-der-unvermeidliche-schokoladenhase\/\" title=\"Ostermarktforschung\"  data-wpil-monitor-id=\"9533\">Market Entry Strategy: SIS<\/a> assists businesses in developing market entry strategies for the Asia eCommerce market, including market analysis, competitor assessment, and localization strategies tailored to specific countries and regions. <\/li>\n\n\n\n<li><strong>Verbrauchereinblicke:<\/strong> Our consulting services provide businesses with valuable <a href=\"https:\/\/www.sisinternational.com\/de\/sachverstand\/lebenslaufe\/lebenslauf-mit-erfahrungen-im-bereich-konsum-und-verpackte-guter\/\" title=\"Marktforschung f\u00fcr Konsumg\u00fcter und verpackte Waren\"  data-wpil-monitor-id=\"9539\">consumer insights and market research<\/a> to understand consumer behavior, preferences, and trends in the Asia eCommerce market. Through surveys, focus groups, and data analysis, we uncover actionable insights that enable businesses to tailor their products, services, and marketing strategies to meet the evolving needs of Asian consumers and drive growth in the region.<\/li>\n\n\n\n<li><strong>Technologiel\u00f6sungen:<\/strong> SIS helps businesses leverage technology <a href=\"https:\/\/www.sisinternational.com\/de\/sis-bringt-neue-digitale-forschungslosungen-auf-den-markt\/\" title=\"SIS f\u00fchrt neue Digital Research-L\u00f6sungen ein\"  data-wpil-monitor-id=\"9534\">solutions and digital innovations<\/a> to enhance their eCommerce capabilities and optimize online operations. From website development and mobile app optimization to AI-driven personalization and omnichannel integration, we provide strategic guidance and technical expertise to help businesses stay ahead of the curve and deliver exceptional digital experiences to customers in Asia.<\/li>\n\n\n\n<li><a href=\"https:\/\/www.sisinternational.com\/de\/losungen\/sis-globales-wachstum\/entwicklung-globaler-lieferketten\/\" title=\"Globale Supply Chain Beratung\"  data-wpil-monitor-id=\"9540\">Supply Chain Optimization: Our consulting<\/a> services include supply chain optimization solutions to help businesses streamline logistics, reduce costs, and improve efficiency in eCommerce operations across Asia. <\/li>\n<\/ul>\n\n\n\n<h2 class=\"wp-block-heading\">\u00dcber SIS International Asia eCommerce Consulting<\/h2>\n\n\n\n<p>SIS International Asia eCommerce Consulting ist auf die Bereitstellung ma\u00dfgeschneiderter strategischer L\u00f6sungen f\u00fcr Unternehmen weltweit spezialisiert. Unsere fachkundigen Berater bieten umfassende Beratungsdienste f\u00fcr Markteintritt, Gesch\u00e4ftserweiterung, strategische Planung und Organisationsentwicklung. Wir arbeiten mit unseren Kunden von der Marktanalyse bis zur Implementierungsunterst\u00fctzung zusammen, um nachhaltiges Wachstum und Wettbewerbsvorteile zu erzielen. Kontaktieren Sie uns, um herauszufinden, wie unsere Beratungskompetenz Ihr Unternehmen st\u00e4rken kann.<\/p>\n\n\n\n<p><\/p>","protected":false},"excerpt":{"rendered":"<p>Asia eCommerce Consulting unterst\u00fctzt Unternehmen beim Aufbau und der Optimierung ihrer Onlinepr\u00e4senz auf dem asiatischen Markt. <\/p>","protected":false},"author":1,"featured_media":64700,"parent":14508,"menu_order":96,"comment_status":"closed","ping_status":"closed","template":"","meta":{"footnotes":""},"class_list":["post-47517","page","type-page","status-publish","has-post-thumbnail"],"_links":{"self":[{"href":"https:\/\/www.sisinternational.com\/de\/wp-json\/wp\/v2\/pages\/47517","targetHints":{"allow":["GET"]}}],"collection":[{"href":"https:\/\/www.sisinternational.com\/de\/wp-json\/wp\/v2\/pages"}],"about":[{"href":"https:\/\/www.sisinternational.com\/de\/wp-json\/wp\/v2\/types\/page"}],"author":[{"embeddable":true,"href":"https:\/\/www.sisinternational.com\/de\/wp-json\/wp\/v2\/users\/1"}],"replies":[{"embeddable":true,"href":"https:\/\/www.sisinternational.com\/de\/wp-json\/wp\/v2\/comments?post=47517"}],"version-history":[{"count":10,"href":"https:\/\/www.sisinternational.com\/de\/wp-json\/wp\/v2\/pages\/47517\/revisions"}],"predecessor-version":[{"id":81590,"href":"https:\/\/www.sisinternational.com\/de\/wp-json\/wp\/v2\/pages\/47517\/revisions\/81590"}],"up":[{"embeddable":true,"href":"https:\/\/www.sisinternational.com\/de\/wp-json\/wp\/v2\/pages\/14508"}],"wp:featuredmedia":[{"embeddable":true,"href":"https:\/\/www.sisinternational.com\/de\/wp-json\/wp\/v2\/media\/64700"}],"wp:attachment":[{"href":"https:\/\/www.sisinternational.com\/de\/wp-json\/wp\/v2\/media?parent=47517"}],"curies":[{"name":"wp","href":"https:\/\/api.w.org\/{rel}","templated":true}]}}