{"id":47332,"date":"2024-04-10T19:41:31","date_gmt":"2024-04-10T23:41:31","guid":{"rendered":"https:\/\/www.sisinternational.com\/?page_id=47332"},"modified":"2026-01-25T18:06:37","modified_gmt":"2026-01-25T23:06:37","slug":"petcoke-marktforschung","status":"publish","type":"page","link":"https:\/\/www.sisinternational.com\/de\/sachverstand\/petcoke-marktforschung\/","title":{"rendered":"Petcoke-Marktforschung"},"content":{"rendered":"<h1 class=\"wp-block-heading\">Petcoke-Marktforschung<\/h1>\n\n\n\n<figure class=\"gb-block-image gb-block-image-45c41b6c\"><img loading=\"lazy\" decoding=\"async\" width=\"1456\" height=\"816\" class=\"gb-image gb-image-45c41b6c\" src=\"https:\/\/www.sisinternational.com\/wp-content\/uploads\/2025\/08\/Petcoke-4.jpg\" alt=\"SIS International Marktforschung &amp; Strategie\" title=\"Petcoke (4)\" srcset=\"https:\/\/www.sisinternational.com\/wp-content\/uploads\/2025\/08\/Petcoke-4.jpg 1456w, https:\/\/www.sisinternational.com\/wp-content\/uploads\/2025\/08\/Petcoke-4-300x168.jpg 300w, https:\/\/www.sisinternational.com\/wp-content\/uploads\/2025\/08\/Petcoke-4-1024x574.jpg 1024w, https:\/\/www.sisinternational.com\/wp-content\/uploads\/2025\/08\/Petcoke-4-768x430.jpg 768w, https:\/\/www.sisinternational.com\/wp-content\/uploads\/2025\/08\/Petcoke-4-18x10.jpg 18w\" sizes=\"auto, (max-width: 1456px) 100vw, 1456px\"><\/figure>\n\n\n\n<hr class=\"wp-block-separator has-alpha-channel-opacity is-style-dots\"\/>\n\n\n\n<p>Durch die Untersuchung der Angebots- und Nachfragedynamik, der Markttrends und des Wettbewerbsumfelds erm\u00f6glicht die Petcoke-Marktforschung den Beteiligten, fundierte Entscheidungen hinsichtlich Anlagestrategien, Betriebsoptimierung und Risikomanagement auf dem Petcoke-Markt zu treffen.<\/p>\n\n\n\n<h2 class=\"wp-block-heading\">What is Petcoke market research?<\/h2>\n\n\n\n<p>Die Marktforschung f\u00fcr Petrolkoks umfasst die umfassende Analyse von Trends, Dynamiken und Faktoren, die die Produktion, den Verbrauch und den Handel von Petrolkoks (Petcoke) beeinflussen. Petcoke, ein Nebenprodukt des Raffinationsprozesses, ist ein kohlenstoffhaltiger Feststoff, der bei der Destillation von Roh\u00f6l gewonnen wird.<\/p>\n\n\n\n<p>Es liefert den Beteiligten umsetzbare Erkenntnisse, um die Komplexit\u00e4t der Branche effektiv zu meistern. Es beleuchtet verschiedene Aspekte der Petrolkoks-Industrie, einschlie\u00dflich ihrer Anwendungen in unterschiedlichen Sektoren wie Zementherstellung, Stromerzeugung, Aluminiumproduktion und Stahlherstellung.<\/p>\n\n\n\n<h2 class=\"wp-block-heading\">Warum ist es wichtig?<\/h2>\n\n\n\n<p>Die Marktforschung von Petcoke gibt Unternehmen Einblicke in Markttrends, Angebots- und Nachfragedynamiken sowie Preisschwankungen. Das Erkennen und Verstehen der Marktdynamik erm\u00f6glicht es Unternehmen, ihre Strategien entsprechend anzupassen, die Produktionsmengen zu optimieren und neue Chancen zu nutzen.<\/p>\n\n\n\n<p>Dar\u00fcber hinaus hilft diese Marktforschung Unternehmen, \u00fcber regulatorische \u00c4nderungen, Compliance-Anforderungen und m\u00f6gliche Auswirkungen auf den Betrieb auf dem Laufenden zu bleiben. Indem sie den regulatorischen Entwicklungen immer einen Schritt voraus sind, k\u00f6nnen Unternehmen Compliance-Risiken mindern und kostspielige Strafen vermeiden.<\/p>\n\n\n\n<p>Ebenso deckt Marktforschung Wachstumschancen innerhalb der Branche auf, wie etwa aufstrebende M\u00e4rkte, technologische Fortschritte und Produktinnovationen. Durch die Identifizierung von Wachstumschancen k\u00f6nnen Unternehmen ihre Einnahmequellen diversifizieren, in neue M\u00e4rkte expandieren und Branchentrends voraus sein. Sie bietet jedoch noch viele weitere Vorteile f\u00fcr Unternehmen, darunter:<\/p>\n\n\n\n<ul class=\"wp-block-list\">\n<li><strong>Einblicke in Markttrends:<\/strong> Durch die Durchf\u00fchrung dieser Marktforschung erhalten Unternehmen wertvolle Einblicke in Markttrends, einschlie\u00dflich Nachfrageschwankungen, Preisbewegungen und neu entstehende Konsummuster.<\/li>\n\n\n\n<li><strong>Risikominderung:<\/strong> Marktforschung hilft Unternehmen dabei, Risiken bei der Produktion, dem Transport und dem Verbrauch von Petcoke zu erkennen und zu bewerten.<\/li>\n\n\n\n<li><strong>Wettbewerbsintelligenz:<\/strong> Die Marktforschung von Petcoke liefert Unternehmen Informationen \u00fcber die Konkurrenz und erm\u00f6glicht ihnen, die Aktivit\u00e4ten, die Marktpositionierung und das Produktangebot der Konkurrenz zu analysieren.<\/li>\n\n\n\n<li><strong>Optimierte Entscheidungsfindung:<\/strong> Mithilfe datengest\u00fctzter Erkenntnisse aus der Petcoke-Marktforschung k\u00f6nnen Unternehmen fundierte Entscheidungen hinsichtlich Produktionsniveaus, Preisstrategien und Investitionspriorit\u00e4ten treffen.<\/li>\n\n\n\n<li><strong>Strategische Planung:<\/strong> Marktforschung ist eine Grundlage f\u00fcr strategische Planung und langfristige Gesch\u00e4ftsentwicklung.<\/li>\n<\/ul>\n\n\n\n<h2 class=\"wp-block-heading\">Who Uses Petcoke market research<\/h2>\n\n\n\n<p>Erd\u00f6lraffinerien sind die Hauptproduzenten von Petcoke und daher wichtige Nutzer der Petcoke-Marktforschung. Sie verlassen sich auf Marktforschung, um Produktionsprozesse zu optimieren, Nachfragetrends einzusch\u00e4tzen und fundierte Entscheidungen hinsichtlich der Nutzung und Preisstrategien von Petcoke zu treffen.<\/p>\n\n\n\n<ul class=\"wp-block-list\">\n<li>Zementhersteller sind bedeutende Verbraucher von Petrolkoks, da sie es als Brennstoff in Zement\u00f6fen verwenden. Marktforschung zu Petrolkoks hilft Zementherstellern, die Preisdynamik, die Lieferverf\u00fcgbarkeit und die gesetzlichen Beschr\u00e4nkungen zu verstehen, die sich auf die Verwendung von Petrolkoks auswirken. Dies erm\u00f6glicht ihnen, strategische Entscheidungen hinsichtlich der Brennstoffbeschaffung und des Kostenmanagements zu treffen.<\/li>\n\n\n\n<li>Power Generation Companies utilize petcoke as a fuel source in coal-fired power plants, particularly in regions where petcoke is abundant and cost-effective. Petcoke <a href=\"https:\/\/www.sisinternational.com\/de\/losungen\/ai-marktforschung-und-strategieberatung\/generative-ki-marktforschung\/\" title=\"Generative KI-Marktforschung\"  data-wpil-monitor-id=\"2036\">market research assists power generation<\/a> companies in evaluating the feasibility of petcoke utilization, assessing environmental impacts, and complying with emissions regulations.<\/li>\n\n\n\n<li>Aluminiumproduzenten verwenden Petrolkoks als Kohlenstoffquelle und Reduktionsmittel im Schmelzprozess. Diese Marktforschung hilft Aluminiumproduzenten, die Preise, Verf\u00fcgbarkeit und Qualit\u00e4tsstandards von Petrolkoks zu \u00fcberwachen, sodass sie ihre Produktionsprozesse optimieren und die Kosten effektiv verwalten k\u00f6nnen.<\/li>\n\n\n\n<li>Stahlhersteller nutzen Petrolkoks als Brennstoffquelle in Hoch\u00f6fen und Lichtbogen\u00f6fen, die zur Reduzierung des Eisenerzes beitragen. Marktanalysen helfen Stahlherstellern, Markttrends, Beschaffungsoptionen und gesetzliche Anforderungen im Zusammenhang mit der Verwendung von Petrolkoks zu verstehen und erleichtern so die strategische Entscheidungsfindung und Betriebsplanung.<\/li>\n<\/ul>\n\n\n\n<h2 class=\"wp-block-heading\">The Benefits SIS Brings to Your Company<\/h2>\n\n\n\n<figure class=\"gb-block-image gb-block-image-b2229b0f\"><img loading=\"lazy\" decoding=\"async\" width=\"1456\" height=\"816\" class=\"gb-image gb-image-b2229b0f\" src=\"https:\/\/www.sisinternational.com\/wp-content\/uploads\/2025\/08\/Petcoke-3.jpg\" alt=\"SIS International Marktforschung &amp; Strategie\" title=\"Petcoke (3)\" srcset=\"https:\/\/www.sisinternational.com\/wp-content\/uploads\/2025\/08\/Petcoke-3.jpg 1456w, https:\/\/www.sisinternational.com\/wp-content\/uploads\/2025\/08\/Petcoke-3-300x168.jpg 300w, https:\/\/www.sisinternational.com\/wp-content\/uploads\/2025\/08\/Petcoke-3-1024x574.jpg 1024w, https:\/\/www.sisinternational.com\/wp-content\/uploads\/2025\/08\/Petcoke-3-768x430.jpg 768w, https:\/\/www.sisinternational.com\/wp-content\/uploads\/2025\/08\/Petcoke-3-18x10.jpg 18w\" sizes=\"auto, (max-width: 1456px) 100vw, 1456px\"><\/figure>\n\n\n\n<p><\/p>\n\n\n\n<p>Die Marktforschungsdienste f\u00fcr Petcoke von SIS International liefern Kunden umfassende Einblicke und umsetzbare Empfehlungen. Hier sind die erwarteten Ergebnisse der Zusammenarbeit mit SIS International:<\/p>\n\n\n\n<ul class=\"wp-block-list\">\n<li><strong>Detaillierte Marktanalyse:<\/strong> SIS International f\u00fchrt gr\u00fcndliche Marktanalysen durch und vermittelt seinen Kunden ein tiefes Verst\u00e4ndnis der Angebots- und Nachfragedynamik von Petcoke, der Preisentwicklung und des regulatorischen Umfelds. Durch die Analyse von Markttreibern, Beschr\u00e4nkungen und Chancen liefert SIS International Erkenntnisse, die strategische Entscheidungen unterst\u00fctzen und das Gesch\u00e4ftswachstum vorantreiben.<\/li>\n\n\n\n<li><strong>Wettbewerbsintelligenz:<\/strong> Die Forschung von SIS International umfasst Wettbewerbsanalysen, die es den Kunden erm\u00f6glichen, Einblicke in die Aktivit\u00e4ten, Marktpositionierung und Preisstrategien der Konkurrenz zu gewinnen. Durch Benchmarking mit der Konkurrenz und Identifizierung von Marktl\u00fccken k\u00f6nnen die Kunden differenzierte Angebote entwickeln, ihren Wettbewerbsvorteil steigern und effektiv Marktanteile gewinnen.<\/li>\n\n\n\n<li><strong>Hinweise zur Einhaltung gesetzlicher Vorschriften:<\/strong> SIS verf\u00fcgt \u00fcber umfassende Erfahrung im regulatorischen Umfeld und in Umweltstandards und ber\u00e4t seine Kunden bei der Einhaltung gesetzlicher Vorschriften. So stellen wir sicher, dass die geltenden Vorschriften und Standards eingehalten werden. Indem sie sich \u00fcber regulatorische Entwicklungen und Compliance-Anforderungen auf dem Laufenden halten, k\u00f6nnen Kunden regulatorische Risiken mindern, kostspielige Strafen vermeiden und ihren guten Ruf in der Branche aufrechterhalten.<\/li>\n\n\n\n<li><a href=\"https:\/\/www.sisinternational.com\/de\/tv-und-printwerbung-wird-durch-virale-videos-und-neue-soziale-medien-ersetzt\/\" title=\"Virale Video-Marktforschung\"  data-wpil-monitor-id=\"1833\">Market Expansion Opportunities: SIS International&#8217;s research<\/a> identifies market expansion opportunities, enabling clients to assess market demand, evaluate entry barriers, and develop market entry strategies. By identifying untapped markets, assessing competitive landscapes, and understanding consumer preferences, clients can expand their presence in new markets, diversify revenue streams, and drive business growth.<\/li>\n<\/ul>\n\n\n\n<h2 class=\"wp-block-heading\">key Players<\/h2>\n\n\n\n<p>Mehrere Unternehmen spielen eine bedeutende Rolle auf dem Petrolkoks-Markt, darunter:<\/p>\n\n\n\n<ul class=\"wp-block-list\">\n<li><strong>ExxonMobil:<\/strong> ExxonMobil ist einer der weltweit gr\u00f6\u00dften Erd\u00f6lraffinerien und ist ma\u00dfgeblich an der Produktion von Petrolkoks beteiligt. Die Raffinerien des Unternehmens produzieren Petrolkoks als Nebenprodukt des Raffinationsprozesses, das dann f\u00fcr verschiedene industrielle Anwendungen genutzt wird.<\/li>\n\n\n\n<li><strong>Saudi Aramco:<\/strong> Saudi Aramco, die staatliche \u00d6lgesellschaft Saudi-Arabiens, betreibt einige der weltweit gr\u00f6\u00dften Raffinerien und produziert gro\u00dfe Mengen an Petrolkoks. Das Unternehmen spielt eine entscheidende Rolle auf dem globalen Petrolkoksmarkt und beliefert weltweit verschiedene Industriezweige mit Petrolkoks.<\/li>\n\n\n\n<li><strong>Indian Oil Corporation Limited (IOCL):<\/strong> IOCL ist Indiens gr\u00f6\u00dftes \u00d6lraffinerie- und -vermarktungsunternehmen mit umfangreichen Produktionskapazit\u00e4ten f\u00fcr Petrolkoks. Die Raffinerien des Unternehmens produzieren Petrolkoks f\u00fcr die heimische Industrie, darunter die Zementherstellung, Stromerzeugung und Aluminiumproduktion.<\/li>\n<\/ul>\n\n\n\n<h2 class=\"wp-block-heading\">Gelegenheiten<\/h2>\n\n\n\n<p>Unternehmen, die auf dem Petrolkoks-Markt t\u00e4tig sind, k\u00f6nnen verschiedene Chancen nutzen, um Wachstum und Innovation voranzutreiben. Einige der wichtigsten Chancen sind:<\/p>\n\n\n\n<ul class=\"wp-block-list\">\n<li><strong>Expansion in Schwellenm\u00e4rkte:<\/strong> Schwellenm\u00e4rkte bieten Herstellern und Verbrauchern von Petrolkoks erhebliche Wachstumschancen. Die rasante Industrialisierung, Urbanisierung und Infrastrukturentwicklung im asiatisch-pazifischen Raum, in Lateinamerika und Afrika treiben die Nachfrage nach Petrolkoks in der Zementherstellung, der Stromerzeugung und der Stahlproduktion an.<\/li>\n\n\n\n<li><strong>Diversifizierung des Produktangebots:<\/strong> Petcoke-Produzenten k\u00f6nnen M\u00f6glichkeiten erkunden, ihr Angebot zu diversifizieren und in den Bereich der Mehrwertprodukte zu expandieren. Beispielsweise k\u00f6nnen Petcoke-Produzenten in Petcoke-Vergasungstechnologien investieren, um Wasserstoff und andere wertvolle Nebenprodukte f\u00fcr die Verwendung in der chemischen Produktion, Raffination und anderen Industrien zu produzieren.<\/li>\n\n\n\n<li><strong>Investitionen in saubere Technologien:<\/strong> Wachsende Bedenken hinsichtlich Luftqualit\u00e4t, CO2-Emissionen und \u00f6kologischer Nachhaltigkeit treiben die Nachfrage nach saubereren und nachhaltigeren Alternativen zu fossilen Brennstoffen wie Petrolkoks voran. Unternehmen k\u00f6nnen von diesem Trend profitieren, indem sie in saubere Technologien wie CO2-Abscheidung und -Speicherung (CCS), erneuerbare Energien und Energieeffizienzl\u00f6sungen investieren.<\/li>\n\n\n\n<li><strong>Strategische Partnerschaften und Kooperationen:<\/strong> Durch Zusammenarbeit und Partnerschaften k\u00f6nnen Unternehmen komplement\u00e4re St\u00e4rken, Fachwissen und Ressourcen nutzen, um Innovation und Wachstum auf dem Petrolkoks-Markt voranzutreiben. So k\u00f6nnen Petrolkoks-Hersteller beispielsweise mit Technologieunternehmen, Forschungseinrichtungen und Regierungsbeh\u00f6rden zusammenarbeiten, um innovative L\u00f6sungen f\u00fcr die Nutzung von Petrolkoks, die Emissionsreduzierung und den Umweltschutz zu entwickeln.<\/li>\n\n\n\n<li><strong>Marktdifferenzierung und Branding:<\/strong> Differenzierung und Markenbildung spielen eine entscheidende Rolle f\u00fcr den Markterfolg und Wettbewerbsvorteile auf dem Petrolkoks-Markt. Unternehmen k\u00f6nnen ihre Produkte differenzieren, indem sie sich auf Qualit\u00e4t, Konsistenz und Umweltvertr\u00e4glichkeit konzentrieren.<\/li>\n<\/ul>\n\n\n\n<h2 class=\"wp-block-heading\">The SIS Advantage<\/h2>\n\n\n\n<p>Die Marktforschungsdienste f\u00fcr Petcoke von SIS International bieten Unternehmen die Einblicke und strategische Beratung, die sie ben\u00f6tigen, um die Komplexit\u00e4t des Petcoke-Marktes effektiv zu meistern. So k\u00f6nnen Unternehmen von der Expertise von SIS International profitieren:<\/p>\n\n\n\n<ul class=\"wp-block-list\">\n<li><strong>Umfassende Marktanalyse:<\/strong> SIS International f\u00fchrt umfassende Marktanalysen durch und nutzt dabei quantitative und qualitative Forschungsmethoden, um Daten zur Angebots- und Nachfragedynamik bei Petcoke, zu Preistrends, zum regulatorischen Umfeld und zur Wettbewerbsdynamik zu sammeln.<\/li>\n\n\n\n<li><strong>Ma\u00dfgeschneiderte Forschungsl\u00f6sungen:<\/strong> SIS International offers customized research solutions tailored to clients&#8217; needs and objectives. We design research methodologies that align with clients&#8217; goals and deliver actionable insights to address their unique challenges and opportunities in the <a href=\"https:\/\/www.sisinternational.com\/de\/sachverstand\/branchen\/feinkostmarktforschung\/\" title=\"Feinkost-Marktforschung\"  data-wpil-monitor-id=\"4612\">petcoke<\/a> market.<\/li>\n\n\n\n<li><strong>Fachkenntnisse und Branchenkenntnisse:<\/strong> SIS&#8217;s team of experienced researchers and industry experts possess deep knowledge and expertise in the <a href=\"https:\/\/www.sisinternational.com\/de\/abdeckung\/die-amerikaner\/marktforschung-kanada\/marktforschung-nova-scotia-kanada\/\" title=\"Marktforschung in Nova Scotia\"  data-wpil-monitor-id=\"4626\">petcoke<\/a> market. With a thorough understanding of market trends, regulatory requirements, and technological advancements, SIS International delivers insights and strategic recommendations that enable businesses to stay ahead of the curve and capitalize on emerging opportunities in the petcoke market.<\/li>\n\n\n\n<li><strong>Strategische Empfehlungen und umsetzbare Erkenntnisse:<\/strong> Basierend auf Forschungsergebnissen bietet SIS seinen Kunden strategische Empfehlungen und umsetzbare Erkenntnisse, die auf ihre Gesch\u00e4ftsziele und Marktdynamik zugeschnitten sind. Ganz gleich, ob Kunden ihre Produktionsprozesse optimieren, ihr Produktangebot diversifizieren oder in neue M\u00e4rkte expandieren m\u00f6chten \u2013 SIS International bietet praktische Anleitungen und Empfehlungen, die Unternehmen dabei helfen, ihre Ziele zu erreichen und nachhaltiges Wachstum auf dem Petcoke-Markt zu erzielen.<\/li>\n<\/ul>","protected":false},"excerpt":{"rendered":"<p>Die Marktforschungsanalyse f\u00fcr Petcoke umfasst die Untersuchung von Trends und Faktoren in den Bereichen Produktion, Verbrauch und Handel.<\/p>","protected":false},"author":1,"featured_media":64316,"parent":14514,"menu_order":440,"comment_status":"closed","ping_status":"closed","template":"","meta":{"footnotes":""},"class_list":["post-47332","page","type-page","status-publish","has-post-thumbnail"],"_links":{"self":[{"href":"https:\/\/www.sisinternational.com\/de\/wp-json\/wp\/v2\/pages\/47332","targetHints":{"allow":["GET"]}}],"collection":[{"href":"https:\/\/www.sisinternational.com\/de\/wp-json\/wp\/v2\/pages"}],"about":[{"href":"https:\/\/www.sisinternational.com\/de\/wp-json\/wp\/v2\/types\/page"}],"author":[{"embeddable":true,"href":"https:\/\/www.sisinternational.com\/de\/wp-json\/wp\/v2\/users\/1"}],"replies":[{"embeddable":true,"href":"https:\/\/www.sisinternational.com\/de\/wp-json\/wp\/v2\/comments?post=47332"}],"version-history":[{"count":12,"href":"https:\/\/www.sisinternational.com\/de\/wp-json\/wp\/v2\/pages\/47332\/revisions"}],"predecessor-version":[{"id":78618,"href":"https:\/\/www.sisinternational.com\/de\/wp-json\/wp\/v2\/pages\/47332\/revisions\/78618"}],"up":[{"embeddable":true,"href":"https:\/\/www.sisinternational.com\/de\/wp-json\/wp\/v2\/pages\/14514"}],"wp:featuredmedia":[{"embeddable":true,"href":"https:\/\/www.sisinternational.com\/de\/wp-json\/wp\/v2\/media\/64316"}],"wp:attachment":[{"href":"https:\/\/www.sisinternational.com\/de\/wp-json\/wp\/v2\/media?parent=47332"}],"curies":[{"name":"wp","href":"https:\/\/api.w.org\/{rel}","templated":true}]}}