{"id":47328,"date":"2024-04-10T20:01:43","date_gmt":"2024-04-11T00:01:43","guid":{"rendered":"https:\/\/www.sisinternational.com\/?page_id=47328"},"modified":"2026-01-27T15:22:29","modified_gmt":"2026-01-27T20:22:29","slug":"dropshipping-marktforschung","status":"publish","type":"page","link":"https:\/\/www.sisinternational.com\/de\/sachverstand\/dropshipping-marktforschung\/","title":{"rendered":"Dropshipping-Marktforschung"},"content":{"rendered":"<h1 class=\"wp-block-heading\">Dropshipping-Marktforschung<\/h1>\n\n\n\n<figure class=\"gb-block-image gb-block-image-fa79c40a\"><img loading=\"lazy\" decoding=\"async\" width=\"1456\" height=\"816\" class=\"gb-image gb-image-fa79c40a\" src=\"https:\/\/www.sisinternational.com\/wp-content\/uploads\/2025\/08\/Dropshipping-2.jpg\" alt=\"SIS International Marktforschung &amp; Strategie\" title=\"Dropshipping (2)\" srcset=\"https:\/\/www.sisinternational.com\/wp-content\/uploads\/2025\/08\/Dropshipping-2.jpg 1456w, https:\/\/www.sisinternational.com\/wp-content\/uploads\/2025\/08\/Dropshipping-2-300x168.jpg 300w, https:\/\/www.sisinternational.com\/wp-content\/uploads\/2025\/08\/Dropshipping-2-1024x574.jpg 1024w, https:\/\/www.sisinternational.com\/wp-content\/uploads\/2025\/08\/Dropshipping-2-768x430.jpg 768w, https:\/\/www.sisinternational.com\/wp-content\/uploads\/2025\/08\/Dropshipping-2-18x10.jpg 18w\" sizes=\"auto, (max-width: 1456px) 100vw, 1456px\"><\/figure>\n\n\n\n<hr class=\"wp-block-separator has-alpha-channel-opacity is-style-dots\"\/>\n\n\n\n<p>Durch eine umfassende Dropshipping-Marktforschung k\u00f6nnen Unternehmen vermeiden, in ges\u00e4ttigte M\u00e4rkte einzusteigen, die Bed\u00fcrfnisse der Verbraucher falsch einzusch\u00e4tzen und letztlich ihre Ziele in der hart umk\u00e4mpften E-Commerce-Landschaft zu verfehlen.<\/p>\n\n\n\n<p>In der heutigen dynamischen Gesch\u00e4ftswelt suchen Unternehmer st\u00e4ndig nach innovativen Methoden, um ihre Betriebsabl\u00e4ufe zu optimieren und ihre Rentabilit\u00e4t zu maximieren. Dropshipping hat sich als bahnbrechende Neuerung erwiesen und traditionelle Einzelhandelsmodelle revolutioniert. Aber wie k\u00f6nnen Unternehmen das volle Potenzial von Dropshipping aussch\u00f6pfen und die besten Produkte und M\u00e4rkte finden, von denen sie profitieren k\u00f6nnen? Die Antwort ist in der Regel eine Marktforschung zum Thema Dropshipping.<\/p>\n\n\n\n<h2 class=\"wp-block-heading\">Was ist Dropshipping-Marktforschung? Warum ist sie wichtig?<\/h2>\n\n\n\n<p>Bei der Dropshipping-Marktforschung geht es darum, umsetzbare Erkenntnisse zu sammeln, um fundierte Entscheidungen bez\u00fcglich Produktauswahl, Preisstrategien, Zielgruppenidentifizierung und Marktpositionierung in diesem Markt zu treffen. Durch den Einsatz datengesteuerter Forschungsmethoden k\u00f6nnen Unternehmen Risiken mindern, lukrative Gelegenheiten erkennen und ihre Dropshipping-Aktivit\u00e4ten f\u00fcr nachhaltiges Wachstum optimieren.<\/p>\n\n\n\n<p>Es dient als Grundlage f\u00fcr erfolgreiche Dropshipping-Projekte. Durch das Verst\u00e4ndnis der Marktdynamik und der Verbraucherpr\u00e4ferenzen k\u00f6nnen Unternehmer ihre Angebote so anpassen, dass sie die Nachfrage effektiv erf\u00fcllen, Lagerrisiken minimieren und die Kundenzufriedenheit steigern.<\/p>\n\n\n\n<p>Dar\u00fcber hinaus bietet eine gr\u00fcndliche Dropshipping-Marktforschung eine F\u00fclle von Vorteilen f\u00fcr Unternehmen, die im E-Commerce-Bereich erfolgreich sein m\u00f6chten, darunter:<\/p>\n\n\n\n<ul class=\"wp-block-list\">\n<li><strong>Informierte Entscheidungsfindung:<\/strong> Durch die Analyse von Markttrends und Verbraucherverhalten k\u00f6nnen Unternehmen strategische Entscheidungen hinsichtlich Produktauswahl, Preisgestaltung und Marketingstrategien treffen.<\/li>\n\n\n\n<li><strong>Risikominderung:<\/strong> Durch Marktforschung lassen sich potenzielle Fallstricke und Herausforderungen erkennen, sodass Unternehmen Risiken mindern und ihre Strategien entsprechend proaktiv anpassen k\u00f6nnen.<\/li>\n\n\n\n<li><strong>Wettbewerbsvorteil:<\/strong> Wenn Unternehmen die Strategien ihrer Wettbewerber und Marktl\u00fccken verstehen, k\u00f6nnen sie sich von der Konkurrenz abheben und mit einzigartigen Wertangeboten Kunden anlocken.<\/li>\n\n\n\n<li><strong>Optimierte Marketingbem\u00fchungen:<\/strong> Durch die Identifizierung der demografischen Merkmale, Vorlieben und Schwachstellen ihrer Zielgruppe k\u00f6nnen Unternehmen ihre Marketingkampagnen f\u00fcr maximale Effektivit\u00e4t ma\u00dfschneidern.<\/li>\n\n\n\n<li><strong>Verbesserte Kundenzufriedenheit:<\/strong> Indem Unternehmen Produkte anbieten, die den Vorlieben und Erwartungen der Verbraucher entsprechen, k\u00f6nnen sie f\u00fcr ein besseres Kundenerlebnis sorgen und so die Kundentreue und Folgek\u00e4ufe f\u00f6rdern.<\/li>\n<\/ul>\n\n\n\n<h2 class=\"wp-block-heading\">Wer nutzt Dropshipping-Marktforschung?<\/h2>\n\n\n\n<ul class=\"wp-block-list\">\n<li>Entrepreneurs and Individuals looking to start dropshipping businesses rely on <a href=\"https:\/\/www.sisinternational.com\/de\/non-profit-market-research\/\" title=\"Non-Profit-Marktforschung\"  data-wpil-monitor-id=\"1005\">market research to identify profitable<\/a> niches, select in-demand products, and develop effective marketing strategies.<\/li>\n\n\n\n<li>Kleine und mittlere Unternehmen (KMU) nutzen Marktforschung, um durch das Verst\u00e4ndnis der Marktdynamik, der Verbraucherpr\u00e4ferenzen und der Strategien der Konkurrenz mit bedeutenderen Akteuren zu konkurrieren.<\/li>\n\n\n\n<li><a href=\"https:\/\/www.sisinternational.com\/de\/sachverstand\/branchen\/e-commerce-marktforschung\/\" title=\"E-Commerce Marktforschung\"  data-wpil-monitor-id=\"6784\">E-commerce Platforms utilize market research<\/a> to optimize their offerings, attract sellers, and enhance the overall shopping experience for customers.<\/li>\n\n\n\n<li>Manufacturers and <a href=\"https:\/\/www.sisinternational.com\/de\/sachverstand\/branchen\/marktforschung-zur-lieferantenvielfalt\/\" title=\"Marktforschung zur Lieferantenvielfalt\"  data-wpil-monitor-id=\"5797\">Suppliers rely on market research<\/a> to understand market demand, pricing trends, and distribution channels.<\/li>\n\n\n\n<li>Digitalagenturen nutzen Marktforschung, um gezielte Werbekampagnen zu entwickeln, SEO-Strategien zu optimieren und die Konversionsraten ihrer Kunden zu verbessern.<\/li>\n<\/ul>\n\n\n\n<h2 class=\"wp-block-heading\">Wann sollte eine Dropshipping-Marktforschung durchgef\u00fchrt werden?<\/h2>\n\n\n\n<figure class=\"gb-block-image gb-block-image-ed73d99f\"><img loading=\"lazy\" decoding=\"async\" width=\"1456\" height=\"816\" class=\"gb-image gb-image-ed73d99f\" src=\"https:\/\/www.sisinternational.com\/wp-content\/uploads\/2025\/08\/Dropshipping-3.jpg\" alt=\"SIS International Marktforschung &amp; Strategie\" title=\"Dropshipping (3)\" srcset=\"https:\/\/www.sisinternational.com\/wp-content\/uploads\/2025\/08\/Dropshipping-3.jpg 1456w, https:\/\/www.sisinternational.com\/wp-content\/uploads\/2025\/08\/Dropshipping-3-300x168.jpg 300w, https:\/\/www.sisinternational.com\/wp-content\/uploads\/2025\/08\/Dropshipping-3-1024x574.jpg 1024w, https:\/\/www.sisinternational.com\/wp-content\/uploads\/2025\/08\/Dropshipping-3-768x430.jpg 768w, https:\/\/www.sisinternational.com\/wp-content\/uploads\/2025\/08\/Dropshipping-3-18x10.jpg 18w\" sizes=\"auto, (max-width: 1456px) 100vw, 1456px\"><\/figure>\n\n\n\n<p><\/p>\n\n\n\n<p>Die Marktforschung zum Thema Dropshipping sollte ein fortlaufender Prozess sein, es gibt jedoch kritische Zeiten, in denen sie besonders wichtig ist:<\/p>\n\n\n\n<ul class=\"wp-block-list\">\n<li><strong>Vor der Gr\u00fcndung eines Unternehmens:<\/strong> Vor dem Start eines Dropshipping-Gesch\u00e4fts ist eine gr\u00fcndliche Marktforschung unerl\u00e4sslich. Sie kann dabei helfen, tragf\u00e4hige Produktnischen zu identifizieren, die Marktnachfrage zu verstehen und die Konkurrenz einzusch\u00e4tzen.<\/li>\n\n\n\n<li><strong>Bei der Erweiterung von Produktlinien:<\/strong> Bevor Unternehmen neue Produkte in ihr Inventar aufnehmen, sollten sie Marktforschung betreiben, um die Nachfrage zu ermitteln, die Konkurrenz einzusch\u00e4tzen und sicherzustellen, dass sie auf ihre Zielgruppe abgestimmt sind.<\/li>\n\n\n\n<li><strong>W\u00e4hrend saisonaler Trends:<\/strong> Insbesondere w\u00e4hrend saisonaler Spitzenzeiten sollten regelm\u00e4\u00dfig Marktforschungen durchgef\u00fchrt werden, um aufkommende Trends zu nutzen, Preisstrategien anzupassen und die Marketingbem\u00fchungen zu optimieren.<\/li>\n\n\n\n<li><strong>Als Reaktion auf Ver\u00e4nderungen auf dem Markt:<\/strong> External factors such as shifts in consumer behavior, regulatory changes, or technological advancements may necessitate updated <a href=\"https:\/\/www.sisinternational.com\/de\/hartford-connecticut-stadtentwicklung\/\" title=\"Marktforschung in Hartford, Connecticut\"  data-wpil-monitor-id=\"7319\">market research to adapt strategies<\/a> accordingly.<\/li>\n\n\n\n<li><strong>Vor dem Skalieren:<\/strong> Bevor Unternehmen ihre Gesch\u00e4ftst\u00e4tigkeit ausweiten, sollten sie Marktforschung betreiben, um neue Marktsegmente zu identifizieren, die Skalierbarkeit zu bewerten und die Logistik der Lieferkette zu optimieren.<\/li>\n<\/ul>\n\n\n\n<h2 class=\"wp-block-heading\">Erwartete Ergebnisse der Dropshipping-Marktforschungsdienste von SIS International<\/h2>\n\n\n\n<p>SIS International bietet umfassende Dropshipping-Marktforschungsdienste an, um umsetzbare Erkenntnisse zu liefern und das Gesch\u00e4ftswachstum voranzutreiben. Hier sind die erwarteten Ergebnisse, die Unternehmen erwarten k\u00f6nnen:<\/p>\n\n\n\n<ul class=\"wp-block-list\">\n<li><strong>Detaillierte Marktanalyse:<\/strong> SIS International f\u00fchrt gr\u00fcndliche Marktanalysen durch und vermittelt Unternehmen ein tiefes Verst\u00e4ndnis der Branchentrends, des Verbraucherverhaltens und der Strategien der Wettbewerber.<\/li>\n\n\n\n<li><strong>Einblicke in die Zielgruppe:<\/strong> Durch den Einsatz moderner Forschungsmethoden liefert SIS gezielte Einblicke in die Zielgruppe, einschlie\u00dflich demografischer Daten, Vorlieben und Kaufverhalten, sodass Unternehmen ihre Angebote effektiv anpassen k\u00f6nnen.<\/li>\n\n\n\n<li><strong>Wettbewerbsintelligenz:<\/strong> Die Forschung von SIS International umfasst Wettbewerbsinformationen und liefert Unternehmen wertvolle Informationen \u00fcber Angebote, Preisstrategien und Marktpositionierung der Konkurrenz.<\/li>\n\n\n\n<li><strong>Anleitung zur Produktauswahl:<\/strong> Mit der Beratung von SIS International k\u00f6nnen Unternehmen fundierte Entscheidungen bei der Produktauswahl treffen und Produkte mit hoher Nachfrage, optimalen Gewinnspannen und geringer Konkurrenz identifizieren.<\/li>\n\n\n\n<li><strong>Optimized <\/strong><a href=\"https:\/\/www.sisinternational.com\/de\/losungen\/ai-marktforschung-und-strategieberatung\/marktforschung-zur-gesichtserkennung\/\" title=\"Marktforschung zur Gesichtserkennung\"  data-wpil-monitor-id=\"2037\">Marketing Strategies: Armed with SIS&#8217;s research<\/a> findings, businesses can develop and implement optimized marketing strategies to reach their target audience effectively and drive conversion rates.<\/li>\n<\/ul>\n\n\n\n<h2 class=\"wp-block-heading\">Prominente Akteure auf dem Dropshipping-Markt<\/h2>\n\n\n\n<figure class=\"gb-block-image gb-block-image-72465249\"><img loading=\"lazy\" decoding=\"async\" width=\"1456\" height=\"816\" class=\"gb-image gb-image-72465249\" src=\"https:\/\/www.sisinternational.com\/wp-content\/uploads\/2025\/08\/Dropshipping-1.jpg\" alt=\"SIS International Marktforschung &amp; Strategie\" title=\"Dropshipping (1)\" srcset=\"https:\/\/www.sisinternational.com\/wp-content\/uploads\/2025\/08\/Dropshipping-1.jpg 1456w, https:\/\/www.sisinternational.com\/wp-content\/uploads\/2025\/08\/Dropshipping-1-300x168.jpg 300w, https:\/\/www.sisinternational.com\/wp-content\/uploads\/2025\/08\/Dropshipping-1-1024x574.jpg 1024w, https:\/\/www.sisinternational.com\/wp-content\/uploads\/2025\/08\/Dropshipping-1-768x430.jpg 768w, https:\/\/www.sisinternational.com\/wp-content\/uploads\/2025\/08\/Dropshipping-1-18x10.jpg 18w\" sizes=\"auto, (max-width: 1456px) 100vw, 1456px\"><\/figure>\n\n\n\n<p><\/p>\n\n\n\n<p>Mehrere wichtige Akteure dominieren den Dropshipping-Markt, pr\u00e4gen seine Dynamik und beeinflussen Branchentrends. Zu den f\u00fchrenden Akteuren geh\u00f6ren:<\/p>\n\n\n\n<ul class=\"wp-block-list\">\n<li><strong>Shopify:<\/strong> Als eine der f\u00fchrenden E-Commerce-Plattformen bietet Shopify eine robuste Infrastruktur f\u00fcr Dropshipping-Unternehmen und bietet Funktionen wie Produktmanagement, Auftragsabwicklung und integrierte Zahlungsl\u00f6sungen.<\/li>\n\n\n\n<li><strong>AliExpress:<\/strong> AliExpress ist ein beliebter Online-Marktplatz der Alibaba Group und eine Anlaufstelle f\u00fcr Dropshipping-Unternehmen, die eine breite Produktpalette beziehen m\u00f6chten. Er bietet wettbewerbsf\u00e4hige Preise und weltweite Versandoptionen.<\/li>\n\n\n\n<li><strong>Amazonas:<\/strong> Mit seinem riesigen Produktkatalog und seinem umfangreichen Fulfillment-Netzwerk bleibt Amazon eine dominierende Kraft im Dropshipping-Markt. Dies bietet Unternehmen die M\u00f6glichkeit, seine Plattform f\u00fcr die Produktbeschaffung und -abwicklung zu nutzen.<\/li>\n\n\n\n<li><strong>Oberlo:<\/strong> Als in Shopify integrierte Plattform vereinfacht Oberlo den Dropshipping-Prozess, indem es Unternehmen erm\u00f6glicht, Produkte direkt von Lieferanten zu finden und zu importieren, die Auftragsabwicklung zu optimieren und Lagerbest\u00e4nde nahtlos zu verfolgen.<\/li>\n\n\n\n<li><strong>Druckvoll:<\/strong> Printful ist auf Print-on-Demand und kundenspezifische Waren spezialisiert und erm\u00f6glicht Unternehmen, personalisierte Produkte mit minimalen Vorlaufkosten zu erstellen und zu verkaufen, was es zu einer attraktiven Option f\u00fcr Dropshipping-Unternehmer macht.<\/li>\n<\/ul>\n\n\n\n<h2 class=\"wp-block-heading\">In dieser Marktforschung genutzte Technologien und Tools<\/h2>\n\n\n\n<p>In the fast-paced world of dropshipping, leveraging advanced technologies and tools is essential for conducting adequate market research and staying ahead of the competition. Here are some key technologies and tools utilized in <a href=\"https:\/\/www.sisinternational.com\/de\/sachverstand\/branchen\/medizintechnik-medtech-marktforschung\/\" title=\"Marktforschung f\u00fcr Medizintechnik (Med Tech)\"  data-wpil-monitor-id=\"4221\">Dropshipping-Marktforschung<\/a>:<\/p>\n\n\n\n<ul class=\"wp-block-list\">\n<li><strong>Datenanalyseplattformen:<\/strong> Fortschrittliche Datenanalyseplattformen wie Google Analytics, Kissmetrics und Mixpanel liefern wertvolle Einblicke in den Website-Verkehr, das Nutzerverhalten und die Konvertierungsmetriken und helfen Unternehmen dabei, ihre Online-Pr\u00e4senz und Marketingbem\u00fchungen zu optimieren.<\/li>\n\n\n\n<li><strong>E-Commerce-Plattformen und Plugins:<\/strong> E-Commerce-Plattformen wie Shopify, WooCommerce und Magento bieten integrierte Funktionen und Plug-Ins, die speziell f\u00fcr Dropshipping-Unternehmen entwickelt wurden, darunter Bestandsverwaltung, Auftragsabwicklung und automatisierte Fulfillment-L\u00f6sungen.<\/li>\n\n\n\n<li><strong>Tools zur \u00dcberwachung sozialer Medien:<\/strong> Plattformen wie Hootsuite, Sprout Social und Buffer erm\u00f6glichen es Unternehmen, Social-Media-Kan\u00e4le zu \u00fcberwachen, Markenerw\u00e4hnungen zu verfolgen und das Engagement des Publikums zu analysieren, was gezielte Marketingkampagnen und Kundeninteraktionen erm\u00f6glicht.<\/li>\n\n\n\n<li><strong>Umfrage- und Feedback-Tools:<\/strong> Qualtrics erm\u00f6glicht es Unternehmen, Kundenfeedback zu sammeln, Marktforschungsumfragen durchzuf\u00fchren und umsetzbare Erkenntnisse zu gewinnen, die f\u00fcr die Produktentwicklung und Marketingstrategien hilfreich sind.<\/li>\n<\/ul>\n\n\n\n<h2 class=\"wp-block-heading\">Gelegenheiten<\/h2>\n\n\n\n<p>Die Erforschung des Dropshipping-Marktes er\u00f6ffnet Unternehmen die M\u00f6glichkeit, erfolgreich zu sein und ihre Reichweite in der E-Commerce-Landschaft zu erweitern. Hier sind einige wichtige M\u00f6glichkeiten:<\/p>\n\n\n\n<ul class=\"wp-block-list\">\n<li><strong>Skalierbarkeit und Wachstumspotenzial:<\/strong> Mit der richtigen Marktforschung und strategischen Planung k\u00f6nnen Dropshipping-Unternehmen ihre Betriebsabl\u00e4ufe rasch skalieren, indem sie automatisierte Prozesse nutzen, Aufgaben auslagern und ihre Produktlinien erweitern, um neue Chancen zu nutzen und nachhaltiges Wachstum zu erzielen.<\/li>\n\n\n\n<li><strong>Innovative Marketingstrategien:<\/strong> Mithilfe von Dropshipping-Marktforschung k\u00f6nnen Unternehmen kreative Marketingstrategien entwickeln, etwa durch Partnerschaften mit Influencern, Content-Marketing und Werbung in sozialen Medien, um ihre Zielgruppen effektiv anzusprechen und Konversionen zu erzielen.<\/li>\n\n\n\n<li><strong>Diversifizierung der Einnahmequellen:<\/strong> Durch die Nutzung der Dropshipping-Marktforschung zur Identifizierung erg\u00e4nzender Produktlinien und strategischer Partnerschaften k\u00f6nnen Unternehmen ihre Einnahmequellen diversifizieren und die Risiken mindern, die mit der Abh\u00e4ngigkeit von einem einzelnen Produkt oder Marktsegment verbunden sind.<\/li>\n<\/ul>\n\n\n\n<h2 class=\"wp-block-heading\">Wie die Dropshipping-Marktforschungsdienste von SIS International Unternehmen helfen<\/h2>\n\n\n\n<p>Die umfassenden Dropshipping-Marktforschungsdienste von SIS International sind auf die spezifischen Bed\u00fcrfnisse und Herausforderungen von Unternehmen zugeschnitten, die im E-Commerce-Bereich t\u00e4tig sind. So kann SIS International Unternehmen dabei unterst\u00fctzen:<\/p>\n\n\n\n<ul class=\"wp-block-list\">\n<li><strong>Ma\u00dfgeschneiderter Forschungsansatz:<\/strong> SIS International entwickelt individuelle Forschungsmethoden, die auf die individuellen Ziele jedes Kunden zugeschnitten sind, und stellt sicher, dass die gewonnenen Erkenntnisse relevant, umsetzbar und auf die Gesch\u00e4ftsziele ausgerichtet sind.<\/li>\n\n\n\n<li><strong>Branchenexpertise:<\/strong> Dank umfassender Erfahrung in Marktforschung und E-Commerce verf\u00fcgt unser Expertenteam \u00fcber fundierte Kenntnisse der Branchentrends, des Verbraucherverhaltens und der Wettbewerbsdynamik und kann seinen Kunden wertvolle Erkenntnisse und strategische Empfehlungen liefern.<\/li>\n\n\n\n<li><strong>Globale Reichweite:<\/strong> Durch die globale Pr\u00e4senz von SIS erhalten Unternehmen Zugriff auf Erkenntnisse aus unterschiedlichen M\u00e4rkten und demografischen Gruppen und k\u00f6nnen so fundierte Entscheidungen treffen und Expansionsstrategien auf nationalen und internationalen M\u00e4rkten entwickeln.<\/li>\n\n\n\n<li><strong>Erweiterte Analysen:<\/strong> Durch den Einsatz moderner Datenanalysetools und -techniken liefern wir fundierte Analysen der Markttrends, Verbraucherpr\u00e4ferenzen und Strategien der Konkurrenz. So k\u00f6nnen Unternehmen Wachstumschancen erkennen und Risiken wirksam mindern.<\/li>\n\n\n\n<li><strong>Umsetzbare Erkenntnisse:<\/strong> SIS International \u00fcbersetzt Forschungsergebnisse in umsetzbare Erkenntnisse und strategische Empfehlungen und erm\u00f6glicht Unternehmen so, fundierte Entscheidungen zu treffen, Betriebsabl\u00e4ufe zu optimieren und das Wachstum im wettbewerbsintensiven Dropshipping-Markt voranzutreiben.<\/li>\n\n\n\n<li><strong>Langfristige Partnerschaft:<\/strong> SIS legt Wert auf den Aufbau langfristiger Partnerschaften mit seinen Kunden und bietet kontinuierliche Unterst\u00fctzung, Beratung und Fachkompetenz, um Unternehmen dabei zu helfen, die Herausforderungen des Marktes zu meistern, Chancen zu nutzen und ihre Ziele zu erreichen.<\/li>\n<\/ul>\n\n\n\n<p><\/p>","protected":false},"excerpt":{"rendered":"<p>Durch Dropshipping-Marktforschung werden Erkenntnisse gewonnen, die fundierte Entscheidungen zu Produkten, Preisen, Zielgruppenidentifizierung und Positionierung erm\u00f6glichen.<\/p>","protected":false},"author":1,"featured_media":64794,"parent":14514,"menu_order":441,"comment_status":"closed","ping_status":"closed","template":"","meta":{"footnotes":""},"class_list":["post-47328","page","type-page","status-publish","has-post-thumbnail"],"_links":{"self":[{"href":"https:\/\/www.sisinternational.com\/de\/wp-json\/wp\/v2\/pages\/47328","targetHints":{"allow":["GET"]}}],"collection":[{"href":"https:\/\/www.sisinternational.com\/de\/wp-json\/wp\/v2\/pages"}],"about":[{"href":"https:\/\/www.sisinternational.com\/de\/wp-json\/wp\/v2\/types\/page"}],"author":[{"embeddable":true,"href":"https:\/\/www.sisinternational.com\/de\/wp-json\/wp\/v2\/users\/1"}],"replies":[{"embeddable":true,"href":"https:\/\/www.sisinternational.com\/de\/wp-json\/wp\/v2\/comments?post=47328"}],"version-history":[{"count":12,"href":"https:\/\/www.sisinternational.com\/de\/wp-json\/wp\/v2\/pages\/47328\/revisions"}],"predecessor-version":[{"id":80966,"href":"https:\/\/www.sisinternational.com\/de\/wp-json\/wp\/v2\/pages\/47328\/revisions\/80966"}],"up":[{"embeddable":true,"href":"https:\/\/www.sisinternational.com\/de\/wp-json\/wp\/v2\/pages\/14514"}],"wp:featuredmedia":[{"embeddable":true,"href":"https:\/\/www.sisinternational.com\/de\/wp-json\/wp\/v2\/media\/64794"}],"wp:attachment":[{"href":"https:\/\/www.sisinternational.com\/de\/wp-json\/wp\/v2\/media?parent=47328"}],"curies":[{"name":"wp","href":"https:\/\/api.w.org\/{rel}","templated":true}]}}