{"id":47316,"date":"2024-04-10T20:29:02","date_gmt":"2024-04-11T00:29:02","guid":{"rendered":"https:\/\/www.sisinternational.com\/?page_id=47316"},"modified":"2026-01-24T16:48:12","modified_gmt":"2026-01-24T21:48:12","slug":"strategische-roadmap-beratung","status":"publish","type":"page","link":"https:\/\/www.sisinternational.com\/de\/losungen\/strategieberatung\/strategische-roadmap-beratung\/","title":{"rendered":"Strategische Roadmap-Beratung"},"content":{"rendered":"<h1 class=\"wp-block-heading\">Strategische Roadmap-Beratung<\/h1>\n\n\n\n<figure class=\"gb-block-image gb-block-image-4708480d\"><img loading=\"lazy\" decoding=\"async\" width=\"1456\" height=\"816\" class=\"gb-image gb-image-4708480d\" src=\"https:\/\/www.sisinternational.com\/wp-content\/uploads\/2025\/08\/Strategy-consulting-2.jpg\" alt=\"SIS International Marktforschung &amp; Strategie\" title=\"Strategy consulting (2)\" srcset=\"https:\/\/www.sisinternational.com\/wp-content\/uploads\/2025\/08\/Strategy-consulting-2.jpg 1456w, https:\/\/www.sisinternational.com\/wp-content\/uploads\/2025\/08\/Strategy-consulting-2-300x168.jpg 300w, https:\/\/www.sisinternational.com\/wp-content\/uploads\/2025\/08\/Strategy-consulting-2-1024x574.jpg 1024w, https:\/\/www.sisinternational.com\/wp-content\/uploads\/2025\/08\/Strategy-consulting-2-768x430.jpg 768w, https:\/\/www.sisinternational.com\/wp-content\/uploads\/2025\/08\/Strategy-consulting-2-18x10.jpg 18w\" sizes=\"auto, (max-width: 1456px) 100vw, 1456px\"><\/figure>\n\n\n\n<hr class=\"wp-block-separator has-alpha-channel-opacity is-style-dots\"\/>\n\n\n\n<p>Um in der sich st\u00e4ndig weiterentwickelnden Gesch\u00e4ftswelt an der Spitze zu bleiben, reicht es nicht aus, auf Marktver\u00e4nderungen zu reagieren. Es erfordert einen proaktiven und strategischen Ansatz. Deshalb ist die strategische Roadmap-Beratung ein leistungsstarkes Tool, das Unternehmen dabei unterst\u00fctzt, die Komplexit\u00e4t zu bew\u00e4ltigen, Chancen zu nutzen und ihre langfristigen Ziele mit Klarheit und Zuversicht zu erreichen.<\/p>\n\n\n\n<h2 class=\"wp-block-heading\">Was ist strategische Roadmap-Beratung?<\/h2>\n\n\n\n<p>Bei der strategischen Roadmap-Beratung geht es darum, eine klare und umsetzbare Roadmap zu entwickeln, die den Weg einer Organisation von ihrem aktuellen Zustand zu ihrem gew\u00fcnschten zuk\u00fcnftigen Zustand lenkt. Sie umfasst eine Reihe strategischer Initiativen, Meilensteine und Leistungskennzahlen (KPIs), die auf die \u00fcbergeordneten Ziele und Vorgaben der Organisation abgestimmt sind.<\/p>\n\n\n\n<p>Durch einen kollaborativen und iterativen Prozess unterst\u00fctzt die Beratung Unternehmen dabei, Initiativen zu priorisieren, Ressourcen effektiv zuzuweisen und sich an ver\u00e4nderte Marktdynamiken anzupassen, um nachhaltiges Wachstum und Wettbewerbsvorteile zu erzielen.<\/p>\n\n\n\n<h2 class=\"wp-block-heading\">Warum brauchen Unternehmen eine strategische Roadmap-Beratung?<\/h2>\n\n\n\n<p><a href=\"https:\/\/www.sisinternational.com\/de\/losungen\/strategieberatung\/strategische-beschaffung\/\" title=\"Strategische Beschaffungsberatung\"  data-wpil-monitor-id=\"6542\">Strategic roadmap consulting<\/a> provides businesses with a clear direction and focus by defining their long-term vision and outlining the steps needed to achieve it. This way, businesses can ensure alignment across teams and departments, fostering a collective sense of purpose and direction.<\/p>\n\n\n\n<p>Dar\u00fcber hinaus hilft diese Beratung Unternehmen dabei, Risiken vorherzusehen und zu mindern, indem sie potenzielle Hindernisse identifiziert und Notfallpl\u00e4ne entwickelt, um diese proaktiv anzugehen. Durch die systematische Bewertung von Risiken und Unsicherheiten k\u00f6nnen Unternehmen Hindernisse effektiver umschiffen und Betriebsunterbrechungen minimieren.<\/p>\n\n\n\n<p>Dar\u00fcber hinaus hilft diese Beratung Unternehmen bei der Optimierung ihrer Ressourcenzuweisung, indem sie Initiativen auf der Grundlage ihrer potenziellen Auswirkungen und strategischen Bedeutung priorisiert. Unternehmen k\u00f6nnen fundierte Entscheidungen \u00fcber die Ressourcenzuweisung treffen und so sicherstellen, dass Ressourcen den Initiativen zugewiesen werden, die den h\u00f6chsten Return on Investment bieten. Es bringt jedoch noch weitere zus\u00e4tzliche Vorteile mit sich, darunter:<\/p>\n\n\n\n<ul class=\"wp-block-list\">\n<li><strong>Klare Vision und Ausrichtung:<\/strong> Ein gut entwickelter strategischer Fahrplan bietet Unternehmen eine klare Vision ihrer zuk\u00fcnftigen Ausrichtung und Ziele.<\/li>\n\n\n\n<li><strong>Priorisierung und Fokussierung:<\/strong> Durch Beratung k\u00f6nnen Unternehmen Initiativen priorisieren und Ressourcen effektiv zuweisen.<\/li>\n\n\n\n<li><strong>Risikomanagement und -minimierung:<\/strong> By conducting thorough risk assessments and scenario planning, <a href=\"https:\/\/www.sisinternational.com\/de\/venezuela-oil-mining-industry-potential-strategic-forecast-2026-2036\/\" title=\"Venezuela Oil &amp; Mining Industry Potential: Strategic Forecast 2026-2036\"  data-wpil-monitor-id=\"1303\">Strategische Roadmap-Beratung<\/a> enables businesses to identify potential risks and develop mitigation strategies.<\/li>\n\n\n\n<li><strong>Verbesserte Entscheidungsfindung:<\/strong> Durch diese Beratung erhalten Unternehmen die Daten und Erkenntnisse, die sie f\u00fcr fundierte Entscheidungen ben\u00f6tigen.<\/li>\n\n\n\n<li><strong>Verbesserte Ausf\u00fchrung und Rechenschaftspflicht:<\/strong> Ein gut definierter strategischer Fahrplan beinhaltet klare Meilensteine, Zeitpl\u00e4ne und Ma\u00dfnahmen zur Rechenschaftspflicht und erleichtert so die effektive Umsetzung und Fortschrittsverfolgung.<\/li>\n<\/ul>\n\n\n\n<h2 class=\"wp-block-heading\">Wer nutzt diese Beratung?<\/h2>\n\n\n\n<p>Gro\u00dfe Unternehmen nutzen diese Beratung h\u00e4ufig, um ihren Kurs f\u00fcr Wachstum, Innovation und Marktexpansion festzulegen. Diese Unternehmen k\u00f6nnen ihre Betriebseffizienz steigern, ihre Wettbewerbsf\u00e4higkeit verbessern und neue Marktchancen nutzen.<\/p>\n\n\n\n<p>Startups und Scaleups profitieren von dieser Beratung, wenn sie die Herausforderungen von Wachstum und Skalierbarkeit meistern. Durch die Entwicklung einer klaren Roadmap f\u00fcr Produktentwicklung, Markteintritt und Kundengewinnung k\u00f6nnen diese Unternehmen ihren Wachstumskurs beschleunigen, Investitionen anziehen und eine solide Grundlage f\u00fcr langfristigen Erfolg schaffen.<\/p>\n\n\n\n<p>Auch gemeinn\u00fctzige Organisationen nutzen Beratung, um ihre sozialen und missionsorientierten Ziele zu erreichen. Sie k\u00f6nnen ihre Wirkung maximieren, die Ressourcenzuweisung optimieren und in ihren Gemeinschaften sinnvolle Ver\u00e4nderungen vorantreiben.<\/p>\n\n\n\n<p>Regierungsbeh\u00f6rden nutzen Beratung, um komplexe gesellschaftliche Herausforderungen anzugehen, die wirtschaftliche Entwicklung voranzutreiben und \u00f6ffentliche Dienstleistungen zu verbessern. Durch die Entwicklung strategischer Pl\u00e4ne, die die Bed\u00fcrfnisse der B\u00fcrger, politische Ziele und Budgetbeschr\u00e4nkungen in den Vordergrund stellen, k\u00f6nnen diese Organisationen der \u00d6ffentlichkeit effektivere und effizientere Dienstleistungen bieten.<\/p>\n\n\n\n<h2 class=\"wp-block-heading\">Wann sollte eine strategische Roadmap-Beratung durchgef\u00fchrt werden?<\/h2>\n\n\n\n<figure class=\"gb-block-image gb-block-image-4b7489b3\"><img loading=\"lazy\" decoding=\"async\" width=\"1456\" height=\"816\" class=\"gb-image gb-image-4b7489b3\" src=\"https:\/\/www.sisinternational.com\/wp-content\/uploads\/2025\/08\/Strategy-consulting-6.jpg\" alt=\"SIS International Marktforschung &amp; Strategie\" title=\"Strategy consulting (6)\" srcset=\"https:\/\/www.sisinternational.com\/wp-content\/uploads\/2025\/08\/Strategy-consulting-6.jpg 1456w, https:\/\/www.sisinternational.com\/wp-content\/uploads\/2025\/08\/Strategy-consulting-6-300x168.jpg 300w, https:\/\/www.sisinternational.com\/wp-content\/uploads\/2025\/08\/Strategy-consulting-6-1024x574.jpg 1024w, https:\/\/www.sisinternational.com\/wp-content\/uploads\/2025\/08\/Strategy-consulting-6-768x430.jpg 768w, https:\/\/www.sisinternational.com\/wp-content\/uploads\/2025\/08\/Strategy-consulting-6-18x10.jpg 18w\" sizes=\"auto, (max-width: 1456px) 100vw, 1456px\"><\/figure>\n\n\n\n<p><\/p>\n\n\n\n<p>Um die Wirksamkeit und Wirkung der Beratung zu einem strategischen Fahrplan zu maximieren, ist es entscheidend, den idealen Zeitpunkt daf\u00fcr zu bestimmen. Hier sind einige wichtige \u00dcberlegungen:<\/p>\n\n\n\n<ul class=\"wp-block-list\">\n<li><strong>Strategische Wendepunkte:<\/strong> Unternehmen sollten an strategischen Wendepunkten, wie etwa bei gro\u00dfen Ver\u00e4nderungen im Marktumfeld, disruptiven Technologien oder \u00c4nderungen im regulatorischen Umfeld, eine strategische Roadmap-Beratung in Betracht ziehen. Diese Wendepunkte bergen oft sowohl Chancen als auch Risiken, weshalb es f\u00fcr Unternehmen unerl\u00e4sslich ist, ihre Strategien zu \u00fcberdenken und entsprechend anzupassen.<\/li>\n\n\n\n<li><strong>Phasen des Gesch\u00e4ftslebenszyklus:<\/strong> In verschiedenen Phasen des Gesch\u00e4ftslebenszyklus kann eine Beratung erforderlich sein. Startups k\u00f6nnen beispielsweise strategische Planungen durchf\u00fchren, um ihre Wachstumsstrategien zu definieren und die Finanzierung zu sichern, w\u00e4hrend etablierte Unternehmen regelm\u00e4\u00dfige \u00dcberpr\u00fcfungen durchf\u00fchren, um ihre Strategien an ver\u00e4nderte Marktbedingungen und Gesch\u00e4ftspriorit\u00e4ten anzupassen.<\/li>\n\n\n\n<li><strong>Marktst\u00f6rungen oder Unsicherheit:<\/strong> Bei Marktst\u00f6rungen, wirtschaftlicher Unsicherheit oder Branchenumbr\u00fcchen k\u00f6nnen Unternehmen von einer strategischen Roadmap-Beratung profitieren, um Herausforderungen zu meistern, neue Chancen zu erkennen und sich f\u00fcr langfristigen Erfolg zu positionieren. Proaktive Planung in turbulenten Zeiten kann Unternehmen helfen, Risiken zu mindern und Marktver\u00e4nderungen zu nutzen.<\/li>\n\n\n\n<li><strong>Produkteinf\u00fchrungen oder Serviceeinf\u00fchrungen:<\/strong> Unternehmen, die die Einf\u00fchrung neuer Produkte, Dienstleistungen oder Marktangebote planen, k\u00f6nnen von einer Beratung profitieren, um eine erfolgreiche Markteinf\u00fchrung sicherzustellen. Durch die Entwicklung umfassender Markteinf\u00fchrungsstrategien, Produkt-Roadmaps und Kundenakquisitionspl\u00e4ne k\u00f6nnen Unternehmen die Wirkung ihrer neuen Angebote maximieren und sich einen Wettbewerbsvorteil auf dem Markt verschaffen.<\/li>\n\n\n\n<li><strong>Organisatorische \u00dcberg\u00e4nge oder Umstrukturierungen:<\/strong> In Zeiten organisatorischer Ver\u00e4nderungen, wie etwa bei Fusionen, \u00dcbernahmen oder F\u00fchrungswechseln, kann eine Unternehmensberatung Unternehmen dabei helfen, ihre Strategien neu auszurichten, unterschiedliche Systeme und Kulturen zu integrieren und eine klare Richtung f\u00fcr das fusionierte Unternehmen festzulegen.<\/li>\n<\/ul>\n\n\n\n<h2 class=\"wp-block-heading\">Erwartete Ergebnisse der strategischen Roadmap-Beratung von SIS International<\/h2>\n\n\n\n<p>Die Beauftragung von SIS International mit der strategischen Roadmap-Beratung kann mehrere erwartete Ergebnisse bringen:<\/p>\n\n\n\n<ul class=\"wp-block-list\">\n<li><strong>Klare Richtung und Ausrichtung:<\/strong> SIS International arbeitet eng mit Kunden zusammen, um eine klare strategische Ausrichtung zu entwickeln und die Ausrichtung im gesamten Unternehmen sicherzustellen. Durch die Moderation strategischer Workshops, die Durchf\u00fchrung von Stakeholder-Interviews und die Analyse von Markttrends hilft SIS International Unternehmen dabei, ihre Vision zu artikulieren, ihre Ziele zu definieren und einen zusammenh\u00e4ngenden Fahrplan zu erstellen, der die Entscheidungsfindung leitet und die Ausrichtung des Unternehmens vorantreibt.<\/li>\n\n\n\n<li><strong>Informierte Entscheidungsfindung:<\/strong> SIS liefert seinen Kunden umsetzbare Erkenntnisse und datengest\u00fctzte Empfehlungen f\u00fcr strategische Entscheidungen. Durch umfassende Beratung, Wettbewerbsanalysen und Branchen-Benchmarking stattet SIS International Unternehmen mit den Informationen aus, die sie ben\u00f6tigen, um Wachstumschancen zu erkennen, Risiken zu minimieren und fundierte Entscheidungen zu treffen, die ihre langfristigen Ziele unterst\u00fctzen.<\/li>\n\n\n\n<li><strong>Verbesserte Agilit\u00e4t und Anpassungsf\u00e4higkeit:<\/strong> Mit der Beratung von SIS International k\u00f6nnen Unternehmen flexibler und anpassungsf\u00e4higer auf sich \u00e4ndernde Marktdynamiken und Wettbewerbsdruck reagieren. Durch den Einsatz agiler Methoden, iterativer Planungsprozesse und Szenarioplanungstechniken hilft SIS International seinen Kunden, Ver\u00e4nderungen vorherzusehen, Unsicherheiten zu bew\u00e4ltigen und ihre Strategien effektiv anzupassen, um immer einen Schritt voraus zu sein.<\/li>\n\n\n\n<li><strong>Optimierte Ressourcenzuweisung:<\/strong> SIS International unterst\u00fctzt Kunden bei der Optimierung der Ressourcenzuweisung und der Priorisierung strategischer Initiativen zur Maximierung des Return on Investment (ROI). Durch gr\u00fcndliche Finanzanalysen, Ressourcenoptimierungsmodelle und Portfoliomanagementtechniken hilft SIS International Unternehmen dabei, Ressourcen strategisch zuzuweisen, Verschwendung zu minimieren und sicherzustellen, dass Ressourcen effizient eingesetzt werden, um wichtige strategische Priorit\u00e4ten zu unterst\u00fctzen.<\/li>\n<\/ul>\n\n\n\n<h2 class=\"wp-block-heading\">M\u00f6glichkeiten in der strategischen Roadmap-Beratung<\/h2>\n\n\n\n<p>Die strategische Roadmap-Beratung bietet Unternehmen zahlreiche M\u00f6glichkeiten, erfolgreich zu sein und ihre Ziele zu erreichen:<\/p>\n\n\n\n<ul class=\"wp-block-list\">\n<li><strong>Optimierte Ressourcenzuweisung:<\/strong> Diese Beratung unterst\u00fctzt Unternehmen bei der Optimierung der Ressourcenzuweisung \u2013 sowohl finanziell als auch personell.<\/li>\n\n\n\n<li><strong>Verbesserte Stakeholder-Ausrichtung:<\/strong> Eine effektive Beratung f\u00f6rdert die Abstimmung und Zusammenarbeit zwischen den Beteiligten in der Organisation.<\/li>\n\n\n\n<li><strong>Agilit\u00e4t und Anpassungsf\u00e4higkeit:<\/strong> Durch die strategische Roadmap-Beratung k\u00f6nnen Unternehmen flexibler und anpassungsf\u00e4higer auf sich \u00e4ndernde Marktbedingungen und Kundenbed\u00fcrfnisse reagieren.<\/li>\n\n\n\n<li><strong>Messbare Ergebnisse und Verantwortlichkeit:<\/strong> Durch Beratung k\u00f6nnen Unternehmen klare Kennzahlen und KPIs festlegen, um den Erfolg ihrer strategischen Initiativen zu messen.<\/li>\n<\/ul>\n\n\n\n<h2 class=\"wp-block-heading\">Wie die strategische Roadmap-Beratung von SIS International Unternehmen hilft<\/h2>\n\n\n\n<p>SIS International bietet umfassende Beratungsdienste f\u00fcr strategische Roadmaps an, die Unternehmen dabei unterst\u00fctzen, ihre langfristigen Ziele sicher zu erreichen und sich in komplexen Marktlandschaften zurechtzufinden. So kann Ihr Unternehmen von unserer Expertise profitieren:<\/p>\n\n\n\n<ul class=\"wp-block-list\">\n<li><strong>Ma\u00dfgeschneiderter Ansatz:<\/strong> Bei SIS International wissen wir, dass jedes Unternehmen einzigartig ist und seine eigenen Herausforderungen, Chancen und Ziele hat. Unsere Beratungsleistungen sind auf die spezifischen Bed\u00fcrfnisse und Ziele jedes Kunden zugeschnitten und stellen sicher, dass unsere Empfehlungen mit der Vision, Mission und den Werten Ihres Unternehmens \u00fcbereinstimmen.<\/li>\n\n\n\n<li><strong>Datengesteuerte Erkenntnisse:<\/strong> Our team of experienced <a href=\"https:\/\/www.sisinternational.com\/de\/b2b\/\" title=\"Cost-Effective and Actionable Insights to Drive Your Next Strategic Move\"  data-wpil-monitor-id=\"1497\">consultants<\/a> leverages a data-driven approach to strategic planning, drawing insights from market research, industry analysis, and competitive intelligence to inform decision-making. By combining qualitative and quantitative data, we provide actionable insights that enable businesses to make informed strategic decisions and stay ahead of the competition.<\/li>\n\n\n\n<li><strong>Kollaborativer Prozess:<\/strong> Wir legen Wert darauf, die Zusammenarbeit und Partnerschaft mit unseren Kunden w\u00e4hrend des gesamten strategischen Planungsprozesses zu f\u00f6rdern. Unsere Berater arbeiten eng mit den wichtigsten Stakeholdern der Organisation zusammen, um Input zu sammeln, Feedback einzuholen und die Ausrichtung auf strategische Priorit\u00e4ten und Ziele sicherzustellen.<\/li>\n\n\n\n<li><strong>Agile Methoden:<\/strong> In today&#8217;s rapidly evolving business environment, agility is essential for success. Our <a href=\"https:\/\/www.sisinternational.com\/de\/losungen\/sis-globales-wachstum\/strategische-planungsberatung\/\" title=\"Strategische Planungsberatung\"  data-wpil-monitor-id=\"6373\">Strategische Roadmap-Beratung<\/a> services incorporate agile methodologies and iterative planning processes to enable businesses to adapt quickly to changing market conditions, customer preferences, and competitive pressures.<\/li>\n\n\n\n<li><strong>Messbare Ergebnisse:<\/strong> Bei SIS International sind wir davon \u00fcberzeugt, dass wir unseren Kunden messbare Ergebnisse und greifbare Resultate liefern. Wir arbeiten eng mit Unternehmen zusammen, um klare Ziele zu definieren, Key Performance Indicators (KPIs) festzulegen und Leistungsmesssysteme zu entwickeln, mit denen wir den Fortschritt verfolgen und den Erfolg bewerten k\u00f6nnen.<\/li>\n<\/ul>\n\n\n\n<p><\/p>","protected":false},"excerpt":{"rendered":"<p>Bei der strategischen Roadmap-Beratung geht es um die Erstellung einer Roadmap f\u00fcr den Weg einer Organisation vom gegenw\u00e4rtigen zum zuk\u00fcnftigen Zustand.<\/p>","protected":false},"author":1,"featured_media":62545,"parent":14567,"menu_order":48,"comment_status":"closed","ping_status":"closed","template":"","meta":{"footnotes":""},"class_list":["post-47316","page","type-page","status-publish","has-post-thumbnail"],"_links":{"self":[{"href":"https:\/\/www.sisinternational.com\/de\/wp-json\/wp\/v2\/pages\/47316","targetHints":{"allow":["GET"]}}],"collection":[{"href":"https:\/\/www.sisinternational.com\/de\/wp-json\/wp\/v2\/pages"}],"about":[{"href":"https:\/\/www.sisinternational.com\/de\/wp-json\/wp\/v2\/types\/page"}],"author":[{"embeddable":true,"href":"https:\/\/www.sisinternational.com\/de\/wp-json\/wp\/v2\/users\/1"}],"replies":[{"embeddable":true,"href":"https:\/\/www.sisinternational.com\/de\/wp-json\/wp\/v2\/comments?post=47316"}],"version-history":[{"count":11,"href":"https:\/\/www.sisinternational.com\/de\/wp-json\/wp\/v2\/pages\/47316\/revisions"}],"predecessor-version":[{"id":80124,"href":"https:\/\/www.sisinternational.com\/de\/wp-json\/wp\/v2\/pages\/47316\/revisions\/80124"}],"up":[{"embeddable":true,"href":"https:\/\/www.sisinternational.com\/de\/wp-json\/wp\/v2\/pages\/14567"}],"wp:featuredmedia":[{"embeddable":true,"href":"https:\/\/www.sisinternational.com\/de\/wp-json\/wp\/v2\/media\/62545"}],"wp:attachment":[{"href":"https:\/\/www.sisinternational.com\/de\/wp-json\/wp\/v2\/media?parent=47316"}],"curies":[{"name":"wp","href":"https:\/\/api.w.org\/{rel}","templated":true}]}}