{"id":47313,"date":"2024-04-10T20:32:27","date_gmt":"2024-04-11T00:32:27","guid":{"rendered":"https:\/\/www.sisinternational.com\/?page_id=47313"},"modified":"2026-03-25T00:45:41","modified_gmt":"2026-03-25T04:45:41","slug":"b2b-markenbekanntheitsmarktforschung","status":"publish","type":"page","link":"https:\/\/www.sisinternational.com\/de\/losungen\/b2b-marktforschung\/b2b-markenbekanntheitsmarktforschung\/","title":{"rendered":"B2B-Marktforschung zur Markenbekanntheit"},"content":{"rendered":"<h1 class=\"wp-block-heading\">B2B-Marktforschung zur Markenbekanntheit<\/h1>\n\n\n\n<figure class=\"gb-block-image gb-block-image-e7d6f7bc\"><img loading=\"lazy\" decoding=\"async\" width=\"1456\" height=\"816\" class=\"gb-image gb-image-e7d6f7bc\" src=\"https:\/\/www.sisinternational.com\/wp-content\/uploads\/2025\/08\/B2Bjpg-5.jpg\" alt=\"SIS International Marktforschung &amp; Strategie\" title=\"B2Bjpg (5)\" srcset=\"https:\/\/www.sisinternational.com\/wp-content\/uploads\/2025\/08\/B2Bjpg-5.jpg 1456w, https:\/\/www.sisinternational.com\/wp-content\/uploads\/2025\/08\/B2Bjpg-5-300x168.jpg 300w, https:\/\/www.sisinternational.com\/wp-content\/uploads\/2025\/08\/B2Bjpg-5-1024x574.jpg 1024w, https:\/\/www.sisinternational.com\/wp-content\/uploads\/2025\/08\/B2Bjpg-5-768x430.jpg 768w, https:\/\/www.sisinternational.com\/wp-content\/uploads\/2025\/08\/B2Bjpg-5-18x10.jpg 18w\" sizes=\"auto, (max-width: 1456px) 100vw, 1456px\"><\/figure>\n\n\n\n<hr class=\"wp-block-separator has-alpha-channel-opacity is-style-dots\"\/>\n\n\n\n<p>Im riesigen Gesch\u00e4ftsumfeld von Business-to-Business-Transaktionen (B2B), in denen Marken in einem Meer von Wettbewerbern um Aufmerksamkeit buhlen, ist ein entscheidender Aspekt von gr\u00f6\u00dfter Bedeutung: Markenbekanntheit. Wie also stellen Unternehmen sicher, dass ihre Marke potenziellen Kunden und Partnern in Erinnerung bleibt? Diese Frage bildet den Eckpfeiler der Marktforschung zur B2B-Markenbekanntheit, einer strategischen Forschung, die aufdeckt, wie B2B-Marken an Sichtbarkeit, Bekanntheit und letztlich an Erfolg gewinnen.<\/p>\n\n\n\n<h2 class=\"wp-block-heading\">Was ist B2B-Markenbekanntheitsmarktforschung?<\/h2>\n\n\n\n<p class=\"p1\">Die Marktforschung zur B2B-Markenbekanntheit konzentriert sich auf das Verst\u00e4ndnis und die Quantifizierung der Sichtbarkeit, Bekanntheit und Wahrnehmung einer Marke innerhalb des B2B-\u00d6kosystems. Sie umfasst eine Reihe von Methoden, darunter Umfragen, Interviews, Fokusgruppen und Datenanalysen, die alle darauf abzielen, Aufschluss dar\u00fcber zu geben, wie eine Marke von ihrer Zielgruppe, ihren Wettbewerbern und Branchenteilnehmern wahrgenommen wird.<\/p>\n\n\n\n<h2 class=\"wp-block-heading\">Warum ben\u00f6tigen Unternehmen Marktforschung zur B2B-Markenbekanntheit?<\/h2>\n\n\n\n<p><a href=\"https:\/\/www.sisinternational.com\/de\/komplexitat-des-b2b-marketings\/\" title=\"Was ist B2B-Marketing?\"  data-wpil-monitor-id=\"2225\">B2B brand awareness market<\/a> research provides insights into how a business&#8217;s brand awareness compares to its competitors, allowing for a nuanced understanding of its competitive positioning. By identifying areas of strength and weakness, companies can develop targeted strategies to differentiate themselves and gain a competitive edge.<\/p>\n\n\n\n<p>Diese Marktforschung liefert au\u00dferdem wertvolle Einblicke in die Vorlieben, Verhaltensweisen und Bed\u00fcrfnisse ihrer B2B-Zielgruppe. Mit diesem Wissen k\u00f6nnen Unternehmen ihre Marketingbem\u00fchungen so anpassen, dass sie bei ihrer Zielgruppe Anklang finden, ihr Wertversprechen effektiv kommunizieren und Markenbekanntheit und -engagement steigern.<\/p>\n\n\n\n<p>Zus\u00e4tzlich, <a href=\"https:\/\/www.sisinternational.com\/de\/schaffung-einer-globalen-marke-fur-china\/\" title=\"Aufbau chinesischer Marken\"  data-wpil-monitor-id=\"3654\">building a strong brand<\/a> requires a strategic approach grounded in data and insights. Mrket research helps businesses understand how key stakeholders, including clients, partners, and industry influencers perceive their brand. By identifying gaps between desired <a href=\"https:\/\/www.sisinternational.com\/de\/packagings-role-in-brand-trust-why-your-box-matters-more-than-you-think\/\" title=\"Packaging&#8217;s Role in Brand Trust: Why Your Box Matters More Than You Think\"  data-wpil-monitor-id=\"1477\">brand image and perceived brand image, businesses can develop targeted brand-building initiatives to align perception with intention, strengthening their brand equity and fostering trust<\/a> and loyalty among stakeholders.<\/p>\n\n\n\n<h2 class=\"wp-block-heading\">Welche zus\u00e4tzlichen Vorteile bietet die B2B-Markenbekanntheitsmarktforschung?<\/h2>\n\n\n\n<figure class=\"gb-block-image gb-block-image-6294edda\"><img loading=\"lazy\" decoding=\"async\" width=\"1456\" height=\"816\" class=\"gb-image gb-image-6294edda\" src=\"https:\/\/www.sisinternational.com\/wp-content\/uploads\/2025\/08\/B2Bjpg-1.jpg\" alt=\"SIS International Marktforschung &amp; Strategie\" title=\"B2Bjpg (1)\" srcset=\"https:\/\/www.sisinternational.com\/wp-content\/uploads\/2025\/08\/B2Bjpg-1.jpg 1456w, https:\/\/www.sisinternational.com\/wp-content\/uploads\/2025\/08\/B2Bjpg-1-300x168.jpg 300w, https:\/\/www.sisinternational.com\/wp-content\/uploads\/2025\/08\/B2Bjpg-1-1024x574.jpg 1024w, https:\/\/www.sisinternational.com\/wp-content\/uploads\/2025\/08\/B2Bjpg-1-768x430.jpg 768w, https:\/\/www.sisinternational.com\/wp-content\/uploads\/2025\/08\/B2Bjpg-1-18x10.jpg 18w\" sizes=\"auto, (max-width: 1456px) 100vw, 1456px\"><\/figure>\n\n\n\n<p><\/p>\n\n\n\n<p>B2B <a href=\"https:\/\/www.sisinternational.com\/de\/stellen-sie-sicher-dass-sich-ihre-botschaft-an-die-kunden-erinnert\/\" title=\"Marktforschung zur Markenaktivierung\"  data-wpil-monitor-id=\"2271\">brand awareness market research<\/a> offers businesses many other benefits, empowering them to make informed decisions, strengthen their competitive advantage, and drive market growth. Here are some key benefits:<\/p>\n\n\n\n<ul class=\"wp-block-list\">\n<li><strong>Insight into <\/strong><a href=\"https:\/\/www.sisinternational.com\/de\/reifenmarkenmonitor-usa-deutschland-brasilien\/\" title=\"Reifenmarkenforschung in den USA, Deutschland und Brasilien\"  data-wpil-monitor-id=\"6613\">Brand Perception: This arket research<\/a> provides businesses with valuable insights into how key stakeholders, including clients, partners, and industry influencers perceive their brand.<\/li>\n\n\n\n<li><strong>Identifizierung von Marktchancen:<\/strong> Durch umfassende Marktforschung k\u00f6nnen Unternehmen ungenutzte Marktchancen und aufkommende Trends aufdecken, die m\u00f6glicherweise unbemerkt geblieben sind.<\/li>\n\n\n\n<li><strong>Optimierung von Marketingstrategien:<\/strong> Mithilfe dieser Marktanalyse k\u00f6nnen Unternehmen ihre Marketingstrategien optimieren, indem sie Einblicke in die Vorlieben, Verhaltensweisen und Bed\u00fcrfnisse ihrer B2B-Zielgruppe gewinnen.<\/li>\n\n\n\n<li><strong>Verbesserung des Wettbewerbsvorteils:<\/strong> Durch Vergleichen der Bekanntheit ihrer Marke mit der Konkurrenz und Branchenbenchmarks k\u00f6nnen Unternehmen St\u00e4rken und Schw\u00e4chen erkennen und Strategien entwickeln, um sich auf dem Markt zu differenzieren.<\/li>\n\n\n\n<li><strong>Measurement of <\/strong><a href=\"https:\/\/www.sisinternational.com\/de\/losungen\/branding-und-kundenforschungslosungen\/markendifferenzierung-marktforschung\/\" title=\"Marktforschung zur Markendifferenzierung\"  data-wpil-monitor-id=\"2845\">Marketing Effectiveness: B2B brand awareness market research<\/a> provides businesses with the tools and metrics needed to measure the effectiveness of their marketing efforts.<\/li>\n<\/ul>\n\n\n\n<h2 class=\"wp-block-heading\">Wer nutzt B2B-Markenbekanntheits-Marktforschung?<\/h2>\n\n\n\n<p>Business Owners and Executives rely on B2B <a href=\"https:\/\/www.sisinternational.com\/de\/sachverstand\/branchen\/marktforschung-fur-alternde-marken\/\" title=\"Marktforschung f\u00fcr alternde Marken\"  data-wpil-monitor-id=\"3698\">brand awareness market research<\/a> to understand their brand&#8217;s perception in the marketplace and its impact on business performance. By leveraging insights from brand awareness research, they can make strategic decisions to strengthen their brand&#8217;s competitive advantage, drive growth, and achieve their business objectives.<\/p>\n\n\n\n<p>Vertriebs- und Gesch\u00e4ftsentwicklungsteams nutzen Marktforschung, um ihre Verkaufsstrategien zu verbessern und M\u00f6glichkeiten zu identifizieren, den Ruf und die Glaubw\u00fcrdigkeit der Marke zu nutzen, um neue Gesch\u00e4fte zu gewinnen. Wenn sie verstehen, wie potenzielle Kunden und Partner die Marke wahrnehmen, k\u00f6nnen sie ihre Verkaufsgespr\u00e4che, Pr\u00e4sentationen und Vorschl\u00e4ge an die Bed\u00fcrfnisse und Vorlieben der Kunden anpassen und so die Konversion und das Umsatzwachstum steigern.<\/p>\n\n\n\n<p>Investors and Stakeholders leverage <a href=\"https:\/\/www.sisinternational.com\/de\/b2b-markenpositionierung-und-verfolgung\/\" title=\"B2B-Marktpositionierung und Markenforschung\"  data-wpil-monitor-id=\"4314\">B2B brand awareness market research<\/a> to assess the strength and value of a business&#8217;s brand as part of their investment decision-making process. By evaluating brand perception, market positioning, and competitive advantage, they can gauge the potential risks and opportunities associated with investing in a particular business or industry, informing their investment strategies and portfolio management decisions.<\/p>\n\n\n\n<h2 class=\"wp-block-heading\">Wann sollte diese Marktforschung durchgef\u00fchrt werden?<\/h2>\n\n\n\n<p>Determining the optimal timing to conduct B2B <a href=\"https:\/\/www.sisinternational.com\/de\/sachverstand\/branchen\/markenmarktforschung\/\" title=\"Markenmarktforschung\"  data-wpil-monitor-id=\"6726\">brand awareness market research<\/a> is essential for maximizing its effectiveness and impact. Here are some key considerations for deciding when to initiate brand awareness research:<\/p>\n\n\n\n<ul class=\"wp-block-list\">\n<li><strong>Markteintritt oder -erweiterung:<\/strong> When entering a new market or expanding into new segments or geographies, businesses should conduct <a href=\"https:\/\/www.sisinternational.com\/de\/abdeckung\/die-amerikaner\/marktforschung-kanada\/marktforschung-nova-scotia-kanada\/\" title=\"Marktforschung in Nova Scotia\"  data-wpil-monitor-id=\"4629\">brand<\/a> awareness research to understand how target audiences perceive their brand in the new market. By gaining insights into local market dynamics, competitor activities, and customer preferences, businesses can tailor their market entry strategies to effectively establish their brand presence and gain traction in the new market.<\/li>\n\n\n\n<li><strong>Produkteinf\u00fchrung oder Serviceeinf\u00fchrung:<\/strong> Vor der Einf\u00fchrung eines neuen Produkts oder einer neuen Dienstleistung sollten Unternehmen eine Markenbekanntheitsstudie durchf\u00fchren, um die potenzielle Aufnahmebereitschaft der Zielgruppe f\u00fcr das neue Angebot einzusch\u00e4tzen. Durch die Messung der Markenbekanntheit, -wahrnehmung und -stimmung k\u00f6nnen Unternehmen effektiv M\u00f6glichkeiten zur Positionierung des neuen Produkts oder der neuen Dienstleistung identifizieren, potenzielle Bedenken oder Einw\u00e4nde ansprechen und Marketingstrategien optimieren, um Bekanntheit und Akzeptanz zu f\u00f6rdern.<\/li>\n\n\n\n<li><strong>Strategische Planung und Entscheidungsfindung:<\/strong> Brand awareness research should be conducted as part of strategic planning and decision-making processes, such as developing long-term growth strategies, evaluating <a href=\"https:\/\/www.sisinternational.com\/de\/losungen\/strategieberatung\/identifizierung-von-fusions-und-ubernahmezielen\/\" title=\"Fusions- und \u00dcbernahmeforschung\"  data-wpil-monitor-id=\"6953\">merger and acquisition<\/a> opportunities, or rebranding initiatives. By gaining insights into brand perception, competitive positioning, and market trends, businesses can make informed decisions that align with their strategic objectives and drive sustainable growth and success.<\/li>\n<\/ul>\n\n\n\n<h2 class=\"wp-block-heading\">Erwartete Ergebnisse der B2B-Markenbekanntheits-Marktforschung von SIS International<\/h2>\n\n\n\n<p>Partnering with SIS International for B2B brand <a href=\"https:\/\/www.sisinternational.com\/de\/brand-audit-in-new-york-the-complete-guide-to-strengthening-your-brand\/\" title=\"Brand Audit in New York: The Complete Guide to Strengthening Your Brand\"  data-wpil-monitor-id=\"1372\">awareness market research<\/a> yields valuable outcomes and actionable insights that empower businesses to strengthen their competitive advantage, enhance their brand positioning, and drive growth in the marketplace. Here are some expected results from SIS International&#8217;s <a href=\"https:\/\/www.sisinternational.com\/de\/was-ist-offentlichkeitsarbeit\/\" title=\"\u00d6ffentlichkeitsarbeit und Marktforschung\"  data-wpil-monitor-id=\"7406\">brand awareness market research<\/a> Dienstleistungen:<\/p>\n\n\n\n<ul class=\"wp-block-list\">\n<li><strong>Comprehensive Understanding of <\/strong><a href=\"https:\/\/www.sisinternational.com\/de\/wahrnehmungen-in-b2b-markten-nutzen\/\" title=\"B2B Stakeholder-Marktforschung\"  data-wpil-monitor-id=\"2688\">Brand Perception: SIS&#8217;s brand awareness market research<\/a> provides businesses with a thorough understanding of how key stakeholders, including clients, partners, and industry influencers perceive their brand.<\/li>\n\n\n\n<li><strong>Identifikation von Wettbewerbsvorteilen:<\/strong> Durch Vergleiche mit Wettbewerbern und Branchenbenchmarks unterst\u00fctzt die Marktforschung von SIS International zur Markenbekanntheit Unternehmen bei der Identifizierung ihrer Wettbewerbsvorteile und Verbesserungsbereiche.<\/li>\n\n\n\n<li><strong>Insights for Targeted <\/strong><a href=\"https:\/\/www.sisinternational.com\/de\/so-konnen-sie-ihr-geschaft-ausbauen\/\" title=\"So k\u00f6nnen Sie Ihr Gesch\u00e4ft ausbauen\"  data-wpil-monitor-id=\"7268\">Marketing Strategies: Our brand awareness market research<\/a> equips businesses with insights into the preferences, behaviors, and needs of their target B2B audience.<\/li>\n\n\n\n<li><strong>Umsetzbare Empfehlungen zum Markenaufbau:<\/strong> Basierend auf Forschungsergebnissen und Erkenntnissen bietet SIS umsetzbare Empfehlungen f\u00fcr Markenaufbauinitiativen, die mit Gesch\u00e4ftszielen und Marktdynamik \u00fcbereinstimmen.<\/li>\n\n\n\n<li><strong>Messung und Verfolgung der Markenleistung:<\/strong> Wir bieten Kennzahlen und Tools zum Messen und Verfolgen der Markenleistung im Zeitverlauf.<\/li>\n<\/ul>\n\n\n\n<h2 class=\"wp-block-heading\">Chancen im B2B-Markenbekanntheitsmarkt<\/h2>\n\n\n\n<p>Der B2B-Markt f\u00fcr Markenbekanntheit bietet Unternehmen zahlreiche M\u00f6glichkeiten, ihre Markenpr\u00e4senz zu st\u00e4rken, sich von der Konkurrenz abzuheben und das Wachstum auf dem Markt voranzutreiben. Hier sind einige wichtige Chancen f\u00fcr Unternehmen im B2B-Markt f\u00fcr Markenbekanntheit:<\/p>\n\n\n\n<ul class=\"wp-block-list\">\n<li><a href=\"https:\/\/www.sisinternational.com\/de\/marktforschung-sharing-economy\/\" title=\"Marktforschung in der Sharing Economy\"  data-wpil-monitor-id=\"1927\">Thought Leadership and Expertise: B2B brand awareness<\/a> market research allows businesses to showcase their thought leadership and industry expertise to target audiences.<\/li>\n\n\n\n<li><strong>Verbesserung des Kundenerlebnisses:<\/strong> Businesses can leverage <a href=\"https:\/\/www.sisinternational.com\/de\/sis-markenforschung-und-kundenbindung\/\" title=\"Markenmarktforschung und Kundenbindung\"  data-wpil-monitor-id=\"2493\">brand awareness market research<\/a> to gain insights into customer preferences, behaviors, and pain points, enabling them to enhance the customer experience and build stronger relationships with clients and partners.<\/li>\n\n\n\n<li><a href=\"https:\/\/www.sisinternational.com\/de\/billigflieger-in-der-luftfahrtindustrie\/\" title=\"Marktforschung f\u00fcr Billigflieger\"  data-wpil-monitor-id=\"7618\">Global Expansion and Market Penetration: Market research<\/a> provides businesses with valuable insights into international markets, enabling them to identify opportunities for global expansion and market penetration.<\/li>\n\n\n\n<li><strong>M\u00f6glichkeiten f\u00fcr Partnerschaften und Zusammenarbeit:<\/strong> Durch B2B-Marktforschung zur Markenbekanntheit k\u00f6nnen M\u00f6glichkeiten zur Partnerschaft und Zusammenarbeit mit erg\u00e4nzenden Unternehmen, Branchen-Influencern und strategischen Partnern aufgedeckt werden.<\/li>\n<\/ul>\n\n\n\n<h2 class=\"wp-block-heading\">Wie die Marktforschungsdienste von SIS International zur Markenbekanntheit Unternehmen helfen<\/h2>\n\n\n\n<p><a href=\"https:\/\/www.sisinternational.com\/de\/ostern-und-der-unvermeidliche-schokoladenhase\/\" title=\"Ostermarktforschung\"  data-wpil-monitor-id=\"3618\">SIS International offers comprehensive brand awareness market<\/a> research services designed to empower businesses with actionable insights and strategic guidance to enhance their brand presence, differentiate themselves from competitors, and drive growth in the marketplace. Here are some ways in which SIS International&#8217;s brand awareness market research services can benefit businesses:<\/p>\n\n\n\n<ul class=\"wp-block-list\">\n<li><strong>Ma\u00dfgeschneiderter Forschungsansatz:<\/strong> SIS takes a tailored approach to <a href=\"https:\/\/www.sisinternational.com\/de\/losungen\/ai-marktforschung-und-strategieberatung\/marktforschung-zur-gesichtserkennung\/\" title=\"Marktforschung zur Gesichtserkennung\"  data-wpil-monitor-id=\"2041\">Markenbekanntheit<\/a> market research, customizing research methodologies and techniques to suit the unique objectives, challenges, and market dynamics of each client. We leverage various research methods to gather comprehensive insights into brand perception, awareness, and sentiment, enabling businesses to make informed decisions and drive results.<\/li>\n\n\n\n<li><strong>Fachkenntnisse und Branchenkenntnisse:<\/strong> Dank jahrzehntelanger Erfahrung in der Marktforschung und einem Team erfahrener Fachleute mit branchen- und sektor\u00fcbergreifendem Fachwissen bringt SIS einzigartige Erkenntnisse und Branchenkenntnisse in jedes Markenbekanntheitsforschungsprojekt ein.<\/li>\n\n\n\n<li><strong>Globale Reichweite und Lokalisierung:<\/strong> Mit einem weltweiten Netzwerk von Niederlassungen und Partnern auf mehreren Kontinenten und in mehreren Regionen bietet SIS International Unternehmen die M\u00f6glichkeit, Markenbekanntheitsforschung auf globaler Ebene durchzuf\u00fchren. Die Experten von SIS liefern wertvolle Erkenntnisse und lokalisierte Strategien, um mit kulturellen Nuancen, sprachlichen Unterschieden und gesetzlichen Anforderungen umzugehen. So k\u00f6nnen sie eine starke Markenpr\u00e4senz aufbauen und das Wachstum \u00fcber Grenzen hinweg vorantreiben.<\/li>\n\n\n\n<li><strong>Messung und Verfolgung:<\/strong> Die Marktforschung von SIS International zur Markenbekanntheit umfasst Kennzahlen und Tools zur Messung und Verfolgung der Markenleistung im Zeitverlauf. Durch die \u00dcberwachung wichtiger Leistungsindikatoren wie Markenbekanntheit, -wahrnehmung und -stimmung k\u00f6nnen Unternehmen die Auswirkungen ihrer Markenaufbaubem\u00fchungen beurteilen, den Fortschritt im Hinblick auf Ziele verfolgen und datengesteuerte Entscheidungen treffen, um ihre Markenstrategien zu optimieren und langfristigen Erfolg auf dem Markt zu erzielen.<\/li>\n<\/ul>","protected":false},"excerpt":{"rendered":"<p>Die Marktforschung zur B2B-Markenbekanntheit misst die Sichtbarkeit, Bekanntheit und Wahrnehmung einer Marke im B2B-\u00d6kosystem.<\/p>","protected":false},"author":1,"featured_media":62383,"parent":11292,"menu_order":36,"comment_status":"closed","ping_status":"closed","template":"","meta":{"footnotes":""},"class_list":["post-47313","page","type-page","status-publish","has-post-thumbnail"],"_links":{"self":[{"href":"https:\/\/www.sisinternational.com\/de\/wp-json\/wp\/v2\/pages\/47313","targetHints":{"allow":["GET"]}}],"collection":[{"href":"https:\/\/www.sisinternational.com\/de\/wp-json\/wp\/v2\/pages"}],"about":[{"href":"https:\/\/www.sisinternational.com\/de\/wp-json\/wp\/v2\/types\/page"}],"author":[{"embeddable":true,"href":"https:\/\/www.sisinternational.com\/de\/wp-json\/wp\/v2\/users\/1"}],"replies":[{"embeddable":true,"href":"https:\/\/www.sisinternational.com\/de\/wp-json\/wp\/v2\/comments?post=47313"}],"version-history":[{"count":27,"href":"https:\/\/www.sisinternational.com\/de\/wp-json\/wp\/v2\/pages\/47313\/revisions"}],"predecessor-version":[{"id":81241,"href":"https:\/\/www.sisinternational.com\/de\/wp-json\/wp\/v2\/pages\/47313\/revisions\/81241"}],"up":[{"embeddable":true,"href":"https:\/\/www.sisinternational.com\/de\/wp-json\/wp\/v2\/pages\/11292"}],"wp:featuredmedia":[{"embeddable":true,"href":"https:\/\/www.sisinternational.com\/de\/wp-json\/wp\/v2\/media\/62383"}],"wp:attachment":[{"href":"https:\/\/www.sisinternational.com\/de\/wp-json\/wp\/v2\/media?parent=47313"}],"curies":[{"name":"wp","href":"https:\/\/api.w.org\/{rel}","templated":true}]}}